{"id":2245403,"date":"2025-06-24T14:02:57","date_gmt":"2025-06-24T14:02:57","guid":{"rendered":"https:\/\/teguar.com\/eu\/product\/tp-4845-22\/"},"modified":"2026-01-02T19:06:08","modified_gmt":"2026-01-02T19:06:08","slug":"tp-4845-22","status":"publish","type":"product","link":"https:\/\/teguar.com\/eu\/de\/product\/tp-4845-22\/","title":{"rendered":"TP-4845-22"},"content":{"rendered":"<p>Der 22&#8243; Panel PC ist ein Sinnbild f\u00fcr Leistung. Angetrieben von einem Intel J6412 Quad-Core-Prozessor sorgt er f\u00fcr einen reibungslosen Betrieb mit Windows 11. Das integrierte WiFi 6 unterst\u00fctzt den Bedarf an industrieller Konnektivit\u00e4t. Das Geh\u00e4use aus Aluminiumdruckguss und die IP66-zertifizierte Frontblende sorgen f\u00fcr unersch\u00fctterlichen Schutz. Der TP-4845-22 verf\u00fcgt \u00fcber vielseitige E\/A-Optionen, die die Anpassungsf\u00e4higkeit verbessern. Der 22-Zoll-Panel-PC bietet sowohl projiziert-kapazitive als auch resistive Touchscreen-Optionen und ist eine optimale L\u00f6sung f\u00fcr industrielle Anwendungen, die robuste und zuverl\u00e4ssige Computer erfordern.     <\/p>\n","protected":false},"excerpt":{"rendered":"<p><a href=\"https:\/\/teguar.com\/eu\/de\/computer-fuer-die-industrielle-automatisierung\/\">Steuerungssysteme f\u00fcr die industrielle Automatisierung: <\/a>Das TP-4845 wird von einem Intel J6412 Quad-Core-Prozessor angetrieben, der einen nahtlosen Windows 11-Betrieb f\u00fcr eine pr\u00e4zise Steuerung in der industriellen Automatisierung gew\u00e4hrleistet. Mit einer b\u00fcndig abschlie\u00dfenden IP66-konformen Frontblende und integrierter WiFi 6-F\u00e4higkeit ist es ideal f\u00fcr industrielle Standardanwendungen. <\/p>\n<p><a href=\"https:\/\/teguar.com\/eu\/de\/fertigungs-computer\/\">\u00dcberwachung von Fertigungsprozessen:<\/a> Die TP-4845 Flush Mount Panel PC Serie eignet sich hervorragend f\u00fcr robuste Anwendungen in der Fertigung zur Prozess\u00fcberwachung. Mit einer vollst\u00e4ndig b\u00fcndig abschlie\u00dfenden Frontblende der Schutzklasse IP66 sorgt er f\u00fcr zuverl\u00e4ssige Leistung in Umgebungen mit Staub und Schmutz. Mit integriertem WiFi 6 bietet er Unterst\u00fctzung f\u00fcr Konnektivit\u00e4t.  <\/p>\n<p><a href=\"https:\/\/teguar.com\/eu\/machine-vision-computer\/\">Industrielle Bildverarbeitung und Qualit\u00e4tskontrolle:<\/a> Das TP-4845 mit dem Intel J6412 Quad-Core-Prozessor ist eine zuverl\u00e4ssige Wahl f\u00fcr die industrielle Bildverarbeitung und Qualit\u00e4tskontrolle. Es bietet einen nahtlosen Windows 11-Betrieb und integriertes WiFi 6 und eignet sich mit seiner b\u00fcndig abschlie\u00dfenden IP66-zertifizierten Frontblende f\u00fcr robuste Produktionsumgebungen. Es ist in verschiedenen Bildschirmgr\u00f6\u00dfen mit kapazitiven und resistiven Touch-Optionen erh\u00e4ltlich und bietet so Flexibilit\u00e4t f\u00fcr die Benutzerinteraktion.  <\/p>\n","protected":false},"featured_media":2245766,"template":"","meta":{"_acf_changed":false},"product_brand":[],"product_cat":[2826,2839],"product_tag":[4591,5420],"product_label":[],"class_list":{"0":"post-2245403","1":"product","2":"type-product","3":"status-publish","4":"has-post-thumbnail","6":"product_cat-hmi-panel","7":"product_cat-panel-pcs","8":"product_tag-cornerstone-series","9":"product_tag-tp-4845-series","10":"pa_windows-windows-10-iot","11":"pa_windows-windows-10-pro","12":"pa_windows-windows-11-pro","14":"first","15":"outofstock","16":"taxable","17":"shipping-taxable","18":"purchasable","19":"product-type-simple"},"composite_virtual":false,"composite_layout":"","composite_add_to_cart_form_location":"","composite_editable_in_cart":false,"composite_sold_individually_context":"","composite_shop_price_calc":"","composite_components":[],"composite_scenarios":[],"acf":[],"yoast_head":"<!-- This site is optimized with the Yoast SEO Premium plugin v26.8 (Yoast SEO v27.2) - https:\/\/yoast.com\/product\/yoast-seo-premium-wordpress\/ -->\n<title>22&quot; Panel PC | TP-4845-22<\/title>\n<meta name=\"description\" content=\"Der 22-Zoll-Panel-PC bietet zwei Touchscreen-Optionen und ist eine ideale L\u00f6sung f\u00fcr industrielle Anwendungen, die robuste und zuverl\u00e4ssige Computer erfordern.\" \/>\n<meta name=\"robots\" content=\"index, follow, max-snippet:-1, max-image-preview:large, max-video-preview:-1\" \/>\n<link rel=\"canonical\" href=\"https:\/\/teguar.com\/eu\/de\/product\/tp-4845-22\/\" \/>\n<meta property=\"og:locale\" content=\"de_DE\" \/>\n<meta property=\"og:type\" content=\"article\" \/>\n<meta property=\"og:title\" content=\"TP-4845-22\" \/>\n<meta property=\"og:description\" content=\"Der 22-Zoll-Panel-PC bietet zwei Touchscreen-Optionen und ist eine ideale L\u00f6sung f\u00fcr industrielle Anwendungen, die robuste und zuverl\u00e4ssige Computer erfordern.\" \/>\n<meta property=\"og:url\" content=\"https:\/\/teguar.com\/eu\/de\/product\/tp-4845-22\/\" \/>\n<meta property=\"og:site_name\" content=\"Teguar\" \/>\n<meta property=\"article:modified_time\" content=\"2026-01-02T19:06:08+00:00\" \/>\n<meta property=\"og:image\" content=\"https:\/\/teguar.com\/eu\/wp-content\/uploads\/sites\/2\/2023\/08\/22_Panel_PC_TP-4845-22_Front_Angle__56133.1703196825.1280.1280.jpg\" \/>\n\t<meta property=\"og:image:width\" content=\"750\" \/>\n\t<meta property=\"og:image:height\" content=\"565\" \/>\n\t<meta property=\"og:image:type\" content=\"image\/jpeg\" \/>\n<meta name=\"twitter:card\" content=\"summary_large_image\" \/>\n<meta name=\"twitter:label1\" content=\"Gesch\u00e4tzte Lesezeit\" \/>\n\t<meta name=\"twitter:data1\" content=\"1\u00a0Minute\" \/>\n<script type=\"application\/ld+json\" class=\"yoast-schema-graph\">{\"@context\":\"https:\/\/schema.org\",\"@graph\":[{\"@type\":\"WebPage\",\"@id\":\"https:\/\/teguar.com\/eu\/de\/product\/tp-4845-22\/\",\"url\":\"https:\/\/teguar.com\/eu\/de\/product\/tp-4845-22\/\",\"name\":\"22\\\" Panel PC | TP-4845-22\",\"isPartOf\":{\"@id\":\"https:\/\/teguar.com\/eu\/en\/#website\"},\"primaryImageOfPage\":{\"@id\":\"https:\/\/teguar.com\/eu\/de\/product\/tp-4845-22\/#primaryimage\"},\"image\":{\"@id\":\"https:\/\/teguar.com\/eu\/de\/product\/tp-4845-22\/#primaryimage\"},\"thumbnailUrl\":\"https:\/\/teguar.com\/eu\/wp-content\/uploads\/sites\/2\/2023\/08\/22_Panel_PC_TP-4845-22_Front_Angle__56133.1703196825.1280.1280.jpg\",\"datePublished\":\"2025-06-24T14:02:57+00:00\",\"dateModified\":\"2026-01-02T19:06:08+00:00\",\"description\":\"Der 22-Zoll-Panel-PC bietet zwei Touchscreen-Optionen und ist eine ideale L\u00f6sung f\u00fcr industrielle Anwendungen, die robuste und zuverl\u00e4ssige Computer erfordern.\",\"breadcrumb\":{\"@id\":\"https:\/\/teguar.com\/eu\/de\/product\/tp-4845-22\/#breadcrumb\"},\"inLanguage\":\"de\",\"potentialAction\":[{\"@type\":\"ReadAction\",\"target\":[\"https:\/\/teguar.com\/eu\/de\/product\/tp-4845-22\/\"]}]},{\"@type\":\"ImageObject\",\"inLanguage\":\"de\",\"@id\":\"https:\/\/teguar.com\/eu\/de\/product\/tp-4845-22\/#primaryimage\",\"url\":\"https:\/\/teguar.com\/eu\/wp-content\/uploads\/sites\/2\/2023\/08\/22_Panel_PC_TP-4845-22_Front_Angle__56133.1703196825.1280.1280.jpg\",\"contentUrl\":\"https:\/\/teguar.com\/eu\/wp-content\/uploads\/sites\/2\/2023\/08\/22_Panel_PC_TP-4845-22_Front_Angle__56133.1703196825.1280.1280.jpg\",\"width\":750,\"height\":565,\"caption\":\"22\\\" Panel PC TP-4845-22 Front Angle\"},{\"@type\":\"BreadcrumbList\",\"@id\":\"https:\/\/teguar.com\/eu\/de\/product\/tp-4845-22\/#breadcrumb\",\"itemListElement\":[{\"@type\":\"ListItem\",\"position\":1,\"name\":\"Home\",\"item\":\"https:\/\/teguar.com\/eu\/de\/\"},{\"@type\":\"ListItem\",\"position\":2,\"name\":\"TP-4845-22\"}]},{\"@type\":\"WebSite\",\"@id\":\"https:\/\/teguar.com\/eu\/en\/#website\",\"url\":\"https:\/\/teguar.com\/eu\/en\/\",\"name\":\"Teguar\",\"description\":\"Industrial PCs, Medical Computers, and Rugged Tablets\",\"potentialAction\":[{\"@type\":\"SearchAction\",\"target\":{\"@type\":\"EntryPoint\",\"urlTemplate\":\"https:\/\/teguar.com\/eu\/en\/?s={search_term_string}\"},\"query-input\":{\"@type\":\"PropertyValueSpecification\",\"valueRequired\":true,\"valueName\":\"search_term_string\"}}],\"inLanguage\":\"de\"}]}<\/script>\n<!-- \/ Yoast SEO Premium plugin. -->","yoast_head_json":{"title":"22\" Panel PC | TP-4845-22","description":"Der 22-Zoll-Panel-PC bietet zwei Touchscreen-Optionen und ist eine ideale L\u00f6sung f\u00fcr industrielle Anwendungen, die robuste und zuverl\u00e4ssige Computer erfordern.","robots":{"index":"index","follow":"follow","max-snippet":"max-snippet:-1","max-image-preview":"max-image-preview:large","max-video-preview":"max-video-preview:-1"},"canonical":"https:\/\/teguar.com\/eu\/de\/product\/tp-4845-22\/","og_locale":"de_DE","og_type":"article","og_title":"TP-4845-22","og_description":"Der 22-Zoll-Panel-PC bietet zwei Touchscreen-Optionen und ist eine ideale L\u00f6sung f\u00fcr industrielle Anwendungen, die robuste und zuverl\u00e4ssige Computer erfordern.","og_url":"https:\/\/teguar.com\/eu\/de\/product\/tp-4845-22\/","og_site_name":"Teguar","article_modified_time":"2026-01-02T19:06:08+00:00","og_image":[{"width":750,"height":565,"url":"https:\/\/teguar.com\/eu\/wp-content\/uploads\/sites\/2\/2023\/08\/22_Panel_PC_TP-4845-22_Front_Angle__56133.1703196825.1280.1280.jpg","type":"image\/jpeg"}],"twitter_card":"summary_large_image","twitter_misc":{"Gesch\u00e4tzte Lesezeit":"1\u00a0Minute"},"schema":{"@context":"https:\/\/schema.org","@graph":[{"@type":"WebPage","@id":"https:\/\/teguar.com\/eu\/de\/product\/tp-4845-22\/","url":"https:\/\/teguar.com\/eu\/de\/product\/tp-4845-22\/","name":"22\" Panel PC | TP-4845-22","isPartOf":{"@id":"https:\/\/teguar.com\/eu\/en\/#website"},"primaryImageOfPage":{"@id":"https:\/\/teguar.com\/eu\/de\/product\/tp-4845-22\/#primaryimage"},"image":{"@id":"https:\/\/teguar.com\/eu\/de\/product\/tp-4845-22\/#primaryimage"},"thumbnailUrl":"https:\/\/teguar.com\/eu\/wp-content\/uploads\/sites\/2\/2023\/08\/22_Panel_PC_TP-4845-22_Front_Angle__56133.1703196825.1280.1280.jpg","datePublished":"2025-06-24T14:02:57+00:00","dateModified":"2026-01-02T19:06:08+00:00","description":"Der 22-Zoll-Panel-PC bietet zwei Touchscreen-Optionen und ist eine ideale L\u00f6sung f\u00fcr industrielle Anwendungen, die robuste und zuverl\u00e4ssige Computer erfordern.","breadcrumb":{"@id":"https:\/\/teguar.com\/eu\/de\/product\/tp-4845-22\/#breadcrumb"},"inLanguage":"de","potentialAction":[{"@type":"ReadAction","target":["https:\/\/teguar.com\/eu\/de\/product\/tp-4845-22\/"]}]},{"@type":"ImageObject","inLanguage":"de","@id":"https:\/\/teguar.com\/eu\/de\/product\/tp-4845-22\/#primaryimage","url":"https:\/\/teguar.com\/eu\/wp-content\/uploads\/sites\/2\/2023\/08\/22_Panel_PC_TP-4845-22_Front_Angle__56133.1703196825.1280.1280.jpg","contentUrl":"https:\/\/teguar.com\/eu\/wp-content\/uploads\/sites\/2\/2023\/08\/22_Panel_PC_TP-4845-22_Front_Angle__56133.1703196825.1280.1280.jpg","width":750,"height":565,"caption":"22\" Panel PC TP-4845-22 Front Angle"},{"@type":"BreadcrumbList","@id":"https:\/\/teguar.com\/eu\/de\/product\/tp-4845-22\/#breadcrumb","itemListElement":[{"@type":"ListItem","position":1,"name":"Home","item":"https:\/\/teguar.com\/eu\/de\/"},{"@type":"ListItem","position":2,"name":"TP-4845-22"}]},{"@type":"WebSite","@id":"https:\/\/teguar.com\/eu\/en\/#website","url":"https:\/\/teguar.com\/eu\/en\/","name":"Teguar","description":"Industrial PCs, Medical Computers, and Rugged Tablets","potentialAction":[{"@type":"SearchAction","target":{"@type":"EntryPoint","urlTemplate":"https:\/\/teguar.com\/eu\/en\/?s={search_term_string}"},"query-input":{"@type":"PropertyValueSpecification","valueRequired":true,"valueName":"search_term_string"}}],"inLanguage":"de"}]}},"_links":{"self":[{"href":"https:\/\/teguar.com\/eu\/de\/wp-json\/wp\/v2\/product\/2245403","targetHints":{"allow":["GET"]}}],"collection":[{"href":"https:\/\/teguar.com\/eu\/de\/wp-json\/wp\/v2\/product"}],"about":[{"href":"https:\/\/teguar.com\/eu\/de\/wp-json\/wp\/v2\/types\/product"}],"wp:featuredmedia":[{"embeddable":true,"href":"https:\/\/teguar.com\/eu\/de\/wp-json\/wp\/v2\/media\/2245766"}],"wp:attachment":[{"href":"https:\/\/teguar.com\/eu\/de\/wp-json\/wp\/v2\/media?parent=2245403"}],"wp:term":[{"taxonomy":"product_brand","embeddable":true,"href":"https:\/\/teguar.com\/eu\/de\/wp-json\/wp\/v2\/product_brand?post=2245403"},{"taxonomy":"product_cat","embeddable":true,"href":"https:\/\/teguar.com\/eu\/de\/wp-json\/wp\/v2\/product_cat?post=2245403"},{"taxonomy":"product_tag","embeddable":true,"href":"https:\/\/teguar.com\/eu\/de\/wp-json\/wp\/v2\/product_tag?post=2245403"},{"taxonomy":"product_label","embeddable":true,"href":"https:\/\/teguar.com\/eu\/de\/wp-json\/wp\/v2\/product_label?post=2245403"}],"curies":[{"name":"wp","href":"https:\/\/api.w.org\/{rel}","templated":true}]}}