{"id":2245346,"date":"2025-06-24T14:12:52","date_gmt":"2025-06-24T14:12:52","guid":{"rendered":"https:\/\/teguar.com\/eu\/product\/netzgeraet-vereinigte-staaten-5v-fuer-trt-q5380-10h\/"},"modified":"2025-06-24T14:12:52","modified_gmt":"2025-06-24T14:12:52","slug":"netzgeraet-vereinigte-staaten-5v-fuer-trt-q5380-10h","status":"publish","type":"product","link":"https:\/\/teguar.com\/eu\/de\/product\/netzgeraet-vereinigte-staaten-5v-fuer-trt-q5380-10h\/","title":{"rendered":"Netzger\u00e4t Vereinigte Staaten 5V f\u00fcr TRT-Q5380-10H"},"content":{"rendered":"<p>Dieses Standard-US-Netzteil funktioniert mit den meisten Teguar Rugged Tablets. Es hat einen AC-Eingang von 100-240V ~50\/60Hz und einen DC-Ausgang von 5,5V 4,0A. Das Kabel ist 1,2 m lang und der Stecker ist 3,5 mm. Sie k\u00f6nnen auch einen optionalen US-Standard-Eingang Typ A f\u00fcr TRT-Q5380-10H w\u00e4hlen.   <\/p>\n<p>&nbsp;<\/p>\n","protected":false},"excerpt":{"rendered":"<p>Standard USA-Netzteil TRT-Q5380-10H<\/p>\n","protected":false},"featured_media":2245908,"template":"","meta":{"_acf_changed":false},"product_brand":[],"product_cat":[2814],"product_tag":[],"product_label":[],"class_list":{"0":"post-2245346","1":"product","2":"type-product","3":"status-publish","4":"has-post-thumbnail","6":"product_cat-zubehor","8":"first","9":"outofstock","10":"taxable","11":"shipping-taxable","12":"purchasable","13":"product-type-simple"},"composite_virtual":false,"composite_layout":"","composite_add_to_cart_form_location":"","composite_editable_in_cart":false,"composite_sold_individually_context":"","composite_shop_price_calc":"","composite_components":[],"composite_scenarios":[],"acf":[],"yoast_head":"<!-- This site is optimized with the Yoast SEO Premium plugin v26.8 (Yoast SEO v27.2) - https:\/\/yoast.com\/product\/yoast-seo-premium-wordpress\/ -->\n<title>Netzger\u00e4t Vereinigte Staaten 5V f\u00fcr TRT-Q5380-10H - Teguar<\/title>\n<meta name=\"description\" content=\"Sehen Sie sich dieses Standard-US-Netzteil an, das mit den robusten Tablets von Teguar kompatibel ist und \u00fcber einen US-Stecker vom Typ A und ein 1,2 m langes Kabel zum einfachen Aufladen verf\u00fcgt.\" \/>\n<meta name=\"robots\" content=\"index, follow, max-snippet:-1, max-image-preview:large, max-video-preview:-1\" \/>\n<link rel=\"canonical\" href=\"https:\/\/teguar.com\/eu\/de\/product\/netzgeraet-vereinigte-staaten-5v-fuer-trt-q5380-10h\/\" \/>\n<meta property=\"og:locale\" content=\"de_DE\" \/>\n<meta property=\"og:type\" content=\"article\" \/>\n<meta property=\"og:title\" content=\"Netzger\u00e4t Vereinigte Staaten 5V f\u00fcr TRT-Q5380-10H\" \/>\n<meta property=\"og:description\" content=\"Sehen Sie sich dieses Standard-US-Netzteil an, das mit den robusten Tablets von Teguar kompatibel ist und \u00fcber einen US-Stecker vom Typ A und ein 1,2 m langes Kabel zum einfachen Aufladen verf\u00fcgt.\" \/>\n<meta property=\"og:url\" content=\"https:\/\/teguar.com\/eu\/de\/product\/netzgeraet-vereinigte-staaten-5v-fuer-trt-q5380-10h\/\" \/>\n<meta property=\"og:site_name\" content=\"Teguar\" \/>\n<meta property=\"og:image\" content=\"https:\/\/teguar.com\/eu\/wp-content\/uploads\/sites\/2\/2021\/04\/6167-80_Standart_US_Power_Supply__31440.1618935838.1280.1280.jpg\" \/>\n\t<meta property=\"og:image:width\" content=\"1000\" \/>\n\t<meta property=\"og:image:height\" content=\"1000\" \/>\n\t<meta property=\"og:image:type\" content=\"image\/jpeg\" \/>\n<meta name=\"twitter:card\" content=\"summary_large_image\" \/>\n<script type=\"application\/ld+json\" class=\"yoast-schema-graph\">{\"@context\":\"https:\/\/schema.org\",\"@graph\":[{\"@type\":\"WebPage\",\"@id\":\"https:\/\/teguar.com\/eu\/de\/product\/netzgeraet-vereinigte-staaten-5v-fuer-trt-q5380-10h\/\",\"url\":\"https:\/\/teguar.com\/eu\/de\/product\/netzgeraet-vereinigte-staaten-5v-fuer-trt-q5380-10h\/\",\"name\":\"Netzger\u00e4t Vereinigte Staaten 5V f\u00fcr TRT-Q5380-10H - Teguar\",\"isPartOf\":{\"@id\":\"https:\/\/teguar.com\/eu\/en\/#website\"},\"primaryImageOfPage\":{\"@id\":\"https:\/\/teguar.com\/eu\/de\/product\/netzgeraet-vereinigte-staaten-5v-fuer-trt-q5380-10h\/#primaryimage\"},\"image\":{\"@id\":\"https:\/\/teguar.com\/eu\/de\/product\/netzgeraet-vereinigte-staaten-5v-fuer-trt-q5380-10h\/#primaryimage\"},\"thumbnailUrl\":\"https:\/\/teguar.com\/eu\/wp-content\/uploads\/sites\/2\/2021\/04\/6167-80_Standart_US_Power_Supply__31440.1618935838.1280.1280.jpg\",\"datePublished\":\"2025-06-24T14:12:52+00:00\",\"description\":\"Sehen Sie sich dieses Standard-US-Netzteil an, das mit den robusten Tablets von Teguar kompatibel ist und \u00fcber einen US-Stecker vom Typ A und ein 1,2 m langes Kabel zum einfachen Aufladen verf\u00fcgt.\",\"breadcrumb\":{\"@id\":\"https:\/\/teguar.com\/eu\/de\/product\/netzgeraet-vereinigte-staaten-5v-fuer-trt-q5380-10h\/#breadcrumb\"},\"inLanguage\":\"de\",\"potentialAction\":[{\"@type\":\"ReadAction\",\"target\":[\"https:\/\/teguar.com\/eu\/de\/product\/netzgeraet-vereinigte-staaten-5v-fuer-trt-q5380-10h\/\"]}]},{\"@type\":\"ImageObject\",\"inLanguage\":\"de\",\"@id\":\"https:\/\/teguar.com\/eu\/de\/product\/netzgeraet-vereinigte-staaten-5v-fuer-trt-q5380-10h\/#primaryimage\",\"url\":\"https:\/\/teguar.com\/eu\/wp-content\/uploads\/sites\/2\/2021\/04\/6167-80_Standart_US_Power_Supply__31440.1618935838.1280.1280.jpg\",\"contentUrl\":\"https:\/\/teguar.com\/eu\/wp-content\/uploads\/sites\/2\/2021\/04\/6167-80_Standart_US_Power_Supply__31440.1618935838.1280.1280.jpg\",\"width\":1000,\"height\":1000},{\"@type\":\"BreadcrumbList\",\"@id\":\"https:\/\/teguar.com\/eu\/de\/product\/netzgeraet-vereinigte-staaten-5v-fuer-trt-q5380-10h\/#breadcrumb\",\"itemListElement\":[{\"@type\":\"ListItem\",\"position\":1,\"name\":\"Home\",\"item\":\"https:\/\/teguar.com\/eu\/de\/\"},{\"@type\":\"ListItem\",\"position\":2,\"name\":\"Netzger\u00e4t Vereinigte Staaten 5V f\u00fcr TRT-Q5380-10H\"}]},{\"@type\":\"WebSite\",\"@id\":\"https:\/\/teguar.com\/eu\/en\/#website\",\"url\":\"https:\/\/teguar.com\/eu\/en\/\",\"name\":\"Teguar\",\"description\":\"Industrial PCs, Medical Computers, and Rugged Tablets\",\"potentialAction\":[{\"@type\":\"SearchAction\",\"target\":{\"@type\":\"EntryPoint\",\"urlTemplate\":\"https:\/\/teguar.com\/eu\/en\/?s={search_term_string}\"},\"query-input\":{\"@type\":\"PropertyValueSpecification\",\"valueRequired\":true,\"valueName\":\"search_term_string\"}}],\"inLanguage\":\"de\"}]}<\/script>\n<!-- \/ Yoast SEO Premium plugin. -->","yoast_head_json":{"title":"Netzger\u00e4t Vereinigte Staaten 5V f\u00fcr TRT-Q5380-10H - Teguar","description":"Sehen Sie sich dieses Standard-US-Netzteil an, das mit den robusten Tablets von Teguar kompatibel ist und \u00fcber einen US-Stecker vom Typ A und ein 1,2 m langes Kabel zum einfachen Aufladen verf\u00fcgt.","robots":{"index":"index","follow":"follow","max-snippet":"max-snippet:-1","max-image-preview":"max-image-preview:large","max-video-preview":"max-video-preview:-1"},"canonical":"https:\/\/teguar.com\/eu\/de\/product\/netzgeraet-vereinigte-staaten-5v-fuer-trt-q5380-10h\/","og_locale":"de_DE","og_type":"article","og_title":"Netzger\u00e4t Vereinigte Staaten 5V f\u00fcr TRT-Q5380-10H","og_description":"Sehen Sie sich dieses Standard-US-Netzteil an, das mit den robusten Tablets von Teguar kompatibel ist und \u00fcber einen US-Stecker vom Typ A und ein 1,2 m langes Kabel zum einfachen Aufladen verf\u00fcgt.","og_url":"https:\/\/teguar.com\/eu\/de\/product\/netzgeraet-vereinigte-staaten-5v-fuer-trt-q5380-10h\/","og_site_name":"Teguar","og_image":[{"width":1000,"height":1000,"url":"https:\/\/teguar.com\/eu\/wp-content\/uploads\/sites\/2\/2021\/04\/6167-80_Standart_US_Power_Supply__31440.1618935838.1280.1280.jpg","type":"image\/jpeg"}],"twitter_card":"summary_large_image","schema":{"@context":"https:\/\/schema.org","@graph":[{"@type":"WebPage","@id":"https:\/\/teguar.com\/eu\/de\/product\/netzgeraet-vereinigte-staaten-5v-fuer-trt-q5380-10h\/","url":"https:\/\/teguar.com\/eu\/de\/product\/netzgeraet-vereinigte-staaten-5v-fuer-trt-q5380-10h\/","name":"Netzger\u00e4t Vereinigte Staaten 5V f\u00fcr TRT-Q5380-10H - Teguar","isPartOf":{"@id":"https:\/\/teguar.com\/eu\/en\/#website"},"primaryImageOfPage":{"@id":"https:\/\/teguar.com\/eu\/de\/product\/netzgeraet-vereinigte-staaten-5v-fuer-trt-q5380-10h\/#primaryimage"},"image":{"@id":"https:\/\/teguar.com\/eu\/de\/product\/netzgeraet-vereinigte-staaten-5v-fuer-trt-q5380-10h\/#primaryimage"},"thumbnailUrl":"https:\/\/teguar.com\/eu\/wp-content\/uploads\/sites\/2\/2021\/04\/6167-80_Standart_US_Power_Supply__31440.1618935838.1280.1280.jpg","datePublished":"2025-06-24T14:12:52+00:00","description":"Sehen Sie sich dieses Standard-US-Netzteil an, das mit den robusten Tablets von Teguar kompatibel ist und \u00fcber einen US-Stecker vom Typ A und ein 1,2 m langes Kabel zum einfachen Aufladen verf\u00fcgt.","breadcrumb":{"@id":"https:\/\/teguar.com\/eu\/de\/product\/netzgeraet-vereinigte-staaten-5v-fuer-trt-q5380-10h\/#breadcrumb"},"inLanguage":"de","potentialAction":[{"@type":"ReadAction","target":["https:\/\/teguar.com\/eu\/de\/product\/netzgeraet-vereinigte-staaten-5v-fuer-trt-q5380-10h\/"]}]},{"@type":"ImageObject","inLanguage":"de","@id":"https:\/\/teguar.com\/eu\/de\/product\/netzgeraet-vereinigte-staaten-5v-fuer-trt-q5380-10h\/#primaryimage","url":"https:\/\/teguar.com\/eu\/wp-content\/uploads\/sites\/2\/2021\/04\/6167-80_Standart_US_Power_Supply__31440.1618935838.1280.1280.jpg","contentUrl":"https:\/\/teguar.com\/eu\/wp-content\/uploads\/sites\/2\/2021\/04\/6167-80_Standart_US_Power_Supply__31440.1618935838.1280.1280.jpg","width":1000,"height":1000},{"@type":"BreadcrumbList","@id":"https:\/\/teguar.com\/eu\/de\/product\/netzgeraet-vereinigte-staaten-5v-fuer-trt-q5380-10h\/#breadcrumb","itemListElement":[{"@type":"ListItem","position":1,"name":"Home","item":"https:\/\/teguar.com\/eu\/de\/"},{"@type":"ListItem","position":2,"name":"Netzger\u00e4t Vereinigte Staaten 5V f\u00fcr TRT-Q5380-10H"}]},{"@type":"WebSite","@id":"https:\/\/teguar.com\/eu\/en\/#website","url":"https:\/\/teguar.com\/eu\/en\/","name":"Teguar","description":"Industrial PCs, Medical Computers, and Rugged Tablets","potentialAction":[{"@type":"SearchAction","target":{"@type":"EntryPoint","urlTemplate":"https:\/\/teguar.com\/eu\/en\/?s={search_term_string}"},"query-input":{"@type":"PropertyValueSpecification","valueRequired":true,"valueName":"search_term_string"}}],"inLanguage":"de"}]}},"_links":{"self":[{"href":"https:\/\/teguar.com\/eu\/de\/wp-json\/wp\/v2\/product\/2245346","targetHints":{"allow":["GET"]}}],"collection":[{"href":"https:\/\/teguar.com\/eu\/de\/wp-json\/wp\/v2\/product"}],"about":[{"href":"https:\/\/teguar.com\/eu\/de\/wp-json\/wp\/v2\/types\/product"}],"wp:featuredmedia":[{"embeddable":true,"href":"https:\/\/teguar.com\/eu\/de\/wp-json\/wp\/v2\/media\/2245908"}],"wp:attachment":[{"href":"https:\/\/teguar.com\/eu\/de\/wp-json\/wp\/v2\/media?parent=2245346"}],"wp:term":[{"taxonomy":"product_brand","embeddable":true,"href":"https:\/\/teguar.com\/eu\/de\/wp-json\/wp\/v2\/product_brand?post=2245346"},{"taxonomy":"product_cat","embeddable":true,"href":"https:\/\/teguar.com\/eu\/de\/wp-json\/wp\/v2\/product_cat?post=2245346"},{"taxonomy":"product_tag","embeddable":true,"href":"https:\/\/teguar.com\/eu\/de\/wp-json\/wp\/v2\/product_tag?post=2245346"},{"taxonomy":"product_label","embeddable":true,"href":"https:\/\/teguar.com\/eu\/de\/wp-json\/wp\/v2\/product_label?post=2245346"}],"curies":[{"name":"wp","href":"https:\/\/api.w.org\/{rel}","templated":true}]}}