{"id":2245344,"date":"2025-06-24T14:12:51","date_gmt":"2025-06-24T14:12:51","guid":{"rendered":"https:\/\/teguar.com\/eu\/product\/autoladegeraet-micro-usb-kabel-fuer-trt-q5393-07\/"},"modified":"2025-06-24T14:12:51","modified_gmt":"2025-06-24T14:12:51","slug":"autoladegeraet-micro-usb-kabel-fuer-trt-q5393-07","status":"publish","type":"product","link":"https:\/\/teguar.com\/eu\/de\/product\/autoladegeraet-micro-usb-kabel-fuer-trt-q5393-07\/","title":{"rendered":"Autoladeger\u00e4t + Micro USB Kabel f\u00fcr TRT-Q5393-07"},"content":{"rendered":"<p>Standard-Zigarettenanz\u00fcnder-Adapter mit abnehmbarem USB-Kabel f\u00fcr die Verwendung im Fahrzeug. Dieses Kabel ist kompatibel mit dem TRT-Q5393-07 Rugged Tablet von Teguar. <\/p>\n","protected":false},"excerpt":{"rendered":"<p>Dieses 2-teilige Kabel ist f\u00fcr das 7&#8243; Rugged Tablet von Teguar, das TRT-Q5393-07.<\/p>\n","protected":false},"featured_media":2245900,"template":"","meta":{"_acf_changed":false},"product_brand":[],"product_cat":[2814],"product_tag":[],"product_label":[],"class_list":{"0":"post-2245344","1":"product","2":"type-product","3":"status-publish","4":"has-post-thumbnail","6":"product_cat-zubehor","8":"first","9":"instock","10":"taxable","11":"shipping-taxable","12":"purchasable","13":"product-type-simple"},"composite_virtual":false,"composite_layout":"","composite_add_to_cart_form_location":"","composite_editable_in_cart":false,"composite_sold_individually_context":"","composite_shop_price_calc":"","composite_components":[],"composite_scenarios":[],"acf":[],"yoast_head":"<!-- This site is optimized with the Yoast SEO Premium plugin v26.8 (Yoast SEO v27.2) - https:\/\/yoast.com\/product\/yoast-seo-premium-wordpress\/ -->\n<title>Autoladeger\u00e4t + Micro USB Kabel f\u00fcr TRT-Q5393-07 - Teguar<\/title>\n<meta name=\"description\" content=\"Sehen Sie sich diese Kombination aus Autoladeger\u00e4t und Micro-USB-Kabel zur Verwendung mit dem robusten Tablet TRT-Q5393-07 von Teguar an, das f\u00fcr die einfache Anwendung im Fahrzeug konzipiert ist.\" \/>\n<meta name=\"robots\" content=\"index, follow, max-snippet:-1, max-image-preview:large, max-video-preview:-1\" \/>\n<link rel=\"canonical\" href=\"https:\/\/teguar.com\/eu\/de\/product\/autoladegeraet-micro-usb-kabel-fuer-trt-q5393-07\/\" \/>\n<meta property=\"og:locale\" content=\"de_DE\" \/>\n<meta property=\"og:type\" content=\"article\" \/>\n<meta property=\"og:title\" content=\"Autoladeger\u00e4t + Micro USB Kabel f\u00fcr TRT-Q5393-07\" \/>\n<meta property=\"og:description\" content=\"Sehen Sie sich diese Kombination aus Autoladeger\u00e4t und Micro-USB-Kabel zur Verwendung mit dem robusten Tablet TRT-Q5393-07 von Teguar an, das f\u00fcr die einfache Anwendung im Fahrzeug konzipiert ist.\" \/>\n<meta property=\"og:url\" content=\"https:\/\/teguar.com\/eu\/de\/product\/autoladegeraet-micro-usb-kabel-fuer-trt-q5393-07\/\" \/>\n<meta property=\"og:site_name\" content=\"Teguar\" \/>\n<meta property=\"og:image\" content=\"https:\/\/teguar.com\/eu\/wp-content\/uploads\/sites\/2\/2021\/04\/6201-93_Car_Charger_Micro_USB_Cable__91606.1618947451.1280.1280.jpg\" \/>\n\t<meta property=\"og:image:width\" content=\"1000\" \/>\n\t<meta property=\"og:image:height\" content=\"1000\" \/>\n\t<meta property=\"og:image:type\" content=\"image\/jpeg\" \/>\n<meta name=\"twitter:card\" content=\"summary_large_image\" \/>\n<script type=\"application\/ld+json\" class=\"yoast-schema-graph\">{\"@context\":\"https:\/\/schema.org\",\"@graph\":[{\"@type\":\"WebPage\",\"@id\":\"https:\/\/teguar.com\/eu\/de\/product\/autoladegeraet-micro-usb-kabel-fuer-trt-q5393-07\/\",\"url\":\"https:\/\/teguar.com\/eu\/de\/product\/autoladegeraet-micro-usb-kabel-fuer-trt-q5393-07\/\",\"name\":\"Autoladeger\u00e4t + Micro USB Kabel f\u00fcr TRT-Q5393-07 - Teguar\",\"isPartOf\":{\"@id\":\"https:\/\/teguar.com\/eu\/en\/#website\"},\"primaryImageOfPage\":{\"@id\":\"https:\/\/teguar.com\/eu\/de\/product\/autoladegeraet-micro-usb-kabel-fuer-trt-q5393-07\/#primaryimage\"},\"image\":{\"@id\":\"https:\/\/teguar.com\/eu\/de\/product\/autoladegeraet-micro-usb-kabel-fuer-trt-q5393-07\/#primaryimage\"},\"thumbnailUrl\":\"https:\/\/teguar.com\/eu\/wp-content\/uploads\/sites\/2\/2021\/04\/6201-93_Car_Charger_Micro_USB_Cable__91606.1618947451.1280.1280.jpg\",\"datePublished\":\"2025-06-24T14:12:51+00:00\",\"description\":\"Sehen Sie sich diese Kombination aus Autoladeger\u00e4t und Micro-USB-Kabel zur Verwendung mit dem robusten Tablet TRT-Q5393-07 von Teguar an, das f\u00fcr die einfache Anwendung im Fahrzeug konzipiert ist.\",\"breadcrumb\":{\"@id\":\"https:\/\/teguar.com\/eu\/de\/product\/autoladegeraet-micro-usb-kabel-fuer-trt-q5393-07\/#breadcrumb\"},\"inLanguage\":\"de\",\"potentialAction\":[{\"@type\":\"ReadAction\",\"target\":[\"https:\/\/teguar.com\/eu\/de\/product\/autoladegeraet-micro-usb-kabel-fuer-trt-q5393-07\/\"]}]},{\"@type\":\"ImageObject\",\"inLanguage\":\"de\",\"@id\":\"https:\/\/teguar.com\/eu\/de\/product\/autoladegeraet-micro-usb-kabel-fuer-trt-q5393-07\/#primaryimage\",\"url\":\"https:\/\/teguar.com\/eu\/wp-content\/uploads\/sites\/2\/2021\/04\/6201-93_Car_Charger_Micro_USB_Cable__91606.1618947451.1280.1280.jpg\",\"contentUrl\":\"https:\/\/teguar.com\/eu\/wp-content\/uploads\/sites\/2\/2021\/04\/6201-93_Car_Charger_Micro_USB_Cable__91606.1618947451.1280.1280.jpg\",\"width\":1000,\"height\":1000,\"caption\":\"Car Charger and USB Cable\"},{\"@type\":\"BreadcrumbList\",\"@id\":\"https:\/\/teguar.com\/eu\/de\/product\/autoladegeraet-micro-usb-kabel-fuer-trt-q5393-07\/#breadcrumb\",\"itemListElement\":[{\"@type\":\"ListItem\",\"position\":1,\"name\":\"Home\",\"item\":\"https:\/\/teguar.com\/eu\/de\/\"},{\"@type\":\"ListItem\",\"position\":2,\"name\":\"Autoladeger\u00e4t + Micro USB Kabel f\u00fcr TRT-Q5393-07\"}]},{\"@type\":\"WebSite\",\"@id\":\"https:\/\/teguar.com\/eu\/en\/#website\",\"url\":\"https:\/\/teguar.com\/eu\/en\/\",\"name\":\"Teguar\",\"description\":\"Industrial PCs, Medical Computers, and Rugged Tablets\",\"potentialAction\":[{\"@type\":\"SearchAction\",\"target\":{\"@type\":\"EntryPoint\",\"urlTemplate\":\"https:\/\/teguar.com\/eu\/en\/?s={search_term_string}\"},\"query-input\":{\"@type\":\"PropertyValueSpecification\",\"valueRequired\":true,\"valueName\":\"search_term_string\"}}],\"inLanguage\":\"de\"}]}<\/script>\n<!-- \/ Yoast SEO Premium plugin. -->","yoast_head_json":{"title":"Autoladeger\u00e4t + Micro USB Kabel f\u00fcr TRT-Q5393-07 - Teguar","description":"Sehen Sie sich diese Kombination aus Autoladeger\u00e4t und Micro-USB-Kabel zur Verwendung mit dem robusten Tablet TRT-Q5393-07 von Teguar an, das f\u00fcr die einfache Anwendung im Fahrzeug konzipiert ist.","robots":{"index":"index","follow":"follow","max-snippet":"max-snippet:-1","max-image-preview":"max-image-preview:large","max-video-preview":"max-video-preview:-1"},"canonical":"https:\/\/teguar.com\/eu\/de\/product\/autoladegeraet-micro-usb-kabel-fuer-trt-q5393-07\/","og_locale":"de_DE","og_type":"article","og_title":"Autoladeger\u00e4t + Micro USB Kabel f\u00fcr TRT-Q5393-07","og_description":"Sehen Sie sich diese Kombination aus Autoladeger\u00e4t und Micro-USB-Kabel zur Verwendung mit dem robusten Tablet TRT-Q5393-07 von Teguar an, das f\u00fcr die einfache Anwendung im Fahrzeug konzipiert ist.","og_url":"https:\/\/teguar.com\/eu\/de\/product\/autoladegeraet-micro-usb-kabel-fuer-trt-q5393-07\/","og_site_name":"Teguar","og_image":[{"width":1000,"height":1000,"url":"https:\/\/teguar.com\/eu\/wp-content\/uploads\/sites\/2\/2021\/04\/6201-93_Car_Charger_Micro_USB_Cable__91606.1618947451.1280.1280.jpg","type":"image\/jpeg"}],"twitter_card":"summary_large_image","schema":{"@context":"https:\/\/schema.org","@graph":[{"@type":"WebPage","@id":"https:\/\/teguar.com\/eu\/de\/product\/autoladegeraet-micro-usb-kabel-fuer-trt-q5393-07\/","url":"https:\/\/teguar.com\/eu\/de\/product\/autoladegeraet-micro-usb-kabel-fuer-trt-q5393-07\/","name":"Autoladeger\u00e4t + Micro USB Kabel f\u00fcr TRT-Q5393-07 - Teguar","isPartOf":{"@id":"https:\/\/teguar.com\/eu\/en\/#website"},"primaryImageOfPage":{"@id":"https:\/\/teguar.com\/eu\/de\/product\/autoladegeraet-micro-usb-kabel-fuer-trt-q5393-07\/#primaryimage"},"image":{"@id":"https:\/\/teguar.com\/eu\/de\/product\/autoladegeraet-micro-usb-kabel-fuer-trt-q5393-07\/#primaryimage"},"thumbnailUrl":"https:\/\/teguar.com\/eu\/wp-content\/uploads\/sites\/2\/2021\/04\/6201-93_Car_Charger_Micro_USB_Cable__91606.1618947451.1280.1280.jpg","datePublished":"2025-06-24T14:12:51+00:00","description":"Sehen Sie sich diese Kombination aus Autoladeger\u00e4t und Micro-USB-Kabel zur Verwendung mit dem robusten Tablet TRT-Q5393-07 von Teguar an, das f\u00fcr die einfache Anwendung im Fahrzeug konzipiert ist.","breadcrumb":{"@id":"https:\/\/teguar.com\/eu\/de\/product\/autoladegeraet-micro-usb-kabel-fuer-trt-q5393-07\/#breadcrumb"},"inLanguage":"de","potentialAction":[{"@type":"ReadAction","target":["https:\/\/teguar.com\/eu\/de\/product\/autoladegeraet-micro-usb-kabel-fuer-trt-q5393-07\/"]}]},{"@type":"ImageObject","inLanguage":"de","@id":"https:\/\/teguar.com\/eu\/de\/product\/autoladegeraet-micro-usb-kabel-fuer-trt-q5393-07\/#primaryimage","url":"https:\/\/teguar.com\/eu\/wp-content\/uploads\/sites\/2\/2021\/04\/6201-93_Car_Charger_Micro_USB_Cable__91606.1618947451.1280.1280.jpg","contentUrl":"https:\/\/teguar.com\/eu\/wp-content\/uploads\/sites\/2\/2021\/04\/6201-93_Car_Charger_Micro_USB_Cable__91606.1618947451.1280.1280.jpg","width":1000,"height":1000,"caption":"Car Charger and USB Cable"},{"@type":"BreadcrumbList","@id":"https:\/\/teguar.com\/eu\/de\/product\/autoladegeraet-micro-usb-kabel-fuer-trt-q5393-07\/#breadcrumb","itemListElement":[{"@type":"ListItem","position":1,"name":"Home","item":"https:\/\/teguar.com\/eu\/de\/"},{"@type":"ListItem","position":2,"name":"Autoladeger\u00e4t + Micro USB Kabel f\u00fcr TRT-Q5393-07"}]},{"@type":"WebSite","@id":"https:\/\/teguar.com\/eu\/en\/#website","url":"https:\/\/teguar.com\/eu\/en\/","name":"Teguar","description":"Industrial PCs, Medical Computers, and Rugged Tablets","potentialAction":[{"@type":"SearchAction","target":{"@type":"EntryPoint","urlTemplate":"https:\/\/teguar.com\/eu\/en\/?s={search_term_string}"},"query-input":{"@type":"PropertyValueSpecification","valueRequired":true,"valueName":"search_term_string"}}],"inLanguage":"de"}]}},"_links":{"self":[{"href":"https:\/\/teguar.com\/eu\/de\/wp-json\/wp\/v2\/product\/2245344","targetHints":{"allow":["GET"]}}],"collection":[{"href":"https:\/\/teguar.com\/eu\/de\/wp-json\/wp\/v2\/product"}],"about":[{"href":"https:\/\/teguar.com\/eu\/de\/wp-json\/wp\/v2\/types\/product"}],"wp:featuredmedia":[{"embeddable":true,"href":"https:\/\/teguar.com\/eu\/de\/wp-json\/wp\/v2\/media\/2245900"}],"wp:attachment":[{"href":"https:\/\/teguar.com\/eu\/de\/wp-json\/wp\/v2\/media?parent=2245344"}],"wp:term":[{"taxonomy":"product_brand","embeddable":true,"href":"https:\/\/teguar.com\/eu\/de\/wp-json\/wp\/v2\/product_brand?post=2245344"},{"taxonomy":"product_cat","embeddable":true,"href":"https:\/\/teguar.com\/eu\/de\/wp-json\/wp\/v2\/product_cat?post=2245344"},{"taxonomy":"product_tag","embeddable":true,"href":"https:\/\/teguar.com\/eu\/de\/wp-json\/wp\/v2\/product_tag?post=2245344"},{"taxonomy":"product_label","embeddable":true,"href":"https:\/\/teguar.com\/eu\/de\/wp-json\/wp\/v2\/product_label?post=2245344"}],"curies":[{"name":"wp","href":"https:\/\/api.w.org\/{rel}","templated":true}]}}