{"id":2245335,"date":"2025-06-24T14:12:50","date_gmt":"2025-06-24T14:12:50","guid":{"rendered":"https:\/\/teguar.com\/eu\/product\/tb-4045-din\/"},"modified":"2025-11-24T14:13:46","modified_gmt":"2025-11-24T14:13:46","slug":"tb-4045-din","status":"publish","type":"product","link":"https:\/\/teguar.com\/eu\/de\/product\/tb-4045-din\/","title":{"rendered":"TB-4045-DIN"},"content":{"rendered":"<p>Der TB-4045-DIN ist f\u00fcr raue Umgebungen ausgelegt, in denen Staub, Hitze und Maschinenvibrationen einem Computer der Verbraucherklasse schaden w\u00fcrden. Er kann auf einer DIN-Schiene an Ihrer Produktionslinie, in einem Schaltschrank oder in Ihrer Werkstatt montiert werden. Der TB-4045-DIN ist l\u00fcfterlos und hat einen gro\u00dfen Betriebstemperaturbereich. Insgesamt ist er viel robuster und zuverl\u00e4ssiger als ein PC f\u00fcr Endverbraucher, aber zu einem \u00e4hnlichen Preis, so dass Sie insgesamt Kosten sparen k\u00f6nnen, indem Sie kostspielige Ausfallzeiten, Reparaturen oder Ersatzger\u00e4te einsparen.   <\/p>\n","protected":false},"excerpt":{"rendered":"<p><a href=\"https:\/\/teguar.com\/eu\/de\/computer-fuer-die-industrielle-automatisierung\/\">Industrielle Automatisierungssysteme:<\/a> Die robusten Mini-PCs der Serie TB-4045 sind mit ihrer robusten Konstruktion, dem l\u00fcfterlosen Design und dem weiten Betriebstemperaturbereich ideal f\u00fcr industrielle Automatisierungsanwendungen geeignet und bieten zuverl\u00e4ssige und langlebige Rechenleistung in schwierigen Umgebungen.<\/p>\n<p><a href=\"https:\/\/teguar.com\/eu\/energy-industry-computer\/\">Fern\u00fcberwachung und -steuerung:<\/a> Die Mini-PCs der Serie TB-4045 sind f\u00fcr den Einsatz unter rauen Bedingungen konzipiert und eignen sich f\u00fcr Fern\u00fcberwachungs- und -steuerungssysteme in Branchen wie Energie, Versorgung und Transportwesen. Sie bieten einen langfristigen 24\/7-Betrieb und eine F\u00fclle von Ein- und Ausg\u00e4ngen.<\/p>\n<p><a href=\"https:\/\/teguar.com\/eu\/de\/fertigungs-computer\/\">Fertigungsausf\u00fchrungssysteme <\/a>(MES): Mit ihrem Dauerbetrieb rund um die Uhr und ihrer Widerstandsf\u00e4higkeit gegen\u00fcber Hitze, Staub und Maschinenvibrationen eignen sich die robusten Mini-PCs der Serie TB-4045 hervorragend f\u00fcr MES-Anwendungen in Fertigungsumgebungen und bieten Langlebigkeit, Zuverl\u00e4ssigkeit und Kosteneffizienz.<\/p>\n","protected":false},"featured_media":2245892,"template":"","meta":{"_acf_changed":false},"product_brand":[],"product_cat":[2812,2824,2843,2845],"product_tag":[],"product_label":[],"class_list":{"0":"post-2245335","1":"product","2":"type-product","3":"status-publish","4":"has-post-thumbnail","6":"product_cat-embedded-pcs","7":"product_cat-lufterlose-pcs","8":"product_cat-rugged-computer","9":"product_cat-rugged-mini-pcs","10":"pa_windows-windows-10-iot","11":"pa_windows-windows-10-pro","12":"pa_windows-windows-7-pro","14":"first","15":"outofstock","16":"taxable","17":"shipping-taxable","18":"purchasable","19":"product-type-simple"},"composite_virtual":false,"composite_layout":"","composite_add_to_cart_form_location":"","composite_editable_in_cart":false,"composite_sold_individually_context":"","composite_shop_price_calc":"","composite_components":[],"composite_scenarios":[],"acf":[],"yoast_head":"<!-- This site is optimized with the Yoast SEO Premium plugin v26.8 (Yoast SEO v27.2) - https:\/\/yoast.com\/product\/yoast-seo-premium-wordpress\/ -->\n<title>DIN-montierbarer l\u00fcfterloser PC | TB-4045-DIN<\/title>\n<meta name=\"description\" content=\"Sehen Sie sich den l\u00fcfterlosen PC TB-4045-DIN von Teguar an, der f\u00fcr den Einsatz in rauen Industrieumgebungen entwickelt wurde und \u00fcber eine gro\u00dfe Betriebstemperatur und DIN-Montagef\u00e4higkeit verf\u00fcgt.\" \/>\n<meta name=\"robots\" content=\"index, follow, max-snippet:-1, max-image-preview:large, max-video-preview:-1\" \/>\n<link rel=\"canonical\" href=\"https:\/\/teguar.com\/eu\/de\/product\/tb-4045-din\/\" \/>\n<meta property=\"og:locale\" content=\"de_DE\" \/>\n<meta property=\"og:type\" content=\"article\" \/>\n<meta property=\"og:title\" content=\"TB-4045-DIN\" \/>\n<meta property=\"og:description\" content=\"Sehen Sie sich den l\u00fcfterlosen PC TB-4045-DIN von Teguar an, der f\u00fcr den Einsatz in rauen Industrieumgebungen entwickelt wurde und \u00fcber eine gro\u00dfe Betriebstemperatur und DIN-Montagef\u00e4higkeit verf\u00fcgt.\" \/>\n<meta property=\"og:url\" content=\"https:\/\/teguar.com\/eu\/de\/product\/tb-4045-din\/\" \/>\n<meta property=\"og:site_name\" content=\"Teguar\" \/>\n<meta property=\"article:modified_time\" content=\"2025-11-24T14:13:46+00:00\" \/>\n<meta property=\"og:image\" content=\"https:\/\/teguar.com\/eu\/wp-content\/uploads\/sites\/2\/2021\/05\/TB-4045-DIN_Fanless_Computer__63801.1622044772.1280.1280.jpg\" \/>\n\t<meta property=\"og:image:width\" content=\"1000\" \/>\n\t<meta property=\"og:image:height\" content=\"1000\" \/>\n\t<meta property=\"og:image:type\" content=\"image\/jpeg\" \/>\n<meta name=\"twitter:card\" content=\"summary_large_image\" \/>\n<meta name=\"twitter:label1\" content=\"Gesch\u00e4tzte Lesezeit\" \/>\n\t<meta name=\"twitter:data1\" content=\"1\u00a0Minute\" \/>\n<script type=\"application\/ld+json\" class=\"yoast-schema-graph\">{\"@context\":\"https:\/\/schema.org\",\"@graph\":[{\"@type\":\"WebPage\",\"@id\":\"https:\/\/teguar.com\/eu\/de\/product\/tb-4045-din\/\",\"url\":\"https:\/\/teguar.com\/eu\/de\/product\/tb-4045-din\/\",\"name\":\"DIN-montierbarer l\u00fcfterloser PC | TB-4045-DIN\",\"isPartOf\":{\"@id\":\"https:\/\/teguar.com\/eu\/en\/#website\"},\"primaryImageOfPage\":{\"@id\":\"https:\/\/teguar.com\/eu\/de\/product\/tb-4045-din\/#primaryimage\"},\"image\":{\"@id\":\"https:\/\/teguar.com\/eu\/de\/product\/tb-4045-din\/#primaryimage\"},\"thumbnailUrl\":\"https:\/\/teguar.com\/eu\/wp-content\/uploads\/sites\/2\/2021\/05\/TB-4045-DIN_Fanless_Computer__63801.1622044772.1280.1280.jpg\",\"datePublished\":\"2025-06-24T14:12:50+00:00\",\"dateModified\":\"2025-11-24T14:13:46+00:00\",\"description\":\"Sehen Sie sich den l\u00fcfterlosen PC TB-4045-DIN von Teguar an, der f\u00fcr den Einsatz in rauen Industrieumgebungen entwickelt wurde und \u00fcber eine gro\u00dfe Betriebstemperatur und DIN-Montagef\u00e4higkeit verf\u00fcgt.\",\"breadcrumb\":{\"@id\":\"https:\/\/teguar.com\/eu\/de\/product\/tb-4045-din\/#breadcrumb\"},\"inLanguage\":\"de\",\"potentialAction\":[{\"@type\":\"ReadAction\",\"target\":[\"https:\/\/teguar.com\/eu\/de\/product\/tb-4045-din\/\"]}]},{\"@type\":\"ImageObject\",\"inLanguage\":\"de\",\"@id\":\"https:\/\/teguar.com\/eu\/de\/product\/tb-4045-din\/#primaryimage\",\"url\":\"https:\/\/teguar.com\/eu\/wp-content\/uploads\/sites\/2\/2021\/05\/TB-4045-DIN_Fanless_Computer__63801.1622044772.1280.1280.jpg\",\"contentUrl\":\"https:\/\/teguar.com\/eu\/wp-content\/uploads\/sites\/2\/2021\/05\/TB-4045-DIN_Fanless_Computer__63801.1622044772.1280.1280.jpg\",\"width\":1000,\"height\":1000,\"caption\":\"Rugged Mini PC\"},{\"@type\":\"BreadcrumbList\",\"@id\":\"https:\/\/teguar.com\/eu\/de\/product\/tb-4045-din\/#breadcrumb\",\"itemListElement\":[{\"@type\":\"ListItem\",\"position\":1,\"name\":\"Home\",\"item\":\"https:\/\/teguar.com\/eu\/de\/\"},{\"@type\":\"ListItem\",\"position\":2,\"name\":\"TB-4045-DIN\"}]},{\"@type\":\"WebSite\",\"@id\":\"https:\/\/teguar.com\/eu\/en\/#website\",\"url\":\"https:\/\/teguar.com\/eu\/en\/\",\"name\":\"Teguar\",\"description\":\"Industrial PCs, Medical Computers, and Rugged Tablets\",\"potentialAction\":[{\"@type\":\"SearchAction\",\"target\":{\"@type\":\"EntryPoint\",\"urlTemplate\":\"https:\/\/teguar.com\/eu\/en\/?s={search_term_string}\"},\"query-input\":{\"@type\":\"PropertyValueSpecification\",\"valueRequired\":true,\"valueName\":\"search_term_string\"}}],\"inLanguage\":\"de\"}]}<\/script>\n<!-- \/ Yoast SEO Premium plugin. -->","yoast_head_json":{"title":"DIN-montierbarer l\u00fcfterloser PC | TB-4045-DIN","description":"Sehen Sie sich den l\u00fcfterlosen PC TB-4045-DIN von Teguar an, der f\u00fcr den Einsatz in rauen Industrieumgebungen entwickelt wurde und \u00fcber eine gro\u00dfe Betriebstemperatur und DIN-Montagef\u00e4higkeit verf\u00fcgt.","robots":{"index":"index","follow":"follow","max-snippet":"max-snippet:-1","max-image-preview":"max-image-preview:large","max-video-preview":"max-video-preview:-1"},"canonical":"https:\/\/teguar.com\/eu\/de\/product\/tb-4045-din\/","og_locale":"de_DE","og_type":"article","og_title":"TB-4045-DIN","og_description":"Sehen Sie sich den l\u00fcfterlosen PC TB-4045-DIN von Teguar an, der f\u00fcr den Einsatz in rauen Industrieumgebungen entwickelt wurde und \u00fcber eine gro\u00dfe Betriebstemperatur und DIN-Montagef\u00e4higkeit verf\u00fcgt.","og_url":"https:\/\/teguar.com\/eu\/de\/product\/tb-4045-din\/","og_site_name":"Teguar","article_modified_time":"2025-11-24T14:13:46+00:00","og_image":[{"width":1000,"height":1000,"url":"https:\/\/teguar.com\/eu\/wp-content\/uploads\/sites\/2\/2021\/05\/TB-4045-DIN_Fanless_Computer__63801.1622044772.1280.1280.jpg","type":"image\/jpeg"}],"twitter_card":"summary_large_image","twitter_misc":{"Gesch\u00e4tzte Lesezeit":"1\u00a0Minute"},"schema":{"@context":"https:\/\/schema.org","@graph":[{"@type":"WebPage","@id":"https:\/\/teguar.com\/eu\/de\/product\/tb-4045-din\/","url":"https:\/\/teguar.com\/eu\/de\/product\/tb-4045-din\/","name":"DIN-montierbarer l\u00fcfterloser PC | TB-4045-DIN","isPartOf":{"@id":"https:\/\/teguar.com\/eu\/en\/#website"},"primaryImageOfPage":{"@id":"https:\/\/teguar.com\/eu\/de\/product\/tb-4045-din\/#primaryimage"},"image":{"@id":"https:\/\/teguar.com\/eu\/de\/product\/tb-4045-din\/#primaryimage"},"thumbnailUrl":"https:\/\/teguar.com\/eu\/wp-content\/uploads\/sites\/2\/2021\/05\/TB-4045-DIN_Fanless_Computer__63801.1622044772.1280.1280.jpg","datePublished":"2025-06-24T14:12:50+00:00","dateModified":"2025-11-24T14:13:46+00:00","description":"Sehen Sie sich den l\u00fcfterlosen PC TB-4045-DIN von Teguar an, der f\u00fcr den Einsatz in rauen Industrieumgebungen entwickelt wurde und \u00fcber eine gro\u00dfe Betriebstemperatur und DIN-Montagef\u00e4higkeit verf\u00fcgt.","breadcrumb":{"@id":"https:\/\/teguar.com\/eu\/de\/product\/tb-4045-din\/#breadcrumb"},"inLanguage":"de","potentialAction":[{"@type":"ReadAction","target":["https:\/\/teguar.com\/eu\/de\/product\/tb-4045-din\/"]}]},{"@type":"ImageObject","inLanguage":"de","@id":"https:\/\/teguar.com\/eu\/de\/product\/tb-4045-din\/#primaryimage","url":"https:\/\/teguar.com\/eu\/wp-content\/uploads\/sites\/2\/2021\/05\/TB-4045-DIN_Fanless_Computer__63801.1622044772.1280.1280.jpg","contentUrl":"https:\/\/teguar.com\/eu\/wp-content\/uploads\/sites\/2\/2021\/05\/TB-4045-DIN_Fanless_Computer__63801.1622044772.1280.1280.jpg","width":1000,"height":1000,"caption":"Rugged Mini PC"},{"@type":"BreadcrumbList","@id":"https:\/\/teguar.com\/eu\/de\/product\/tb-4045-din\/#breadcrumb","itemListElement":[{"@type":"ListItem","position":1,"name":"Home","item":"https:\/\/teguar.com\/eu\/de\/"},{"@type":"ListItem","position":2,"name":"TB-4045-DIN"}]},{"@type":"WebSite","@id":"https:\/\/teguar.com\/eu\/en\/#website","url":"https:\/\/teguar.com\/eu\/en\/","name":"Teguar","description":"Industrial PCs, Medical Computers, and Rugged Tablets","potentialAction":[{"@type":"SearchAction","target":{"@type":"EntryPoint","urlTemplate":"https:\/\/teguar.com\/eu\/en\/?s={search_term_string}"},"query-input":{"@type":"PropertyValueSpecification","valueRequired":true,"valueName":"search_term_string"}}],"inLanguage":"de"}]}},"_links":{"self":[{"href":"https:\/\/teguar.com\/eu\/de\/wp-json\/wp\/v2\/product\/2245335","targetHints":{"allow":["GET"]}}],"collection":[{"href":"https:\/\/teguar.com\/eu\/de\/wp-json\/wp\/v2\/product"}],"about":[{"href":"https:\/\/teguar.com\/eu\/de\/wp-json\/wp\/v2\/types\/product"}],"wp:featuredmedia":[{"embeddable":true,"href":"https:\/\/teguar.com\/eu\/de\/wp-json\/wp\/v2\/media\/2245892"}],"wp:attachment":[{"href":"https:\/\/teguar.com\/eu\/de\/wp-json\/wp\/v2\/media?parent=2245335"}],"wp:term":[{"taxonomy":"product_brand","embeddable":true,"href":"https:\/\/teguar.com\/eu\/de\/wp-json\/wp\/v2\/product_brand?post=2245335"},{"taxonomy":"product_cat","embeddable":true,"href":"https:\/\/teguar.com\/eu\/de\/wp-json\/wp\/v2\/product_cat?post=2245335"},{"taxonomy":"product_tag","embeddable":true,"href":"https:\/\/teguar.com\/eu\/de\/wp-json\/wp\/v2\/product_tag?post=2245335"},{"taxonomy":"product_label","embeddable":true,"href":"https:\/\/teguar.com\/eu\/de\/wp-json\/wp\/v2\/product_label?post=2245335"}],"curies":[{"name":"wp","href":"https:\/\/api.w.org\/{rel}","templated":true}]}}