{"id":2245328,"date":"2025-06-24T14:12:50","date_gmt":"2025-06-24T14:12:50","guid":{"rendered":"https:\/\/teguar.com\/eu\/product\/tb-4045\/"},"modified":"2025-11-24T14:11:39","modified_gmt":"2025-11-24T14:11:39","slug":"tb-4045","status":"publish","type":"product","link":"https:\/\/teguar.com\/eu\/de\/product\/tb-4045\/","title":{"rendered":"TB-4045"},"content":{"rendered":"<p>Der TB-4045 <a href=\"https:\/\/teguar.com\/eu\/de\/rugged-mini-pcs\/\">Rugged Mini PC<\/a> ist eine kompakte, zuverl\u00e4ssige L\u00f6sung zu einem \u00e4hnlichen Preis wie ein Consumer-PC. Dieser Box-PC ist f\u00fcr Produktionslinien, Lagerhallen, Schaltschr\u00e4nke und andere dauerhafte Umgebungen mit Hitze, Staub oder Maschinenvibrationen geeignet, die einem Consumer-PC schaden w\u00fcrden. Der TB-4045 ist klein genug, um neben Ihren Ger\u00e4ten Platz zu finden und Ihnen ein reibungsloses Windows-Betriebssystem zu bieten. Er ist l\u00fcfterlos und hat einen gro\u00dfen Betriebstemperaturbereich. Au\u00dferdem verf\u00fcgt er \u00fcber eine Vielzahl von Ein- und Ausg\u00e4ngen und l\u00e4uft mit einer Quad-Core Celeron CPU.    <\/p>\n","protected":false},"excerpt":{"rendered":"<p><a href=\"https:\/\/teguar.com\/eu\/de\/computer-fuer-die-industrielle-automatisierung\/\">Industrielle Automatisierungssysteme:<\/a> Die robusten Mini-PCs der Serie TB-4045 sind mit ihrer robusten Konstruktion, dem l\u00fcfterlosen Design und dem weiten Betriebstemperaturbereich ideal f\u00fcr industrielle Automatisierungsanwendungen geeignet und bieten zuverl\u00e4ssige und langlebige Rechenleistung in schwierigen Umgebungen.<\/p>\n<p><a href=\"https:\/\/teguar.com\/eu\/energy-industry-computer\/\">Fern\u00fcberwachung und -steuerung:<\/a> Die Mini-PCs der Serie TB-4045 sind f\u00fcr den Einsatz unter rauen Bedingungen konzipiert und eignen sich f\u00fcr Fern\u00fcberwachungs- und -steuerungssysteme in Branchen wie Energie, Versorgung und Transportwesen. Sie bieten einen langfristigen 24\/7-Betrieb und eine F\u00fclle von Ein- und Ausg\u00e4ngen.<\/p>\n<p><a href=\"https:\/\/teguar.com\/eu\/de\/fertigungs-computer\/\">Fertigungsausf\u00fchrungssysteme <\/a>(MES): Mit ihrem Dauerbetrieb rund um die Uhr und ihrer Widerstandsf\u00e4higkeit gegen\u00fcber Hitze, Staub und Maschinenvibrationen eignen sich die robusten Mini-PCs der Serie TB-4045 hervorragend f\u00fcr MES-Anwendungen in Fertigungsumgebungen und bieten Langlebigkeit, Zuverl\u00e4ssigkeit und Kosteneffizienz.<\/p>\n","protected":false},"featured_media":2245893,"template":"","meta":{"_acf_changed":false},"product_brand":[],"product_cat":[2812,2824,2843,2845],"product_tag":[],"product_label":[],"class_list":{"0":"post-2245328","1":"product","2":"type-product","3":"status-publish","4":"has-post-thumbnail","6":"product_cat-embedded-pcs","7":"product_cat-lufterlose-pcs","8":"product_cat-rugged-computer","9":"product_cat-rugged-mini-pcs","10":"pa_windows-windows-10-iot","11":"pa_windows-windows-10-pro","12":"pa_windows-windows-7-pro","14":"first","15":"outofstock","16":"taxable","17":"shipping-taxable","18":"purchasable","19":"product-type-simple"},"composite_virtual":false,"composite_layout":"","composite_add_to_cart_form_location":"","composite_editable_in_cart":false,"composite_sold_individually_context":"","composite_shop_price_calc":"","composite_components":[],"composite_scenarios":[],"acf":[],"yoast_head":"<!-- This site is optimized with the Yoast SEO Premium plugin v26.8 (Yoast SEO v27.2) - https:\/\/yoast.com\/product\/yoast-seo-premium-wordpress\/ -->\n<title>Robuster Box-PC | TB-4045<\/title>\n<meta name=\"description\" content=\"Sehen Sie sich den robusten Mini-PC TB-4045 von Teguar an, der einen kompakten Formfaktor mit l\u00fcfterloser K\u00fchlung und K\u00e4lte-\/Hitzebest\u00e4ndigkeit aufweist. Eine vielseitige industrielle L\u00f6sung.\" \/>\n<meta name=\"robots\" content=\"index, follow, max-snippet:-1, max-image-preview:large, max-video-preview:-1\" \/>\n<link rel=\"canonical\" href=\"https:\/\/teguar.com\/eu\/de\/product\/tb-4045\/\" \/>\n<meta property=\"og:locale\" content=\"de_DE\" \/>\n<meta property=\"og:type\" content=\"article\" \/>\n<meta property=\"og:title\" content=\"TB-4045\" \/>\n<meta property=\"og:description\" content=\"Sehen Sie sich den robusten Mini-PC TB-4045 von Teguar an, der einen kompakten Formfaktor mit l\u00fcfterloser K\u00fchlung und K\u00e4lte-\/Hitzebest\u00e4ndigkeit aufweist. Eine vielseitige industrielle L\u00f6sung.\" \/>\n<meta property=\"og:url\" content=\"https:\/\/teguar.com\/eu\/de\/product\/tb-4045\/\" \/>\n<meta property=\"og:site_name\" content=\"Teguar\" \/>\n<meta property=\"article:modified_time\" content=\"2025-11-24T14:11:39+00:00\" \/>\n<meta property=\"og:image\" content=\"https:\/\/teguar.com\/eu\/wp-content\/uploads\/sites\/2\/2021\/05\/TB-4045-No-Audio-Line-High-Res-4.png\" \/>\n<meta name=\"twitter:card\" content=\"summary_large_image\" \/>\n<meta name=\"twitter:label1\" content=\"Gesch\u00e4tzte Lesezeit\" \/>\n\t<meta name=\"twitter:data1\" content=\"1\u00a0Minute\" \/>\n<script type=\"application\/ld+json\" class=\"yoast-schema-graph\">{\"@context\":\"https:\/\/schema.org\",\"@graph\":[{\"@type\":\"WebPage\",\"@id\":\"https:\/\/teguar.com\/eu\/de\/product\/tb-4045\/\",\"url\":\"https:\/\/teguar.com\/eu\/de\/product\/tb-4045\/\",\"name\":\"Robuster Box-PC | TB-4045\",\"isPartOf\":{\"@id\":\"https:\/\/teguar.com\/eu\/en\/#website\"},\"primaryImageOfPage\":{\"@id\":\"https:\/\/teguar.com\/eu\/de\/product\/tb-4045\/#primaryimage\"},\"image\":{\"@id\":\"https:\/\/teguar.com\/eu\/de\/product\/tb-4045\/#primaryimage\"},\"thumbnailUrl\":\"https:\/\/teguar.com\/eu\/wp-content\/uploads\/sites\/2\/2021\/05\/TB-4045_box_pc_front_view__24234.1635359355.1280.1280.jpg\",\"datePublished\":\"2025-06-24T14:12:50+00:00\",\"dateModified\":\"2025-11-24T14:11:39+00:00\",\"description\":\"Sehen Sie sich den robusten Mini-PC TB-4045 von Teguar an, der einen kompakten Formfaktor mit l\u00fcfterloser K\u00fchlung und K\u00e4lte-\/Hitzebest\u00e4ndigkeit aufweist. Eine vielseitige industrielle L\u00f6sung.\",\"breadcrumb\":{\"@id\":\"https:\/\/teguar.com\/eu\/de\/product\/tb-4045\/#breadcrumb\"},\"inLanguage\":\"de\",\"potentialAction\":[{\"@type\":\"ReadAction\",\"target\":[\"https:\/\/teguar.com\/eu\/de\/product\/tb-4045\/\"]}]},{\"@type\":\"ImageObject\",\"inLanguage\":\"de\",\"@id\":\"https:\/\/teguar.com\/eu\/de\/product\/tb-4045\/#primaryimage\",\"url\":\"https:\/\/teguar.com\/eu\/wp-content\/uploads\/sites\/2\/2021\/05\/TB-4045_box_pc_front_view__24234.1635359355.1280.1280.jpg\",\"contentUrl\":\"https:\/\/teguar.com\/eu\/wp-content\/uploads\/sites\/2\/2021\/05\/TB-4045_box_pc_front_view__24234.1635359355.1280.1280.jpg\",\"width\":1000,\"height\":1000,\"caption\":\"Fanless Box PC\"},{\"@type\":\"BreadcrumbList\",\"@id\":\"https:\/\/teguar.com\/eu\/de\/product\/tb-4045\/#breadcrumb\",\"itemListElement\":[{\"@type\":\"ListItem\",\"position\":1,\"name\":\"Home\",\"item\":\"https:\/\/teguar.com\/eu\/de\/\"},{\"@type\":\"ListItem\",\"position\":2,\"name\":\"TB-4045\"}]},{\"@type\":\"WebSite\",\"@id\":\"https:\/\/teguar.com\/eu\/en\/#website\",\"url\":\"https:\/\/teguar.com\/eu\/en\/\",\"name\":\"Teguar\",\"description\":\"Industrial PCs, Medical Computers, and Rugged Tablets\",\"potentialAction\":[{\"@type\":\"SearchAction\",\"target\":{\"@type\":\"EntryPoint\",\"urlTemplate\":\"https:\/\/teguar.com\/eu\/en\/?s={search_term_string}\"},\"query-input\":{\"@type\":\"PropertyValueSpecification\",\"valueRequired\":true,\"valueName\":\"search_term_string\"}}],\"inLanguage\":\"de\"}]}<\/script>\n<!-- \/ Yoast SEO Premium plugin. -->","yoast_head_json":{"title":"Robuster Box-PC | TB-4045","description":"Sehen Sie sich den robusten Mini-PC TB-4045 von Teguar an, der einen kompakten Formfaktor mit l\u00fcfterloser K\u00fchlung und K\u00e4lte-\/Hitzebest\u00e4ndigkeit aufweist. Eine vielseitige industrielle L\u00f6sung.","robots":{"index":"index","follow":"follow","max-snippet":"max-snippet:-1","max-image-preview":"max-image-preview:large","max-video-preview":"max-video-preview:-1"},"canonical":"https:\/\/teguar.com\/eu\/de\/product\/tb-4045\/","og_locale":"de_DE","og_type":"article","og_title":"TB-4045","og_description":"Sehen Sie sich den robusten Mini-PC TB-4045 von Teguar an, der einen kompakten Formfaktor mit l\u00fcfterloser K\u00fchlung und K\u00e4lte-\/Hitzebest\u00e4ndigkeit aufweist. Eine vielseitige industrielle L\u00f6sung.","og_url":"https:\/\/teguar.com\/eu\/de\/product\/tb-4045\/","og_site_name":"Teguar","article_modified_time":"2025-11-24T14:11:39+00:00","og_image":[{"url":"https:\/\/teguar.com\/eu\/wp-content\/uploads\/sites\/2\/2021\/05\/TB-4045-No-Audio-Line-High-Res-4.png","type":"","width":"","height":""}],"twitter_card":"summary_large_image","twitter_misc":{"Gesch\u00e4tzte Lesezeit":"1\u00a0Minute"},"schema":{"@context":"https:\/\/schema.org","@graph":[{"@type":"WebPage","@id":"https:\/\/teguar.com\/eu\/de\/product\/tb-4045\/","url":"https:\/\/teguar.com\/eu\/de\/product\/tb-4045\/","name":"Robuster Box-PC | TB-4045","isPartOf":{"@id":"https:\/\/teguar.com\/eu\/en\/#website"},"primaryImageOfPage":{"@id":"https:\/\/teguar.com\/eu\/de\/product\/tb-4045\/#primaryimage"},"image":{"@id":"https:\/\/teguar.com\/eu\/de\/product\/tb-4045\/#primaryimage"},"thumbnailUrl":"https:\/\/teguar.com\/eu\/wp-content\/uploads\/sites\/2\/2021\/05\/TB-4045_box_pc_front_view__24234.1635359355.1280.1280.jpg","datePublished":"2025-06-24T14:12:50+00:00","dateModified":"2025-11-24T14:11:39+00:00","description":"Sehen Sie sich den robusten Mini-PC TB-4045 von Teguar an, der einen kompakten Formfaktor mit l\u00fcfterloser K\u00fchlung und K\u00e4lte-\/Hitzebest\u00e4ndigkeit aufweist. Eine vielseitige industrielle L\u00f6sung.","breadcrumb":{"@id":"https:\/\/teguar.com\/eu\/de\/product\/tb-4045\/#breadcrumb"},"inLanguage":"de","potentialAction":[{"@type":"ReadAction","target":["https:\/\/teguar.com\/eu\/de\/product\/tb-4045\/"]}]},{"@type":"ImageObject","inLanguage":"de","@id":"https:\/\/teguar.com\/eu\/de\/product\/tb-4045\/#primaryimage","url":"https:\/\/teguar.com\/eu\/wp-content\/uploads\/sites\/2\/2021\/05\/TB-4045_box_pc_front_view__24234.1635359355.1280.1280.jpg","contentUrl":"https:\/\/teguar.com\/eu\/wp-content\/uploads\/sites\/2\/2021\/05\/TB-4045_box_pc_front_view__24234.1635359355.1280.1280.jpg","width":1000,"height":1000,"caption":"Fanless Box PC"},{"@type":"BreadcrumbList","@id":"https:\/\/teguar.com\/eu\/de\/product\/tb-4045\/#breadcrumb","itemListElement":[{"@type":"ListItem","position":1,"name":"Home","item":"https:\/\/teguar.com\/eu\/de\/"},{"@type":"ListItem","position":2,"name":"TB-4045"}]},{"@type":"WebSite","@id":"https:\/\/teguar.com\/eu\/en\/#website","url":"https:\/\/teguar.com\/eu\/en\/","name":"Teguar","description":"Industrial PCs, Medical Computers, and Rugged Tablets","potentialAction":[{"@type":"SearchAction","target":{"@type":"EntryPoint","urlTemplate":"https:\/\/teguar.com\/eu\/en\/?s={search_term_string}"},"query-input":{"@type":"PropertyValueSpecification","valueRequired":true,"valueName":"search_term_string"}}],"inLanguage":"de"}]}},"_links":{"self":[{"href":"https:\/\/teguar.com\/eu\/de\/wp-json\/wp\/v2\/product\/2245328","targetHints":{"allow":["GET"]}}],"collection":[{"href":"https:\/\/teguar.com\/eu\/de\/wp-json\/wp\/v2\/product"}],"about":[{"href":"https:\/\/teguar.com\/eu\/de\/wp-json\/wp\/v2\/types\/product"}],"wp:featuredmedia":[{"embeddable":true,"href":"https:\/\/teguar.com\/eu\/de\/wp-json\/wp\/v2\/media\/2245893"}],"wp:attachment":[{"href":"https:\/\/teguar.com\/eu\/de\/wp-json\/wp\/v2\/media?parent=2245328"}],"wp:term":[{"taxonomy":"product_brand","embeddable":true,"href":"https:\/\/teguar.com\/eu\/de\/wp-json\/wp\/v2\/product_brand?post=2245328"},{"taxonomy":"product_cat","embeddable":true,"href":"https:\/\/teguar.com\/eu\/de\/wp-json\/wp\/v2\/product_cat?post=2245328"},{"taxonomy":"product_tag","embeddable":true,"href":"https:\/\/teguar.com\/eu\/de\/wp-json\/wp\/v2\/product_tag?post=2245328"},{"taxonomy":"product_label","embeddable":true,"href":"https:\/\/teguar.com\/eu\/de\/wp-json\/wp\/v2\/product_label?post=2245328"}],"curies":[{"name":"wp","href":"https:\/\/api.w.org\/{rel}","templated":true}]}}