{"id":2245327,"date":"2025-06-24T14:12:51","date_gmt":"2025-06-24T14:12:51","guid":{"rendered":"https:\/\/teguar.com\/eu\/product\/trt-5280-10\/"},"modified":"2025-11-24T14:42:29","modified_gmt":"2025-11-24T14:42:29","slug":"trt-5280-10","status":"publish","type":"product","link":"https:\/\/teguar.com\/eu\/de\/product\/trt-5280-10\/","title":{"rendered":"TRT-5280-10"},"content":{"rendered":"<p>Das TRT-5280-10 l\u00e4uft mit einem leistungsstarken Intel Core i7 Prozessor. Er hat einen 10,1-Zoll-Touchscreen aus Gorilla-Glas und ein robustes Geh\u00e4use, das das Tablet vor St\u00fcrzen und St\u00f6\u00dfen sch\u00fctzt. Dieser Tablet PC ist au\u00dferdem vollst\u00e4ndig wasserdicht (IP65), so dass Sie sich keine Sorgen \u00fcber Regen oder Feuchtigkeit machen m\u00fcssen. Der Akku l\u00e4sst sich leicht herausnehmen und gegen einen voll aufgeladenen Akku austauschen. Bleiben Sie auch unterwegs in Verbindung mit WiFi, Bluetooth, 4G LTE und GPS. Dieses Tablet bietet au\u00dferdem zus\u00e4tzliche Optionen f\u00fcr einen Fingerabdruckleser, NFC, 1D\/2D-Barcodescanner, einen seriellen Anschluss, einen Ethernet-Anschluss oder einen zus\u00e4tzlichen USB-Anschluss sowie eine Vielzahl von Dockingstationen auf dem Schreibtisch oder im Fahrzeug.     <\/p>\n","protected":false},"excerpt":{"rendered":"<p><a href=\"https:\/\/teguar.com\/eu\/de\/computer-fuer-die-lagerverwaltung\/\">Logistik und Lagerverwaltung:<\/a> Mit ihren hochgezogenen Ecken und der Wasserdichtigkeitsklasse IP65 eignen sich die Tablets der Serie TRT-5280 hervorragend f\u00fcr Logistik- und Lagerverwaltungsaufgaben. Sie sind zuverl\u00e4ssige Ger\u00e4te f\u00fcr das Scannen von Barcodes, die Bestandskontrolle und die Dateneingabe in anspruchsvollen industriellen Umgebungen.<\/p>\n<p><a href=\"https:\/\/teguar.com\/eu\/de\/computer-fuer-den-aussenbereich\/\">Au\u00dfendienst im Freien: <\/a>Die Tablets der Serie TRT-5280 sind mit ihrem robusten Design und optionalen Modulen wie einem DB9 COM-Anschluss f\u00fcr den Au\u00dfendienst geeignet. Sie erm\u00f6glichen Technikern den Zugriff auf Handb\u00fccher, die Kommunikation mit zentralen Systemen und die Durchf\u00fchrung von Reparaturen vor Ort in verschiedenen Branchen.<\/p>\n<p>Wartung und Inspektion von Anlagen: Die Tablets der Serie TRT-5280 mit ihrem im laufenden Betrieb austauschbaren Akku und ihrer robusten Bauweise eignen sich hervorragend f\u00fcr die Wartung und Inspektion von Anlagen. Sie erm\u00f6glichen Technikern die Durchf\u00fchrung von Routinekontrollen, die Aufzeichnung von Daten und die Durchf\u00fchrung von Wartungsaufgaben in Industrieanlagen oder gro\u00dfen Geb\u00e4uden.<\/p>\n","protected":false},"featured_media":2245895,"template":"","meta":{"_acf_changed":false},"product_brand":[],"product_cat":[2846],"product_tag":[],"product_label":[],"class_list":{"0":"post-2245327","1":"product","2":"type-product","3":"status-publish","4":"has-post-thumbnail","6":"product_cat-rugged-windows-tablets","7":"pa_windows-windows-10-pro","8":"pa_windows-windows-7-pro","10":"first","11":"instock","12":"taxable","13":"shipping-taxable","14":"purchasable","15":"product-type-simple"},"composite_virtual":false,"composite_layout":"","composite_add_to_cart_form_location":"","composite_editable_in_cart":false,"composite_sold_individually_context":"","composite_shop_price_calc":"","composite_components":[],"composite_scenarios":[],"acf":[],"yoast_head":"<!-- This site is optimized with the Yoast SEO Premium plugin v26.8 (Yoast SEO v27.2) - https:\/\/yoast.com\/product\/yoast-seo-premium-wordpress\/ -->\n<title>Robuster 10&quot; Tablet PC | TRT-5280-10<\/title>\n<meta name=\"description\" content=\"Der TRT-5280-10 Rugged Tablet PC l\u00e4uft mit Windows 10 und einer Intel Core i7 CPU. Er ist robust und kompakt, gebaut, um \u00fcberallhin mitgenommen zu werden.\" \/>\n<meta name=\"robots\" content=\"index, follow, max-snippet:-1, max-image-preview:large, max-video-preview:-1\" \/>\n<link rel=\"canonical\" href=\"https:\/\/teguar.com\/eu\/en\/product\/trt-5280-10\/\" \/>\n<meta property=\"og:locale\" content=\"de_DE\" \/>\n<meta property=\"og:type\" content=\"article\" \/>\n<meta property=\"og:title\" content=\"TRT-5280-10\" \/>\n<meta property=\"og:description\" content=\"Der TRT-5280-10 Rugged Tablet PC l\u00e4uft mit Windows 10 und einer Intel Core i7 CPU. Er ist robust und kompakt, gebaut, um \u00fcberallhin mitgenommen zu werden.\" \/>\n<meta property=\"og:url\" content=\"https:\/\/teguar.com\/eu\/en\/product\/trt-5280-10\/\" \/>\n<meta property=\"og:site_name\" content=\"Teguar\" \/>\n<meta property=\"article:modified_time\" content=\"2025-11-24T14:42:29+00:00\" \/>\n<meta property=\"og:image\" content=\"https:\/\/teguar.com\/eu\/wp-content\/uploads\/sites\/2\/2021\/05\/10-inch-rugged-tablet__97364.1621964821.1280.1280.jpg\" \/>\n\t<meta property=\"og:image:width\" content=\"1000\" \/>\n\t<meta property=\"og:image:height\" content=\"1000\" \/>\n\t<meta property=\"og:image:type\" content=\"image\/jpeg\" \/>\n<meta name=\"twitter:card\" content=\"summary_large_image\" \/>\n<meta name=\"twitter:label1\" content=\"Gesch\u00e4tzte Lesezeit\" \/>\n\t<meta name=\"twitter:data1\" content=\"1\u00a0Minute\" \/>\n<script type=\"application\/ld+json\" class=\"yoast-schema-graph\">{\"@context\":\"https:\/\/schema.org\",\"@graph\":[{\"@type\":\"WebPage\",\"@id\":\"https:\/\/teguar.com\/eu\/en\/product\/trt-5280-10\/\",\"url\":\"https:\/\/teguar.com\/eu\/en\/product\/trt-5280-10\/\",\"name\":\"Robuster 10\\\" Tablet PC | TRT-5280-10\",\"isPartOf\":{\"@id\":\"https:\/\/teguar.com\/eu\/en\/#website\"},\"primaryImageOfPage\":{\"@id\":\"https:\/\/teguar.com\/eu\/en\/product\/trt-5280-10\/#primaryimage\"},\"image\":{\"@id\":\"https:\/\/teguar.com\/eu\/en\/product\/trt-5280-10\/#primaryimage\"},\"thumbnailUrl\":\"https:\/\/teguar.com\/eu\/wp-content\/uploads\/sites\/2\/2021\/05\/10-inch-rugged-tablet__97364.1621964821.1280.1280.jpg\",\"datePublished\":\"2025-06-24T14:12:51+00:00\",\"dateModified\":\"2025-11-24T14:42:29+00:00\",\"description\":\"Der TRT-5280-10 Rugged Tablet PC l\u00e4uft mit Windows 10 und einer Intel Core i7 CPU. Er ist robust und kompakt, gebaut, um \u00fcberallhin mitgenommen zu werden.\",\"breadcrumb\":{\"@id\":\"https:\/\/teguar.com\/eu\/en\/product\/trt-5280-10\/#breadcrumb\"},\"inLanguage\":\"de\",\"potentialAction\":[{\"@type\":\"ReadAction\",\"target\":[\"https:\/\/teguar.com\/eu\/en\/product\/trt-5280-10\/\"]}]},{\"@type\":\"ImageObject\",\"inLanguage\":\"de\",\"@id\":\"https:\/\/teguar.com\/eu\/en\/product\/trt-5280-10\/#primaryimage\",\"url\":\"https:\/\/teguar.com\/eu\/wp-content\/uploads\/sites\/2\/2021\/05\/10-inch-rugged-tablet__97364.1621964821.1280.1280.jpg\",\"contentUrl\":\"https:\/\/teguar.com\/eu\/wp-content\/uploads\/sites\/2\/2021\/05\/10-inch-rugged-tablet__97364.1621964821.1280.1280.jpg\",\"width\":1000,\"height\":1000,\"caption\":\"10\\\" Rugged Tablet PC\"},{\"@type\":\"BreadcrumbList\",\"@id\":\"https:\/\/teguar.com\/eu\/en\/product\/trt-5280-10\/#breadcrumb\",\"itemListElement\":[{\"@type\":\"ListItem\",\"position\":1,\"name\":\"Home\",\"item\":\"https:\/\/teguar.com\/eu\/de\/\"},{\"@type\":\"ListItem\",\"position\":2,\"name\":\"TRT-5280-10\"}]},{\"@type\":\"WebSite\",\"@id\":\"https:\/\/teguar.com\/eu\/en\/#website\",\"url\":\"https:\/\/teguar.com\/eu\/en\/\",\"name\":\"Teguar\",\"description\":\"Industrial PCs, Medical Computers, and Rugged Tablets\",\"potentialAction\":[{\"@type\":\"SearchAction\",\"target\":{\"@type\":\"EntryPoint\",\"urlTemplate\":\"https:\/\/teguar.com\/eu\/en\/?s={search_term_string}\"},\"query-input\":{\"@type\":\"PropertyValueSpecification\",\"valueRequired\":true,\"valueName\":\"search_term_string\"}}],\"inLanguage\":\"de\"}]}<\/script>\n<!-- \/ Yoast SEO Premium plugin. -->","yoast_head_json":{"title":"Robuster 10\" Tablet PC | TRT-5280-10","description":"Der TRT-5280-10 Rugged Tablet PC l\u00e4uft mit Windows 10 und einer Intel Core i7 CPU. Er ist robust und kompakt, gebaut, um \u00fcberallhin mitgenommen zu werden.","robots":{"index":"index","follow":"follow","max-snippet":"max-snippet:-1","max-image-preview":"max-image-preview:large","max-video-preview":"max-video-preview:-1"},"canonical":"https:\/\/teguar.com\/eu\/en\/product\/trt-5280-10\/","og_locale":"de_DE","og_type":"article","og_title":"TRT-5280-10","og_description":"Der TRT-5280-10 Rugged Tablet PC l\u00e4uft mit Windows 10 und einer Intel Core i7 CPU. Er ist robust und kompakt, gebaut, um \u00fcberallhin mitgenommen zu werden.","og_url":"https:\/\/teguar.com\/eu\/en\/product\/trt-5280-10\/","og_site_name":"Teguar","article_modified_time":"2025-11-24T14:42:29+00:00","og_image":[{"width":1000,"height":1000,"url":"https:\/\/teguar.com\/eu\/wp-content\/uploads\/sites\/2\/2021\/05\/10-inch-rugged-tablet__97364.1621964821.1280.1280.jpg","type":"image\/jpeg"}],"twitter_card":"summary_large_image","twitter_misc":{"Gesch\u00e4tzte Lesezeit":"1\u00a0Minute"},"schema":{"@context":"https:\/\/schema.org","@graph":[{"@type":"WebPage","@id":"https:\/\/teguar.com\/eu\/en\/product\/trt-5280-10\/","url":"https:\/\/teguar.com\/eu\/en\/product\/trt-5280-10\/","name":"Robuster 10\" Tablet PC | TRT-5280-10","isPartOf":{"@id":"https:\/\/teguar.com\/eu\/en\/#website"},"primaryImageOfPage":{"@id":"https:\/\/teguar.com\/eu\/en\/product\/trt-5280-10\/#primaryimage"},"image":{"@id":"https:\/\/teguar.com\/eu\/en\/product\/trt-5280-10\/#primaryimage"},"thumbnailUrl":"https:\/\/teguar.com\/eu\/wp-content\/uploads\/sites\/2\/2021\/05\/10-inch-rugged-tablet__97364.1621964821.1280.1280.jpg","datePublished":"2025-06-24T14:12:51+00:00","dateModified":"2025-11-24T14:42:29+00:00","description":"Der TRT-5280-10 Rugged Tablet PC l\u00e4uft mit Windows 10 und einer Intel Core i7 CPU. Er ist robust und kompakt, gebaut, um \u00fcberallhin mitgenommen zu werden.","breadcrumb":{"@id":"https:\/\/teguar.com\/eu\/en\/product\/trt-5280-10\/#breadcrumb"},"inLanguage":"de","potentialAction":[{"@type":"ReadAction","target":["https:\/\/teguar.com\/eu\/en\/product\/trt-5280-10\/"]}]},{"@type":"ImageObject","inLanguage":"de","@id":"https:\/\/teguar.com\/eu\/en\/product\/trt-5280-10\/#primaryimage","url":"https:\/\/teguar.com\/eu\/wp-content\/uploads\/sites\/2\/2021\/05\/10-inch-rugged-tablet__97364.1621964821.1280.1280.jpg","contentUrl":"https:\/\/teguar.com\/eu\/wp-content\/uploads\/sites\/2\/2021\/05\/10-inch-rugged-tablet__97364.1621964821.1280.1280.jpg","width":1000,"height":1000,"caption":"10\" Rugged Tablet PC"},{"@type":"BreadcrumbList","@id":"https:\/\/teguar.com\/eu\/en\/product\/trt-5280-10\/#breadcrumb","itemListElement":[{"@type":"ListItem","position":1,"name":"Home","item":"https:\/\/teguar.com\/eu\/de\/"},{"@type":"ListItem","position":2,"name":"TRT-5280-10"}]},{"@type":"WebSite","@id":"https:\/\/teguar.com\/eu\/en\/#website","url":"https:\/\/teguar.com\/eu\/en\/","name":"Teguar","description":"Industrial PCs, Medical Computers, and Rugged Tablets","potentialAction":[{"@type":"SearchAction","target":{"@type":"EntryPoint","urlTemplate":"https:\/\/teguar.com\/eu\/en\/?s={search_term_string}"},"query-input":{"@type":"PropertyValueSpecification","valueRequired":true,"valueName":"search_term_string"}}],"inLanguage":"de"}]}},"_links":{"self":[{"href":"https:\/\/teguar.com\/eu\/de\/wp-json\/wp\/v2\/product\/2245327","targetHints":{"allow":["GET"]}}],"collection":[{"href":"https:\/\/teguar.com\/eu\/de\/wp-json\/wp\/v2\/product"}],"about":[{"href":"https:\/\/teguar.com\/eu\/de\/wp-json\/wp\/v2\/types\/product"}],"wp:featuredmedia":[{"embeddable":true,"href":"https:\/\/teguar.com\/eu\/de\/wp-json\/wp\/v2\/media\/2245895"}],"wp:attachment":[{"href":"https:\/\/teguar.com\/eu\/de\/wp-json\/wp\/v2\/media?parent=2245327"}],"wp:term":[{"taxonomy":"product_brand","embeddable":true,"href":"https:\/\/teguar.com\/eu\/de\/wp-json\/wp\/v2\/product_brand?post=2245327"},{"taxonomy":"product_cat","embeddable":true,"href":"https:\/\/teguar.com\/eu\/de\/wp-json\/wp\/v2\/product_cat?post=2245327"},{"taxonomy":"product_tag","embeddable":true,"href":"https:\/\/teguar.com\/eu\/de\/wp-json\/wp\/v2\/product_tag?post=2245327"},{"taxonomy":"product_label","embeddable":true,"href":"https:\/\/teguar.com\/eu\/de\/wp-json\/wp\/v2\/product_label?post=2245327"}],"curies":[{"name":"wp","href":"https:\/\/api.w.org\/{rel}","templated":true}]}}