{"id":2245319,"date":"2026-02-01T12:11:59","date_gmt":"2026-02-01T12:11:59","guid":{"rendered":"https:\/\/teguar.com\/eu\/product\/tp-4845-08\/"},"modified":"2026-01-02T19:03:23","modified_gmt":"2026-01-02T19:03:23","slug":"tp-4845-08","status":"publish","type":"product","link":"https:\/\/teguar.com\/eu\/de\/product\/tp-4845-08\/","title":{"rendered":"TP-4845-08"},"content":{"rendered":"<p>Der 8&#8243; <a href=\"https:\/\/teguar.com\/eu\/de\/panel-pcs\/\">Panel PC<\/a> wird von einem Intel Celeron J6412 Quad-Core-Prozessor angetrieben und ist f\u00fcr eine lange Lebensdauer ausgelegt. Mit seinem IP66-zertifizierten Aluminiumdruckgussgeh\u00e4use ist dieser Panel PC ideal f\u00fcr robuste Fertigungsanwendungen, bei denen Staub und Schmutz vorkommen. Mit dem Betriebssystem Windows 11 k\u00f6nnen Sie alle aktuellen Funktionen nutzen. Passen Sie den TP-4845-08 an Ihr spezifisches Projekt an, indem Sie anpassbare E\/As wie zus\u00e4tzliche USB- und COM-Ports hinzuf\u00fcgen. Der 8-Zoll-Bildschirm ist wahlweise mit resistivem oder PCAP-Touch erh\u00e4ltlich.    <\/p>\n","protected":false},"excerpt":{"rendered":"<p><a href=\"https:\/\/teguar.com\/eu\/de\/computer-fuer-die-industrielle-automatisierung\/\">Steuerungssysteme f\u00fcr die industrielle Automatisierung: <\/a>Das TP-4845 wird von einem Intel J6412 Quad-Core-Prozessor angetrieben, der einen nahtlosen Windows 11-Betrieb f\u00fcr eine pr\u00e4zise Steuerung in der industriellen Automatisierung gew\u00e4hrleistet. Mit einer b\u00fcndig abschlie\u00dfenden IP66-konformen Frontblende und integrierter WiFi 6-F\u00e4higkeit ist es ideal f\u00fcr industrielle Standardanwendungen. <\/p>\n<p><a href=\"https:\/\/teguar.com\/eu\/de\/fertigungs-computer\/\">\u00dcberwachung von Fertigungsprozessen:<\/a> Die TP-4845 Flush Mount Panel PC Serie eignet sich hervorragend f\u00fcr robuste Anwendungen in der Fertigung zur Prozess\u00fcberwachung. Mit einer vollst\u00e4ndig b\u00fcndig abschlie\u00dfenden Frontblende der Schutzklasse IP66 sorgt er f\u00fcr zuverl\u00e4ssige Leistung in Umgebungen mit Staub und Schmutz. Mit integriertem WiFi 6 bietet er Unterst\u00fctzung f\u00fcr Konnektivit\u00e4t.  <\/p>\n<p><a href=\"https:\/\/teguar.com\/eu\/machine-vision-computer\/\">Industrielle Bildverarbeitung und Qualit\u00e4tskontrolle:<\/a> Das TP-4845 mit dem Intel J6412 Quad-Core-Prozessor ist eine zuverl\u00e4ssige Wahl f\u00fcr die industrielle Bildverarbeitung und Qualit\u00e4tskontrolle. Es bietet einen nahtlosen Windows 11-Betrieb und integriertes WiFi 6 und eignet sich mit seiner b\u00fcndig abschlie\u00dfenden IP66-zertifizierten Frontblende f\u00fcr robuste Produktionsumgebungen. Es ist in verschiedenen Bildschirmgr\u00f6\u00dfen mit kapazitiven und resistiven Touch-Optionen erh\u00e4ltlich und bietet so Flexibilit\u00e4t f\u00fcr die Benutzerinteraktion.  <\/p>\n","protected":false},"featured_media":2245324,"template":"","meta":{"_acf_changed":false},"product_brand":[],"product_cat":[2826,2839],"product_tag":[4591,3127,2635,5418,5420],"product_label":[],"class_list":{"0":"post-2245319","1":"product","2":"type-product","3":"status-publish","4":"has-post-thumbnail","6":"product_cat-hmi-panel","7":"product_cat-panel-pcs","8":"product_tag-cornerstone-series","9":"product_tag-industriecomputer-im-schnellversand","10":"product_tag-online-kaufen","11":"product_tag-schnellversand-panel-pcs","12":"product_tag-tp-4845-series","13":"pa_windows-windows-10-iot","14":"pa_windows-windows-10-pro","15":"pa_windows-windows-11-pro","17":"first","18":"instock","19":"taxable","20":"shipping-taxable","21":"purchasable","22":"product-type-composite"},"composite_virtual":false,"composite_layout":"single","composite_add_to_cart_form_location":"default","composite_editable_in_cart":false,"composite_sold_individually_context":"product","composite_shop_price_calc":"min_max","composite_components":[{"id":"1757962981","title":"Touchscreen","description":"","query_type":"product_ids","query_ids":[2242870,2242871],"default_option_id":"","thumbnail_id":"","thumbnail_src":"","quantity_min":1,"quantity_max":1,"priced_individually":true,"shipped_individually":false,"optional":false,"discount":"","options_style":"dropdowns","pagination_style":"classic","display_prices":"relative","show_sorting_options":false,"show_filtering_options":false,"attribute_filter_ids":[],"select_action":"view","product_title_visible":true,"product_descr_visible":false,"product_price_visible":false,"product_thumb_visible":false,"subtotal_visible_product":false,"subtotal_visible_cart":false,"subtotal_visible_orders":false},{"id":"1757962982","title":"WIDDER","description":"","query_type":"product_ids","query_ids":[2240778,2240774,2240775,2240776],"default_option_id":"","thumbnail_id":"","thumbnail_src":"","quantity_min":1,"quantity_max":1,"priced_individually":true,"shipped_individually":false,"optional":false,"discount":"","options_style":"dropdowns","pagination_style":"classic","display_prices":"relative","show_sorting_options":false,"show_filtering_options":false,"attribute_filter_ids":[],"select_action":"view","product_title_visible":true,"product_descr_visible":false,"product_price_visible":false,"product_thumb_visible":false,"subtotal_visible_product":false,"subtotal_visible_cart":false,"subtotal_visible_orders":false},{"id":"1757962983","title":"Lagerung","description":"","query_type":"product_ids","query_ids":[2240798,2240799,2240800],"default_option_id":"","thumbnail_id":"","thumbnail_src":"","quantity_min":1,"quantity_max":1,"priced_individually":true,"shipped_individually":false,"optional":false,"discount":"","options_style":"dropdowns","pagination_style":"classic","display_prices":"relative","show_sorting_options":false,"show_filtering_options":false,"attribute_filter_ids":[],"select_action":"view","product_title_visible":true,"product_descr_visible":false,"product_price_visible":false,"product_thumb_visible":false,"subtotal_visible_product":false,"subtotal_visible_cart":false,"subtotal_visible_orders":false},{"id":"1757962984","title":"Stromversorgung","description":"","query_type":"product_ids","query_ids":[2240753,2240767],"default_option_id":"","thumbnail_id":"","thumbnail_src":"","quantity_min":1,"quantity_max":1,"priced_individually":true,"shipped_individually":false,"optional":false,"discount":"","options_style":"dropdowns","pagination_style":"classic","display_prices":"relative","show_sorting_options":false,"show_filtering_options":false,"attribute_filter_ids":[],"select_action":"view","product_title_visible":true,"product_descr_visible":false,"product_price_visible":false,"product_thumb_visible":false,"subtotal_visible_product":false,"subtotal_visible_cart":false,"subtotal_visible_orders":false},{"id":"1757962985","title":"WiFi und Bluetooth","description":"","query_type":"product_ids","query_ids":[2240833,2240827],"default_option_id":"","thumbnail_id":"","thumbnail_src":"","quantity_min":1,"quantity_max":1,"priced_individually":true,"shipped_individually":false,"optional":false,"discount":"","options_style":"dropdowns","pagination_style":"classic","display_prices":"relative","show_sorting_options":false,"show_filtering_options":false,"attribute_filter_ids":[],"select_action":"view","product_title_visible":true,"product_descr_visible":false,"product_price_visible":false,"product_thumb_visible":false,"subtotal_visible_product":false,"subtotal_visible_cart":false,"subtotal_visible_orders":false},{"id":"1757962986","title":"Display-Helligkeit","description":"","query_type":"product_ids","query_ids":[2240720,2241450],"default_option_id":"","thumbnail_id":"","thumbnail_src":"","quantity_min":1,"quantity_max":1,"priced_individually":true,"shipped_individually":false,"optional":false,"discount":"","options_style":"dropdowns","pagination_style":"classic","display_prices":"relative","show_sorting_options":false,"show_filtering_options":false,"attribute_filter_ids":[],"select_action":"view","product_title_visible":true,"product_descr_visible":false,"product_price_visible":false,"product_thumb_visible":false,"subtotal_visible_product":false,"subtotal_visible_cart":false,"subtotal_visible_orders":false},{"id":"1757962987","title":"Optisches Bonding","description":"","query_type":"product_ids","query_ids":[2240746,2241451],"default_option_id":"","thumbnail_id":"","thumbnail_src":"","quantity_min":1,"quantity_max":1,"priced_individually":true,"shipped_individually":false,"optional":false,"discount":"","options_style":"dropdowns","pagination_style":"classic","display_prices":"relative","show_sorting_options":false,"show_filtering_options":false,"attribute_filter_ids":[],"select_action":"view","product_title_visible":true,"product_descr_visible":false,"product_price_visible":false,"product_thumb_visible":false,"subtotal_visible_product":false,"subtotal_visible_cart":false,"subtotal_visible_orders":false},{"id":"1757962988","title":"Betriebssystem","description":"","query_type":"product_ids","query_ids":[2240737,2248499,2240734,2240732,2240733,2242865],"default_option_id":"","thumbnail_id":"","thumbnail_src":"","quantity_min":1,"quantity_max":1,"priced_individually":true,"shipped_individually":false,"optional":false,"discount":"","options_style":"dropdowns","pagination_style":"classic","display_prices":"relative","show_sorting_options":false,"show_filtering_options":false,"attribute_filter_ids":[],"select_action":"view","product_title_visible":true,"product_descr_visible":false,"product_price_visible":false,"product_thumb_visible":false,"subtotal_visible_product":false,"subtotal_visible_cart":false,"subtotal_visible_orders":false}],"composite_scenarios":[],"acf":[],"yoast_head":"<!-- This site is optimized with the Yoast SEO Premium plugin v26.8 (Yoast SEO v27.2) - https:\/\/yoast.com\/product\/yoast-seo-premium-wordpress\/ -->\n<title>8&quot; Panel PC | TP-4845-08<\/title>\n<meta name=\"description\" content=\"Der 8&quot; Panel PC wird von einem Intel Celeron J6412 Quad-Core-Prozessor angetrieben und ist f\u00fcr eine lange Lebensdauer ausgelegt.\" \/>\n<meta name=\"robots\" content=\"index, follow, max-snippet:-1, max-image-preview:large, max-video-preview:-1\" \/>\n<link rel=\"canonical\" href=\"https:\/\/teguar.com\/eu\/de\/product\/tp-4845-08\/\" \/>\n<meta property=\"og:locale\" content=\"de_DE\" \/>\n<meta property=\"og:type\" content=\"article\" \/>\n<meta property=\"og:title\" content=\"TP-4845-08\" \/>\n<meta property=\"og:description\" content=\"Der 8&quot; Panel PC wird von einem Intel Celeron J6412 Quad-Core-Prozessor angetrieben und ist f\u00fcr eine lange Lebensdauer ausgelegt.\" \/>\n<meta property=\"og:url\" content=\"https:\/\/teguar.com\/eu\/de\/product\/tp-4845-08\/\" \/>\n<meta property=\"og:site_name\" content=\"Teguar\" \/>\n<meta property=\"og:image\" content=\"https:\/\/teguar.com\/eu\/wp-content\/uploads\/sites\/2\/2023\/08\/8_Panel_PC_TP-4845-08_Front_Angle__61584.1703191261.1280.1280.jpg\" \/>\n\t<meta property=\"og:image:width\" content=\"750\" \/>\n\t<meta property=\"og:image:height\" content=\"565\" \/>\n\t<meta property=\"og:image:type\" content=\"image\/jpeg\" \/>\n<meta name=\"twitter:card\" content=\"summary_large_image\" \/>\n<meta name=\"twitter:label1\" content=\"Gesch\u00e4tzte Lesezeit\" \/>\n\t<meta name=\"twitter:data1\" content=\"1\u00a0Minute\" \/>\n<script type=\"application\/ld+json\" class=\"yoast-schema-graph\">{\"@context\":\"https:\/\/schema.org\",\"@graph\":[{\"@type\":\"WebPage\",\"@id\":\"https:\/\/teguar.com\/eu\/de\/product\/tp-4845-08\/\",\"url\":\"https:\/\/teguar.com\/eu\/de\/product\/tp-4845-08\/\",\"name\":\"8\\\" Panel PC | TP-4845-08\",\"isPartOf\":{\"@id\":\"https:\/\/teguar.com\/eu\/en\/#website\"},\"primaryImageOfPage\":{\"@id\":\"https:\/\/teguar.com\/eu\/de\/product\/tp-4845-08\/#primaryimage\"},\"image\":{\"@id\":\"https:\/\/teguar.com\/eu\/de\/product\/tp-4845-08\/#primaryimage\"},\"thumbnailUrl\":\"https:\/\/teguar.com\/eu\/wp-content\/uploads\/sites\/2\/2023\/08\/8_Panel_PC_TP-4845-08_Front_Angle__61584.1703191261.1280.1280.jpg\",\"datePublished\":\"2026-02-01T12:11:59+00:00\",\"description\":\"Der 8\\\" Panel PC wird von einem Intel Celeron J6412 Quad-Core-Prozessor angetrieben und ist f\u00fcr eine lange Lebensdauer ausgelegt.\",\"breadcrumb\":{\"@id\":\"https:\/\/teguar.com\/eu\/de\/product\/tp-4845-08\/#breadcrumb\"},\"inLanguage\":\"de\",\"potentialAction\":[{\"@type\":\"ReadAction\",\"target\":[\"https:\/\/teguar.com\/eu\/de\/product\/tp-4845-08\/\"]}]},{\"@type\":\"ImageObject\",\"inLanguage\":\"de\",\"@id\":\"https:\/\/teguar.com\/eu\/de\/product\/tp-4845-08\/#primaryimage\",\"url\":\"https:\/\/teguar.com\/eu\/wp-content\/uploads\/sites\/2\/2023\/08\/8_Panel_PC_TP-4845-08_Front_Angle__61584.1703191261.1280.1280.jpg\",\"contentUrl\":\"https:\/\/teguar.com\/eu\/wp-content\/uploads\/sites\/2\/2023\/08\/8_Panel_PC_TP-4845-08_Front_Angle__61584.1703191261.1280.1280.jpg\",\"width\":750,\"height\":565,\"caption\":\"8\\\" Panel PC TP-4845-08 Front Angle\"},{\"@type\":\"BreadcrumbList\",\"@id\":\"https:\/\/teguar.com\/eu\/de\/product\/tp-4845-08\/#breadcrumb\",\"itemListElement\":[{\"@type\":\"ListItem\",\"position\":1,\"name\":\"Home\",\"item\":\"https:\/\/teguar.com\/eu\/de\/\"},{\"@type\":\"ListItem\",\"position\":2,\"name\":\"TP-4845-08\"}]},{\"@type\":\"WebSite\",\"@id\":\"https:\/\/teguar.com\/eu\/en\/#website\",\"url\":\"https:\/\/teguar.com\/eu\/en\/\",\"name\":\"Teguar\",\"description\":\"Industrial PCs, Medical Computers, and Rugged Tablets\",\"potentialAction\":[{\"@type\":\"SearchAction\",\"target\":{\"@type\":\"EntryPoint\",\"urlTemplate\":\"https:\/\/teguar.com\/eu\/en\/?s={search_term_string}\"},\"query-input\":{\"@type\":\"PropertyValueSpecification\",\"valueRequired\":true,\"valueName\":\"search_term_string\"}}],\"inLanguage\":\"de\"}]}<\/script>\n<!-- \/ Yoast SEO Premium plugin. -->","yoast_head_json":{"title":"8\" Panel PC | TP-4845-08","description":"Der 8\" Panel PC wird von einem Intel Celeron J6412 Quad-Core-Prozessor angetrieben und ist f\u00fcr eine lange Lebensdauer ausgelegt.","robots":{"index":"index","follow":"follow","max-snippet":"max-snippet:-1","max-image-preview":"max-image-preview:large","max-video-preview":"max-video-preview:-1"},"canonical":"https:\/\/teguar.com\/eu\/de\/product\/tp-4845-08\/","og_locale":"de_DE","og_type":"article","og_title":"TP-4845-08","og_description":"Der 8\" Panel PC wird von einem Intel Celeron J6412 Quad-Core-Prozessor angetrieben und ist f\u00fcr eine lange Lebensdauer ausgelegt.","og_url":"https:\/\/teguar.com\/eu\/de\/product\/tp-4845-08\/","og_site_name":"Teguar","og_image":[{"width":750,"height":565,"url":"https:\/\/teguar.com\/eu\/wp-content\/uploads\/sites\/2\/2023\/08\/8_Panel_PC_TP-4845-08_Front_Angle__61584.1703191261.1280.1280.jpg","type":"image\/jpeg"}],"twitter_card":"summary_large_image","twitter_misc":{"Gesch\u00e4tzte Lesezeit":"1\u00a0Minute"},"schema":{"@context":"https:\/\/schema.org","@graph":[{"@type":"WebPage","@id":"https:\/\/teguar.com\/eu\/de\/product\/tp-4845-08\/","url":"https:\/\/teguar.com\/eu\/de\/product\/tp-4845-08\/","name":"8\" Panel PC | TP-4845-08","isPartOf":{"@id":"https:\/\/teguar.com\/eu\/en\/#website"},"primaryImageOfPage":{"@id":"https:\/\/teguar.com\/eu\/de\/product\/tp-4845-08\/#primaryimage"},"image":{"@id":"https:\/\/teguar.com\/eu\/de\/product\/tp-4845-08\/#primaryimage"},"thumbnailUrl":"https:\/\/teguar.com\/eu\/wp-content\/uploads\/sites\/2\/2023\/08\/8_Panel_PC_TP-4845-08_Front_Angle__61584.1703191261.1280.1280.jpg","datePublished":"2026-02-01T12:11:59+00:00","description":"Der 8\" Panel PC wird von einem Intel Celeron J6412 Quad-Core-Prozessor angetrieben und ist f\u00fcr eine lange Lebensdauer ausgelegt.","breadcrumb":{"@id":"https:\/\/teguar.com\/eu\/de\/product\/tp-4845-08\/#breadcrumb"},"inLanguage":"de","potentialAction":[{"@type":"ReadAction","target":["https:\/\/teguar.com\/eu\/de\/product\/tp-4845-08\/"]}]},{"@type":"ImageObject","inLanguage":"de","@id":"https:\/\/teguar.com\/eu\/de\/product\/tp-4845-08\/#primaryimage","url":"https:\/\/teguar.com\/eu\/wp-content\/uploads\/sites\/2\/2023\/08\/8_Panel_PC_TP-4845-08_Front_Angle__61584.1703191261.1280.1280.jpg","contentUrl":"https:\/\/teguar.com\/eu\/wp-content\/uploads\/sites\/2\/2023\/08\/8_Panel_PC_TP-4845-08_Front_Angle__61584.1703191261.1280.1280.jpg","width":750,"height":565,"caption":"8\" Panel PC TP-4845-08 Front Angle"},{"@type":"BreadcrumbList","@id":"https:\/\/teguar.com\/eu\/de\/product\/tp-4845-08\/#breadcrumb","itemListElement":[{"@type":"ListItem","position":1,"name":"Home","item":"https:\/\/teguar.com\/eu\/de\/"},{"@type":"ListItem","position":2,"name":"TP-4845-08"}]},{"@type":"WebSite","@id":"https:\/\/teguar.com\/eu\/en\/#website","url":"https:\/\/teguar.com\/eu\/en\/","name":"Teguar","description":"Industrial PCs, Medical Computers, and Rugged Tablets","potentialAction":[{"@type":"SearchAction","target":{"@type":"EntryPoint","urlTemplate":"https:\/\/teguar.com\/eu\/en\/?s={search_term_string}"},"query-input":{"@type":"PropertyValueSpecification","valueRequired":true,"valueName":"search_term_string"}}],"inLanguage":"de"}]}},"_links":{"self":[{"href":"https:\/\/teguar.com\/eu\/de\/wp-json\/wp\/v2\/product\/2245319","targetHints":{"allow":["GET"]}}],"collection":[{"href":"https:\/\/teguar.com\/eu\/de\/wp-json\/wp\/v2\/product"}],"about":[{"href":"https:\/\/teguar.com\/eu\/de\/wp-json\/wp\/v2\/types\/product"}],"wp:featuredmedia":[{"embeddable":true,"href":"https:\/\/teguar.com\/eu\/de\/wp-json\/wp\/v2\/media\/2245324"}],"wp:attachment":[{"href":"https:\/\/teguar.com\/eu\/de\/wp-json\/wp\/v2\/media?parent=2245319"}],"wp:term":[{"taxonomy":"product_brand","embeddable":true,"href":"https:\/\/teguar.com\/eu\/de\/wp-json\/wp\/v2\/product_brand?post=2245319"},{"taxonomy":"product_cat","embeddable":true,"href":"https:\/\/teguar.com\/eu\/de\/wp-json\/wp\/v2\/product_cat?post=2245319"},{"taxonomy":"product_tag","embeddable":true,"href":"https:\/\/teguar.com\/eu\/de\/wp-json\/wp\/v2\/product_tag?post=2245319"},{"taxonomy":"product_label","embeddable":true,"href":"https:\/\/teguar.com\/eu\/de\/wp-json\/wp\/v2\/product_label?post=2245319"}],"curies":[{"name":"wp","href":"https:\/\/api.w.org\/{rel}","templated":true}]}}