{"id":2245316,"date":"2025-06-24T14:11:59","date_gmt":"2025-06-24T14:11:59","guid":{"rendered":"https:\/\/teguar.com\/eu\/product\/ts-5610-24\/"},"modified":"2025-11-20T17:11:12","modified_gmt":"2025-11-20T17:11:12","slug":"ts-5610-24","status":"publish","type":"product","link":"https:\/\/teguar.com\/eu\/de\/product\/ts-5610-24\/","title":{"rendered":"TS-5610-24"},"content":{"rendered":"<p>Das gr\u00f6\u00dfte Angebot der TS-5610 Stainless Steel Core i Serie ist das TS-5610-24, das zus\u00e4tzlich zu allen Standardaspekten der Serie \u00fcber einen 23,8&#8243; LCD HD-Touchscreen verf\u00fcgt. Der TS-5610-24 hat ein vollst\u00e4ndig wasserdichtes IP67 \/ IP69K Edelstahlgeh\u00e4use, das die E\/As, einen LAN-Anschluss, 4 USB-Anschl\u00fcsse, 2 COM-Anschl\u00fcsse und einen DC-Eingang enth\u00e4lt. Am beeindruckendsten ist vielleicht die 8th Gen Whiskey Lake Intel CPU des TS-5610-24, die leistungsstark genug ist, um Windows 11 auszuf\u00fchren, falls gew\u00fcnscht. Mit den verf\u00fcgbaren Optionen<span> wie WiFi, einem Barcode-Leser, externen Lautsprechern und mehr <\/span>wird<span> dieses Ger\u00e4t (oder eine ganze Flotte davon) <\/span>   &nbsp;<span>passen perfekt in Ihre Reinraum-, Lebensmittel- und Getr\u00e4nke- oder Pharmazieanlage.<\/span><\/p>\n","protected":false},"excerpt":{"rendered":"<p><a href=\"https:\/\/teguar.com\/eu\/de\/computer-fuer-die-lebensmittelverarbeitung\/\">Lebensmittel- und Getr\u00e4nkeherstellung:<\/a> Die TS-5610 Stainless Steel Core i Serie mit ihrem vollst\u00e4ndig abgedichteten Edelstahlgeh\u00e4use und den optionalen wasserdichten Funktionen eignet sich hervorragend f\u00fcr anspruchsvolle Umgebungen in der Lebensmittel- und Getr\u00e4nkeindustrie und bietet zuverl\u00e4ssige Computerl\u00f6sungen f\u00fcr die Prozesssteuerung, das Rezeptmanagement und die Qualit\u00e4tssicherung.<br \/>\n<br \/><a href=\"https:\/\/teguar.com\/eu\/de\/computer-fuer-die-industrielle-automatisierung\/\">Industrielle Automatisierung:<\/a> Die TS-5610 Stainless Steel Core i Series mit ihren anpassbaren Optionen und ihrer Kompatibilit\u00e4t mit Windows 11 ist ideal f\u00fcr industrielle Automatisierungsanwendungen. Sie kann so konfiguriert werden, dass sie spezifische Steuerungs- und \u00dcberwachungsanforderungen erf\u00fcllt und zuverl\u00e4ssige und leistungsstarke Rechenleistung f\u00fcr Fertigungsprozesse bietet.<br \/>\n<br \/><a href=\"https:\/\/teguar.com\/eu\/de\/computer-und-tablets-fuer-reinraeume\/\">Reinraum-Anwendungen: <\/a>Mit ihrem versiegelten Edelstahlgeh\u00e4use und der M\u00f6glichkeit, optionale wasserdichte Funktionen einzubauen, eignet sich die TS-5610 Serie hervorragend f\u00fcr Reinraumumgebungen und bietet kontaminationsresistente Computer f\u00fcr kritische Aufgaben in Branchen wie der Halbleiterherstellung und Biotechnologie.<\/p>\n","protected":false},"featured_media":2245878,"template":"","meta":{"_acf_changed":false},"product_brand":[],"product_cat":[2854],"product_tag":[],"product_label":[],"class_list":{"0":"post-2245316","1":"product","2":"type-product","3":"status-publish","4":"has-post-thumbnail","6":"product_cat-wasserdichte-computer","7":"pa_windows-windows-10-iot","8":"pa_windows-windows-10-pro","9":"pa_windows-windows-11","11":"first","12":"outofstock","13":"taxable","14":"shipping-taxable","15":"purchasable","16":"product-type-simple"},"composite_virtual":false,"composite_layout":"","composite_add_to_cart_form_location":"","composite_editable_in_cart":false,"composite_sold_individually_context":"","composite_shop_price_calc":"","composite_components":[],"composite_scenarios":[],"acf":[],"yoast_head":"<!-- This site is optimized with the Yoast SEO Premium plugin v26.8 (Yoast SEO v27.2) - https:\/\/yoast.com\/product\/yoast-seo-premium-wordpress\/ -->\n<title>24&quot; Edelstahl Kern i Computer | TS-5610-24<\/title>\n<meta name=\"description\" content=\"Sehen Sie sich den wasserdichten 24-Zoll-Edelstahl-Computer TS-5610-24 von Teguar an, der \u00fcber eine IP69K-Einstufung und eine leistungsstarke Core i-CPU verf\u00fcgt, auf der Windows 11 l\u00e4uft.\" \/>\n<meta name=\"robots\" content=\"index, follow, max-snippet:-1, max-image-preview:large, max-video-preview:-1\" \/>\n<link rel=\"canonical\" href=\"https:\/\/teguar.com\/eu\/de\/product\/ts-5610-24\/\" \/>\n<meta property=\"og:locale\" content=\"de_DE\" \/>\n<meta property=\"og:type\" content=\"article\" \/>\n<meta property=\"og:title\" content=\"TS-5610-24\" \/>\n<meta property=\"og:description\" content=\"Sehen Sie sich den wasserdichten 24-Zoll-Edelstahl-Computer TS-5610-24 von Teguar an, der \u00fcber eine IP69K-Einstufung und eine leistungsstarke Core i-CPU verf\u00fcgt, auf der Windows 11 l\u00e4uft.\" \/>\n<meta property=\"og:url\" content=\"https:\/\/teguar.com\/eu\/de\/product\/ts-5610-24\/\" \/>\n<meta property=\"og:site_name\" content=\"Teguar\" \/>\n<meta property=\"article:modified_time\" content=\"2025-11-20T17:11:12+00:00\" \/>\n<meta property=\"og:image\" content=\"https:\/\/teguar.com\/eu\/wp-content\/uploads\/sites\/2\/2021\/11\/24_inch_stainless_steel_core_i_computer__28201.1635972981.1280.1280.jpg\" \/>\n\t<meta property=\"og:image:width\" content=\"960\" \/>\n\t<meta property=\"og:image:height\" content=\"960\" \/>\n\t<meta property=\"og:image:type\" content=\"image\/jpeg\" \/>\n<meta name=\"twitter:card\" content=\"summary_large_image\" \/>\n<meta name=\"twitter:label1\" content=\"Gesch\u00e4tzte Lesezeit\" \/>\n\t<meta name=\"twitter:data1\" content=\"1\u00a0Minute\" \/>\n<script type=\"application\/ld+json\" class=\"yoast-schema-graph\">{\"@context\":\"https:\/\/schema.org\",\"@graph\":[{\"@type\":\"WebPage\",\"@id\":\"https:\/\/teguar.com\/eu\/de\/product\/ts-5610-24\/\",\"url\":\"https:\/\/teguar.com\/eu\/de\/product\/ts-5610-24\/\",\"name\":\"24\\\" Edelstahl Kern i Computer | TS-5610-24\",\"isPartOf\":{\"@id\":\"https:\/\/teguar.com\/eu\/en\/#website\"},\"primaryImageOfPage\":{\"@id\":\"https:\/\/teguar.com\/eu\/de\/product\/ts-5610-24\/#primaryimage\"},\"image\":{\"@id\":\"https:\/\/teguar.com\/eu\/de\/product\/ts-5610-24\/#primaryimage\"},\"thumbnailUrl\":\"https:\/\/teguar.com\/eu\/wp-content\/uploads\/sites\/2\/2021\/11\/24_inch_stainless_steel_core_i_computer__28201.1635972981.1280.1280.jpg\",\"datePublished\":\"2025-06-24T14:11:59+00:00\",\"dateModified\":\"2025-11-20T17:11:12+00:00\",\"description\":\"Sehen Sie sich den wasserdichten 24-Zoll-Edelstahl-Computer TS-5610-24 von Teguar an, der \u00fcber eine IP69K-Einstufung und eine leistungsstarke Core i-CPU verf\u00fcgt, auf der Windows 11 l\u00e4uft.\",\"breadcrumb\":{\"@id\":\"https:\/\/teguar.com\/eu\/de\/product\/ts-5610-24\/#breadcrumb\"},\"inLanguage\":\"de\",\"potentialAction\":[{\"@type\":\"ReadAction\",\"target\":[\"https:\/\/teguar.com\/eu\/de\/product\/ts-5610-24\/\"]}]},{\"@type\":\"ImageObject\",\"inLanguage\":\"de\",\"@id\":\"https:\/\/teguar.com\/eu\/de\/product\/ts-5610-24\/#primaryimage\",\"url\":\"https:\/\/teguar.com\/eu\/wp-content\/uploads\/sites\/2\/2021\/11\/24_inch_stainless_steel_core_i_computer__28201.1635972981.1280.1280.jpg\",\"contentUrl\":\"https:\/\/teguar.com\/eu\/wp-content\/uploads\/sites\/2\/2021\/11\/24_inch_stainless_steel_core_i_computer__28201.1635972981.1280.1280.jpg\",\"width\":960,\"height\":960,\"caption\":\"24\\\" Stainless Steel Core i Computer front tilted view\"},{\"@type\":\"BreadcrumbList\",\"@id\":\"https:\/\/teguar.com\/eu\/de\/product\/ts-5610-24\/#breadcrumb\",\"itemListElement\":[{\"@type\":\"ListItem\",\"position\":1,\"name\":\"Home\",\"item\":\"https:\/\/teguar.com\/eu\/de\/\"},{\"@type\":\"ListItem\",\"position\":2,\"name\":\"TS-5610-24\"}]},{\"@type\":\"WebSite\",\"@id\":\"https:\/\/teguar.com\/eu\/en\/#website\",\"url\":\"https:\/\/teguar.com\/eu\/en\/\",\"name\":\"Teguar\",\"description\":\"Industrial PCs, Medical Computers, and Rugged Tablets\",\"potentialAction\":[{\"@type\":\"SearchAction\",\"target\":{\"@type\":\"EntryPoint\",\"urlTemplate\":\"https:\/\/teguar.com\/eu\/en\/?s={search_term_string}\"},\"query-input\":{\"@type\":\"PropertyValueSpecification\",\"valueRequired\":true,\"valueName\":\"search_term_string\"}}],\"inLanguage\":\"de\"}]}<\/script>\n<!-- \/ Yoast SEO Premium plugin. -->","yoast_head_json":{"title":"24\" Edelstahl Kern i Computer | TS-5610-24","description":"Sehen Sie sich den wasserdichten 24-Zoll-Edelstahl-Computer TS-5610-24 von Teguar an, der \u00fcber eine IP69K-Einstufung und eine leistungsstarke Core i-CPU verf\u00fcgt, auf der Windows 11 l\u00e4uft.","robots":{"index":"index","follow":"follow","max-snippet":"max-snippet:-1","max-image-preview":"max-image-preview:large","max-video-preview":"max-video-preview:-1"},"canonical":"https:\/\/teguar.com\/eu\/de\/product\/ts-5610-24\/","og_locale":"de_DE","og_type":"article","og_title":"TS-5610-24","og_description":"Sehen Sie sich den wasserdichten 24-Zoll-Edelstahl-Computer TS-5610-24 von Teguar an, der \u00fcber eine IP69K-Einstufung und eine leistungsstarke Core i-CPU verf\u00fcgt, auf der Windows 11 l\u00e4uft.","og_url":"https:\/\/teguar.com\/eu\/de\/product\/ts-5610-24\/","og_site_name":"Teguar","article_modified_time":"2025-11-20T17:11:12+00:00","og_image":[{"width":960,"height":960,"url":"https:\/\/teguar.com\/eu\/wp-content\/uploads\/sites\/2\/2021\/11\/24_inch_stainless_steel_core_i_computer__28201.1635972981.1280.1280.jpg","type":"image\/jpeg"}],"twitter_card":"summary_large_image","twitter_misc":{"Gesch\u00e4tzte Lesezeit":"1\u00a0Minute"},"schema":{"@context":"https:\/\/schema.org","@graph":[{"@type":"WebPage","@id":"https:\/\/teguar.com\/eu\/de\/product\/ts-5610-24\/","url":"https:\/\/teguar.com\/eu\/de\/product\/ts-5610-24\/","name":"24\" Edelstahl Kern i Computer | TS-5610-24","isPartOf":{"@id":"https:\/\/teguar.com\/eu\/en\/#website"},"primaryImageOfPage":{"@id":"https:\/\/teguar.com\/eu\/de\/product\/ts-5610-24\/#primaryimage"},"image":{"@id":"https:\/\/teguar.com\/eu\/de\/product\/ts-5610-24\/#primaryimage"},"thumbnailUrl":"https:\/\/teguar.com\/eu\/wp-content\/uploads\/sites\/2\/2021\/11\/24_inch_stainless_steel_core_i_computer__28201.1635972981.1280.1280.jpg","datePublished":"2025-06-24T14:11:59+00:00","dateModified":"2025-11-20T17:11:12+00:00","description":"Sehen Sie sich den wasserdichten 24-Zoll-Edelstahl-Computer TS-5610-24 von Teguar an, der \u00fcber eine IP69K-Einstufung und eine leistungsstarke Core i-CPU verf\u00fcgt, auf der Windows 11 l\u00e4uft.","breadcrumb":{"@id":"https:\/\/teguar.com\/eu\/de\/product\/ts-5610-24\/#breadcrumb"},"inLanguage":"de","potentialAction":[{"@type":"ReadAction","target":["https:\/\/teguar.com\/eu\/de\/product\/ts-5610-24\/"]}]},{"@type":"ImageObject","inLanguage":"de","@id":"https:\/\/teguar.com\/eu\/de\/product\/ts-5610-24\/#primaryimage","url":"https:\/\/teguar.com\/eu\/wp-content\/uploads\/sites\/2\/2021\/11\/24_inch_stainless_steel_core_i_computer__28201.1635972981.1280.1280.jpg","contentUrl":"https:\/\/teguar.com\/eu\/wp-content\/uploads\/sites\/2\/2021\/11\/24_inch_stainless_steel_core_i_computer__28201.1635972981.1280.1280.jpg","width":960,"height":960,"caption":"24\" Stainless Steel Core i Computer front tilted view"},{"@type":"BreadcrumbList","@id":"https:\/\/teguar.com\/eu\/de\/product\/ts-5610-24\/#breadcrumb","itemListElement":[{"@type":"ListItem","position":1,"name":"Home","item":"https:\/\/teguar.com\/eu\/de\/"},{"@type":"ListItem","position":2,"name":"TS-5610-24"}]},{"@type":"WebSite","@id":"https:\/\/teguar.com\/eu\/en\/#website","url":"https:\/\/teguar.com\/eu\/en\/","name":"Teguar","description":"Industrial PCs, Medical Computers, and Rugged Tablets","potentialAction":[{"@type":"SearchAction","target":{"@type":"EntryPoint","urlTemplate":"https:\/\/teguar.com\/eu\/en\/?s={search_term_string}"},"query-input":{"@type":"PropertyValueSpecification","valueRequired":true,"valueName":"search_term_string"}}],"inLanguage":"de"}]}},"_links":{"self":[{"href":"https:\/\/teguar.com\/eu\/de\/wp-json\/wp\/v2\/product\/2245316","targetHints":{"allow":["GET"]}}],"collection":[{"href":"https:\/\/teguar.com\/eu\/de\/wp-json\/wp\/v2\/product"}],"about":[{"href":"https:\/\/teguar.com\/eu\/de\/wp-json\/wp\/v2\/types\/product"}],"wp:featuredmedia":[{"embeddable":true,"href":"https:\/\/teguar.com\/eu\/de\/wp-json\/wp\/v2\/media\/2245878"}],"wp:attachment":[{"href":"https:\/\/teguar.com\/eu\/de\/wp-json\/wp\/v2\/media?parent=2245316"}],"wp:term":[{"taxonomy":"product_brand","embeddable":true,"href":"https:\/\/teguar.com\/eu\/de\/wp-json\/wp\/v2\/product_brand?post=2245316"},{"taxonomy":"product_cat","embeddable":true,"href":"https:\/\/teguar.com\/eu\/de\/wp-json\/wp\/v2\/product_cat?post=2245316"},{"taxonomy":"product_tag","embeddable":true,"href":"https:\/\/teguar.com\/eu\/de\/wp-json\/wp\/v2\/product_tag?post=2245316"},{"taxonomy":"product_label","embeddable":true,"href":"https:\/\/teguar.com\/eu\/de\/wp-json\/wp\/v2\/product_label?post=2245316"}],"curies":[{"name":"wp","href":"https:\/\/api.w.org\/{rel}","templated":true}]}}