{"id":2245315,"date":"2025-06-24T14:12:49","date_gmt":"2025-06-24T14:12:49","guid":{"rendered":"https:\/\/teguar.com\/eu\/product\/batterie-herausnehmbar-fuer-trt-5280-10-trt-7080-10\/"},"modified":"2025-06-24T14:12:49","modified_gmt":"2025-06-24T14:12:49","slug":"batterie-herausnehmbar-fuer-trt-5280-10-trt-7080-10","status":"publish","type":"product","link":"https:\/\/teguar.com\/eu\/de\/product\/batterie-herausnehmbar-fuer-trt-5280-10-trt-7080-10\/","title":{"rendered":"Batterie, herausnehmbar f\u00fcr TRT-5280-10 &amp; TRT-7080-10"},"content":{"rendered":"<p>Dieser herausnehmbare externe Akku ist f\u00fcr die Verwendung mit dem TRT-5280-10 vorgesehen. Der Akku ist ein 7,4V\/5000mAH Li-Ion-Akku. <\/p>\n","protected":false},"excerpt":{"rendered":"<p>Dieser herausnehmbare externe Akku ist f\u00fcr die Verwendung mit dem TRT-5280-10 vorgesehen. Der Akku ist ein 7,4V\/5000mAH Li-Ion-Akku.<\/p>\n","protected":false},"featured_media":2245887,"template":"","meta":{"_acf_changed":false},"product_brand":[],"product_cat":[2814],"product_tag":[],"product_label":[],"class_list":{"0":"post-2245315","1":"product","2":"type-product","3":"status-publish","4":"has-post-thumbnail","6":"product_cat-zubehor","8":"first","9":"instock","10":"taxable","11":"shipping-taxable","12":"purchasable","13":"product-type-simple"},"composite_virtual":false,"composite_layout":"","composite_add_to_cart_form_location":"","composite_editable_in_cart":false,"composite_sold_individually_context":"","composite_shop_price_calc":"","composite_components":[],"composite_scenarios":[],"acf":[],"yoast_head":"<!-- This site is optimized with the Yoast SEO Premium plugin v26.8 (Yoast SEO v27.2) - https:\/\/yoast.com\/product\/yoast-seo-premium-wordpress\/ -->\n<title>Batterie, herausnehmbar f\u00fcr TRT-5280-10 &amp; TRT-7080-10 - Teguar<\/title>\n<meta name=\"description\" content=\"Sehen Sie sich diesen austauschbaren Akku f\u00fcr den TRT-5280-10 Industrie-Tablet-PC von Teguar an, der im laufenden Betrieb ausgetauscht werden kann und f\u00fcr industrielle Anwendungen rund um die Uhr geeignet ist.\" \/>\n<meta name=\"robots\" content=\"index, follow, max-snippet:-1, max-image-preview:large, max-video-preview:-1\" \/>\n<link rel=\"canonical\" href=\"https:\/\/teguar.com\/eu\/de\/product\/batterie-herausnehmbar-fuer-trt-5280-10-trt-7080-10\/\" \/>\n<meta property=\"og:locale\" content=\"de_DE\" \/>\n<meta property=\"og:type\" content=\"article\" \/>\n<meta property=\"og:title\" content=\"Batterie, herausnehmbar f\u00fcr TRT-5280-10 &amp; TRT-7080-10\" \/>\n<meta property=\"og:description\" content=\"Sehen Sie sich diesen austauschbaren Akku f\u00fcr den TRT-5280-10 Industrie-Tablet-PC von Teguar an, der im laufenden Betrieb ausgetauscht werden kann und f\u00fcr industrielle Anwendungen rund um die Uhr geeignet ist.\" \/>\n<meta property=\"og:url\" content=\"https:\/\/teguar.com\/eu\/de\/product\/batterie-herausnehmbar-fuer-trt-5280-10-trt-7080-10\/\" \/>\n<meta property=\"og:site_name\" content=\"Teguar\" \/>\n<meta property=\"og:image\" content=\"https:\/\/teguar.com\/eu\/wp-content\/uploads\/sites\/2\/2021\/07\/TRT-5180-10_Battery__68452.1625673836.1280.1280.png\" \/>\n\t<meta property=\"og:image:width\" content=\"448\" \/>\n\t<meta property=\"og:image:height\" content=\"584\" \/>\n\t<meta property=\"og:image:type\" content=\"image\/png\" \/>\n<meta name=\"twitter:card\" content=\"summary_large_image\" \/>\n<script type=\"application\/ld+json\" class=\"yoast-schema-graph\">{\"@context\":\"https:\/\/schema.org\",\"@graph\":[{\"@type\":\"WebPage\",\"@id\":\"https:\/\/teguar.com\/eu\/de\/product\/batterie-herausnehmbar-fuer-trt-5280-10-trt-7080-10\/\",\"url\":\"https:\/\/teguar.com\/eu\/de\/product\/batterie-herausnehmbar-fuer-trt-5280-10-trt-7080-10\/\",\"name\":\"Batterie, herausnehmbar f\u00fcr TRT-5280-10 &amp; TRT-7080-10 - Teguar\",\"isPartOf\":{\"@id\":\"https:\/\/teguar.com\/eu\/en\/#website\"},\"primaryImageOfPage\":{\"@id\":\"https:\/\/teguar.com\/eu\/de\/product\/batterie-herausnehmbar-fuer-trt-5280-10-trt-7080-10\/#primaryimage\"},\"image\":{\"@id\":\"https:\/\/teguar.com\/eu\/de\/product\/batterie-herausnehmbar-fuer-trt-5280-10-trt-7080-10\/#primaryimage\"},\"thumbnailUrl\":\"https:\/\/teguar.com\/eu\/wp-content\/uploads\/sites\/2\/2021\/07\/TRT-5180-10_Battery__68452.1625673836.1280.1280.png\",\"datePublished\":\"2025-06-24T14:12:49+00:00\",\"description\":\"Sehen Sie sich diesen austauschbaren Akku f\u00fcr den TRT-5280-10 Industrie-Tablet-PC von Teguar an, der im laufenden Betrieb ausgetauscht werden kann und f\u00fcr industrielle Anwendungen rund um die Uhr geeignet ist.\",\"breadcrumb\":{\"@id\":\"https:\/\/teguar.com\/eu\/de\/product\/batterie-herausnehmbar-fuer-trt-5280-10-trt-7080-10\/#breadcrumb\"},\"inLanguage\":\"de\",\"potentialAction\":[{\"@type\":\"ReadAction\",\"target\":[\"https:\/\/teguar.com\/eu\/de\/product\/batterie-herausnehmbar-fuer-trt-5280-10-trt-7080-10\/\"]}]},{\"@type\":\"ImageObject\",\"inLanguage\":\"de\",\"@id\":\"https:\/\/teguar.com\/eu\/de\/product\/batterie-herausnehmbar-fuer-trt-5280-10-trt-7080-10\/#primaryimage\",\"url\":\"https:\/\/teguar.com\/eu\/wp-content\/uploads\/sites\/2\/2021\/07\/TRT-5180-10_Battery__68452.1625673836.1280.1280.png\",\"contentUrl\":\"https:\/\/teguar.com\/eu\/wp-content\/uploads\/sites\/2\/2021\/07\/TRT-5180-10_Battery__68452.1625673836.1280.1280.png\",\"width\":448,\"height\":584},{\"@type\":\"BreadcrumbList\",\"@id\":\"https:\/\/teguar.com\/eu\/de\/product\/batterie-herausnehmbar-fuer-trt-5280-10-trt-7080-10\/#breadcrumb\",\"itemListElement\":[{\"@type\":\"ListItem\",\"position\":1,\"name\":\"Home\",\"item\":\"https:\/\/teguar.com\/eu\/de\/\"},{\"@type\":\"ListItem\",\"position\":2,\"name\":\"Batterie, herausnehmbar f\u00fcr TRT-5280-10 &amp; TRT-7080-10\"}]},{\"@type\":\"WebSite\",\"@id\":\"https:\/\/teguar.com\/eu\/en\/#website\",\"url\":\"https:\/\/teguar.com\/eu\/en\/\",\"name\":\"Teguar\",\"description\":\"Industrial PCs, Medical Computers, and Rugged Tablets\",\"potentialAction\":[{\"@type\":\"SearchAction\",\"target\":{\"@type\":\"EntryPoint\",\"urlTemplate\":\"https:\/\/teguar.com\/eu\/en\/?s={search_term_string}\"},\"query-input\":{\"@type\":\"PropertyValueSpecification\",\"valueRequired\":true,\"valueName\":\"search_term_string\"}}],\"inLanguage\":\"de\"}]}<\/script>\n<!-- \/ Yoast SEO Premium plugin. -->","yoast_head_json":{"title":"Batterie, herausnehmbar f\u00fcr TRT-5280-10 &amp; TRT-7080-10 - Teguar","description":"Sehen Sie sich diesen austauschbaren Akku f\u00fcr den TRT-5280-10 Industrie-Tablet-PC von Teguar an, der im laufenden Betrieb ausgetauscht werden kann und f\u00fcr industrielle Anwendungen rund um die Uhr geeignet ist.","robots":{"index":"index","follow":"follow","max-snippet":"max-snippet:-1","max-image-preview":"max-image-preview:large","max-video-preview":"max-video-preview:-1"},"canonical":"https:\/\/teguar.com\/eu\/de\/product\/batterie-herausnehmbar-fuer-trt-5280-10-trt-7080-10\/","og_locale":"de_DE","og_type":"article","og_title":"Batterie, herausnehmbar f\u00fcr TRT-5280-10 &amp; TRT-7080-10","og_description":"Sehen Sie sich diesen austauschbaren Akku f\u00fcr den TRT-5280-10 Industrie-Tablet-PC von Teguar an, der im laufenden Betrieb ausgetauscht werden kann und f\u00fcr industrielle Anwendungen rund um die Uhr geeignet ist.","og_url":"https:\/\/teguar.com\/eu\/de\/product\/batterie-herausnehmbar-fuer-trt-5280-10-trt-7080-10\/","og_site_name":"Teguar","og_image":[{"width":448,"height":584,"url":"https:\/\/teguar.com\/eu\/wp-content\/uploads\/sites\/2\/2021\/07\/TRT-5180-10_Battery__68452.1625673836.1280.1280.png","type":"image\/png"}],"twitter_card":"summary_large_image","schema":{"@context":"https:\/\/schema.org","@graph":[{"@type":"WebPage","@id":"https:\/\/teguar.com\/eu\/de\/product\/batterie-herausnehmbar-fuer-trt-5280-10-trt-7080-10\/","url":"https:\/\/teguar.com\/eu\/de\/product\/batterie-herausnehmbar-fuer-trt-5280-10-trt-7080-10\/","name":"Batterie, herausnehmbar f\u00fcr TRT-5280-10 &amp; TRT-7080-10 - Teguar","isPartOf":{"@id":"https:\/\/teguar.com\/eu\/en\/#website"},"primaryImageOfPage":{"@id":"https:\/\/teguar.com\/eu\/de\/product\/batterie-herausnehmbar-fuer-trt-5280-10-trt-7080-10\/#primaryimage"},"image":{"@id":"https:\/\/teguar.com\/eu\/de\/product\/batterie-herausnehmbar-fuer-trt-5280-10-trt-7080-10\/#primaryimage"},"thumbnailUrl":"https:\/\/teguar.com\/eu\/wp-content\/uploads\/sites\/2\/2021\/07\/TRT-5180-10_Battery__68452.1625673836.1280.1280.png","datePublished":"2025-06-24T14:12:49+00:00","description":"Sehen Sie sich diesen austauschbaren Akku f\u00fcr den TRT-5280-10 Industrie-Tablet-PC von Teguar an, der im laufenden Betrieb ausgetauscht werden kann und f\u00fcr industrielle Anwendungen rund um die Uhr geeignet ist.","breadcrumb":{"@id":"https:\/\/teguar.com\/eu\/de\/product\/batterie-herausnehmbar-fuer-trt-5280-10-trt-7080-10\/#breadcrumb"},"inLanguage":"de","potentialAction":[{"@type":"ReadAction","target":["https:\/\/teguar.com\/eu\/de\/product\/batterie-herausnehmbar-fuer-trt-5280-10-trt-7080-10\/"]}]},{"@type":"ImageObject","inLanguage":"de","@id":"https:\/\/teguar.com\/eu\/de\/product\/batterie-herausnehmbar-fuer-trt-5280-10-trt-7080-10\/#primaryimage","url":"https:\/\/teguar.com\/eu\/wp-content\/uploads\/sites\/2\/2021\/07\/TRT-5180-10_Battery__68452.1625673836.1280.1280.png","contentUrl":"https:\/\/teguar.com\/eu\/wp-content\/uploads\/sites\/2\/2021\/07\/TRT-5180-10_Battery__68452.1625673836.1280.1280.png","width":448,"height":584},{"@type":"BreadcrumbList","@id":"https:\/\/teguar.com\/eu\/de\/product\/batterie-herausnehmbar-fuer-trt-5280-10-trt-7080-10\/#breadcrumb","itemListElement":[{"@type":"ListItem","position":1,"name":"Home","item":"https:\/\/teguar.com\/eu\/de\/"},{"@type":"ListItem","position":2,"name":"Batterie, herausnehmbar f\u00fcr TRT-5280-10 &amp; TRT-7080-10"}]},{"@type":"WebSite","@id":"https:\/\/teguar.com\/eu\/en\/#website","url":"https:\/\/teguar.com\/eu\/en\/","name":"Teguar","description":"Industrial PCs, Medical Computers, and Rugged Tablets","potentialAction":[{"@type":"SearchAction","target":{"@type":"EntryPoint","urlTemplate":"https:\/\/teguar.com\/eu\/en\/?s={search_term_string}"},"query-input":{"@type":"PropertyValueSpecification","valueRequired":true,"valueName":"search_term_string"}}],"inLanguage":"de"}]}},"_links":{"self":[{"href":"https:\/\/teguar.com\/eu\/de\/wp-json\/wp\/v2\/product\/2245315","targetHints":{"allow":["GET"]}}],"collection":[{"href":"https:\/\/teguar.com\/eu\/de\/wp-json\/wp\/v2\/product"}],"about":[{"href":"https:\/\/teguar.com\/eu\/de\/wp-json\/wp\/v2\/types\/product"}],"wp:featuredmedia":[{"embeddable":true,"href":"https:\/\/teguar.com\/eu\/de\/wp-json\/wp\/v2\/media\/2245887"}],"wp:attachment":[{"href":"https:\/\/teguar.com\/eu\/de\/wp-json\/wp\/v2\/media?parent=2245315"}],"wp:term":[{"taxonomy":"product_brand","embeddable":true,"href":"https:\/\/teguar.com\/eu\/de\/wp-json\/wp\/v2\/product_brand?post=2245315"},{"taxonomy":"product_cat","embeddable":true,"href":"https:\/\/teguar.com\/eu\/de\/wp-json\/wp\/v2\/product_cat?post=2245315"},{"taxonomy":"product_tag","embeddable":true,"href":"https:\/\/teguar.com\/eu\/de\/wp-json\/wp\/v2\/product_tag?post=2245315"},{"taxonomy":"product_label","embeddable":true,"href":"https:\/\/teguar.com\/eu\/de\/wp-json\/wp\/v2\/product_label?post=2245315"}],"curies":[{"name":"wp","href":"https:\/\/api.w.org\/{rel}","templated":true}]}}