{"id":2245314,"date":"2025-06-24T14:12:49","date_gmt":"2025-06-24T14:12:49","guid":{"rendered":"https:\/\/teguar.com\/eu\/product\/desktop-dockingstation-und-akkuladegeraet-fuer-trt-5280-10\/"},"modified":"2025-06-24T14:12:49","modified_gmt":"2025-06-24T14:12:49","slug":"desktop-dockingstation-und-akkuladegeraet-fuer-trt-5280-10","status":"publish","type":"product","link":"https:\/\/teguar.com\/eu\/de\/product\/desktop-dockingstation-und-akkuladegeraet-fuer-trt-5280-10\/","title":{"rendered":"Desktop-Dockingstation und Akkuladeger\u00e4t f\u00fcr TRT-5280-10"},"content":{"rendered":"<ul>\n<li>1x Akku-Ladeschacht f\u00fcr TRT-5280-10\/12<\/li>\n<li>1x Docking Pogo Pins<\/li>\n<li>2x USB<\/li>\n<li>1x RJ45 LAN<\/li>\n<li>1x RS232<\/li>\n<li>1x 19VDC Stromeingang<\/li>\n<\/ul>\n<p><em>*Zus\u00e4tzliches Netzteil nicht enthalten, kompatibel mit dem im Lieferumfang des Tablets enthaltenen AC\/DC-Adapter.  <\/em><\/p>\n","protected":false},"excerpt":{"rendered":"<ul>\n<li>Unterst\u00fctzt das Laden eines einzelnen Akkus f\u00fcr TRT-5280-10 oder TRT-5280-12.<\/li>\n<\/ul>\n","protected":false},"featured_media":2245888,"template":"","meta":{"_acf_changed":false},"product_brand":[],"product_cat":[2814],"product_tag":[],"product_label":[],"class_list":{"0":"post-2245314","1":"product","2":"type-product","3":"status-publish","4":"has-post-thumbnail","6":"product_cat-zubehor","8":"first","9":"instock","10":"taxable","11":"shipping-taxable","12":"purchasable","13":"product-type-simple"},"composite_virtual":false,"composite_layout":"","composite_add_to_cart_form_location":"","composite_editable_in_cart":false,"composite_sold_individually_context":"","composite_shop_price_calc":"","composite_components":[],"composite_scenarios":[],"acf":[],"yoast_head":"<!-- This site is optimized with the Yoast SEO Premium plugin v26.8 (Yoast SEO v27.2) - https:\/\/yoast.com\/product\/yoast-seo-premium-wordpress\/ -->\n<title>Desktop-Dockingstation und Akkuladeger\u00e4t f\u00fcr TRT-5280-10 - Teguar<\/title>\n<meta name=\"description\" content=\"Sehen Sie sich dieses Desktop-Dock &amp; Ladeger\u00e4t f\u00fcr Teguars TRT-5280-10\/12 Industrie-Tablets an, das \u00fcber 2 USB-Anschl\u00fcsse, 1 LAN-Anschluss und 1 RS232-Anschluss verf\u00fcgt.\" \/>\n<meta name=\"robots\" content=\"index, follow, max-snippet:-1, max-image-preview:large, max-video-preview:-1\" \/>\n<link rel=\"canonical\" href=\"https:\/\/teguar.com\/eu\/de\/product\/desktop-dockingstation-und-akkuladegeraet-fuer-trt-5280-10\/\" \/>\n<meta property=\"og:locale\" content=\"de_DE\" \/>\n<meta property=\"og:type\" content=\"article\" \/>\n<meta property=\"og:title\" content=\"Desktop-Dockingstation und Akkuladeger\u00e4t f\u00fcr TRT-5280-10\" \/>\n<meta property=\"og:description\" content=\"Sehen Sie sich dieses Desktop-Dock &amp; Ladeger\u00e4t f\u00fcr Teguars TRT-5280-10\/12 Industrie-Tablets an, das \u00fcber 2 USB-Anschl\u00fcsse, 1 LAN-Anschluss und 1 RS232-Anschluss verf\u00fcgt.\" \/>\n<meta property=\"og:url\" content=\"https:\/\/teguar.com\/eu\/de\/product\/desktop-dockingstation-und-akkuladegeraet-fuer-trt-5280-10\/\" \/>\n<meta property=\"og:site_name\" content=\"Teguar\" \/>\n<meta property=\"og:image\" content=\"https:\/\/teguar.com\/eu\/wp-content\/uploads\/sites\/2\/2021\/07\/Desktop_Dock_and_Battery_Charger_for_TRT-5280_series__74432.1625591863.1280.1280.jpg\" \/>\n\t<meta property=\"og:image:width\" content=\"648\" \/>\n\t<meta property=\"og:image:height\" content=\"466\" \/>\n\t<meta property=\"og:image:type\" content=\"image\/jpeg\" \/>\n<meta name=\"twitter:card\" content=\"summary_large_image\" \/>\n<script type=\"application\/ld+json\" class=\"yoast-schema-graph\">{\"@context\":\"https:\/\/schema.org\",\"@graph\":[{\"@type\":\"WebPage\",\"@id\":\"https:\/\/teguar.com\/eu\/de\/product\/desktop-dockingstation-und-akkuladegeraet-fuer-trt-5280-10\/\",\"url\":\"https:\/\/teguar.com\/eu\/de\/product\/desktop-dockingstation-und-akkuladegeraet-fuer-trt-5280-10\/\",\"name\":\"Desktop-Dockingstation und Akkuladeger\u00e4t f\u00fcr TRT-5280-10 - Teguar\",\"isPartOf\":{\"@id\":\"https:\/\/teguar.com\/eu\/en\/#website\"},\"primaryImageOfPage\":{\"@id\":\"https:\/\/teguar.com\/eu\/de\/product\/desktop-dockingstation-und-akkuladegeraet-fuer-trt-5280-10\/#primaryimage\"},\"image\":{\"@id\":\"https:\/\/teguar.com\/eu\/de\/product\/desktop-dockingstation-und-akkuladegeraet-fuer-trt-5280-10\/#primaryimage\"},\"thumbnailUrl\":\"https:\/\/teguar.com\/eu\/wp-content\/uploads\/sites\/2\/2021\/07\/Desktop_Dock_and_Battery_Charger_for_TRT-5280_series__74432.1625591863.1280.1280.jpg\",\"datePublished\":\"2025-06-24T14:12:49+00:00\",\"description\":\"Sehen Sie sich dieses Desktop-Dock & Ladeger\u00e4t f\u00fcr Teguars TRT-5280-10\/12 Industrie-Tablets an, das \u00fcber 2 USB-Anschl\u00fcsse, 1 LAN-Anschluss und 1 RS232-Anschluss verf\u00fcgt.\",\"breadcrumb\":{\"@id\":\"https:\/\/teguar.com\/eu\/de\/product\/desktop-dockingstation-und-akkuladegeraet-fuer-trt-5280-10\/#breadcrumb\"},\"inLanguage\":\"de\",\"potentialAction\":[{\"@type\":\"ReadAction\",\"target\":[\"https:\/\/teguar.com\/eu\/de\/product\/desktop-dockingstation-und-akkuladegeraet-fuer-trt-5280-10\/\"]}]},{\"@type\":\"ImageObject\",\"inLanguage\":\"de\",\"@id\":\"https:\/\/teguar.com\/eu\/de\/product\/desktop-dockingstation-und-akkuladegeraet-fuer-trt-5280-10\/#primaryimage\",\"url\":\"https:\/\/teguar.com\/eu\/wp-content\/uploads\/sites\/2\/2021\/07\/Desktop_Dock_and_Battery_Charger_for_TRT-5280_series__74432.1625591863.1280.1280.jpg\",\"contentUrl\":\"https:\/\/teguar.com\/eu\/wp-content\/uploads\/sites\/2\/2021\/07\/Desktop_Dock_and_Battery_Charger_for_TRT-5280_series__74432.1625591863.1280.1280.jpg\",\"width\":648,\"height\":466,\"caption\":\"Desktop dock plus a battery charging in its slot\"},{\"@type\":\"BreadcrumbList\",\"@id\":\"https:\/\/teguar.com\/eu\/de\/product\/desktop-dockingstation-und-akkuladegeraet-fuer-trt-5280-10\/#breadcrumb\",\"itemListElement\":[{\"@type\":\"ListItem\",\"position\":1,\"name\":\"Home\",\"item\":\"https:\/\/teguar.com\/eu\/de\/\"},{\"@type\":\"ListItem\",\"position\":2,\"name\":\"Desktop-Dockingstation und Akkuladeger\u00e4t f\u00fcr TRT-5280-10\"}]},{\"@type\":\"WebSite\",\"@id\":\"https:\/\/teguar.com\/eu\/en\/#website\",\"url\":\"https:\/\/teguar.com\/eu\/en\/\",\"name\":\"Teguar\",\"description\":\"Industrial PCs, Medical Computers, and Rugged Tablets\",\"potentialAction\":[{\"@type\":\"SearchAction\",\"target\":{\"@type\":\"EntryPoint\",\"urlTemplate\":\"https:\/\/teguar.com\/eu\/en\/?s={search_term_string}\"},\"query-input\":{\"@type\":\"PropertyValueSpecification\",\"valueRequired\":true,\"valueName\":\"search_term_string\"}}],\"inLanguage\":\"de\"}]}<\/script>\n<!-- \/ Yoast SEO Premium plugin. -->","yoast_head_json":{"title":"Desktop-Dockingstation und Akkuladeger\u00e4t f\u00fcr TRT-5280-10 - Teguar","description":"Sehen Sie sich dieses Desktop-Dock & Ladeger\u00e4t f\u00fcr Teguars TRT-5280-10\/12 Industrie-Tablets an, das \u00fcber 2 USB-Anschl\u00fcsse, 1 LAN-Anschluss und 1 RS232-Anschluss verf\u00fcgt.","robots":{"index":"index","follow":"follow","max-snippet":"max-snippet:-1","max-image-preview":"max-image-preview:large","max-video-preview":"max-video-preview:-1"},"canonical":"https:\/\/teguar.com\/eu\/de\/product\/desktop-dockingstation-und-akkuladegeraet-fuer-trt-5280-10\/","og_locale":"de_DE","og_type":"article","og_title":"Desktop-Dockingstation und Akkuladeger\u00e4t f\u00fcr TRT-5280-10","og_description":"Sehen Sie sich dieses Desktop-Dock & Ladeger\u00e4t f\u00fcr Teguars TRT-5280-10\/12 Industrie-Tablets an, das \u00fcber 2 USB-Anschl\u00fcsse, 1 LAN-Anschluss und 1 RS232-Anschluss verf\u00fcgt.","og_url":"https:\/\/teguar.com\/eu\/de\/product\/desktop-dockingstation-und-akkuladegeraet-fuer-trt-5280-10\/","og_site_name":"Teguar","og_image":[{"width":648,"height":466,"url":"https:\/\/teguar.com\/eu\/wp-content\/uploads\/sites\/2\/2021\/07\/Desktop_Dock_and_Battery_Charger_for_TRT-5280_series__74432.1625591863.1280.1280.jpg","type":"image\/jpeg"}],"twitter_card":"summary_large_image","schema":{"@context":"https:\/\/schema.org","@graph":[{"@type":"WebPage","@id":"https:\/\/teguar.com\/eu\/de\/product\/desktop-dockingstation-und-akkuladegeraet-fuer-trt-5280-10\/","url":"https:\/\/teguar.com\/eu\/de\/product\/desktop-dockingstation-und-akkuladegeraet-fuer-trt-5280-10\/","name":"Desktop-Dockingstation und Akkuladeger\u00e4t f\u00fcr TRT-5280-10 - Teguar","isPartOf":{"@id":"https:\/\/teguar.com\/eu\/en\/#website"},"primaryImageOfPage":{"@id":"https:\/\/teguar.com\/eu\/de\/product\/desktop-dockingstation-und-akkuladegeraet-fuer-trt-5280-10\/#primaryimage"},"image":{"@id":"https:\/\/teguar.com\/eu\/de\/product\/desktop-dockingstation-und-akkuladegeraet-fuer-trt-5280-10\/#primaryimage"},"thumbnailUrl":"https:\/\/teguar.com\/eu\/wp-content\/uploads\/sites\/2\/2021\/07\/Desktop_Dock_and_Battery_Charger_for_TRT-5280_series__74432.1625591863.1280.1280.jpg","datePublished":"2025-06-24T14:12:49+00:00","description":"Sehen Sie sich dieses Desktop-Dock & Ladeger\u00e4t f\u00fcr Teguars TRT-5280-10\/12 Industrie-Tablets an, das \u00fcber 2 USB-Anschl\u00fcsse, 1 LAN-Anschluss und 1 RS232-Anschluss verf\u00fcgt.","breadcrumb":{"@id":"https:\/\/teguar.com\/eu\/de\/product\/desktop-dockingstation-und-akkuladegeraet-fuer-trt-5280-10\/#breadcrumb"},"inLanguage":"de","potentialAction":[{"@type":"ReadAction","target":["https:\/\/teguar.com\/eu\/de\/product\/desktop-dockingstation-und-akkuladegeraet-fuer-trt-5280-10\/"]}]},{"@type":"ImageObject","inLanguage":"de","@id":"https:\/\/teguar.com\/eu\/de\/product\/desktop-dockingstation-und-akkuladegeraet-fuer-trt-5280-10\/#primaryimage","url":"https:\/\/teguar.com\/eu\/wp-content\/uploads\/sites\/2\/2021\/07\/Desktop_Dock_and_Battery_Charger_for_TRT-5280_series__74432.1625591863.1280.1280.jpg","contentUrl":"https:\/\/teguar.com\/eu\/wp-content\/uploads\/sites\/2\/2021\/07\/Desktop_Dock_and_Battery_Charger_for_TRT-5280_series__74432.1625591863.1280.1280.jpg","width":648,"height":466,"caption":"Desktop dock plus a battery charging in its slot"},{"@type":"BreadcrumbList","@id":"https:\/\/teguar.com\/eu\/de\/product\/desktop-dockingstation-und-akkuladegeraet-fuer-trt-5280-10\/#breadcrumb","itemListElement":[{"@type":"ListItem","position":1,"name":"Home","item":"https:\/\/teguar.com\/eu\/de\/"},{"@type":"ListItem","position":2,"name":"Desktop-Dockingstation und Akkuladeger\u00e4t f\u00fcr TRT-5280-10"}]},{"@type":"WebSite","@id":"https:\/\/teguar.com\/eu\/en\/#website","url":"https:\/\/teguar.com\/eu\/en\/","name":"Teguar","description":"Industrial PCs, Medical Computers, and Rugged Tablets","potentialAction":[{"@type":"SearchAction","target":{"@type":"EntryPoint","urlTemplate":"https:\/\/teguar.com\/eu\/en\/?s={search_term_string}"},"query-input":{"@type":"PropertyValueSpecification","valueRequired":true,"valueName":"search_term_string"}}],"inLanguage":"de"}]}},"_links":{"self":[{"href":"https:\/\/teguar.com\/eu\/de\/wp-json\/wp\/v2\/product\/2245314","targetHints":{"allow":["GET"]}}],"collection":[{"href":"https:\/\/teguar.com\/eu\/de\/wp-json\/wp\/v2\/product"}],"about":[{"href":"https:\/\/teguar.com\/eu\/de\/wp-json\/wp\/v2\/types\/product"}],"wp:featuredmedia":[{"embeddable":true,"href":"https:\/\/teguar.com\/eu\/de\/wp-json\/wp\/v2\/media\/2245888"}],"wp:attachment":[{"href":"https:\/\/teguar.com\/eu\/de\/wp-json\/wp\/v2\/media?parent=2245314"}],"wp:term":[{"taxonomy":"product_brand","embeddable":true,"href":"https:\/\/teguar.com\/eu\/de\/wp-json\/wp\/v2\/product_brand?post=2245314"},{"taxonomy":"product_cat","embeddable":true,"href":"https:\/\/teguar.com\/eu\/de\/wp-json\/wp\/v2\/product_cat?post=2245314"},{"taxonomy":"product_tag","embeddable":true,"href":"https:\/\/teguar.com\/eu\/de\/wp-json\/wp\/v2\/product_tag?post=2245314"},{"taxonomy":"product_label","embeddable":true,"href":"https:\/\/teguar.com\/eu\/de\/wp-json\/wp\/v2\/product_label?post=2245314"}],"curies":[{"name":"wp","href":"https:\/\/api.w.org\/{rel}","templated":true}]}}