{"id":2245311,"date":"2025-06-24T14:11:58","date_gmt":"2025-06-24T14:11:58","guid":{"rendered":"https:\/\/teguar.com\/eu\/product\/trt-a5580-10s\/"},"modified":"2025-11-20T17:11:32","modified_gmt":"2025-11-20T17:11:32","slug":"trt-a5580-10s","status":"publish","type":"product","link":"https:\/\/teguar.com\/eu\/de\/product\/trt-a5580-10s\/","title":{"rendered":"TRT-A5580-10S"},"content":{"rendered":"<div class=\"flex flex-grow flex-col max-w-full\">\n<div class=\"min-h-[20px] text-message flex flex-col items-start whitespace-pre-wrap break-words [.text-message+&amp;]:mt-5 juice:w-full juice:items-end overflow-x-auto gap-2\" dir=\"auto\" data-message-author-role=\"assistant\" data-message-id=\"69972159-44a3-43ff-a617-f9a9ccbd38fd\">\n<div class=\"flex w-full flex-col gap-1 juice:empty:hidden juice:first:pt-[3px]\">\n<div class=\"markdown prose w-full break-words dark:prose-invert light\">\n<p>Das TRT-A5580-10S ist ein 10-Zoll-Tablet, das meisterhaft ein schlankes Profil mit robuster Widerstandsf\u00e4higkeit verbindet und damit ideal f\u00fcr anspruchsvolle Umgebungen ist. Es wird von einer leistungsstarken Mediatek Dimensity 700 Octa-Core CPU angetrieben, die eine robuste und effiziente Leistung f\u00fcr eine Vielzahl von Aufgaben gew\u00e4hrleistet. Das TRT-A5580-10S l\u00e4uft auf Android 11 mit Google Mobile Services und bietet eine intuitive Benutzeroberfl\u00e4che und Zugang zu einer Vielzahl von Apps. Au\u00dferdem verf\u00fcgt er \u00fcber einen 2D-Scanner, der eine zuverl\u00e4ssige und effiziente Datenerfassung erm\u00f6glicht. Diese Kombination von Funktionen macht den TRT-A5580-10S zu einem vielseitigen und zuverl\u00e4ssigen Ger\u00e4t f\u00fcr den professionellen Einsatz.    <\/p>\n<\/div>\n<\/div>\n<\/div>\n<\/div>\n","protected":false},"excerpt":{"rendered":"<p><a href=\"https:\/\/teguar.com\/eu\/de\/tablets-fuer-den-aussendienst\/\">Au\u00dfendienst:<\/a> Das robuste Design und die 5G-Konnektivit\u00e4t der TRT-A5580 Serie sorgen f\u00fcr zuverl\u00e4ssige Leistung in rauen Au\u00dfenumgebungen und verbessern die Effizienz und Kommunikation f\u00fcr Au\u00dfendiensttechniker.<\/p>\n<p><a href=\"https:\/\/teguar.com\/eu\/de\/fertigungs-computer\/\">Fertigung:<\/a> Durch seine Langlebigkeit und den integrierten 2D-Scanner ist der TRT-A5580 ideal f\u00fcr die Fertigung geeignet und erm\u00f6glicht eine nahtlose Bestandsverwaltung, Anlagen\u00fcberwachung und Qualit\u00e4tskontrolle in der Fabrikhalle.<\/p>\n<p><a href=\"https:\/\/teguar.com\/eu\/logistics-transportation-computer\/\">Logistik und Transport:<\/a> Mit Echtzeit-Datenzugriff und Tracking-Funktionen verbessert der TRT-A5580 die Routenplanung, die Bestandsverfolgung und die Kommunikation und sorgt so f\u00fcr reibungslose Abl\u00e4ufe in der Logistik- und Transportbranche.<\/p>\n","protected":false},"featured_media":2245871,"template":"","meta":{"_acf_changed":false},"product_brand":[],"product_cat":[2842],"product_tag":[],"product_label":[],"class_list":{"0":"post-2245311","1":"product","2":"type-product","3":"status-publish","4":"has-post-thumbnail","6":"product_cat-rugged-android-tablets","8":"first","9":"instock","10":"taxable","11":"shipping-taxable","12":"purchasable","13":"product-type-simple"},"composite_virtual":false,"composite_layout":"","composite_add_to_cart_form_location":"","composite_editable_in_cart":false,"composite_sold_individually_context":"","composite_shop_price_calc":"","composite_components":[],"composite_scenarios":[],"acf":[],"yoast_head":"<!-- This site is optimized with the Yoast SEO Premium plugin v26.8 (Yoast SEO v27.2) - https:\/\/yoast.com\/product\/yoast-seo-premium-wordpress\/ -->\n<title>10&quot; Schlankes, robustes Tablet | TRT-A5580-10S<\/title>\n<meta name=\"description\" content=\"Sehen Sie sich das TRT-A5580 Slim Rugged Tablet von Teguar an, das sich durch ein schlankes, leichtes Design mit einer enormen Rechenleistung f\u00fcr Workbook-Anwendungen auszeichnet.\" \/>\n<meta name=\"robots\" content=\"index, follow, max-snippet:-1, max-image-preview:large, max-video-preview:-1\" \/>\n<link rel=\"canonical\" href=\"https:\/\/teguar.com\/eu\/de\/product\/trt-a5580-10s\/\" \/>\n<meta property=\"og:locale\" content=\"de_DE\" \/>\n<meta property=\"og:type\" content=\"article\" \/>\n<meta property=\"og:title\" content=\"TRT-A5580-10S\" \/>\n<meta property=\"og:description\" content=\"Sehen Sie sich das TRT-A5580 Slim Rugged Tablet von Teguar an, das sich durch ein schlankes, leichtes Design mit einer enormen Rechenleistung f\u00fcr Workbook-Anwendungen auszeichnet.\" \/>\n<meta property=\"og:url\" content=\"https:\/\/teguar.com\/eu\/de\/product\/trt-a5580-10s\/\" \/>\n<meta property=\"og:site_name\" content=\"Teguar\" \/>\n<meta property=\"article:modified_time\" content=\"2025-11-20T17:11:32+00:00\" \/>\n<meta property=\"og:image\" content=\"https:\/\/teguar.com\/eu\/wp-content\/uploads\/sites\/2\/2022\/03\/TRT-A5580-10s_Front__94388.1717160372.1280.1280.jpg\" \/>\n\t<meta property=\"og:image:width\" content=\"750\" \/>\n\t<meta property=\"og:image:height\" content=\"565\" \/>\n\t<meta property=\"og:image:type\" content=\"image\/jpeg\" \/>\n<meta name=\"twitter:card\" content=\"summary_large_image\" \/>\n<meta name=\"twitter:label1\" content=\"Gesch\u00e4tzte Lesezeit\" \/>\n\t<meta name=\"twitter:data1\" content=\"1\u00a0Minute\" \/>\n<script type=\"application\/ld+json\" class=\"yoast-schema-graph\">{\"@context\":\"https:\/\/schema.org\",\"@graph\":[{\"@type\":\"WebPage\",\"@id\":\"https:\/\/teguar.com\/eu\/de\/product\/trt-a5580-10s\/\",\"url\":\"https:\/\/teguar.com\/eu\/de\/product\/trt-a5580-10s\/\",\"name\":\"10\\\" Schlankes, robustes Tablet | TRT-A5580-10S\",\"isPartOf\":{\"@id\":\"https:\/\/teguar.com\/eu\/en\/#website\"},\"primaryImageOfPage\":{\"@id\":\"https:\/\/teguar.com\/eu\/de\/product\/trt-a5580-10s\/#primaryimage\"},\"image\":{\"@id\":\"https:\/\/teguar.com\/eu\/de\/product\/trt-a5580-10s\/#primaryimage\"},\"thumbnailUrl\":\"https:\/\/teguar.com\/eu\/wp-content\/uploads\/sites\/2\/2022\/03\/TRT-A5580-10s_Front__94388.1717160372.1280.1280.jpg\",\"datePublished\":\"2025-06-24T14:11:58+00:00\",\"dateModified\":\"2025-11-20T17:11:32+00:00\",\"description\":\"Sehen Sie sich das TRT-A5580 Slim Rugged Tablet von Teguar an, das sich durch ein schlankes, leichtes Design mit einer enormen Rechenleistung f\u00fcr Workbook-Anwendungen auszeichnet.\",\"breadcrumb\":{\"@id\":\"https:\/\/teguar.com\/eu\/de\/product\/trt-a5580-10s\/#breadcrumb\"},\"inLanguage\":\"de\",\"potentialAction\":[{\"@type\":\"ReadAction\",\"target\":[\"https:\/\/teguar.com\/eu\/de\/product\/trt-a5580-10s\/\"]}]},{\"@type\":\"ImageObject\",\"inLanguage\":\"de\",\"@id\":\"https:\/\/teguar.com\/eu\/de\/product\/trt-a5580-10s\/#primaryimage\",\"url\":\"https:\/\/teguar.com\/eu\/wp-content\/uploads\/sites\/2\/2022\/03\/TRT-A5580-10s_Front__94388.1717160372.1280.1280.jpg\",\"contentUrl\":\"https:\/\/teguar.com\/eu\/wp-content\/uploads\/sites\/2\/2022\/03\/TRT-A5580-10s_Front__94388.1717160372.1280.1280.jpg\",\"width\":750,\"height\":565,\"caption\":\"TRT-A5580-10S Front\"},{\"@type\":\"BreadcrumbList\",\"@id\":\"https:\/\/teguar.com\/eu\/de\/product\/trt-a5580-10s\/#breadcrumb\",\"itemListElement\":[{\"@type\":\"ListItem\",\"position\":1,\"name\":\"Home\",\"item\":\"https:\/\/teguar.com\/eu\/de\/\"},{\"@type\":\"ListItem\",\"position\":2,\"name\":\"TRT-A5580-10S\"}]},{\"@type\":\"WebSite\",\"@id\":\"https:\/\/teguar.com\/eu\/en\/#website\",\"url\":\"https:\/\/teguar.com\/eu\/en\/\",\"name\":\"Teguar\",\"description\":\"Industrial PCs, Medical Computers, and Rugged Tablets\",\"potentialAction\":[{\"@type\":\"SearchAction\",\"target\":{\"@type\":\"EntryPoint\",\"urlTemplate\":\"https:\/\/teguar.com\/eu\/en\/?s={search_term_string}\"},\"query-input\":{\"@type\":\"PropertyValueSpecification\",\"valueRequired\":true,\"valueName\":\"search_term_string\"}}],\"inLanguage\":\"de\"}]}<\/script>\n<!-- \/ Yoast SEO Premium plugin. -->","yoast_head_json":{"title":"10\" Schlankes, robustes Tablet | TRT-A5580-10S","description":"Sehen Sie sich das TRT-A5580 Slim Rugged Tablet von Teguar an, das sich durch ein schlankes, leichtes Design mit einer enormen Rechenleistung f\u00fcr Workbook-Anwendungen auszeichnet.","robots":{"index":"index","follow":"follow","max-snippet":"max-snippet:-1","max-image-preview":"max-image-preview:large","max-video-preview":"max-video-preview:-1"},"canonical":"https:\/\/teguar.com\/eu\/de\/product\/trt-a5580-10s\/","og_locale":"de_DE","og_type":"article","og_title":"TRT-A5580-10S","og_description":"Sehen Sie sich das TRT-A5580 Slim Rugged Tablet von Teguar an, das sich durch ein schlankes, leichtes Design mit einer enormen Rechenleistung f\u00fcr Workbook-Anwendungen auszeichnet.","og_url":"https:\/\/teguar.com\/eu\/de\/product\/trt-a5580-10s\/","og_site_name":"Teguar","article_modified_time":"2025-11-20T17:11:32+00:00","og_image":[{"width":750,"height":565,"url":"https:\/\/teguar.com\/eu\/wp-content\/uploads\/sites\/2\/2022\/03\/TRT-A5580-10s_Front__94388.1717160372.1280.1280.jpg","type":"image\/jpeg"}],"twitter_card":"summary_large_image","twitter_misc":{"Gesch\u00e4tzte Lesezeit":"1\u00a0Minute"},"schema":{"@context":"https:\/\/schema.org","@graph":[{"@type":"WebPage","@id":"https:\/\/teguar.com\/eu\/de\/product\/trt-a5580-10s\/","url":"https:\/\/teguar.com\/eu\/de\/product\/trt-a5580-10s\/","name":"10\" Schlankes, robustes Tablet | TRT-A5580-10S","isPartOf":{"@id":"https:\/\/teguar.com\/eu\/en\/#website"},"primaryImageOfPage":{"@id":"https:\/\/teguar.com\/eu\/de\/product\/trt-a5580-10s\/#primaryimage"},"image":{"@id":"https:\/\/teguar.com\/eu\/de\/product\/trt-a5580-10s\/#primaryimage"},"thumbnailUrl":"https:\/\/teguar.com\/eu\/wp-content\/uploads\/sites\/2\/2022\/03\/TRT-A5580-10s_Front__94388.1717160372.1280.1280.jpg","datePublished":"2025-06-24T14:11:58+00:00","dateModified":"2025-11-20T17:11:32+00:00","description":"Sehen Sie sich das TRT-A5580 Slim Rugged Tablet von Teguar an, das sich durch ein schlankes, leichtes Design mit einer enormen Rechenleistung f\u00fcr Workbook-Anwendungen auszeichnet.","breadcrumb":{"@id":"https:\/\/teguar.com\/eu\/de\/product\/trt-a5580-10s\/#breadcrumb"},"inLanguage":"de","potentialAction":[{"@type":"ReadAction","target":["https:\/\/teguar.com\/eu\/de\/product\/trt-a5580-10s\/"]}]},{"@type":"ImageObject","inLanguage":"de","@id":"https:\/\/teguar.com\/eu\/de\/product\/trt-a5580-10s\/#primaryimage","url":"https:\/\/teguar.com\/eu\/wp-content\/uploads\/sites\/2\/2022\/03\/TRT-A5580-10s_Front__94388.1717160372.1280.1280.jpg","contentUrl":"https:\/\/teguar.com\/eu\/wp-content\/uploads\/sites\/2\/2022\/03\/TRT-A5580-10s_Front__94388.1717160372.1280.1280.jpg","width":750,"height":565,"caption":"TRT-A5580-10S Front"},{"@type":"BreadcrumbList","@id":"https:\/\/teguar.com\/eu\/de\/product\/trt-a5580-10s\/#breadcrumb","itemListElement":[{"@type":"ListItem","position":1,"name":"Home","item":"https:\/\/teguar.com\/eu\/de\/"},{"@type":"ListItem","position":2,"name":"TRT-A5580-10S"}]},{"@type":"WebSite","@id":"https:\/\/teguar.com\/eu\/en\/#website","url":"https:\/\/teguar.com\/eu\/en\/","name":"Teguar","description":"Industrial PCs, Medical Computers, and Rugged Tablets","potentialAction":[{"@type":"SearchAction","target":{"@type":"EntryPoint","urlTemplate":"https:\/\/teguar.com\/eu\/en\/?s={search_term_string}"},"query-input":{"@type":"PropertyValueSpecification","valueRequired":true,"valueName":"search_term_string"}}],"inLanguage":"de"}]}},"_links":{"self":[{"href":"https:\/\/teguar.com\/eu\/de\/wp-json\/wp\/v2\/product\/2245311","targetHints":{"allow":["GET"]}}],"collection":[{"href":"https:\/\/teguar.com\/eu\/de\/wp-json\/wp\/v2\/product"}],"about":[{"href":"https:\/\/teguar.com\/eu\/de\/wp-json\/wp\/v2\/types\/product"}],"wp:featuredmedia":[{"embeddable":true,"href":"https:\/\/teguar.com\/eu\/de\/wp-json\/wp\/v2\/media\/2245871"}],"wp:attachment":[{"href":"https:\/\/teguar.com\/eu\/de\/wp-json\/wp\/v2\/media?parent=2245311"}],"wp:term":[{"taxonomy":"product_brand","embeddable":true,"href":"https:\/\/teguar.com\/eu\/de\/wp-json\/wp\/v2\/product_brand?post=2245311"},{"taxonomy":"product_cat","embeddable":true,"href":"https:\/\/teguar.com\/eu\/de\/wp-json\/wp\/v2\/product_cat?post=2245311"},{"taxonomy":"product_tag","embeddable":true,"href":"https:\/\/teguar.com\/eu\/de\/wp-json\/wp\/v2\/product_tag?post=2245311"},{"taxonomy":"product_label","embeddable":true,"href":"https:\/\/teguar.com\/eu\/de\/wp-json\/wp\/v2\/product_label?post=2245311"}],"curies":[{"name":"wp","href":"https:\/\/api.w.org\/{rel}","templated":true}]}}