{"id":2245302,"date":"2025-06-24T14:11:58","date_gmt":"2025-06-24T14:11:58","guid":{"rendered":"https:\/\/teguar.com\/eu\/product\/tmb-5710\/"},"modified":"2025-11-20T17:11:23","modified_gmt":"2025-11-20T17:11:23","slug":"tmb-5710","status":"publish","type":"product","link":"https:\/\/teguar.com\/eu\/de\/product\/tmb-5710\/","title":{"rendered":"TMB-5710"},"content":{"rendered":"<p>Der TMB-5710 Medical Edge AI Box PC ist eine medizinisch zertifizierte Hardware, die f\u00fcr KI, Edge Computing oder andere prozessorintensive Aufgaben entwickelt wurde. Dieser medizinische Box-PC verf\u00fcgt \u00fcber zwei Erweiterungssteckpl\u00e4tze f\u00fcr z.B. KI-Kerne oder Grafikkarten sowie \u00fcber ein kundenspezifisches PCIe x16 Erweiterungsmodul mit zus\u00e4tzlichen COM- und LAN-Eing\u00e4ngen. Der Medical Edge AI Box PC verf\u00fcgt \u00fcber eine Intel 9th Gen. Coffee Lake-S CPU und eine leicht austauschbare Festplatte zur Unterst\u00fctzung der HIPAA-Protokolle f\u00fcr die Speicherung von Patientendaten.  <\/p>\n","protected":false},"excerpt":{"rendered":"<p><a href=\"https:\/\/teguar.com\/eu\/telemedicine-computer\/\">Telemedizin:<\/a> Die TMB-5710 Serie kann in telemedizinischen Anwendungen eingesetzt werden und erm\u00f6glicht Fernkonsultationen, Patienten\u00fcberwachung und virtuelle Gesundheitsdienste.<\/p>\n<p> Chirurgische<a href=\"https:\/\/teguar.com\/eu\/de\/computer-und-monitore-fuer-den-operationssaal\/\">Bildgebung:<\/a> Mit seiner leistungsstarken CPU und der PCIe 16x-Erweiterung eignet sich das TMB-5710 hervorragend f\u00fcr chirurgische Bildgebungsanwendungen und erm\u00f6glicht die Visualisierung und Analyse medizinischer Bilder in Echtzeit w\u00e4hrend chirurgischer Eingriffe.<\/p>\n<p><a href=\"https:\/\/teguar.com\/eu\/de\/computer-im-gesundheitswesen\/\">Medizinische Forschung:<\/a> Dank seiner F\u00e4higkeiten eignet sich das TMB-5710 f\u00fcr die medizinische Forschung, einschlie\u00dflich Datenanalyse, Simulation und Modellierung, und unterst\u00fctzt so den Fortschritt im Gesundheitswesen und medizinische Entdeckungen.<\/p>\n","protected":false},"featured_media":2245310,"template":"","meta":{"_acf_changed":false},"product_brand":[],"product_cat":[2832],"product_tag":[4234,3073,4233,2635],"product_label":[],"class_list":{"0":"post-2245302","1":"product","2":"type-product","3":"status-publish","4":"has-post-thumbnail","6":"product_cat-medizinische-box-pcs","7":"product_tag-computer-zur-patientenueberwachung","8":"product_tag-elektronische-krankenakten-computer","9":"product_tag-krankenhaus-monitore-computer","10":"product_tag-online-kaufen","11":"pa_windows-windows-10-iot","12":"pa_windows-windows-10-pro","13":"pa_windows-windows-11-iot","14":"pa_windows-windows-11-pro","16":"first","17":"onbackorder","18":"taxable","19":"shipping-taxable","20":"purchasable","21":"product-type-composite"},"composite_virtual":false,"composite_layout":"single","composite_add_to_cart_form_location":"default","composite_editable_in_cart":false,"composite_sold_individually_context":"product","composite_shop_price_calc":"min_max","composite_components":[{"id":"1751038952","title":"WIDDER","description":"","query_type":"product_ids","query_ids":[2240774,2240775,2240776],"default_option_id":"","thumbnail_id":"","thumbnail_src":"","quantity_min":1,"quantity_max":1,"priced_individually":true,"shipped_individually":false,"optional":false,"discount":"","options_style":"dropdowns","pagination_style":"classic","display_prices":"relative","show_sorting_options":false,"show_filtering_options":false,"attribute_filter_ids":[],"select_action":"view","product_title_visible":false,"product_descr_visible":false,"product_price_visible":false,"product_thumb_visible":false,"subtotal_visible_product":true,"subtotal_visible_cart":false,"subtotal_visible_orders":false},{"id":"1751038953","title":"Lagerung","description":"","query_type":"product_ids","query_ids":[2240794,2240795,2240796],"default_option_id":"","thumbnail_id":"","thumbnail_src":"","quantity_min":1,"quantity_max":1,"priced_individually":true,"shipped_individually":false,"optional":false,"discount":"","options_style":"dropdowns","pagination_style":"classic","display_prices":"relative","show_sorting_options":false,"show_filtering_options":false,"attribute_filter_ids":[],"select_action":"view","product_title_visible":false,"product_descr_visible":false,"product_price_visible":false,"product_thumb_visible":false,"subtotal_visible_product":true,"subtotal_visible_cart":false,"subtotal_visible_orders":false},{"id":"1751038954","title":"Stromversorgung","description":"","query_type":"product_ids","query_ids":[2240769],"default_option_id":"","thumbnail_id":"","thumbnail_src":"","quantity_min":1,"quantity_max":1,"priced_individually":false,"shipped_individually":false,"optional":false,"discount":"","options_style":"dropdowns","pagination_style":"classic","display_prices":"absolute","show_sorting_options":false,"show_filtering_options":false,"attribute_filter_ids":[],"select_action":"view","product_title_visible":true,"product_descr_visible":false,"product_price_visible":false,"product_thumb_visible":false,"subtotal_visible_product":true,"subtotal_visible_cart":false,"subtotal_visible_orders":false},{"id":"1751038955","title":"Betriebssystem","description":"","query_type":"product_ids","query_ids":[2240737,2240733,2242808,2240736],"default_option_id":"","thumbnail_id":"","thumbnail_src":"","quantity_min":1,"quantity_max":1,"priced_individually":true,"shipped_individually":false,"optional":false,"discount":"","options_style":"dropdowns","pagination_style":"classic","display_prices":"relative","show_sorting_options":false,"show_filtering_options":false,"attribute_filter_ids":[],"select_action":"view","product_title_visible":false,"product_descr_visible":false,"product_price_visible":false,"product_thumb_visible":false,"subtotal_visible_product":true,"subtotal_visible_cart":false,"subtotal_visible_orders":false},{"id":"1751038956","title":"USB-Anschl\u00fcsse","description":"","query_type":"product_ids","query_ids":[2240823,2240822],"default_option_id":"","thumbnail_id":"","thumbnail_src":"","quantity_min":1,"quantity_max":1,"priced_individually":true,"shipped_individually":false,"optional":false,"discount":"","options_style":"dropdowns","pagination_style":"classic","display_prices":"relative","show_sorting_options":false,"show_filtering_options":false,"attribute_filter_ids":[],"select_action":"view","product_title_visible":false,"product_descr_visible":false,"product_price_visible":false,"product_thumb_visible":false,"subtotal_visible_product":true,"subtotal_visible_cart":false,"subtotal_visible_orders":false}],"composite_scenarios":[],"acf":[],"yoast_head":"<!-- This site is optimized with the Yoast SEO Premium plugin v26.8 (Yoast SEO v27.2) - https:\/\/yoast.com\/product\/yoast-seo-premium-wordpress\/ -->\n<title>Medical Edge AI Box PC | TMB-5710<\/title>\n<meta name=\"description\" content=\"Sehen Sie sich den Medical Edge AI Box PC von Teguar an, der f\u00fcr AI und Edge Computing entwickelt wurde. Ausgestattet mit 2 GPU\/AI Core Erweiterungssteckpl\u00e4tzen, antimikrobieller Oberfl\u00e4che und zus\u00e4tzlichen I\/Os.\" \/>\n<meta name=\"robots\" content=\"index, follow, max-snippet:-1, max-image-preview:large, max-video-preview:-1\" \/>\n<link rel=\"canonical\" href=\"https:\/\/teguar.com\/eu\/de\/product\/tmb-5710\/\" \/>\n<meta property=\"og:locale\" content=\"de_DE\" \/>\n<meta property=\"og:type\" content=\"article\" \/>\n<meta property=\"og:title\" content=\"TMB-5710\" \/>\n<meta property=\"og:description\" content=\"Sehen Sie sich den Medical Edge AI Box PC von Teguar an, der f\u00fcr AI und Edge Computing entwickelt wurde. Ausgestattet mit 2 GPU\/AI Core Erweiterungssteckpl\u00e4tzen, antimikrobieller Oberfl\u00e4che und zus\u00e4tzlichen I\/Os.\" \/>\n<meta property=\"og:url\" content=\"https:\/\/teguar.com\/eu\/de\/product\/tmb-5710\/\" \/>\n<meta property=\"og:site_name\" content=\"Teguar\" \/>\n<meta property=\"article:modified_time\" content=\"2025-11-20T17:11:23+00:00\" \/>\n<meta property=\"og:image\" content=\"https:\/\/teguar.com\/eu\/wp-content\/uploads\/sites\/2\/2022\/03\/TMB-5710_IOs_wth_drop_shadow__67990.1648830967.1280.1280.jpg\" \/>\n\t<meta property=\"og:image:width\" content=\"1000\" \/>\n\t<meta property=\"og:image:height\" content=\"1000\" \/>\n\t<meta property=\"og:image:type\" content=\"image\/jpeg\" \/>\n<meta name=\"twitter:card\" content=\"summary_large_image\" \/>\n<meta name=\"twitter:label1\" content=\"Gesch\u00e4tzte Lesezeit\" \/>\n\t<meta name=\"twitter:data1\" content=\"1\u00a0Minute\" \/>\n<script type=\"application\/ld+json\" class=\"yoast-schema-graph\">{\"@context\":\"https:\/\/schema.org\",\"@graph\":[{\"@type\":\"WebPage\",\"@id\":\"https:\/\/teguar.com\/eu\/de\/product\/tmb-5710\/\",\"url\":\"https:\/\/teguar.com\/eu\/de\/product\/tmb-5710\/\",\"name\":\"Medical Edge AI Box PC | TMB-5710\",\"isPartOf\":{\"@id\":\"https:\/\/teguar.com\/eu\/en\/#website\"},\"primaryImageOfPage\":{\"@id\":\"https:\/\/teguar.com\/eu\/de\/product\/tmb-5710\/#primaryimage\"},\"image\":{\"@id\":\"https:\/\/teguar.com\/eu\/de\/product\/tmb-5710\/#primaryimage\"},\"thumbnailUrl\":\"https:\/\/teguar.com\/eu\/wp-content\/uploads\/sites\/2\/2022\/03\/TMB-5710_IOs_wth_drop_shadow__67990.1648830967.1280.1280.jpg\",\"datePublished\":\"2025-06-24T14:11:58+00:00\",\"dateModified\":\"2025-11-20T17:11:23+00:00\",\"description\":\"Sehen Sie sich den Medical Edge AI Box PC von Teguar an, der f\u00fcr AI und Edge Computing entwickelt wurde. Ausgestattet mit 2 GPU\/AI Core Erweiterungssteckpl\u00e4tzen, antimikrobieller Oberfl\u00e4che und zus\u00e4tzlichen I\/Os.\",\"breadcrumb\":{\"@id\":\"https:\/\/teguar.com\/eu\/de\/product\/tmb-5710\/#breadcrumb\"},\"inLanguage\":\"de\",\"potentialAction\":[{\"@type\":\"ReadAction\",\"target\":[\"https:\/\/teguar.com\/eu\/de\/product\/tmb-5710\/\"]}]},{\"@type\":\"ImageObject\",\"inLanguage\":\"de\",\"@id\":\"https:\/\/teguar.com\/eu\/de\/product\/tmb-5710\/#primaryimage\",\"url\":\"https:\/\/teguar.com\/eu\/wp-content\/uploads\/sites\/2\/2022\/03\/TMB-5710_IOs_wth_drop_shadow__67990.1648830967.1280.1280.jpg\",\"contentUrl\":\"https:\/\/teguar.com\/eu\/wp-content\/uploads\/sites\/2\/2022\/03\/TMB-5710_IOs_wth_drop_shadow__67990.1648830967.1280.1280.jpg\",\"width\":1000,\"height\":1000,\"caption\":\"Medical Edge AI Box PC IOs\"},{\"@type\":\"BreadcrumbList\",\"@id\":\"https:\/\/teguar.com\/eu\/de\/product\/tmb-5710\/#breadcrumb\",\"itemListElement\":[{\"@type\":\"ListItem\",\"position\":1,\"name\":\"Home\",\"item\":\"https:\/\/teguar.com\/eu\/de\/\"},{\"@type\":\"ListItem\",\"position\":2,\"name\":\"TMB-5710\"}]},{\"@type\":\"WebSite\",\"@id\":\"https:\/\/teguar.com\/eu\/en\/#website\",\"url\":\"https:\/\/teguar.com\/eu\/en\/\",\"name\":\"Teguar\",\"description\":\"Industrial PCs, Medical Computers, and Rugged Tablets\",\"potentialAction\":[{\"@type\":\"SearchAction\",\"target\":{\"@type\":\"EntryPoint\",\"urlTemplate\":\"https:\/\/teguar.com\/eu\/en\/?s={search_term_string}\"},\"query-input\":{\"@type\":\"PropertyValueSpecification\",\"valueRequired\":true,\"valueName\":\"search_term_string\"}}],\"inLanguage\":\"de\"}]}<\/script>\n<!-- \/ Yoast SEO Premium plugin. -->","yoast_head_json":{"title":"Medical Edge AI Box PC | TMB-5710","description":"Sehen Sie sich den Medical Edge AI Box PC von Teguar an, der f\u00fcr AI und Edge Computing entwickelt wurde. Ausgestattet mit 2 GPU\/AI Core Erweiterungssteckpl\u00e4tzen, antimikrobieller Oberfl\u00e4che und zus\u00e4tzlichen I\/Os.","robots":{"index":"index","follow":"follow","max-snippet":"max-snippet:-1","max-image-preview":"max-image-preview:large","max-video-preview":"max-video-preview:-1"},"canonical":"https:\/\/teguar.com\/eu\/de\/product\/tmb-5710\/","og_locale":"de_DE","og_type":"article","og_title":"TMB-5710","og_description":"Sehen Sie sich den Medical Edge AI Box PC von Teguar an, der f\u00fcr AI und Edge Computing entwickelt wurde. Ausgestattet mit 2 GPU\/AI Core Erweiterungssteckpl\u00e4tzen, antimikrobieller Oberfl\u00e4che und zus\u00e4tzlichen I\/Os.","og_url":"https:\/\/teguar.com\/eu\/de\/product\/tmb-5710\/","og_site_name":"Teguar","article_modified_time":"2025-11-20T17:11:23+00:00","og_image":[{"width":1000,"height":1000,"url":"https:\/\/teguar.com\/eu\/wp-content\/uploads\/sites\/2\/2022\/03\/TMB-5710_IOs_wth_drop_shadow__67990.1648830967.1280.1280.jpg","type":"image\/jpeg"}],"twitter_card":"summary_large_image","twitter_misc":{"Gesch\u00e4tzte Lesezeit":"1\u00a0Minute"},"schema":{"@context":"https:\/\/schema.org","@graph":[{"@type":"WebPage","@id":"https:\/\/teguar.com\/eu\/de\/product\/tmb-5710\/","url":"https:\/\/teguar.com\/eu\/de\/product\/tmb-5710\/","name":"Medical Edge AI Box PC | TMB-5710","isPartOf":{"@id":"https:\/\/teguar.com\/eu\/en\/#website"},"primaryImageOfPage":{"@id":"https:\/\/teguar.com\/eu\/de\/product\/tmb-5710\/#primaryimage"},"image":{"@id":"https:\/\/teguar.com\/eu\/de\/product\/tmb-5710\/#primaryimage"},"thumbnailUrl":"https:\/\/teguar.com\/eu\/wp-content\/uploads\/sites\/2\/2022\/03\/TMB-5710_IOs_wth_drop_shadow__67990.1648830967.1280.1280.jpg","datePublished":"2025-06-24T14:11:58+00:00","dateModified":"2025-11-20T17:11:23+00:00","description":"Sehen Sie sich den Medical Edge AI Box PC von Teguar an, der f\u00fcr AI und Edge Computing entwickelt wurde. Ausgestattet mit 2 GPU\/AI Core Erweiterungssteckpl\u00e4tzen, antimikrobieller Oberfl\u00e4che und zus\u00e4tzlichen I\/Os.","breadcrumb":{"@id":"https:\/\/teguar.com\/eu\/de\/product\/tmb-5710\/#breadcrumb"},"inLanguage":"de","potentialAction":[{"@type":"ReadAction","target":["https:\/\/teguar.com\/eu\/de\/product\/tmb-5710\/"]}]},{"@type":"ImageObject","inLanguage":"de","@id":"https:\/\/teguar.com\/eu\/de\/product\/tmb-5710\/#primaryimage","url":"https:\/\/teguar.com\/eu\/wp-content\/uploads\/sites\/2\/2022\/03\/TMB-5710_IOs_wth_drop_shadow__67990.1648830967.1280.1280.jpg","contentUrl":"https:\/\/teguar.com\/eu\/wp-content\/uploads\/sites\/2\/2022\/03\/TMB-5710_IOs_wth_drop_shadow__67990.1648830967.1280.1280.jpg","width":1000,"height":1000,"caption":"Medical Edge AI Box PC IOs"},{"@type":"BreadcrumbList","@id":"https:\/\/teguar.com\/eu\/de\/product\/tmb-5710\/#breadcrumb","itemListElement":[{"@type":"ListItem","position":1,"name":"Home","item":"https:\/\/teguar.com\/eu\/de\/"},{"@type":"ListItem","position":2,"name":"TMB-5710"}]},{"@type":"WebSite","@id":"https:\/\/teguar.com\/eu\/en\/#website","url":"https:\/\/teguar.com\/eu\/en\/","name":"Teguar","description":"Industrial PCs, Medical Computers, and Rugged Tablets","potentialAction":[{"@type":"SearchAction","target":{"@type":"EntryPoint","urlTemplate":"https:\/\/teguar.com\/eu\/en\/?s={search_term_string}"},"query-input":{"@type":"PropertyValueSpecification","valueRequired":true,"valueName":"search_term_string"}}],"inLanguage":"de"}]}},"_links":{"self":[{"href":"https:\/\/teguar.com\/eu\/de\/wp-json\/wp\/v2\/product\/2245302","targetHints":{"allow":["GET"]}}],"collection":[{"href":"https:\/\/teguar.com\/eu\/de\/wp-json\/wp\/v2\/product"}],"about":[{"href":"https:\/\/teguar.com\/eu\/de\/wp-json\/wp\/v2\/types\/product"}],"wp:featuredmedia":[{"embeddable":true,"href":"https:\/\/teguar.com\/eu\/de\/wp-json\/wp\/v2\/media\/2245310"}],"wp:attachment":[{"href":"https:\/\/teguar.com\/eu\/de\/wp-json\/wp\/v2\/media?parent=2245302"}],"wp:term":[{"taxonomy":"product_brand","embeddable":true,"href":"https:\/\/teguar.com\/eu\/de\/wp-json\/wp\/v2\/product_brand?post=2245302"},{"taxonomy":"product_cat","embeddable":true,"href":"https:\/\/teguar.com\/eu\/de\/wp-json\/wp\/v2\/product_cat?post=2245302"},{"taxonomy":"product_tag","embeddable":true,"href":"https:\/\/teguar.com\/eu\/de\/wp-json\/wp\/v2\/product_tag?post=2245302"},{"taxonomy":"product_label","embeddable":true,"href":"https:\/\/teguar.com\/eu\/de\/wp-json\/wp\/v2\/product_label?post=2245302"}],"curies":[{"name":"wp","href":"https:\/\/api.w.org\/{rel}","templated":true}]}}