{"id":2245301,"date":"2025-06-24T14:12:48","date_gmt":"2025-06-24T14:12:48","guid":{"rendered":"https:\/\/teguar.com\/eu\/product\/tm-5040-16\/"},"modified":"2025-11-13T16:29:05","modified_gmt":"2025-11-13T16:29:05","slug":"tm-5040-16","status":"publish","type":"product","link":"https:\/\/teguar.com\/eu\/de\/product\/tm-5040-16\/","title":{"rendered":"TM-5040-16"},"content":{"rendered":"<p>Der TM-5040-16 ist ein industrietauglicher All-in-One-PC mit einem 15,6-Zoll-Breitbild-Touchdisplay. Mit dem Skylake Celeron \/ Core i5 Dual-Core-Prozessor und einem l\u00fcfterlosen K\u00fchlsystem ist dieses Ger\u00e4t f\u00fcr den zuverl\u00e4ssigen Einsatz in jeder industriellen Umgebung bereit. Der TM-5040-16 verf\u00fcgt \u00fcber zahlreiche IOs f\u00fcr den Anschluss von Scannern, Druckern und anderen Ger\u00e4ten, optional sind auch isolierte RS232, LAN und USB verf\u00fcgbar. Dieser Computer hat ein Aluminiumgeh\u00e4use, das nicht nur robust, sondern auch schlank und schmal ist, mit einer Breite von weniger als 2 Zoll (1,89 Zoll oder 48 Millimeter)   <\/p>\n<p>*TPM 2.0 und Intel vPro nur mit Core i5 CPU verf\u00fcgbar<\/p>\n","protected":false},"excerpt":{"rendered":"<p>Der TM-5040-16 hat einen 15,6-Zoll-Breitbild-Touchscreen und l\u00e4uft mit dem Skylake Celeron \/ Core i5 Dual-Core-Prozessor. Dieser All-in-One-Computer verf\u00fcgt \u00fcber eine wasserdichte Frontblende nach IP65, so dass er sich leicht abspritzen und reinigen l\u00e4sst. <\/p>\n","protected":false},"featured_media":2246975,"template":"","meta":{"_acf_changed":false},"product_brand":[],"product_cat":[2828],"product_tag":[],"product_label":[],"class_list":{"0":"post-2245301","1":"product","2":"type-product","3":"status-publish","4":"has-post-thumbnail","6":"product_cat-industrieller-all-in-one-pc","7":"pa_windows-windows-10-iot","8":"pa_windows-windows-10-pro","10":"first","11":"outofstock","12":"taxable","13":"shipping-taxable","14":"purchasable","15":"product-type-simple"},"composite_virtual":false,"composite_layout":"","composite_add_to_cart_form_location":"","composite_editable_in_cart":false,"composite_sold_individually_context":"","composite_shop_price_calc":"","composite_components":[],"composite_scenarios":[],"acf":[],"yoast_head":"<!-- This site is optimized with the Yoast SEO Premium plugin v26.8 (Yoast SEO v27.2) - https:\/\/yoast.com\/product\/yoast-seo-premium-wordpress\/ -->\n<title>15,6&quot; Medizinischer Computer | TM-5040-16<\/title>\n<meta name=\"robots\" content=\"index, follow, max-snippet:-1, max-image-preview:large, max-video-preview:-1\" \/>\n<link rel=\"canonical\" href=\"https:\/\/teguar.com\/eu\/de\/product\/tm-5040-16\/\" \/>\n<meta property=\"og:locale\" content=\"de_DE\" \/>\n<meta property=\"og:type\" content=\"article\" \/>\n<meta property=\"og:title\" content=\"TM-5040-16\" \/>\n<meta property=\"og:description\" content=\"Der TM-5040-16 hat einen 15,6-Zoll-Breitbild-Touchscreen und l\u00e4uft mit dem Skylake Celeron \/ Core i5 Dual-Core-Prozessor. Dieser All-in-One-Computer verf\u00fcgt \u00fcber eine wasserdichte Frontblende nach IP65, so dass er sich leicht abspritzen und reinigen l\u00e4sst.\" \/>\n<meta property=\"og:url\" content=\"https:\/\/teguar.com\/eu\/de\/product\/tm-5040-16\/\" \/>\n<meta property=\"og:site_name\" content=\"Teguar\" \/>\n<meta property=\"article:modified_time\" content=\"2025-11-13T16:29:05+00:00\" \/>\n<meta property=\"og:image\" content=\"https:\/\/teguar.com\/eu\/wp-content\/uploads\/sites\/2\/2020\/07\/16-inch-healthcare-computer-white-tm-5040-16__71718.1595934867.1280.1280.jpg\" \/>\n\t<meta property=\"og:image:width\" content=\"1000\" \/>\n\t<meta property=\"og:image:height\" content=\"1000\" \/>\n\t<meta property=\"og:image:type\" content=\"image\/jpeg\" \/>\n<meta name=\"twitter:card\" content=\"summary_large_image\" \/>\n<meta name=\"twitter:label1\" content=\"Gesch\u00e4tzte Lesezeit\" \/>\n\t<meta name=\"twitter:data1\" content=\"1\u00a0Minute\" \/>\n<script type=\"application\/ld+json\" class=\"yoast-schema-graph\">{\"@context\":\"https:\/\/schema.org\",\"@graph\":[{\"@type\":\"WebPage\",\"@id\":\"https:\/\/teguar.com\/eu\/de\/product\/tm-5040-16\/\",\"url\":\"https:\/\/teguar.com\/eu\/de\/product\/tm-5040-16\/\",\"name\":\"15,6\\\" Medizinischer Computer | TM-5040-16\",\"isPartOf\":{\"@id\":\"https:\/\/teguar.com\/eu\/en\/#website\"},\"primaryImageOfPage\":{\"@id\":\"https:\/\/teguar.com\/eu\/de\/product\/tm-5040-16\/#primaryimage\"},\"image\":{\"@id\":\"https:\/\/teguar.com\/eu\/de\/product\/tm-5040-16\/#primaryimage\"},\"thumbnailUrl\":\"https:\/\/teguar.com\/eu\/wp-content\/uploads\/sites\/2\/2020\/07\/16-inch-healthcare-computer-white-tm-5040-16__71718.1595934867.1280.1280.jpg\",\"datePublished\":\"2025-06-24T14:12:48+00:00\",\"dateModified\":\"2025-11-13T16:29:05+00:00\",\"breadcrumb\":{\"@id\":\"https:\/\/teguar.com\/eu\/de\/product\/tm-5040-16\/#breadcrumb\"},\"inLanguage\":\"de\",\"potentialAction\":[{\"@type\":\"ReadAction\",\"target\":[\"https:\/\/teguar.com\/eu\/de\/product\/tm-5040-16\/\"]}]},{\"@type\":\"ImageObject\",\"inLanguage\":\"de\",\"@id\":\"https:\/\/teguar.com\/eu\/de\/product\/tm-5040-16\/#primaryimage\",\"url\":\"https:\/\/teguar.com\/eu\/wp-content\/uploads\/sites\/2\/2020\/07\/16-inch-healthcare-computer-white-tm-5040-16__71718.1595934867.1280.1280.jpg\",\"contentUrl\":\"https:\/\/teguar.com\/eu\/wp-content\/uploads\/sites\/2\/2020\/07\/16-inch-healthcare-computer-white-tm-5040-16__71718.1595934867.1280.1280.jpg\",\"width\":1000,\"height\":1000,\"caption\":\"16\\\" Medical Grade Computer | TM-5040-16\"},{\"@type\":\"BreadcrumbList\",\"@id\":\"https:\/\/teguar.com\/eu\/de\/product\/tm-5040-16\/#breadcrumb\",\"itemListElement\":[{\"@type\":\"ListItem\",\"position\":1,\"name\":\"Home\",\"item\":\"https:\/\/teguar.com\/eu\/de\/\"},{\"@type\":\"ListItem\",\"position\":2,\"name\":\"TM-5040-16\"}]},{\"@type\":\"WebSite\",\"@id\":\"https:\/\/teguar.com\/eu\/en\/#website\",\"url\":\"https:\/\/teguar.com\/eu\/en\/\",\"name\":\"Teguar\",\"description\":\"Industrial PCs, Medical Computers, and Rugged Tablets\",\"potentialAction\":[{\"@type\":\"SearchAction\",\"target\":{\"@type\":\"EntryPoint\",\"urlTemplate\":\"https:\/\/teguar.com\/eu\/en\/?s={search_term_string}\"},\"query-input\":{\"@type\":\"PropertyValueSpecification\",\"valueRequired\":true,\"valueName\":\"search_term_string\"}}],\"inLanguage\":\"de\"}]}<\/script>\n<!-- \/ Yoast SEO Premium plugin. -->","yoast_head_json":{"title":"15,6\" Medizinischer Computer | TM-5040-16","robots":{"index":"index","follow":"follow","max-snippet":"max-snippet:-1","max-image-preview":"max-image-preview:large","max-video-preview":"max-video-preview:-1"},"canonical":"https:\/\/teguar.com\/eu\/de\/product\/tm-5040-16\/","og_locale":"de_DE","og_type":"article","og_title":"TM-5040-16","og_description":"Der TM-5040-16 hat einen 15,6-Zoll-Breitbild-Touchscreen und l\u00e4uft mit dem Skylake Celeron \/ Core i5 Dual-Core-Prozessor. Dieser All-in-One-Computer verf\u00fcgt \u00fcber eine wasserdichte Frontblende nach IP65, so dass er sich leicht abspritzen und reinigen l\u00e4sst.","og_url":"https:\/\/teguar.com\/eu\/de\/product\/tm-5040-16\/","og_site_name":"Teguar","article_modified_time":"2025-11-13T16:29:05+00:00","og_image":[{"width":1000,"height":1000,"url":"https:\/\/teguar.com\/eu\/wp-content\/uploads\/sites\/2\/2020\/07\/16-inch-healthcare-computer-white-tm-5040-16__71718.1595934867.1280.1280.jpg","type":"image\/jpeg"}],"twitter_card":"summary_large_image","twitter_misc":{"Gesch\u00e4tzte Lesezeit":"1\u00a0Minute"},"schema":{"@context":"https:\/\/schema.org","@graph":[{"@type":"WebPage","@id":"https:\/\/teguar.com\/eu\/de\/product\/tm-5040-16\/","url":"https:\/\/teguar.com\/eu\/de\/product\/tm-5040-16\/","name":"15,6\" Medizinischer Computer | TM-5040-16","isPartOf":{"@id":"https:\/\/teguar.com\/eu\/en\/#website"},"primaryImageOfPage":{"@id":"https:\/\/teguar.com\/eu\/de\/product\/tm-5040-16\/#primaryimage"},"image":{"@id":"https:\/\/teguar.com\/eu\/de\/product\/tm-5040-16\/#primaryimage"},"thumbnailUrl":"https:\/\/teguar.com\/eu\/wp-content\/uploads\/sites\/2\/2020\/07\/16-inch-healthcare-computer-white-tm-5040-16__71718.1595934867.1280.1280.jpg","datePublished":"2025-06-24T14:12:48+00:00","dateModified":"2025-11-13T16:29:05+00:00","breadcrumb":{"@id":"https:\/\/teguar.com\/eu\/de\/product\/tm-5040-16\/#breadcrumb"},"inLanguage":"de","potentialAction":[{"@type":"ReadAction","target":["https:\/\/teguar.com\/eu\/de\/product\/tm-5040-16\/"]}]},{"@type":"ImageObject","inLanguage":"de","@id":"https:\/\/teguar.com\/eu\/de\/product\/tm-5040-16\/#primaryimage","url":"https:\/\/teguar.com\/eu\/wp-content\/uploads\/sites\/2\/2020\/07\/16-inch-healthcare-computer-white-tm-5040-16__71718.1595934867.1280.1280.jpg","contentUrl":"https:\/\/teguar.com\/eu\/wp-content\/uploads\/sites\/2\/2020\/07\/16-inch-healthcare-computer-white-tm-5040-16__71718.1595934867.1280.1280.jpg","width":1000,"height":1000,"caption":"16\" Medical Grade Computer | TM-5040-16"},{"@type":"BreadcrumbList","@id":"https:\/\/teguar.com\/eu\/de\/product\/tm-5040-16\/#breadcrumb","itemListElement":[{"@type":"ListItem","position":1,"name":"Home","item":"https:\/\/teguar.com\/eu\/de\/"},{"@type":"ListItem","position":2,"name":"TM-5040-16"}]},{"@type":"WebSite","@id":"https:\/\/teguar.com\/eu\/en\/#website","url":"https:\/\/teguar.com\/eu\/en\/","name":"Teguar","description":"Industrial PCs, Medical Computers, and Rugged Tablets","potentialAction":[{"@type":"SearchAction","target":{"@type":"EntryPoint","urlTemplate":"https:\/\/teguar.com\/eu\/en\/?s={search_term_string}"},"query-input":{"@type":"PropertyValueSpecification","valueRequired":true,"valueName":"search_term_string"}}],"inLanguage":"de"}]}},"_links":{"self":[{"href":"https:\/\/teguar.com\/eu\/de\/wp-json\/wp\/v2\/product\/2245301","targetHints":{"allow":["GET"]}}],"collection":[{"href":"https:\/\/teguar.com\/eu\/de\/wp-json\/wp\/v2\/product"}],"about":[{"href":"https:\/\/teguar.com\/eu\/de\/wp-json\/wp\/v2\/types\/product"}],"wp:featuredmedia":[{"embeddable":true,"href":"https:\/\/teguar.com\/eu\/de\/wp-json\/wp\/v2\/media\/2246975"}],"wp:attachment":[{"href":"https:\/\/teguar.com\/eu\/de\/wp-json\/wp\/v2\/media?parent=2245301"}],"wp:term":[{"taxonomy":"product_brand","embeddable":true,"href":"https:\/\/teguar.com\/eu\/de\/wp-json\/wp\/v2\/product_brand?post=2245301"},{"taxonomy":"product_cat","embeddable":true,"href":"https:\/\/teguar.com\/eu\/de\/wp-json\/wp\/v2\/product_cat?post=2245301"},{"taxonomy":"product_tag","embeddable":true,"href":"https:\/\/teguar.com\/eu\/de\/wp-json\/wp\/v2\/product_tag?post=2245301"},{"taxonomy":"product_label","embeddable":true,"href":"https:\/\/teguar.com\/eu\/de\/wp-json\/wp\/v2\/product_label?post=2245301"}],"curies":[{"name":"wp","href":"https:\/\/api.w.org\/{rel}","templated":true}]}}