{"id":2245295,"date":"2025-06-24T14:11:58","date_gmt":"2025-06-24T14:11:58","guid":{"rendered":"https:\/\/teguar.com\/eu\/product\/trt-3493-12\/"},"modified":"2025-11-20T17:11:19","modified_gmt":"2025-11-20T17:11:19","slug":"trt-3493-12","status":"publish","type":"product","link":"https:\/\/teguar.com\/eu\/de\/product\/trt-3493-12\/","title":{"rendered":"TRT-3493-12"},"content":{"rendered":"<p>Das Teguar TRT-3493-12 steht f\u00fcr die ultimative Vielseitigkeit eines Tablets. Wie alle robusten Tablets von Teguar verf\u00fcgt auch das TRT-3493-12 \u00fcber ein Gorilla-Glas-Display und eine Fallh\u00f6he von 4 Fu\u00df aus jedem Winkel, so dass es selbst f\u00fcr die anspruchsvollsten Anwendungen geeignet ist. Das Besondere am TRT-3493-12 ist seine Modularit\u00e4t. Dank einer Vielzahl von Desktop- und Fahrzeug-Docking-L\u00f6sungen kann der TRT-3493-12 praktisch \u00fcberall montiert oder aufbewahrt werden. Wenn Sie den TRT-3493-12 mit in den Einsatz nehmen m\u00f6chten, k\u00f6nnen Sie die Handschlaufe auf der R\u00fcckseite oder einen Schultergurt verwenden, die beide im Lieferumfang des Tablets enthalten sind. Es k\u00f6nnen auch herausnehmbare Akkus mit Ladestationen geliefert werden, um die Betriebszeit zwischen den Ladevorg\u00e4ngen weiter zu verl\u00e4ngern.     <\/p>\n<p><a href=\"https:\/\/www.ruggedpcreview.com\/3_slates_teguar_trt3493.html\" target=\"_blank\" rel=\"noopener\">&gt;  Lesen Sie einen unabh\u00e4ngigen Bericht \u00fcber dieses Tablet auf RuggedPCReview.com<\/a><\/p>\n","protected":false},"excerpt":{"rendered":"<p><a href=\"https:\/\/teguar.com\/eu\/de\/tablets-fuer-den-aussendienst\/\">Techniker im Au\u00dfendienst:<\/a> Die Robustheit, die Mobilit\u00e4tsoptionen und der im laufenden Betrieb austauschbare Akku machen den TRT-3493-12 zu einem idealen Ger\u00e4t f\u00fcr Servicetechniker im Au\u00dfendienst, mit dem sie unterwegs auf Informationen zugreifen, Datens\u00e4tze aktualisieren und kommunizieren k\u00f6nnen.<\/p>\n<p><a href=\"https:\/\/teguar.com\/eu\/de\/computer-fuer-die-lagerverwaltung\/\">Lagerbestandsverwaltung:<\/a> Der TRT-3493-12 l\u00e4sst sich praktisch \u00fcberall aufstellen oder aufbewahren und eignet sich dank seines robusten Designs hervorragend f\u00fcr die Lagerbestandsverwaltung. Er erm\u00f6glicht es den Mitarbeitern, die Lagerbest\u00e4nde einfach zu verfolgen und zu aktualisieren, Barcodes zu scannen und die Logistikabl\u00e4ufe zu optimieren.<\/p>\n<p>Inspektionen und Vermessungen vor Ort: Die Robustheit und Mobilit\u00e4t des TRT-3493-12 machen ihn zu einer guten Wahl f\u00fcr Inspektionen und Vermessungen vor Ort. Er erm\u00f6glicht es Fachleuten, Daten zu erfassen, Ergebnisse zu dokumentieren und Berichte zu erstellen, w\u00e4hrend sie unter schwierigen Au\u00dfenbedingungen arbeiten.<\/p>\n","protected":false},"featured_media":2245875,"template":"","meta":{"_acf_changed":false},"product_brand":[],"product_cat":[2846],"product_tag":[],"product_label":[],"class_list":{"0":"post-2245295","1":"product","2":"type-product","3":"status-publish","4":"has-post-thumbnail","6":"product_cat-rugged-windows-tablets","7":"pa_windows-windows-10-iot","9":"first","10":"instock","11":"taxable","12":"shipping-taxable","13":"purchasable","14":"product-type-simple"},"composite_virtual":false,"composite_layout":"","composite_add_to_cart_form_location":"","composite_editable_in_cart":false,"composite_sold_individually_context":"","composite_shop_price_calc":"","composite_components":[],"composite_scenarios":[],"acf":[],"yoast_head":"<!-- This site is optimized with the Yoast SEO Premium plugin v26.8 (Yoast SEO v27.2) - https:\/\/yoast.com\/product\/yoast-seo-premium-wordpress\/ -->\n<title>12&quot; Robustes Tablet | TRT-3493-12<\/title>\n<meta name=\"description\" content=\"Das TRT-3493-12 ist ein robustes 12-Zoll-Tablet mit Hot-Swap-Akku und einer Reihe von n\u00fctzlichem Zubeh\u00f6r zur Steigerung der Leistung, darunter Docks und Ladeger\u00e4te.\" \/>\n<meta name=\"robots\" content=\"index, follow, max-snippet:-1, max-image-preview:large, max-video-preview:-1\" \/>\n<link rel=\"canonical\" href=\"https:\/\/teguar.com\/eu\/de\/product\/trt-3493-12\/\" \/>\n<meta property=\"og:locale\" content=\"de_DE\" \/>\n<meta property=\"og:type\" content=\"article\" \/>\n<meta property=\"og:title\" content=\"TRT-3493-12\" \/>\n<meta property=\"og:description\" content=\"Das TRT-3493-12 ist ein robustes 12-Zoll-Tablet mit Hot-Swap-Akku und einer Reihe von n\u00fctzlichem Zubeh\u00f6r zur Steigerung der Leistung, darunter Docks und Ladeger\u00e4te.\" \/>\n<meta property=\"og:url\" content=\"https:\/\/teguar.com\/eu\/de\/product\/trt-3493-12\/\" \/>\n<meta property=\"og:site_name\" content=\"Teguar\" \/>\n<meta property=\"article:modified_time\" content=\"2025-11-20T17:11:19+00:00\" \/>\n<meta property=\"og:image\" content=\"https:\/\/teguar.com\/eu\/wp-content\/uploads\/sites\/2\/2021\/11\/front_view__84147.1646947875.1280.1280.jpg\" \/>\n\t<meta property=\"og:image:width\" content=\"1000\" \/>\n\t<meta property=\"og:image:height\" content=\"1000\" \/>\n\t<meta property=\"og:image:type\" content=\"image\/jpeg\" \/>\n<meta name=\"twitter:card\" content=\"summary_large_image\" \/>\n<meta name=\"twitter:label1\" content=\"Gesch\u00e4tzte Lesezeit\" \/>\n\t<meta name=\"twitter:data1\" content=\"1\u00a0Minute\" \/>\n<script type=\"application\/ld+json\" class=\"yoast-schema-graph\">{\"@context\":\"https:\/\/schema.org\",\"@graph\":[{\"@type\":\"WebPage\",\"@id\":\"https:\/\/teguar.com\/eu\/de\/product\/trt-3493-12\/\",\"url\":\"https:\/\/teguar.com\/eu\/de\/product\/trt-3493-12\/\",\"name\":\"12\\\" Robustes Tablet | TRT-3493-12\",\"isPartOf\":{\"@id\":\"https:\/\/teguar.com\/eu\/en\/#website\"},\"primaryImageOfPage\":{\"@id\":\"https:\/\/teguar.com\/eu\/de\/product\/trt-3493-12\/#primaryimage\"},\"image\":{\"@id\":\"https:\/\/teguar.com\/eu\/de\/product\/trt-3493-12\/#primaryimage\"},\"thumbnailUrl\":\"https:\/\/teguar.com\/eu\/wp-content\/uploads\/sites\/2\/2021\/11\/front_view__84147.1646947875.1280.1280.jpg\",\"datePublished\":\"2025-06-24T14:11:58+00:00\",\"dateModified\":\"2025-11-20T17:11:19+00:00\",\"description\":\"Das TRT-3493-12 ist ein robustes 12-Zoll-Tablet mit Hot-Swap-Akku und einer Reihe von n\u00fctzlichem Zubeh\u00f6r zur Steigerung der Leistung, darunter Docks und Ladeger\u00e4te.\",\"breadcrumb\":{\"@id\":\"https:\/\/teguar.com\/eu\/de\/product\/trt-3493-12\/#breadcrumb\"},\"inLanguage\":\"de\",\"potentialAction\":[{\"@type\":\"ReadAction\",\"target\":[\"https:\/\/teguar.com\/eu\/de\/product\/trt-3493-12\/\"]}]},{\"@type\":\"ImageObject\",\"inLanguage\":\"de\",\"@id\":\"https:\/\/teguar.com\/eu\/de\/product\/trt-3493-12\/#primaryimage\",\"url\":\"https:\/\/teguar.com\/eu\/wp-content\/uploads\/sites\/2\/2021\/11\/front_view__84147.1646947875.1280.1280.jpg\",\"contentUrl\":\"https:\/\/teguar.com\/eu\/wp-content\/uploads\/sites\/2\/2021\/11\/front_view__84147.1646947875.1280.1280.jpg\",\"width\":1000,\"height\":1000,\"caption\":\"Ruggedized tablet front view\"},{\"@type\":\"BreadcrumbList\",\"@id\":\"https:\/\/teguar.com\/eu\/de\/product\/trt-3493-12\/#breadcrumb\",\"itemListElement\":[{\"@type\":\"ListItem\",\"position\":1,\"name\":\"Home\",\"item\":\"https:\/\/teguar.com\/eu\/de\/\"},{\"@type\":\"ListItem\",\"position\":2,\"name\":\"TRT-3493-12\"}]},{\"@type\":\"WebSite\",\"@id\":\"https:\/\/teguar.com\/eu\/en\/#website\",\"url\":\"https:\/\/teguar.com\/eu\/en\/\",\"name\":\"Teguar\",\"description\":\"Industrial PCs, Medical Computers, and Rugged Tablets\",\"potentialAction\":[{\"@type\":\"SearchAction\",\"target\":{\"@type\":\"EntryPoint\",\"urlTemplate\":\"https:\/\/teguar.com\/eu\/en\/?s={search_term_string}\"},\"query-input\":{\"@type\":\"PropertyValueSpecification\",\"valueRequired\":true,\"valueName\":\"search_term_string\"}}],\"inLanguage\":\"de\"}]}<\/script>\n<!-- \/ Yoast SEO Premium plugin. -->","yoast_head_json":{"title":"12\" Robustes Tablet | TRT-3493-12","description":"Das TRT-3493-12 ist ein robustes 12-Zoll-Tablet mit Hot-Swap-Akku und einer Reihe von n\u00fctzlichem Zubeh\u00f6r zur Steigerung der Leistung, darunter Docks und Ladeger\u00e4te.","robots":{"index":"index","follow":"follow","max-snippet":"max-snippet:-1","max-image-preview":"max-image-preview:large","max-video-preview":"max-video-preview:-1"},"canonical":"https:\/\/teguar.com\/eu\/de\/product\/trt-3493-12\/","og_locale":"de_DE","og_type":"article","og_title":"TRT-3493-12","og_description":"Das TRT-3493-12 ist ein robustes 12-Zoll-Tablet mit Hot-Swap-Akku und einer Reihe von n\u00fctzlichem Zubeh\u00f6r zur Steigerung der Leistung, darunter Docks und Ladeger\u00e4te.","og_url":"https:\/\/teguar.com\/eu\/de\/product\/trt-3493-12\/","og_site_name":"Teguar","article_modified_time":"2025-11-20T17:11:19+00:00","og_image":[{"width":1000,"height":1000,"url":"https:\/\/teguar.com\/eu\/wp-content\/uploads\/sites\/2\/2021\/11\/front_view__84147.1646947875.1280.1280.jpg","type":"image\/jpeg"}],"twitter_card":"summary_large_image","twitter_misc":{"Gesch\u00e4tzte Lesezeit":"1\u00a0Minute"},"schema":{"@context":"https:\/\/schema.org","@graph":[{"@type":"WebPage","@id":"https:\/\/teguar.com\/eu\/de\/product\/trt-3493-12\/","url":"https:\/\/teguar.com\/eu\/de\/product\/trt-3493-12\/","name":"12\" Robustes Tablet | TRT-3493-12","isPartOf":{"@id":"https:\/\/teguar.com\/eu\/en\/#website"},"primaryImageOfPage":{"@id":"https:\/\/teguar.com\/eu\/de\/product\/trt-3493-12\/#primaryimage"},"image":{"@id":"https:\/\/teguar.com\/eu\/de\/product\/trt-3493-12\/#primaryimage"},"thumbnailUrl":"https:\/\/teguar.com\/eu\/wp-content\/uploads\/sites\/2\/2021\/11\/front_view__84147.1646947875.1280.1280.jpg","datePublished":"2025-06-24T14:11:58+00:00","dateModified":"2025-11-20T17:11:19+00:00","description":"Das TRT-3493-12 ist ein robustes 12-Zoll-Tablet mit Hot-Swap-Akku und einer Reihe von n\u00fctzlichem Zubeh\u00f6r zur Steigerung der Leistung, darunter Docks und Ladeger\u00e4te.","breadcrumb":{"@id":"https:\/\/teguar.com\/eu\/de\/product\/trt-3493-12\/#breadcrumb"},"inLanguage":"de","potentialAction":[{"@type":"ReadAction","target":["https:\/\/teguar.com\/eu\/de\/product\/trt-3493-12\/"]}]},{"@type":"ImageObject","inLanguage":"de","@id":"https:\/\/teguar.com\/eu\/de\/product\/trt-3493-12\/#primaryimage","url":"https:\/\/teguar.com\/eu\/wp-content\/uploads\/sites\/2\/2021\/11\/front_view__84147.1646947875.1280.1280.jpg","contentUrl":"https:\/\/teguar.com\/eu\/wp-content\/uploads\/sites\/2\/2021\/11\/front_view__84147.1646947875.1280.1280.jpg","width":1000,"height":1000,"caption":"Ruggedized tablet front view"},{"@type":"BreadcrumbList","@id":"https:\/\/teguar.com\/eu\/de\/product\/trt-3493-12\/#breadcrumb","itemListElement":[{"@type":"ListItem","position":1,"name":"Home","item":"https:\/\/teguar.com\/eu\/de\/"},{"@type":"ListItem","position":2,"name":"TRT-3493-12"}]},{"@type":"WebSite","@id":"https:\/\/teguar.com\/eu\/en\/#website","url":"https:\/\/teguar.com\/eu\/en\/","name":"Teguar","description":"Industrial PCs, Medical Computers, and Rugged Tablets","potentialAction":[{"@type":"SearchAction","target":{"@type":"EntryPoint","urlTemplate":"https:\/\/teguar.com\/eu\/en\/?s={search_term_string}"},"query-input":{"@type":"PropertyValueSpecification","valueRequired":true,"valueName":"search_term_string"}}],"inLanguage":"de"}]}},"_links":{"self":[{"href":"https:\/\/teguar.com\/eu\/de\/wp-json\/wp\/v2\/product\/2245295","targetHints":{"allow":["GET"]}}],"collection":[{"href":"https:\/\/teguar.com\/eu\/de\/wp-json\/wp\/v2\/product"}],"about":[{"href":"https:\/\/teguar.com\/eu\/de\/wp-json\/wp\/v2\/types\/product"}],"wp:featuredmedia":[{"embeddable":true,"href":"https:\/\/teguar.com\/eu\/de\/wp-json\/wp\/v2\/media\/2245875"}],"wp:attachment":[{"href":"https:\/\/teguar.com\/eu\/de\/wp-json\/wp\/v2\/media?parent=2245295"}],"wp:term":[{"taxonomy":"product_brand","embeddable":true,"href":"https:\/\/teguar.com\/eu\/de\/wp-json\/wp\/v2\/product_brand?post=2245295"},{"taxonomy":"product_cat","embeddable":true,"href":"https:\/\/teguar.com\/eu\/de\/wp-json\/wp\/v2\/product_cat?post=2245295"},{"taxonomy":"product_tag","embeddable":true,"href":"https:\/\/teguar.com\/eu\/de\/wp-json\/wp\/v2\/product_tag?post=2245295"},{"taxonomy":"product_label","embeddable":true,"href":"https:\/\/teguar.com\/eu\/de\/wp-json\/wp\/v2\/product_label?post=2245295"}],"curies":[{"name":"wp","href":"https:\/\/api.w.org\/{rel}","templated":true}]}}