{"id":2245294,"date":"2025-06-24T14:12:00","date_gmt":"2025-06-24T14:12:00","guid":{"rendered":"https:\/\/teguar.com\/eu\/product\/tm-5040-22\/"},"modified":"2025-11-20T17:10:49","modified_gmt":"2025-11-20T17:10:49","slug":"tm-5040-22","status":"publish","type":"product","link":"https:\/\/teguar.com\/eu\/de\/product\/tm-5040-22\/","title":{"rendered":"TM-5040-22"},"content":{"rendered":"<p>Der beeindruckende Breitbildschirm des industrietauglichen All-in-One-PCs TM-5040-22i bietet Klarheit und eine helle Anzeige von Informationen, die f\u00fcr industrielle Umgebungen unerl\u00e4sslich sind. Der leistungsstarke Computer verf\u00fcgt \u00fcber einen Intel Skylake Celeron\/Core i5 Prozessor. Dieser industrietaugliche All-in-One-Computer arbeitet v\u00f6llig ger\u00e4uschlos, da das l\u00fcfterlose K\u00fchlsystem keine beweglichen Komponenten aufweist. Der projizierte kapazitive LED-Touchscreen kann mit direktem Hautkontakt oder d\u00fcnnen Handschuhen bedient werden. Wie bei allen unseren Industriecomputern sorgt das Aluminiumgeh\u00e4use f\u00fcr einen robusten Computer, der auch gef\u00e4hrlichen industriellen Bedingungen standh\u00e4lt.    <\/p>\n<p>*TPM 2.0 und Intel vPro nur mit Core i5 verf\u00fcgbar<\/p>\n<p><a href=\"https:\/\/www.ruggedpcreview.com\/3_panels_teguar_tm5040_22.html\" target=\"_blank\" rel=\"noopener\">&gt;&gt;  Lesen Sie einen unabh\u00e4ngigen Bericht \u00fcber den TM-5040-22i von ruggedpcreview.com<\/a><\/p>\n","protected":false},"excerpt":{"rendered":"<p>Der beeindruckende Breitbildschirm des industrietauglichen All-in-One-PCs TM-5040-22 bietet Klarheit und eine helle Anzeige von Informationen. Der 21,5&#8243; PCap LED-Touchscreen hat eine Bildschirmaufl\u00f6sung von 1920 x 1080 und kann auch mit d\u00fcnnen Latexhandschuhen bedient werden. Dieser Computer unterst\u00fctzt TPM 2.0 und Intel vPro (mit dem Core i5 Prozessor) und ist bereit f\u00fcr den zuverl\u00e4ssigen Einsatz in Ihrer medizinischen Einrichtung.  <\/p>\n","protected":false},"featured_media":2246980,"template":"","meta":{"_acf_changed":false},"product_brand":[],"product_cat":[2828],"product_tag":[],"product_label":[],"class_list":{"0":"post-2245294","1":"product","2":"type-product","3":"status-publish","4":"has-post-thumbnail","6":"product_cat-industrieller-all-in-one-pc","7":"pa_windows-windows-10-iot","8":"pa_windows-windows-10-pro","10":"first","11":"instock","12":"taxable","13":"shipping-taxable","14":"purchasable","15":"product-type-simple"},"composite_virtual":false,"composite_layout":"","composite_add_to_cart_form_location":"","composite_editable_in_cart":false,"composite_sold_individually_context":"","composite_shop_price_calc":"","composite_components":[],"composite_scenarios":[],"acf":[],"yoast_head":"<!-- This site is optimized with the Yoast SEO Premium plugin v26.8 (Yoast SEO v27.2) - https:\/\/yoast.com\/product\/yoast-seo-premium-wordpress\/ -->\n<title>22&quot; Medizinischer All-in-One PC | TM-5040-22<\/title>\n<meta name=\"description\" content=\"Der medizinisch zertifizierte TM-5040-22 All-in-One-Computer ist f\u00fcr den 24\/7-Betrieb in Krankenh\u00e4usern und medizinischen Einrichtungen konzipiert.\" \/>\n<meta name=\"robots\" content=\"index, follow, max-snippet:-1, max-image-preview:large, max-video-preview:-1\" \/>\n<link rel=\"canonical\" href=\"https:\/\/teguar.com\/eu\/de\/product\/tm-5040-22\/\" \/>\n<meta property=\"og:locale\" content=\"de_DE\" \/>\n<meta property=\"og:type\" content=\"article\" \/>\n<meta property=\"og:title\" content=\"TM-5040-22\" \/>\n<meta property=\"og:description\" content=\"Der medizinisch zertifizierte TM-5040-22 All-in-One-Computer ist f\u00fcr den 24\/7-Betrieb in Krankenh\u00e4usern und medizinischen Einrichtungen konzipiert.\" \/>\n<meta property=\"og:url\" content=\"https:\/\/teguar.com\/eu\/de\/product\/tm-5040-22\/\" \/>\n<meta property=\"og:site_name\" content=\"Teguar\" \/>\n<meta property=\"article:modified_time\" content=\"2025-11-20T17:10:49+00:00\" \/>\n<meta property=\"og:image\" content=\"https:\/\/teguar.com\/eu\/wp-content\/uploads\/sites\/2\/2020\/07\/22-inch-healthcare-computer-tm-5040-22__46146.1595934870.1280.1280.jpg\" \/>\n\t<meta property=\"og:image:width\" content=\"1000\" \/>\n\t<meta property=\"og:image:height\" content=\"1000\" \/>\n\t<meta property=\"og:image:type\" content=\"image\/jpeg\" \/>\n<meta name=\"twitter:card\" content=\"summary_large_image\" \/>\n<meta name=\"twitter:label1\" content=\"Gesch\u00e4tzte Lesezeit\" \/>\n\t<meta name=\"twitter:data1\" content=\"1\u00a0Minute\" \/>\n<script type=\"application\/ld+json\" class=\"yoast-schema-graph\">{\"@context\":\"https:\/\/schema.org\",\"@graph\":[{\"@type\":\"WebPage\",\"@id\":\"https:\/\/teguar.com\/eu\/de\/product\/tm-5040-22\/\",\"url\":\"https:\/\/teguar.com\/eu\/de\/product\/tm-5040-22\/\",\"name\":\"22\\\" Medizinischer All-in-One PC | TM-5040-22\",\"isPartOf\":{\"@id\":\"https:\/\/teguar.com\/eu\/en\/#website\"},\"primaryImageOfPage\":{\"@id\":\"https:\/\/teguar.com\/eu\/de\/product\/tm-5040-22\/#primaryimage\"},\"image\":{\"@id\":\"https:\/\/teguar.com\/eu\/de\/product\/tm-5040-22\/#primaryimage\"},\"thumbnailUrl\":\"https:\/\/teguar.com\/eu\/wp-content\/uploads\/sites\/2\/2020\/07\/22-inch-healthcare-computer-tm-5040-22__46146.1595934870.1280.1280.jpg\",\"datePublished\":\"2025-06-24T14:12:00+00:00\",\"dateModified\":\"2025-11-20T17:10:49+00:00\",\"description\":\"Der medizinisch zertifizierte TM-5040-22 All-in-One-Computer ist f\u00fcr den 24\/7-Betrieb in Krankenh\u00e4usern und medizinischen Einrichtungen konzipiert.\",\"breadcrumb\":{\"@id\":\"https:\/\/teguar.com\/eu\/de\/product\/tm-5040-22\/#breadcrumb\"},\"inLanguage\":\"de\",\"potentialAction\":[{\"@type\":\"ReadAction\",\"target\":[\"https:\/\/teguar.com\/eu\/de\/product\/tm-5040-22\/\"]}]},{\"@type\":\"ImageObject\",\"inLanguage\":\"de\",\"@id\":\"https:\/\/teguar.com\/eu\/de\/product\/tm-5040-22\/#primaryimage\",\"url\":\"https:\/\/teguar.com\/eu\/wp-content\/uploads\/sites\/2\/2020\/07\/22-inch-healthcare-computer-tm-5040-22__46146.1595934870.1280.1280.jpg\",\"contentUrl\":\"https:\/\/teguar.com\/eu\/wp-content\/uploads\/sites\/2\/2020\/07\/22-inch-healthcare-computer-tm-5040-22__46146.1595934870.1280.1280.jpg\",\"width\":1000,\"height\":1000,\"caption\":\"22\\\" Medically Certified PC | TM-5040-22\"},{\"@type\":\"BreadcrumbList\",\"@id\":\"https:\/\/teguar.com\/eu\/de\/product\/tm-5040-22\/#breadcrumb\",\"itemListElement\":[{\"@type\":\"ListItem\",\"position\":1,\"name\":\"Home\",\"item\":\"https:\/\/teguar.com\/eu\/de\/\"},{\"@type\":\"ListItem\",\"position\":2,\"name\":\"TM-5040-22\"}]},{\"@type\":\"WebSite\",\"@id\":\"https:\/\/teguar.com\/eu\/en\/#website\",\"url\":\"https:\/\/teguar.com\/eu\/en\/\",\"name\":\"Teguar\",\"description\":\"Industrial PCs, Medical Computers, and Rugged Tablets\",\"potentialAction\":[{\"@type\":\"SearchAction\",\"target\":{\"@type\":\"EntryPoint\",\"urlTemplate\":\"https:\/\/teguar.com\/eu\/en\/?s={search_term_string}\"},\"query-input\":{\"@type\":\"PropertyValueSpecification\",\"valueRequired\":true,\"valueName\":\"search_term_string\"}}],\"inLanguage\":\"de\"}]}<\/script>\n<!-- \/ Yoast SEO Premium plugin. -->","yoast_head_json":{"title":"22\" Medizinischer All-in-One PC | TM-5040-22","description":"Der medizinisch zertifizierte TM-5040-22 All-in-One-Computer ist f\u00fcr den 24\/7-Betrieb in Krankenh\u00e4usern und medizinischen Einrichtungen konzipiert.","robots":{"index":"index","follow":"follow","max-snippet":"max-snippet:-1","max-image-preview":"max-image-preview:large","max-video-preview":"max-video-preview:-1"},"canonical":"https:\/\/teguar.com\/eu\/de\/product\/tm-5040-22\/","og_locale":"de_DE","og_type":"article","og_title":"TM-5040-22","og_description":"Der medizinisch zertifizierte TM-5040-22 All-in-One-Computer ist f\u00fcr den 24\/7-Betrieb in Krankenh\u00e4usern und medizinischen Einrichtungen konzipiert.","og_url":"https:\/\/teguar.com\/eu\/de\/product\/tm-5040-22\/","og_site_name":"Teguar","article_modified_time":"2025-11-20T17:10:49+00:00","og_image":[{"width":1000,"height":1000,"url":"https:\/\/teguar.com\/eu\/wp-content\/uploads\/sites\/2\/2020\/07\/22-inch-healthcare-computer-tm-5040-22__46146.1595934870.1280.1280.jpg","type":"image\/jpeg"}],"twitter_card":"summary_large_image","twitter_misc":{"Gesch\u00e4tzte Lesezeit":"1\u00a0Minute"},"schema":{"@context":"https:\/\/schema.org","@graph":[{"@type":"WebPage","@id":"https:\/\/teguar.com\/eu\/de\/product\/tm-5040-22\/","url":"https:\/\/teguar.com\/eu\/de\/product\/tm-5040-22\/","name":"22\" Medizinischer All-in-One PC | TM-5040-22","isPartOf":{"@id":"https:\/\/teguar.com\/eu\/en\/#website"},"primaryImageOfPage":{"@id":"https:\/\/teguar.com\/eu\/de\/product\/tm-5040-22\/#primaryimage"},"image":{"@id":"https:\/\/teguar.com\/eu\/de\/product\/tm-5040-22\/#primaryimage"},"thumbnailUrl":"https:\/\/teguar.com\/eu\/wp-content\/uploads\/sites\/2\/2020\/07\/22-inch-healthcare-computer-tm-5040-22__46146.1595934870.1280.1280.jpg","datePublished":"2025-06-24T14:12:00+00:00","dateModified":"2025-11-20T17:10:49+00:00","description":"Der medizinisch zertifizierte TM-5040-22 All-in-One-Computer ist f\u00fcr den 24\/7-Betrieb in Krankenh\u00e4usern und medizinischen Einrichtungen konzipiert.","breadcrumb":{"@id":"https:\/\/teguar.com\/eu\/de\/product\/tm-5040-22\/#breadcrumb"},"inLanguage":"de","potentialAction":[{"@type":"ReadAction","target":["https:\/\/teguar.com\/eu\/de\/product\/tm-5040-22\/"]}]},{"@type":"ImageObject","inLanguage":"de","@id":"https:\/\/teguar.com\/eu\/de\/product\/tm-5040-22\/#primaryimage","url":"https:\/\/teguar.com\/eu\/wp-content\/uploads\/sites\/2\/2020\/07\/22-inch-healthcare-computer-tm-5040-22__46146.1595934870.1280.1280.jpg","contentUrl":"https:\/\/teguar.com\/eu\/wp-content\/uploads\/sites\/2\/2020\/07\/22-inch-healthcare-computer-tm-5040-22__46146.1595934870.1280.1280.jpg","width":1000,"height":1000,"caption":"22\" Medically Certified PC | TM-5040-22"},{"@type":"BreadcrumbList","@id":"https:\/\/teguar.com\/eu\/de\/product\/tm-5040-22\/#breadcrumb","itemListElement":[{"@type":"ListItem","position":1,"name":"Home","item":"https:\/\/teguar.com\/eu\/de\/"},{"@type":"ListItem","position":2,"name":"TM-5040-22"}]},{"@type":"WebSite","@id":"https:\/\/teguar.com\/eu\/en\/#website","url":"https:\/\/teguar.com\/eu\/en\/","name":"Teguar","description":"Industrial PCs, Medical Computers, and Rugged Tablets","potentialAction":[{"@type":"SearchAction","target":{"@type":"EntryPoint","urlTemplate":"https:\/\/teguar.com\/eu\/en\/?s={search_term_string}"},"query-input":{"@type":"PropertyValueSpecification","valueRequired":true,"valueName":"search_term_string"}}],"inLanguage":"de"}]}},"_links":{"self":[{"href":"https:\/\/teguar.com\/eu\/de\/wp-json\/wp\/v2\/product\/2245294","targetHints":{"allow":["GET"]}}],"collection":[{"href":"https:\/\/teguar.com\/eu\/de\/wp-json\/wp\/v2\/product"}],"about":[{"href":"https:\/\/teguar.com\/eu\/de\/wp-json\/wp\/v2\/types\/product"}],"wp:featuredmedia":[{"embeddable":true,"href":"https:\/\/teguar.com\/eu\/de\/wp-json\/wp\/v2\/media\/2246980"}],"wp:attachment":[{"href":"https:\/\/teguar.com\/eu\/de\/wp-json\/wp\/v2\/media?parent=2245294"}],"wp:term":[{"taxonomy":"product_brand","embeddable":true,"href":"https:\/\/teguar.com\/eu\/de\/wp-json\/wp\/v2\/product_brand?post=2245294"},{"taxonomy":"product_cat","embeddable":true,"href":"https:\/\/teguar.com\/eu\/de\/wp-json\/wp\/v2\/product_cat?post=2245294"},{"taxonomy":"product_tag","embeddable":true,"href":"https:\/\/teguar.com\/eu\/de\/wp-json\/wp\/v2\/product_tag?post=2245294"},{"taxonomy":"product_label","embeddable":true,"href":"https:\/\/teguar.com\/eu\/de\/wp-json\/wp\/v2\/product_label?post=2245294"}],"curies":[{"name":"wp","href":"https:\/\/api.w.org\/{rel}","templated":true}]}}