{"id":2245291,"date":"2025-06-24T14:11:55","date_gmt":"2025-06-24T14:11:55","guid":{"rendered":"https:\/\/teguar.com\/eu\/product\/tp-4040-15\/"},"modified":"2025-11-20T17:34:35","modified_gmt":"2025-11-20T17:34:35","slug":"tp-4040-15","status":"publish","type":"product","link":"https:\/\/teguar.com\/eu\/de\/product\/tp-4040-15\/","title":{"rendered":"TP-4040-15"},"content":{"rendered":"<p>Der TP-4040-15 ist der beste seiner Klasse f\u00fcr industrielle All-in-One-Computer. Die Quad Core Bay Trail CPU erm\u00f6glicht die gleichzeitige Ausf\u00fchrung mehrerer Programme mit bis zu 64 Bit Windows oder Linux Betriebssystemen. Ein schnell zug\u00e4nglicher Festplattenschacht bietet zus\u00e4tzlichen Schutz f\u00fcr die Datensicherung. Dieser All-in-One-Computer ist ideal f\u00fcr den Einsatz als HMI (Human Machine Interface) in einem Kiosk, wo st\u00e4ndige Nutzung und Touchscreen-Interaktion erforderlich sind. Point-of-Sale-Zahlungsmodule und andere kundenspezifische Konfigurationen sind erh\u00e4ltlich, um Ihre speziellen Anforderungen zu erf\u00fcllen. Der TP-4040-15 hat ein \u00e4u\u00dferst robustes Geh\u00e4use, ein l\u00fcfterloses Design und \u00fcber 15 E\/As.     <\/p>\n<p><strong><span class=\"ui-provider ed bxv bhz crs crt cru crv crw crx cry crz csa csb csc csd cse csf csg csh csi csj csk csl csm csn cso csp csq csr css cst csu csv csw csx\" dir=\"ltr\">Dieses Produkt gilt jetzt als &#8222;Vorherige Generation&#8220;, d.h. es kann sein, dass es noch zum Kauf verf\u00fcgbar ist. Rufen Sie +1 800 870 7715 an, um weitere Informationen zu diesem Produkt zu erhalten, oder sehen Sie sich unsere vollst\u00e4ndige Liste der <a href=\"https:\/\/teguar.com\/eu\/de\/panel-pcs\/\">derzeit verf\u00fcgbaren Panel PCs<\/a> an. <\/span><\/strong><\/p>\n<p>&nbsp;<\/p>\n","protected":false},"excerpt":{"rendered":"<p>Der TP-4040-15 Industrie-All-in-One Computer l\u00e4uft mit einer Quad Core Bay Trail CPU. Dieser l\u00fcfterlose PC verf\u00fcgt \u00fcber einen 15,6&#8243; Pcap-Touchscreen und ein elegantes Aussehen mit einem d\u00fcnnen Profil, das dem Benutzer ein nahtloses interaktives Erlebnis bietet. Der TP-4040-15 besteht aus industrietauglichen Komponenten und verf\u00fcgt \u00fcber 15 E\/As &#8211; und das alles zu einem g\u00fcnstigen Preis.  <\/p>\n","protected":false},"featured_media":2245849,"template":"","meta":{"_acf_changed":false},"product_brand":[],"product_cat":[2828],"product_tag":[],"product_label":[],"class_list":{"0":"post-2245291","1":"product","2":"type-product","3":"status-publish","4":"has-post-thumbnail","6":"product_cat-industrieller-all-in-one-pc","7":"pa_windows-windows-10-iot","8":"pa_windows-windows-10-pro","9":"pa_windows-windows-7-pro","11":"first","12":"outofstock","13":"taxable","14":"shipping-taxable","15":"purchasable","16":"product-type-simple"},"composite_virtual":false,"composite_layout":"","composite_add_to_cart_form_location":"","composite_editable_in_cart":false,"composite_sold_individually_context":"","composite_shop_price_calc":"","composite_components":[],"composite_scenarios":[],"acf":[],"yoast_head":"<!-- This site is optimized with the Yoast SEO Premium plugin v26.8 (Yoast SEO v27.2) - https:\/\/yoast.com\/product\/yoast-seo-premium-wordpress\/ -->\n<title>15&quot; Industrie-All-in-One-Computer | TP-4040-15<\/title>\n<meta name=\"robots\" content=\"index, follow, max-snippet:-1, max-image-preview:large, max-video-preview:-1\" \/>\n<link rel=\"canonical\" href=\"https:\/\/teguar.com\/eu\/de\/product\/tp-4040-15\/\" \/>\n<meta property=\"og:locale\" content=\"de_DE\" \/>\n<meta property=\"og:type\" content=\"article\" \/>\n<meta property=\"og:title\" content=\"TP-4040-15\" \/>\n<meta property=\"og:description\" content=\"Der TP-4040-15 Industrie-All-in-One Computer l\u00e4uft mit einer Quad Core Bay Trail CPU. Dieser l\u00fcfterlose PC verf\u00fcgt \u00fcber einen 15,6&quot; Pcap-Touchscreen und ein elegantes Aussehen mit einem d\u00fcnnen Profil, das dem Benutzer ein nahtloses interaktives Erlebnis bietet. Der TP-4040-15 besteht aus industrietauglichen Komponenten und verf\u00fcgt \u00fcber 15 E\/As - und das alles zu einem g\u00fcnstigen Preis.\" \/>\n<meta property=\"og:url\" content=\"https:\/\/teguar.com\/eu\/de\/product\/tp-4040-15\/\" \/>\n<meta property=\"og:site_name\" content=\"Teguar\" \/>\n<meta property=\"article:modified_time\" content=\"2025-11-20T17:34:35+00:00\" \/>\n<meta property=\"og:image\" content=\"https:\/\/teguar.com\/eu\/wp-content\/uploads\/sites\/2\/2022\/10\/15-inch-teguar-panel-pc_1__43185.1620826590.1280.1280__18459.1665681239.1280.1280.jpg\" \/>\n\t<meta property=\"og:image:width\" content=\"1000\" \/>\n\t<meta property=\"og:image:height\" content=\"1000\" \/>\n\t<meta property=\"og:image:type\" content=\"image\/jpeg\" \/>\n<meta name=\"twitter:card\" content=\"summary_large_image\" \/>\n<meta name=\"twitter:label1\" content=\"Gesch\u00e4tzte Lesezeit\" \/>\n\t<meta name=\"twitter:data1\" content=\"1\u00a0Minute\" \/>\n<script type=\"application\/ld+json\" class=\"yoast-schema-graph\">{\"@context\":\"https:\/\/schema.org\",\"@graph\":[{\"@type\":\"WebPage\",\"@id\":\"https:\/\/teguar.com\/eu\/de\/product\/tp-4040-15\/\",\"url\":\"https:\/\/teguar.com\/eu\/de\/product\/tp-4040-15\/\",\"name\":\"15\\\" Industrie-All-in-One-Computer | TP-4040-15\",\"isPartOf\":{\"@id\":\"https:\/\/teguar.com\/eu\/en\/#website\"},\"primaryImageOfPage\":{\"@id\":\"https:\/\/teguar.com\/eu\/de\/product\/tp-4040-15\/#primaryimage\"},\"image\":{\"@id\":\"https:\/\/teguar.com\/eu\/de\/product\/tp-4040-15\/#primaryimage\"},\"thumbnailUrl\":\"https:\/\/teguar.com\/eu\/wp-content\/uploads\/sites\/2\/2022\/10\/15-inch-teguar-panel-pc_1__43185.1620826590.1280.1280__18459.1665681239.1280.1280.jpg\",\"datePublished\":\"2025-06-24T14:11:55+00:00\",\"dateModified\":\"2025-11-20T17:34:35+00:00\",\"breadcrumb\":{\"@id\":\"https:\/\/teguar.com\/eu\/de\/product\/tp-4040-15\/#breadcrumb\"},\"inLanguage\":\"de\",\"potentialAction\":[{\"@type\":\"ReadAction\",\"target\":[\"https:\/\/teguar.com\/eu\/de\/product\/tp-4040-15\/\"]}]},{\"@type\":\"ImageObject\",\"inLanguage\":\"de\",\"@id\":\"https:\/\/teguar.com\/eu\/de\/product\/tp-4040-15\/#primaryimage\",\"url\":\"https:\/\/teguar.com\/eu\/wp-content\/uploads\/sites\/2\/2022\/10\/15-inch-teguar-panel-pc_1__43185.1620826590.1280.1280__18459.1665681239.1280.1280.jpg\",\"contentUrl\":\"https:\/\/teguar.com\/eu\/wp-content\/uploads\/sites\/2\/2022\/10\/15-inch-teguar-panel-pc_1__43185.1620826590.1280.1280__18459.1665681239.1280.1280.jpg\",\"width\":1000,\"height\":1000,\"caption\":\"15\\\" Industrial Panel PC\"},{\"@type\":\"BreadcrumbList\",\"@id\":\"https:\/\/teguar.com\/eu\/de\/product\/tp-4040-15\/#breadcrumb\",\"itemListElement\":[{\"@type\":\"ListItem\",\"position\":1,\"name\":\"Home\",\"item\":\"https:\/\/teguar.com\/eu\/de\/\"},{\"@type\":\"ListItem\",\"position\":2,\"name\":\"TP-4040-15\"}]},{\"@type\":\"WebSite\",\"@id\":\"https:\/\/teguar.com\/eu\/en\/#website\",\"url\":\"https:\/\/teguar.com\/eu\/en\/\",\"name\":\"Teguar\",\"description\":\"Industrial PCs, Medical Computers, and Rugged Tablets\",\"potentialAction\":[{\"@type\":\"SearchAction\",\"target\":{\"@type\":\"EntryPoint\",\"urlTemplate\":\"https:\/\/teguar.com\/eu\/en\/?s={search_term_string}\"},\"query-input\":{\"@type\":\"PropertyValueSpecification\",\"valueRequired\":true,\"valueName\":\"search_term_string\"}}],\"inLanguage\":\"de\"}]}<\/script>\n<!-- \/ Yoast SEO Premium plugin. -->","yoast_head_json":{"title":"15\" Industrie-All-in-One-Computer | TP-4040-15","robots":{"index":"index","follow":"follow","max-snippet":"max-snippet:-1","max-image-preview":"max-image-preview:large","max-video-preview":"max-video-preview:-1"},"canonical":"https:\/\/teguar.com\/eu\/de\/product\/tp-4040-15\/","og_locale":"de_DE","og_type":"article","og_title":"TP-4040-15","og_description":"Der TP-4040-15 Industrie-All-in-One Computer l\u00e4uft mit einer Quad Core Bay Trail CPU. Dieser l\u00fcfterlose PC verf\u00fcgt \u00fcber einen 15,6\" Pcap-Touchscreen und ein elegantes Aussehen mit einem d\u00fcnnen Profil, das dem Benutzer ein nahtloses interaktives Erlebnis bietet. Der TP-4040-15 besteht aus industrietauglichen Komponenten und verf\u00fcgt \u00fcber 15 E\/As - und das alles zu einem g\u00fcnstigen Preis.","og_url":"https:\/\/teguar.com\/eu\/de\/product\/tp-4040-15\/","og_site_name":"Teguar","article_modified_time":"2025-11-20T17:34:35+00:00","og_image":[{"width":1000,"height":1000,"url":"https:\/\/teguar.com\/eu\/wp-content\/uploads\/sites\/2\/2022\/10\/15-inch-teguar-panel-pc_1__43185.1620826590.1280.1280__18459.1665681239.1280.1280.jpg","type":"image\/jpeg"}],"twitter_card":"summary_large_image","twitter_misc":{"Gesch\u00e4tzte Lesezeit":"1\u00a0Minute"},"schema":{"@context":"https:\/\/schema.org","@graph":[{"@type":"WebPage","@id":"https:\/\/teguar.com\/eu\/de\/product\/tp-4040-15\/","url":"https:\/\/teguar.com\/eu\/de\/product\/tp-4040-15\/","name":"15\" Industrie-All-in-One-Computer | TP-4040-15","isPartOf":{"@id":"https:\/\/teguar.com\/eu\/en\/#website"},"primaryImageOfPage":{"@id":"https:\/\/teguar.com\/eu\/de\/product\/tp-4040-15\/#primaryimage"},"image":{"@id":"https:\/\/teguar.com\/eu\/de\/product\/tp-4040-15\/#primaryimage"},"thumbnailUrl":"https:\/\/teguar.com\/eu\/wp-content\/uploads\/sites\/2\/2022\/10\/15-inch-teguar-panel-pc_1__43185.1620826590.1280.1280__18459.1665681239.1280.1280.jpg","datePublished":"2025-06-24T14:11:55+00:00","dateModified":"2025-11-20T17:34:35+00:00","breadcrumb":{"@id":"https:\/\/teguar.com\/eu\/de\/product\/tp-4040-15\/#breadcrumb"},"inLanguage":"de","potentialAction":[{"@type":"ReadAction","target":["https:\/\/teguar.com\/eu\/de\/product\/tp-4040-15\/"]}]},{"@type":"ImageObject","inLanguage":"de","@id":"https:\/\/teguar.com\/eu\/de\/product\/tp-4040-15\/#primaryimage","url":"https:\/\/teguar.com\/eu\/wp-content\/uploads\/sites\/2\/2022\/10\/15-inch-teguar-panel-pc_1__43185.1620826590.1280.1280__18459.1665681239.1280.1280.jpg","contentUrl":"https:\/\/teguar.com\/eu\/wp-content\/uploads\/sites\/2\/2022\/10\/15-inch-teguar-panel-pc_1__43185.1620826590.1280.1280__18459.1665681239.1280.1280.jpg","width":1000,"height":1000,"caption":"15\" Industrial Panel PC"},{"@type":"BreadcrumbList","@id":"https:\/\/teguar.com\/eu\/de\/product\/tp-4040-15\/#breadcrumb","itemListElement":[{"@type":"ListItem","position":1,"name":"Home","item":"https:\/\/teguar.com\/eu\/de\/"},{"@type":"ListItem","position":2,"name":"TP-4040-15"}]},{"@type":"WebSite","@id":"https:\/\/teguar.com\/eu\/en\/#website","url":"https:\/\/teguar.com\/eu\/en\/","name":"Teguar","description":"Industrial PCs, Medical Computers, and Rugged Tablets","potentialAction":[{"@type":"SearchAction","target":{"@type":"EntryPoint","urlTemplate":"https:\/\/teguar.com\/eu\/en\/?s={search_term_string}"},"query-input":{"@type":"PropertyValueSpecification","valueRequired":true,"valueName":"search_term_string"}}],"inLanguage":"de"}]}},"_links":{"self":[{"href":"https:\/\/teguar.com\/eu\/de\/wp-json\/wp\/v2\/product\/2245291","targetHints":{"allow":["GET"]}}],"collection":[{"href":"https:\/\/teguar.com\/eu\/de\/wp-json\/wp\/v2\/product"}],"about":[{"href":"https:\/\/teguar.com\/eu\/de\/wp-json\/wp\/v2\/types\/product"}],"wp:featuredmedia":[{"embeddable":true,"href":"https:\/\/teguar.com\/eu\/de\/wp-json\/wp\/v2\/media\/2245849"}],"wp:attachment":[{"href":"https:\/\/teguar.com\/eu\/de\/wp-json\/wp\/v2\/media?parent=2245291"}],"wp:term":[{"taxonomy":"product_brand","embeddable":true,"href":"https:\/\/teguar.com\/eu\/de\/wp-json\/wp\/v2\/product_brand?post=2245291"},{"taxonomy":"product_cat","embeddable":true,"href":"https:\/\/teguar.com\/eu\/de\/wp-json\/wp\/v2\/product_cat?post=2245291"},{"taxonomy":"product_tag","embeddable":true,"href":"https:\/\/teguar.com\/eu\/de\/wp-json\/wp\/v2\/product_tag?post=2245291"},{"taxonomy":"product_label","embeddable":true,"href":"https:\/\/teguar.com\/eu\/de\/wp-json\/wp\/v2\/product_label?post=2245291"}],"curies":[{"name":"wp","href":"https:\/\/api.w.org\/{rel}","templated":true}]}}