{"id":2245283,"date":"2025-06-24T14:11:58","date_gmt":"2025-06-24T14:11:58","guid":{"rendered":"https:\/\/teguar.com\/eu\/product\/tb-5745-pcie\/"},"modified":"2025-11-24T14:35:29","modified_gmt":"2025-11-24T14:35:29","slug":"tb-5745-pcie","status":"publish","type":"product","link":"https:\/\/teguar.com\/eu\/de\/product\/tb-5745-pcie\/","title":{"rendered":"TB-5745-PCIe"},"content":{"rendered":"<p>Der GPU Expansion x16 Box PC von Teguar ist perfekt f\u00fcr alle, die einen robusten Box PC mit einer hohen Thermal Design Power (TDP) f\u00fcr eine GPU suchen. Der TB-5745-PCIe enth\u00e4lt 1x PCIe-16, 2x PCIe-4 und einen Mini-PCIe, die zusammen eine Gesamtleistung von 400W haben (auf Anfrage sind sogar 650W m\u00f6glich). Dadurch ist das Ger\u00e4t mit den st\u00e4rksten und beliebtesten Grafikkarten auf dem Markt kompatibel, darunter die AMD Radeon Pro W6600, die MSI GeForce RTX 3090 oder andere Grafikkarten, die mit PCI Express 4.0 x16 kompatibel sind. Zusammen mit der M\u00f6glichkeit l\u00fcfterloser K\u00fchlsysteme haben Sie unz\u00e4hlige GPU-Optionen, unabh\u00e4ngig von der Umgebung. Neben der zus\u00e4tzlichen GPU-Kompatibilit\u00e4t ist das TB-5745-PCIe mit \u00fcber einem Dutzend einzigartiger E\/As ausgestattet, darunter vier USB 3.1-Anschl\u00fcsse, zwei LAN-Anschl\u00fcsse, zwei COM-Anschl\u00fcsse, HDMI, DP, GPIO und mehr.    <\/p>\n","protected":false},"excerpt":{"rendered":"<p><a href=\"https:\/\/teguar.com\/eu\/machine-vision-computer\/\">Maschinelles Sehen:<\/a> Der GPU Expansion x16 Box PC von Teguar ist eine ideale L\u00f6sung f\u00fcr Machine Vision-Anwendungen. Mit seiner hohen thermischen Leistung (TDP) und der GPU-Kompatibilit\u00e4t, einschlie\u00dflich der Unterst\u00fctzung f\u00fcr leistungsstarke Grafikkarten wie die AMD Radeon Pro W6600 oder MSI GeForce RTX 3090, erm\u00f6glicht er eine effiziente Verarbeitung und Analyse visueller Daten. Die zahlreichen Ein- und Ausg\u00e4nge, wie HDMI und DP, verbessern die Konnektivit\u00e4t f\u00fcr verschiedene Bildverarbeitungssysteme und bieten eine zuverl\u00e4ssige Plattform f\u00fcr fortschrittliche Bildverarbeitung.  <\/p>\n<p><a href=\"https:\/\/teguar.com\/eu\/de\/computer-fuer-die-industrielle-automatisierung\/\">Industrielle Automatisierung:<\/a> Die TB-5745-PCIe eignet sich hervorragend f\u00fcr industrielle Automatisierungsaufgaben. Sein robustes Design und seine hohe TDP, gepaart mit GPU-Kompatibilit\u00e4t f\u00fcr grafikintensive Anwendungen, machen ihn zu einer ausgezeichneten Wahl f\u00fcr Automatisierungssysteme, die eine robuste Rechenleistung erfordern. Mit mehr als einem Dutzend einzigartiger E\/As, darunter USB 3.1-Ports, LAN-Ports, COM-Ports und GPIO, bietet dieser Box-PC Vielseitigkeit f\u00fcr den Anschluss und die Steuerung verschiedener industrieller Ger\u00e4te und tr\u00e4gt so zu rationalisierten Automatisierungsprozessen bei.  <\/p>\n<p>Datenverarbeitung in anspruchsvollen Umgebungen: Das l\u00fcfterlose K\u00fchlsystem und die robuste Bauweise machen die TB-5745-PCIe zu einer zuverl\u00e4ssigen Wahl f\u00fcr die Datenverarbeitung in anspruchsvollen Umgebungen. Dank seiner hohen TDP und GPU-Kompatibilit\u00e4t eignet er sich f\u00fcr Anwendungen, die eine hohe Rechenleistung erfordern, wie z.B. Datenanalyse und -verarbeitung. <\/p>\n","protected":false},"featured_media":2245877,"template":"","meta":{"_acf_changed":false},"product_brand":[],"product_cat":[2812,2813,2824,2843,2845],"product_tag":[],"product_label":[],"class_list":{"0":"post-2245283","1":"product","2":"type-product","3":"status-publish","4":"has-post-thumbnail","6":"product_cat-embedded-pcs","7":"product_cat-ki-computer","8":"product_cat-lufterlose-pcs","9":"product_cat-rugged-computer","10":"product_cat-rugged-mini-pcs","11":"pa_windows-windows-10-iot","12":"pa_windows-windows-10-pro","13":"pa_windows-windows-11","15":"first","16":"instock","17":"taxable","18":"shipping-taxable","19":"purchasable","20":"product-type-simple"},"composite_virtual":false,"composite_layout":"","composite_add_to_cart_form_location":"","composite_editable_in_cart":false,"composite_sold_individually_context":"","composite_shop_price_calc":"","composite_components":[],"composite_scenarios":[],"acf":[],"yoast_head":"<!-- This site is optimized with the Yoast SEO Premium plugin v26.8 (Yoast SEO v27.2) - https:\/\/yoast.com\/product\/yoast-seo-premium-wordpress\/ -->\n<title>GPU Erweiterung x16 Box PC | TB-5745-PCIe<\/title>\n<meta name=\"description\" content=\"Sehen Sie sich den GPU Expansion x16 Box PC von Teguar an, der neben der PCIE 4.0 x16 Unterst\u00fctzung auch eine hohe TDP aufweist. Perfekt f\u00fcr High-End-GPU-Anwendungen.\" \/>\n<meta name=\"robots\" content=\"index, follow, max-snippet:-1, max-image-preview:large, max-video-preview:-1\" \/>\n<link rel=\"canonical\" href=\"https:\/\/teguar.com\/eu\/de\/product\/tb-5745-pcie\/\" \/>\n<meta property=\"og:locale\" content=\"de_DE\" \/>\n<meta property=\"og:type\" content=\"article\" \/>\n<meta property=\"og:title\" content=\"TB-5745-PCIe\" \/>\n<meta property=\"og:description\" content=\"Sehen Sie sich den GPU Expansion x16 Box PC von Teguar an, der neben der PCIE 4.0 x16 Unterst\u00fctzung auch eine hohe TDP aufweist. Perfekt f\u00fcr High-End-GPU-Anwendungen.\" \/>\n<meta property=\"og:url\" content=\"https:\/\/teguar.com\/eu\/de\/product\/tb-5745-pcie\/\" \/>\n<meta property=\"og:site_name\" content=\"Teguar\" \/>\n<meta property=\"article:modified_time\" content=\"2025-11-24T14:35:29+00:00\" \/>\n<meta property=\"og:image\" content=\"https:\/\/teguar.com\/eu\/wp-content\/uploads\/sites\/2\/2021\/11\/Product_Photo_v1__32816.1636494368.1280.1280.jpg\" \/>\n\t<meta property=\"og:image:width\" content=\"1000\" \/>\n\t<meta property=\"og:image:height\" content=\"1000\" \/>\n\t<meta property=\"og:image:type\" content=\"image\/jpeg\" \/>\n<meta name=\"twitter:card\" content=\"summary_large_image\" \/>\n<meta name=\"twitter:label1\" content=\"Gesch\u00e4tzte Lesezeit\" \/>\n\t<meta name=\"twitter:data1\" content=\"1\u00a0Minute\" \/>\n<script type=\"application\/ld+json\" class=\"yoast-schema-graph\">{\"@context\":\"https:\/\/schema.org\",\"@graph\":[{\"@type\":\"WebPage\",\"@id\":\"https:\/\/teguar.com\/eu\/de\/product\/tb-5745-pcie\/\",\"url\":\"https:\/\/teguar.com\/eu\/de\/product\/tb-5745-pcie\/\",\"name\":\"GPU Erweiterung x16 Box PC | TB-5745-PCIe\",\"isPartOf\":{\"@id\":\"https:\/\/teguar.com\/eu\/en\/#website\"},\"primaryImageOfPage\":{\"@id\":\"https:\/\/teguar.com\/eu\/de\/product\/tb-5745-pcie\/#primaryimage\"},\"image\":{\"@id\":\"https:\/\/teguar.com\/eu\/de\/product\/tb-5745-pcie\/#primaryimage\"},\"thumbnailUrl\":\"https:\/\/teguar.com\/eu\/wp-content\/uploads\/sites\/2\/2021\/11\/Product_Photo_v1__32816.1636494368.1280.1280.jpg\",\"datePublished\":\"2025-06-24T14:11:58+00:00\",\"dateModified\":\"2025-11-24T14:35:29+00:00\",\"description\":\"Sehen Sie sich den GPU Expansion x16 Box PC von Teguar an, der neben der PCIE 4.0 x16 Unterst\u00fctzung auch eine hohe TDP aufweist. Perfekt f\u00fcr High-End-GPU-Anwendungen.\",\"breadcrumb\":{\"@id\":\"https:\/\/teguar.com\/eu\/de\/product\/tb-5745-pcie\/#breadcrumb\"},\"inLanguage\":\"de\",\"potentialAction\":[{\"@type\":\"ReadAction\",\"target\":[\"https:\/\/teguar.com\/eu\/de\/product\/tb-5745-pcie\/\"]}]},{\"@type\":\"ImageObject\",\"inLanguage\":\"de\",\"@id\":\"https:\/\/teguar.com\/eu\/de\/product\/tb-5745-pcie\/#primaryimage\",\"url\":\"https:\/\/teguar.com\/eu\/wp-content\/uploads\/sites\/2\/2021\/11\/Product_Photo_v1__32816.1636494368.1280.1280.jpg\",\"contentUrl\":\"https:\/\/teguar.com\/eu\/wp-content\/uploads\/sites\/2\/2021\/11\/Product_Photo_v1__32816.1636494368.1280.1280.jpg\",\"width\":1000,\"height\":1000,\"caption\":\"GPU Box PC front view\"},{\"@type\":\"BreadcrumbList\",\"@id\":\"https:\/\/teguar.com\/eu\/de\/product\/tb-5745-pcie\/#breadcrumb\",\"itemListElement\":[{\"@type\":\"ListItem\",\"position\":1,\"name\":\"Home\",\"item\":\"https:\/\/teguar.com\/eu\/de\/\"},{\"@type\":\"ListItem\",\"position\":2,\"name\":\"TB-5745-PCIe\"}]},{\"@type\":\"WebSite\",\"@id\":\"https:\/\/teguar.com\/eu\/en\/#website\",\"url\":\"https:\/\/teguar.com\/eu\/en\/\",\"name\":\"Teguar\",\"description\":\"Industrial PCs, Medical Computers, and Rugged Tablets\",\"potentialAction\":[{\"@type\":\"SearchAction\",\"target\":{\"@type\":\"EntryPoint\",\"urlTemplate\":\"https:\/\/teguar.com\/eu\/en\/?s={search_term_string}\"},\"query-input\":{\"@type\":\"PropertyValueSpecification\",\"valueRequired\":true,\"valueName\":\"search_term_string\"}}],\"inLanguage\":\"de\"}]}<\/script>\n<!-- \/ Yoast SEO Premium plugin. -->","yoast_head_json":{"title":"GPU Erweiterung x16 Box PC | TB-5745-PCIe","description":"Sehen Sie sich den GPU Expansion x16 Box PC von Teguar an, der neben der PCIE 4.0 x16 Unterst\u00fctzung auch eine hohe TDP aufweist. Perfekt f\u00fcr High-End-GPU-Anwendungen.","robots":{"index":"index","follow":"follow","max-snippet":"max-snippet:-1","max-image-preview":"max-image-preview:large","max-video-preview":"max-video-preview:-1"},"canonical":"https:\/\/teguar.com\/eu\/de\/product\/tb-5745-pcie\/","og_locale":"de_DE","og_type":"article","og_title":"TB-5745-PCIe","og_description":"Sehen Sie sich den GPU Expansion x16 Box PC von Teguar an, der neben der PCIE 4.0 x16 Unterst\u00fctzung auch eine hohe TDP aufweist. Perfekt f\u00fcr High-End-GPU-Anwendungen.","og_url":"https:\/\/teguar.com\/eu\/de\/product\/tb-5745-pcie\/","og_site_name":"Teguar","article_modified_time":"2025-11-24T14:35:29+00:00","og_image":[{"width":1000,"height":1000,"url":"https:\/\/teguar.com\/eu\/wp-content\/uploads\/sites\/2\/2021\/11\/Product_Photo_v1__32816.1636494368.1280.1280.jpg","type":"image\/jpeg"}],"twitter_card":"summary_large_image","twitter_misc":{"Gesch\u00e4tzte Lesezeit":"1\u00a0Minute"},"schema":{"@context":"https:\/\/schema.org","@graph":[{"@type":"WebPage","@id":"https:\/\/teguar.com\/eu\/de\/product\/tb-5745-pcie\/","url":"https:\/\/teguar.com\/eu\/de\/product\/tb-5745-pcie\/","name":"GPU Erweiterung x16 Box PC | TB-5745-PCIe","isPartOf":{"@id":"https:\/\/teguar.com\/eu\/en\/#website"},"primaryImageOfPage":{"@id":"https:\/\/teguar.com\/eu\/de\/product\/tb-5745-pcie\/#primaryimage"},"image":{"@id":"https:\/\/teguar.com\/eu\/de\/product\/tb-5745-pcie\/#primaryimage"},"thumbnailUrl":"https:\/\/teguar.com\/eu\/wp-content\/uploads\/sites\/2\/2021\/11\/Product_Photo_v1__32816.1636494368.1280.1280.jpg","datePublished":"2025-06-24T14:11:58+00:00","dateModified":"2025-11-24T14:35:29+00:00","description":"Sehen Sie sich den GPU Expansion x16 Box PC von Teguar an, der neben der PCIE 4.0 x16 Unterst\u00fctzung auch eine hohe TDP aufweist. Perfekt f\u00fcr High-End-GPU-Anwendungen.","breadcrumb":{"@id":"https:\/\/teguar.com\/eu\/de\/product\/tb-5745-pcie\/#breadcrumb"},"inLanguage":"de","potentialAction":[{"@type":"ReadAction","target":["https:\/\/teguar.com\/eu\/de\/product\/tb-5745-pcie\/"]}]},{"@type":"ImageObject","inLanguage":"de","@id":"https:\/\/teguar.com\/eu\/de\/product\/tb-5745-pcie\/#primaryimage","url":"https:\/\/teguar.com\/eu\/wp-content\/uploads\/sites\/2\/2021\/11\/Product_Photo_v1__32816.1636494368.1280.1280.jpg","contentUrl":"https:\/\/teguar.com\/eu\/wp-content\/uploads\/sites\/2\/2021\/11\/Product_Photo_v1__32816.1636494368.1280.1280.jpg","width":1000,"height":1000,"caption":"GPU Box PC front view"},{"@type":"BreadcrumbList","@id":"https:\/\/teguar.com\/eu\/de\/product\/tb-5745-pcie\/#breadcrumb","itemListElement":[{"@type":"ListItem","position":1,"name":"Home","item":"https:\/\/teguar.com\/eu\/de\/"},{"@type":"ListItem","position":2,"name":"TB-5745-PCIe"}]},{"@type":"WebSite","@id":"https:\/\/teguar.com\/eu\/en\/#website","url":"https:\/\/teguar.com\/eu\/en\/","name":"Teguar","description":"Industrial PCs, Medical Computers, and Rugged Tablets","potentialAction":[{"@type":"SearchAction","target":{"@type":"EntryPoint","urlTemplate":"https:\/\/teguar.com\/eu\/en\/?s={search_term_string}"},"query-input":{"@type":"PropertyValueSpecification","valueRequired":true,"valueName":"search_term_string"}}],"inLanguage":"de"}]}},"_links":{"self":[{"href":"https:\/\/teguar.com\/eu\/de\/wp-json\/wp\/v2\/product\/2245283","targetHints":{"allow":["GET"]}}],"collection":[{"href":"https:\/\/teguar.com\/eu\/de\/wp-json\/wp\/v2\/product"}],"about":[{"href":"https:\/\/teguar.com\/eu\/de\/wp-json\/wp\/v2\/types\/product"}],"wp:featuredmedia":[{"embeddable":true,"href":"https:\/\/teguar.com\/eu\/de\/wp-json\/wp\/v2\/media\/2245877"}],"wp:attachment":[{"href":"https:\/\/teguar.com\/eu\/de\/wp-json\/wp\/v2\/media?parent=2245283"}],"wp:term":[{"taxonomy":"product_brand","embeddable":true,"href":"https:\/\/teguar.com\/eu\/de\/wp-json\/wp\/v2\/product_brand?post=2245283"},{"taxonomy":"product_cat","embeddable":true,"href":"https:\/\/teguar.com\/eu\/de\/wp-json\/wp\/v2\/product_cat?post=2245283"},{"taxonomy":"product_tag","embeddable":true,"href":"https:\/\/teguar.com\/eu\/de\/wp-json\/wp\/v2\/product_tag?post=2245283"},{"taxonomy":"product_label","embeddable":true,"href":"https:\/\/teguar.com\/eu\/de\/wp-json\/wp\/v2\/product_label?post=2245283"}],"curies":[{"name":"wp","href":"https:\/\/api.w.org\/{rel}","templated":true}]}}