{"id":2245268,"date":"2025-06-24T14:11:56","date_gmt":"2025-06-24T14:11:56","guid":{"rendered":"https:\/\/teguar.com\/eu\/product\/fahrzeugdock-fuer-trt-3493-12\/"},"modified":"2025-06-24T14:11:56","modified_gmt":"2025-06-24T14:11:56","slug":"fahrzeugdock-fuer-trt-3493-12","status":"publish","type":"product","link":"https:\/\/teguar.com\/eu\/de\/product\/fahrzeugdock-fuer-trt-3493-12\/","title":{"rendered":"Fahrzeugdock f\u00fcr TRT-3493-12"},"content":{"rendered":"<p>Diese Fahrzeug-Dockingstation wurde f\u00fcr die Verwendung mit dem TRT-3493-12 entwickelt und sorgt f\u00fcr verbesserte E\/A-Konnektivit\u00e4t in jeder rauen Umgebung. Diese Dockingstation ist mit 6 Ein- und Ausg\u00e4ngen ausgestattet: USB 3.0, HDMI 1.3, COM-Port, Giga-LAN und einen Powered USB 24V, der es erm\u00f6glicht, Ger\u00e4te mit hoher Leistung \u00fcber ihren USB-Host zu betreiben. Auf der R\u00fcckseite befinden sich VESA 75-Montagel\u00f6cher, die eine Standardmontage erm\u00f6glichen.  <\/p>\n","protected":false},"excerpt":{"rendered":"<p>Der 6214-93 ist kompatibel mit dem <a href=\"https:\/\/teguar.com\/eu\/12-ruggedized-tablet-trt-3493-12\/\">TRT-3493-12<\/a> von Teguar.<\/p>\n","protected":false},"featured_media":2245860,"template":"","meta":{"_acf_changed":false},"product_brand":[],"product_cat":[2814],"product_tag":[],"product_label":[],"class_list":{"0":"post-2245268","1":"product","2":"type-product","3":"status-publish","4":"has-post-thumbnail","6":"product_cat-zubehor","8":"first","9":"instock","10":"taxable","11":"shipping-taxable","12":"purchasable","13":"product-type-simple"},"composite_virtual":false,"composite_layout":"","composite_add_to_cart_form_location":"","composite_editable_in_cart":false,"composite_sold_individually_context":"","composite_shop_price_calc":"","composite_components":[],"composite_scenarios":[],"acf":[],"yoast_head":"<!-- This site is optimized with the Yoast SEO Premium plugin v26.8 (Yoast SEO v27.2) - https:\/\/yoast.com\/product\/yoast-seo-premium-wordpress\/ -->\n<title>Fahrzeugdock f\u00fcr TRT-3493-12 - Teguar<\/title>\n<meta name=\"description\" content=\"Diese Fahrzeug-Dockingstation wurde f\u00fcr verbesserte E\/A-Konnektivit\u00e4t in jeder rauen Umgebung entwickelt. Es ist mit mehreren Ein- und Ausg\u00e4ngen, VESA-Halterung und mehr ausgestattet.\" \/>\n<meta name=\"robots\" content=\"index, follow, max-snippet:-1, max-image-preview:large, max-video-preview:-1\" \/>\n<link rel=\"canonical\" href=\"https:\/\/teguar.com\/eu\/en\/product\/vehicle-dock-for-trt-3493-12\/\" \/>\n<meta property=\"og:locale\" content=\"de_DE\" \/>\n<meta property=\"og:type\" content=\"article\" \/>\n<meta property=\"og:title\" content=\"Fahrzeugdock f\u00fcr TRT-3493-12\" \/>\n<meta property=\"og:description\" content=\"Diese Fahrzeug-Dockingstation wurde f\u00fcr verbesserte E\/A-Konnektivit\u00e4t in jeder rauen Umgebung entwickelt. Es ist mit mehreren Ein- und Ausg\u00e4ngen, VESA-Halterung und mehr ausgestattet.\" \/>\n<meta property=\"og:url\" content=\"https:\/\/teguar.com\/eu\/en\/product\/vehicle-dock-for-trt-3493-12\/\" \/>\n<meta property=\"og:site_name\" content=\"Teguar\" \/>\n<meta property=\"og:image\" content=\"https:\/\/teguar.com\/eu\/wp-content\/uploads\/sites\/2\/2022\/09\/vehicle_dock-trt-3493-12-hero_shot__69924.1662066104.1280.1280.jpg\" \/>\n\t<meta property=\"og:image:width\" content=\"1000\" \/>\n\t<meta property=\"og:image:height\" content=\"1000\" \/>\n\t<meta property=\"og:image:type\" content=\"image\/jpeg\" \/>\n<meta name=\"twitter:card\" content=\"summary_large_image\" \/>\n<script type=\"application\/ld+json\" class=\"yoast-schema-graph\">{\"@context\":\"https:\/\/schema.org\",\"@graph\":[{\"@type\":\"WebPage\",\"@id\":\"https:\/\/teguar.com\/eu\/en\/product\/vehicle-dock-for-trt-3493-12\/\",\"url\":\"https:\/\/teguar.com\/eu\/en\/product\/vehicle-dock-for-trt-3493-12\/\",\"name\":\"Fahrzeugdock f\u00fcr TRT-3493-12 - Teguar\",\"isPartOf\":{\"@id\":\"https:\/\/teguar.com\/eu\/en\/#website\"},\"primaryImageOfPage\":{\"@id\":\"https:\/\/teguar.com\/eu\/en\/product\/vehicle-dock-for-trt-3493-12\/#primaryimage\"},\"image\":{\"@id\":\"https:\/\/teguar.com\/eu\/en\/product\/vehicle-dock-for-trt-3493-12\/#primaryimage\"},\"thumbnailUrl\":\"https:\/\/teguar.com\/eu\/wp-content\/uploads\/sites\/2\/2022\/09\/vehicle_dock-trt-3493-12-hero_shot__69924.1662066104.1280.1280.jpg\",\"datePublished\":\"2025-06-24T14:11:56+00:00\",\"description\":\"Diese Fahrzeug-Dockingstation wurde f\u00fcr verbesserte E\/A-Konnektivit\u00e4t in jeder rauen Umgebung entwickelt. Es ist mit mehreren Ein- und Ausg\u00e4ngen, VESA-Halterung und mehr ausgestattet.\",\"breadcrumb\":{\"@id\":\"https:\/\/teguar.com\/eu\/en\/product\/vehicle-dock-for-trt-3493-12\/#breadcrumb\"},\"inLanguage\":\"de\",\"potentialAction\":[{\"@type\":\"ReadAction\",\"target\":[\"https:\/\/teguar.com\/eu\/en\/product\/vehicle-dock-for-trt-3493-12\/\"]}]},{\"@type\":\"ImageObject\",\"inLanguage\":\"de\",\"@id\":\"https:\/\/teguar.com\/eu\/en\/product\/vehicle-dock-for-trt-3493-12\/#primaryimage\",\"url\":\"https:\/\/teguar.com\/eu\/wp-content\/uploads\/sites\/2\/2022\/09\/vehicle_dock-trt-3493-12-hero_shot__69924.1662066104.1280.1280.jpg\",\"contentUrl\":\"https:\/\/teguar.com\/eu\/wp-content\/uploads\/sites\/2\/2022\/09\/vehicle_dock-trt-3493-12-hero_shot__69924.1662066104.1280.1280.jpg\",\"width\":1000,\"height\":1000,\"caption\":\"Vehicle Dock for TRT-3493-12\"},{\"@type\":\"BreadcrumbList\",\"@id\":\"https:\/\/teguar.com\/eu\/en\/product\/vehicle-dock-for-trt-3493-12\/#breadcrumb\",\"itemListElement\":[{\"@type\":\"ListItem\",\"position\":1,\"name\":\"Home\",\"item\":\"https:\/\/teguar.com\/eu\/de\/\"},{\"@type\":\"ListItem\",\"position\":2,\"name\":\"Fahrzeugdock f\u00fcr TRT-3493-12\"}]},{\"@type\":\"WebSite\",\"@id\":\"https:\/\/teguar.com\/eu\/en\/#website\",\"url\":\"https:\/\/teguar.com\/eu\/en\/\",\"name\":\"Teguar\",\"description\":\"Industrial PCs, Medical Computers, and Rugged Tablets\",\"potentialAction\":[{\"@type\":\"SearchAction\",\"target\":{\"@type\":\"EntryPoint\",\"urlTemplate\":\"https:\/\/teguar.com\/eu\/en\/?s={search_term_string}\"},\"query-input\":{\"@type\":\"PropertyValueSpecification\",\"valueRequired\":true,\"valueName\":\"search_term_string\"}}],\"inLanguage\":\"de\"}]}<\/script>\n<!-- \/ Yoast SEO Premium plugin. -->","yoast_head_json":{"title":"Fahrzeugdock f\u00fcr TRT-3493-12 - Teguar","description":"Diese Fahrzeug-Dockingstation wurde f\u00fcr verbesserte E\/A-Konnektivit\u00e4t in jeder rauen Umgebung entwickelt. Es ist mit mehreren Ein- und Ausg\u00e4ngen, VESA-Halterung und mehr ausgestattet.","robots":{"index":"index","follow":"follow","max-snippet":"max-snippet:-1","max-image-preview":"max-image-preview:large","max-video-preview":"max-video-preview:-1"},"canonical":"https:\/\/teguar.com\/eu\/en\/product\/vehicle-dock-for-trt-3493-12\/","og_locale":"de_DE","og_type":"article","og_title":"Fahrzeugdock f\u00fcr TRT-3493-12","og_description":"Diese Fahrzeug-Dockingstation wurde f\u00fcr verbesserte E\/A-Konnektivit\u00e4t in jeder rauen Umgebung entwickelt. Es ist mit mehreren Ein- und Ausg\u00e4ngen, VESA-Halterung und mehr ausgestattet.","og_url":"https:\/\/teguar.com\/eu\/en\/product\/vehicle-dock-for-trt-3493-12\/","og_site_name":"Teguar","og_image":[{"width":1000,"height":1000,"url":"https:\/\/teguar.com\/eu\/wp-content\/uploads\/sites\/2\/2022\/09\/vehicle_dock-trt-3493-12-hero_shot__69924.1662066104.1280.1280.jpg","type":"image\/jpeg"}],"twitter_card":"summary_large_image","schema":{"@context":"https:\/\/schema.org","@graph":[{"@type":"WebPage","@id":"https:\/\/teguar.com\/eu\/en\/product\/vehicle-dock-for-trt-3493-12\/","url":"https:\/\/teguar.com\/eu\/en\/product\/vehicle-dock-for-trt-3493-12\/","name":"Fahrzeugdock f\u00fcr TRT-3493-12 - Teguar","isPartOf":{"@id":"https:\/\/teguar.com\/eu\/en\/#website"},"primaryImageOfPage":{"@id":"https:\/\/teguar.com\/eu\/en\/product\/vehicle-dock-for-trt-3493-12\/#primaryimage"},"image":{"@id":"https:\/\/teguar.com\/eu\/en\/product\/vehicle-dock-for-trt-3493-12\/#primaryimage"},"thumbnailUrl":"https:\/\/teguar.com\/eu\/wp-content\/uploads\/sites\/2\/2022\/09\/vehicle_dock-trt-3493-12-hero_shot__69924.1662066104.1280.1280.jpg","datePublished":"2025-06-24T14:11:56+00:00","description":"Diese Fahrzeug-Dockingstation wurde f\u00fcr verbesserte E\/A-Konnektivit\u00e4t in jeder rauen Umgebung entwickelt. Es ist mit mehreren Ein- und Ausg\u00e4ngen, VESA-Halterung und mehr ausgestattet.","breadcrumb":{"@id":"https:\/\/teguar.com\/eu\/en\/product\/vehicle-dock-for-trt-3493-12\/#breadcrumb"},"inLanguage":"de","potentialAction":[{"@type":"ReadAction","target":["https:\/\/teguar.com\/eu\/en\/product\/vehicle-dock-for-trt-3493-12\/"]}]},{"@type":"ImageObject","inLanguage":"de","@id":"https:\/\/teguar.com\/eu\/en\/product\/vehicle-dock-for-trt-3493-12\/#primaryimage","url":"https:\/\/teguar.com\/eu\/wp-content\/uploads\/sites\/2\/2022\/09\/vehicle_dock-trt-3493-12-hero_shot__69924.1662066104.1280.1280.jpg","contentUrl":"https:\/\/teguar.com\/eu\/wp-content\/uploads\/sites\/2\/2022\/09\/vehicle_dock-trt-3493-12-hero_shot__69924.1662066104.1280.1280.jpg","width":1000,"height":1000,"caption":"Vehicle Dock for TRT-3493-12"},{"@type":"BreadcrumbList","@id":"https:\/\/teguar.com\/eu\/en\/product\/vehicle-dock-for-trt-3493-12\/#breadcrumb","itemListElement":[{"@type":"ListItem","position":1,"name":"Home","item":"https:\/\/teguar.com\/eu\/de\/"},{"@type":"ListItem","position":2,"name":"Fahrzeugdock f\u00fcr TRT-3493-12"}]},{"@type":"WebSite","@id":"https:\/\/teguar.com\/eu\/en\/#website","url":"https:\/\/teguar.com\/eu\/en\/","name":"Teguar","description":"Industrial PCs, Medical Computers, and Rugged Tablets","potentialAction":[{"@type":"SearchAction","target":{"@type":"EntryPoint","urlTemplate":"https:\/\/teguar.com\/eu\/en\/?s={search_term_string}"},"query-input":{"@type":"PropertyValueSpecification","valueRequired":true,"valueName":"search_term_string"}}],"inLanguage":"de"}]}},"_links":{"self":[{"href":"https:\/\/teguar.com\/eu\/de\/wp-json\/wp\/v2\/product\/2245268","targetHints":{"allow":["GET"]}}],"collection":[{"href":"https:\/\/teguar.com\/eu\/de\/wp-json\/wp\/v2\/product"}],"about":[{"href":"https:\/\/teguar.com\/eu\/de\/wp-json\/wp\/v2\/types\/product"}],"wp:featuredmedia":[{"embeddable":true,"href":"https:\/\/teguar.com\/eu\/de\/wp-json\/wp\/v2\/media\/2245860"}],"wp:attachment":[{"href":"https:\/\/teguar.com\/eu\/de\/wp-json\/wp\/v2\/media?parent=2245268"}],"wp:term":[{"taxonomy":"product_brand","embeddable":true,"href":"https:\/\/teguar.com\/eu\/de\/wp-json\/wp\/v2\/product_brand?post=2245268"},{"taxonomy":"product_cat","embeddable":true,"href":"https:\/\/teguar.com\/eu\/de\/wp-json\/wp\/v2\/product_cat?post=2245268"},{"taxonomy":"product_tag","embeddable":true,"href":"https:\/\/teguar.com\/eu\/de\/wp-json\/wp\/v2\/product_tag?post=2245268"},{"taxonomy":"product_label","embeddable":true,"href":"https:\/\/teguar.com\/eu\/de\/wp-json\/wp\/v2\/product_label?post=2245268"}],"curies":[{"name":"wp","href":"https:\/\/api.w.org\/{rel}","templated":true}]}}