{"id":2245265,"date":"2025-06-24T14:11:55","date_gmt":"2025-06-24T14:11:55","guid":{"rendered":"https:\/\/teguar.com\/eu\/product\/tp-5645-19\/"},"modified":"2026-01-06T18:42:03","modified_gmt":"2026-01-06T18:42:03","slug":"tp-5645-19","status":"publish","type":"product","link":"https:\/\/teguar.com\/eu\/de\/product\/tp-5645-19\/","title":{"rendered":"TP-5645-19"},"content":{"rendered":"<p>Der Panel Mount Computer TP-5645-19 bietet die fortschrittliche Rechenleistung der neuesten Intel Core i3\/i5 CPU der<sup>8.<\/sup> Generation. Das einzigartige kompakte thermische Design umfasst ein robustes Aluminium-Druckgussgeh\u00e4use f\u00fcr l\u00fcfterlosen Betrieb und Haltbarkeit bei starken St\u00f6\u00dfen und Vibrationen. Die Frontblende entspricht der Schutzklasse IP66 f\u00fcr den Schutz vor Wasser und Staub und verwendet ein vollst\u00e4ndig flaches Design, um die Ansammlung von Partikeln zu verhindern. F\u00fcr Umgebungen mit geringer Sichtbarkeit des Bildschirms kann ein Touchscreen mit hoher Helligkeit gew\u00e4hlt werden. Mit bis zu 16 GB DDR4-Speicher ist der <a href=\"https:\/\/teguar.com\/eu\/de\/panel-pcs\/\">Panel PC<\/a> eine hervorragende L\u00f6sung f\u00fcr die meisten Windows- oder Linux-basierten Anwendungen. Der leicht zug\u00e4ngliche M.2-Speicher kann bis zu 512 GB gro\u00df konfiguriert werden. Der TP-5645-19 ist eine gro\u00dfartige L\u00f6sung f\u00fcr Anwendungen wie eine Datendrehscheibe f\u00fcr Ihre IoT- \/ IIoT-Sensoren und f\u00fcr die Ausf\u00fchrung Ihrer ERP-Software (Enterprise Resource Planning).<\/p>\n","protected":false},"excerpt":{"rendered":"<p><a href=\"https:\/\/teguar.com\/eu\/de\/computer-fuer-die-industrielle-automatisierung\/\">Industrielle Automatisierung:<\/a> Zuverl\u00e4ssiges und leistungsf\u00e4higes Computing f\u00fcr die Steuerung und \u00dcberwachung automatisierter Prozesse in Fertigungsbetrieben und Industrieanlagen.<\/p>\n<p><a href=\"https:\/\/teguar.com\/eu\/logistics-transportation-computer\/\">Transport und Logistik:<\/a> Effiziente Verwaltung und Nachverfolgung von Lagerbest\u00e4nden, Logistik und Lieferkettenoperationen in der Transport- und Logistikbranche.<\/p>\n<p><a href=\"https:\/\/teguar.com\/eu\/de\/fertigungs-computer\/\">HMI-Systeme (Mensch-Maschine-Schnittstelle):<\/a> Intuitive und interaktive Schnittstellen zur Steuerung und \u00dcberwachung von Maschinen, Ger\u00e4ten und Prozessen in verschiedenen Branchen wie der Fertigungsindustrie, der \u00d6l- und Gasindustrie und der Versorgungswirtschaft.<\/p>\n<p><a href=\"https:\/\/teguar.com\/eu\/de\/computer-fuer-verkaufsstellen-pos\/\">Einzelhandel und Point-of-Sale (POS):<\/a> Vielseitige Computerl\u00f6sungen f\u00fcr Point-of-Sale-Systeme, Bestandsverwaltung und Kundenbindung im Einzelhandel.<\/p>\n<p><a href=\"https:\/\/teguar.com\/eu\/de\/computer-fuer-den-aussenbereich\/\">Outdoor-Umgebungen:<\/a> Langlebige und robuste Computer f\u00fcr Anwendungen im Freien, wie z.B. intelligente Stadtinfrastruktur, Kioske im Freien und \u00f6ffentliche Informationsanzeigen.<\/p>\n","protected":false},"featured_media":2245855,"template":"","meta":{"_acf_changed":false},"product_brand":[],"product_cat":[2826,2839],"product_tag":[4591],"product_label":[],"class_list":{"0":"post-2245265","1":"product","2":"type-product","3":"status-publish","4":"has-post-thumbnail","6":"product_cat-hmi-panel","7":"product_cat-panel-pcs","8":"product_tag-cornerstone-series","9":"pa_windows-windows-10-iot","10":"pa_windows-windows-11-iot","11":"pa_windows-windows-11-pro","13":"first","14":"outofstock","15":"taxable","16":"shipping-taxable","17":"purchasable","18":"product-type-simple"},"composite_virtual":false,"composite_layout":"","composite_add_to_cart_form_location":"","composite_editable_in_cart":false,"composite_sold_individually_context":"","composite_shop_price_calc":"","composite_components":[],"composite_scenarios":[],"acf":[],"yoast_head":"<!-- This site is optimized with the Yoast SEO Premium plugin v26.8 (Yoast SEO v27.2) - https:\/\/yoast.com\/product\/yoast-seo-premium-wordpress\/ -->\n<title>19&quot; Panel Mount Computer | TP-5645-19<\/title>\n<meta name=\"description\" content=\"Der TP-5645-19 ist ein Einbau-Computer mit einer Intel Core i3\/5 CPU der 8. Generation, M.2-Speicher und bis zu 16 GB RAM, die auf Anfrage erh\u00e4ltlich sind.\" \/>\n<meta name=\"robots\" content=\"index, follow, max-snippet:-1, max-image-preview:large, max-video-preview:-1\" \/>\n<link rel=\"canonical\" href=\"https:\/\/teguar.com\/eu\/de\/product\/tp-5645-19\/\" \/>\n<meta property=\"og:locale\" content=\"de_DE\" \/>\n<meta property=\"og:type\" content=\"article\" \/>\n<meta property=\"og:title\" content=\"TP-5645-19\" \/>\n<meta property=\"og:description\" content=\"Der TP-5645-19 ist ein Einbau-Computer mit einer Intel Core i3\/5 CPU der 8. Generation, M.2-Speicher und bis zu 16 GB RAM, die auf Anfrage erh\u00e4ltlich sind.\" \/>\n<meta property=\"og:url\" content=\"https:\/\/teguar.com\/eu\/de\/product\/tp-5645-19\/\" \/>\n<meta property=\"og:site_name\" content=\"Teguar\" \/>\n<meta property=\"article:modified_time\" content=\"2026-01-06T18:42:03+00:00\" \/>\n<meta property=\"og:image\" content=\"https:\/\/teguar.com\/eu\/wp-content\/uploads\/sites\/2\/2022\/09\/panel_mount_computer-TP-5645-19__06256.1664461021.1280.1280.jpg\" \/>\n\t<meta property=\"og:image:width\" content=\"1280\" \/>\n\t<meta property=\"og:image:height\" content=\"914\" \/>\n\t<meta property=\"og:image:type\" content=\"image\/jpeg\" \/>\n<meta name=\"twitter:card\" content=\"summary_large_image\" \/>\n<meta name=\"twitter:label1\" content=\"Gesch\u00e4tzte Lesezeit\" \/>\n\t<meta name=\"twitter:data1\" content=\"1\u00a0Minute\" \/>\n<script type=\"application\/ld+json\" class=\"yoast-schema-graph\">{\"@context\":\"https:\/\/schema.org\",\"@graph\":[{\"@type\":\"WebPage\",\"@id\":\"https:\/\/teguar.com\/eu\/de\/product\/tp-5645-19\/\",\"url\":\"https:\/\/teguar.com\/eu\/de\/product\/tp-5645-19\/\",\"name\":\"19\\\" Panel Mount Computer | TP-5645-19\",\"isPartOf\":{\"@id\":\"https:\/\/teguar.com\/eu\/en\/#website\"},\"primaryImageOfPage\":{\"@id\":\"https:\/\/teguar.com\/eu\/de\/product\/tp-5645-19\/#primaryimage\"},\"image\":{\"@id\":\"https:\/\/teguar.com\/eu\/de\/product\/tp-5645-19\/#primaryimage\"},\"thumbnailUrl\":\"https:\/\/teguar.com\/eu\/wp-content\/uploads\/sites\/2\/2022\/09\/panel_mount_computer-TP-5645-19__06256.1664461021.1280.1280.jpg\",\"datePublished\":\"2025-06-24T14:11:55+00:00\",\"dateModified\":\"2026-01-06T18:42:03+00:00\",\"description\":\"Der TP-5645-19 ist ein Einbau-Computer mit einer Intel Core i3\/5 CPU der 8. Generation, M.2-Speicher und bis zu 16 GB RAM, die auf Anfrage erh\u00e4ltlich sind.\",\"breadcrumb\":{\"@id\":\"https:\/\/teguar.com\/eu\/de\/product\/tp-5645-19\/#breadcrumb\"},\"inLanguage\":\"de\",\"potentialAction\":[{\"@type\":\"ReadAction\",\"target\":[\"https:\/\/teguar.com\/eu\/de\/product\/tp-5645-19\/\"]}]},{\"@type\":\"ImageObject\",\"inLanguage\":\"de\",\"@id\":\"https:\/\/teguar.com\/eu\/de\/product\/tp-5645-19\/#primaryimage\",\"url\":\"https:\/\/teguar.com\/eu\/wp-content\/uploads\/sites\/2\/2022\/09\/panel_mount_computer-TP-5645-19__06256.1664461021.1280.1280.jpg\",\"contentUrl\":\"https:\/\/teguar.com\/eu\/wp-content\/uploads\/sites\/2\/2022\/09\/panel_mount_computer-TP-5645-19__06256.1664461021.1280.1280.jpg\",\"width\":1280,\"height\":914,\"caption\":\"panel mount computer tp-5645-19 front angled\"},{\"@type\":\"BreadcrumbList\",\"@id\":\"https:\/\/teguar.com\/eu\/de\/product\/tp-5645-19\/#breadcrumb\",\"itemListElement\":[{\"@type\":\"ListItem\",\"position\":1,\"name\":\"Home\",\"item\":\"https:\/\/teguar.com\/eu\/de\/\"},{\"@type\":\"ListItem\",\"position\":2,\"name\":\"TP-5645-19\"}]},{\"@type\":\"WebSite\",\"@id\":\"https:\/\/teguar.com\/eu\/en\/#website\",\"url\":\"https:\/\/teguar.com\/eu\/en\/\",\"name\":\"Teguar\",\"description\":\"Industrial PCs, Medical Computers, and Rugged Tablets\",\"potentialAction\":[{\"@type\":\"SearchAction\",\"target\":{\"@type\":\"EntryPoint\",\"urlTemplate\":\"https:\/\/teguar.com\/eu\/en\/?s={search_term_string}\"},\"query-input\":{\"@type\":\"PropertyValueSpecification\",\"valueRequired\":true,\"valueName\":\"search_term_string\"}}],\"inLanguage\":\"de\"}]}<\/script>\n<!-- \/ Yoast SEO Premium plugin. -->","yoast_head_json":{"title":"19\" Panel Mount Computer | TP-5645-19","description":"Der TP-5645-19 ist ein Einbau-Computer mit einer Intel Core i3\/5 CPU der 8. Generation, M.2-Speicher und bis zu 16 GB RAM, die auf Anfrage erh\u00e4ltlich sind.","robots":{"index":"index","follow":"follow","max-snippet":"max-snippet:-1","max-image-preview":"max-image-preview:large","max-video-preview":"max-video-preview:-1"},"canonical":"https:\/\/teguar.com\/eu\/de\/product\/tp-5645-19\/","og_locale":"de_DE","og_type":"article","og_title":"TP-5645-19","og_description":"Der TP-5645-19 ist ein Einbau-Computer mit einer Intel Core i3\/5 CPU der 8. Generation, M.2-Speicher und bis zu 16 GB RAM, die auf Anfrage erh\u00e4ltlich sind.","og_url":"https:\/\/teguar.com\/eu\/de\/product\/tp-5645-19\/","og_site_name":"Teguar","article_modified_time":"2026-01-06T18:42:03+00:00","og_image":[{"width":1280,"height":914,"url":"https:\/\/teguar.com\/eu\/wp-content\/uploads\/sites\/2\/2022\/09\/panel_mount_computer-TP-5645-19__06256.1664461021.1280.1280.jpg","type":"image\/jpeg"}],"twitter_card":"summary_large_image","twitter_misc":{"Gesch\u00e4tzte Lesezeit":"1\u00a0Minute"},"schema":{"@context":"https:\/\/schema.org","@graph":[{"@type":"WebPage","@id":"https:\/\/teguar.com\/eu\/de\/product\/tp-5645-19\/","url":"https:\/\/teguar.com\/eu\/de\/product\/tp-5645-19\/","name":"19\" Panel Mount Computer | TP-5645-19","isPartOf":{"@id":"https:\/\/teguar.com\/eu\/en\/#website"},"primaryImageOfPage":{"@id":"https:\/\/teguar.com\/eu\/de\/product\/tp-5645-19\/#primaryimage"},"image":{"@id":"https:\/\/teguar.com\/eu\/de\/product\/tp-5645-19\/#primaryimage"},"thumbnailUrl":"https:\/\/teguar.com\/eu\/wp-content\/uploads\/sites\/2\/2022\/09\/panel_mount_computer-TP-5645-19__06256.1664461021.1280.1280.jpg","datePublished":"2025-06-24T14:11:55+00:00","dateModified":"2026-01-06T18:42:03+00:00","description":"Der TP-5645-19 ist ein Einbau-Computer mit einer Intel Core i3\/5 CPU der 8. Generation, M.2-Speicher und bis zu 16 GB RAM, die auf Anfrage erh\u00e4ltlich sind.","breadcrumb":{"@id":"https:\/\/teguar.com\/eu\/de\/product\/tp-5645-19\/#breadcrumb"},"inLanguage":"de","potentialAction":[{"@type":"ReadAction","target":["https:\/\/teguar.com\/eu\/de\/product\/tp-5645-19\/"]}]},{"@type":"ImageObject","inLanguage":"de","@id":"https:\/\/teguar.com\/eu\/de\/product\/tp-5645-19\/#primaryimage","url":"https:\/\/teguar.com\/eu\/wp-content\/uploads\/sites\/2\/2022\/09\/panel_mount_computer-TP-5645-19__06256.1664461021.1280.1280.jpg","contentUrl":"https:\/\/teguar.com\/eu\/wp-content\/uploads\/sites\/2\/2022\/09\/panel_mount_computer-TP-5645-19__06256.1664461021.1280.1280.jpg","width":1280,"height":914,"caption":"panel mount computer tp-5645-19 front angled"},{"@type":"BreadcrumbList","@id":"https:\/\/teguar.com\/eu\/de\/product\/tp-5645-19\/#breadcrumb","itemListElement":[{"@type":"ListItem","position":1,"name":"Home","item":"https:\/\/teguar.com\/eu\/de\/"},{"@type":"ListItem","position":2,"name":"TP-5645-19"}]},{"@type":"WebSite","@id":"https:\/\/teguar.com\/eu\/en\/#website","url":"https:\/\/teguar.com\/eu\/en\/","name":"Teguar","description":"Industrial PCs, Medical Computers, and Rugged Tablets","potentialAction":[{"@type":"SearchAction","target":{"@type":"EntryPoint","urlTemplate":"https:\/\/teguar.com\/eu\/en\/?s={search_term_string}"},"query-input":{"@type":"PropertyValueSpecification","valueRequired":true,"valueName":"search_term_string"}}],"inLanguage":"de"}]}},"_links":{"self":[{"href":"https:\/\/teguar.com\/eu\/de\/wp-json\/wp\/v2\/product\/2245265","targetHints":{"allow":["GET"]}}],"collection":[{"href":"https:\/\/teguar.com\/eu\/de\/wp-json\/wp\/v2\/product"}],"about":[{"href":"https:\/\/teguar.com\/eu\/de\/wp-json\/wp\/v2\/types\/product"}],"wp:featuredmedia":[{"embeddable":true,"href":"https:\/\/teguar.com\/eu\/de\/wp-json\/wp\/v2\/media\/2245855"}],"wp:attachment":[{"href":"https:\/\/teguar.com\/eu\/de\/wp-json\/wp\/v2\/media?parent=2245265"}],"wp:term":[{"taxonomy":"product_brand","embeddable":true,"href":"https:\/\/teguar.com\/eu\/de\/wp-json\/wp\/v2\/product_brand?post=2245265"},{"taxonomy":"product_cat","embeddable":true,"href":"https:\/\/teguar.com\/eu\/de\/wp-json\/wp\/v2\/product_cat?post=2245265"},{"taxonomy":"product_tag","embeddable":true,"href":"https:\/\/teguar.com\/eu\/de\/wp-json\/wp\/v2\/product_tag?post=2245265"},{"taxonomy":"product_label","embeddable":true,"href":"https:\/\/teguar.com\/eu\/de\/wp-json\/wp\/v2\/product_label?post=2245265"}],"curies":[{"name":"wp","href":"https:\/\/api.w.org\/{rel}","templated":true}]}}