{"id":2245252,"date":"2025-06-24T14:11:53","date_gmt":"2025-06-24T14:11:53","guid":{"rendered":"https:\/\/teguar.com\/eu\/product\/tp-5040-18\/"},"modified":"2025-11-20T17:35:03","modified_gmt":"2025-11-20T17:35:03","slug":"tp-5040-18","status":"publish","type":"product","link":"https:\/\/teguar.com\/eu\/de\/product\/tp-5040-18\/","title":{"rendered":"TP-5040-18"},"content":{"rendered":"<p>Der TP-5040-18 Widescreen All-in-One Computer ist ein leistungsstarker Industrie-PC. Mit der Skylake Core i3\/i5 CPU und bis zu 8 GB Arbeitsspeicher ist dieser Computer in der Lage, anspruchsvolle Anwendungen in der Produktion, in der Werkstatt oder im Lager zu bew\u00e4ltigen. Dieser PC verwendet eine l\u00fcfterlose K\u00fchlung, so dass er effizient und leise arbeitet und auch staubigen oder schmutzigen Umgebungen standh\u00e4lt. Der TP-5040-18 verf\u00fcgt \u00fcber einen gro\u00dfen kapazitiven 18,5-Zoll-Touchscreen mit Projektion und ein wasserdichtes Geh\u00e4use nach IP65, das zur einfachen Reinigung abgespritzt und abgewischt werden kann. Mit Optionen wie einem integrierten Barcode-Scanner und RFID-Leser l\u00e4sst sich dieser Computer nahtlos in Ihren Arbeitsablauf integrieren.    <\/p>\n<p><strong><span class=\"ui-provider ed bxv bhz crs crt cru crv crw crx cry crz csa csb csc csd cse csf csg csh csi csj csk csl csm csn cso csp csq csr css cst csu csv csw csx\" dir=\"ltr\">Dieses Produkt gilt jetzt als &#8222;Vorherige Generation&#8220;, d.h. es kann sein, dass es noch zum Kauf verf\u00fcgbar ist. Rufen Sie +1 800 870 7715 an, um weitere Informationen zu diesem Produkt zu erhalten, oder sehen Sie sich unsere vollst\u00e4ndige Liste der <a href=\"https:\/\/teguar.com\/eu\/de\/panel-pcs\/\">derzeit verf\u00fcgbaren Panel PCs<\/a> an. <\/span><\/strong><\/p>\n<p>&nbsp;<\/p>\n","protected":false},"excerpt":{"rendered":"<p>Der TP-5040-18 hat einen 18,5&#8243; Pcap-Touchscreen und l\u00e4uft mit der Intel Skylake Core i3\/i5 CPU. Dieser industrietaugliche Computer ist f\u00fcr den Einsatz am Flie\u00dfband, in Ihrem Lager und in anderen industriellen Umgebungen konzipiert. <\/p>\n","protected":false},"featured_media":2245838,"template":"","meta":{"_acf_changed":false},"product_brand":[],"product_cat":[2828],"product_tag":[],"product_label":[],"class_list":{"0":"post-2245252","1":"product","2":"type-product","3":"status-publish","4":"has-post-thumbnail","6":"product_cat-industrieller-all-in-one-pc","7":"pa_windows-windows-10-iot","8":"pa_windows-windows-10-pro","10":"first","11":"outofstock","12":"taxable","13":"shipping-taxable","14":"purchasable","15":"product-type-simple"},"composite_virtual":false,"composite_layout":"","composite_add_to_cart_form_location":"","composite_editable_in_cart":false,"composite_sold_individually_context":"","composite_shop_price_calc":"","composite_components":[],"composite_scenarios":[],"acf":[],"yoast_head":"<!-- This site is optimized with the Yoast SEO Premium plugin v26.8 (Yoast SEO v27.2) - https:\/\/yoast.com\/product\/yoast-seo-premium-wordpress\/ -->\n<title>18,5&quot; Industrie-PC ohne L\u00fcfter | TP-5040-18<\/title>\n<meta name=\"description\" content=\"Dieser medizinische PC verf\u00fcgt \u00fcber einen 18,5-Zoll-Touchscreen und ein antibakterielles Geh\u00e4use, um die Verbreitung von Keimen in Ihrer Gesundheitseinrichtung, Apotheke oder Ihrem Krankenhaus zu verhindern.\" \/>\n<meta name=\"robots\" content=\"index, follow, max-snippet:-1, max-image-preview:large, max-video-preview:-1\" \/>\n<link rel=\"canonical\" href=\"https:\/\/teguar.com\/eu\/de\/product\/tp-5040-18\/\" \/>\n<meta property=\"og:locale\" content=\"de_DE\" \/>\n<meta property=\"og:type\" content=\"article\" \/>\n<meta property=\"og:title\" content=\"TP-5040-18\" \/>\n<meta property=\"og:description\" content=\"Dieser medizinische PC verf\u00fcgt \u00fcber einen 18,5-Zoll-Touchscreen und ein antibakterielles Geh\u00e4use, um die Verbreitung von Keimen in Ihrer Gesundheitseinrichtung, Apotheke oder Ihrem Krankenhaus zu verhindern.\" \/>\n<meta property=\"og:url\" content=\"https:\/\/teguar.com\/eu\/de\/product\/tp-5040-18\/\" \/>\n<meta property=\"og:site_name\" content=\"Teguar\" \/>\n<meta property=\"article:modified_time\" content=\"2025-11-20T17:35:03+00:00\" \/>\n<meta property=\"og:image\" content=\"https:\/\/teguar.com\/eu\/wp-content\/uploads\/sites\/2\/2022\/11\/18-inch-panel-pc_7__60445.1604346365.1280.1280__98821.1667939297.1280.1280.jpg\" \/>\n\t<meta property=\"og:image:width\" content=\"1000\" \/>\n\t<meta property=\"og:image:height\" content=\"1000\" \/>\n\t<meta property=\"og:image:type\" content=\"image\/jpeg\" \/>\n<meta name=\"twitter:card\" content=\"summary_large_image\" \/>\n<meta name=\"twitter:label1\" content=\"Gesch\u00e4tzte Lesezeit\" \/>\n\t<meta name=\"twitter:data1\" content=\"1\u00a0Minute\" \/>\n<script type=\"application\/ld+json\" class=\"yoast-schema-graph\">{\"@context\":\"https:\/\/schema.org\",\"@graph\":[{\"@type\":\"WebPage\",\"@id\":\"https:\/\/teguar.com\/eu\/de\/product\/tp-5040-18\/\",\"url\":\"https:\/\/teguar.com\/eu\/de\/product\/tp-5040-18\/\",\"name\":\"18,5\\\" Industrie-PC ohne L\u00fcfter | TP-5040-18\",\"isPartOf\":{\"@id\":\"https:\/\/teguar.com\/eu\/en\/#website\"},\"primaryImageOfPage\":{\"@id\":\"https:\/\/teguar.com\/eu\/de\/product\/tp-5040-18\/#primaryimage\"},\"image\":{\"@id\":\"https:\/\/teguar.com\/eu\/de\/product\/tp-5040-18\/#primaryimage\"},\"thumbnailUrl\":\"https:\/\/teguar.com\/eu\/wp-content\/uploads\/sites\/2\/2022\/11\/18-inch-panel-pc_7__60445.1604346365.1280.1280__98821.1667939297.1280.1280.jpg\",\"datePublished\":\"2025-06-24T14:11:53+00:00\",\"dateModified\":\"2025-11-20T17:35:03+00:00\",\"description\":\"Dieser medizinische PC verf\u00fcgt \u00fcber einen 18,5-Zoll-Touchscreen und ein antibakterielles Geh\u00e4use, um die Verbreitung von Keimen in Ihrer Gesundheitseinrichtung, Apotheke oder Ihrem Krankenhaus zu verhindern.\",\"breadcrumb\":{\"@id\":\"https:\/\/teguar.com\/eu\/de\/product\/tp-5040-18\/#breadcrumb\"},\"inLanguage\":\"de\",\"potentialAction\":[{\"@type\":\"ReadAction\",\"target\":[\"https:\/\/teguar.com\/eu\/de\/product\/tp-5040-18\/\"]}]},{\"@type\":\"ImageObject\",\"inLanguage\":\"de\",\"@id\":\"https:\/\/teguar.com\/eu\/de\/product\/tp-5040-18\/#primaryimage\",\"url\":\"https:\/\/teguar.com\/eu\/wp-content\/uploads\/sites\/2\/2022\/11\/18-inch-panel-pc_7__60445.1604346365.1280.1280__98821.1667939297.1280.1280.jpg\",\"contentUrl\":\"https:\/\/teguar.com\/eu\/wp-content\/uploads\/sites\/2\/2022\/11\/18-inch-panel-pc_7__60445.1604346365.1280.1280__98821.1667939297.1280.1280.jpg\",\"width\":1000,\"height\":1000,\"caption\":\"18\\\" Industrial All-in-one Computer\"},{\"@type\":\"BreadcrumbList\",\"@id\":\"https:\/\/teguar.com\/eu\/de\/product\/tp-5040-18\/#breadcrumb\",\"itemListElement\":[{\"@type\":\"ListItem\",\"position\":1,\"name\":\"Home\",\"item\":\"https:\/\/teguar.com\/eu\/de\/\"},{\"@type\":\"ListItem\",\"position\":2,\"name\":\"TP-5040-18\"}]},{\"@type\":\"WebSite\",\"@id\":\"https:\/\/teguar.com\/eu\/en\/#website\",\"url\":\"https:\/\/teguar.com\/eu\/en\/\",\"name\":\"Teguar\",\"description\":\"Industrial PCs, Medical Computers, and Rugged Tablets\",\"potentialAction\":[{\"@type\":\"SearchAction\",\"target\":{\"@type\":\"EntryPoint\",\"urlTemplate\":\"https:\/\/teguar.com\/eu\/en\/?s={search_term_string}\"},\"query-input\":{\"@type\":\"PropertyValueSpecification\",\"valueRequired\":true,\"valueName\":\"search_term_string\"}}],\"inLanguage\":\"de\"}]}<\/script>\n<!-- \/ Yoast SEO Premium plugin. -->","yoast_head_json":{"title":"18,5\" Industrie-PC ohne L\u00fcfter | TP-5040-18","description":"Dieser medizinische PC verf\u00fcgt \u00fcber einen 18,5-Zoll-Touchscreen und ein antibakterielles Geh\u00e4use, um die Verbreitung von Keimen in Ihrer Gesundheitseinrichtung, Apotheke oder Ihrem Krankenhaus zu verhindern.","robots":{"index":"index","follow":"follow","max-snippet":"max-snippet:-1","max-image-preview":"max-image-preview:large","max-video-preview":"max-video-preview:-1"},"canonical":"https:\/\/teguar.com\/eu\/de\/product\/tp-5040-18\/","og_locale":"de_DE","og_type":"article","og_title":"TP-5040-18","og_description":"Dieser medizinische PC verf\u00fcgt \u00fcber einen 18,5-Zoll-Touchscreen und ein antibakterielles Geh\u00e4use, um die Verbreitung von Keimen in Ihrer Gesundheitseinrichtung, Apotheke oder Ihrem Krankenhaus zu verhindern.","og_url":"https:\/\/teguar.com\/eu\/de\/product\/tp-5040-18\/","og_site_name":"Teguar","article_modified_time":"2025-11-20T17:35:03+00:00","og_image":[{"width":1000,"height":1000,"url":"https:\/\/teguar.com\/eu\/wp-content\/uploads\/sites\/2\/2022\/11\/18-inch-panel-pc_7__60445.1604346365.1280.1280__98821.1667939297.1280.1280.jpg","type":"image\/jpeg"}],"twitter_card":"summary_large_image","twitter_misc":{"Gesch\u00e4tzte Lesezeit":"1\u00a0Minute"},"schema":{"@context":"https:\/\/schema.org","@graph":[{"@type":"WebPage","@id":"https:\/\/teguar.com\/eu\/de\/product\/tp-5040-18\/","url":"https:\/\/teguar.com\/eu\/de\/product\/tp-5040-18\/","name":"18,5\" Industrie-PC ohne L\u00fcfter | TP-5040-18","isPartOf":{"@id":"https:\/\/teguar.com\/eu\/en\/#website"},"primaryImageOfPage":{"@id":"https:\/\/teguar.com\/eu\/de\/product\/tp-5040-18\/#primaryimage"},"image":{"@id":"https:\/\/teguar.com\/eu\/de\/product\/tp-5040-18\/#primaryimage"},"thumbnailUrl":"https:\/\/teguar.com\/eu\/wp-content\/uploads\/sites\/2\/2022\/11\/18-inch-panel-pc_7__60445.1604346365.1280.1280__98821.1667939297.1280.1280.jpg","datePublished":"2025-06-24T14:11:53+00:00","dateModified":"2025-11-20T17:35:03+00:00","description":"Dieser medizinische PC verf\u00fcgt \u00fcber einen 18,5-Zoll-Touchscreen und ein antibakterielles Geh\u00e4use, um die Verbreitung von Keimen in Ihrer Gesundheitseinrichtung, Apotheke oder Ihrem Krankenhaus zu verhindern.","breadcrumb":{"@id":"https:\/\/teguar.com\/eu\/de\/product\/tp-5040-18\/#breadcrumb"},"inLanguage":"de","potentialAction":[{"@type":"ReadAction","target":["https:\/\/teguar.com\/eu\/de\/product\/tp-5040-18\/"]}]},{"@type":"ImageObject","inLanguage":"de","@id":"https:\/\/teguar.com\/eu\/de\/product\/tp-5040-18\/#primaryimage","url":"https:\/\/teguar.com\/eu\/wp-content\/uploads\/sites\/2\/2022\/11\/18-inch-panel-pc_7__60445.1604346365.1280.1280__98821.1667939297.1280.1280.jpg","contentUrl":"https:\/\/teguar.com\/eu\/wp-content\/uploads\/sites\/2\/2022\/11\/18-inch-panel-pc_7__60445.1604346365.1280.1280__98821.1667939297.1280.1280.jpg","width":1000,"height":1000,"caption":"18\" Industrial All-in-one Computer"},{"@type":"BreadcrumbList","@id":"https:\/\/teguar.com\/eu\/de\/product\/tp-5040-18\/#breadcrumb","itemListElement":[{"@type":"ListItem","position":1,"name":"Home","item":"https:\/\/teguar.com\/eu\/de\/"},{"@type":"ListItem","position":2,"name":"TP-5040-18"}]},{"@type":"WebSite","@id":"https:\/\/teguar.com\/eu\/en\/#website","url":"https:\/\/teguar.com\/eu\/en\/","name":"Teguar","description":"Industrial PCs, Medical Computers, and Rugged Tablets","potentialAction":[{"@type":"SearchAction","target":{"@type":"EntryPoint","urlTemplate":"https:\/\/teguar.com\/eu\/en\/?s={search_term_string}"},"query-input":{"@type":"PropertyValueSpecification","valueRequired":true,"valueName":"search_term_string"}}],"inLanguage":"de"}]}},"_links":{"self":[{"href":"https:\/\/teguar.com\/eu\/de\/wp-json\/wp\/v2\/product\/2245252","targetHints":{"allow":["GET"]}}],"collection":[{"href":"https:\/\/teguar.com\/eu\/de\/wp-json\/wp\/v2\/product"}],"about":[{"href":"https:\/\/teguar.com\/eu\/de\/wp-json\/wp\/v2\/types\/product"}],"wp:featuredmedia":[{"embeddable":true,"href":"https:\/\/teguar.com\/eu\/de\/wp-json\/wp\/v2\/media\/2245838"}],"wp:attachment":[{"href":"https:\/\/teguar.com\/eu\/de\/wp-json\/wp\/v2\/media?parent=2245252"}],"wp:term":[{"taxonomy":"product_brand","embeddable":true,"href":"https:\/\/teguar.com\/eu\/de\/wp-json\/wp\/v2\/product_brand?post=2245252"},{"taxonomy":"product_cat","embeddable":true,"href":"https:\/\/teguar.com\/eu\/de\/wp-json\/wp\/v2\/product_cat?post=2245252"},{"taxonomy":"product_tag","embeddable":true,"href":"https:\/\/teguar.com\/eu\/de\/wp-json\/wp\/v2\/product_tag?post=2245252"},{"taxonomy":"product_label","embeddable":true,"href":"https:\/\/teguar.com\/eu\/de\/wp-json\/wp\/v2\/product_label?post=2245252"}],"curies":[{"name":"wp","href":"https:\/\/api.w.org\/{rel}","templated":true}]}}