{"id":2245245,"date":"2025-06-24T14:11:53","date_gmt":"2025-06-24T14:11:53","guid":{"rendered":"https:\/\/teguar.com\/eu\/product\/desktop-dock-trt-q7c80-08s-10s\/"},"modified":"2025-06-24T14:11:53","modified_gmt":"2025-06-24T14:11:53","slug":"desktop-dock-trt-q7c80-08s-10s","status":"publish","type":"product","link":"https:\/\/teguar.com\/eu\/de\/product\/desktop-dock-trt-q7c80-08s-10s\/","title":{"rendered":"Desktop-Dock, TRT-Q7C80-08S\/10S"},"content":{"rendered":"<p>Das Medical Tablet Dock erweitert die Funktionalit\u00e4t der TMT-Q7C80 und TMT-A5580 Serie. Die Dockingstation ist so konzipiert, dass sie eine sichere und stabile Plattform f\u00fcr das Tablet bietet, w\u00e4hrend es in Gebrauch ist, so dass medizinisches Fachpersonal problemlos mit seinen Patienten interagieren kann, w\u00e4hrend es die H\u00e4nde frei hat. Dieses Zubeh\u00f6r bietet au\u00dferdem zus\u00e4tzliche Anschlussm\u00f6glichkeiten wie Ethernet-, HDMI-, USB- und serielle Anschl\u00fcsse, die eine nahtlose Integration mit verschiedenen medizinischen Ger\u00e4ten und Peripherieger\u00e4ten erm\u00f6glichen. Die Desktop-Dockingstation ist ein unverzichtbares Hilfsmittel, um die F\u00e4higkeiten der medizinischen Tablets zu maximieren und die Produktivit\u00e4t in medizinischen Einrichtungen zu verbessern.   <\/p>\n","protected":false},"excerpt":{"rendered":"<p>Die Medical Tablet Desktop-Dockingstation ist ein unverzichtbares Zubeh\u00f6r f\u00fcr medizinisches Fachpersonal. Sie bietet eine sichere und stabile Plattform mit zus\u00e4tzlichen Konnektivit\u00e4tsoptionen f\u00fcr die nahtlose Integration mit medizinischen Ger\u00e4ten, Peripherieger\u00e4ten und verbesserter Produktivit\u00e4t.<\/p>\n","protected":false},"featured_media":2245836,"template":"","meta":{"_acf_changed":false},"product_brand":[],"product_cat":[2814],"product_tag":[],"product_label":[],"class_list":{"0":"post-2245245","1":"product","2":"type-product","3":"status-publish","4":"has-post-thumbnail","6":"product_cat-zubehor","8":"first","9":"instock","10":"taxable","11":"shipping-taxable","12":"purchasable","13":"product-type-simple"},"composite_virtual":false,"composite_layout":"","composite_add_to_cart_form_location":"","composite_editable_in_cart":false,"composite_sold_individually_context":"","composite_shop_price_calc":"","composite_components":[],"composite_scenarios":[],"acf":[],"yoast_head":"<!-- This site is optimized with the Yoast SEO Premium plugin v26.8 (Yoast SEO v27.2) - https:\/\/yoast.com\/product\/yoast-seo-premium-wordpress\/ -->\n<title>Desktop-Dock, TRT-Q7C80-08S\/10S - Teguar<\/title>\n<meta name=\"description\" content=\"Das Medical Tablet Dock erweitert die Funktionalit\u00e4t des TMT-Q7C80 und des TMT-A5580 und ist ein gro\u00dfartiges Hilfsmittel zur Maximierung der medizinischen Tablets.\" \/>\n<meta name=\"robots\" content=\"index, follow, max-snippet:-1, max-image-preview:large, max-video-preview:-1\" \/>\n<link rel=\"canonical\" href=\"https:\/\/teguar.com\/eu\/de\/product\/desktop-dock-trt-q7c80-08s-10s\/\" \/>\n<meta property=\"og:locale\" content=\"de_DE\" \/>\n<meta property=\"og:type\" content=\"article\" \/>\n<meta property=\"og:title\" content=\"Desktop-Dock, TRT-Q7C80-08S\/10S\" \/>\n<meta property=\"og:description\" content=\"Das Medical Tablet Dock erweitert die Funktionalit\u00e4t des TMT-Q7C80 und des TMT-A5580 und ist ein gro\u00dfartiges Hilfsmittel zur Maximierung der medizinischen Tablets.\" \/>\n<meta property=\"og:url\" content=\"https:\/\/teguar.com\/eu\/de\/product\/desktop-dock-trt-q7c80-08s-10s\/\" \/>\n<meta property=\"og:site_name\" content=\"Teguar\" \/>\n<meta property=\"og:image\" content=\"https:\/\/teguar.com\/eu\/wp-content\/uploads\/sites\/2\/2022\/11\/10_Medical_Tablet_TMT-Q7C80_Dock_Top_View__82041.1683822431.1280.1280-1.jpg\" \/>\n\t<meta property=\"og:image:width\" content=\"930\" \/>\n\t<meta property=\"og:image:height\" content=\"565\" \/>\n\t<meta property=\"og:image:type\" content=\"image\/jpeg\" \/>\n<meta name=\"twitter:card\" content=\"summary_large_image\" \/>\n<meta name=\"twitter:label1\" content=\"Gesch\u00e4tzte Lesezeit\" \/>\n\t<meta name=\"twitter:data1\" content=\"1\u00a0Minute\" \/>\n<script type=\"application\/ld+json\" class=\"yoast-schema-graph\">{\"@context\":\"https:\/\/schema.org\",\"@graph\":[{\"@type\":\"WebPage\",\"@id\":\"https:\/\/teguar.com\/eu\/de\/product\/desktop-dock-trt-q7c80-08s-10s\/\",\"url\":\"https:\/\/teguar.com\/eu\/de\/product\/desktop-dock-trt-q7c80-08s-10s\/\",\"name\":\"Desktop-Dock, TRT-Q7C80-08S\/10S - Teguar\",\"isPartOf\":{\"@id\":\"https:\/\/teguar.com\/eu\/en\/#website\"},\"primaryImageOfPage\":{\"@id\":\"https:\/\/teguar.com\/eu\/de\/product\/desktop-dock-trt-q7c80-08s-10s\/#primaryimage\"},\"image\":{\"@id\":\"https:\/\/teguar.com\/eu\/de\/product\/desktop-dock-trt-q7c80-08s-10s\/#primaryimage\"},\"thumbnailUrl\":\"https:\/\/teguar.com\/eu\/wp-content\/uploads\/sites\/2\/2022\/11\/10_Medical_Tablet_TMT-Q7C80_Dock_Top_View__82041.1683822431.1280.1280-1.jpg\",\"datePublished\":\"2025-06-24T14:11:53+00:00\",\"description\":\"Das Medical Tablet Dock erweitert die Funktionalit\u00e4t des TMT-Q7C80 und des TMT-A5580 und ist ein gro\u00dfartiges Hilfsmittel zur Maximierung der medizinischen Tablets.\",\"breadcrumb\":{\"@id\":\"https:\/\/teguar.com\/eu\/de\/product\/desktop-dock-trt-q7c80-08s-10s\/#breadcrumb\"},\"inLanguage\":\"de\",\"potentialAction\":[{\"@type\":\"ReadAction\",\"target\":[\"https:\/\/teguar.com\/eu\/de\/product\/desktop-dock-trt-q7c80-08s-10s\/\"]}]},{\"@type\":\"ImageObject\",\"inLanguage\":\"de\",\"@id\":\"https:\/\/teguar.com\/eu\/de\/product\/desktop-dock-trt-q7c80-08s-10s\/#primaryimage\",\"url\":\"https:\/\/teguar.com\/eu\/wp-content\/uploads\/sites\/2\/2022\/11\/10_Medical_Tablet_TMT-Q7C80_Dock_Top_View__82041.1683822431.1280.1280-1.jpg\",\"contentUrl\":\"https:\/\/teguar.com\/eu\/wp-content\/uploads\/sites\/2\/2022\/11\/10_Medical_Tablet_TMT-Q7C80_Dock_Top_View__82041.1683822431.1280.1280-1.jpg\",\"width\":930,\"height\":565,\"caption\":\"10 Medical Tablet TMT-Q7C80 Dock Top View\"},{\"@type\":\"BreadcrumbList\",\"@id\":\"https:\/\/teguar.com\/eu\/de\/product\/desktop-dock-trt-q7c80-08s-10s\/#breadcrumb\",\"itemListElement\":[{\"@type\":\"ListItem\",\"position\":1,\"name\":\"Home\",\"item\":\"https:\/\/teguar.com\/eu\/de\/\"},{\"@type\":\"ListItem\",\"position\":2,\"name\":\"Desktop-Dock, TRT-Q7C80-08S\/10S\"}]},{\"@type\":\"WebSite\",\"@id\":\"https:\/\/teguar.com\/eu\/en\/#website\",\"url\":\"https:\/\/teguar.com\/eu\/en\/\",\"name\":\"Teguar\",\"description\":\"Industrial PCs, Medical Computers, and Rugged Tablets\",\"potentialAction\":[{\"@type\":\"SearchAction\",\"target\":{\"@type\":\"EntryPoint\",\"urlTemplate\":\"https:\/\/teguar.com\/eu\/en\/?s={search_term_string}\"},\"query-input\":{\"@type\":\"PropertyValueSpecification\",\"valueRequired\":true,\"valueName\":\"search_term_string\"}}],\"inLanguage\":\"de\"}]}<\/script>\n<!-- \/ Yoast SEO Premium plugin. -->","yoast_head_json":{"title":"Desktop-Dock, TRT-Q7C80-08S\/10S - Teguar","description":"Das Medical Tablet Dock erweitert die Funktionalit\u00e4t des TMT-Q7C80 und des TMT-A5580 und ist ein gro\u00dfartiges Hilfsmittel zur Maximierung der medizinischen Tablets.","robots":{"index":"index","follow":"follow","max-snippet":"max-snippet:-1","max-image-preview":"max-image-preview:large","max-video-preview":"max-video-preview:-1"},"canonical":"https:\/\/teguar.com\/eu\/de\/product\/desktop-dock-trt-q7c80-08s-10s\/","og_locale":"de_DE","og_type":"article","og_title":"Desktop-Dock, TRT-Q7C80-08S\/10S","og_description":"Das Medical Tablet Dock erweitert die Funktionalit\u00e4t des TMT-Q7C80 und des TMT-A5580 und ist ein gro\u00dfartiges Hilfsmittel zur Maximierung der medizinischen Tablets.","og_url":"https:\/\/teguar.com\/eu\/de\/product\/desktop-dock-trt-q7c80-08s-10s\/","og_site_name":"Teguar","og_image":[{"width":930,"height":565,"url":"https:\/\/teguar.com\/eu\/wp-content\/uploads\/sites\/2\/2022\/11\/10_Medical_Tablet_TMT-Q7C80_Dock_Top_View__82041.1683822431.1280.1280-1.jpg","type":"image\/jpeg"}],"twitter_card":"summary_large_image","twitter_misc":{"Gesch\u00e4tzte Lesezeit":"1\u00a0Minute"},"schema":{"@context":"https:\/\/schema.org","@graph":[{"@type":"WebPage","@id":"https:\/\/teguar.com\/eu\/de\/product\/desktop-dock-trt-q7c80-08s-10s\/","url":"https:\/\/teguar.com\/eu\/de\/product\/desktop-dock-trt-q7c80-08s-10s\/","name":"Desktop-Dock, TRT-Q7C80-08S\/10S - Teguar","isPartOf":{"@id":"https:\/\/teguar.com\/eu\/en\/#website"},"primaryImageOfPage":{"@id":"https:\/\/teguar.com\/eu\/de\/product\/desktop-dock-trt-q7c80-08s-10s\/#primaryimage"},"image":{"@id":"https:\/\/teguar.com\/eu\/de\/product\/desktop-dock-trt-q7c80-08s-10s\/#primaryimage"},"thumbnailUrl":"https:\/\/teguar.com\/eu\/wp-content\/uploads\/sites\/2\/2022\/11\/10_Medical_Tablet_TMT-Q7C80_Dock_Top_View__82041.1683822431.1280.1280-1.jpg","datePublished":"2025-06-24T14:11:53+00:00","description":"Das Medical Tablet Dock erweitert die Funktionalit\u00e4t des TMT-Q7C80 und des TMT-A5580 und ist ein gro\u00dfartiges Hilfsmittel zur Maximierung der medizinischen Tablets.","breadcrumb":{"@id":"https:\/\/teguar.com\/eu\/de\/product\/desktop-dock-trt-q7c80-08s-10s\/#breadcrumb"},"inLanguage":"de","potentialAction":[{"@type":"ReadAction","target":["https:\/\/teguar.com\/eu\/de\/product\/desktop-dock-trt-q7c80-08s-10s\/"]}]},{"@type":"ImageObject","inLanguage":"de","@id":"https:\/\/teguar.com\/eu\/de\/product\/desktop-dock-trt-q7c80-08s-10s\/#primaryimage","url":"https:\/\/teguar.com\/eu\/wp-content\/uploads\/sites\/2\/2022\/11\/10_Medical_Tablet_TMT-Q7C80_Dock_Top_View__82041.1683822431.1280.1280-1.jpg","contentUrl":"https:\/\/teguar.com\/eu\/wp-content\/uploads\/sites\/2\/2022\/11\/10_Medical_Tablet_TMT-Q7C80_Dock_Top_View__82041.1683822431.1280.1280-1.jpg","width":930,"height":565,"caption":"10 Medical Tablet TMT-Q7C80 Dock Top View"},{"@type":"BreadcrumbList","@id":"https:\/\/teguar.com\/eu\/de\/product\/desktop-dock-trt-q7c80-08s-10s\/#breadcrumb","itemListElement":[{"@type":"ListItem","position":1,"name":"Home","item":"https:\/\/teguar.com\/eu\/de\/"},{"@type":"ListItem","position":2,"name":"Desktop-Dock, TRT-Q7C80-08S\/10S"}]},{"@type":"WebSite","@id":"https:\/\/teguar.com\/eu\/en\/#website","url":"https:\/\/teguar.com\/eu\/en\/","name":"Teguar","description":"Industrial PCs, Medical Computers, and Rugged Tablets","potentialAction":[{"@type":"SearchAction","target":{"@type":"EntryPoint","urlTemplate":"https:\/\/teguar.com\/eu\/en\/?s={search_term_string}"},"query-input":{"@type":"PropertyValueSpecification","valueRequired":true,"valueName":"search_term_string"}}],"inLanguage":"de"}]}},"_links":{"self":[{"href":"https:\/\/teguar.com\/eu\/de\/wp-json\/wp\/v2\/product\/2245245","targetHints":{"allow":["GET"]}}],"collection":[{"href":"https:\/\/teguar.com\/eu\/de\/wp-json\/wp\/v2\/product"}],"about":[{"href":"https:\/\/teguar.com\/eu\/de\/wp-json\/wp\/v2\/types\/product"}],"wp:featuredmedia":[{"embeddable":true,"href":"https:\/\/teguar.com\/eu\/de\/wp-json\/wp\/v2\/media\/2245836"}],"wp:attachment":[{"href":"https:\/\/teguar.com\/eu\/de\/wp-json\/wp\/v2\/media?parent=2245245"}],"wp:term":[{"taxonomy":"product_brand","embeddable":true,"href":"https:\/\/teguar.com\/eu\/de\/wp-json\/wp\/v2\/product_brand?post=2245245"},{"taxonomy":"product_cat","embeddable":true,"href":"https:\/\/teguar.com\/eu\/de\/wp-json\/wp\/v2\/product_cat?post=2245245"},{"taxonomy":"product_tag","embeddable":true,"href":"https:\/\/teguar.com\/eu\/de\/wp-json\/wp\/v2\/product_tag?post=2245245"},{"taxonomy":"product_label","embeddable":true,"href":"https:\/\/teguar.com\/eu\/de\/wp-json\/wp\/v2\/product_label?post=2245245"}],"curies":[{"name":"wp","href":"https:\/\/api.w.org\/{rel}","templated":true}]}}