{"id":2245244,"date":"2025-06-24T14:12:53","date_gmt":"2025-06-24T14:12:53","guid":{"rendered":"https:\/\/teguar.com\/eu\/product\/arbeitsplattenstaender-fuer-ta-xx40-serie\/"},"modified":"2025-06-24T14:12:53","modified_gmt":"2025-06-24T14:12:53","slug":"arbeitsplattenstaender-fuer-ta-xx40-serie","status":"publish","type":"product","link":"https:\/\/teguar.com\/eu\/de\/product\/arbeitsplattenstaender-fuer-ta-xx40-serie\/","title":{"rendered":"Arbeitsplattenst\u00e4nder f\u00fcr TA-XX40 Serie"},"content":{"rendered":"<p>Dies ist ein zweiteiliges Set f\u00fcr die Kiosk-Computer der TA-Serie von Teguar. Der Tischst\u00e4nder ist ideal f\u00fcr Arbeitsstationen oder Verkaufsstellen. <\/p>\n","protected":false},"excerpt":{"rendered":"<p>Dieser St\u00e4nder wurde f\u00fcr die TA-Serie von Teguar entwickelt und passt perfekt auf alle Ger\u00e4te der TA-Serie.<\/p>\n","protected":false},"featured_media":2245911,"template":"","meta":{"_acf_changed":false},"product_brand":[],"product_cat":[2814],"product_tag":[],"product_label":[],"class_list":{"0":"post-2245244","1":"product","2":"type-product","3":"status-publish","4":"has-post-thumbnail","6":"product_cat-zubehor","8":"first","9":"outofstock","10":"taxable","11":"shipping-taxable","12":"purchasable","13":"product-type-simple"},"composite_virtual":false,"composite_layout":"","composite_add_to_cart_form_location":"","composite_editable_in_cart":false,"composite_sold_individually_context":"","composite_shop_price_calc":"","composite_components":[],"composite_scenarios":[],"acf":[],"yoast_head":"<!-- This site is optimized with the Yoast SEO Premium plugin v26.8 (Yoast SEO v27.2) - https:\/\/yoast.com\/product\/yoast-seo-premium-wordpress\/ -->\n<title>Arbeitsplattenst\u00e4nder f\u00fcr TA-XX40 Serie - Teguar<\/title>\n<meta name=\"description\" content=\"Sehen Sie sich diesen Tischst\u00e4nder f\u00fcr die TA Kiosk Computer Serie von Teguar an, ideal f\u00fcr Workstations oder POS-Anwendungen. Wird in einem einfach zu montierenden 2-teiligen Kit geliefert.\" \/>\n<meta name=\"robots\" content=\"index, follow, max-snippet:-1, max-image-preview:large, max-video-preview:-1\" \/>\n<link rel=\"canonical\" href=\"https:\/\/teguar.com\/eu\/de\/product\/arbeitsplattenstaender-fuer-ta-xx40-serie\/\" \/>\n<meta property=\"og:locale\" content=\"de_DE\" \/>\n<meta property=\"og:type\" content=\"article\" \/>\n<meta property=\"og:title\" content=\"Arbeitsplattenst\u00e4nder f\u00fcr TA-XX40 Serie\" \/>\n<meta property=\"og:description\" content=\"Sehen Sie sich diesen Tischst\u00e4nder f\u00fcr die TA Kiosk Computer Serie von Teguar an, ideal f\u00fcr Workstations oder POS-Anwendungen. Wird in einem einfach zu montierenden 2-teiligen Kit geliefert.\" \/>\n<meta property=\"og:url\" content=\"https:\/\/teguar.com\/eu\/de\/product\/arbeitsplattenstaender-fuer-ta-xx40-serie\/\" \/>\n<meta property=\"og:site_name\" content=\"Teguar\" \/>\n<meta property=\"og:image\" content=\"https:\/\/teguar.com\/eu\/wp-content\/uploads\/sites\/2\/2021\/03\/2231-40_desktop_stand__21422.1616788514.1280.1280.jpg\" \/>\n\t<meta property=\"og:image:width\" content=\"1000\" \/>\n\t<meta property=\"og:image:height\" content=\"1000\" \/>\n\t<meta property=\"og:image:type\" content=\"image\/jpeg\" \/>\n<meta name=\"twitter:card\" content=\"summary_large_image\" \/>\n<script type=\"application\/ld+json\" class=\"yoast-schema-graph\">{\"@context\":\"https:\/\/schema.org\",\"@graph\":[{\"@type\":\"WebPage\",\"@id\":\"https:\/\/teguar.com\/eu\/de\/product\/arbeitsplattenstaender-fuer-ta-xx40-serie\/\",\"url\":\"https:\/\/teguar.com\/eu\/de\/product\/arbeitsplattenstaender-fuer-ta-xx40-serie\/\",\"name\":\"Arbeitsplattenst\u00e4nder f\u00fcr TA-XX40 Serie - Teguar\",\"isPartOf\":{\"@id\":\"https:\/\/teguar.com\/eu\/en\/#website\"},\"primaryImageOfPage\":{\"@id\":\"https:\/\/teguar.com\/eu\/de\/product\/arbeitsplattenstaender-fuer-ta-xx40-serie\/#primaryimage\"},\"image\":{\"@id\":\"https:\/\/teguar.com\/eu\/de\/product\/arbeitsplattenstaender-fuer-ta-xx40-serie\/#primaryimage\"},\"thumbnailUrl\":\"https:\/\/teguar.com\/eu\/wp-content\/uploads\/sites\/2\/2021\/03\/2231-40_desktop_stand__21422.1616788514.1280.1280.jpg\",\"datePublished\":\"2025-06-24T14:12:53+00:00\",\"description\":\"Sehen Sie sich diesen Tischst\u00e4nder f\u00fcr die TA Kiosk Computer Serie von Teguar an, ideal f\u00fcr Workstations oder POS-Anwendungen. Wird in einem einfach zu montierenden 2-teiligen Kit geliefert.\",\"breadcrumb\":{\"@id\":\"https:\/\/teguar.com\/eu\/de\/product\/arbeitsplattenstaender-fuer-ta-xx40-serie\/#breadcrumb\"},\"inLanguage\":\"de\",\"potentialAction\":[{\"@type\":\"ReadAction\",\"target\":[\"https:\/\/teguar.com\/eu\/de\/product\/arbeitsplattenstaender-fuer-ta-xx40-serie\/\"]}]},{\"@type\":\"ImageObject\",\"inLanguage\":\"de\",\"@id\":\"https:\/\/teguar.com\/eu\/de\/product\/arbeitsplattenstaender-fuer-ta-xx40-serie\/#primaryimage\",\"url\":\"https:\/\/teguar.com\/eu\/wp-content\/uploads\/sites\/2\/2021\/03\/2231-40_desktop_stand__21422.1616788514.1280.1280.jpg\",\"contentUrl\":\"https:\/\/teguar.com\/eu\/wp-content\/uploads\/sites\/2\/2021\/03\/2231-40_desktop_stand__21422.1616788514.1280.1280.jpg\",\"width\":1000,\"height\":1000,\"caption\":\"Desktop Stand for Teguar TA Series\"},{\"@type\":\"BreadcrumbList\",\"@id\":\"https:\/\/teguar.com\/eu\/de\/product\/arbeitsplattenstaender-fuer-ta-xx40-serie\/#breadcrumb\",\"itemListElement\":[{\"@type\":\"ListItem\",\"position\":1,\"name\":\"Home\",\"item\":\"https:\/\/teguar.com\/eu\/de\/\"},{\"@type\":\"ListItem\",\"position\":2,\"name\":\"Arbeitsplattenst\u00e4nder f\u00fcr TA-XX40 Serie\"}]},{\"@type\":\"WebSite\",\"@id\":\"https:\/\/teguar.com\/eu\/en\/#website\",\"url\":\"https:\/\/teguar.com\/eu\/en\/\",\"name\":\"Teguar\",\"description\":\"Industrial PCs, Medical Computers, and Rugged Tablets\",\"potentialAction\":[{\"@type\":\"SearchAction\",\"target\":{\"@type\":\"EntryPoint\",\"urlTemplate\":\"https:\/\/teguar.com\/eu\/en\/?s={search_term_string}\"},\"query-input\":{\"@type\":\"PropertyValueSpecification\",\"valueRequired\":true,\"valueName\":\"search_term_string\"}}],\"inLanguage\":\"de\"}]}<\/script>\n<!-- \/ Yoast SEO Premium plugin. -->","yoast_head_json":{"title":"Arbeitsplattenst\u00e4nder f\u00fcr TA-XX40 Serie - Teguar","description":"Sehen Sie sich diesen Tischst\u00e4nder f\u00fcr die TA Kiosk Computer Serie von Teguar an, ideal f\u00fcr Workstations oder POS-Anwendungen. Wird in einem einfach zu montierenden 2-teiligen Kit geliefert.","robots":{"index":"index","follow":"follow","max-snippet":"max-snippet:-1","max-image-preview":"max-image-preview:large","max-video-preview":"max-video-preview:-1"},"canonical":"https:\/\/teguar.com\/eu\/de\/product\/arbeitsplattenstaender-fuer-ta-xx40-serie\/","og_locale":"de_DE","og_type":"article","og_title":"Arbeitsplattenst\u00e4nder f\u00fcr TA-XX40 Serie","og_description":"Sehen Sie sich diesen Tischst\u00e4nder f\u00fcr die TA Kiosk Computer Serie von Teguar an, ideal f\u00fcr Workstations oder POS-Anwendungen. Wird in einem einfach zu montierenden 2-teiligen Kit geliefert.","og_url":"https:\/\/teguar.com\/eu\/de\/product\/arbeitsplattenstaender-fuer-ta-xx40-serie\/","og_site_name":"Teguar","og_image":[{"width":1000,"height":1000,"url":"https:\/\/teguar.com\/eu\/wp-content\/uploads\/sites\/2\/2021\/03\/2231-40_desktop_stand__21422.1616788514.1280.1280.jpg","type":"image\/jpeg"}],"twitter_card":"summary_large_image","schema":{"@context":"https:\/\/schema.org","@graph":[{"@type":"WebPage","@id":"https:\/\/teguar.com\/eu\/de\/product\/arbeitsplattenstaender-fuer-ta-xx40-serie\/","url":"https:\/\/teguar.com\/eu\/de\/product\/arbeitsplattenstaender-fuer-ta-xx40-serie\/","name":"Arbeitsplattenst\u00e4nder f\u00fcr TA-XX40 Serie - Teguar","isPartOf":{"@id":"https:\/\/teguar.com\/eu\/en\/#website"},"primaryImageOfPage":{"@id":"https:\/\/teguar.com\/eu\/de\/product\/arbeitsplattenstaender-fuer-ta-xx40-serie\/#primaryimage"},"image":{"@id":"https:\/\/teguar.com\/eu\/de\/product\/arbeitsplattenstaender-fuer-ta-xx40-serie\/#primaryimage"},"thumbnailUrl":"https:\/\/teguar.com\/eu\/wp-content\/uploads\/sites\/2\/2021\/03\/2231-40_desktop_stand__21422.1616788514.1280.1280.jpg","datePublished":"2025-06-24T14:12:53+00:00","description":"Sehen Sie sich diesen Tischst\u00e4nder f\u00fcr die TA Kiosk Computer Serie von Teguar an, ideal f\u00fcr Workstations oder POS-Anwendungen. Wird in einem einfach zu montierenden 2-teiligen Kit geliefert.","breadcrumb":{"@id":"https:\/\/teguar.com\/eu\/de\/product\/arbeitsplattenstaender-fuer-ta-xx40-serie\/#breadcrumb"},"inLanguage":"de","potentialAction":[{"@type":"ReadAction","target":["https:\/\/teguar.com\/eu\/de\/product\/arbeitsplattenstaender-fuer-ta-xx40-serie\/"]}]},{"@type":"ImageObject","inLanguage":"de","@id":"https:\/\/teguar.com\/eu\/de\/product\/arbeitsplattenstaender-fuer-ta-xx40-serie\/#primaryimage","url":"https:\/\/teguar.com\/eu\/wp-content\/uploads\/sites\/2\/2021\/03\/2231-40_desktop_stand__21422.1616788514.1280.1280.jpg","contentUrl":"https:\/\/teguar.com\/eu\/wp-content\/uploads\/sites\/2\/2021\/03\/2231-40_desktop_stand__21422.1616788514.1280.1280.jpg","width":1000,"height":1000,"caption":"Desktop Stand for Teguar TA Series"},{"@type":"BreadcrumbList","@id":"https:\/\/teguar.com\/eu\/de\/product\/arbeitsplattenstaender-fuer-ta-xx40-serie\/#breadcrumb","itemListElement":[{"@type":"ListItem","position":1,"name":"Home","item":"https:\/\/teguar.com\/eu\/de\/"},{"@type":"ListItem","position":2,"name":"Arbeitsplattenst\u00e4nder f\u00fcr TA-XX40 Serie"}]},{"@type":"WebSite","@id":"https:\/\/teguar.com\/eu\/en\/#website","url":"https:\/\/teguar.com\/eu\/en\/","name":"Teguar","description":"Industrial PCs, Medical Computers, and Rugged Tablets","potentialAction":[{"@type":"SearchAction","target":{"@type":"EntryPoint","urlTemplate":"https:\/\/teguar.com\/eu\/en\/?s={search_term_string}"},"query-input":{"@type":"PropertyValueSpecification","valueRequired":true,"valueName":"search_term_string"}}],"inLanguage":"de"}]}},"_links":{"self":[{"href":"https:\/\/teguar.com\/eu\/de\/wp-json\/wp\/v2\/product\/2245244","targetHints":{"allow":["GET"]}}],"collection":[{"href":"https:\/\/teguar.com\/eu\/de\/wp-json\/wp\/v2\/product"}],"about":[{"href":"https:\/\/teguar.com\/eu\/de\/wp-json\/wp\/v2\/types\/product"}],"wp:featuredmedia":[{"embeddable":true,"href":"https:\/\/teguar.com\/eu\/de\/wp-json\/wp\/v2\/media\/2245911"}],"wp:attachment":[{"href":"https:\/\/teguar.com\/eu\/de\/wp-json\/wp\/v2\/media?parent=2245244"}],"wp:term":[{"taxonomy":"product_brand","embeddable":true,"href":"https:\/\/teguar.com\/eu\/de\/wp-json\/wp\/v2\/product_brand?post=2245244"},{"taxonomy":"product_cat","embeddable":true,"href":"https:\/\/teguar.com\/eu\/de\/wp-json\/wp\/v2\/product_cat?post=2245244"},{"taxonomy":"product_tag","embeddable":true,"href":"https:\/\/teguar.com\/eu\/de\/wp-json\/wp\/v2\/product_tag?post=2245244"},{"taxonomy":"product_label","embeddable":true,"href":"https:\/\/teguar.com\/eu\/de\/wp-json\/wp\/v2\/product_label?post=2245244"}],"curies":[{"name":"wp","href":"https:\/\/api.w.org\/{rel}","templated":true}]}}