{"id":2245236,"date":"2025-06-24T14:15:26","date_gmt":"2025-06-24T14:15:26","guid":{"rendered":"https:\/\/teguar.com\/eu\/product\/tmt-4391-08\/"},"modified":"2025-11-20T16:46:52","modified_gmt":"2025-11-20T16:46:52","slug":"tmt-4391-08","status":"publish","type":"product","link":"https:\/\/teguar.com\/eu\/de\/product\/tmt-4391-08\/","title":{"rendered":"TMT-4391-08"},"content":{"rendered":"<p>Bei der Entwicklung des TMT-4391-08 stand die Sicherheit der Patienten im Vordergrund. Dieses medizinische Tablet verf\u00fcgt \u00fcber einen leicht zu reinigenden, nach IP65 zertifizierten Rahmen und ein l\u00fcfterloses K\u00fchlsystem, das die Verbreitung von Staub und Keimen verhindert. Der resistive Touchscreen reagiert selbst mit medizinischen Standardhandschuhen. Ein zweiter Erweiterungsanschluss erm\u00f6glicht eine Reihe von Zusatzmodulen, darunter ein Magnetstreifenleser, ein Chipkartenleser und ein Barcode-Scanner, die es dem medizinischen Personal erm\u00f6glichen, schnell und einfach patientenbezogene Informationen zu erhalten. Das TMT-4391-08 verf\u00fcgt standardm\u00e4\u00dfig \u00fcber Wi-Fi, Bluetooth, GPS und sogar einen HDMI-Ausgang. Dieses Tablet verf\u00fcgt \u00fcber zwei Docking-Optionen, die weitere Erweiterungsm\u00f6glichkeiten f\u00fcr E\/A und Ladeoptionen mit mehreren Einsch\u00fcben bieten. Dieses elegante und kompakte medizinische Tablet ist das erste Ger\u00e4t f\u00fcr mobiles Computing in medizinischen Einrichtungen.      <\/p>\n<p><strong><span class=\"ui-provider a b c d e f g h i j k l m n o p q r s t u v w x y z ab ac ae af ag ah ai aj ak\" dir=\"ltr\">Dieses Produkt gilt jetzt als &#8222;fr\u00fchere Generation&#8220;, d.h. es kann sein, dass es nicht mehr erh\u00e4ltlich ist. Rufen Sie unter +1 800 870 7715 an, um weitere Informationen zu diesem Produkt zu erhalten, oder sehen Sie sich unsere vollst\u00e4ndige Liste der derzeit verf\u00fcgbaren <a href=\"https:\/\/teguar.com\/eu\/medical-tablets\/\">medizinischen Tabletten an.<\/a> <\/span><\/strong><\/p>\n","protected":false},"excerpt":{"rendered":"<p><a href=\"https:\/\/teguar.com\/eu\/de\/computer-im-gesundheitswesen\/\">Einrichtungen des Gesundheitswesens:<\/a> Die Computerserie TMT-4391 eignet sich ideal f\u00fcr Einrichtungen des Gesundheitswesens wie Krankenh\u00e4user, Kliniken und medizinische Zentren und bietet zuverl\u00e4ssige und effiziente Computerl\u00f6sungen f\u00fcr eine breite Palette medizinischer Anwendungen.<\/p>\n<p><a href=\"https:\/\/teguar.com\/eu\/telemedicine-computer\/\">Telemedizin:<\/a> Mit seinen fortschrittlichen Funktionen und Konnektivit\u00e4tsoptionen unterst\u00fctzt dieser Computer telemedizinische Anwendungen und erm\u00f6glicht es medizinischen Fachkr\u00e4ften, Patienten \u00fcber Videokonsultationen und Fern\u00fcberwachung zu diagnostizieren, zu \u00fcberwachen und zu behandeln.<\/p>\n<p> Chirurgische<a href=\"https:\/\/teguar.com\/eu\/de\/computer-und-monitore-fuer-den-operationssaal\/\">Umgebungen:<\/a> Die Computer dieser Serie wurden f\u00fcr die Anforderungen in chirurgischen Umgebungen entwickelt und bieten leistungsstarke Computerfunktionen f\u00fcr die chirurgische Planung, bildgest\u00fctzte Verfahren und die Dokumentation w\u00e4hrend Operationen.<\/p>\n","protected":false},"featured_media":2246092,"template":"","meta":{"_acf_changed":false},"product_brand":[],"product_cat":[2836],"product_tag":[],"product_label":[],"class_list":{"0":"post-2245236","1":"product","2":"type-product","3":"status-publish","4":"has-post-thumbnail","6":"product_cat-medizinische-tablets","7":"pa_windows-windows-10-iot","9":"first","10":"outofstock","11":"taxable","12":"shipping-taxable","13":"purchasable","14":"product-type-simple"},"composite_virtual":false,"composite_layout":"","composite_add_to_cart_form_location":"","composite_editable_in_cart":false,"composite_sold_individually_context":"","composite_shop_price_calc":"","composite_components":[],"composite_scenarios":[],"acf":[],"yoast_head":"<!-- This site is optimized with the Yoast SEO Premium plugin v26.8 (Yoast SEO v27.2) - https:\/\/yoast.com\/product\/yoast-seo-premium-wordpress\/ -->\n<title>8&quot; Medizinischer Tablet PC | TMT-4391-08<\/title>\n<meta name=\"description\" content=\"Der TRT-4391-08 ist ein medizinischer 8-Zoll-Tablet-PC, der St\u00fcrzen, St\u00f6\u00dfen und Feuchtigkeit standh\u00e4lt und nach IP65 zertifiziert ist.\" \/>\n<meta name=\"robots\" content=\"index, follow, max-snippet:-1, max-image-preview:large, max-video-preview:-1\" \/>\n<link rel=\"canonical\" href=\"https:\/\/teguar.com\/eu\/en\/product\/tmt-4391-08\/\" \/>\n<meta property=\"og:locale\" content=\"de_DE\" \/>\n<meta property=\"og:type\" content=\"article\" \/>\n<meta property=\"og:title\" content=\"TMT-4391-08\" \/>\n<meta property=\"og:description\" content=\"Der TRT-4391-08 ist ein medizinischer 8-Zoll-Tablet-PC, der St\u00fcrzen, St\u00f6\u00dfen und Feuchtigkeit standh\u00e4lt und nach IP65 zertifiziert ist.\" \/>\n<meta property=\"og:url\" content=\"https:\/\/teguar.com\/eu\/en\/product\/tmt-4391-08\/\" \/>\n<meta property=\"og:site_name\" content=\"Teguar\" \/>\n<meta property=\"article:modified_time\" content=\"2025-11-20T16:46:52+00:00\" \/>\n<meta property=\"og:image\" content=\"https:\/\/teguar.com\/eu\/wp-content\/uploads\/sites\/2\/2020\/07\/tmt-4391-08front__18824.1595934890.1280.1280.jpg\" \/>\n\t<meta property=\"og:image:width\" content=\"1000\" \/>\n\t<meta property=\"og:image:height\" content=\"1000\" \/>\n\t<meta property=\"og:image:type\" content=\"image\/jpeg\" \/>\n<meta name=\"twitter:card\" content=\"summary_large_image\" \/>\n<meta name=\"twitter:label1\" content=\"Gesch\u00e4tzte Lesezeit\" \/>\n\t<meta name=\"twitter:data1\" content=\"1\u00a0Minute\" \/>\n<script type=\"application\/ld+json\" class=\"yoast-schema-graph\">{\"@context\":\"https:\/\/schema.org\",\"@graph\":[{\"@type\":\"WebPage\",\"@id\":\"https:\/\/teguar.com\/eu\/en\/product\/tmt-4391-08\/\",\"url\":\"https:\/\/teguar.com\/eu\/en\/product\/tmt-4391-08\/\",\"name\":\"8\\\" Medizinischer Tablet PC | TMT-4391-08\",\"isPartOf\":{\"@id\":\"https:\/\/teguar.com\/eu\/en\/#website\"},\"primaryImageOfPage\":{\"@id\":\"https:\/\/teguar.com\/eu\/en\/product\/tmt-4391-08\/#primaryimage\"},\"image\":{\"@id\":\"https:\/\/teguar.com\/eu\/en\/product\/tmt-4391-08\/#primaryimage\"},\"thumbnailUrl\":\"https:\/\/teguar.com\/eu\/wp-content\/uploads\/sites\/2\/2020\/07\/tmt-4391-08front__18824.1595934890.1280.1280.jpg\",\"datePublished\":\"2025-06-24T14:15:26+00:00\",\"dateModified\":\"2025-11-20T16:46:52+00:00\",\"description\":\"Der TRT-4391-08 ist ein medizinischer 8-Zoll-Tablet-PC, der St\u00fcrzen, St\u00f6\u00dfen und Feuchtigkeit standh\u00e4lt und nach IP65 zertifiziert ist.\",\"breadcrumb\":{\"@id\":\"https:\/\/teguar.com\/eu\/en\/product\/tmt-4391-08\/#breadcrumb\"},\"inLanguage\":\"de\",\"potentialAction\":[{\"@type\":\"ReadAction\",\"target\":[\"https:\/\/teguar.com\/eu\/en\/product\/tmt-4391-08\/\"]}]},{\"@type\":\"ImageObject\",\"inLanguage\":\"de\",\"@id\":\"https:\/\/teguar.com\/eu\/en\/product\/tmt-4391-08\/#primaryimage\",\"url\":\"https:\/\/teguar.com\/eu\/wp-content\/uploads\/sites\/2\/2020\/07\/tmt-4391-08front__18824.1595934890.1280.1280.jpg\",\"contentUrl\":\"https:\/\/teguar.com\/eu\/wp-content\/uploads\/sites\/2\/2020\/07\/tmt-4391-08front__18824.1595934890.1280.1280.jpg\",\"width\":1000,\"height\":1000,\"caption\":\"8\\\" Medical Tablet PC | TMT-4391-08\"},{\"@type\":\"BreadcrumbList\",\"@id\":\"https:\/\/teguar.com\/eu\/en\/product\/tmt-4391-08\/#breadcrumb\",\"itemListElement\":[{\"@type\":\"ListItem\",\"position\":1,\"name\":\"Home\",\"item\":\"https:\/\/teguar.com\/eu\/de\/\"},{\"@type\":\"ListItem\",\"position\":2,\"name\":\"TMT-4391-08\"}]},{\"@type\":\"WebSite\",\"@id\":\"https:\/\/teguar.com\/eu\/en\/#website\",\"url\":\"https:\/\/teguar.com\/eu\/en\/\",\"name\":\"Teguar\",\"description\":\"Industrial PCs, Medical Computers, and Rugged Tablets\",\"potentialAction\":[{\"@type\":\"SearchAction\",\"target\":{\"@type\":\"EntryPoint\",\"urlTemplate\":\"https:\/\/teguar.com\/eu\/en\/?s={search_term_string}\"},\"query-input\":{\"@type\":\"PropertyValueSpecification\",\"valueRequired\":true,\"valueName\":\"search_term_string\"}}],\"inLanguage\":\"de\"}]}<\/script>\n<!-- \/ Yoast SEO Premium plugin. -->","yoast_head_json":{"title":"8\" Medizinischer Tablet PC | TMT-4391-08","description":"Der TRT-4391-08 ist ein medizinischer 8-Zoll-Tablet-PC, der St\u00fcrzen, St\u00f6\u00dfen und Feuchtigkeit standh\u00e4lt und nach IP65 zertifiziert ist.","robots":{"index":"index","follow":"follow","max-snippet":"max-snippet:-1","max-image-preview":"max-image-preview:large","max-video-preview":"max-video-preview:-1"},"canonical":"https:\/\/teguar.com\/eu\/en\/product\/tmt-4391-08\/","og_locale":"de_DE","og_type":"article","og_title":"TMT-4391-08","og_description":"Der TRT-4391-08 ist ein medizinischer 8-Zoll-Tablet-PC, der St\u00fcrzen, St\u00f6\u00dfen und Feuchtigkeit standh\u00e4lt und nach IP65 zertifiziert ist.","og_url":"https:\/\/teguar.com\/eu\/en\/product\/tmt-4391-08\/","og_site_name":"Teguar","article_modified_time":"2025-11-20T16:46:52+00:00","og_image":[{"width":1000,"height":1000,"url":"https:\/\/teguar.com\/eu\/wp-content\/uploads\/sites\/2\/2020\/07\/tmt-4391-08front__18824.1595934890.1280.1280.jpg","type":"image\/jpeg"}],"twitter_card":"summary_large_image","twitter_misc":{"Gesch\u00e4tzte Lesezeit":"1\u00a0Minute"},"schema":{"@context":"https:\/\/schema.org","@graph":[{"@type":"WebPage","@id":"https:\/\/teguar.com\/eu\/en\/product\/tmt-4391-08\/","url":"https:\/\/teguar.com\/eu\/en\/product\/tmt-4391-08\/","name":"8\" Medizinischer Tablet PC | TMT-4391-08","isPartOf":{"@id":"https:\/\/teguar.com\/eu\/en\/#website"},"primaryImageOfPage":{"@id":"https:\/\/teguar.com\/eu\/en\/product\/tmt-4391-08\/#primaryimage"},"image":{"@id":"https:\/\/teguar.com\/eu\/en\/product\/tmt-4391-08\/#primaryimage"},"thumbnailUrl":"https:\/\/teguar.com\/eu\/wp-content\/uploads\/sites\/2\/2020\/07\/tmt-4391-08front__18824.1595934890.1280.1280.jpg","datePublished":"2025-06-24T14:15:26+00:00","dateModified":"2025-11-20T16:46:52+00:00","description":"Der TRT-4391-08 ist ein medizinischer 8-Zoll-Tablet-PC, der St\u00fcrzen, St\u00f6\u00dfen und Feuchtigkeit standh\u00e4lt und nach IP65 zertifiziert ist.","breadcrumb":{"@id":"https:\/\/teguar.com\/eu\/en\/product\/tmt-4391-08\/#breadcrumb"},"inLanguage":"de","potentialAction":[{"@type":"ReadAction","target":["https:\/\/teguar.com\/eu\/en\/product\/tmt-4391-08\/"]}]},{"@type":"ImageObject","inLanguage":"de","@id":"https:\/\/teguar.com\/eu\/en\/product\/tmt-4391-08\/#primaryimage","url":"https:\/\/teguar.com\/eu\/wp-content\/uploads\/sites\/2\/2020\/07\/tmt-4391-08front__18824.1595934890.1280.1280.jpg","contentUrl":"https:\/\/teguar.com\/eu\/wp-content\/uploads\/sites\/2\/2020\/07\/tmt-4391-08front__18824.1595934890.1280.1280.jpg","width":1000,"height":1000,"caption":"8\" Medical Tablet PC | TMT-4391-08"},{"@type":"BreadcrumbList","@id":"https:\/\/teguar.com\/eu\/en\/product\/tmt-4391-08\/#breadcrumb","itemListElement":[{"@type":"ListItem","position":1,"name":"Home","item":"https:\/\/teguar.com\/eu\/de\/"},{"@type":"ListItem","position":2,"name":"TMT-4391-08"}]},{"@type":"WebSite","@id":"https:\/\/teguar.com\/eu\/en\/#website","url":"https:\/\/teguar.com\/eu\/en\/","name":"Teguar","description":"Industrial PCs, Medical Computers, and Rugged Tablets","potentialAction":[{"@type":"SearchAction","target":{"@type":"EntryPoint","urlTemplate":"https:\/\/teguar.com\/eu\/en\/?s={search_term_string}"},"query-input":{"@type":"PropertyValueSpecification","valueRequired":true,"valueName":"search_term_string"}}],"inLanguage":"de"}]}},"_links":{"self":[{"href":"https:\/\/teguar.com\/eu\/de\/wp-json\/wp\/v2\/product\/2245236","targetHints":{"allow":["GET"]}}],"collection":[{"href":"https:\/\/teguar.com\/eu\/de\/wp-json\/wp\/v2\/product"}],"about":[{"href":"https:\/\/teguar.com\/eu\/de\/wp-json\/wp\/v2\/types\/product"}],"wp:featuredmedia":[{"embeddable":true,"href":"https:\/\/teguar.com\/eu\/de\/wp-json\/wp\/v2\/media\/2246092"}],"wp:attachment":[{"href":"https:\/\/teguar.com\/eu\/de\/wp-json\/wp\/v2\/media?parent=2245236"}],"wp:term":[{"taxonomy":"product_brand","embeddable":true,"href":"https:\/\/teguar.com\/eu\/de\/wp-json\/wp\/v2\/product_brand?post=2245236"},{"taxonomy":"product_cat","embeddable":true,"href":"https:\/\/teguar.com\/eu\/de\/wp-json\/wp\/v2\/product_cat?post=2245236"},{"taxonomy":"product_tag","embeddable":true,"href":"https:\/\/teguar.com\/eu\/de\/wp-json\/wp\/v2\/product_tag?post=2245236"},{"taxonomy":"product_label","embeddable":true,"href":"https:\/\/teguar.com\/eu\/de\/wp-json\/wp\/v2\/product_label?post=2245236"}],"curies":[{"name":"wp","href":"https:\/\/api.w.org\/{rel}","templated":true}]}}