{"id":2245231,"date":"2025-06-24T14:15:25","date_gmt":"2025-06-24T14:15:25","guid":{"rendered":"https:\/\/teguar.com\/eu\/product\/tp-4010-15\/"},"modified":"2025-11-20T16:47:44","modified_gmt":"2025-11-20T16:47:44","slug":"tp-4010-15","status":"publish","type":"product","link":"https:\/\/teguar.com\/eu\/de\/product\/tp-4010-15\/","title":{"rendered":"TP-4010-15"},"content":{"rendered":"<p>Der l\u00fcfterlose <a href=\"https:\/\/teguar.com\/eu\/de\/panel-pcs\/\">Industrie-Panel-PC<\/a> TP-4010-15 verf\u00fcgt \u00fcber einen 15-Zoll-Resistiv-Touchscreen mit einer staub- und wasserdichten Frontblende gem\u00e4\u00df IP66. Ausgestattet mit einer vielseitigen Bay Trail Celeron J1900 Quad-Core-CPU mit System-on-Chip (SoC)-Architektur, ist dieses Ger\u00e4t eine \u00e4u\u00dferst zuverl\u00e4ssige Erg\u00e4nzung f\u00fcr jede Anwendung! Dieses Ger\u00e4t kann an der Wand oder an der VESA montiert werden, was eine schnelle Installation in Ihrem Betrieb erm\u00f6glicht.<\/p>\n","protected":false},"excerpt":{"rendered":"<p><a href=\"https:\/\/teguar.com\/eu\/de\/computer-fuer-die-lagerverwaltung\/\">Bestandsverwaltung in Lagerhaltung und Logistik:<\/a> Diese Industrie-Panel-PCs eignen sich hervorragend f\u00fcr die Bestandsverwaltung im Lager und in der Logistik. Sie bieten Echtzeiteinblicke in die Lagerbest\u00e4nde, verfolgen Sendungen und optimieren die Abl\u00e4ufe in der Lieferkette.<\/p>\n<p>Prozessvisualisierung und -steuerung in der <a href=\"https:\/\/teguar.com\/eu\/de\/computer-fuer-die-industrielle-automatisierung\/\">Industrieautomation<\/a>: Die TP-4010 Serie kann als zuverl\u00e4ssige Plattform f\u00fcr die Prozessvisualisierung und -steuerung in industriellen Automatisierungssystemen dienen. Sie erm\u00f6glicht den Bedienern die \u00dcberwachung und Steuerung verschiedener Prozesse, wie z.B. Montagelinien, Verpackung und Qualit\u00e4tskontrolle.<\/p>\n<p><a href=\"https:\/\/teguar.com\/eu\/energy-industry-computer\/\">Anlagen\u00fcberwachung und -steuerung im Energiemanagement<\/a>: Diese Computer k\u00f6nnen f\u00fcr die Anlagen\u00fcberwachung und -steuerung im Energiemanagement eingesetzt werden. Sie erm\u00f6glichen es den Betreibern, den Energieverbrauch zu \u00fcberwachen, HLK-Systeme zu steuern und die Energieeffizienz in Geb\u00e4uden und Industrieanlagen zu optimieren.<\/p>\n","protected":false},"featured_media":2246082,"template":"","meta":{"_acf_changed":false},"product_brand":[],"product_cat":[2839],"product_tag":[],"product_label":[],"class_list":{"0":"post-2245231","1":"product","2":"type-product","3":"status-publish","4":"has-post-thumbnail","6":"product_cat-panel-pcs","7":"pa_windows-windows-10-iot","8":"pa_windows-windows-10-pro","9":"pa_windows-windows-7-pro","11":"first","12":"instock","13":"taxable","14":"shipping-taxable","15":"purchasable","16":"product-type-simple"},"composite_virtual":false,"composite_layout":"","composite_add_to_cart_form_location":"","composite_editable_in_cart":false,"composite_sold_individually_context":"","composite_shop_price_calc":"","composite_components":[],"composite_scenarios":[],"acf":[],"yoast_head":"<!-- This site is optimized with the Yoast SEO Premium plugin v26.8 (Yoast SEO v27.2) - https:\/\/yoast.com\/product\/yoast-seo-premium-wordpress\/ -->\n<title>15&quot; Industrie Touchscreen PC | TP-4010-15<\/title>\n<meta name=\"description\" content=\"Dieser Industrie-Panel-PC l\u00e4uft mit einer Bay Trail Quad-Core J1900 CPU und einer System-on-Chip (SoC) Architektur. Der TP-4010-15 hat einen 15-Zoll-Touchscreen.\" \/>\n<meta name=\"robots\" content=\"index, follow, max-snippet:-1, max-image-preview:large, max-video-preview:-1\" \/>\n<link rel=\"canonical\" href=\"https:\/\/teguar.com\/eu\/de\/product\/tp-4010-15\/\" \/>\n<meta property=\"og:locale\" content=\"de_DE\" \/>\n<meta property=\"og:type\" content=\"article\" \/>\n<meta property=\"og:title\" content=\"TP-4010-15\" \/>\n<meta property=\"og:description\" content=\"Dieser Industrie-Panel-PC l\u00e4uft mit einer Bay Trail Quad-Core J1900 CPU und einer System-on-Chip (SoC) Architektur. Der TP-4010-15 hat einen 15-Zoll-Touchscreen.\" \/>\n<meta property=\"og:url\" content=\"https:\/\/teguar.com\/eu\/de\/product\/tp-4010-15\/\" \/>\n<meta property=\"og:site_name\" content=\"Teguar\" \/>\n<meta property=\"article:modified_time\" content=\"2025-11-20T16:47:44+00:00\" \/>\n<meta property=\"og:image\" content=\"https:\/\/teguar.com\/eu\/wp-content\/uploads\/sites\/2\/2020\/07\/15-inch-panel-pc_3_1__73929.1595934917.1280.1280.jpg\" \/>\n\t<meta property=\"og:image:width\" content=\"1000\" \/>\n\t<meta property=\"og:image:height\" content=\"1000\" \/>\n\t<meta property=\"og:image:type\" content=\"image\/jpeg\" \/>\n<meta name=\"twitter:card\" content=\"summary_large_image\" \/>\n<meta name=\"twitter:label1\" content=\"Gesch\u00e4tzte Lesezeit\" \/>\n\t<meta name=\"twitter:data1\" content=\"1\u00a0Minute\" \/>\n<script type=\"application\/ld+json\" class=\"yoast-schema-graph\">{\"@context\":\"https:\/\/schema.org\",\"@graph\":[{\"@type\":\"WebPage\",\"@id\":\"https:\/\/teguar.com\/eu\/de\/product\/tp-4010-15\/\",\"url\":\"https:\/\/teguar.com\/eu\/de\/product\/tp-4010-15\/\",\"name\":\"15\\\" Industrie Touchscreen PC | TP-4010-15\",\"isPartOf\":{\"@id\":\"https:\/\/teguar.com\/eu\/en\/#website\"},\"primaryImageOfPage\":{\"@id\":\"https:\/\/teguar.com\/eu\/de\/product\/tp-4010-15\/#primaryimage\"},\"image\":{\"@id\":\"https:\/\/teguar.com\/eu\/de\/product\/tp-4010-15\/#primaryimage\"},\"thumbnailUrl\":\"https:\/\/teguar.com\/eu\/wp-content\/uploads\/sites\/2\/2020\/07\/15-inch-panel-pc_3_1__73929.1595934917.1280.1280.jpg\",\"datePublished\":\"2025-06-24T14:15:25+00:00\",\"dateModified\":\"2025-11-20T16:47:44+00:00\",\"description\":\"Dieser Industrie-Panel-PC l\u00e4uft mit einer Bay Trail Quad-Core J1900 CPU und einer System-on-Chip (SoC) Architektur. Der TP-4010-15 hat einen 15-Zoll-Touchscreen.\",\"breadcrumb\":{\"@id\":\"https:\/\/teguar.com\/eu\/de\/product\/tp-4010-15\/#breadcrumb\"},\"inLanguage\":\"de\",\"potentialAction\":[{\"@type\":\"ReadAction\",\"target\":[\"https:\/\/teguar.com\/eu\/de\/product\/tp-4010-15\/\"]}]},{\"@type\":\"ImageObject\",\"inLanguage\":\"de\",\"@id\":\"https:\/\/teguar.com\/eu\/de\/product\/tp-4010-15\/#primaryimage\",\"url\":\"https:\/\/teguar.com\/eu\/wp-content\/uploads\/sites\/2\/2020\/07\/15-inch-panel-pc_3_1__73929.1595934917.1280.1280.jpg\",\"contentUrl\":\"https:\/\/teguar.com\/eu\/wp-content\/uploads\/sites\/2\/2020\/07\/15-inch-panel-pc_3_1__73929.1595934917.1280.1280.jpg\",\"width\":1000,\"height\":1000,\"caption\":\"15\\\" Industrial Panel PC | TP-4010-15\"},{\"@type\":\"BreadcrumbList\",\"@id\":\"https:\/\/teguar.com\/eu\/de\/product\/tp-4010-15\/#breadcrumb\",\"itemListElement\":[{\"@type\":\"ListItem\",\"position\":1,\"name\":\"Home\",\"item\":\"https:\/\/teguar.com\/eu\/de\/\"},{\"@type\":\"ListItem\",\"position\":2,\"name\":\"TP-4010-15\"}]},{\"@type\":\"WebSite\",\"@id\":\"https:\/\/teguar.com\/eu\/en\/#website\",\"url\":\"https:\/\/teguar.com\/eu\/en\/\",\"name\":\"Teguar\",\"description\":\"Industrial PCs, Medical Computers, and Rugged Tablets\",\"potentialAction\":[{\"@type\":\"SearchAction\",\"target\":{\"@type\":\"EntryPoint\",\"urlTemplate\":\"https:\/\/teguar.com\/eu\/en\/?s={search_term_string}\"},\"query-input\":{\"@type\":\"PropertyValueSpecification\",\"valueRequired\":true,\"valueName\":\"search_term_string\"}}],\"inLanguage\":\"de\"}]}<\/script>\n<!-- \/ Yoast SEO Premium plugin. -->","yoast_head_json":{"title":"15\" Industrie Touchscreen PC | TP-4010-15","description":"Dieser Industrie-Panel-PC l\u00e4uft mit einer Bay Trail Quad-Core J1900 CPU und einer System-on-Chip (SoC) Architektur. Der TP-4010-15 hat einen 15-Zoll-Touchscreen.","robots":{"index":"index","follow":"follow","max-snippet":"max-snippet:-1","max-image-preview":"max-image-preview:large","max-video-preview":"max-video-preview:-1"},"canonical":"https:\/\/teguar.com\/eu\/de\/product\/tp-4010-15\/","og_locale":"de_DE","og_type":"article","og_title":"TP-4010-15","og_description":"Dieser Industrie-Panel-PC l\u00e4uft mit einer Bay Trail Quad-Core J1900 CPU und einer System-on-Chip (SoC) Architektur. Der TP-4010-15 hat einen 15-Zoll-Touchscreen.","og_url":"https:\/\/teguar.com\/eu\/de\/product\/tp-4010-15\/","og_site_name":"Teguar","article_modified_time":"2025-11-20T16:47:44+00:00","og_image":[{"width":1000,"height":1000,"url":"https:\/\/teguar.com\/eu\/wp-content\/uploads\/sites\/2\/2020\/07\/15-inch-panel-pc_3_1__73929.1595934917.1280.1280.jpg","type":"image\/jpeg"}],"twitter_card":"summary_large_image","twitter_misc":{"Gesch\u00e4tzte Lesezeit":"1\u00a0Minute"},"schema":{"@context":"https:\/\/schema.org","@graph":[{"@type":"WebPage","@id":"https:\/\/teguar.com\/eu\/de\/product\/tp-4010-15\/","url":"https:\/\/teguar.com\/eu\/de\/product\/tp-4010-15\/","name":"15\" Industrie Touchscreen PC | TP-4010-15","isPartOf":{"@id":"https:\/\/teguar.com\/eu\/en\/#website"},"primaryImageOfPage":{"@id":"https:\/\/teguar.com\/eu\/de\/product\/tp-4010-15\/#primaryimage"},"image":{"@id":"https:\/\/teguar.com\/eu\/de\/product\/tp-4010-15\/#primaryimage"},"thumbnailUrl":"https:\/\/teguar.com\/eu\/wp-content\/uploads\/sites\/2\/2020\/07\/15-inch-panel-pc_3_1__73929.1595934917.1280.1280.jpg","datePublished":"2025-06-24T14:15:25+00:00","dateModified":"2025-11-20T16:47:44+00:00","description":"Dieser Industrie-Panel-PC l\u00e4uft mit einer Bay Trail Quad-Core J1900 CPU und einer System-on-Chip (SoC) Architektur. Der TP-4010-15 hat einen 15-Zoll-Touchscreen.","breadcrumb":{"@id":"https:\/\/teguar.com\/eu\/de\/product\/tp-4010-15\/#breadcrumb"},"inLanguage":"de","potentialAction":[{"@type":"ReadAction","target":["https:\/\/teguar.com\/eu\/de\/product\/tp-4010-15\/"]}]},{"@type":"ImageObject","inLanguage":"de","@id":"https:\/\/teguar.com\/eu\/de\/product\/tp-4010-15\/#primaryimage","url":"https:\/\/teguar.com\/eu\/wp-content\/uploads\/sites\/2\/2020\/07\/15-inch-panel-pc_3_1__73929.1595934917.1280.1280.jpg","contentUrl":"https:\/\/teguar.com\/eu\/wp-content\/uploads\/sites\/2\/2020\/07\/15-inch-panel-pc_3_1__73929.1595934917.1280.1280.jpg","width":1000,"height":1000,"caption":"15\" Industrial Panel PC | TP-4010-15"},{"@type":"BreadcrumbList","@id":"https:\/\/teguar.com\/eu\/de\/product\/tp-4010-15\/#breadcrumb","itemListElement":[{"@type":"ListItem","position":1,"name":"Home","item":"https:\/\/teguar.com\/eu\/de\/"},{"@type":"ListItem","position":2,"name":"TP-4010-15"}]},{"@type":"WebSite","@id":"https:\/\/teguar.com\/eu\/en\/#website","url":"https:\/\/teguar.com\/eu\/en\/","name":"Teguar","description":"Industrial PCs, Medical Computers, and Rugged Tablets","potentialAction":[{"@type":"SearchAction","target":{"@type":"EntryPoint","urlTemplate":"https:\/\/teguar.com\/eu\/en\/?s={search_term_string}"},"query-input":{"@type":"PropertyValueSpecification","valueRequired":true,"valueName":"search_term_string"}}],"inLanguage":"de"}]}},"_links":{"self":[{"href":"https:\/\/teguar.com\/eu\/de\/wp-json\/wp\/v2\/product\/2245231","targetHints":{"allow":["GET"]}}],"collection":[{"href":"https:\/\/teguar.com\/eu\/de\/wp-json\/wp\/v2\/product"}],"about":[{"href":"https:\/\/teguar.com\/eu\/de\/wp-json\/wp\/v2\/types\/product"}],"wp:featuredmedia":[{"embeddable":true,"href":"https:\/\/teguar.com\/eu\/de\/wp-json\/wp\/v2\/media\/2246082"}],"wp:attachment":[{"href":"https:\/\/teguar.com\/eu\/de\/wp-json\/wp\/v2\/media?parent=2245231"}],"wp:term":[{"taxonomy":"product_brand","embeddable":true,"href":"https:\/\/teguar.com\/eu\/de\/wp-json\/wp\/v2\/product_brand?post=2245231"},{"taxonomy":"product_cat","embeddable":true,"href":"https:\/\/teguar.com\/eu\/de\/wp-json\/wp\/v2\/product_cat?post=2245231"},{"taxonomy":"product_tag","embeddable":true,"href":"https:\/\/teguar.com\/eu\/de\/wp-json\/wp\/v2\/product_tag?post=2245231"},{"taxonomy":"product_label","embeddable":true,"href":"https:\/\/teguar.com\/eu\/de\/wp-json\/wp\/v2\/product_label?post=2245231"}],"curies":[{"name":"wp","href":"https:\/\/api.w.org\/{rel}","templated":true}]}}