{"id":2245225,"date":"2025-06-24T14:15:25","date_gmt":"2025-06-24T14:15:25","guid":{"rendered":"https:\/\/teguar.com\/eu\/product\/tp-3485-12\/"},"modified":"2025-11-20T16:47:23","modified_gmt":"2025-11-20T16:47:23","slug":"tp-3485-12","status":"publish","type":"product","link":"https:\/\/teguar.com\/eu\/de\/product\/tp-3485-12\/","title":{"rendered":"TP-3485-12"},"content":{"rendered":"<p>Der TP-3485-12 ist ein schlanker Panel-PC, der f\u00fcr den Einsatz in rauen Umgebungen wie Fabrikhallen, Produktionsbereichen und staubigen Fertigungsumgebungen konzipiert wurde. Dieser PC verf\u00fcgt \u00fcber eine IP65-zertifizierte Frontplatte und das l\u00fcfterlose Design sch\u00fctzt die internen Teile des Systems vor Staub. Der TP-3485-12 verf\u00fcgt \u00fcber eine F\u00fclle von E\/As, darunter 4x USB 3.0, 2x USB 2.0 und 2x LAN-Anschl\u00fcsse. Der hochaufl\u00f6sende 12,1-Zoll-Touchscreen ist ideal f\u00fcr die Anbindung an ein ERP-System, die Anzeige von Sensorinformationen und die Fabrikautomation. Dieser Panel PC verf\u00fcgt \u00fcber eine optionale interne Backup-Batterie mit einer Laufzeit von bis zu 1,5 Stunden, so dass Sie im Falle eines unerwarteten Stromausfalls gen\u00fcgend Zeit haben, wichtige Daten zu sichern. Der optionale Akku erm\u00f6glicht es Ihnen au\u00dferdem, den Computer an eine andere Stromversorgung anzuschlie\u00dfen, ohne dass Sie den PC herunterfahren m\u00fcssen. Der TP-3485-12 kann \u00fcber die VESA-Befestigungsl\u00f6cher an Ihrer OEM-Maschine montiert oder praktisch \u00fcberall in Ihrer Produktion aufgestellt werden, um eine zuverl\u00e4ssige, langlebige Computerl\u00f6sung zu bieten.<\/p>\n","protected":false},"excerpt":{"rendered":"<p><a href=\"https:\/\/teguar.com\/eu\/de\/fertigungs-computer\/\">Steuerung von Fertigungsprozessen:<\/a> Die TP-3485 Serie ist ideal f\u00fcr die Steuerung und \u00dcberwachung von Fertigungsprozessen in Branchen wie der Automobil-, Elektronik- und Pharmaindustrie. Sie erm\u00f6glicht es den Bedienern, den Produktionsfortschritt zu verfolgen, die Qualit\u00e4tskontrolle zu steuern und in Echtzeit Anpassungen vorzunehmen, um die Effizienz zu optimieren.<br \/>\n<br \/><a href=\"https:\/\/teguar.com\/eu\/de\/computer-fuer-die-lagerverwaltung\/\">Lagerverwaltung:<\/a> Diese Industrie-PCs k\u00f6nnen in Lagerumgebungen zur Bestandsverwaltung, Auftragsverfolgung und Logistikoptimierung eingesetzt werden. Die Touchscreen-Oberfl\u00e4che erm\u00f6glicht eine einfache Navigation durch Inventardatenbanken und das Scannen von Barcodes f\u00fcr eine effiziente Verfolgung und Verwaltung.<br \/>\n<br \/>Datenvisualisierung: Mit ihren hochaufl\u00f6senden LCD-Touchscreens eignet sich die TP-3485-Serie f\u00fcr Anwendungen zur Datenvisualisierung. Sie k\u00f6nnen wichtige Leistungsindikatoren (KPIs), Diagramme, Grafiken und Dashboards anzeigen, so dass die Benutzer Daten f\u00fcr die Entscheidungsfindung analysieren und interpretieren k\u00f6nnen. <\/p>\n","protected":false},"featured_media":2246073,"template":"","meta":{"_acf_changed":false},"product_brand":[],"product_cat":[2828],"product_tag":[],"product_label":[],"class_list":{"0":"post-2245225","1":"product","2":"type-product","3":"status-publish","4":"has-post-thumbnail","6":"product_cat-industrieller-all-in-one-pc","7":"pa_windows-windows-10-iot","8":"pa_windows-windows-10-pro","10":"first","11":"outofstock","12":"taxable","13":"shipping-taxable","14":"purchasable","15":"product-type-simple"},"composite_virtual":false,"composite_layout":"","composite_add_to_cart_form_location":"","composite_editable_in_cart":false,"composite_sold_individually_context":"","composite_shop_price_calc":"","composite_components":[],"composite_scenarios":[],"acf":[],"yoast_head":"<!-- This site is optimized with the Yoast SEO Premium plugin v26.8 (Yoast SEO v27.2) - https:\/\/yoast.com\/product\/yoast-seo-premium-wordpress\/ -->\n<title>12.1&quot; All-in-One Industrie-PC | TP-3485-12<\/title>\n<meta name=\"description\" content=\"Der TP-3485-12 wurde f\u00fcr raue Umgebungen entwickelt. Er hat eine IP65 Vorderseite und ein l\u00fcfterloses Design. Montieren Sie diesen PC an Ihrem OEM-Ger\u00e4t oder praktisch \u00fcberall.\" \/>\n<meta name=\"robots\" content=\"index, follow, max-snippet:-1, max-image-preview:large, max-video-preview:-1\" \/>\n<link rel=\"canonical\" href=\"https:\/\/teguar.com\/eu\/en\/product\/tp-3485-12\/\" \/>\n<meta property=\"og:locale\" content=\"de_DE\" \/>\n<meta property=\"og:type\" content=\"article\" \/>\n<meta property=\"og:title\" content=\"TP-3485-12\" \/>\n<meta property=\"og:description\" content=\"Der TP-3485-12 wurde f\u00fcr raue Umgebungen entwickelt. Er hat eine IP65 Vorderseite und ein l\u00fcfterloses Design. Montieren Sie diesen PC an Ihrem OEM-Ger\u00e4t oder praktisch \u00fcberall.\" \/>\n<meta property=\"og:url\" content=\"https:\/\/teguar.com\/eu\/en\/product\/tp-3485-12\/\" \/>\n<meta property=\"og:site_name\" content=\"Teguar\" \/>\n<meta property=\"article:modified_time\" content=\"2025-11-20T16:47:23+00:00\" \/>\n<meta property=\"og:image\" content=\"https:\/\/teguar.com\/eu\/wp-content\/uploads\/sites\/2\/2020\/07\/12-inch-panel-pc-front-tp-3485-12__54023.1595934910.1280.1280.jpg\" \/>\n\t<meta property=\"og:image:width\" content=\"1000\" \/>\n\t<meta property=\"og:image:height\" content=\"1000\" \/>\n\t<meta property=\"og:image:type\" content=\"image\/jpeg\" \/>\n<meta name=\"twitter:card\" content=\"summary_large_image\" \/>\n<meta name=\"twitter:label1\" content=\"Gesch\u00e4tzte Lesezeit\" \/>\n\t<meta name=\"twitter:data1\" content=\"1\u00a0Minute\" \/>\n<script type=\"application\/ld+json\" class=\"yoast-schema-graph\">{\"@context\":\"https:\/\/schema.org\",\"@graph\":[{\"@type\":\"WebPage\",\"@id\":\"https:\/\/teguar.com\/eu\/en\/product\/tp-3485-12\/\",\"url\":\"https:\/\/teguar.com\/eu\/en\/product\/tp-3485-12\/\",\"name\":\"12.1\\\" All-in-One Industrie-PC | TP-3485-12\",\"isPartOf\":{\"@id\":\"https:\/\/teguar.com\/eu\/en\/#website\"},\"primaryImageOfPage\":{\"@id\":\"https:\/\/teguar.com\/eu\/en\/product\/tp-3485-12\/#primaryimage\"},\"image\":{\"@id\":\"https:\/\/teguar.com\/eu\/en\/product\/tp-3485-12\/#primaryimage\"},\"thumbnailUrl\":\"https:\/\/teguar.com\/eu\/wp-content\/uploads\/sites\/2\/2020\/07\/12-inch-panel-pc-front-tp-3485-12__54023.1595934910.1280.1280.jpg\",\"datePublished\":\"2025-06-24T14:15:25+00:00\",\"dateModified\":\"2025-11-20T16:47:23+00:00\",\"description\":\"Der TP-3485-12 wurde f\u00fcr raue Umgebungen entwickelt. Er hat eine IP65 Vorderseite und ein l\u00fcfterloses Design. Montieren Sie diesen PC an Ihrem OEM-Ger\u00e4t oder praktisch \u00fcberall.\",\"breadcrumb\":{\"@id\":\"https:\/\/teguar.com\/eu\/en\/product\/tp-3485-12\/#breadcrumb\"},\"inLanguage\":\"de\",\"potentialAction\":[{\"@type\":\"ReadAction\",\"target\":[\"https:\/\/teguar.com\/eu\/en\/product\/tp-3485-12\/\"]}]},{\"@type\":\"ImageObject\",\"inLanguage\":\"de\",\"@id\":\"https:\/\/teguar.com\/eu\/en\/product\/tp-3485-12\/#primaryimage\",\"url\":\"https:\/\/teguar.com\/eu\/wp-content\/uploads\/sites\/2\/2020\/07\/12-inch-panel-pc-front-tp-3485-12__54023.1595934910.1280.1280.jpg\",\"contentUrl\":\"https:\/\/teguar.com\/eu\/wp-content\/uploads\/sites\/2\/2020\/07\/12-inch-panel-pc-front-tp-3485-12__54023.1595934910.1280.1280.jpg\",\"width\":1000,\"height\":1000,\"caption\":\"12\\\" AIO Panel PC | TP-3485-12\"},{\"@type\":\"BreadcrumbList\",\"@id\":\"https:\/\/teguar.com\/eu\/en\/product\/tp-3485-12\/#breadcrumb\",\"itemListElement\":[{\"@type\":\"ListItem\",\"position\":1,\"name\":\"Home\",\"item\":\"https:\/\/teguar.com\/eu\/de\/\"},{\"@type\":\"ListItem\",\"position\":2,\"name\":\"TP-3485-12\"}]},{\"@type\":\"WebSite\",\"@id\":\"https:\/\/teguar.com\/eu\/en\/#website\",\"url\":\"https:\/\/teguar.com\/eu\/en\/\",\"name\":\"Teguar\",\"description\":\"Industrial PCs, Medical Computers, and Rugged Tablets\",\"potentialAction\":[{\"@type\":\"SearchAction\",\"target\":{\"@type\":\"EntryPoint\",\"urlTemplate\":\"https:\/\/teguar.com\/eu\/en\/?s={search_term_string}\"},\"query-input\":{\"@type\":\"PropertyValueSpecification\",\"valueRequired\":true,\"valueName\":\"search_term_string\"}}],\"inLanguage\":\"de\"}]}<\/script>\n<!-- \/ Yoast SEO Premium plugin. -->","yoast_head_json":{"title":"12.1\" All-in-One Industrie-PC | TP-3485-12","description":"Der TP-3485-12 wurde f\u00fcr raue Umgebungen entwickelt. Er hat eine IP65 Vorderseite und ein l\u00fcfterloses Design. Montieren Sie diesen PC an Ihrem OEM-Ger\u00e4t oder praktisch \u00fcberall.","robots":{"index":"index","follow":"follow","max-snippet":"max-snippet:-1","max-image-preview":"max-image-preview:large","max-video-preview":"max-video-preview:-1"},"canonical":"https:\/\/teguar.com\/eu\/en\/product\/tp-3485-12\/","og_locale":"de_DE","og_type":"article","og_title":"TP-3485-12","og_description":"Der TP-3485-12 wurde f\u00fcr raue Umgebungen entwickelt. Er hat eine IP65 Vorderseite und ein l\u00fcfterloses Design. Montieren Sie diesen PC an Ihrem OEM-Ger\u00e4t oder praktisch \u00fcberall.","og_url":"https:\/\/teguar.com\/eu\/en\/product\/tp-3485-12\/","og_site_name":"Teguar","article_modified_time":"2025-11-20T16:47:23+00:00","og_image":[{"width":1000,"height":1000,"url":"https:\/\/teguar.com\/eu\/wp-content\/uploads\/sites\/2\/2020\/07\/12-inch-panel-pc-front-tp-3485-12__54023.1595934910.1280.1280.jpg","type":"image\/jpeg"}],"twitter_card":"summary_large_image","twitter_misc":{"Gesch\u00e4tzte Lesezeit":"1\u00a0Minute"},"schema":{"@context":"https:\/\/schema.org","@graph":[{"@type":"WebPage","@id":"https:\/\/teguar.com\/eu\/en\/product\/tp-3485-12\/","url":"https:\/\/teguar.com\/eu\/en\/product\/tp-3485-12\/","name":"12.1\" All-in-One Industrie-PC | TP-3485-12","isPartOf":{"@id":"https:\/\/teguar.com\/eu\/en\/#website"},"primaryImageOfPage":{"@id":"https:\/\/teguar.com\/eu\/en\/product\/tp-3485-12\/#primaryimage"},"image":{"@id":"https:\/\/teguar.com\/eu\/en\/product\/tp-3485-12\/#primaryimage"},"thumbnailUrl":"https:\/\/teguar.com\/eu\/wp-content\/uploads\/sites\/2\/2020\/07\/12-inch-panel-pc-front-tp-3485-12__54023.1595934910.1280.1280.jpg","datePublished":"2025-06-24T14:15:25+00:00","dateModified":"2025-11-20T16:47:23+00:00","description":"Der TP-3485-12 wurde f\u00fcr raue Umgebungen entwickelt. Er hat eine IP65 Vorderseite und ein l\u00fcfterloses Design. Montieren Sie diesen PC an Ihrem OEM-Ger\u00e4t oder praktisch \u00fcberall.","breadcrumb":{"@id":"https:\/\/teguar.com\/eu\/en\/product\/tp-3485-12\/#breadcrumb"},"inLanguage":"de","potentialAction":[{"@type":"ReadAction","target":["https:\/\/teguar.com\/eu\/en\/product\/tp-3485-12\/"]}]},{"@type":"ImageObject","inLanguage":"de","@id":"https:\/\/teguar.com\/eu\/en\/product\/tp-3485-12\/#primaryimage","url":"https:\/\/teguar.com\/eu\/wp-content\/uploads\/sites\/2\/2020\/07\/12-inch-panel-pc-front-tp-3485-12__54023.1595934910.1280.1280.jpg","contentUrl":"https:\/\/teguar.com\/eu\/wp-content\/uploads\/sites\/2\/2020\/07\/12-inch-panel-pc-front-tp-3485-12__54023.1595934910.1280.1280.jpg","width":1000,"height":1000,"caption":"12\" AIO Panel PC | TP-3485-12"},{"@type":"BreadcrumbList","@id":"https:\/\/teguar.com\/eu\/en\/product\/tp-3485-12\/#breadcrumb","itemListElement":[{"@type":"ListItem","position":1,"name":"Home","item":"https:\/\/teguar.com\/eu\/de\/"},{"@type":"ListItem","position":2,"name":"TP-3485-12"}]},{"@type":"WebSite","@id":"https:\/\/teguar.com\/eu\/en\/#website","url":"https:\/\/teguar.com\/eu\/en\/","name":"Teguar","description":"Industrial PCs, Medical Computers, and Rugged Tablets","potentialAction":[{"@type":"SearchAction","target":{"@type":"EntryPoint","urlTemplate":"https:\/\/teguar.com\/eu\/en\/?s={search_term_string}"},"query-input":{"@type":"PropertyValueSpecification","valueRequired":true,"valueName":"search_term_string"}}],"inLanguage":"de"}]}},"_links":{"self":[{"href":"https:\/\/teguar.com\/eu\/de\/wp-json\/wp\/v2\/product\/2245225","targetHints":{"allow":["GET"]}}],"collection":[{"href":"https:\/\/teguar.com\/eu\/de\/wp-json\/wp\/v2\/product"}],"about":[{"href":"https:\/\/teguar.com\/eu\/de\/wp-json\/wp\/v2\/types\/product"}],"wp:featuredmedia":[{"embeddable":true,"href":"https:\/\/teguar.com\/eu\/de\/wp-json\/wp\/v2\/media\/2246073"}],"wp:attachment":[{"href":"https:\/\/teguar.com\/eu\/de\/wp-json\/wp\/v2\/media?parent=2245225"}],"wp:term":[{"taxonomy":"product_brand","embeddable":true,"href":"https:\/\/teguar.com\/eu\/de\/wp-json\/wp\/v2\/product_brand?post=2245225"},{"taxonomy":"product_cat","embeddable":true,"href":"https:\/\/teguar.com\/eu\/de\/wp-json\/wp\/v2\/product_cat?post=2245225"},{"taxonomy":"product_tag","embeddable":true,"href":"https:\/\/teguar.com\/eu\/de\/wp-json\/wp\/v2\/product_tag?post=2245225"},{"taxonomy":"product_label","embeddable":true,"href":"https:\/\/teguar.com\/eu\/de\/wp-json\/wp\/v2\/product_label?post=2245225"}],"curies":[{"name":"wp","href":"https:\/\/api.w.org\/{rel}","templated":true}]}}