{"id":2245215,"date":"2025-06-24T14:15:23","date_gmt":"2025-06-24T14:15:23","guid":{"rendered":"https:\/\/teguar.com\/eu\/product\/tp-5010-17\/"},"modified":"2026-05-06T13:00:32","modified_gmt":"2026-05-06T13:00:32","slug":"tp-5010-17","status":"publish","type":"product","link":"https:\/\/teguar.com\/eu\/de\/product\/tp-5010-17\/","title":{"rendered":"TP-5010-17"},"content":{"rendered":"<p><span>Der TP-5010-17 l\u00e4uft mit einer Intel Skylake Core i3\/i5\/i7 CPU und hat ein robustes, l\u00fcfterloses Design. Dieser <a href=\"https:\/\/teguar.com\/eu\/de\/panel-pcs\/\">Panel PC<\/a> kann in ein ausgeschnittenes Geh\u00e4use an Ihrer Produktionslinie, Maschine oder Wand montiert werden, oder er kann \u00fcber VESA befestigt werden. Die IP66-zertifizierte Frontblende ist f\u00fcr eine einfache Reinigung v\u00f6llig flach. Der PCap- oder resistive Touchscreen hat ein Bildschirmverh\u00e4ltnis von 5:4, das f\u00fcr einige HMI- und SCADA-Anwendungen erforderlich ist.   <\/span><\/p>\n<p><strong><span class=\"NormalTextRun SCXW114578164 BCX0\">Dieses <\/span><span class=\"NormalTextRun SCXW114578164 BCX0\">Produkt<\/span><span class=\"NormalTextRun SCXW114578164 BCX0\"> gilt jetzt als &#8222;Vorherige Generation&#8220;. <\/span><span class=\"NormalTextRun SCXW114578164 BCX0\">Das bedeutet, dass es<\/span><span class=\"NormalTextRun SCXW114578164 BCX0\">dass es noch erh\u00e4ltlich ist oder nicht<\/span><span class=\"NormalTextRun SCXW114578164 BCX0\"> zum Kauf<\/span><span class=\"NormalTextRun SCXW114578164 BCX0\">. +1 800 870 7715 anrufen  <\/span><span class=\"NormalTextRun SCXW114578164 BCX0\">f\u00fcr Details<\/span><span class=\"NormalTextRun SCXW114578164 BCX0\"> zu diesem Produkt<\/span><span class=\"NormalTextRun SCXW114578164 BCX0\"> oder sehen Sie sich unsere vollst\u00e4ndige Liste der derzeit <a href=\"https:\/\/teguar.com\/eu\/panel-pc\/\">verf\u00fcgbaren Panel PC<\/a> an<\/span><a href=\"https:\/\/teguar.com\/eu\/de\/panel-pcs\/\"><span class=\"NormalTextRun ContextualSpellingAndGrammarErrorV2Themed SCXW114578164 BCX0\">s<\/span><\/a><span class=\"NormalTextRun SCXW114578164 BCX0\">.<\/span><\/strong><\/p>\n","protected":false},"excerpt":{"rendered":"<p><a href=\"https:\/\/teguar.com\/eu\/de\/fertigungs-computer\/\">Fertigung: <\/a>Die TP-5010 Serie eignet sich hervorragend f\u00fcr Fertigungsumgebungen, wo sie f\u00fcr Manufacturing Execution Systems (MES), Supervisory Control and Data Acquisition (SCADA) und Human-Machine Interface (HMI) Anwendungen eingesetzt werden kann. Sie erm\u00f6glicht die \u00dcberwachung und Steuerung von Produktionsprozessen in Echtzeit und verbessert so die Effizienz und Produktivit\u00e4t.<br \/>\n<br \/><a href=\"https:\/\/teguar.com\/eu\/de\/computer-fuer-die-industrielle-automatisierung\/\">Industrielle Automatisierung:<\/a> Diese Computer sind f\u00fcr den 24\/7-Betrieb in industriellen Umgebungen konzipiert und eignen sich daher ideal f\u00fcr Automatisierungssysteme. Sie k\u00f6nnen f\u00fcr die Steuerung und \u00dcberwachung von Maschinen, die Verwaltung von Datenerfassung und -analyse und die Integration mit anderen Systemen des Industrial Internet of Things (IIoT) verwendet werden.<br \/>\n<br \/><a href=\"https:\/\/teguar.com\/eu\/de\/kiosk-computer\/\">\u00d6ffentliche Kioske:<\/a> Die TP-5010 Serie kann in \u00f6ffentlichen R\u00e4umen als interaktiver Kiosk eingesetzt werden. Sie kann f\u00fcr Selbstbedienungs-Informationszentren, Ticketingsysteme, Wegweiser und digitale Beschilderung verwendet werden. Dank seiner robusten Bauweise und zuverl\u00e4ssigen Leistung ist er f\u00fcr stark frequentierte Bereiche geeignet.<br \/>\n<br \/><a href=\"https:\/\/teguar.com\/eu\/de\/energy-industry-computer\/\">Energie und Versorgungsunternehmen:<\/a> Im Energie- und Versorgungssektor kann die TP-5010 Serie f\u00fcr die \u00dcberwachung und Verwaltung von Stromverteilungssystemen, Wasseraufbereitungsanlagen und Anlagen f\u00fcr erneuerbare Energien eingesetzt werden. Sie erm\u00f6glicht es Betreibern, Daten zu visualisieren, Prozesse zu steuern und einen effizienten Betrieb sicherzustellen. <\/p>\n","protected":false},"featured_media":2246059,"template":"","meta":{"_acf_changed":false},"product_brand":[],"product_cat":[2839],"product_tag":[],"product_label":[],"class_list":{"0":"post-2245215","1":"product","2":"type-product","3":"status-publish","4":"has-post-thumbnail","6":"product_cat-panel-pcs","7":"pa_windows-windows-10-iot","8":"pa_windows-windows-10-pro","9":"pa_windows-windows-7-pro","11":"first","12":"outofstock","13":"taxable","14":"shipping-taxable","15":"purchasable","16":"product-type-simple"},"composite_virtual":false,"composite_layout":"","composite_add_to_cart_form_location":"","composite_editable_in_cart":false,"composite_sold_individually_context":"","composite_shop_price_calc":"","composite_components":[],"composite_scenarios":[],"acf":[],"yoast_head":"<!-- This site is optimized with the Yoast SEO Premium plugin v26.8 (Yoast SEO v27.2) - https:\/\/yoast.com\/product\/yoast-seo-premium-wordpress\/ -->\n<title>17&quot; Unterputz-Panel-PC | TP-5010-17<\/title>\n<meta name=\"description\" content=\"Dieser 17-Zoll-Industrie-Panel-PC ist mit der Intel 6th Gen Core i3\/i5\/i7 CPU ausgestattet und f\u00fcr den Einsatz in anspruchsvollen Produktionsumgebungen konzipiert.\" \/>\n<meta name=\"robots\" content=\"index, follow, max-snippet:-1, max-image-preview:large, max-video-preview:-1\" \/>\n<link rel=\"canonical\" href=\"https:\/\/teguar.com\/eu\/de\/product\/tp-5010-17\/\" \/>\n<meta property=\"og:locale\" content=\"de_DE\" \/>\n<meta property=\"og:type\" content=\"article\" \/>\n<meta property=\"og:title\" content=\"TP-5010-17\" \/>\n<meta property=\"og:description\" content=\"Dieser 17-Zoll-Industrie-Panel-PC ist mit der Intel 6th Gen Core i3\/i5\/i7 CPU ausgestattet und f\u00fcr den Einsatz in anspruchsvollen Produktionsumgebungen konzipiert.\" \/>\n<meta property=\"og:url\" content=\"https:\/\/teguar.com\/eu\/de\/product\/tp-5010-17\/\" \/>\n<meta property=\"og:site_name\" content=\"Teguar\" \/>\n<meta property=\"article:modified_time\" content=\"2026-05-06T13:00:32+00:00\" \/>\n<meta property=\"og:image\" content=\"https:\/\/teguar.com\/eu\/wp-content\/uploads\/sites\/2\/2020\/07\/17-inch-touch-screen-panel-pc__65721.1595934931.1280.1280.jpg\" \/>\n\t<meta property=\"og:image:width\" content=\"1000\" \/>\n\t<meta property=\"og:image:height\" content=\"1000\" \/>\n\t<meta property=\"og:image:type\" content=\"image\/jpeg\" \/>\n<meta name=\"twitter:card\" content=\"summary_large_image\" \/>\n<meta name=\"twitter:label1\" content=\"Gesch\u00e4tzte Lesezeit\" \/>\n\t<meta name=\"twitter:data1\" content=\"1\u00a0Minute\" \/>\n<script type=\"application\/ld+json\" class=\"yoast-schema-graph\">{\"@context\":\"https:\/\/schema.org\",\"@graph\":[{\"@type\":\"WebPage\",\"@id\":\"https:\/\/teguar.com\/eu\/de\/product\/tp-5010-17\/\",\"url\":\"https:\/\/teguar.com\/eu\/de\/product\/tp-5010-17\/\",\"name\":\"17\\\" Unterputz-Panel-PC | TP-5010-17\",\"isPartOf\":{\"@id\":\"https:\/\/teguar.com\/eu\/en\/#website\"},\"primaryImageOfPage\":{\"@id\":\"https:\/\/teguar.com\/eu\/de\/product\/tp-5010-17\/#primaryimage\"},\"image\":{\"@id\":\"https:\/\/teguar.com\/eu\/de\/product\/tp-5010-17\/#primaryimage\"},\"thumbnailUrl\":\"https:\/\/teguar.com\/eu\/wp-content\/uploads\/sites\/2\/2020\/07\/17-inch-touch-screen-panel-pc__65721.1595934931.1280.1280.jpg\",\"datePublished\":\"2025-06-24T14:15:23+00:00\",\"dateModified\":\"2026-05-06T13:00:32+00:00\",\"description\":\"Dieser 17-Zoll-Industrie-Panel-PC ist mit der Intel 6th Gen Core i3\/i5\/i7 CPU ausgestattet und f\u00fcr den Einsatz in anspruchsvollen Produktionsumgebungen konzipiert.\",\"breadcrumb\":{\"@id\":\"https:\/\/teguar.com\/eu\/de\/product\/tp-5010-17\/#breadcrumb\"},\"inLanguage\":\"de\",\"potentialAction\":[{\"@type\":\"ReadAction\",\"target\":[\"https:\/\/teguar.com\/eu\/de\/product\/tp-5010-17\/\"]}]},{\"@type\":\"ImageObject\",\"inLanguage\":\"de\",\"@id\":\"https:\/\/teguar.com\/eu\/de\/product\/tp-5010-17\/#primaryimage\",\"url\":\"https:\/\/teguar.com\/eu\/wp-content\/uploads\/sites\/2\/2020\/07\/17-inch-touch-screen-panel-pc__65721.1595934931.1280.1280.jpg\",\"contentUrl\":\"https:\/\/teguar.com\/eu\/wp-content\/uploads\/sites\/2\/2020\/07\/17-inch-touch-screen-panel-pc__65721.1595934931.1280.1280.jpg\",\"width\":1000,\"height\":1000,\"caption\":\"17\\\" Touch Panel PC | TP-5010-17\"},{\"@type\":\"BreadcrumbList\",\"@id\":\"https:\/\/teguar.com\/eu\/de\/product\/tp-5010-17\/#breadcrumb\",\"itemListElement\":[{\"@type\":\"ListItem\",\"position\":1,\"name\":\"Home\",\"item\":\"https:\/\/teguar.com\/eu\/de\/\"},{\"@type\":\"ListItem\",\"position\":2,\"name\":\"TP-5010-17\"}]},{\"@type\":\"WebSite\",\"@id\":\"https:\/\/teguar.com\/eu\/en\/#website\",\"url\":\"https:\/\/teguar.com\/eu\/en\/\",\"name\":\"Teguar\",\"description\":\"Industrial PCs, Medical Computers, and Rugged Tablets\",\"potentialAction\":[{\"@type\":\"SearchAction\",\"target\":{\"@type\":\"EntryPoint\",\"urlTemplate\":\"https:\/\/teguar.com\/eu\/en\/?s={search_term_string}\"},\"query-input\":{\"@type\":\"PropertyValueSpecification\",\"valueRequired\":true,\"valueName\":\"search_term_string\"}}],\"inLanguage\":\"de\"}]}<\/script>\n<!-- \/ Yoast SEO Premium plugin. -->","yoast_head_json":{"title":"17\" Unterputz-Panel-PC | TP-5010-17","description":"Dieser 17-Zoll-Industrie-Panel-PC ist mit der Intel 6th Gen Core i3\/i5\/i7 CPU ausgestattet und f\u00fcr den Einsatz in anspruchsvollen Produktionsumgebungen konzipiert.","robots":{"index":"index","follow":"follow","max-snippet":"max-snippet:-1","max-image-preview":"max-image-preview:large","max-video-preview":"max-video-preview:-1"},"canonical":"https:\/\/teguar.com\/eu\/de\/product\/tp-5010-17\/","og_locale":"de_DE","og_type":"article","og_title":"TP-5010-17","og_description":"Dieser 17-Zoll-Industrie-Panel-PC ist mit der Intel 6th Gen Core i3\/i5\/i7 CPU ausgestattet und f\u00fcr den Einsatz in anspruchsvollen Produktionsumgebungen konzipiert.","og_url":"https:\/\/teguar.com\/eu\/de\/product\/tp-5010-17\/","og_site_name":"Teguar","article_modified_time":"2026-05-06T13:00:32+00:00","og_image":[{"width":1000,"height":1000,"url":"https:\/\/teguar.com\/eu\/wp-content\/uploads\/sites\/2\/2020\/07\/17-inch-touch-screen-panel-pc__65721.1595934931.1280.1280.jpg","type":"image\/jpeg"}],"twitter_card":"summary_large_image","twitter_misc":{"Gesch\u00e4tzte Lesezeit":"1\u00a0Minute"},"schema":{"@context":"https:\/\/schema.org","@graph":[{"@type":"WebPage","@id":"https:\/\/teguar.com\/eu\/de\/product\/tp-5010-17\/","url":"https:\/\/teguar.com\/eu\/de\/product\/tp-5010-17\/","name":"17\" Unterputz-Panel-PC | TP-5010-17","isPartOf":{"@id":"https:\/\/teguar.com\/eu\/en\/#website"},"primaryImageOfPage":{"@id":"https:\/\/teguar.com\/eu\/de\/product\/tp-5010-17\/#primaryimage"},"image":{"@id":"https:\/\/teguar.com\/eu\/de\/product\/tp-5010-17\/#primaryimage"},"thumbnailUrl":"https:\/\/teguar.com\/eu\/wp-content\/uploads\/sites\/2\/2020\/07\/17-inch-touch-screen-panel-pc__65721.1595934931.1280.1280.jpg","datePublished":"2025-06-24T14:15:23+00:00","dateModified":"2026-05-06T13:00:32+00:00","description":"Dieser 17-Zoll-Industrie-Panel-PC ist mit der Intel 6th Gen Core i3\/i5\/i7 CPU ausgestattet und f\u00fcr den Einsatz in anspruchsvollen Produktionsumgebungen konzipiert.","breadcrumb":{"@id":"https:\/\/teguar.com\/eu\/de\/product\/tp-5010-17\/#breadcrumb"},"inLanguage":"de","potentialAction":[{"@type":"ReadAction","target":["https:\/\/teguar.com\/eu\/de\/product\/tp-5010-17\/"]}]},{"@type":"ImageObject","inLanguage":"de","@id":"https:\/\/teguar.com\/eu\/de\/product\/tp-5010-17\/#primaryimage","url":"https:\/\/teguar.com\/eu\/wp-content\/uploads\/sites\/2\/2020\/07\/17-inch-touch-screen-panel-pc__65721.1595934931.1280.1280.jpg","contentUrl":"https:\/\/teguar.com\/eu\/wp-content\/uploads\/sites\/2\/2020\/07\/17-inch-touch-screen-panel-pc__65721.1595934931.1280.1280.jpg","width":1000,"height":1000,"caption":"17\" Touch Panel PC | TP-5010-17"},{"@type":"BreadcrumbList","@id":"https:\/\/teguar.com\/eu\/de\/product\/tp-5010-17\/#breadcrumb","itemListElement":[{"@type":"ListItem","position":1,"name":"Home","item":"https:\/\/teguar.com\/eu\/de\/"},{"@type":"ListItem","position":2,"name":"TP-5010-17"}]},{"@type":"WebSite","@id":"https:\/\/teguar.com\/eu\/en\/#website","url":"https:\/\/teguar.com\/eu\/en\/","name":"Teguar","description":"Industrial PCs, Medical Computers, and Rugged Tablets","potentialAction":[{"@type":"SearchAction","target":{"@type":"EntryPoint","urlTemplate":"https:\/\/teguar.com\/eu\/en\/?s={search_term_string}"},"query-input":{"@type":"PropertyValueSpecification","valueRequired":true,"valueName":"search_term_string"}}],"inLanguage":"de"}]}},"_links":{"self":[{"href":"https:\/\/teguar.com\/eu\/de\/wp-json\/wp\/v2\/product\/2245215","targetHints":{"allow":["GET"]}}],"collection":[{"href":"https:\/\/teguar.com\/eu\/de\/wp-json\/wp\/v2\/product"}],"about":[{"href":"https:\/\/teguar.com\/eu\/de\/wp-json\/wp\/v2\/types\/product"}],"wp:featuredmedia":[{"embeddable":true,"href":"https:\/\/teguar.com\/eu\/de\/wp-json\/wp\/v2\/media\/2246059"}],"wp:attachment":[{"href":"https:\/\/teguar.com\/eu\/de\/wp-json\/wp\/v2\/media?parent=2245215"}],"wp:term":[{"taxonomy":"product_brand","embeddable":true,"href":"https:\/\/teguar.com\/eu\/de\/wp-json\/wp\/v2\/product_brand?post=2245215"},{"taxonomy":"product_cat","embeddable":true,"href":"https:\/\/teguar.com\/eu\/de\/wp-json\/wp\/v2\/product_cat?post=2245215"},{"taxonomy":"product_tag","embeddable":true,"href":"https:\/\/teguar.com\/eu\/de\/wp-json\/wp\/v2\/product_tag?post=2245215"},{"taxonomy":"product_label","embeddable":true,"href":"https:\/\/teguar.com\/eu\/de\/wp-json\/wp\/v2\/product_label?post=2245215"}],"curies":[{"name":"wp","href":"https:\/\/api.w.org\/{rel}","templated":true}]}}