{"id":2245200,"date":"2025-06-24T14:15:21","date_gmt":"2025-06-24T14:15:21","guid":{"rendered":"https:\/\/teguar.com\/eu\/product\/tp-5045-18\/"},"modified":"2026-05-06T13:00:12","modified_gmt":"2026-05-06T13:00:12","slug":"tp-5045-18","status":"publish","type":"product","link":"https:\/\/teguar.com\/eu\/de\/product\/tp-5045-18\/","title":{"rendered":"TP-5045-18"},"content":{"rendered":"<p>Der l\u00fcfterlose <a href=\"https:\/\/teguar.com\/eu\/de\/panel-pcs\/\">Panel-PC<\/a> TP-5045-18 bietet ein einzigartiges thermisches Design mit einem robusten Aluminiumdruckgussgeh\u00e4use f\u00fcr l\u00fcfterlosen Betrieb und Langlebigkeit bei starken St\u00f6\u00dfen und Vibrationen. Die fortschrittliche Rechenleistung der neuesten Intel Core i3\/i5 CPUs der 6. Generation unterst\u00fctzt eine lange Lebensdauer. Die Frontblende entspricht der Schutzklasse IP66 zum Schutz vor Wasser und Staub und verwendet ein vollst\u00e4ndig flaches Design, um die Ansammlung von Partikeln auf der Vorderseite zu verhindern. Mit bis zu 16 GB DDR4-Speicher ist der l\u00fcfterlose Panel-PC TP-5045-18 eine hervorragende L\u00f6sung f\u00fcr die meisten Windows- oder Linux-basierten Anwendungen. F\u00fcr Umgebungen mit schlechter Sichtbarkeit des Bildschirms kann ein Touchscreen mit hoher Helligkeit gew\u00e4hlt werden. Der TP-5045-18 ist eine gro\u00dfartige L\u00f6sung f\u00fcr Anwendungen wie eine Datendrehscheibe f\u00fcr Ihre IoT- \/ IIoT-Sensoren und f\u00fcr den Betrieb Ihrer ERP-Software (Enterprise Resource Planning).     <\/p>\n","protected":false},"excerpt":{"rendered":"<p><a href=\"https:\/\/teguar.com\/eu\/de\/computer-fuer-die-industrielle-automatisierung\/\">Fabrikautomation:<\/a>Die TP-5045 Serie kann als Steuerungsschnittstelle f\u00fcr Fabrikautomationssysteme verwendet werden und erm\u00f6glicht es den Bedienern, Produktionsprozesse, Maschinen und Anlagen zu \u00fcberwachen und zu verwalten.<br \/>\n<br \/>Prozesssteuerung: Diese Industrie-Panel-PCs eignen sich f\u00fcr Prozesssteuerungsanwendungen in Branchen wie <a href=\"https:\/\/teguar.com\/eu\/de\/oil-gas-computer\/\">\u00d6l und Gas<\/a>, <a href=\"https:\/\/teguar.com\/eu\/de\/chemical-processing-computer\/\">Chemie<\/a> und <a href=\"https:\/\/teguar.com\/eu\/de\/pharmazeutische-computer\/\">Pharmazie<\/a> und erm\u00f6glichen die \u00dcberwachung und Steuerung kritischer Variablen und Parameter in Echtzeit.<br \/>\n<br \/><a href=\"https:\/\/teguar.com\/eu\/de\/computer-fuer-die-lagerverwaltung\/\">Logistik und Lagerverwaltung: <\/a>Die TP-5045 Serie kann in Logistik- und Lagerumgebungen zur Bestandsverwaltung, Auftragsverfolgung und Lageroptimierung eingesetzt werden, um Abl\u00e4ufe zu rationalisieren und die Effizienz zu verbessern.<br \/>\n<br \/><a href=\"https:\/\/teguar.com\/eu\/de\/building-automation-computer-2\/\">Geb\u00e4udeautomatisierung:<\/a> Diese Panel-PCs k\u00f6nnen als zentrales Kontrollsystem f\u00fcr die Geb\u00e4udeautomatisierung dienen und erm\u00f6glichen es Geb\u00e4udemanagern, verschiedene Systeme wie Beleuchtung, HLK, Sicherheit und Zugangskontrolle zu \u00fcberwachen und zu steuern.<br \/>\n<br \/><a href=\"https:\/\/teguar.com\/eu\/de\/logistics-transportation-computer\/\">Transport- und Flottenmanagement:<\/a> Die TP-5045 Serie kann in Transport- und Flottenmanagement-Anwendungen eingesetzt werden und bietet Echtzeit-Tracking, Routenoptimierung und Kommunikationsfunktionen f\u00fcr verbesserte Logistik und Flotteneffizienz.<\/p>\n","protected":false},"featured_media":2246027,"template":"","meta":{"_acf_changed":false},"product_brand":[],"product_cat":[2839],"product_tag":[],"product_label":[],"class_list":{"0":"post-2245200","1":"product","2":"type-product","3":"status-publish","4":"has-post-thumbnail","6":"product_cat-panel-pcs","7":"pa_windows-windows-10-iot","8":"pa_windows-windows-7-pro","10":"first","11":"outofstock","12":"taxable","13":"shipping-taxable","14":"purchasable","15":"product-type-simple"},"composite_virtual":false,"composite_layout":"","composite_add_to_cart_form_location":"","composite_editable_in_cart":false,"composite_sold_individually_context":"","composite_shop_price_calc":"","composite_components":[],"composite_scenarios":[],"acf":[],"yoast_head":"<!-- This site is optimized with the Yoast SEO Premium plugin v26.8 (Yoast SEO v27.2) - https:\/\/yoast.com\/product\/yoast-seo-premium-wordpress\/ -->\n<title>18&quot; Industrie-Panel-PC | TP-5045-18<\/title>\n<meta name=\"robots\" content=\"index, follow, max-snippet:-1, max-image-preview:large, max-video-preview:-1\" \/>\n<link rel=\"canonical\" href=\"https:\/\/teguar.com\/eu\/de\/product\/tp-5045-18\/\" \/>\n<meta property=\"og:locale\" content=\"de_DE\" \/>\n<meta property=\"og:type\" content=\"article\" \/>\n<meta property=\"og:title\" content=\"TP-5045-18\" \/>\n<meta property=\"og:description\" content=\"Fabrikautomation:Die TP-5045 Serie kann als Steuerungsschnittstelle f\u00fcr Fabrikautomationssysteme verwendet werden und erm\u00f6glicht es den Bedienern, Produktionsprozesse, Maschinen und Anlagen zu \u00fcberwachen und zu verwalten. Prozesssteuerung: Diese Industrie-Panel-PCs eignen sich f\u00fcr Prozesssteuerungsanwendungen in Branchen wie \u00d6l und Gas, Chemie und Pharmazie und erm\u00f6glichen die \u00dcberwachung und Steuerung kritischer Variablen und Parameter in Echtzeit. Logistik und Lagerverwaltung: Die TP-5045 Serie kann in Logistik- und Lagerumgebungen zur Bestandsverwaltung, Auftragsverfolgung und Lageroptimierung eingesetzt werden, um Abl\u00e4ufe zu rationalisieren und die Effizienz zu verbessern. Geb\u00e4udeautomatisierung: Diese Panel-PCs k\u00f6nnen als zentrales Kontrollsystem f\u00fcr die Geb\u00e4udeautomatisierung dienen und erm\u00f6glichen es Geb\u00e4udemanagern, verschiedene Systeme wie Beleuchtung, HLK, Sicherheit und Zugangskontrolle zu \u00fcberwachen und zu steuern. Transport- und Flottenmanagement: Die TP-5045 Serie kann in Transport- und Flottenmanagement-Anwendungen eingesetzt werden und bietet Echtzeit-Tracking, Routenoptimierung und Kommunikationsfunktionen f\u00fcr verbesserte Logistik und Flotteneffizienz.\" \/>\n<meta property=\"og:url\" content=\"https:\/\/teguar.com\/eu\/de\/product\/tp-5045-18\/\" \/>\n<meta property=\"og:site_name\" content=\"Teguar\" \/>\n<meta property=\"article:modified_time\" content=\"2026-05-06T13:00:12+00:00\" \/>\n<meta property=\"og:image\" content=\"https:\/\/teguar.com\/eu\/wp-content\/uploads\/sites\/2\/2020\/07\/18-inch-panel-pc_6__65771.1595934952.1280.1280.jpg\" \/>\n\t<meta property=\"og:image:width\" content=\"1000\" \/>\n\t<meta property=\"og:image:height\" content=\"1000\" \/>\n\t<meta property=\"og:image:type\" content=\"image\/jpeg\" \/>\n<meta name=\"twitter:card\" content=\"summary_large_image\" \/>\n<meta name=\"twitter:label1\" content=\"Gesch\u00e4tzte Lesezeit\" \/>\n\t<meta name=\"twitter:data1\" content=\"1\u00a0Minute\" \/>\n<script type=\"application\/ld+json\" class=\"yoast-schema-graph\">{\"@context\":\"https:\/\/schema.org\",\"@graph\":[{\"@type\":\"WebPage\",\"@id\":\"https:\/\/teguar.com\/eu\/de\/product\/tp-5045-18\/\",\"url\":\"https:\/\/teguar.com\/eu\/de\/product\/tp-5045-18\/\",\"name\":\"18\\\" Industrie-Panel-PC | TP-5045-18\",\"isPartOf\":{\"@id\":\"https:\/\/teguar.com\/eu\/en\/#website\"},\"primaryImageOfPage\":{\"@id\":\"https:\/\/teguar.com\/eu\/de\/product\/tp-5045-18\/#primaryimage\"},\"image\":{\"@id\":\"https:\/\/teguar.com\/eu\/de\/product\/tp-5045-18\/#primaryimage\"},\"thumbnailUrl\":\"https:\/\/teguar.com\/eu\/wp-content\/uploads\/sites\/2\/2020\/07\/18-inch-panel-pc_6__65771.1595934952.1280.1280.jpg\",\"datePublished\":\"2025-06-24T14:15:21+00:00\",\"dateModified\":\"2026-05-06T13:00:12+00:00\",\"breadcrumb\":{\"@id\":\"https:\/\/teguar.com\/eu\/de\/product\/tp-5045-18\/#breadcrumb\"},\"inLanguage\":\"de\",\"potentialAction\":[{\"@type\":\"ReadAction\",\"target\":[\"https:\/\/teguar.com\/eu\/de\/product\/tp-5045-18\/\"]}]},{\"@type\":\"ImageObject\",\"inLanguage\":\"de\",\"@id\":\"https:\/\/teguar.com\/eu\/de\/product\/tp-5045-18\/#primaryimage\",\"url\":\"https:\/\/teguar.com\/eu\/wp-content\/uploads\/sites\/2\/2020\/07\/18-inch-panel-pc_6__65771.1595934952.1280.1280.jpg\",\"contentUrl\":\"https:\/\/teguar.com\/eu\/wp-content\/uploads\/sites\/2\/2020\/07\/18-inch-panel-pc_6__65771.1595934952.1280.1280.jpg\",\"width\":1000,\"height\":1000,\"caption\":\"18\\\" Panel PC | TP-5045-18\"},{\"@type\":\"BreadcrumbList\",\"@id\":\"https:\/\/teguar.com\/eu\/de\/product\/tp-5045-18\/#breadcrumb\",\"itemListElement\":[{\"@type\":\"ListItem\",\"position\":1,\"name\":\"Home\",\"item\":\"https:\/\/teguar.com\/eu\/de\/\"},{\"@type\":\"ListItem\",\"position\":2,\"name\":\"TP-5045-18\"}]},{\"@type\":\"WebSite\",\"@id\":\"https:\/\/teguar.com\/eu\/en\/#website\",\"url\":\"https:\/\/teguar.com\/eu\/en\/\",\"name\":\"Teguar\",\"description\":\"Industrial PCs, Medical Computers, and Rugged Tablets\",\"potentialAction\":[{\"@type\":\"SearchAction\",\"target\":{\"@type\":\"EntryPoint\",\"urlTemplate\":\"https:\/\/teguar.com\/eu\/en\/?s={search_term_string}\"},\"query-input\":{\"@type\":\"PropertyValueSpecification\",\"valueRequired\":true,\"valueName\":\"search_term_string\"}}],\"inLanguage\":\"de\"}]}<\/script>\n<!-- \/ Yoast SEO Premium plugin. -->","yoast_head_json":{"title":"18\" Industrie-Panel-PC | TP-5045-18","robots":{"index":"index","follow":"follow","max-snippet":"max-snippet:-1","max-image-preview":"max-image-preview:large","max-video-preview":"max-video-preview:-1"},"canonical":"https:\/\/teguar.com\/eu\/de\/product\/tp-5045-18\/","og_locale":"de_DE","og_type":"article","og_title":"TP-5045-18","og_description":"Fabrikautomation:Die TP-5045 Serie kann als Steuerungsschnittstelle f\u00fcr Fabrikautomationssysteme verwendet werden und erm\u00f6glicht es den Bedienern, Produktionsprozesse, Maschinen und Anlagen zu \u00fcberwachen und zu verwalten. Prozesssteuerung: Diese Industrie-Panel-PCs eignen sich f\u00fcr Prozesssteuerungsanwendungen in Branchen wie \u00d6l und Gas, Chemie und Pharmazie und erm\u00f6glichen die \u00dcberwachung und Steuerung kritischer Variablen und Parameter in Echtzeit. Logistik und Lagerverwaltung: Die TP-5045 Serie kann in Logistik- und Lagerumgebungen zur Bestandsverwaltung, Auftragsverfolgung und Lageroptimierung eingesetzt werden, um Abl\u00e4ufe zu rationalisieren und die Effizienz zu verbessern. Geb\u00e4udeautomatisierung: Diese Panel-PCs k\u00f6nnen als zentrales Kontrollsystem f\u00fcr die Geb\u00e4udeautomatisierung dienen und erm\u00f6glichen es Geb\u00e4udemanagern, verschiedene Systeme wie Beleuchtung, HLK, Sicherheit und Zugangskontrolle zu \u00fcberwachen und zu steuern. Transport- und Flottenmanagement: Die TP-5045 Serie kann in Transport- und Flottenmanagement-Anwendungen eingesetzt werden und bietet Echtzeit-Tracking, Routenoptimierung und Kommunikationsfunktionen f\u00fcr verbesserte Logistik und Flotteneffizienz.","og_url":"https:\/\/teguar.com\/eu\/de\/product\/tp-5045-18\/","og_site_name":"Teguar","article_modified_time":"2026-05-06T13:00:12+00:00","og_image":[{"width":1000,"height":1000,"url":"https:\/\/teguar.com\/eu\/wp-content\/uploads\/sites\/2\/2020\/07\/18-inch-panel-pc_6__65771.1595934952.1280.1280.jpg","type":"image\/jpeg"}],"twitter_card":"summary_large_image","twitter_misc":{"Gesch\u00e4tzte Lesezeit":"1\u00a0Minute"},"schema":{"@context":"https:\/\/schema.org","@graph":[{"@type":"WebPage","@id":"https:\/\/teguar.com\/eu\/de\/product\/tp-5045-18\/","url":"https:\/\/teguar.com\/eu\/de\/product\/tp-5045-18\/","name":"18\" Industrie-Panel-PC | TP-5045-18","isPartOf":{"@id":"https:\/\/teguar.com\/eu\/en\/#website"},"primaryImageOfPage":{"@id":"https:\/\/teguar.com\/eu\/de\/product\/tp-5045-18\/#primaryimage"},"image":{"@id":"https:\/\/teguar.com\/eu\/de\/product\/tp-5045-18\/#primaryimage"},"thumbnailUrl":"https:\/\/teguar.com\/eu\/wp-content\/uploads\/sites\/2\/2020\/07\/18-inch-panel-pc_6__65771.1595934952.1280.1280.jpg","datePublished":"2025-06-24T14:15:21+00:00","dateModified":"2026-05-06T13:00:12+00:00","breadcrumb":{"@id":"https:\/\/teguar.com\/eu\/de\/product\/tp-5045-18\/#breadcrumb"},"inLanguage":"de","potentialAction":[{"@type":"ReadAction","target":["https:\/\/teguar.com\/eu\/de\/product\/tp-5045-18\/"]}]},{"@type":"ImageObject","inLanguage":"de","@id":"https:\/\/teguar.com\/eu\/de\/product\/tp-5045-18\/#primaryimage","url":"https:\/\/teguar.com\/eu\/wp-content\/uploads\/sites\/2\/2020\/07\/18-inch-panel-pc_6__65771.1595934952.1280.1280.jpg","contentUrl":"https:\/\/teguar.com\/eu\/wp-content\/uploads\/sites\/2\/2020\/07\/18-inch-panel-pc_6__65771.1595934952.1280.1280.jpg","width":1000,"height":1000,"caption":"18\" Panel PC | TP-5045-18"},{"@type":"BreadcrumbList","@id":"https:\/\/teguar.com\/eu\/de\/product\/tp-5045-18\/#breadcrumb","itemListElement":[{"@type":"ListItem","position":1,"name":"Home","item":"https:\/\/teguar.com\/eu\/de\/"},{"@type":"ListItem","position":2,"name":"TP-5045-18"}]},{"@type":"WebSite","@id":"https:\/\/teguar.com\/eu\/en\/#website","url":"https:\/\/teguar.com\/eu\/en\/","name":"Teguar","description":"Industrial PCs, Medical Computers, and Rugged Tablets","potentialAction":[{"@type":"SearchAction","target":{"@type":"EntryPoint","urlTemplate":"https:\/\/teguar.com\/eu\/en\/?s={search_term_string}"},"query-input":{"@type":"PropertyValueSpecification","valueRequired":true,"valueName":"search_term_string"}}],"inLanguage":"de"}]}},"_links":{"self":[{"href":"https:\/\/teguar.com\/eu\/de\/wp-json\/wp\/v2\/product\/2245200","targetHints":{"allow":["GET"]}}],"collection":[{"href":"https:\/\/teguar.com\/eu\/de\/wp-json\/wp\/v2\/product"}],"about":[{"href":"https:\/\/teguar.com\/eu\/de\/wp-json\/wp\/v2\/types\/product"}],"wp:featuredmedia":[{"embeddable":true,"href":"https:\/\/teguar.com\/eu\/de\/wp-json\/wp\/v2\/media\/2246027"}],"wp:attachment":[{"href":"https:\/\/teguar.com\/eu\/de\/wp-json\/wp\/v2\/media?parent=2245200"}],"wp:term":[{"taxonomy":"product_brand","embeddable":true,"href":"https:\/\/teguar.com\/eu\/de\/wp-json\/wp\/v2\/product_brand?post=2245200"},{"taxonomy":"product_cat","embeddable":true,"href":"https:\/\/teguar.com\/eu\/de\/wp-json\/wp\/v2\/product_cat?post=2245200"},{"taxonomy":"product_tag","embeddable":true,"href":"https:\/\/teguar.com\/eu\/de\/wp-json\/wp\/v2\/product_tag?post=2245200"},{"taxonomy":"product_label","embeddable":true,"href":"https:\/\/teguar.com\/eu\/de\/wp-json\/wp\/v2\/product_label?post=2245200"}],"curies":[{"name":"wp","href":"https:\/\/api.w.org\/{rel}","templated":true}]}}