{"id":2245191,"date":"2025-06-24T14:14:25","date_gmt":"2025-06-24T14:14:25","guid":{"rendered":"https:\/\/teguar.com\/eu\/product\/tr-2920-08\/"},"modified":"2025-11-20T16:55:25","modified_gmt":"2025-11-20T16:55:25","slug":"tr-2920-08","status":"publish","type":"product","link":"https:\/\/teguar.com\/eu\/de\/product\/tr-2920-08\/","title":{"rendered":"TR-2920-08"},"content":{"rendered":"<p>Der \u00e4u\u00dferst robuste l\u00fcfterlose Touchscreen-Computer TR-2920-08 verf\u00fcgt \u00fcber ein solides Aluminiumgeh\u00e4use mit Korrosionsschutzbehandlung. Um selbst in den anspruchsvollsten Umgebungen eine zuverl\u00e4ssige Leistung zu gew\u00e4hrleisten, wurde der TR-2920-08 nach IP65 staub- und wasserdicht konstruiert, verf\u00fcgt \u00fcber einen weiten Betriebstemperaturbereich von -25\u00baC bis 55\u00baC (-13\u00baF bis 131\u00baF) und erf\u00fcllt die Normen MIL-STD-810F\/G und IEC60068-2-27 f\u00fcr Sto\u00df- und Vibrationsfestigkeit. Dieser l\u00fcfterlose PC ist mit einem Bay Trail N2930 1,83 GHz Prozessor und bis zu 8 GB RAM ausgestattet. Der TR-2920-08 bietet eine kompakte, robuste L\u00f6sung f\u00fcr Ihre anspruchsvolle Anwendung.   <\/p>\n","protected":false},"excerpt":{"rendered":"<p><a href=\"https:\/\/teguar.com\/eu\/mining-tunneling-computer\/\">Bergbau- und Bohreins\u00e4tze:<\/a> Das ultra-robuste Design, der weite Betriebstemperaturbereich und die Schock- und Vibrationsfestigkeit des TR-2920-08 machen ihn f\u00fcr Bergbau- und Bohraufgaben geeignet und bieten zuverl\u00e4ssige Rechenleistung in rauen und anspruchsvollen Umgebungen.<\/p>\n<p><a href=\"https:\/\/teguar.com\/eu\/de\/computer-fuer-militaer-und-luft-und-raumfahrt\/\">Milit\u00e4r und Verteidigung: <\/a>Dieser ultrarobuste Computer erf\u00fcllt die Normen MIL-STD-810F\/G und IEC60068-2-27 und ist damit ideal f\u00fcr Milit\u00e4r- und Verteidigungsanwendungen, einschlie\u00dflich Feldeins\u00e4tze, Kommandozentralen und taktische Eins\u00e4tze, bei denen Zuverl\u00e4ssigkeit und Langlebigkeit an erster Stelle stehen.<\/p>\n<p><a href=\"https:\/\/teguar.com\/eu\/de\/computer-fuer-das-baugewerbe\/\">Schwere Maschinen und Bauwesen:<\/a> Die robuste Konstruktion und die Sto\u00df- und Vibrationsfestigkeit des TR-2920-08 machen ihn f\u00fcr den Einsatz in schweren Maschinen und im Baugewerbe geeignet, so dass er zuverl\u00e4ssig in Ger\u00e4ten wie Baggern, Bulldozern und Kr\u00e4nen eingesetzt werden kann.<\/p>\n<p><a href=\"https:\/\/teguar.com\/eu\/de\/fertigungs-computer\/\">Industrielle Fertigung:<\/a> Mit seinem ultrarobusten Design und seiner F\u00e4higkeit, rauen Umgebungen zu trotzen, eignet sich der TR-2920-08 hervorragend f\u00fcr Anwendungen in der industriellen Fertigung und bietet robuste Rechenleistung f\u00fcr Steuerungssysteme, \u00dcberwachungs- und Automatisierungsprozesse. (Branche: Industrielle Fertigung) <\/p>\n","protected":false},"featured_media":2246010,"template":"","meta":{"_acf_changed":false},"product_brand":[],"product_cat":[2839],"product_tag":[],"product_label":[],"class_list":{"0":"post-2245191","1":"product","2":"type-product","3":"status-publish","4":"has-post-thumbnail","6":"product_cat-panel-pcs","7":"pa_windows-windows-10-iot","8":"pa_windows-windows-10-pro","9":"pa_windows-windows-7-pro","11":"first","12":"outofstock","13":"taxable","14":"shipping-taxable","15":"purchasable","16":"product-type-simple"},"composite_virtual":false,"composite_layout":"","composite_add_to_cart_form_location":"","composite_editable_in_cart":false,"composite_sold_individually_context":"","composite_shop_price_calc":"","composite_components":[],"composite_scenarios":[],"acf":[],"yoast_head":"<!-- This site is optimized with the Yoast SEO Premium plugin v26.8 (Yoast SEO v27.2) - https:\/\/yoast.com\/product\/yoast-seo-premium-wordpress\/ -->\n<title>08&quot; Robuster Panel PC | TR-2920-08<\/title>\n<meta name=\"robots\" content=\"index, follow, max-snippet:-1, max-image-preview:large, max-video-preview:-1\" \/>\n<link rel=\"canonical\" href=\"https:\/\/teguar.com\/eu\/de\/product\/tr-2920-08\/\" \/>\n<meta property=\"og:locale\" content=\"de_DE\" \/>\n<meta property=\"og:type\" content=\"article\" \/>\n<meta property=\"og:title\" content=\"TR-2920-08\" \/>\n<meta property=\"og:description\" content=\"Bergbau- und Bohreins\u00e4tze: Das ultra-robuste Design, der weite Betriebstemperaturbereich und die Schock- und Vibrationsfestigkeit des TR-2920-08 machen ihn f\u00fcr Bergbau- und Bohraufgaben geeignet und bieten zuverl\u00e4ssige Rechenleistung in rauen und anspruchsvollen Umgebungen.  Milit\u00e4r und Verteidigung: Dieser ultrarobuste Computer erf\u00fcllt die Normen MIL-STD-810F\/G und IEC60068-2-27 und ist damit ideal f\u00fcr Milit\u00e4r- und Verteidigungsanwendungen, einschlie\u00dflich Feldeins\u00e4tze, Kommandozentralen und taktische Eins\u00e4tze, bei denen Zuverl\u00e4ssigkeit und Langlebigkeit an erster Stelle stehen.  Schwere Maschinen und Bauwesen: Die robuste Konstruktion und die Sto\u00df- und Vibrationsfestigkeit des TR-2920-08 machen ihn f\u00fcr den Einsatz in schweren Maschinen und im Baugewerbe geeignet, so dass er zuverl\u00e4ssig in Ger\u00e4ten wie Baggern, Bulldozern und Kr\u00e4nen eingesetzt werden kann.  Industrielle Fertigung: Mit seinem ultrarobusten Design und seiner F\u00e4higkeit, rauen Umgebungen zu trotzen, eignet sich der TR-2920-08 hervorragend f\u00fcr Anwendungen in der industriellen Fertigung und bietet robuste Rechenleistung f\u00fcr Steuerungssysteme, \u00dcberwachungs- und Automatisierungsprozesse. (Branche: Industrielle Fertigung)\" \/>\n<meta property=\"og:url\" content=\"https:\/\/teguar.com\/eu\/de\/product\/tr-2920-08\/\" \/>\n<meta property=\"og:site_name\" content=\"Teguar\" \/>\n<meta property=\"article:modified_time\" content=\"2025-11-20T16:55:25+00:00\" \/>\n<meta property=\"og:image\" content=\"https:\/\/teguar.com\/eu\/wp-content\/uploads\/sites\/2\/2020\/07\/tr-xx20-with-stand__92553.1595934976.1280.1280.jpg\" \/>\n\t<meta property=\"og:image:width\" content=\"1000\" \/>\n\t<meta property=\"og:image:height\" content=\"1000\" \/>\n\t<meta property=\"og:image:type\" content=\"image\/jpeg\" \/>\n<meta name=\"twitter:card\" content=\"summary_large_image\" \/>\n<meta name=\"twitter:label1\" content=\"Gesch\u00e4tzte Lesezeit\" \/>\n\t<meta name=\"twitter:data1\" content=\"1\u00a0Minute\" \/>\n<script type=\"application\/ld+json\" class=\"yoast-schema-graph\">{\"@context\":\"https:\/\/schema.org\",\"@graph\":[{\"@type\":\"WebPage\",\"@id\":\"https:\/\/teguar.com\/eu\/de\/product\/tr-2920-08\/\",\"url\":\"https:\/\/teguar.com\/eu\/de\/product\/tr-2920-08\/\",\"name\":\"08\\\" Robuster Panel PC | TR-2920-08\",\"isPartOf\":{\"@id\":\"https:\/\/teguar.com\/eu\/en\/#website\"},\"primaryImageOfPage\":{\"@id\":\"https:\/\/teguar.com\/eu\/de\/product\/tr-2920-08\/#primaryimage\"},\"image\":{\"@id\":\"https:\/\/teguar.com\/eu\/de\/product\/tr-2920-08\/#primaryimage\"},\"thumbnailUrl\":\"https:\/\/teguar.com\/eu\/wp-content\/uploads\/sites\/2\/2020\/07\/tr-xx20-with-stand__92553.1595934976.1280.1280.jpg\",\"datePublished\":\"2025-06-24T14:14:25+00:00\",\"dateModified\":\"2025-11-20T16:55:25+00:00\",\"breadcrumb\":{\"@id\":\"https:\/\/teguar.com\/eu\/de\/product\/tr-2920-08\/#breadcrumb\"},\"inLanguage\":\"de\",\"potentialAction\":[{\"@type\":\"ReadAction\",\"target\":[\"https:\/\/teguar.com\/eu\/de\/product\/tr-2920-08\/\"]}]},{\"@type\":\"ImageObject\",\"inLanguage\":\"de\",\"@id\":\"https:\/\/teguar.com\/eu\/de\/product\/tr-2920-08\/#primaryimage\",\"url\":\"https:\/\/teguar.com\/eu\/wp-content\/uploads\/sites\/2\/2020\/07\/tr-xx20-with-stand__92553.1595934976.1280.1280.jpg\",\"contentUrl\":\"https:\/\/teguar.com\/eu\/wp-content\/uploads\/sites\/2\/2020\/07\/tr-xx20-with-stand__92553.1595934976.1280.1280.jpg\",\"width\":1000,\"height\":1000,\"caption\":\"8\\\" Rugged Mobile PC | TR-2920-08\"},{\"@type\":\"BreadcrumbList\",\"@id\":\"https:\/\/teguar.com\/eu\/de\/product\/tr-2920-08\/#breadcrumb\",\"itemListElement\":[{\"@type\":\"ListItem\",\"position\":1,\"name\":\"Home\",\"item\":\"https:\/\/teguar.com\/eu\/de\/\"},{\"@type\":\"ListItem\",\"position\":2,\"name\":\"TR-2920-08\"}]},{\"@type\":\"WebSite\",\"@id\":\"https:\/\/teguar.com\/eu\/en\/#website\",\"url\":\"https:\/\/teguar.com\/eu\/en\/\",\"name\":\"Teguar\",\"description\":\"Industrial PCs, Medical Computers, and Rugged Tablets\",\"potentialAction\":[{\"@type\":\"SearchAction\",\"target\":{\"@type\":\"EntryPoint\",\"urlTemplate\":\"https:\/\/teguar.com\/eu\/en\/?s={search_term_string}\"},\"query-input\":{\"@type\":\"PropertyValueSpecification\",\"valueRequired\":true,\"valueName\":\"search_term_string\"}}],\"inLanguage\":\"de\"}]}<\/script>\n<!-- \/ Yoast SEO Premium plugin. -->","yoast_head_json":{"title":"08\" Robuster Panel PC | TR-2920-08","robots":{"index":"index","follow":"follow","max-snippet":"max-snippet:-1","max-image-preview":"max-image-preview:large","max-video-preview":"max-video-preview:-1"},"canonical":"https:\/\/teguar.com\/eu\/de\/product\/tr-2920-08\/","og_locale":"de_DE","og_type":"article","og_title":"TR-2920-08","og_description":"Bergbau- und Bohreins\u00e4tze: Das ultra-robuste Design, der weite Betriebstemperaturbereich und die Schock- und Vibrationsfestigkeit des TR-2920-08 machen ihn f\u00fcr Bergbau- und Bohraufgaben geeignet und bieten zuverl\u00e4ssige Rechenleistung in rauen und anspruchsvollen Umgebungen.  Milit\u00e4r und Verteidigung: Dieser ultrarobuste Computer erf\u00fcllt die Normen MIL-STD-810F\/G und IEC60068-2-27 und ist damit ideal f\u00fcr Milit\u00e4r- und Verteidigungsanwendungen, einschlie\u00dflich Feldeins\u00e4tze, Kommandozentralen und taktische Eins\u00e4tze, bei denen Zuverl\u00e4ssigkeit und Langlebigkeit an erster Stelle stehen.  Schwere Maschinen und Bauwesen: Die robuste Konstruktion und die Sto\u00df- und Vibrationsfestigkeit des TR-2920-08 machen ihn f\u00fcr den Einsatz in schweren Maschinen und im Baugewerbe geeignet, so dass er zuverl\u00e4ssig in Ger\u00e4ten wie Baggern, Bulldozern und Kr\u00e4nen eingesetzt werden kann.  Industrielle Fertigung: Mit seinem ultrarobusten Design und seiner F\u00e4higkeit, rauen Umgebungen zu trotzen, eignet sich der TR-2920-08 hervorragend f\u00fcr Anwendungen in der industriellen Fertigung und bietet robuste Rechenleistung f\u00fcr Steuerungssysteme, \u00dcberwachungs- und Automatisierungsprozesse. (Branche: Industrielle Fertigung)","og_url":"https:\/\/teguar.com\/eu\/de\/product\/tr-2920-08\/","og_site_name":"Teguar","article_modified_time":"2025-11-20T16:55:25+00:00","og_image":[{"width":1000,"height":1000,"url":"https:\/\/teguar.com\/eu\/wp-content\/uploads\/sites\/2\/2020\/07\/tr-xx20-with-stand__92553.1595934976.1280.1280.jpg","type":"image\/jpeg"}],"twitter_card":"summary_large_image","twitter_misc":{"Gesch\u00e4tzte Lesezeit":"1\u00a0Minute"},"schema":{"@context":"https:\/\/schema.org","@graph":[{"@type":"WebPage","@id":"https:\/\/teguar.com\/eu\/de\/product\/tr-2920-08\/","url":"https:\/\/teguar.com\/eu\/de\/product\/tr-2920-08\/","name":"08\" Robuster Panel PC | TR-2920-08","isPartOf":{"@id":"https:\/\/teguar.com\/eu\/en\/#website"},"primaryImageOfPage":{"@id":"https:\/\/teguar.com\/eu\/de\/product\/tr-2920-08\/#primaryimage"},"image":{"@id":"https:\/\/teguar.com\/eu\/de\/product\/tr-2920-08\/#primaryimage"},"thumbnailUrl":"https:\/\/teguar.com\/eu\/wp-content\/uploads\/sites\/2\/2020\/07\/tr-xx20-with-stand__92553.1595934976.1280.1280.jpg","datePublished":"2025-06-24T14:14:25+00:00","dateModified":"2025-11-20T16:55:25+00:00","breadcrumb":{"@id":"https:\/\/teguar.com\/eu\/de\/product\/tr-2920-08\/#breadcrumb"},"inLanguage":"de","potentialAction":[{"@type":"ReadAction","target":["https:\/\/teguar.com\/eu\/de\/product\/tr-2920-08\/"]}]},{"@type":"ImageObject","inLanguage":"de","@id":"https:\/\/teguar.com\/eu\/de\/product\/tr-2920-08\/#primaryimage","url":"https:\/\/teguar.com\/eu\/wp-content\/uploads\/sites\/2\/2020\/07\/tr-xx20-with-stand__92553.1595934976.1280.1280.jpg","contentUrl":"https:\/\/teguar.com\/eu\/wp-content\/uploads\/sites\/2\/2020\/07\/tr-xx20-with-stand__92553.1595934976.1280.1280.jpg","width":1000,"height":1000,"caption":"8\" Rugged Mobile PC | TR-2920-08"},{"@type":"BreadcrumbList","@id":"https:\/\/teguar.com\/eu\/de\/product\/tr-2920-08\/#breadcrumb","itemListElement":[{"@type":"ListItem","position":1,"name":"Home","item":"https:\/\/teguar.com\/eu\/de\/"},{"@type":"ListItem","position":2,"name":"TR-2920-08"}]},{"@type":"WebSite","@id":"https:\/\/teguar.com\/eu\/en\/#website","url":"https:\/\/teguar.com\/eu\/en\/","name":"Teguar","description":"Industrial PCs, Medical Computers, and Rugged Tablets","potentialAction":[{"@type":"SearchAction","target":{"@type":"EntryPoint","urlTemplate":"https:\/\/teguar.com\/eu\/en\/?s={search_term_string}"},"query-input":{"@type":"PropertyValueSpecification","valueRequired":true,"valueName":"search_term_string"}}],"inLanguage":"de"}]}},"_links":{"self":[{"href":"https:\/\/teguar.com\/eu\/de\/wp-json\/wp\/v2\/product\/2245191","targetHints":{"allow":["GET"]}}],"collection":[{"href":"https:\/\/teguar.com\/eu\/de\/wp-json\/wp\/v2\/product"}],"about":[{"href":"https:\/\/teguar.com\/eu\/de\/wp-json\/wp\/v2\/types\/product"}],"wp:featuredmedia":[{"embeddable":true,"href":"https:\/\/teguar.com\/eu\/de\/wp-json\/wp\/v2\/media\/2246010"}],"wp:attachment":[{"href":"https:\/\/teguar.com\/eu\/de\/wp-json\/wp\/v2\/media?parent=2245191"}],"wp:term":[{"taxonomy":"product_brand","embeddable":true,"href":"https:\/\/teguar.com\/eu\/de\/wp-json\/wp\/v2\/product_brand?post=2245191"},{"taxonomy":"product_cat","embeddable":true,"href":"https:\/\/teguar.com\/eu\/de\/wp-json\/wp\/v2\/product_cat?post=2245191"},{"taxonomy":"product_tag","embeddable":true,"href":"https:\/\/teguar.com\/eu\/de\/wp-json\/wp\/v2\/product_tag?post=2245191"},{"taxonomy":"product_label","embeddable":true,"href":"https:\/\/teguar.com\/eu\/de\/wp-json\/wp\/v2\/product_label?post=2245191"}],"curies":[{"name":"wp","href":"https:\/\/api.w.org\/{rel}","templated":true}]}}