{"id":2245179,"date":"2025-06-24T14:14:25","date_gmt":"2025-06-24T14:14:25","guid":{"rendered":"https:\/\/teguar.com\/eu\/product\/tr-5520-10\/"},"modified":"2025-11-20T16:54:58","modified_gmt":"2025-11-20T16:54:58","slug":"tr-5520-10","status":"publish","type":"product","link":"https:\/\/teguar.com\/eu\/de\/product\/tr-5520-10\/","title":{"rendered":"TR-5520-10"},"content":{"rendered":"<p>Der TR-5520-10 Rugged PC kann auch in den h\u00e4rtesten Umgebungen eingesetzt werden. Dieser Computer verf\u00fcgt \u00fcber einen Intel Core i5 Prozessor der 7. Generation und ist durch ein robustes Aluminiumgeh\u00e4use gesch\u00fctzt. Das korrosionsbest\u00e4ndige Geh\u00e4use ist nach IP65 wasser- und staubdicht (mit Ausnahme der E\/A-Anschl\u00fcsse) und entspricht dem Milit\u00e4rstandard 810F\/G, so dass es St\u00f6\u00dfen und Vibrationen standh\u00e4lt. Dieser PC entspricht auch der Norm EN50155 f\u00fcr EMV, ideal f\u00fcr den Einsatz in Eisenbahnen. Der TR-5520-10 verf\u00fcgt \u00fcber einen 5-Draht-Resistiv-Touchscreen mit optionalem Antireflexionsschutzglas, das eine maximale Sichtbarkeit des Ger\u00e4ts gew\u00e4hrleistet. Mit seinem l\u00fcfterlosen Design, einem weiten Betriebstemperaturbereich (-25 \u00b0C bis 55 \u00b0C) und einer F\u00fclle von E\/As ist dieser PC \u00fcberall einsatzbereit.     <\/p>\n","protected":false},"excerpt":{"rendered":"<p>Datenerfassung und -analyse im Feld: Dank seiner robusten und wasserdichten Bauweise eignet sich der TR-5520-10 f\u00fcr die Datenerfassung vor Ort in Bereichen wie Umwelt\u00fcberwachung, Geologie und Landwirtschaft. So k\u00f6nnen Forscher auch in schwierigen Au\u00dfenumgebungen Daten erfassen und analysieren.<\/p>\n<p><a href=\"https:\/\/teguar.com\/eu\/de\/computer-fuer-die-industrielle-automatisierung\/\">Industrielle Automatisierung und Steuerung:<\/a> Mit seiner robusten Konstruktion und der Einhaltung von Industriestandards eignet sich der TR-5520-10 hervorragend f\u00fcr industrielle Automatisierungs- und Steuerungsanwendungen und bietet zuverl\u00e4ssige Rechenleistung und Schutz in rauen Produktionsumgebungen.<\/p>\n<p><a href=\"https:\/\/teguar.com\/eu\/logistics-transportation-computer\/\">Transport und Logistik:<\/a> Die Robustheit des TR-5520-10 und seine Konformit\u00e4t mit der Norm EN50155 f\u00fcr EMV machen ihn ideal f\u00fcr Transport- und Logistikanwendungen, wie z.B. Flottenmanagement und Fahrzeugverfolgung, und gew\u00e4hrleisten einen zuverl\u00e4ssigen Betrieb unter anspruchsvollen Bedingungen.<\/p>\n","protected":false},"featured_media":2246012,"template":"","meta":{"_acf_changed":false},"product_brand":[],"product_cat":[2265,2260],"product_tag":[],"product_label":[],"class_list":{"0":"post-2245179","1":"product","2":"type-product","3":"status-publish","4":"has-post-thumbnail","6":"product_cat-panel-pc","7":"product_cat-waterproof-computers","8":"pa_windows-windows-10-iot","9":"pa_windows-windows-10-pro","11":"first","12":"instock","13":"taxable","14":"shipping-taxable","15":"purchasable","16":"product-type-simple"},"composite_virtual":false,"composite_layout":"","composite_add_to_cart_form_location":"","composite_editable_in_cart":false,"composite_sold_individually_context":"","composite_shop_price_calc":"","composite_components":[],"composite_scenarios":[],"acf":[],"yoast_head":"<!-- This site is optimized with the Yoast SEO Premium plugin v26.8 (Yoast SEO v27.2) - https:\/\/yoast.com\/product\/yoast-seo-premium-wordpress\/ -->\n<title>Robuster 10&quot; Computer | TR-5520-10<\/title>\n<meta name=\"robots\" content=\"index, follow, max-snippet:-1, max-image-preview:large, max-video-preview:-1\" \/>\n<link rel=\"canonical\" href=\"https:\/\/teguar.com\/eu\/de\/product\/tr-5520-10\/\" \/>\n<meta property=\"og:locale\" content=\"de_DE\" \/>\n<meta property=\"og:type\" content=\"article\" \/>\n<meta property=\"og:title\" content=\"TR-5520-10\" \/>\n<meta property=\"og:description\" content=\"Datenerfassung und -analyse im Feld: Dank seiner robusten und wasserdichten Bauweise eignet sich der TR-5520-10 f\u00fcr die Datenerfassung vor Ort in Bereichen wie Umwelt\u00fcberwachung, Geologie und Landwirtschaft. So k\u00f6nnen Forscher auch in schwierigen Au\u00dfenumgebungen Daten erfassen und analysieren.  Industrielle Automatisierung und Steuerung: Mit seiner robusten Konstruktion und der Einhaltung von Industriestandards eignet sich der TR-5520-10 hervorragend f\u00fcr industrielle Automatisierungs- und Steuerungsanwendungen und bietet zuverl\u00e4ssige Rechenleistung und Schutz in rauen Produktionsumgebungen.  Transport und Logistik: Die Robustheit des TR-5520-10 und seine Konformit\u00e4t mit der Norm EN50155 f\u00fcr EMV machen ihn ideal f\u00fcr Transport- und Logistikanwendungen, wie z.B. Flottenmanagement und Fahrzeugverfolgung, und gew\u00e4hrleisten einen zuverl\u00e4ssigen Betrieb unter anspruchsvollen Bedingungen.\" \/>\n<meta property=\"og:url\" content=\"https:\/\/teguar.com\/eu\/de\/product\/tr-5520-10\/\" \/>\n<meta property=\"og:site_name\" content=\"Teguar\" \/>\n<meta property=\"article:modified_time\" content=\"2025-11-20T16:54:58+00:00\" \/>\n<meta property=\"og:image\" content=\"https:\/\/teguar.com\/eu\/wp-content\/uploads\/sites\/2\/2020\/07\/rugged-computer-tr-5520-10-front__30162.1595934980.1280.1280.jpg\" \/>\n\t<meta property=\"og:image:width\" content=\"1000\" \/>\n\t<meta property=\"og:image:height\" content=\"1000\" \/>\n\t<meta property=\"og:image:type\" content=\"image\/jpeg\" \/>\n<meta name=\"twitter:card\" content=\"summary_large_image\" \/>\n<meta name=\"twitter:label1\" content=\"Gesch\u00e4tzte Lesezeit\" \/>\n\t<meta name=\"twitter:data1\" content=\"1\u00a0Minute\" \/>\n<script type=\"application\/ld+json\" class=\"yoast-schema-graph\">{\"@context\":\"https:\/\/schema.org\",\"@graph\":[{\"@type\":\"WebPage\",\"@id\":\"https:\/\/teguar.com\/eu\/de\/product\/tr-5520-10\/\",\"url\":\"https:\/\/teguar.com\/eu\/de\/product\/tr-5520-10\/\",\"name\":\"Robuster 10\\\" Computer | TR-5520-10\",\"isPartOf\":{\"@id\":\"https:\/\/teguar.com\/eu\/en\/#website\"},\"primaryImageOfPage\":{\"@id\":\"https:\/\/teguar.com\/eu\/de\/product\/tr-5520-10\/#primaryimage\"},\"image\":{\"@id\":\"https:\/\/teguar.com\/eu\/de\/product\/tr-5520-10\/#primaryimage\"},\"thumbnailUrl\":\"https:\/\/teguar.com\/eu\/wp-content\/uploads\/sites\/2\/2020\/07\/rugged-computer-tr-5520-10-front__30162.1595934980.1280.1280.jpg\",\"datePublished\":\"2025-06-24T14:14:25+00:00\",\"dateModified\":\"2025-11-20T16:54:58+00:00\",\"breadcrumb\":{\"@id\":\"https:\/\/teguar.com\/eu\/de\/product\/tr-5520-10\/#breadcrumb\"},\"inLanguage\":\"de\",\"potentialAction\":[{\"@type\":\"ReadAction\",\"target\":[\"https:\/\/teguar.com\/eu\/de\/product\/tr-5520-10\/\"]}]},{\"@type\":\"ImageObject\",\"inLanguage\":\"de\",\"@id\":\"https:\/\/teguar.com\/eu\/de\/product\/tr-5520-10\/#primaryimage\",\"url\":\"https:\/\/teguar.com\/eu\/wp-content\/uploads\/sites\/2\/2020\/07\/rugged-computer-tr-5520-10-front__30162.1595934980.1280.1280.jpg\",\"contentUrl\":\"https:\/\/teguar.com\/eu\/wp-content\/uploads\/sites\/2\/2020\/07\/rugged-computer-tr-5520-10-front__30162.1595934980.1280.1280.jpg\",\"width\":1000,\"height\":1000,\"caption\":\"10\\\" Rugged PC | TR-5520-10\"},{\"@type\":\"BreadcrumbList\",\"@id\":\"https:\/\/teguar.com\/eu\/de\/product\/tr-5520-10\/#breadcrumb\",\"itemListElement\":[{\"@type\":\"ListItem\",\"position\":1,\"name\":\"Home\",\"item\":\"https:\/\/teguar.com\/eu\/de\/\"},{\"@type\":\"ListItem\",\"position\":2,\"name\":\"TR-5520-10\"}]},{\"@type\":\"WebSite\",\"@id\":\"https:\/\/teguar.com\/eu\/en\/#website\",\"url\":\"https:\/\/teguar.com\/eu\/en\/\",\"name\":\"Teguar\",\"description\":\"Industrial PCs, Medical Computers, and Rugged Tablets\",\"potentialAction\":[{\"@type\":\"SearchAction\",\"target\":{\"@type\":\"EntryPoint\",\"urlTemplate\":\"https:\/\/teguar.com\/eu\/en\/?s={search_term_string}\"},\"query-input\":{\"@type\":\"PropertyValueSpecification\",\"valueRequired\":true,\"valueName\":\"search_term_string\"}}],\"inLanguage\":\"de\"}]}<\/script>\n<!-- \/ Yoast SEO Premium plugin. -->","yoast_head_json":{"title":"Robuster 10\" Computer | TR-5520-10","robots":{"index":"index","follow":"follow","max-snippet":"max-snippet:-1","max-image-preview":"max-image-preview:large","max-video-preview":"max-video-preview:-1"},"canonical":"https:\/\/teguar.com\/eu\/de\/product\/tr-5520-10\/","og_locale":"de_DE","og_type":"article","og_title":"TR-5520-10","og_description":"Datenerfassung und -analyse im Feld: Dank seiner robusten und wasserdichten Bauweise eignet sich der TR-5520-10 f\u00fcr die Datenerfassung vor Ort in Bereichen wie Umwelt\u00fcberwachung, Geologie und Landwirtschaft. So k\u00f6nnen Forscher auch in schwierigen Au\u00dfenumgebungen Daten erfassen und analysieren.  Industrielle Automatisierung und Steuerung: Mit seiner robusten Konstruktion und der Einhaltung von Industriestandards eignet sich der TR-5520-10 hervorragend f\u00fcr industrielle Automatisierungs- und Steuerungsanwendungen und bietet zuverl\u00e4ssige Rechenleistung und Schutz in rauen Produktionsumgebungen.  Transport und Logistik: Die Robustheit des TR-5520-10 und seine Konformit\u00e4t mit der Norm EN50155 f\u00fcr EMV machen ihn ideal f\u00fcr Transport- und Logistikanwendungen, wie z.B. Flottenmanagement und Fahrzeugverfolgung, und gew\u00e4hrleisten einen zuverl\u00e4ssigen Betrieb unter anspruchsvollen Bedingungen.","og_url":"https:\/\/teguar.com\/eu\/de\/product\/tr-5520-10\/","og_site_name":"Teguar","article_modified_time":"2025-11-20T16:54:58+00:00","og_image":[{"width":1000,"height":1000,"url":"https:\/\/teguar.com\/eu\/wp-content\/uploads\/sites\/2\/2020\/07\/rugged-computer-tr-5520-10-front__30162.1595934980.1280.1280.jpg","type":"image\/jpeg"}],"twitter_card":"summary_large_image","twitter_misc":{"Gesch\u00e4tzte Lesezeit":"1\u00a0Minute"},"schema":{"@context":"https:\/\/schema.org","@graph":[{"@type":"WebPage","@id":"https:\/\/teguar.com\/eu\/de\/product\/tr-5520-10\/","url":"https:\/\/teguar.com\/eu\/de\/product\/tr-5520-10\/","name":"Robuster 10\" Computer | TR-5520-10","isPartOf":{"@id":"https:\/\/teguar.com\/eu\/en\/#website"},"primaryImageOfPage":{"@id":"https:\/\/teguar.com\/eu\/de\/product\/tr-5520-10\/#primaryimage"},"image":{"@id":"https:\/\/teguar.com\/eu\/de\/product\/tr-5520-10\/#primaryimage"},"thumbnailUrl":"https:\/\/teguar.com\/eu\/wp-content\/uploads\/sites\/2\/2020\/07\/rugged-computer-tr-5520-10-front__30162.1595934980.1280.1280.jpg","datePublished":"2025-06-24T14:14:25+00:00","dateModified":"2025-11-20T16:54:58+00:00","breadcrumb":{"@id":"https:\/\/teguar.com\/eu\/de\/product\/tr-5520-10\/#breadcrumb"},"inLanguage":"de","potentialAction":[{"@type":"ReadAction","target":["https:\/\/teguar.com\/eu\/de\/product\/tr-5520-10\/"]}]},{"@type":"ImageObject","inLanguage":"de","@id":"https:\/\/teguar.com\/eu\/de\/product\/tr-5520-10\/#primaryimage","url":"https:\/\/teguar.com\/eu\/wp-content\/uploads\/sites\/2\/2020\/07\/rugged-computer-tr-5520-10-front__30162.1595934980.1280.1280.jpg","contentUrl":"https:\/\/teguar.com\/eu\/wp-content\/uploads\/sites\/2\/2020\/07\/rugged-computer-tr-5520-10-front__30162.1595934980.1280.1280.jpg","width":1000,"height":1000,"caption":"10\" Rugged PC | TR-5520-10"},{"@type":"BreadcrumbList","@id":"https:\/\/teguar.com\/eu\/de\/product\/tr-5520-10\/#breadcrumb","itemListElement":[{"@type":"ListItem","position":1,"name":"Home","item":"https:\/\/teguar.com\/eu\/de\/"},{"@type":"ListItem","position":2,"name":"TR-5520-10"}]},{"@type":"WebSite","@id":"https:\/\/teguar.com\/eu\/en\/#website","url":"https:\/\/teguar.com\/eu\/en\/","name":"Teguar","description":"Industrial PCs, Medical Computers, and Rugged Tablets","potentialAction":[{"@type":"SearchAction","target":{"@type":"EntryPoint","urlTemplate":"https:\/\/teguar.com\/eu\/en\/?s={search_term_string}"},"query-input":{"@type":"PropertyValueSpecification","valueRequired":true,"valueName":"search_term_string"}}],"inLanguage":"de"}]}},"_links":{"self":[{"href":"https:\/\/teguar.com\/eu\/de\/wp-json\/wp\/v2\/product\/2245179","targetHints":{"allow":["GET"]}}],"collection":[{"href":"https:\/\/teguar.com\/eu\/de\/wp-json\/wp\/v2\/product"}],"about":[{"href":"https:\/\/teguar.com\/eu\/de\/wp-json\/wp\/v2\/types\/product"}],"wp:featuredmedia":[{"embeddable":true,"href":"https:\/\/teguar.com\/eu\/de\/wp-json\/wp\/v2\/media\/2246012"}],"wp:attachment":[{"href":"https:\/\/teguar.com\/eu\/de\/wp-json\/wp\/v2\/media?parent=2245179"}],"wp:term":[{"taxonomy":"product_brand","embeddable":true,"href":"https:\/\/teguar.com\/eu\/de\/wp-json\/wp\/v2\/product_brand?post=2245179"},{"taxonomy":"product_cat","embeddable":true,"href":"https:\/\/teguar.com\/eu\/de\/wp-json\/wp\/v2\/product_cat?post=2245179"},{"taxonomy":"product_tag","embeddable":true,"href":"https:\/\/teguar.com\/eu\/de\/wp-json\/wp\/v2\/product_tag?post=2245179"},{"taxonomy":"product_label","embeddable":true,"href":"https:\/\/teguar.com\/eu\/de\/wp-json\/wp\/v2\/product_label?post=2245179"}],"curies":[{"name":"wp","href":"https:\/\/api.w.org\/{rel}","templated":true}]}}