{"id":2245176,"date":"2025-06-24T14:15:20","date_gmt":"2025-06-24T14:15:20","guid":{"rendered":"https:\/\/teguar.com\/eu\/product\/trt-a5380-10\/"},"modified":"2025-11-20T16:54:32","modified_gmt":"2025-11-20T16:54:32","slug":"trt-a5380-10","status":"publish","type":"product","link":"https:\/\/teguar.com\/eu\/de\/product\/trt-a5380-10\/","title":{"rendered":"TRT-A5380-10"},"content":{"rendered":"<p>Der TRT-A5380-10 ist ein robustes 10-Zoll-Tablet in Industriequalit\u00e4t, das den Elementen standh\u00e4lt. Dank des Betriebssystems Android 8.1 verf\u00fcgt dieses Tablet \u00fcber eine benutzerfreundliche Oberfl\u00e4che, die sich problemlos mit Ihren anderen Ger\u00e4ten kombinieren l\u00e4sst. Dieser Industrie-Tablet-PC ist vollst\u00e4ndig wasserdicht (IP65) und entspricht dem MIL-STD-810G-Standard, so dass er St\u00fcrze, St\u00f6\u00dfe und Ersch\u00fctterungen \u00fcbersteht. Der TRT-A5380-10 verf\u00fcgt \u00fcber umfangreiche Anschlussm\u00f6glichkeiten mit integriertem WiFi, Bluetooth, GPS und 4G LTE. Au\u00dferdem sind ein optionaler Barcode-Scanner und ein NFC-Scanner direkt in das Ger\u00e4t integriert. F\u00fcr dieses Tablet gibt es zus\u00e4tzliches Zubeh\u00f6r wie verschiedene Trageriemen, eine Fahrzeug-\/Gabelstaplerhalterung oder eine Dockingstation, in der das Tablet aufgeladen werden kann und Peripherieger\u00e4te \u00fcber die zus\u00e4tzlichen E\/As angeschlossen werden k\u00f6nnen.     <\/p>\n","protected":false},"excerpt":{"rendered":"<p>Das TRT-A5380-10 l\u00e4uft mit <a title=\"Langlebige Technik: Der Aufstieg der robusten Android-Tablets\" href=\"https:\/\/teguar.com\/eu\/de\/langlebige-technik-der-aufstieg-der-robusten-android-tablets\/\" data-wpil-monitor-id=\"6\">Android<\/a> 8.1 auf einer MTK 8735A Quad-Core CPU. Es ist nach IP65 wasserdicht und hat einen robusten 10&#8243; DragonTail Glass Touchscreen. Dieses robuste Tablet verf\u00fcgt \u00fcber integriertes WiFi, Bluetooth und GPS sowie einen optionalen Barcode-Scanner und NFC-Scanner. Dieses Tablet kann in einem Fahrzeug oder auf einem Gabelstapler montiert werden, oder es kann in der Docking-Station verbleiben, wo Peripherieger\u00e4te \u00fcber die zus\u00e4tzlichen E\/As angeschlossen und das Tablet aufgeladen werden kann.   <\/p>\n","protected":false},"featured_media":2246018,"template":"","meta":{"_acf_changed":false},"product_brand":[],"product_cat":[2842],"product_tag":[],"product_label":[],"class_list":{"0":"post-2245176","1":"product","2":"type-product","3":"status-publish","4":"has-post-thumbnail","6":"product_cat-rugged-android-tablets","8":"first","9":"instock","10":"taxable","11":"shipping-taxable","12":"purchasable","13":"product-type-simple"},"composite_virtual":false,"composite_layout":"","composite_add_to_cart_form_location":"","composite_editable_in_cart":false,"composite_sold_individually_context":"","composite_shop_price_calc":"","composite_components":[],"composite_scenarios":[],"acf":[],"yoast_head":"<!-- This site is optimized with the Yoast SEO Premium plugin v26.8 (Yoast SEO v27.2) - https:\/\/yoast.com\/product\/yoast-seo-premium-wordpress\/ -->\n<title>10&quot; Robustes Tablet mit Android | TRT-A5380-10<\/title>\n<meta name=\"description\" content=\"Das TRT-A5380-10 Android Rugged Tablet hat einen 10,1-Zoll-Touchscreen und ein robustes, wasserdichtes Geh\u00e4use, das St\u00fcrzen, St\u00f6\u00dfen und Feuchtigkeit standh\u00e4lt.\" \/>\n<meta name=\"robots\" content=\"index, follow, max-snippet:-1, max-image-preview:large, max-video-preview:-1\" \/>\n<link rel=\"canonical\" href=\"https:\/\/teguar.com\/eu\/de\/product\/trt-a5380-10\/\" \/>\n<meta property=\"og:locale\" content=\"de_DE\" \/>\n<meta property=\"og:type\" content=\"article\" \/>\n<meta property=\"og:title\" content=\"TRT-A5380-10\" \/>\n<meta property=\"og:description\" content=\"Das TRT-A5380-10 Android Rugged Tablet hat einen 10,1-Zoll-Touchscreen und ein robustes, wasserdichtes Geh\u00e4use, das St\u00fcrzen, St\u00f6\u00dfen und Feuchtigkeit standh\u00e4lt.\" \/>\n<meta property=\"og:url\" content=\"https:\/\/teguar.com\/eu\/de\/product\/trt-a5380-10\/\" \/>\n<meta property=\"og:site_name\" content=\"Teguar\" \/>\n<meta property=\"article:modified_time\" content=\"2025-11-20T16:54:32+00:00\" \/>\n<meta property=\"og:image\" content=\"https:\/\/teguar.com\/eu\/wp-content\/uploads\/sites\/2\/2020\/07\/trt-a5380-10-android-rugged-tablet__32124.1595935000.1280.1280.jpg\" \/>\n\t<meta property=\"og:image:width\" content=\"1000\" \/>\n\t<meta property=\"og:image:height\" content=\"1000\" \/>\n\t<meta property=\"og:image:type\" content=\"image\/jpeg\" \/>\n<meta name=\"twitter:card\" content=\"summary_large_image\" \/>\n<meta name=\"twitter:label1\" content=\"Gesch\u00e4tzte Lesezeit\" \/>\n\t<meta name=\"twitter:data1\" content=\"1\u00a0Minute\" \/>\n<script type=\"application\/ld+json\" class=\"yoast-schema-graph\">{\"@context\":\"https:\/\/schema.org\",\"@graph\":[{\"@type\":\"WebPage\",\"@id\":\"https:\/\/teguar.com\/eu\/de\/product\/trt-a5380-10\/\",\"url\":\"https:\/\/teguar.com\/eu\/de\/product\/trt-a5380-10\/\",\"name\":\"10\\\" Robustes Tablet mit Android | TRT-A5380-10\",\"isPartOf\":{\"@id\":\"https:\/\/teguar.com\/eu\/en\/#website\"},\"primaryImageOfPage\":{\"@id\":\"https:\/\/teguar.com\/eu\/de\/product\/trt-a5380-10\/#primaryimage\"},\"image\":{\"@id\":\"https:\/\/teguar.com\/eu\/de\/product\/trt-a5380-10\/#primaryimage\"},\"thumbnailUrl\":\"https:\/\/teguar.com\/eu\/wp-content\/uploads\/sites\/2\/2020\/07\/trt-a5380-10-android-rugged-tablet__32124.1595935000.1280.1280.jpg\",\"datePublished\":\"2025-06-24T14:15:20+00:00\",\"dateModified\":\"2025-11-20T16:54:32+00:00\",\"description\":\"Das TRT-A5380-10 Android Rugged Tablet hat einen 10,1-Zoll-Touchscreen und ein robustes, wasserdichtes Geh\u00e4use, das St\u00fcrzen, St\u00f6\u00dfen und Feuchtigkeit standh\u00e4lt.\",\"breadcrumb\":{\"@id\":\"https:\/\/teguar.com\/eu\/de\/product\/trt-a5380-10\/#breadcrumb\"},\"inLanguage\":\"de\",\"potentialAction\":[{\"@type\":\"ReadAction\",\"target\":[\"https:\/\/teguar.com\/eu\/de\/product\/trt-a5380-10\/\"]}]},{\"@type\":\"ImageObject\",\"inLanguage\":\"de\",\"@id\":\"https:\/\/teguar.com\/eu\/de\/product\/trt-a5380-10\/#primaryimage\",\"url\":\"https:\/\/teguar.com\/eu\/wp-content\/uploads\/sites\/2\/2020\/07\/trt-a5380-10-android-rugged-tablet__32124.1595935000.1280.1280.jpg\",\"contentUrl\":\"https:\/\/teguar.com\/eu\/wp-content\/uploads\/sites\/2\/2020\/07\/trt-a5380-10-android-rugged-tablet__32124.1595935000.1280.1280.jpg\",\"width\":1000,\"height\":1000,\"caption\":\"10\\\" Rugged Android Tablet | TRT-A5380-10\"},{\"@type\":\"BreadcrumbList\",\"@id\":\"https:\/\/teguar.com\/eu\/de\/product\/trt-a5380-10\/#breadcrumb\",\"itemListElement\":[{\"@type\":\"ListItem\",\"position\":1,\"name\":\"Home\",\"item\":\"https:\/\/teguar.com\/eu\/de\/\"},{\"@type\":\"ListItem\",\"position\":2,\"name\":\"TRT-A5380-10\"}]},{\"@type\":\"WebSite\",\"@id\":\"https:\/\/teguar.com\/eu\/en\/#website\",\"url\":\"https:\/\/teguar.com\/eu\/en\/\",\"name\":\"Teguar\",\"description\":\"Industrial PCs, Medical Computers, and Rugged Tablets\",\"potentialAction\":[{\"@type\":\"SearchAction\",\"target\":{\"@type\":\"EntryPoint\",\"urlTemplate\":\"https:\/\/teguar.com\/eu\/en\/?s={search_term_string}\"},\"query-input\":{\"@type\":\"PropertyValueSpecification\",\"valueRequired\":true,\"valueName\":\"search_term_string\"}}],\"inLanguage\":\"de\"}]}<\/script>\n<!-- \/ Yoast SEO Premium plugin. -->","yoast_head_json":{"title":"10\" Robustes Tablet mit Android | TRT-A5380-10","description":"Das TRT-A5380-10 Android Rugged Tablet hat einen 10,1-Zoll-Touchscreen und ein robustes, wasserdichtes Geh\u00e4use, das St\u00fcrzen, St\u00f6\u00dfen und Feuchtigkeit standh\u00e4lt.","robots":{"index":"index","follow":"follow","max-snippet":"max-snippet:-1","max-image-preview":"max-image-preview:large","max-video-preview":"max-video-preview:-1"},"canonical":"https:\/\/teguar.com\/eu\/de\/product\/trt-a5380-10\/","og_locale":"de_DE","og_type":"article","og_title":"TRT-A5380-10","og_description":"Das TRT-A5380-10 Android Rugged Tablet hat einen 10,1-Zoll-Touchscreen und ein robustes, wasserdichtes Geh\u00e4use, das St\u00fcrzen, St\u00f6\u00dfen und Feuchtigkeit standh\u00e4lt.","og_url":"https:\/\/teguar.com\/eu\/de\/product\/trt-a5380-10\/","og_site_name":"Teguar","article_modified_time":"2025-11-20T16:54:32+00:00","og_image":[{"width":1000,"height":1000,"url":"https:\/\/teguar.com\/eu\/wp-content\/uploads\/sites\/2\/2020\/07\/trt-a5380-10-android-rugged-tablet__32124.1595935000.1280.1280.jpg","type":"image\/jpeg"}],"twitter_card":"summary_large_image","twitter_misc":{"Gesch\u00e4tzte Lesezeit":"1\u00a0Minute"},"schema":{"@context":"https:\/\/schema.org","@graph":[{"@type":"WebPage","@id":"https:\/\/teguar.com\/eu\/de\/product\/trt-a5380-10\/","url":"https:\/\/teguar.com\/eu\/de\/product\/trt-a5380-10\/","name":"10\" Robustes Tablet mit Android | TRT-A5380-10","isPartOf":{"@id":"https:\/\/teguar.com\/eu\/en\/#website"},"primaryImageOfPage":{"@id":"https:\/\/teguar.com\/eu\/de\/product\/trt-a5380-10\/#primaryimage"},"image":{"@id":"https:\/\/teguar.com\/eu\/de\/product\/trt-a5380-10\/#primaryimage"},"thumbnailUrl":"https:\/\/teguar.com\/eu\/wp-content\/uploads\/sites\/2\/2020\/07\/trt-a5380-10-android-rugged-tablet__32124.1595935000.1280.1280.jpg","datePublished":"2025-06-24T14:15:20+00:00","dateModified":"2025-11-20T16:54:32+00:00","description":"Das TRT-A5380-10 Android Rugged Tablet hat einen 10,1-Zoll-Touchscreen und ein robustes, wasserdichtes Geh\u00e4use, das St\u00fcrzen, St\u00f6\u00dfen und Feuchtigkeit standh\u00e4lt.","breadcrumb":{"@id":"https:\/\/teguar.com\/eu\/de\/product\/trt-a5380-10\/#breadcrumb"},"inLanguage":"de","potentialAction":[{"@type":"ReadAction","target":["https:\/\/teguar.com\/eu\/de\/product\/trt-a5380-10\/"]}]},{"@type":"ImageObject","inLanguage":"de","@id":"https:\/\/teguar.com\/eu\/de\/product\/trt-a5380-10\/#primaryimage","url":"https:\/\/teguar.com\/eu\/wp-content\/uploads\/sites\/2\/2020\/07\/trt-a5380-10-android-rugged-tablet__32124.1595935000.1280.1280.jpg","contentUrl":"https:\/\/teguar.com\/eu\/wp-content\/uploads\/sites\/2\/2020\/07\/trt-a5380-10-android-rugged-tablet__32124.1595935000.1280.1280.jpg","width":1000,"height":1000,"caption":"10\" Rugged Android Tablet | TRT-A5380-10"},{"@type":"BreadcrumbList","@id":"https:\/\/teguar.com\/eu\/de\/product\/trt-a5380-10\/#breadcrumb","itemListElement":[{"@type":"ListItem","position":1,"name":"Home","item":"https:\/\/teguar.com\/eu\/de\/"},{"@type":"ListItem","position":2,"name":"TRT-A5380-10"}]},{"@type":"WebSite","@id":"https:\/\/teguar.com\/eu\/en\/#website","url":"https:\/\/teguar.com\/eu\/en\/","name":"Teguar","description":"Industrial PCs, Medical Computers, and Rugged Tablets","potentialAction":[{"@type":"SearchAction","target":{"@type":"EntryPoint","urlTemplate":"https:\/\/teguar.com\/eu\/en\/?s={search_term_string}"},"query-input":{"@type":"PropertyValueSpecification","valueRequired":true,"valueName":"search_term_string"}}],"inLanguage":"de"}]}},"_links":{"self":[{"href":"https:\/\/teguar.com\/eu\/de\/wp-json\/wp\/v2\/product\/2245176","targetHints":{"allow":["GET"]}}],"collection":[{"href":"https:\/\/teguar.com\/eu\/de\/wp-json\/wp\/v2\/product"}],"about":[{"href":"https:\/\/teguar.com\/eu\/de\/wp-json\/wp\/v2\/types\/product"}],"wp:featuredmedia":[{"embeddable":true,"href":"https:\/\/teguar.com\/eu\/de\/wp-json\/wp\/v2\/media\/2246018"}],"wp:attachment":[{"href":"https:\/\/teguar.com\/eu\/de\/wp-json\/wp\/v2\/media?parent=2245176"}],"wp:term":[{"taxonomy":"product_brand","embeddable":true,"href":"https:\/\/teguar.com\/eu\/de\/wp-json\/wp\/v2\/product_brand?post=2245176"},{"taxonomy":"product_cat","embeddable":true,"href":"https:\/\/teguar.com\/eu\/de\/wp-json\/wp\/v2\/product_cat?post=2245176"},{"taxonomy":"product_tag","embeddable":true,"href":"https:\/\/teguar.com\/eu\/de\/wp-json\/wp\/v2\/product_tag?post=2245176"},{"taxonomy":"product_label","embeddable":true,"href":"https:\/\/teguar.com\/eu\/de\/wp-json\/wp\/v2\/product_label?post=2245176"}],"curies":[{"name":"wp","href":"https:\/\/api.w.org\/{rel}","templated":true}]}}