{"id":2245174,"date":"2025-06-24T14:14:25","date_gmt":"2025-06-24T14:14:25","guid":{"rendered":"https:\/\/teguar.com\/eu\/product\/trt-5180-10\/"},"modified":"2025-11-24T14:40:16","modified_gmt":"2025-11-24T14:40:16","slug":"trt-5180-10","status":"publish","type":"product","link":"https:\/\/teguar.com\/eu\/de\/product\/trt-5180-10\/","title":{"rendered":"TRT-5180-10"},"content":{"rendered":"<p>Das TRT-5180-10 ist <a href=\"https:\/\/teguar.com\/eu\/de\/rugged-tablet-pcs\/\">ein robustes Tablet<\/a>, das f\u00fcr den langfristigen Einsatz unter h\u00e4rtesten Bedingungen konzipiert ist. Es l\u00e4uft mit einem Intel Kabylake oder Skylake Dual Core-Prozessor und sein IP65-zertifiziertes Geh\u00e4use sch\u00fctzt es vor Wasser, Feuchtigkeit, Staub und Schmutz. Das TRT-5180-10 ist sturz- und sto\u00dfsicher, da es die Anforderungen von MIL-STD-810G erf\u00fcllt, und verf\u00fcgt \u00fcber einen leicht zug\u00e4nglichen, herausnehmbaren Akku mit einer Laufzeit von bis zu 8 Stunden. Dieses vielseitige Tablet ist mit einer Vielzahl von Ein- und Ausg\u00e4ngen ausgestattet und verf\u00fcgt standardm\u00e4\u00dfig \u00fcber integrierte Bluetooth-, Wi-Fi-, GPS- und 3G-Funktionen, damit Sie \u00fcberall in Verbindung bleiben k\u00f6nnen.   <\/p>\n","protected":false},"excerpt":{"rendered":"<p><a href=\"https:\/\/teguar.com\/eu\/de\/tablets-fuer-den-aussendienst\/\">Au\u00dfendienst und Service:<\/a> Ausgestattet mit einer Vielzahl von Ein- und Ausg\u00e4ngen und Konnektivit\u00e4tsoptionen eignen sich die Tablets der TRT-5180 Serie f\u00fcr Aufgaben im Vertriebs- und Serviceau\u00dfendienst, so dass Vertriebsmitarbeiter und Servicetechniker auf Kundeninformationen zugreifen, Bestellungen bearbeiten und Unterst\u00fctzung vor Ort leisten k\u00f6nnen.<\/p>\n<p><a href=\"https:\/\/teguar.com\/eu\/de\/computer-fuer-die-lagerverwaltung\/\">Lagerbestandskontrolle: <\/a>Die in robusten Geh\u00e4usen untergebrachten Tablets der TRT-5180 Serie k\u00f6nnen f\u00fcr die Lagerbestandskontrolle eingesetzt werden. Sie erm\u00f6glichen die genaue Verfolgung, das Scannen und die Aktualisierung von Bestandsdaten und verbessern so die Effizienz und reduzieren Fehler.<\/p>\n","protected":false},"featured_media":2246013,"template":"","meta":{"_acf_changed":false},"product_brand":[],"product_cat":[2266],"product_tag":[],"product_label":[],"class_list":{"0":"post-2245174","1":"product","2":"type-product","3":"status-publish","4":"has-post-thumbnail","6":"product_cat-rugged-windows-tablet","7":"pa_windows-windows-10-iot","8":"pa_windows-windows-10-pro","10":"first","11":"onbackorder","12":"taxable","13":"shipping-taxable","14":"purchasable","15":"product-type-composite"},"composite_virtual":false,"composite_layout":"single","composite_add_to_cart_form_location":"default","composite_editable_in_cart":false,"composite_sold_individually_context":"product","composite_shop_price_calc":"min_max","composite_components":[{"id":"1751919229","title":"RAM und Speicher","description":"","query_type":"product_ids","query_ids":[2241253],"default_option_id":"","thumbnail_id":"","thumbnail_src":"","quantity_min":1,"quantity_max":1,"priced_individually":false,"shipped_individually":false,"optional":false,"discount":"","options_style":"dropdowns","pagination_style":"classic","display_prices":"absolute","show_sorting_options":false,"show_filtering_options":false,"attribute_filter_ids":[],"select_action":"view","product_title_visible":true,"product_descr_visible":false,"product_price_visible":false,"product_thumb_visible":false,"subtotal_visible_product":true,"subtotal_visible_cart":false,"subtotal_visible_orders":false},{"id":"1751312364","title":"Betriebssystem","description":"","query_type":"product_ids","query_ids":[2240735],"default_option_id":"","thumbnail_id":"","thumbnail_src":"","quantity_min":1,"quantity_max":1,"priced_individually":false,"shipped_individually":false,"optional":false,"discount":"","options_style":"dropdowns","pagination_style":"classic","display_prices":"absolute","show_sorting_options":false,"show_filtering_options":false,"attribute_filter_ids":[],"select_action":"view","product_title_visible":true,"product_descr_visible":false,"product_price_visible":true,"product_thumb_visible":false,"subtotal_visible_product":true,"subtotal_visible_cart":false,"subtotal_visible_orders":false}],"composite_scenarios":[],"acf":[],"yoast_head":"<!-- This site is optimized with the Yoast SEO Premium plugin v26.8 (Yoast SEO v27.2) - https:\/\/yoast.com\/product\/yoast-seo-premium-wordpress\/ -->\n<title>Robuster 10&quot; Tablet PC | TRT-5180-10<\/title>\n<meta name=\"description\" content=\"Dieses robuste 10-Zoll-Tablet entspricht der Schutzklasse IP65 und erf\u00fcllt die Anforderungen von MIL-STD-810G zum Schutz vor St\u00f6\u00dfen und St\u00fcrzen. Das TRT-5180-10 von Teguar hat einen im laufenden Betrieb austauschbaren Akku.\" \/>\n<meta name=\"robots\" content=\"index, follow, max-snippet:-1, max-image-preview:large, max-video-preview:-1\" \/>\n<link rel=\"canonical\" href=\"https:\/\/teguar.com\/eu\/de\/product\/trt-5180-10\/\" \/>\n<meta property=\"og:locale\" content=\"de_DE\" \/>\n<meta property=\"og:type\" content=\"article\" \/>\n<meta property=\"og:title\" content=\"TRT-5180-10\" \/>\n<meta property=\"og:description\" content=\"Dieses robuste 10-Zoll-Tablet entspricht der Schutzklasse IP65 und erf\u00fcllt die Anforderungen von MIL-STD-810G zum Schutz vor St\u00f6\u00dfen und St\u00fcrzen. Das TRT-5180-10 von Teguar hat einen im laufenden Betrieb austauschbaren Akku.\" \/>\n<meta property=\"og:url\" content=\"https:\/\/teguar.com\/eu\/de\/product\/trt-5180-10\/\" \/>\n<meta property=\"og:site_name\" content=\"Teguar\" \/>\n<meta property=\"article:modified_time\" content=\"2025-11-24T14:40:16+00:00\" \/>\n<meta property=\"og:image\" content=\"https:\/\/teguar.com\/eu\/wp-content\/uploads\/sites\/2\/2020\/07\/TRT-5180-10-rugged-tablet-front__22684.1604344690.1280.1280.jpg\" \/>\n\t<meta property=\"og:image:width\" content=\"1000\" \/>\n\t<meta property=\"og:image:height\" content=\"1000\" \/>\n\t<meta property=\"og:image:type\" content=\"image\/jpeg\" \/>\n<meta name=\"twitter:card\" content=\"summary_large_image\" \/>\n<meta name=\"twitter:label1\" content=\"Gesch\u00e4tzte Lesezeit\" \/>\n\t<meta name=\"twitter:data1\" content=\"1\u00a0Minute\" \/>\n<script type=\"application\/ld+json\" class=\"yoast-schema-graph\">{\"@context\":\"https:\/\/schema.org\",\"@graph\":[{\"@type\":\"WebPage\",\"@id\":\"https:\/\/teguar.com\/eu\/de\/product\/trt-5180-10\/\",\"url\":\"https:\/\/teguar.com\/eu\/de\/product\/trt-5180-10\/\",\"name\":\"Robuster 10\\\" Tablet PC | TRT-5180-10\",\"isPartOf\":{\"@id\":\"https:\/\/teguar.com\/eu\/en\/#website\"},\"primaryImageOfPage\":{\"@id\":\"https:\/\/teguar.com\/eu\/de\/product\/trt-5180-10\/#primaryimage\"},\"image\":{\"@id\":\"https:\/\/teguar.com\/eu\/de\/product\/trt-5180-10\/#primaryimage\"},\"thumbnailUrl\":\"https:\/\/teguar.com\/eu\/wp-content\/uploads\/sites\/2\/2020\/07\/TRT-5180-10-rugged-tablet-front__22684.1604344690.1280.1280.jpg\",\"datePublished\":\"2025-06-24T14:14:25+00:00\",\"dateModified\":\"2025-11-24T14:40:16+00:00\",\"description\":\"Dieses robuste 10-Zoll-Tablet entspricht der Schutzklasse IP65 und erf\u00fcllt die Anforderungen von MIL-STD-810G zum Schutz vor St\u00f6\u00dfen und St\u00fcrzen. Das TRT-5180-10 von Teguar hat einen im laufenden Betrieb austauschbaren Akku.\",\"breadcrumb\":{\"@id\":\"https:\/\/teguar.com\/eu\/de\/product\/trt-5180-10\/#breadcrumb\"},\"inLanguage\":\"de\",\"potentialAction\":[{\"@type\":\"ReadAction\",\"target\":[\"https:\/\/teguar.com\/eu\/de\/product\/trt-5180-10\/\"]}]},{\"@type\":\"ImageObject\",\"inLanguage\":\"de\",\"@id\":\"https:\/\/teguar.com\/eu\/de\/product\/trt-5180-10\/#primaryimage\",\"url\":\"https:\/\/teguar.com\/eu\/wp-content\/uploads\/sites\/2\/2020\/07\/TRT-5180-10-rugged-tablet-front__22684.1604344690.1280.1280.jpg\",\"contentUrl\":\"https:\/\/teguar.com\/eu\/wp-content\/uploads\/sites\/2\/2020\/07\/TRT-5180-10-rugged-tablet-front__22684.1604344690.1280.1280.jpg\",\"width\":1000,\"height\":1000,\"caption\":\"10\\\" Rugged Tablet | TRT-5180-10\"},{\"@type\":\"BreadcrumbList\",\"@id\":\"https:\/\/teguar.com\/eu\/de\/product\/trt-5180-10\/#breadcrumb\",\"itemListElement\":[{\"@type\":\"ListItem\",\"position\":1,\"name\":\"Home\",\"item\":\"https:\/\/teguar.com\/eu\/de\/\"},{\"@type\":\"ListItem\",\"position\":2,\"name\":\"TRT-5180-10\"}]},{\"@type\":\"WebSite\",\"@id\":\"https:\/\/teguar.com\/eu\/en\/#website\",\"url\":\"https:\/\/teguar.com\/eu\/en\/\",\"name\":\"Teguar\",\"description\":\"Industrial PCs, Medical Computers, and Rugged Tablets\",\"potentialAction\":[{\"@type\":\"SearchAction\",\"target\":{\"@type\":\"EntryPoint\",\"urlTemplate\":\"https:\/\/teguar.com\/eu\/en\/?s={search_term_string}\"},\"query-input\":{\"@type\":\"PropertyValueSpecification\",\"valueRequired\":true,\"valueName\":\"search_term_string\"}}],\"inLanguage\":\"de\"}]}<\/script>\n<!-- \/ Yoast SEO Premium plugin. -->","yoast_head_json":{"title":"Robuster 10\" Tablet PC | TRT-5180-10","description":"Dieses robuste 10-Zoll-Tablet entspricht der Schutzklasse IP65 und erf\u00fcllt die Anforderungen von MIL-STD-810G zum Schutz vor St\u00f6\u00dfen und St\u00fcrzen. Das TRT-5180-10 von Teguar hat einen im laufenden Betrieb austauschbaren Akku.","robots":{"index":"index","follow":"follow","max-snippet":"max-snippet:-1","max-image-preview":"max-image-preview:large","max-video-preview":"max-video-preview:-1"},"canonical":"https:\/\/teguar.com\/eu\/de\/product\/trt-5180-10\/","og_locale":"de_DE","og_type":"article","og_title":"TRT-5180-10","og_description":"Dieses robuste 10-Zoll-Tablet entspricht der Schutzklasse IP65 und erf\u00fcllt die Anforderungen von MIL-STD-810G zum Schutz vor St\u00f6\u00dfen und St\u00fcrzen. Das TRT-5180-10 von Teguar hat einen im laufenden Betrieb austauschbaren Akku.","og_url":"https:\/\/teguar.com\/eu\/de\/product\/trt-5180-10\/","og_site_name":"Teguar","article_modified_time":"2025-11-24T14:40:16+00:00","og_image":[{"width":1000,"height":1000,"url":"https:\/\/teguar.com\/eu\/wp-content\/uploads\/sites\/2\/2020\/07\/TRT-5180-10-rugged-tablet-front__22684.1604344690.1280.1280.jpg","type":"image\/jpeg"}],"twitter_card":"summary_large_image","twitter_misc":{"Gesch\u00e4tzte Lesezeit":"1\u00a0Minute"},"schema":{"@context":"https:\/\/schema.org","@graph":[{"@type":"WebPage","@id":"https:\/\/teguar.com\/eu\/de\/product\/trt-5180-10\/","url":"https:\/\/teguar.com\/eu\/de\/product\/trt-5180-10\/","name":"Robuster 10\" Tablet PC | TRT-5180-10","isPartOf":{"@id":"https:\/\/teguar.com\/eu\/en\/#website"},"primaryImageOfPage":{"@id":"https:\/\/teguar.com\/eu\/de\/product\/trt-5180-10\/#primaryimage"},"image":{"@id":"https:\/\/teguar.com\/eu\/de\/product\/trt-5180-10\/#primaryimage"},"thumbnailUrl":"https:\/\/teguar.com\/eu\/wp-content\/uploads\/sites\/2\/2020\/07\/TRT-5180-10-rugged-tablet-front__22684.1604344690.1280.1280.jpg","datePublished":"2025-06-24T14:14:25+00:00","dateModified":"2025-11-24T14:40:16+00:00","description":"Dieses robuste 10-Zoll-Tablet entspricht der Schutzklasse IP65 und erf\u00fcllt die Anforderungen von MIL-STD-810G zum Schutz vor St\u00f6\u00dfen und St\u00fcrzen. Das TRT-5180-10 von Teguar hat einen im laufenden Betrieb austauschbaren Akku.","breadcrumb":{"@id":"https:\/\/teguar.com\/eu\/de\/product\/trt-5180-10\/#breadcrumb"},"inLanguage":"de","potentialAction":[{"@type":"ReadAction","target":["https:\/\/teguar.com\/eu\/de\/product\/trt-5180-10\/"]}]},{"@type":"ImageObject","inLanguage":"de","@id":"https:\/\/teguar.com\/eu\/de\/product\/trt-5180-10\/#primaryimage","url":"https:\/\/teguar.com\/eu\/wp-content\/uploads\/sites\/2\/2020\/07\/TRT-5180-10-rugged-tablet-front__22684.1604344690.1280.1280.jpg","contentUrl":"https:\/\/teguar.com\/eu\/wp-content\/uploads\/sites\/2\/2020\/07\/TRT-5180-10-rugged-tablet-front__22684.1604344690.1280.1280.jpg","width":1000,"height":1000,"caption":"10\" Rugged Tablet | TRT-5180-10"},{"@type":"BreadcrumbList","@id":"https:\/\/teguar.com\/eu\/de\/product\/trt-5180-10\/#breadcrumb","itemListElement":[{"@type":"ListItem","position":1,"name":"Home","item":"https:\/\/teguar.com\/eu\/de\/"},{"@type":"ListItem","position":2,"name":"TRT-5180-10"}]},{"@type":"WebSite","@id":"https:\/\/teguar.com\/eu\/en\/#website","url":"https:\/\/teguar.com\/eu\/en\/","name":"Teguar","description":"Industrial PCs, Medical Computers, and Rugged Tablets","potentialAction":[{"@type":"SearchAction","target":{"@type":"EntryPoint","urlTemplate":"https:\/\/teguar.com\/eu\/en\/?s={search_term_string}"},"query-input":{"@type":"PropertyValueSpecification","valueRequired":true,"valueName":"search_term_string"}}],"inLanguage":"de"}]}},"_links":{"self":[{"href":"https:\/\/teguar.com\/eu\/de\/wp-json\/wp\/v2\/product\/2245174","targetHints":{"allow":["GET"]}}],"collection":[{"href":"https:\/\/teguar.com\/eu\/de\/wp-json\/wp\/v2\/product"}],"about":[{"href":"https:\/\/teguar.com\/eu\/de\/wp-json\/wp\/v2\/types\/product"}],"wp:featuredmedia":[{"embeddable":true,"href":"https:\/\/teguar.com\/eu\/de\/wp-json\/wp\/v2\/media\/2246013"}],"wp:attachment":[{"href":"https:\/\/teguar.com\/eu\/de\/wp-json\/wp\/v2\/media?parent=2245174"}],"wp:term":[{"taxonomy":"product_brand","embeddable":true,"href":"https:\/\/teguar.com\/eu\/de\/wp-json\/wp\/v2\/product_brand?post=2245174"},{"taxonomy":"product_cat","embeddable":true,"href":"https:\/\/teguar.com\/eu\/de\/wp-json\/wp\/v2\/product_cat?post=2245174"},{"taxonomy":"product_tag","embeddable":true,"href":"https:\/\/teguar.com\/eu\/de\/wp-json\/wp\/v2\/product_tag?post=2245174"},{"taxonomy":"product_label","embeddable":true,"href":"https:\/\/teguar.com\/eu\/de\/wp-json\/wp\/v2\/product_label?post=2245174"}],"curies":[{"name":"wp","href":"https:\/\/api.w.org\/{rel}","templated":true}]}}