{"id":2245172,"date":"2025-06-24T14:15:20","date_gmt":"2025-06-24T14:15:20","guid":{"rendered":"https:\/\/teguar.com\/eu\/product\/trt-q5380-10h\/"},"modified":"2025-11-20T16:54:27","modified_gmt":"2025-11-20T16:54:27","slug":"trt-q5380-10h","status":"publish","type":"product","link":"https:\/\/teguar.com\/eu\/de\/product\/trt-q5380-10h\/","title":{"rendered":"TRT-Q5380-10H"},"content":{"rendered":"<p>Das TRT-Q5380-10H Android Rugged Tablet wurde f\u00fcr raue Umgebungen in Branchen wie dem Baugewerbe, dem Transportwesen, dem Au\u00dfendienst, der Lagerverwaltung und mehr entwickelt. Dank des leistungsstarken Qualcomm-Chipsatzes k\u00f6nnen Sie mit diesem Tablet zuverl\u00e4ssig gesch\u00e4ftskritische Anwendungen und Aufgaben ausf\u00fchren. Das helle 800-Nit-Display, das sturz- und sto\u00dfsichere Geh\u00e4use und die fortschrittlichen Konnektivit\u00e4tsoptionen wie 4G LTE und GPS erm\u00f6glichen es Ihnen, dieses Tablet \u00fcberallhin mitzunehmen. Ein Erweiterungssteckplatz erm\u00f6glicht den Anschluss von Standard- oder benutzerdefinierten Modulen wie einem biometrischen Fingerabdruckleser, HF- und UHF-RFID, RJ45 LAN und COM-Port, IC-Kartenleser und mehr. Der TRT-Q5380-10H ist GMS-zertifiziert mit Android 9 f\u00fcr die europ\u00e4ischen M\u00e4rkte.    <\/p>\n<p><strong><span class=\"ui-provider a b c d e f g h i j k l m n o p q r s t u v w x y z ab ac ae af ag ah ai aj ak\" dir=\"ltr\">Dieses Produkt gilt jetzt als &#8222;Vorherige Generation&#8220;, d.h. es kann sein, dass es nicht mehr erh\u00e4ltlich ist. Rufen Sie +1 800 870 7715 an, um Details zu diesem Produkt zu erfahren, oder sehen Sie sich unsere vollst\u00e4ndige Liste der derzeit verf\u00fcgbaren <a href=\"https:\/\/teguar.com\/eu\/de\/rugged-tablet-pcs\/\">robusten Android-Tablets an.<\/a> <\/span><\/strong><\/p>\n","protected":false},"excerpt":{"rendered":"<p>Das TRT-Q5380-10H Qualcomm Rugged Tablet hat einen 10,1&#8243; PCap-Touchscreen und ein sturz- und sto\u00dffestes Geh\u00e4use. Mit dem leistungsstarken Qualcomm Octa-Core-Prozessor ist dieses industrietaugliche Tablet so konzipiert, dass Sie immer und \u00fcberall in Verbindung bleiben. Es ist GMS-zertifiziert mit Android 9 f\u00fcr die europ\u00e4ischen M\u00e4rkte.  <\/p>\n","protected":false},"featured_media":2246022,"template":"","meta":{"_acf_changed":false},"product_brand":[],"product_cat":[2842],"product_tag":[],"product_label":[],"class_list":{"0":"post-2245172","1":"product","2":"type-product","3":"status-publish","4":"has-post-thumbnail","6":"product_cat-rugged-android-tablets","8":"first","9":"outofstock","10":"taxable","11":"shipping-taxable","12":"purchasable","13":"product-type-simple"},"composite_virtual":false,"composite_layout":"","composite_add_to_cart_form_location":"","composite_editable_in_cart":false,"composite_sold_individually_context":"","composite_shop_price_calc":"","composite_components":[],"composite_scenarios":[],"acf":[],"yoast_head":"<!-- This site is optimized with the Yoast SEO Premium plugin v26.8 (Yoast SEO v27.2) - https:\/\/yoast.com\/product\/yoast-seo-premium-wordpress\/ -->\n<title>Robustes 10&quot; Qualcomm Tablet | TRT-Q5380-10H<\/title>\n<meta name=\"description\" content=\"Das TRT-Q5380-10H Industrie-Tablet von Teguar l\u00e4uft mit Android 9.0 und einem Qualcomm MSM8953 Octacore-Prozessor. Es ist nach IP65 und MIL-STD-810G zertifiziert.\" \/>\n<meta name=\"robots\" content=\"index, follow, max-snippet:-1, max-image-preview:large, max-video-preview:-1\" \/>\n<link rel=\"canonical\" href=\"https:\/\/teguar.com\/eu\/de\/product\/trt-q5380-10h\/\" \/>\n<meta property=\"og:locale\" content=\"de_DE\" \/>\n<meta property=\"og:type\" content=\"article\" \/>\n<meta property=\"og:title\" content=\"TRT-Q5380-10H\" \/>\n<meta property=\"og:description\" content=\"Das TRT-Q5380-10H Industrie-Tablet von Teguar l\u00e4uft mit Android 9.0 und einem Qualcomm MSM8953 Octacore-Prozessor. Es ist nach IP65 und MIL-STD-810G zertifiziert.\" \/>\n<meta property=\"og:url\" content=\"https:\/\/teguar.com\/eu\/de\/product\/trt-q5380-10h\/\" \/>\n<meta property=\"og:site_name\" content=\"Teguar\" \/>\n<meta property=\"article:modified_time\" content=\"2025-11-20T16:54:27+00:00\" \/>\n<meta property=\"og:image\" content=\"https:\/\/teguar.com\/eu\/wp-content\/uploads\/sites\/2\/2020\/07\/trt-q5380-10_frontslant__32747.1595935004.1280.1280.jpg\" \/>\n\t<meta property=\"og:image:width\" content=\"1000\" \/>\n\t<meta property=\"og:image:height\" content=\"1000\" \/>\n\t<meta property=\"og:image:type\" content=\"image\/jpeg\" \/>\n<meta name=\"twitter:card\" content=\"summary_large_image\" \/>\n<meta name=\"twitter:label1\" content=\"Gesch\u00e4tzte Lesezeit\" \/>\n\t<meta name=\"twitter:data1\" content=\"1\u00a0Minute\" \/>\n<script type=\"application\/ld+json\" class=\"yoast-schema-graph\">{\"@context\":\"https:\/\/schema.org\",\"@graph\":[{\"@type\":\"WebPage\",\"@id\":\"https:\/\/teguar.com\/eu\/de\/product\/trt-q5380-10h\/\",\"url\":\"https:\/\/teguar.com\/eu\/de\/product\/trt-q5380-10h\/\",\"name\":\"Robustes 10\\\" Qualcomm Tablet | TRT-Q5380-10H\",\"isPartOf\":{\"@id\":\"https:\/\/teguar.com\/eu\/en\/#website\"},\"primaryImageOfPage\":{\"@id\":\"https:\/\/teguar.com\/eu\/de\/product\/trt-q5380-10h\/#primaryimage\"},\"image\":{\"@id\":\"https:\/\/teguar.com\/eu\/de\/product\/trt-q5380-10h\/#primaryimage\"},\"thumbnailUrl\":\"https:\/\/teguar.com\/eu\/wp-content\/uploads\/sites\/2\/2020\/07\/trt-q5380-10_frontslant__32747.1595935004.1280.1280.jpg\",\"datePublished\":\"2025-06-24T14:15:20+00:00\",\"dateModified\":\"2025-11-20T16:54:27+00:00\",\"description\":\"Das TRT-Q5380-10H Industrie-Tablet von Teguar l\u00e4uft mit Android 9.0 und einem Qualcomm MSM8953 Octacore-Prozessor. Es ist nach IP65 und MIL-STD-810G zertifiziert.\",\"breadcrumb\":{\"@id\":\"https:\/\/teguar.com\/eu\/de\/product\/trt-q5380-10h\/#breadcrumb\"},\"inLanguage\":\"de\",\"potentialAction\":[{\"@type\":\"ReadAction\",\"target\":[\"https:\/\/teguar.com\/eu\/de\/product\/trt-q5380-10h\/\"]}]},{\"@type\":\"ImageObject\",\"inLanguage\":\"de\",\"@id\":\"https:\/\/teguar.com\/eu\/de\/product\/trt-q5380-10h\/#primaryimage\",\"url\":\"https:\/\/teguar.com\/eu\/wp-content\/uploads\/sites\/2\/2020\/07\/trt-q5380-10_frontslant__32747.1595935004.1280.1280.jpg\",\"contentUrl\":\"https:\/\/teguar.com\/eu\/wp-content\/uploads\/sites\/2\/2020\/07\/trt-q5380-10_frontslant__32747.1595935004.1280.1280.jpg\",\"width\":1000,\"height\":1000,\"caption\":\"Android Rugged Tablet | TRT-Q5380-10H\"},{\"@type\":\"BreadcrumbList\",\"@id\":\"https:\/\/teguar.com\/eu\/de\/product\/trt-q5380-10h\/#breadcrumb\",\"itemListElement\":[{\"@type\":\"ListItem\",\"position\":1,\"name\":\"Home\",\"item\":\"https:\/\/teguar.com\/eu\/de\/\"},{\"@type\":\"ListItem\",\"position\":2,\"name\":\"TRT-Q5380-10H\"}]},{\"@type\":\"WebSite\",\"@id\":\"https:\/\/teguar.com\/eu\/en\/#website\",\"url\":\"https:\/\/teguar.com\/eu\/en\/\",\"name\":\"Teguar\",\"description\":\"Industrial PCs, Medical Computers, and Rugged Tablets\",\"potentialAction\":[{\"@type\":\"SearchAction\",\"target\":{\"@type\":\"EntryPoint\",\"urlTemplate\":\"https:\/\/teguar.com\/eu\/en\/?s={search_term_string}\"},\"query-input\":{\"@type\":\"PropertyValueSpecification\",\"valueRequired\":true,\"valueName\":\"search_term_string\"}}],\"inLanguage\":\"de\"}]}<\/script>\n<!-- \/ Yoast SEO Premium plugin. -->","yoast_head_json":{"title":"Robustes 10\" Qualcomm Tablet | TRT-Q5380-10H","description":"Das TRT-Q5380-10H Industrie-Tablet von Teguar l\u00e4uft mit Android 9.0 und einem Qualcomm MSM8953 Octacore-Prozessor. Es ist nach IP65 und MIL-STD-810G zertifiziert.","robots":{"index":"index","follow":"follow","max-snippet":"max-snippet:-1","max-image-preview":"max-image-preview:large","max-video-preview":"max-video-preview:-1"},"canonical":"https:\/\/teguar.com\/eu\/de\/product\/trt-q5380-10h\/","og_locale":"de_DE","og_type":"article","og_title":"TRT-Q5380-10H","og_description":"Das TRT-Q5380-10H Industrie-Tablet von Teguar l\u00e4uft mit Android 9.0 und einem Qualcomm MSM8953 Octacore-Prozessor. Es ist nach IP65 und MIL-STD-810G zertifiziert.","og_url":"https:\/\/teguar.com\/eu\/de\/product\/trt-q5380-10h\/","og_site_name":"Teguar","article_modified_time":"2025-11-20T16:54:27+00:00","og_image":[{"width":1000,"height":1000,"url":"https:\/\/teguar.com\/eu\/wp-content\/uploads\/sites\/2\/2020\/07\/trt-q5380-10_frontslant__32747.1595935004.1280.1280.jpg","type":"image\/jpeg"}],"twitter_card":"summary_large_image","twitter_misc":{"Gesch\u00e4tzte Lesezeit":"1\u00a0Minute"},"schema":{"@context":"https:\/\/schema.org","@graph":[{"@type":"WebPage","@id":"https:\/\/teguar.com\/eu\/de\/product\/trt-q5380-10h\/","url":"https:\/\/teguar.com\/eu\/de\/product\/trt-q5380-10h\/","name":"Robustes 10\" Qualcomm Tablet | TRT-Q5380-10H","isPartOf":{"@id":"https:\/\/teguar.com\/eu\/en\/#website"},"primaryImageOfPage":{"@id":"https:\/\/teguar.com\/eu\/de\/product\/trt-q5380-10h\/#primaryimage"},"image":{"@id":"https:\/\/teguar.com\/eu\/de\/product\/trt-q5380-10h\/#primaryimage"},"thumbnailUrl":"https:\/\/teguar.com\/eu\/wp-content\/uploads\/sites\/2\/2020\/07\/trt-q5380-10_frontslant__32747.1595935004.1280.1280.jpg","datePublished":"2025-06-24T14:15:20+00:00","dateModified":"2025-11-20T16:54:27+00:00","description":"Das TRT-Q5380-10H Industrie-Tablet von Teguar l\u00e4uft mit Android 9.0 und einem Qualcomm MSM8953 Octacore-Prozessor. Es ist nach IP65 und MIL-STD-810G zertifiziert.","breadcrumb":{"@id":"https:\/\/teguar.com\/eu\/de\/product\/trt-q5380-10h\/#breadcrumb"},"inLanguage":"de","potentialAction":[{"@type":"ReadAction","target":["https:\/\/teguar.com\/eu\/de\/product\/trt-q5380-10h\/"]}]},{"@type":"ImageObject","inLanguage":"de","@id":"https:\/\/teguar.com\/eu\/de\/product\/trt-q5380-10h\/#primaryimage","url":"https:\/\/teguar.com\/eu\/wp-content\/uploads\/sites\/2\/2020\/07\/trt-q5380-10_frontslant__32747.1595935004.1280.1280.jpg","contentUrl":"https:\/\/teguar.com\/eu\/wp-content\/uploads\/sites\/2\/2020\/07\/trt-q5380-10_frontslant__32747.1595935004.1280.1280.jpg","width":1000,"height":1000,"caption":"Android Rugged Tablet | TRT-Q5380-10H"},{"@type":"BreadcrumbList","@id":"https:\/\/teguar.com\/eu\/de\/product\/trt-q5380-10h\/#breadcrumb","itemListElement":[{"@type":"ListItem","position":1,"name":"Home","item":"https:\/\/teguar.com\/eu\/de\/"},{"@type":"ListItem","position":2,"name":"TRT-Q5380-10H"}]},{"@type":"WebSite","@id":"https:\/\/teguar.com\/eu\/en\/#website","url":"https:\/\/teguar.com\/eu\/en\/","name":"Teguar","description":"Industrial PCs, Medical Computers, and Rugged Tablets","potentialAction":[{"@type":"SearchAction","target":{"@type":"EntryPoint","urlTemplate":"https:\/\/teguar.com\/eu\/en\/?s={search_term_string}"},"query-input":{"@type":"PropertyValueSpecification","valueRequired":true,"valueName":"search_term_string"}}],"inLanguage":"de"}]}},"_links":{"self":[{"href":"https:\/\/teguar.com\/eu\/de\/wp-json\/wp\/v2\/product\/2245172","targetHints":{"allow":["GET"]}}],"collection":[{"href":"https:\/\/teguar.com\/eu\/de\/wp-json\/wp\/v2\/product"}],"about":[{"href":"https:\/\/teguar.com\/eu\/de\/wp-json\/wp\/v2\/types\/product"}],"wp:featuredmedia":[{"embeddable":true,"href":"https:\/\/teguar.com\/eu\/de\/wp-json\/wp\/v2\/media\/2246022"}],"wp:attachment":[{"href":"https:\/\/teguar.com\/eu\/de\/wp-json\/wp\/v2\/media?parent=2245172"}],"wp:term":[{"taxonomy":"product_brand","embeddable":true,"href":"https:\/\/teguar.com\/eu\/de\/wp-json\/wp\/v2\/product_brand?post=2245172"},{"taxonomy":"product_cat","embeddable":true,"href":"https:\/\/teguar.com\/eu\/de\/wp-json\/wp\/v2\/product_cat?post=2245172"},{"taxonomy":"product_tag","embeddable":true,"href":"https:\/\/teguar.com\/eu\/de\/wp-json\/wp\/v2\/product_tag?post=2245172"},{"taxonomy":"product_label","embeddable":true,"href":"https:\/\/teguar.com\/eu\/de\/wp-json\/wp\/v2\/product_label?post=2245172"}],"curies":[{"name":"wp","href":"https:\/\/api.w.org\/{rel}","templated":true}]}}