{"id":2245168,"date":"2025-06-24T14:15:20","date_gmt":"2025-06-24T14:15:20","guid":{"rendered":"https:\/\/teguar.com\/eu\/product\/tp-5045-15\/"},"modified":"2025-11-20T16:54:02","modified_gmt":"2025-11-20T16:54:02","slug":"tp-5045-15","status":"publish","type":"product","link":"https:\/\/teguar.com\/eu\/de\/product\/tp-5045-15\/","title":{"rendered":"TP-5045-15"},"content":{"rendered":"<p>Der l\u00fcfterlose <a href=\"https:\/\/teguar.com\/eu\/de\/panel-pcs\/\">Panel-PC<\/a> TP-5045-15 bietet mit den neuesten Intel Core i3\/i5-CPUs der 6. Generation eine \u00fcberragende Rechenleistung mit Unterst\u00fctzung f\u00fcr eine lange Lebensdauer. Das einzigartige kompakte thermische Design umfasst ein robustes Aluminium-Druckgussgeh\u00e4use f\u00fcr l\u00fcfterlosen Betrieb und Haltbarkeit bei starken St\u00f6\u00dfen und Vibrationen. Die Frontblende entspricht der Schutzklasse IP66 f\u00fcr den Schutz vor Wasser und Staub und verwendet ein vollst\u00e4ndig flaches Design, um die Ansammlung von Partikeln auf der Vorderseite zu verhindern. Mit bis zu 16 GB DDR4-Speicher ist der l\u00fcfterlose Panel-PC TP-5045-15 eine ideale L\u00f6sung f\u00fcr die meisten Windows- oder Linux-basierten Anwendungen. F\u00fcr Umgebungen mit geringer Sichtbarkeit des Bildschirms kann ein Touchscreen mit hoher Helligkeit gew\u00e4hlt werden. Au\u00dferdem kann ein optionaler PoE (Power over Ethernet) GbE LAN-Anschluss hinzugef\u00fcgt werden, um die Verkabelung zu vereinfachen. Der TP-5045-15 ist eine gro\u00dfartige L\u00f6sung f\u00fcr Anwendungen wie z.B. einen Daten-Hub f\u00fcr Ihre IoT- \/ IIoT-Sensoren und zur Ausf\u00fchrung Ihrer ERP-Software (Enterprise Resource Planning).      <\/p>\n","protected":false},"excerpt":{"rendered":"<p><a href=\"https:\/\/teguar.com\/eu\/de\/computer-fuer-die-industrielle-automatisierung\/\">Fabrikautomation:<\/a>Die TP-5045 Serie kann als Steuerungsschnittstelle f\u00fcr Fabrikautomationssysteme verwendet werden und erm\u00f6glicht es den Bedienern, Produktionsprozesse, Maschinen und Anlagen zu \u00fcberwachen und zu verwalten.<\/p>\n<p>Prozesssteuerung: Diese Industrie-Panel-PCs eignen sich f\u00fcr Prozesssteuerungsanwendungen in Branchen wie <a href=\"https:\/\/teguar.com\/eu\/oil-gas-computer\/\">\u00d6l und Gas<\/a>, <a href=\"https:\/\/teguar.com\/eu\/chemical-processing-computer\/\">Chemie<\/a> und <a href=\"https:\/\/teguar.com\/eu\/de\/pharmazeutische-computer\/\">Pharmazie<\/a> und erm\u00f6glichen die \u00dcberwachung und Steuerung kritischer Variablen und Parameter in Echtzeit.<\/p>\n<p><a href=\"https:\/\/teguar.com\/eu\/de\/computer-fuer-die-lagerverwaltung\/\">Logistik und Lagerverwaltung: <\/a>Die TP-5045 Serie kann in Logistik- und Lagerumgebungen zur Bestandsverwaltung, Auftragsverfolgung und Lageroptimierung eingesetzt werden, um Abl\u00e4ufe zu rationalisieren und die Effizienz zu verbessern.<\/p>\n<p><a href=\"https:\/\/teguar.com\/eu\/building-automation-computer-2\/\">Geb\u00e4udeautomatisierung:<\/a> Diese Panel-PCs k\u00f6nnen als zentrales Kontrollsystem f\u00fcr die Geb\u00e4udeautomatisierung dienen und erm\u00f6glichen es Geb\u00e4udemanagern, verschiedene Systeme wie Beleuchtung, HLK, Sicherheit und Zugangskontrolle zu \u00fcberwachen und zu steuern.<\/p>\n<p><a href=\"https:\/\/teguar.com\/eu\/logistics-transportation-computer\/\">Transport- und Flottenmanagement:<\/a> Die TP-5045 Serie kann in Transport- und Flottenmanagement-Anwendungen eingesetzt werden und bietet Echtzeit-Tracking, Routenoptimierung und Kommunikationsfunktionen f\u00fcr verbesserte Logistik und Flotteneffizienz.<\/p>\n","protected":false},"featured_media":2246024,"template":"","meta":{"_acf_changed":false},"product_brand":[],"product_cat":[2265],"product_tag":[],"product_label":[],"class_list":{"0":"post-2245168","1":"product","2":"type-product","3":"status-publish","4":"has-post-thumbnail","6":"product_cat-panel-pc","7":"pa_windows-windows-10-iot","8":"pa_windows-windows-7-pro","10":"first","11":"outofstock","12":"taxable","13":"shipping-taxable","14":"purchasable","15":"product-type-simple"},"composite_virtual":false,"composite_layout":"","composite_add_to_cart_form_location":"","composite_editable_in_cart":false,"composite_sold_individually_context":"","composite_shop_price_calc":"","composite_components":[],"composite_scenarios":[],"acf":[],"yoast_head":"<!-- This site is optimized with the Yoast SEO Premium plugin v26.8 (Yoast SEO v27.2) - https:\/\/yoast.com\/product\/yoast-seo-premium-wordpress\/ -->\n<title>15&quot; Industrie-Panel-Computer | TP-5045-15<\/title>\n<meta name=\"description\" content=\"Moderner 15 Zoll l\u00fcfterloser Core i3\/i5 Industrie-Touchscreen-Panel-PC. Der TP-5045-15 von Teguar verf\u00fcgt \u00fcber eine IP66-gesch\u00fctzte Frontblende und optionales PoE.\" \/>\n<meta name=\"robots\" content=\"index, follow, max-snippet:-1, max-image-preview:large, max-video-preview:-1\" \/>\n<link rel=\"canonical\" href=\"https:\/\/teguar.com\/eu\/de\/product\/tp-5045-15\/\" \/>\n<meta property=\"og:locale\" content=\"de_DE\" \/>\n<meta property=\"og:type\" content=\"article\" \/>\n<meta property=\"og:title\" content=\"TP-5045-15\" \/>\n<meta property=\"og:description\" content=\"Moderner 15 Zoll l\u00fcfterloser Core i3\/i5 Industrie-Touchscreen-Panel-PC. Der TP-5045-15 von Teguar verf\u00fcgt \u00fcber eine IP66-gesch\u00fctzte Frontblende und optionales PoE.\" \/>\n<meta property=\"og:url\" content=\"https:\/\/teguar.com\/eu\/de\/product\/tp-5045-15\/\" \/>\n<meta property=\"og:site_name\" content=\"Teguar\" \/>\n<meta property=\"article:modified_time\" content=\"2025-11-20T16:54:02+00:00\" \/>\n<meta property=\"og:image\" content=\"https:\/\/teguar.com\/eu\/wp-content\/uploads\/sites\/2\/2020\/07\/15-inch-panel-pc_3_4__22354.1595934948.1280.1280.jpg\" \/>\n\t<meta property=\"og:image:width\" content=\"1000\" \/>\n\t<meta property=\"og:image:height\" content=\"1000\" \/>\n\t<meta property=\"og:image:type\" content=\"image\/jpeg\" \/>\n<meta name=\"twitter:card\" content=\"summary_large_image\" \/>\n<meta name=\"twitter:label1\" content=\"Gesch\u00e4tzte Lesezeit\" \/>\n\t<meta name=\"twitter:data1\" content=\"1\u00a0Minute\" \/>\n<script type=\"application\/ld+json\" class=\"yoast-schema-graph\">{\"@context\":\"https:\/\/schema.org\",\"@graph\":[{\"@type\":\"WebPage\",\"@id\":\"https:\/\/teguar.com\/eu\/de\/product\/tp-5045-15\/\",\"url\":\"https:\/\/teguar.com\/eu\/de\/product\/tp-5045-15\/\",\"name\":\"15\\\" Industrie-Panel-Computer | TP-5045-15\",\"isPartOf\":{\"@id\":\"https:\/\/teguar.com\/eu\/en\/#website\"},\"primaryImageOfPage\":{\"@id\":\"https:\/\/teguar.com\/eu\/de\/product\/tp-5045-15\/#primaryimage\"},\"image\":{\"@id\":\"https:\/\/teguar.com\/eu\/de\/product\/tp-5045-15\/#primaryimage\"},\"thumbnailUrl\":\"https:\/\/teguar.com\/eu\/wp-content\/uploads\/sites\/2\/2020\/07\/15-inch-panel-pc_3_4__22354.1595934948.1280.1280.jpg\",\"datePublished\":\"2025-06-24T14:15:20+00:00\",\"dateModified\":\"2025-11-20T16:54:02+00:00\",\"description\":\"Moderner 15 Zoll l\u00fcfterloser Core i3\/i5 Industrie-Touchscreen-Panel-PC. Der TP-5045-15 von Teguar verf\u00fcgt \u00fcber eine IP66-gesch\u00fctzte Frontblende und optionales PoE.\",\"breadcrumb\":{\"@id\":\"https:\/\/teguar.com\/eu\/de\/product\/tp-5045-15\/#breadcrumb\"},\"inLanguage\":\"de\",\"potentialAction\":[{\"@type\":\"ReadAction\",\"target\":[\"https:\/\/teguar.com\/eu\/de\/product\/tp-5045-15\/\"]}]},{\"@type\":\"ImageObject\",\"inLanguage\":\"de\",\"@id\":\"https:\/\/teguar.com\/eu\/de\/product\/tp-5045-15\/#primaryimage\",\"url\":\"https:\/\/teguar.com\/eu\/wp-content\/uploads\/sites\/2\/2020\/07\/15-inch-panel-pc_3_4__22354.1595934948.1280.1280.jpg\",\"contentUrl\":\"https:\/\/teguar.com\/eu\/wp-content\/uploads\/sites\/2\/2020\/07\/15-inch-panel-pc_3_4__22354.1595934948.1280.1280.jpg\",\"width\":1000,\"height\":1000,\"caption\":\"15\\\" Fanless Panel PC | TP-5045-15\"},{\"@type\":\"BreadcrumbList\",\"@id\":\"https:\/\/teguar.com\/eu\/de\/product\/tp-5045-15\/#breadcrumb\",\"itemListElement\":[{\"@type\":\"ListItem\",\"position\":1,\"name\":\"Home\",\"item\":\"https:\/\/teguar.com\/eu\/de\/\"},{\"@type\":\"ListItem\",\"position\":2,\"name\":\"TP-5045-15\"}]},{\"@type\":\"WebSite\",\"@id\":\"https:\/\/teguar.com\/eu\/en\/#website\",\"url\":\"https:\/\/teguar.com\/eu\/en\/\",\"name\":\"Teguar\",\"description\":\"Industrial PCs, Medical Computers, and Rugged Tablets\",\"potentialAction\":[{\"@type\":\"SearchAction\",\"target\":{\"@type\":\"EntryPoint\",\"urlTemplate\":\"https:\/\/teguar.com\/eu\/en\/?s={search_term_string}\"},\"query-input\":{\"@type\":\"PropertyValueSpecification\",\"valueRequired\":true,\"valueName\":\"search_term_string\"}}],\"inLanguage\":\"de\"}]}<\/script>\n<!-- \/ Yoast SEO Premium plugin. -->","yoast_head_json":{"title":"15\" Industrie-Panel-Computer | TP-5045-15","description":"Moderner 15 Zoll l\u00fcfterloser Core i3\/i5 Industrie-Touchscreen-Panel-PC. Der TP-5045-15 von Teguar verf\u00fcgt \u00fcber eine IP66-gesch\u00fctzte Frontblende und optionales PoE.","robots":{"index":"index","follow":"follow","max-snippet":"max-snippet:-1","max-image-preview":"max-image-preview:large","max-video-preview":"max-video-preview:-1"},"canonical":"https:\/\/teguar.com\/eu\/de\/product\/tp-5045-15\/","og_locale":"de_DE","og_type":"article","og_title":"TP-5045-15","og_description":"Moderner 15 Zoll l\u00fcfterloser Core i3\/i5 Industrie-Touchscreen-Panel-PC. Der TP-5045-15 von Teguar verf\u00fcgt \u00fcber eine IP66-gesch\u00fctzte Frontblende und optionales PoE.","og_url":"https:\/\/teguar.com\/eu\/de\/product\/tp-5045-15\/","og_site_name":"Teguar","article_modified_time":"2025-11-20T16:54:02+00:00","og_image":[{"width":1000,"height":1000,"url":"https:\/\/teguar.com\/eu\/wp-content\/uploads\/sites\/2\/2020\/07\/15-inch-panel-pc_3_4__22354.1595934948.1280.1280.jpg","type":"image\/jpeg"}],"twitter_card":"summary_large_image","twitter_misc":{"Gesch\u00e4tzte Lesezeit":"1\u00a0Minute"},"schema":{"@context":"https:\/\/schema.org","@graph":[{"@type":"WebPage","@id":"https:\/\/teguar.com\/eu\/de\/product\/tp-5045-15\/","url":"https:\/\/teguar.com\/eu\/de\/product\/tp-5045-15\/","name":"15\" Industrie-Panel-Computer | TP-5045-15","isPartOf":{"@id":"https:\/\/teguar.com\/eu\/en\/#website"},"primaryImageOfPage":{"@id":"https:\/\/teguar.com\/eu\/de\/product\/tp-5045-15\/#primaryimage"},"image":{"@id":"https:\/\/teguar.com\/eu\/de\/product\/tp-5045-15\/#primaryimage"},"thumbnailUrl":"https:\/\/teguar.com\/eu\/wp-content\/uploads\/sites\/2\/2020\/07\/15-inch-panel-pc_3_4__22354.1595934948.1280.1280.jpg","datePublished":"2025-06-24T14:15:20+00:00","dateModified":"2025-11-20T16:54:02+00:00","description":"Moderner 15 Zoll l\u00fcfterloser Core i3\/i5 Industrie-Touchscreen-Panel-PC. Der TP-5045-15 von Teguar verf\u00fcgt \u00fcber eine IP66-gesch\u00fctzte Frontblende und optionales PoE.","breadcrumb":{"@id":"https:\/\/teguar.com\/eu\/de\/product\/tp-5045-15\/#breadcrumb"},"inLanguage":"de","potentialAction":[{"@type":"ReadAction","target":["https:\/\/teguar.com\/eu\/de\/product\/tp-5045-15\/"]}]},{"@type":"ImageObject","inLanguage":"de","@id":"https:\/\/teguar.com\/eu\/de\/product\/tp-5045-15\/#primaryimage","url":"https:\/\/teguar.com\/eu\/wp-content\/uploads\/sites\/2\/2020\/07\/15-inch-panel-pc_3_4__22354.1595934948.1280.1280.jpg","contentUrl":"https:\/\/teguar.com\/eu\/wp-content\/uploads\/sites\/2\/2020\/07\/15-inch-panel-pc_3_4__22354.1595934948.1280.1280.jpg","width":1000,"height":1000,"caption":"15\" Fanless Panel PC | TP-5045-15"},{"@type":"BreadcrumbList","@id":"https:\/\/teguar.com\/eu\/de\/product\/tp-5045-15\/#breadcrumb","itemListElement":[{"@type":"ListItem","position":1,"name":"Home","item":"https:\/\/teguar.com\/eu\/de\/"},{"@type":"ListItem","position":2,"name":"TP-5045-15"}]},{"@type":"WebSite","@id":"https:\/\/teguar.com\/eu\/en\/#website","url":"https:\/\/teguar.com\/eu\/en\/","name":"Teguar","description":"Industrial PCs, Medical Computers, and Rugged Tablets","potentialAction":[{"@type":"SearchAction","target":{"@type":"EntryPoint","urlTemplate":"https:\/\/teguar.com\/eu\/en\/?s={search_term_string}"},"query-input":{"@type":"PropertyValueSpecification","valueRequired":true,"valueName":"search_term_string"}}],"inLanguage":"de"}]}},"_links":{"self":[{"href":"https:\/\/teguar.com\/eu\/de\/wp-json\/wp\/v2\/product\/2245168","targetHints":{"allow":["GET"]}}],"collection":[{"href":"https:\/\/teguar.com\/eu\/de\/wp-json\/wp\/v2\/product"}],"about":[{"href":"https:\/\/teguar.com\/eu\/de\/wp-json\/wp\/v2\/types\/product"}],"wp:featuredmedia":[{"embeddable":true,"href":"https:\/\/teguar.com\/eu\/de\/wp-json\/wp\/v2\/media\/2246024"}],"wp:attachment":[{"href":"https:\/\/teguar.com\/eu\/de\/wp-json\/wp\/v2\/media?parent=2245168"}],"wp:term":[{"taxonomy":"product_brand","embeddable":true,"href":"https:\/\/teguar.com\/eu\/de\/wp-json\/wp\/v2\/product_brand?post=2245168"},{"taxonomy":"product_cat","embeddable":true,"href":"https:\/\/teguar.com\/eu\/de\/wp-json\/wp\/v2\/product_cat?post=2245168"},{"taxonomy":"product_tag","embeddable":true,"href":"https:\/\/teguar.com\/eu\/de\/wp-json\/wp\/v2\/product_tag?post=2245168"},{"taxonomy":"product_label","embeddable":true,"href":"https:\/\/teguar.com\/eu\/de\/wp-json\/wp\/v2\/product_label?post=2245168"}],"curies":[{"name":"wp","href":"https:\/\/api.w.org\/{rel}","templated":true}]}}