{"id":2245159,"date":"2025-06-24T14:14:24","date_gmt":"2025-06-24T14:14:24","guid":{"rendered":"https:\/\/teguar.com\/eu\/product\/trh-a5380-05\/"},"modified":"2025-11-20T16:55:30","modified_gmt":"2025-11-20T16:55:30","slug":"trh-a5380-05","status":"publish","type":"product","link":"https:\/\/teguar.com\/eu\/de\/product\/trh-a5380-05\/","title":{"rendered":"TRH-A5380-05"},"content":{"rendered":"<p>Der TRH-A5380-05 V2 ist ein leistungsstarkes und robustes mobiles Ger\u00e4t, das in Ihre Handfl\u00e4che passt. Es hat unz\u00e4hlige Anwendungsm\u00f6glichkeiten in Branchen wie Logistik, Lagerverwaltung, Einzelhandel und Gesundheitswesen. Der optionale eingebaute 1D\/2D-Barcode-Scanner kann zur Bestandsverfolgung, zur Barcode-Medikamentenverwaltung, zur positiven Patientenidentifikation und f\u00fcr Point-of-Sale-Anwendungen verwendet werden. Der 5-Zoll-Touchscreen ist gro\u00df genug, um Produkt- oder Patientendaten ablesen zu k\u00f6nnen, aber das Ger\u00e4t ist klein genug, um in Ihre Tasche zu passen. Der TRH-A5380-05 V2 entspricht der Schutzklasse IP65 und ist sto\u00df- und fallfest nach MIL-STD-810G. Der 4000-mAh-Akku ist leicht herausnehmbar und kann mit der optionalen Desktop-Ladestation aufgeladen werden, so dass Sie den Akku wechseln k\u00f6nnen, um das Tablet Schicht f\u00fcr Schicht in Betrieb zu halten.     <\/p>\n<p><em><span style=\"color: #0078bb\"><a title=\"RuggedPCReview\" href=\"https:\/\/www.ruggedpcreview.com\/3_handhelds_teguar_a5380_5.html\" target=\"_blank\" rel=\"noopener noreferrer\">Lesen Sie den Produktbericht von RuggedPCReview  &gt;<\/a><\/span><\/em><\/p>\n","protected":false},"excerpt":{"rendered":"<p><a href=\"https:\/\/teguar.com\/eu\/logistics-transportation-computer\/\">Lagerbestandsverfolgung in der Logistik:<\/a> Der TRH-A5380-05 mit seinem optionalen eingebauten 1D\/2D-Barcode-Scanner ist ideal f\u00fcr die Bestandsverfolgung in der Logistik und erm\u00f6glicht das effiziente Scannen und Verfolgen von Waren in der gesamten Lieferkette.<\/p>\n<p><a href=\"https:\/\/teguar.com\/eu\/de\/computer-fuer-die-lagerverwaltung\/\">Lagerverwaltung: <\/a>Dieses robuste Mobilger\u00e4t eignet sich hervorragend f\u00fcr Aufgaben in der Lagerverwaltung. Mit seinem kompakten und robusten Design k\u00f6nnen Mitarbeiter problemlos Best\u00e4nde verwalten, Sendungen verfolgen und Kommissionier- und Packvorg\u00e4nge durchf\u00fchren. (Branche: Lagerverwaltung) <\/p>\n","protected":false},"featured_media":2245167,"template":"","meta":{"_acf_changed":false},"product_brand":[],"product_cat":[2844],"product_tag":[2635],"product_label":[],"class_list":{"0":"post-2245159","1":"product","2":"type-product","3":"status-publish","4":"has-post-thumbnail","6":"product_cat-rugged-handhelds","7":"product_tag-online-kaufen","9":"first","10":"onbackorder","11":"taxable","12":"shipping-taxable","13":"purchasable","14":"product-type-composite"},"composite_virtual":false,"composite_layout":"single","composite_add_to_cart_form_location":"default","composite_editable_in_cart":false,"composite_sold_individually_context":"product","composite_shop_price_calc":"min_max","composite_components":[{"id":"1752610053","title":"TRH-A5380-05 V2","description":"","query_type":"product_ids","query_ids":[2241430],"default_option_id":"","thumbnail_id":"","thumbnail_src":"","quantity_min":1,"quantity_max":1,"priced_individually":false,"shipped_individually":false,"optional":false,"discount":"","options_style":"dropdowns","pagination_style":"classic","display_prices":"absolute","show_sorting_options":false,"show_filtering_options":false,"attribute_filter_ids":[],"select_action":"view","product_title_visible":true,"product_descr_visible":false,"product_price_visible":false,"product_thumb_visible":false,"subtotal_visible_product":true,"subtotal_visible_cart":false,"subtotal_visible_orders":false}],"composite_scenarios":[],"acf":[],"yoast_head":"<!-- This site is optimized with the Yoast SEO Premium plugin v26.8 (Yoast SEO v27.2) - https:\/\/yoast.com\/product\/yoast-seo-premium-wordpress\/ -->\n<title>5&quot; Robustes Handheld | TRH-A5380-05<\/title>\n<meta name=\"description\" content=\"Auf diesem robusten Handheld-Tablet l\u00e4uft Android 8.1 auf einer Quad-Core ARM Cortex CPU. Zur Ausstattung geh\u00f6ren RFID, 4G LTE, ein herausnehmbarer Akku und ein optionaler Barcode-Scanner.\" \/>\n<meta name=\"robots\" content=\"index, follow, max-snippet:-1, max-image-preview:large, max-video-preview:-1\" \/>\n<link rel=\"canonical\" href=\"https:\/\/teguar.com\/eu\/en\/product\/trh-a5380-05-v2\/\" \/>\n<meta property=\"og:locale\" content=\"de_DE\" \/>\n<meta property=\"og:type\" content=\"article\" \/>\n<meta property=\"og:title\" content=\"TRH-A5380-05\" \/>\n<meta property=\"og:description\" content=\"Auf diesem robusten Handheld-Tablet l\u00e4uft Android 8.1 auf einer Quad-Core ARM Cortex CPU. Zur Ausstattung geh\u00f6ren RFID, 4G LTE, ein herausnehmbarer Akku und ein optionaler Barcode-Scanner.\" \/>\n<meta property=\"og:url\" content=\"https:\/\/teguar.com\/eu\/en\/product\/trh-a5380-05-v2\/\" \/>\n<meta property=\"og:site_name\" content=\"Teguar\" \/>\n<meta property=\"article:modified_time\" content=\"2025-11-20T16:55:30+00:00\" \/>\n<meta property=\"og:image\" content=\"https:\/\/teguar.com\/eu\/wp-content\/uploads\/sites\/2\/2020\/07\/5-inch-handheld-tablet__37116.1595934982.1280.1280.jpg\" \/>\n\t<meta property=\"og:image:width\" content=\"1000\" \/>\n\t<meta property=\"og:image:height\" content=\"1000\" \/>\n\t<meta property=\"og:image:type\" content=\"image\/jpeg\" \/>\n<meta name=\"twitter:card\" content=\"summary_large_image\" \/>\n<meta name=\"twitter:label1\" content=\"Gesch\u00e4tzte Lesezeit\" \/>\n\t<meta name=\"twitter:data1\" content=\"1\u00a0Minute\" \/>\n<script type=\"application\/ld+json\" class=\"yoast-schema-graph\">{\"@context\":\"https:\/\/schema.org\",\"@graph\":[{\"@type\":\"WebPage\",\"@id\":\"https:\/\/teguar.com\/eu\/en\/product\/trh-a5380-05-v2\/\",\"url\":\"https:\/\/teguar.com\/eu\/en\/product\/trh-a5380-05-v2\/\",\"name\":\"5\\\" Robustes Handheld | TRH-A5380-05\",\"isPartOf\":{\"@id\":\"https:\/\/teguar.com\/eu\/en\/#website\"},\"primaryImageOfPage\":{\"@id\":\"https:\/\/teguar.com\/eu\/en\/product\/trh-a5380-05-v2\/#primaryimage\"},\"image\":{\"@id\":\"https:\/\/teguar.com\/eu\/en\/product\/trh-a5380-05-v2\/#primaryimage\"},\"thumbnailUrl\":\"https:\/\/teguar.com\/eu\/wp-content\/uploads\/sites\/2\/2020\/07\/5-inch-handheld-tablet__37116.1595934982.1280.1280.jpg\",\"datePublished\":\"2025-06-24T14:14:24+00:00\",\"dateModified\":\"2025-11-20T16:55:30+00:00\",\"description\":\"Auf diesem robusten Handheld-Tablet l\u00e4uft Android 8.1 auf einer Quad-Core ARM Cortex CPU. Zur Ausstattung geh\u00f6ren RFID, 4G LTE, ein herausnehmbarer Akku und ein optionaler Barcode-Scanner.\",\"breadcrumb\":{\"@id\":\"https:\/\/teguar.com\/eu\/en\/product\/trh-a5380-05-v2\/#breadcrumb\"},\"inLanguage\":\"de\",\"potentialAction\":[{\"@type\":\"ReadAction\",\"target\":[\"https:\/\/teguar.com\/eu\/en\/product\/trh-a5380-05-v2\/\"]}]},{\"@type\":\"ImageObject\",\"inLanguage\":\"de\",\"@id\":\"https:\/\/teguar.com\/eu\/en\/product\/trh-a5380-05-v2\/#primaryimage\",\"url\":\"https:\/\/teguar.com\/eu\/wp-content\/uploads\/sites\/2\/2020\/07\/5-inch-handheld-tablet__37116.1595934982.1280.1280.jpg\",\"contentUrl\":\"https:\/\/teguar.com\/eu\/wp-content\/uploads\/sites\/2\/2020\/07\/5-inch-handheld-tablet__37116.1595934982.1280.1280.jpg\",\"width\":1000,\"height\":1000,\"caption\":\"5\\\" Rugged Tablet | TRH-A5380-05\"},{\"@type\":\"BreadcrumbList\",\"@id\":\"https:\/\/teguar.com\/eu\/en\/product\/trh-a5380-05-v2\/#breadcrumb\",\"itemListElement\":[{\"@type\":\"ListItem\",\"position\":1,\"name\":\"Home\",\"item\":\"https:\/\/teguar.com\/eu\/de\/\"},{\"@type\":\"ListItem\",\"position\":2,\"name\":\"TRH-A5380-05\"}]},{\"@type\":\"WebSite\",\"@id\":\"https:\/\/teguar.com\/eu\/en\/#website\",\"url\":\"https:\/\/teguar.com\/eu\/en\/\",\"name\":\"Teguar\",\"description\":\"Industrial PCs, Medical Computers, and Rugged Tablets\",\"potentialAction\":[{\"@type\":\"SearchAction\",\"target\":{\"@type\":\"EntryPoint\",\"urlTemplate\":\"https:\/\/teguar.com\/eu\/en\/?s={search_term_string}\"},\"query-input\":{\"@type\":\"PropertyValueSpecification\",\"valueRequired\":true,\"valueName\":\"search_term_string\"}}],\"inLanguage\":\"de\"}]}<\/script>\n<!-- \/ Yoast SEO Premium plugin. -->","yoast_head_json":{"title":"5\" Robustes Handheld | TRH-A5380-05","description":"Auf diesem robusten Handheld-Tablet l\u00e4uft Android 8.1 auf einer Quad-Core ARM Cortex CPU. Zur Ausstattung geh\u00f6ren RFID, 4G LTE, ein herausnehmbarer Akku und ein optionaler Barcode-Scanner.","robots":{"index":"index","follow":"follow","max-snippet":"max-snippet:-1","max-image-preview":"max-image-preview:large","max-video-preview":"max-video-preview:-1"},"canonical":"https:\/\/teguar.com\/eu\/en\/product\/trh-a5380-05-v2\/","og_locale":"de_DE","og_type":"article","og_title":"TRH-A5380-05","og_description":"Auf diesem robusten Handheld-Tablet l\u00e4uft Android 8.1 auf einer Quad-Core ARM Cortex CPU. Zur Ausstattung geh\u00f6ren RFID, 4G LTE, ein herausnehmbarer Akku und ein optionaler Barcode-Scanner.","og_url":"https:\/\/teguar.com\/eu\/en\/product\/trh-a5380-05-v2\/","og_site_name":"Teguar","article_modified_time":"2025-11-20T16:55:30+00:00","og_image":[{"width":1000,"height":1000,"url":"https:\/\/teguar.com\/eu\/wp-content\/uploads\/sites\/2\/2020\/07\/5-inch-handheld-tablet__37116.1595934982.1280.1280.jpg","type":"image\/jpeg"}],"twitter_card":"summary_large_image","twitter_misc":{"Gesch\u00e4tzte Lesezeit":"1\u00a0Minute"},"schema":{"@context":"https:\/\/schema.org","@graph":[{"@type":"WebPage","@id":"https:\/\/teguar.com\/eu\/en\/product\/trh-a5380-05-v2\/","url":"https:\/\/teguar.com\/eu\/en\/product\/trh-a5380-05-v2\/","name":"5\" Robustes Handheld | TRH-A5380-05","isPartOf":{"@id":"https:\/\/teguar.com\/eu\/en\/#website"},"primaryImageOfPage":{"@id":"https:\/\/teguar.com\/eu\/en\/product\/trh-a5380-05-v2\/#primaryimage"},"image":{"@id":"https:\/\/teguar.com\/eu\/en\/product\/trh-a5380-05-v2\/#primaryimage"},"thumbnailUrl":"https:\/\/teguar.com\/eu\/wp-content\/uploads\/sites\/2\/2020\/07\/5-inch-handheld-tablet__37116.1595934982.1280.1280.jpg","datePublished":"2025-06-24T14:14:24+00:00","dateModified":"2025-11-20T16:55:30+00:00","description":"Auf diesem robusten Handheld-Tablet l\u00e4uft Android 8.1 auf einer Quad-Core ARM Cortex CPU. Zur Ausstattung geh\u00f6ren RFID, 4G LTE, ein herausnehmbarer Akku und ein optionaler Barcode-Scanner.","breadcrumb":{"@id":"https:\/\/teguar.com\/eu\/en\/product\/trh-a5380-05-v2\/#breadcrumb"},"inLanguage":"de","potentialAction":[{"@type":"ReadAction","target":["https:\/\/teguar.com\/eu\/en\/product\/trh-a5380-05-v2\/"]}]},{"@type":"ImageObject","inLanguage":"de","@id":"https:\/\/teguar.com\/eu\/en\/product\/trh-a5380-05-v2\/#primaryimage","url":"https:\/\/teguar.com\/eu\/wp-content\/uploads\/sites\/2\/2020\/07\/5-inch-handheld-tablet__37116.1595934982.1280.1280.jpg","contentUrl":"https:\/\/teguar.com\/eu\/wp-content\/uploads\/sites\/2\/2020\/07\/5-inch-handheld-tablet__37116.1595934982.1280.1280.jpg","width":1000,"height":1000,"caption":"5\" Rugged Tablet | TRH-A5380-05"},{"@type":"BreadcrumbList","@id":"https:\/\/teguar.com\/eu\/en\/product\/trh-a5380-05-v2\/#breadcrumb","itemListElement":[{"@type":"ListItem","position":1,"name":"Home","item":"https:\/\/teguar.com\/eu\/de\/"},{"@type":"ListItem","position":2,"name":"TRH-A5380-05"}]},{"@type":"WebSite","@id":"https:\/\/teguar.com\/eu\/en\/#website","url":"https:\/\/teguar.com\/eu\/en\/","name":"Teguar","description":"Industrial PCs, Medical Computers, and Rugged Tablets","potentialAction":[{"@type":"SearchAction","target":{"@type":"EntryPoint","urlTemplate":"https:\/\/teguar.com\/eu\/en\/?s={search_term_string}"},"query-input":{"@type":"PropertyValueSpecification","valueRequired":true,"valueName":"search_term_string"}}],"inLanguage":"de"}]}},"_links":{"self":[{"href":"https:\/\/teguar.com\/eu\/de\/wp-json\/wp\/v2\/product\/2245159","targetHints":{"allow":["GET"]}}],"collection":[{"href":"https:\/\/teguar.com\/eu\/de\/wp-json\/wp\/v2\/product"}],"about":[{"href":"https:\/\/teguar.com\/eu\/de\/wp-json\/wp\/v2\/types\/product"}],"wp:featuredmedia":[{"embeddable":true,"href":"https:\/\/teguar.com\/eu\/de\/wp-json\/wp\/v2\/media\/2245167"}],"wp:attachment":[{"href":"https:\/\/teguar.com\/eu\/de\/wp-json\/wp\/v2\/media?parent=2245159"}],"wp:term":[{"taxonomy":"product_brand","embeddable":true,"href":"https:\/\/teguar.com\/eu\/de\/wp-json\/wp\/v2\/product_brand?post=2245159"},{"taxonomy":"product_cat","embeddable":true,"href":"https:\/\/teguar.com\/eu\/de\/wp-json\/wp\/v2\/product_cat?post=2245159"},{"taxonomy":"product_tag","embeddable":true,"href":"https:\/\/teguar.com\/eu\/de\/wp-json\/wp\/v2\/product_tag?post=2245159"},{"taxonomy":"product_label","embeddable":true,"href":"https:\/\/teguar.com\/eu\/de\/wp-json\/wp\/v2\/product_label?post=2245159"}],"curies":[{"name":"wp","href":"https:\/\/api.w.org\/{rel}","templated":true}]}}