{"id":2245150,"date":"2025-06-24T14:14:24","date_gmt":"2025-06-24T14:14:24","guid":{"rendered":"https:\/\/teguar.com\/eu\/product\/tr-0810-15\/"},"modified":"2025-11-20T16:55:29","modified_gmt":"2025-11-20T16:55:29","slug":"tr-0810-15","status":"publish","type":"product","link":"https:\/\/teguar.com\/eu\/de\/product\/tr-0810-15\/","title":{"rendered":"TR-0810-15"},"content":{"rendered":"<p>Der wasserdichte Outdoor-PC TR-0810-15 ist mit einer effizienten Intel Bay Trail Atom E3845 Quad Core CPU und bis zu 8 GB RAM ausgestattet. F\u00fcr den effektiven Einsatz im Freien verf\u00fcgt dieses Ger\u00e4t \u00fcber einen projektiven kapazitiven Touchscreen mit hoher Helligkeit und ist mit Komponenten f\u00fcr einen weiten Temperaturbereich ausgestattet. Das Geh\u00e4use entspricht der Schutzklasse IP66 mit M12-Metall-E\/A-Anschl\u00fcssen der Schutzklasse IP67. Dieses Ger\u00e4t ist ideal f\u00fcr Kiosk- oder interaktive Display-Anwendungen im Freien.   <\/p>\n","protected":false},"excerpt":{"rendered":"<p><a href=\"https:\/\/teguar.com\/eu\/de\/computer-fuer-das-baugewerbe\/\">Baustellenmanagement:<\/a> Das robuste und wetterfeste Design des TR-0810-15 in Kombination mit seiner leistungsstarken Hardware eignet sich f\u00fcr die Verwaltung von Baustellen. So k\u00f6nnen Bauleiter auf Projektpl\u00e4ne und Blaupausen zugreifen und mit ihren Teams in Echtzeit kommunizieren.<br \/>\n<br \/><a href=\"https:\/\/teguar.com\/eu\/de\/computer-fuer-die-landwirtschaft\/\">Landwirtschaftliche \u00dcberwachung:<\/a> Mit seinem weiten Temperaturbereich und seiner Langlebigkeit kann der TR-0810-15 zur \u00dcberwachung der Landwirtschaft eingesetzt werden und liefert Landwirten Echtzeitdaten zu Wetterbedingungen, Bodenfeuchtigkeit und Gesundheit der Ernte.<br \/>\n<br \/><a href=\"https:\/\/teguar.com\/eu\/logistics-transportation-computer\/\">Transport und Logistik:<\/a> Die Outdoor-F\u00e4higkeiten des TR-0810-15 machen ihn zu einer ausgezeichneten Wahl f\u00fcr Transport- und Logistikanwendungen, wie z.B. Flottenmanagement, Routenoptimierung und Paketverfolgung, die einen effizienten und sicheren Betrieb gew\u00e4hrleisten.<br \/>\n<br \/><a href=\"https:\/\/teguar.com\/eu\/public-safety-emergency-services-computer\/\">\u00d6ffentliche Sicherheit und Katastrophenschutz:<\/a> Der TR-0810-15 ist mit einem hellen Touchscreen und einer robusten Konstruktion ausgestattet und eignet sich hervorragend f\u00fcr Szenarien im Bereich der \u00f6ffentlichen Sicherheit und des Katastrophenschutzes. Er erm\u00f6glicht dem Personal den Zugriff auf wichtige Informationen, die Koordinierung von Ressourcen und eine effektive Kommunikation in schwierigen Au\u00dfenumgebungen.  <\/p>\n","protected":false},"featured_media":2246007,"template":"","meta":{"_acf_changed":false},"product_brand":[],"product_cat":[2839],"product_tag":[],"product_label":[],"class_list":{"0":"post-2245150","1":"product","2":"type-product","3":"status-publish","4":"has-post-thumbnail","6":"product_cat-panel-pcs","7":"pa_windows-windows-10-pro","8":"pa_windows-windows-7-pro","10":"first","11":"outofstock","12":"taxable","13":"shipping-taxable","14":"purchasable","15":"product-type-simple"},"composite_virtual":false,"composite_layout":"","composite_add_to_cart_form_location":"","composite_editable_in_cart":false,"composite_sold_individually_context":"","composite_shop_price_calc":"","composite_components":[],"composite_scenarios":[],"acf":[],"yoast_head":"<!-- This site is optimized with the Yoast SEO Premium plugin v26.8 (Yoast SEO v27.2) - https:\/\/yoast.com\/product\/yoast-seo-premium-wordpress\/ -->\n<title>15&quot; Au\u00dfen-Panel-PC | TR-0810-15<\/title>\n<meta name=\"description\" content=\"Der TR-0810-15 wasserdichte Outdoor-PC verf\u00fcgt \u00fcber eine effiziente Intel Bay Trail Atom E3845 Quad Core CPU und bis zu 8 GB RAM.\" \/>\n<meta name=\"robots\" content=\"index, follow, max-snippet:-1, max-image-preview:large, max-video-preview:-1\" \/>\n<link rel=\"canonical\" href=\"https:\/\/teguar.com\/eu\/de\/product\/tr-0810-15\/\" \/>\n<meta property=\"og:locale\" content=\"de_DE\" \/>\n<meta property=\"og:type\" content=\"article\" \/>\n<meta property=\"og:title\" content=\"TR-0810-15\" \/>\n<meta property=\"og:description\" content=\"Der TR-0810-15 wasserdichte Outdoor-PC verf\u00fcgt \u00fcber eine effiziente Intel Bay Trail Atom E3845 Quad Core CPU und bis zu 8 GB RAM.\" \/>\n<meta property=\"og:url\" content=\"https:\/\/teguar.com\/eu\/de\/product\/tr-0810-15\/\" \/>\n<meta property=\"og:site_name\" content=\"Teguar\" \/>\n<meta property=\"article:modified_time\" content=\"2025-11-20T16:55:29+00:00\" \/>\n<meta property=\"og:image\" content=\"https:\/\/teguar.com\/eu\/wp-content\/uploads\/sites\/2\/2020\/07\/outdoor_computer_tr_0810_15.2jpg__92718.1595934974.1280.1280.jpg\" \/>\n\t<meta property=\"og:image:width\" content=\"1000\" \/>\n\t<meta property=\"og:image:height\" content=\"1000\" \/>\n\t<meta property=\"og:image:type\" content=\"image\/jpeg\" \/>\n<meta name=\"twitter:card\" content=\"summary_large_image\" \/>\n<meta name=\"twitter:label1\" content=\"Gesch\u00e4tzte Lesezeit\" \/>\n\t<meta name=\"twitter:data1\" content=\"1\u00a0Minute\" \/>\n<script type=\"application\/ld+json\" class=\"yoast-schema-graph\">{\"@context\":\"https:\/\/schema.org\",\"@graph\":[{\"@type\":\"WebPage\",\"@id\":\"https:\/\/teguar.com\/eu\/de\/product\/tr-0810-15\/\",\"url\":\"https:\/\/teguar.com\/eu\/de\/product\/tr-0810-15\/\",\"name\":\"15\\\" Au\u00dfen-Panel-PC | TR-0810-15\",\"isPartOf\":{\"@id\":\"https:\/\/teguar.com\/eu\/en\/#website\"},\"primaryImageOfPage\":{\"@id\":\"https:\/\/teguar.com\/eu\/de\/product\/tr-0810-15\/#primaryimage\"},\"image\":{\"@id\":\"https:\/\/teguar.com\/eu\/de\/product\/tr-0810-15\/#primaryimage\"},\"thumbnailUrl\":\"https:\/\/teguar.com\/eu\/wp-content\/uploads\/sites\/2\/2020\/07\/outdoor_computer_tr_0810_15.2jpg__92718.1595934974.1280.1280.jpg\",\"datePublished\":\"2025-06-24T14:14:24+00:00\",\"dateModified\":\"2025-11-20T16:55:29+00:00\",\"description\":\"Der TR-0810-15 wasserdichte Outdoor-PC verf\u00fcgt \u00fcber eine effiziente Intel Bay Trail Atom E3845 Quad Core CPU und bis zu 8 GB RAM.\",\"breadcrumb\":{\"@id\":\"https:\/\/teguar.com\/eu\/de\/product\/tr-0810-15\/#breadcrumb\"},\"inLanguage\":\"de\",\"potentialAction\":[{\"@type\":\"ReadAction\",\"target\":[\"https:\/\/teguar.com\/eu\/de\/product\/tr-0810-15\/\"]}]},{\"@type\":\"ImageObject\",\"inLanguage\":\"de\",\"@id\":\"https:\/\/teguar.com\/eu\/de\/product\/tr-0810-15\/#primaryimage\",\"url\":\"https:\/\/teguar.com\/eu\/wp-content\/uploads\/sites\/2\/2020\/07\/outdoor_computer_tr_0810_15.2jpg__92718.1595934974.1280.1280.jpg\",\"contentUrl\":\"https:\/\/teguar.com\/eu\/wp-content\/uploads\/sites\/2\/2020\/07\/outdoor_computer_tr_0810_15.2jpg__92718.1595934974.1280.1280.jpg\",\"width\":1000,\"height\":1000,\"caption\":\"15\\\" Fanless Panel PC | TR-0810-15\"},{\"@type\":\"BreadcrumbList\",\"@id\":\"https:\/\/teguar.com\/eu\/de\/product\/tr-0810-15\/#breadcrumb\",\"itemListElement\":[{\"@type\":\"ListItem\",\"position\":1,\"name\":\"Home\",\"item\":\"https:\/\/teguar.com\/eu\/de\/\"},{\"@type\":\"ListItem\",\"position\":2,\"name\":\"TR-0810-15\"}]},{\"@type\":\"WebSite\",\"@id\":\"https:\/\/teguar.com\/eu\/en\/#website\",\"url\":\"https:\/\/teguar.com\/eu\/en\/\",\"name\":\"Teguar\",\"description\":\"Industrial PCs, Medical Computers, and Rugged Tablets\",\"potentialAction\":[{\"@type\":\"SearchAction\",\"target\":{\"@type\":\"EntryPoint\",\"urlTemplate\":\"https:\/\/teguar.com\/eu\/en\/?s={search_term_string}\"},\"query-input\":{\"@type\":\"PropertyValueSpecification\",\"valueRequired\":true,\"valueName\":\"search_term_string\"}}],\"inLanguage\":\"de\"}]}<\/script>\n<!-- \/ Yoast SEO Premium plugin. -->","yoast_head_json":{"title":"15\" Au\u00dfen-Panel-PC | TR-0810-15","description":"Der TR-0810-15 wasserdichte Outdoor-PC verf\u00fcgt \u00fcber eine effiziente Intel Bay Trail Atom E3845 Quad Core CPU und bis zu 8 GB RAM.","robots":{"index":"index","follow":"follow","max-snippet":"max-snippet:-1","max-image-preview":"max-image-preview:large","max-video-preview":"max-video-preview:-1"},"canonical":"https:\/\/teguar.com\/eu\/de\/product\/tr-0810-15\/","og_locale":"de_DE","og_type":"article","og_title":"TR-0810-15","og_description":"Der TR-0810-15 wasserdichte Outdoor-PC verf\u00fcgt \u00fcber eine effiziente Intel Bay Trail Atom E3845 Quad Core CPU und bis zu 8 GB RAM.","og_url":"https:\/\/teguar.com\/eu\/de\/product\/tr-0810-15\/","og_site_name":"Teguar","article_modified_time":"2025-11-20T16:55:29+00:00","og_image":[{"width":1000,"height":1000,"url":"https:\/\/teguar.com\/eu\/wp-content\/uploads\/sites\/2\/2020\/07\/outdoor_computer_tr_0810_15.2jpg__92718.1595934974.1280.1280.jpg","type":"image\/jpeg"}],"twitter_card":"summary_large_image","twitter_misc":{"Gesch\u00e4tzte Lesezeit":"1\u00a0Minute"},"schema":{"@context":"https:\/\/schema.org","@graph":[{"@type":"WebPage","@id":"https:\/\/teguar.com\/eu\/de\/product\/tr-0810-15\/","url":"https:\/\/teguar.com\/eu\/de\/product\/tr-0810-15\/","name":"15\" Au\u00dfen-Panel-PC | TR-0810-15","isPartOf":{"@id":"https:\/\/teguar.com\/eu\/en\/#website"},"primaryImageOfPage":{"@id":"https:\/\/teguar.com\/eu\/de\/product\/tr-0810-15\/#primaryimage"},"image":{"@id":"https:\/\/teguar.com\/eu\/de\/product\/tr-0810-15\/#primaryimage"},"thumbnailUrl":"https:\/\/teguar.com\/eu\/wp-content\/uploads\/sites\/2\/2020\/07\/outdoor_computer_tr_0810_15.2jpg__92718.1595934974.1280.1280.jpg","datePublished":"2025-06-24T14:14:24+00:00","dateModified":"2025-11-20T16:55:29+00:00","description":"Der TR-0810-15 wasserdichte Outdoor-PC verf\u00fcgt \u00fcber eine effiziente Intel Bay Trail Atom E3845 Quad Core CPU und bis zu 8 GB RAM.","breadcrumb":{"@id":"https:\/\/teguar.com\/eu\/de\/product\/tr-0810-15\/#breadcrumb"},"inLanguage":"de","potentialAction":[{"@type":"ReadAction","target":["https:\/\/teguar.com\/eu\/de\/product\/tr-0810-15\/"]}]},{"@type":"ImageObject","inLanguage":"de","@id":"https:\/\/teguar.com\/eu\/de\/product\/tr-0810-15\/#primaryimage","url":"https:\/\/teguar.com\/eu\/wp-content\/uploads\/sites\/2\/2020\/07\/outdoor_computer_tr_0810_15.2jpg__92718.1595934974.1280.1280.jpg","contentUrl":"https:\/\/teguar.com\/eu\/wp-content\/uploads\/sites\/2\/2020\/07\/outdoor_computer_tr_0810_15.2jpg__92718.1595934974.1280.1280.jpg","width":1000,"height":1000,"caption":"15\" Fanless Panel PC | TR-0810-15"},{"@type":"BreadcrumbList","@id":"https:\/\/teguar.com\/eu\/de\/product\/tr-0810-15\/#breadcrumb","itemListElement":[{"@type":"ListItem","position":1,"name":"Home","item":"https:\/\/teguar.com\/eu\/de\/"},{"@type":"ListItem","position":2,"name":"TR-0810-15"}]},{"@type":"WebSite","@id":"https:\/\/teguar.com\/eu\/en\/#website","url":"https:\/\/teguar.com\/eu\/en\/","name":"Teguar","description":"Industrial PCs, Medical Computers, and Rugged Tablets","potentialAction":[{"@type":"SearchAction","target":{"@type":"EntryPoint","urlTemplate":"https:\/\/teguar.com\/eu\/en\/?s={search_term_string}"},"query-input":{"@type":"PropertyValueSpecification","valueRequired":true,"valueName":"search_term_string"}}],"inLanguage":"de"}]}},"_links":{"self":[{"href":"https:\/\/teguar.com\/eu\/de\/wp-json\/wp\/v2\/product\/2245150","targetHints":{"allow":["GET"]}}],"collection":[{"href":"https:\/\/teguar.com\/eu\/de\/wp-json\/wp\/v2\/product"}],"about":[{"href":"https:\/\/teguar.com\/eu\/de\/wp-json\/wp\/v2\/types\/product"}],"wp:featuredmedia":[{"embeddable":true,"href":"https:\/\/teguar.com\/eu\/de\/wp-json\/wp\/v2\/media\/2246007"}],"wp:attachment":[{"href":"https:\/\/teguar.com\/eu\/de\/wp-json\/wp\/v2\/media?parent=2245150"}],"wp:term":[{"taxonomy":"product_brand","embeddable":true,"href":"https:\/\/teguar.com\/eu\/de\/wp-json\/wp\/v2\/product_brand?post=2245150"},{"taxonomy":"product_cat","embeddable":true,"href":"https:\/\/teguar.com\/eu\/de\/wp-json\/wp\/v2\/product_cat?post=2245150"},{"taxonomy":"product_tag","embeddable":true,"href":"https:\/\/teguar.com\/eu\/de\/wp-json\/wp\/v2\/product_tag?post=2245150"},{"taxonomy":"product_label","embeddable":true,"href":"https:\/\/teguar.com\/eu\/de\/wp-json\/wp\/v2\/product_label?post=2245150"}],"curies":[{"name":"wp","href":"https:\/\/api.w.org\/{rel}","templated":true}]}}