{"id":2245114,"date":"2025-06-24T14:01:21","date_gmt":"2025-06-24T14:01:21","guid":{"rendered":"https:\/\/teguar.com\/eu\/product\/tsd-45-24\/"},"modified":"2026-01-29T13:29:12","modified_gmt":"2026-01-29T13:29:12","slug":"tsd-45-24","status":"publish","type":"product","link":"https:\/\/teguar.com\/eu\/de\/product\/tsd-45-24\/","title":{"rendered":"TSD-45-24"},"content":{"rendered":"<p>Der TSD-45-24 ist ein gro\u00dfer, wasserdichter Touchscreen-Monitor, ideal f\u00fcr Einrichtungen, in denen eine zuverl\u00e4ssige Anzeige rund um die Uhr wichtig ist. Das Geh\u00e4use des Monitors besteht aus Edelstahl 304 und eignet sich hervorragend f\u00fcr die Lebensmittel- und Getr\u00e4nkeindustrie, die pharmazeutische Produktion und sogar f\u00fcr Anwendungen im Freien. Dieses Ger\u00e4t kann optional auf ein Geh\u00e4use aus Edelstahl 316L aufger\u00fcstet werden, um es vor Salzwasser zu sch\u00fctzen. Die Schutzart IP66\/IP69K bedeutet, dass dieses Ger\u00e4t hohen Temperaturen und Hochdruckwasserstrahlen standh\u00e4lt, die regelm\u00e4\u00dfig bei der Reinigung von Ger\u00e4ten eingesetzt werden. Der TSD-45-24 ist vollst\u00e4ndig abgedichtet, l\u00fcfterlos und NEMA 4x-konform. Die praktischen OSD-Bedienelemente auf der R\u00fcckseite des Ger\u00e4ts erm\u00f6glichen eine einfache Anpassung der Anzeigeeinstellungen. Das TSD-45-24 ist das gr\u00f6\u00dfte Ger\u00e4t dieser Display-Serie, die in Gr\u00f6\u00dfen bis zu 10&#8243; in verschiedenen Bildschirmverh\u00e4ltnissen erh\u00e4ltlich ist, so dass Sie die beste Konfiguration f\u00fcr Ihre Anwendung w\u00e4hlen k\u00f6nnen.      <\/p>\n","protected":false},"excerpt":{"rendered":"<p><a href=\"https:\/\/teguar.com\/eu\/de\/computer-fuer-den-aussenbereich\/\">Au\u00dfenanwendungen:<\/a> Mit optionalen Funktionen wie hoher Helligkeit, optischem Bonding und Umgebungslichtsensoren eignet sich die TSD-45-Serie hervorragend f\u00fcr Au\u00dfenanwendungen, bei denen die Lesbarkeit bei Sonnenlicht und die Sichtbarkeit entscheidend sind. Sie kann in Branchen wie der Au\u00dfenbeschilderung, dem Transportwesen und der Landwirtschaft eingesetzt werden und bietet zuverl\u00e4ssige und sichtbare Monitore unter verschiedenen Wetterbedingungen. <\/p>\n<p><a href=\"https:\/\/teguar.com\/eu\/de\/computer-fuer-die-industrielle-automatisierung\/\">Industrielle Automatisierung:<\/a> Die TSD-45 Serie mit ihrer robusten Konstruktion und den M12-Anschl\u00fcssen eignet sich f\u00fcr industrielle Automatisierungsumgebungen, die wasserdichte und langlebige Monitore erfordern. Sie kann f\u00fcr Aufgaben wie Maschinensteuerung, Prozessvisualisierung und Daten\u00fcberwachung eingesetzt werden und bietet zuverl\u00e4ssige und robuste Monitore in anspruchsvollen industriellen Umgebungen. <\/p>\n<p><a href=\"https:\/\/teguar.com\/eu\/de\/fertigungs-computer\/\">\u00dcberwachung von Produktionslinien:<\/a> Die TSD-45 Serie mit ihren optionalen integrierten Lautsprechern in Schutzart IP65 kann f\u00fcr die \u00dcberwachung und Signalisierung von Produktionslinien verwendet werden. Sie bietet visuelles und akustisches Feedback f\u00fcr Alarme, Benachrichtigungen und Prozesskontrolle in Branchen wie Fertigung, Montage und Verpackung. <\/p>\n","protected":false},"featured_media":2245121,"template":"","meta":{"_acf_changed":false},"product_brand":[],"product_cat":[2860,2855],"product_tag":[3948,2635],"product_label":[],"class_list":{"0":"post-2245114","1":"product","2":"type-product","3":"status-publish","4":"has-post-thumbnail","6":"product_cat-industrielle-displays","7":"product_cat-wasserdichte-monitore","8":"product_tag-computer-fuer-den-aussenbereich","9":"product_tag-online-kaufen","11":"first","12":"instock","13":"taxable","14":"shipping-taxable","15":"purchasable","16":"product-type-composite"},"composite_virtual":false,"composite_layout":"single","composite_add_to_cart_form_location":"default","composite_editable_in_cart":false,"composite_sold_individually_context":"product","composite_shop_price_calc":"min_max","composite_components":[{"id":"1751299328","title":"Touchscreen","description":"","query_type":"product_ids","query_ids":[2240854,2240821],"default_option_id":"","thumbnail_id":"","thumbnail_src":"","quantity_min":1,"quantity_max":1,"priced_individually":true,"shipped_individually":false,"optional":false,"discount":"","options_style":"dropdowns","pagination_style":"classic","display_prices":"relative","show_sorting_options":false,"show_filtering_options":false,"attribute_filter_ids":[],"select_action":"view","product_title_visible":false,"product_descr_visible":false,"product_price_visible":false,"product_thumb_visible":false,"subtotal_visible_product":true,"subtotal_visible_cart":false,"subtotal_visible_orders":false},{"id":"1751299329","title":"Stromversorgung","description":"","query_type":"product_ids","query_ids":[2240762,2240763,2240764],"default_option_id":"","thumbnail_id":"","thumbnail_src":"","quantity_min":1,"quantity_max":1,"priced_individually":true,"shipped_individually":false,"optional":false,"discount":"","options_style":"dropdowns","pagination_style":"classic","display_prices":"relative","show_sorting_options":false,"show_filtering_options":false,"attribute_filter_ids":[],"select_action":"view","product_title_visible":false,"product_descr_visible":false,"product_price_visible":false,"product_thumb_visible":false,"subtotal_visible_product":true,"subtotal_visible_cart":false,"subtotal_visible_orders":false},{"id":"1751299330","title":"Display-Helligkeit","description":"","query_type":"product_ids","query_ids":[2240720,2240714],"default_option_id":"","thumbnail_id":"","thumbnail_src":"","quantity_min":1,"quantity_max":1,"priced_individually":true,"shipped_individually":false,"optional":false,"discount":"","options_style":"dropdowns","pagination_style":"classic","display_prices":"relative","show_sorting_options":false,"show_filtering_options":false,"attribute_filter_ids":[],"select_action":"view","product_title_visible":false,"product_descr_visible":false,"product_price_visible":false,"product_thumb_visible":false,"subtotal_visible_product":true,"subtotal_visible_cart":false,"subtotal_visible_orders":false},{"id":"1751299331","title":"Optisches Bonding","description":"","query_type":"product_ids","query_ids":[2240746,2240745],"default_option_id":"","thumbnail_id":"","thumbnail_src":"","quantity_min":1,"quantity_max":1,"priced_individually":true,"shipped_individually":false,"optional":false,"discount":"","options_style":"dropdowns","pagination_style":"classic","display_prices":"relative","show_sorting_options":false,"show_filtering_options":false,"attribute_filter_ids":[],"select_action":"view","product_title_visible":false,"product_descr_visible":false,"product_price_visible":false,"product_thumb_visible":false,"subtotal_visible_product":true,"subtotal_visible_cart":false,"subtotal_visible_orders":false},{"id":"1751299332","title":"Umgebungslichtsensor und automatische Dimmung","description":"","query_type":"product_ids","query_ids":[2240678,2240677],"default_option_id":"","thumbnail_id":"","thumbnail_src":"","quantity_min":1,"quantity_max":1,"priced_individually":true,"shipped_individually":false,"optional":false,"discount":"","options_style":"dropdowns","pagination_style":"classic","display_prices":"relative","show_sorting_options":false,"show_filtering_options":false,"attribute_filter_ids":[],"select_action":"view","product_title_visible":false,"product_descr_visible":false,"product_price_visible":false,"product_thumb_visible":false,"subtotal_visible_product":true,"subtotal_visible_cart":false,"subtotal_visible_orders":false},{"id":"1751299333","title":"Fahrgestell","description":"","query_type":"product_ids","query_ids":[2240694,2240687],"default_option_id":"","thumbnail_id":"","thumbnail_src":"","quantity_min":1,"quantity_max":1,"priced_individually":true,"shipped_individually":false,"optional":false,"discount":"","options_style":"dropdowns","pagination_style":"classic","display_prices":"relative","show_sorting_options":false,"show_filtering_options":false,"attribute_filter_ids":[],"select_action":"view","product_title_visible":false,"product_descr_visible":false,"product_price_visible":false,"product_thumb_visible":false,"subtotal_visible_product":true,"subtotal_visible_cart":false,"subtotal_visible_orders":false}],"composite_scenarios":[],"acf":[],"yoast_head":"<!-- This site is optimized with the Yoast SEO Premium plugin v26.8 (Yoast SEO v27.2) - https:\/\/yoast.com\/product\/yoast-seo-premium-wordpress\/ -->\n<title>24&quot; Wasserdichtes Touchscreen-Display | TSD-45-24<\/title>\n<meta name=\"description\" content=\"Der TSD-45-24 ist ein gro\u00dfer, wasserdichter Touch-Monitor und eignet sich ideal f\u00fcr Einrichtungen, in denen eine zuverl\u00e4ssige Anzeige rund um die Uhr wichtig ist. Er ist nach IP66\/IP69K und NEMA 4X zertifiziert.\" \/>\n<meta name=\"robots\" content=\"index, follow, max-snippet:-1, max-image-preview:large, max-video-preview:-1\" \/>\n<link rel=\"canonical\" href=\"https:\/\/teguar.com\/eu\/en\/product\/tsd-45-24\/\" \/>\n<meta property=\"og:locale\" content=\"de_DE\" \/>\n<meta property=\"og:type\" content=\"article\" \/>\n<meta property=\"og:title\" content=\"TSD-45-24\" \/>\n<meta property=\"og:description\" content=\"Der TSD-45-24 ist ein gro\u00dfer, wasserdichter Touch-Monitor und eignet sich ideal f\u00fcr Einrichtungen, in denen eine zuverl\u00e4ssige Anzeige rund um die Uhr wichtig ist. Er ist nach IP66\/IP69K und NEMA 4X zertifiziert.\" \/>\n<meta property=\"og:url\" content=\"https:\/\/teguar.com\/eu\/en\/product\/tsd-45-24\/\" \/>\n<meta property=\"og:site_name\" content=\"Teguar\" \/>\n<meta property=\"article:modified_time\" content=\"2026-01-29T13:29:12+00:00\" \/>\n<meta property=\"og:image\" content=\"https:\/\/teguar.com\/eu\/wp-content\/uploads\/sites\/2\/2020\/07\/touchscreen-waterproof-monitor.tsd-45-24__95804.1595935056.1280.1280.jpg\" \/>\n\t<meta property=\"og:image:width\" content=\"1000\" \/>\n\t<meta property=\"og:image:height\" content=\"1000\" \/>\n\t<meta property=\"og:image:type\" content=\"image\/jpeg\" \/>\n<meta name=\"twitter:card\" content=\"summary_large_image\" \/>\n<meta name=\"twitter:label1\" content=\"Gesch\u00e4tzte Lesezeit\" \/>\n\t<meta name=\"twitter:data1\" content=\"1\u00a0Minute\" \/>\n<script type=\"application\/ld+json\" class=\"yoast-schema-graph\">{\"@context\":\"https:\/\/schema.org\",\"@graph\":[{\"@type\":\"WebPage\",\"@id\":\"https:\/\/teguar.com\/eu\/en\/product\/tsd-45-24\/\",\"url\":\"https:\/\/teguar.com\/eu\/en\/product\/tsd-45-24\/\",\"name\":\"24\\\" Wasserdichtes Touchscreen-Display | TSD-45-24\",\"isPartOf\":{\"@id\":\"https:\/\/teguar.com\/eu\/en\/#website\"},\"primaryImageOfPage\":{\"@id\":\"https:\/\/teguar.com\/eu\/en\/product\/tsd-45-24\/#primaryimage\"},\"image\":{\"@id\":\"https:\/\/teguar.com\/eu\/en\/product\/tsd-45-24\/#primaryimage\"},\"thumbnailUrl\":\"https:\/\/teguar.com\/eu\/wp-content\/uploads\/sites\/2\/2020\/07\/touchscreen-waterproof-monitor.tsd-45-24__95804.1595935056.1280.1280.jpg\",\"datePublished\":\"2025-06-24T14:01:21+00:00\",\"dateModified\":\"2026-01-29T13:29:12+00:00\",\"description\":\"Der TSD-45-24 ist ein gro\u00dfer, wasserdichter Touch-Monitor und eignet sich ideal f\u00fcr Einrichtungen, in denen eine zuverl\u00e4ssige Anzeige rund um die Uhr wichtig ist. Er ist nach IP66\/IP69K und NEMA 4X zertifiziert.\",\"breadcrumb\":{\"@id\":\"https:\/\/teguar.com\/eu\/en\/product\/tsd-45-24\/#breadcrumb\"},\"inLanguage\":\"de\",\"potentialAction\":[{\"@type\":\"ReadAction\",\"target\":[\"https:\/\/teguar.com\/eu\/en\/product\/tsd-45-24\/\"]}]},{\"@type\":\"ImageObject\",\"inLanguage\":\"de\",\"@id\":\"https:\/\/teguar.com\/eu\/en\/product\/tsd-45-24\/#primaryimage\",\"url\":\"https:\/\/teguar.com\/eu\/wp-content\/uploads\/sites\/2\/2020\/07\/touchscreen-waterproof-monitor.tsd-45-24__95804.1595935056.1280.1280.jpg\",\"contentUrl\":\"https:\/\/teguar.com\/eu\/wp-content\/uploads\/sites\/2\/2020\/07\/touchscreen-waterproof-monitor.tsd-45-24__95804.1595935056.1280.1280.jpg\",\"width\":1000,\"height\":1000,\"caption\":\"24\\\" Waterproof Display | TSD-45-24\"},{\"@type\":\"BreadcrumbList\",\"@id\":\"https:\/\/teguar.com\/eu\/en\/product\/tsd-45-24\/#breadcrumb\",\"itemListElement\":[{\"@type\":\"ListItem\",\"position\":1,\"name\":\"Home\",\"item\":\"https:\/\/teguar.com\/eu\/de\/\"},{\"@type\":\"ListItem\",\"position\":2,\"name\":\"TSD-45-24\"}]},{\"@type\":\"WebSite\",\"@id\":\"https:\/\/teguar.com\/eu\/en\/#website\",\"url\":\"https:\/\/teguar.com\/eu\/en\/\",\"name\":\"Teguar\",\"description\":\"Industrial PCs, Medical Computers, and Rugged Tablets\",\"potentialAction\":[{\"@type\":\"SearchAction\",\"target\":{\"@type\":\"EntryPoint\",\"urlTemplate\":\"https:\/\/teguar.com\/eu\/en\/?s={search_term_string}\"},\"query-input\":{\"@type\":\"PropertyValueSpecification\",\"valueRequired\":true,\"valueName\":\"search_term_string\"}}],\"inLanguage\":\"de\"}]}<\/script>\n<!-- \/ Yoast SEO Premium plugin. -->","yoast_head_json":{"title":"24\" Wasserdichtes Touchscreen-Display | TSD-45-24","description":"Der TSD-45-24 ist ein gro\u00dfer, wasserdichter Touch-Monitor und eignet sich ideal f\u00fcr Einrichtungen, in denen eine zuverl\u00e4ssige Anzeige rund um die Uhr wichtig ist. Er ist nach IP66\/IP69K und NEMA 4X zertifiziert.","robots":{"index":"index","follow":"follow","max-snippet":"max-snippet:-1","max-image-preview":"max-image-preview:large","max-video-preview":"max-video-preview:-1"},"canonical":"https:\/\/teguar.com\/eu\/en\/product\/tsd-45-24\/","og_locale":"de_DE","og_type":"article","og_title":"TSD-45-24","og_description":"Der TSD-45-24 ist ein gro\u00dfer, wasserdichter Touch-Monitor und eignet sich ideal f\u00fcr Einrichtungen, in denen eine zuverl\u00e4ssige Anzeige rund um die Uhr wichtig ist. Er ist nach IP66\/IP69K und NEMA 4X zertifiziert.","og_url":"https:\/\/teguar.com\/eu\/en\/product\/tsd-45-24\/","og_site_name":"Teguar","article_modified_time":"2026-01-29T13:29:12+00:00","og_image":[{"width":1000,"height":1000,"url":"https:\/\/teguar.com\/eu\/wp-content\/uploads\/sites\/2\/2020\/07\/touchscreen-waterproof-monitor.tsd-45-24__95804.1595935056.1280.1280.jpg","type":"image\/jpeg"}],"twitter_card":"summary_large_image","twitter_misc":{"Gesch\u00e4tzte Lesezeit":"1\u00a0Minute"},"schema":{"@context":"https:\/\/schema.org","@graph":[{"@type":"WebPage","@id":"https:\/\/teguar.com\/eu\/en\/product\/tsd-45-24\/","url":"https:\/\/teguar.com\/eu\/en\/product\/tsd-45-24\/","name":"24\" Wasserdichtes Touchscreen-Display | TSD-45-24","isPartOf":{"@id":"https:\/\/teguar.com\/eu\/en\/#website"},"primaryImageOfPage":{"@id":"https:\/\/teguar.com\/eu\/en\/product\/tsd-45-24\/#primaryimage"},"image":{"@id":"https:\/\/teguar.com\/eu\/en\/product\/tsd-45-24\/#primaryimage"},"thumbnailUrl":"https:\/\/teguar.com\/eu\/wp-content\/uploads\/sites\/2\/2020\/07\/touchscreen-waterproof-monitor.tsd-45-24__95804.1595935056.1280.1280.jpg","datePublished":"2025-06-24T14:01:21+00:00","dateModified":"2026-01-29T13:29:12+00:00","description":"Der TSD-45-24 ist ein gro\u00dfer, wasserdichter Touch-Monitor und eignet sich ideal f\u00fcr Einrichtungen, in denen eine zuverl\u00e4ssige Anzeige rund um die Uhr wichtig ist. Er ist nach IP66\/IP69K und NEMA 4X zertifiziert.","breadcrumb":{"@id":"https:\/\/teguar.com\/eu\/en\/product\/tsd-45-24\/#breadcrumb"},"inLanguage":"de","potentialAction":[{"@type":"ReadAction","target":["https:\/\/teguar.com\/eu\/en\/product\/tsd-45-24\/"]}]},{"@type":"ImageObject","inLanguage":"de","@id":"https:\/\/teguar.com\/eu\/en\/product\/tsd-45-24\/#primaryimage","url":"https:\/\/teguar.com\/eu\/wp-content\/uploads\/sites\/2\/2020\/07\/touchscreen-waterproof-monitor.tsd-45-24__95804.1595935056.1280.1280.jpg","contentUrl":"https:\/\/teguar.com\/eu\/wp-content\/uploads\/sites\/2\/2020\/07\/touchscreen-waterproof-monitor.tsd-45-24__95804.1595935056.1280.1280.jpg","width":1000,"height":1000,"caption":"24\" Waterproof Display | TSD-45-24"},{"@type":"BreadcrumbList","@id":"https:\/\/teguar.com\/eu\/en\/product\/tsd-45-24\/#breadcrumb","itemListElement":[{"@type":"ListItem","position":1,"name":"Home","item":"https:\/\/teguar.com\/eu\/de\/"},{"@type":"ListItem","position":2,"name":"TSD-45-24"}]},{"@type":"WebSite","@id":"https:\/\/teguar.com\/eu\/en\/#website","url":"https:\/\/teguar.com\/eu\/en\/","name":"Teguar","description":"Industrial PCs, Medical Computers, and Rugged Tablets","potentialAction":[{"@type":"SearchAction","target":{"@type":"EntryPoint","urlTemplate":"https:\/\/teguar.com\/eu\/en\/?s={search_term_string}"},"query-input":{"@type":"PropertyValueSpecification","valueRequired":true,"valueName":"search_term_string"}}],"inLanguage":"de"}]}},"_links":{"self":[{"href":"https:\/\/teguar.com\/eu\/de\/wp-json\/wp\/v2\/product\/2245114","targetHints":{"allow":["GET"]}}],"collection":[{"href":"https:\/\/teguar.com\/eu\/de\/wp-json\/wp\/v2\/product"}],"about":[{"href":"https:\/\/teguar.com\/eu\/de\/wp-json\/wp\/v2\/types\/product"}],"wp:featuredmedia":[{"embeddable":true,"href":"https:\/\/teguar.com\/eu\/de\/wp-json\/wp\/v2\/media\/2245121"}],"wp:attachment":[{"href":"https:\/\/teguar.com\/eu\/de\/wp-json\/wp\/v2\/media?parent=2245114"}],"wp:term":[{"taxonomy":"product_brand","embeddable":true,"href":"https:\/\/teguar.com\/eu\/de\/wp-json\/wp\/v2\/product_brand?post=2245114"},{"taxonomy":"product_cat","embeddable":true,"href":"https:\/\/teguar.com\/eu\/de\/wp-json\/wp\/v2\/product_cat?post=2245114"},{"taxonomy":"product_tag","embeddable":true,"href":"https:\/\/teguar.com\/eu\/de\/wp-json\/wp\/v2\/product_tag?post=2245114"},{"taxonomy":"product_label","embeddable":true,"href":"https:\/\/teguar.com\/eu\/de\/wp-json\/wp\/v2\/product_label?post=2245114"}],"curies":[{"name":"wp","href":"https:\/\/api.w.org\/{rel}","templated":true}]}}