{"id":2245111,"date":"2025-06-24T14:14:18","date_gmt":"2025-06-24T14:14:18","guid":{"rendered":"https:\/\/teguar.com\/eu\/product\/twb-2945\/"},"modified":"2025-11-20T17:01:20","modified_gmt":"2025-11-20T17:01:20","slug":"twb-2945","status":"publish","type":"product","link":"https:\/\/teguar.com\/eu\/de\/product\/twb-2945\/","title":{"rendered":"TWB-2945"},"content":{"rendered":"<p>Dieser industrielle Box-PC aus Edelstahl kann in einer Vielzahl von Anwendungen eingesetzt werden, die ein robustes und kompaktes Computerdesign erfordern. Der TWB-2945 ist ein schlanker, wasserdichter Box-PC nach IP67 und IP69K mit einem vollst\u00e4ndig abgedichteten, l\u00fcfterlosen Design. Der TWB-2945 wird von einem Intel Bay Trail N2930 1.83GHz SoC-Prozessor angetrieben und hat eine extrem niedrige Leistungsaufnahme von 6,3W. F\u00fcr zus\u00e4tzliche Konfigurationsm\u00f6glichkeiten verf\u00fcgt dieser Computer \u00fcber einen internen Mini-PCIe-Steckplatz und einen internen SD-Steckplatz (bis zu 32 GB).   <\/p>\n","protected":false},"excerpt":{"rendered":"<p><a href=\"https:\/\/teguar.com\/eu\/de\/computer-fuer-die-lebensmittelverarbeitung\/\">Lebensmittel- und Getr\u00e4nkeherstellung:<\/a> Der TWB-2945 eignet sich hervorragend f\u00fcr den Einsatz in der Lebensmittel- und Getr\u00e4nkeindustrie. Er kann f\u00fcr Aufgaben wie Prozesskontrolle, Datenprotokollierung und Rezepturverwaltung in Produktionslinien eingesetzt werden. <\/p>\n<p><a href=\"https:\/\/teguar.com\/eu\/de\/pharmazeutische-computer\/\">Pharmazeutische Herstellung:<\/a> Mit seinem robusten Design und seinen wasserdichten Eigenschaften ist der TWB-2945 f\u00fcr pharmazeutische Produktionsumgebungen geeignet. Er kann f\u00fcr Anwendungen wie Ger\u00e4te\u00fcberwachung, Datenerfassung und Qualit\u00e4tssicherung in pharmazeutischen Produktionsprozessen eingesetzt werden. <\/p>\n<p><a href=\"https:\/\/teguar.com\/eu\/de\/computer-und-tablets-fuer-reinraeume\/\">Reinraum-Anwendungen:<\/a> Der TWB-2945 ist vollst\u00e4ndig wasserdicht und aus Edelstahl gefertigt. Dank der Schutzklassen IP67 und IP69K ist er f\u00fcr Reinraumanwendungen geeignet. Er kann zur Datenerfassung, Prozess\u00fcberwachung und Ger\u00e4testeuerung in Reinraumumgebungen eingesetzt werden, die eine strikte Einhaltung von Reinheitsstandards erfordern. <\/p>\n","protected":false},"featured_media":2245977,"template":"","meta":{"_acf_changed":false},"product_brand":[],"product_cat":[2812,2824,2843,2853,2854],"product_tag":[],"product_label":[],"class_list":{"0":"post-2245111","1":"product","2":"type-product","3":"status-publish","4":"has-post-thumbnail","6":"product_cat-embedded-pcs","7":"product_cat-lufterlose-pcs","8":"product_cat-rugged-computer","9":"product_cat-wasserdichte-box-pcs","10":"product_cat-wasserdichte-computer","11":"pa_windows-windows-10-iot","12":"pa_windows-windows-10-pro","13":"pa_windows-windows-7-pro","14":"pa_windows-windows-8-1-pro","16":"first","17":"outofstock","18":"taxable","19":"shipping-taxable","20":"purchasable","21":"product-type-simple"},"composite_virtual":false,"composite_layout":"","composite_add_to_cart_form_location":"","composite_editable_in_cart":false,"composite_sold_individually_context":"","composite_shop_price_calc":"","composite_components":[],"composite_scenarios":[],"acf":[],"yoast_head":"<!-- This site is optimized with the Yoast SEO Premium plugin v26.8 (Yoast SEO v27.2) - https:\/\/yoast.com\/product\/yoast-seo-premium-wordpress\/ -->\n<title>Wasserdichter PC | TWB-2945<\/title>\n<meta name=\"description\" content=\"Der wasserdichte Industrie-PC TWB-2945 von Teguar kann in einer Vielzahl von Anwendungen eingesetzt werden, die ein robustes und kompaktes Computerdesign erfordern.\" \/>\n<meta name=\"robots\" content=\"index, follow, max-snippet:-1, max-image-preview:large, max-video-preview:-1\" \/>\n<link rel=\"canonical\" href=\"https:\/\/teguar.com\/eu\/de\/product\/twb-2945\/\" \/>\n<meta property=\"og:locale\" content=\"de_DE\" \/>\n<meta property=\"og:type\" content=\"article\" \/>\n<meta property=\"og:title\" content=\"TWB-2945\" \/>\n<meta property=\"og:description\" content=\"Der wasserdichte Industrie-PC TWB-2945 von Teguar kann in einer Vielzahl von Anwendungen eingesetzt werden, die ein robustes und kompaktes Computerdesign erfordern.\" \/>\n<meta property=\"og:url\" content=\"https:\/\/teguar.com\/eu\/de\/product\/twb-2945\/\" \/>\n<meta property=\"og:site_name\" content=\"Teguar\" \/>\n<meta property=\"article:modified_time\" content=\"2025-11-20T17:01:20+00:00\" \/>\n<meta property=\"og:image\" content=\"https:\/\/teguar.com\/eu\/wp-content\/uploads\/sites\/2\/2020\/07\/twb-2945-waterproof-box-computer__14470.1595935079.1280.1280.jpg\" \/>\n\t<meta property=\"og:image:width\" content=\"1000\" \/>\n\t<meta property=\"og:image:height\" content=\"1000\" \/>\n\t<meta property=\"og:image:type\" content=\"image\/jpeg\" \/>\n<meta name=\"twitter:card\" content=\"summary_large_image\" \/>\n<meta name=\"twitter:label1\" content=\"Gesch\u00e4tzte Lesezeit\" \/>\n\t<meta name=\"twitter:data1\" content=\"1\u00a0Minute\" \/>\n<script type=\"application\/ld+json\" class=\"yoast-schema-graph\">{\"@context\":\"https:\/\/schema.org\",\"@graph\":[{\"@type\":\"WebPage\",\"@id\":\"https:\/\/teguar.com\/eu\/de\/product\/twb-2945\/\",\"url\":\"https:\/\/teguar.com\/eu\/de\/product\/twb-2945\/\",\"name\":\"Wasserdichter PC | TWB-2945\",\"isPartOf\":{\"@id\":\"https:\/\/teguar.com\/eu\/en\/#website\"},\"primaryImageOfPage\":{\"@id\":\"https:\/\/teguar.com\/eu\/de\/product\/twb-2945\/#primaryimage\"},\"image\":{\"@id\":\"https:\/\/teguar.com\/eu\/de\/product\/twb-2945\/#primaryimage\"},\"thumbnailUrl\":\"https:\/\/teguar.com\/eu\/wp-content\/uploads\/sites\/2\/2020\/07\/twb-2945-waterproof-box-computer__14470.1595935079.1280.1280.jpg\",\"datePublished\":\"2025-06-24T14:14:18+00:00\",\"dateModified\":\"2025-11-20T17:01:20+00:00\",\"description\":\"Der wasserdichte Industrie-PC TWB-2945 von Teguar kann in einer Vielzahl von Anwendungen eingesetzt werden, die ein robustes und kompaktes Computerdesign erfordern.\",\"breadcrumb\":{\"@id\":\"https:\/\/teguar.com\/eu\/de\/product\/twb-2945\/#breadcrumb\"},\"inLanguage\":\"de\",\"potentialAction\":[{\"@type\":\"ReadAction\",\"target\":[\"https:\/\/teguar.com\/eu\/de\/product\/twb-2945\/\"]}]},{\"@type\":\"ImageObject\",\"inLanguage\":\"de\",\"@id\":\"https:\/\/teguar.com\/eu\/de\/product\/twb-2945\/#primaryimage\",\"url\":\"https:\/\/teguar.com\/eu\/wp-content\/uploads\/sites\/2\/2020\/07\/twb-2945-waterproof-box-computer__14470.1595935079.1280.1280.jpg\",\"contentUrl\":\"https:\/\/teguar.com\/eu\/wp-content\/uploads\/sites\/2\/2020\/07\/twb-2945-waterproof-box-computer__14470.1595935079.1280.1280.jpg\",\"width\":1000,\"height\":1000,\"caption\":\"Waterproof Box Computer | TWB-2945\"},{\"@type\":\"BreadcrumbList\",\"@id\":\"https:\/\/teguar.com\/eu\/de\/product\/twb-2945\/#breadcrumb\",\"itemListElement\":[{\"@type\":\"ListItem\",\"position\":1,\"name\":\"Home\",\"item\":\"https:\/\/teguar.com\/eu\/de\/\"},{\"@type\":\"ListItem\",\"position\":2,\"name\":\"TWB-2945\"}]},{\"@type\":\"WebSite\",\"@id\":\"https:\/\/teguar.com\/eu\/en\/#website\",\"url\":\"https:\/\/teguar.com\/eu\/en\/\",\"name\":\"Teguar\",\"description\":\"Industrial PCs, Medical Computers, and Rugged Tablets\",\"potentialAction\":[{\"@type\":\"SearchAction\",\"target\":{\"@type\":\"EntryPoint\",\"urlTemplate\":\"https:\/\/teguar.com\/eu\/en\/?s={search_term_string}\"},\"query-input\":{\"@type\":\"PropertyValueSpecification\",\"valueRequired\":true,\"valueName\":\"search_term_string\"}}],\"inLanguage\":\"de\"}]}<\/script>\n<!-- \/ Yoast SEO Premium plugin. -->","yoast_head_json":{"title":"Wasserdichter PC | TWB-2945","description":"Der wasserdichte Industrie-PC TWB-2945 von Teguar kann in einer Vielzahl von Anwendungen eingesetzt werden, die ein robustes und kompaktes Computerdesign erfordern.","robots":{"index":"index","follow":"follow","max-snippet":"max-snippet:-1","max-image-preview":"max-image-preview:large","max-video-preview":"max-video-preview:-1"},"canonical":"https:\/\/teguar.com\/eu\/de\/product\/twb-2945\/","og_locale":"de_DE","og_type":"article","og_title":"TWB-2945","og_description":"Der wasserdichte Industrie-PC TWB-2945 von Teguar kann in einer Vielzahl von Anwendungen eingesetzt werden, die ein robustes und kompaktes Computerdesign erfordern.","og_url":"https:\/\/teguar.com\/eu\/de\/product\/twb-2945\/","og_site_name":"Teguar","article_modified_time":"2025-11-20T17:01:20+00:00","og_image":[{"width":1000,"height":1000,"url":"https:\/\/teguar.com\/eu\/wp-content\/uploads\/sites\/2\/2020\/07\/twb-2945-waterproof-box-computer__14470.1595935079.1280.1280.jpg","type":"image\/jpeg"}],"twitter_card":"summary_large_image","twitter_misc":{"Gesch\u00e4tzte Lesezeit":"1\u00a0Minute"},"schema":{"@context":"https:\/\/schema.org","@graph":[{"@type":"WebPage","@id":"https:\/\/teguar.com\/eu\/de\/product\/twb-2945\/","url":"https:\/\/teguar.com\/eu\/de\/product\/twb-2945\/","name":"Wasserdichter PC | TWB-2945","isPartOf":{"@id":"https:\/\/teguar.com\/eu\/en\/#website"},"primaryImageOfPage":{"@id":"https:\/\/teguar.com\/eu\/de\/product\/twb-2945\/#primaryimage"},"image":{"@id":"https:\/\/teguar.com\/eu\/de\/product\/twb-2945\/#primaryimage"},"thumbnailUrl":"https:\/\/teguar.com\/eu\/wp-content\/uploads\/sites\/2\/2020\/07\/twb-2945-waterproof-box-computer__14470.1595935079.1280.1280.jpg","datePublished":"2025-06-24T14:14:18+00:00","dateModified":"2025-11-20T17:01:20+00:00","description":"Der wasserdichte Industrie-PC TWB-2945 von Teguar kann in einer Vielzahl von Anwendungen eingesetzt werden, die ein robustes und kompaktes Computerdesign erfordern.","breadcrumb":{"@id":"https:\/\/teguar.com\/eu\/de\/product\/twb-2945\/#breadcrumb"},"inLanguage":"de","potentialAction":[{"@type":"ReadAction","target":["https:\/\/teguar.com\/eu\/de\/product\/twb-2945\/"]}]},{"@type":"ImageObject","inLanguage":"de","@id":"https:\/\/teguar.com\/eu\/de\/product\/twb-2945\/#primaryimage","url":"https:\/\/teguar.com\/eu\/wp-content\/uploads\/sites\/2\/2020\/07\/twb-2945-waterproof-box-computer__14470.1595935079.1280.1280.jpg","contentUrl":"https:\/\/teguar.com\/eu\/wp-content\/uploads\/sites\/2\/2020\/07\/twb-2945-waterproof-box-computer__14470.1595935079.1280.1280.jpg","width":1000,"height":1000,"caption":"Waterproof Box Computer | TWB-2945"},{"@type":"BreadcrumbList","@id":"https:\/\/teguar.com\/eu\/de\/product\/twb-2945\/#breadcrumb","itemListElement":[{"@type":"ListItem","position":1,"name":"Home","item":"https:\/\/teguar.com\/eu\/de\/"},{"@type":"ListItem","position":2,"name":"TWB-2945"}]},{"@type":"WebSite","@id":"https:\/\/teguar.com\/eu\/en\/#website","url":"https:\/\/teguar.com\/eu\/en\/","name":"Teguar","description":"Industrial PCs, Medical Computers, and Rugged Tablets","potentialAction":[{"@type":"SearchAction","target":{"@type":"EntryPoint","urlTemplate":"https:\/\/teguar.com\/eu\/en\/?s={search_term_string}"},"query-input":{"@type":"PropertyValueSpecification","valueRequired":true,"valueName":"search_term_string"}}],"inLanguage":"de"}]}},"_links":{"self":[{"href":"https:\/\/teguar.com\/eu\/de\/wp-json\/wp\/v2\/product\/2245111","targetHints":{"allow":["GET"]}}],"collection":[{"href":"https:\/\/teguar.com\/eu\/de\/wp-json\/wp\/v2\/product"}],"about":[{"href":"https:\/\/teguar.com\/eu\/de\/wp-json\/wp\/v2\/types\/product"}],"wp:featuredmedia":[{"embeddable":true,"href":"https:\/\/teguar.com\/eu\/de\/wp-json\/wp\/v2\/media\/2245977"}],"wp:attachment":[{"href":"https:\/\/teguar.com\/eu\/de\/wp-json\/wp\/v2\/media?parent=2245111"}],"wp:term":[{"taxonomy":"product_brand","embeddable":true,"href":"https:\/\/teguar.com\/eu\/de\/wp-json\/wp\/v2\/product_brand?post=2245111"},{"taxonomy":"product_cat","embeddable":true,"href":"https:\/\/teguar.com\/eu\/de\/wp-json\/wp\/v2\/product_cat?post=2245111"},{"taxonomy":"product_tag","embeddable":true,"href":"https:\/\/teguar.com\/eu\/de\/wp-json\/wp\/v2\/product_tag?post=2245111"},{"taxonomy":"product_label","embeddable":true,"href":"https:\/\/teguar.com\/eu\/de\/wp-json\/wp\/v2\/product_label?post=2245111"}],"curies":[{"name":"wp","href":"https:\/\/api.w.org\/{rel}","templated":true}]}}