{"id":2245108,"date":"2025-06-24T14:14:19","date_gmt":"2025-06-24T14:14:19","guid":{"rendered":"https:\/\/teguar.com\/eu\/product\/tsc-5010-22\/"},"modified":"2025-11-20T17:01:19","modified_gmt":"2025-11-20T17:01:19","slug":"tsc-5010-22","status":"publish","type":"product","link":"https:\/\/teguar.com\/eu\/de\/product\/tsc-5010-22\/","title":{"rendered":"TSC-5010-22"},"content":{"rendered":"<p>Der TSC-5010-22 verf\u00fcgt \u00fcber eine einzigartige Kabeldurchf\u00fchrung, die es Ihnen erm\u00f6glicht, Standardkabel mit den E\/A-Anschl\u00fcssen zu verwenden und gleichzeitig die volle Wasserdichtigkeit nach IP67\/IP69K zu gew\u00e4hrleisten. Das bedeutet, dass Sie keine speziellen M12-Kabel ben\u00f6tigen und alle E\/A-Anschl\u00fcsse abgedichtet sind. Das 21,5&#8243; Widescreen-HD-Display ist mit P-Cap oder Resistiv-Touch, hoher Helligkeit und optischer Bindung erh\u00e4ltlich. Dieser PC verf\u00fcgt \u00fcber ein rostfreies, vollst\u00e4ndig abgedichtetes Edelstahlgeh\u00e4use f\u00fcr den Einsatz in abwaschbaren Umgebungen, wie z.B. in einer Lebensmittel- und Getr\u00e4nkeverarbeitungsanlage oder einer pharmazeutischen Produktionslinie. Der TSC-5010-22 kann mit VESA- oder Jochbefestigung an einem Tischst\u00e4nder, einer Wandhalterung, einer Maschine, einem mobilen Wagen, einem ergonomischen Arm und mehr befestigt werden.    <\/p>\n<p><span style=\"color: #000000\"><strong><span class=\"ui-provider a b c d e f g h i j k l m n o p q r s t u v w x y z ab ac ae af ag ah ai aj ak\" dir=\"ltr\">Dieses Produkt gilt jetzt als &#8222;fr\u00fchere Generation&#8220;, d.h. es kann sein, dass es nicht mehr erh\u00e4ltlich ist. Rufen Sie +1 800 870 7715 an, um weitere Informationen zu diesem Produkt zu erhalten, oder sehen Sie sich unsere vollst\u00e4ndige Liste der derzeit verf\u00fcgbaren <a href=\"https:\/\/teguar.com\/eu\/de\/wasserdichte-computer\/\">wasserdichten Computer<\/a> an. <\/span><\/strong><\/span><\/p>\n","protected":false},"excerpt":{"rendered":"<p><a href=\"https:\/\/teguar.com\/eu\/de\/computer-fuer-die-lebensmittelverarbeitung\/\">Lebensmittel- und Getr\u00e4nkeherstellung:<\/a> Die TSC-5010 Serie ist mit ihrem vollst\u00e4ndig wasserdichten Design und der Edelstahlkonstruktion ideal f\u00fcr die Lebensmittel- und Getr\u00e4nkeherstellung geeignet, wo h\u00e4ufige Abwaschungen erforderlich sind. Sie kann f\u00fcr Aufgaben wie Rezeptverwaltung, Chargenverfolgung und Qualit\u00e4tskontrolle eingesetzt werden.<br \/>\n<br \/><a href=\"https:\/\/teguar.com\/eu\/de\/pharmazeutische-computer\/\">Pharmazeutische Produktion:<\/a> Mit ihrem wasserdichten und reinraumtauglichen Design ist die TSC-5010 Serie bestens f\u00fcr pharmazeutische Produktionsumgebungen geeignet. Sie bietet zuverl\u00e4ssige und langlebige Computer f\u00fcr Aufgaben wie Prozess\u00fcberwachung, Dokumentationsmanagement und Einhaltung von Vorschriften.<br \/>\n<br \/><a href=\"https:\/\/teguar.com\/eu\/de\/computer-und-tablets-fuer-reinraeume\/\">Reinraum-Anwendungen:<\/a> Dank der Wasserdichtigkeit und der Kabelverschraubung ist die TSC-5010 Serie f\u00fcr Reinraumanwendungen geeignet, die Schutz vor Wasser und Staub erfordern. Sie kann in Branchen wie der Halbleiterherstellung, der Produktion medizinischer Ger\u00e4te und in Forschungslabors eingesetzt werden. <\/p>\n","protected":false},"featured_media":2245984,"template":"","meta":{"_acf_changed":false},"product_brand":[],"product_cat":[2854],"product_tag":[],"product_label":[],"class_list":{"0":"post-2245108","1":"product","2":"type-product","3":"status-publish","4":"has-post-thumbnail","6":"product_cat-wasserdichte-computer","7":"pa_windows-windows-10-iot","8":"pa_windows-windows-10-pro","9":"pa_windows-windows-7-pro","11":"first","12":"outofstock","13":"taxable","14":"shipping-taxable","15":"purchasable","16":"product-type-simple"},"composite_virtual":false,"composite_layout":"","composite_add_to_cart_form_location":"","composite_editable_in_cart":false,"composite_sold_individually_context":"","composite_shop_price_calc":"","composite_components":[],"composite_scenarios":[],"acf":[],"yoast_head":"<!-- This site is optimized with the Yoast SEO Premium plugin v26.8 (Yoast SEO v27.2) - https:\/\/yoast.com\/product\/yoast-seo-premium-wordpress\/ -->\n<title>22&quot; IP69K PC | TSC-5010-22<\/title>\n<meta name=\"description\" content=\"Dieser 22-Zoll-Touchscreen-Computer von Teguar l\u00e4uft mit einem Intel Core i5-Prozessor und ist vollst\u00e4ndig wasserdicht, mit einem versiegelten Kabeldurchf\u00fchrungssystem.\" \/>\n<meta name=\"robots\" content=\"index, follow, max-snippet:-1, max-image-preview:large, max-video-preview:-1\" \/>\n<link rel=\"canonical\" href=\"https:\/\/teguar.com\/eu\/en\/product\/tsc-5010-22\/\" \/>\n<meta property=\"og:locale\" content=\"de_DE\" \/>\n<meta property=\"og:type\" content=\"article\" \/>\n<meta property=\"og:title\" content=\"TSC-5010-22\" \/>\n<meta property=\"og:description\" content=\"Dieser 22-Zoll-Touchscreen-Computer von Teguar l\u00e4uft mit einem Intel Core i5-Prozessor und ist vollst\u00e4ndig wasserdicht, mit einem versiegelten Kabeldurchf\u00fchrungssystem.\" \/>\n<meta property=\"og:url\" content=\"https:\/\/teguar.com\/eu\/en\/product\/tsc-5010-22\/\" \/>\n<meta property=\"og:site_name\" content=\"Teguar\" \/>\n<meta property=\"article:modified_time\" content=\"2025-11-20T17:01:19+00:00\" \/>\n<meta property=\"og:image\" content=\"https:\/\/teguar.com\/eu\/wp-content\/uploads\/sites\/2\/2020\/07\/TSC-5010-22_Front_and_Back__02398.1600178245.1280.1280.jpg\" \/>\n\t<meta property=\"og:image:width\" content=\"1000\" \/>\n\t<meta property=\"og:image:height\" content=\"1000\" \/>\n\t<meta property=\"og:image:type\" content=\"image\/jpeg\" \/>\n<meta name=\"twitter:card\" content=\"summary_large_image\" \/>\n<meta name=\"twitter:label1\" content=\"Gesch\u00e4tzte Lesezeit\" \/>\n\t<meta name=\"twitter:data1\" content=\"1\u00a0Minute\" \/>\n<script type=\"application\/ld+json\" class=\"yoast-schema-graph\">{\"@context\":\"https:\/\/schema.org\",\"@graph\":[{\"@type\":\"WebPage\",\"@id\":\"https:\/\/teguar.com\/eu\/en\/product\/tsc-5010-22\/\",\"url\":\"https:\/\/teguar.com\/eu\/en\/product\/tsc-5010-22\/\",\"name\":\"22\\\" IP69K PC | TSC-5010-22\",\"isPartOf\":{\"@id\":\"https:\/\/teguar.com\/eu\/en\/#website\"},\"primaryImageOfPage\":{\"@id\":\"https:\/\/teguar.com\/eu\/en\/product\/tsc-5010-22\/#primaryimage\"},\"image\":{\"@id\":\"https:\/\/teguar.com\/eu\/en\/product\/tsc-5010-22\/#primaryimage\"},\"thumbnailUrl\":\"https:\/\/teguar.com\/eu\/wp-content\/uploads\/sites\/2\/2020\/07\/TSC-5010-22_Front_and_Back__02398.1600178245.1280.1280.jpg\",\"datePublished\":\"2025-06-24T14:14:19+00:00\",\"dateModified\":\"2025-11-20T17:01:19+00:00\",\"description\":\"Dieser 22-Zoll-Touchscreen-Computer von Teguar l\u00e4uft mit einem Intel Core i5-Prozessor und ist vollst\u00e4ndig wasserdicht, mit einem versiegelten Kabeldurchf\u00fchrungssystem.\",\"breadcrumb\":{\"@id\":\"https:\/\/teguar.com\/eu\/en\/product\/tsc-5010-22\/#breadcrumb\"},\"inLanguage\":\"de\",\"potentialAction\":[{\"@type\":\"ReadAction\",\"target\":[\"https:\/\/teguar.com\/eu\/en\/product\/tsc-5010-22\/\"]}]},{\"@type\":\"ImageObject\",\"inLanguage\":\"de\",\"@id\":\"https:\/\/teguar.com\/eu\/en\/product\/tsc-5010-22\/#primaryimage\",\"url\":\"https:\/\/teguar.com\/eu\/wp-content\/uploads\/sites\/2\/2020\/07\/TSC-5010-22_Front_and_Back__02398.1600178245.1280.1280.jpg\",\"contentUrl\":\"https:\/\/teguar.com\/eu\/wp-content\/uploads\/sites\/2\/2020\/07\/TSC-5010-22_Front_and_Back__02398.1600178245.1280.1280.jpg\",\"width\":1000,\"height\":1000,\"caption\":\"Waterproof Computer with Cable Feedthrough\"},{\"@type\":\"BreadcrumbList\",\"@id\":\"https:\/\/teguar.com\/eu\/en\/product\/tsc-5010-22\/#breadcrumb\",\"itemListElement\":[{\"@type\":\"ListItem\",\"position\":1,\"name\":\"Home\",\"item\":\"https:\/\/teguar.com\/eu\/de\/\"},{\"@type\":\"ListItem\",\"position\":2,\"name\":\"TSC-5010-22\"}]},{\"@type\":\"WebSite\",\"@id\":\"https:\/\/teguar.com\/eu\/en\/#website\",\"url\":\"https:\/\/teguar.com\/eu\/en\/\",\"name\":\"Teguar\",\"description\":\"Industrial PCs, Medical Computers, and Rugged Tablets\",\"potentialAction\":[{\"@type\":\"SearchAction\",\"target\":{\"@type\":\"EntryPoint\",\"urlTemplate\":\"https:\/\/teguar.com\/eu\/en\/?s={search_term_string}\"},\"query-input\":{\"@type\":\"PropertyValueSpecification\",\"valueRequired\":true,\"valueName\":\"search_term_string\"}}],\"inLanguage\":\"de\"}]}<\/script>\n<!-- \/ Yoast SEO Premium plugin. -->","yoast_head_json":{"title":"22\" IP69K PC | TSC-5010-22","description":"Dieser 22-Zoll-Touchscreen-Computer von Teguar l\u00e4uft mit einem Intel Core i5-Prozessor und ist vollst\u00e4ndig wasserdicht, mit einem versiegelten Kabeldurchf\u00fchrungssystem.","robots":{"index":"index","follow":"follow","max-snippet":"max-snippet:-1","max-image-preview":"max-image-preview:large","max-video-preview":"max-video-preview:-1"},"canonical":"https:\/\/teguar.com\/eu\/en\/product\/tsc-5010-22\/","og_locale":"de_DE","og_type":"article","og_title":"TSC-5010-22","og_description":"Dieser 22-Zoll-Touchscreen-Computer von Teguar l\u00e4uft mit einem Intel Core i5-Prozessor und ist vollst\u00e4ndig wasserdicht, mit einem versiegelten Kabeldurchf\u00fchrungssystem.","og_url":"https:\/\/teguar.com\/eu\/en\/product\/tsc-5010-22\/","og_site_name":"Teguar","article_modified_time":"2025-11-20T17:01:19+00:00","og_image":[{"width":1000,"height":1000,"url":"https:\/\/teguar.com\/eu\/wp-content\/uploads\/sites\/2\/2020\/07\/TSC-5010-22_Front_and_Back__02398.1600178245.1280.1280.jpg","type":"image\/jpeg"}],"twitter_card":"summary_large_image","twitter_misc":{"Gesch\u00e4tzte Lesezeit":"1\u00a0Minute"},"schema":{"@context":"https:\/\/schema.org","@graph":[{"@type":"WebPage","@id":"https:\/\/teguar.com\/eu\/en\/product\/tsc-5010-22\/","url":"https:\/\/teguar.com\/eu\/en\/product\/tsc-5010-22\/","name":"22\" IP69K PC | TSC-5010-22","isPartOf":{"@id":"https:\/\/teguar.com\/eu\/en\/#website"},"primaryImageOfPage":{"@id":"https:\/\/teguar.com\/eu\/en\/product\/tsc-5010-22\/#primaryimage"},"image":{"@id":"https:\/\/teguar.com\/eu\/en\/product\/tsc-5010-22\/#primaryimage"},"thumbnailUrl":"https:\/\/teguar.com\/eu\/wp-content\/uploads\/sites\/2\/2020\/07\/TSC-5010-22_Front_and_Back__02398.1600178245.1280.1280.jpg","datePublished":"2025-06-24T14:14:19+00:00","dateModified":"2025-11-20T17:01:19+00:00","description":"Dieser 22-Zoll-Touchscreen-Computer von Teguar l\u00e4uft mit einem Intel Core i5-Prozessor und ist vollst\u00e4ndig wasserdicht, mit einem versiegelten Kabeldurchf\u00fchrungssystem.","breadcrumb":{"@id":"https:\/\/teguar.com\/eu\/en\/product\/tsc-5010-22\/#breadcrumb"},"inLanguage":"de","potentialAction":[{"@type":"ReadAction","target":["https:\/\/teguar.com\/eu\/en\/product\/tsc-5010-22\/"]}]},{"@type":"ImageObject","inLanguage":"de","@id":"https:\/\/teguar.com\/eu\/en\/product\/tsc-5010-22\/#primaryimage","url":"https:\/\/teguar.com\/eu\/wp-content\/uploads\/sites\/2\/2020\/07\/TSC-5010-22_Front_and_Back__02398.1600178245.1280.1280.jpg","contentUrl":"https:\/\/teguar.com\/eu\/wp-content\/uploads\/sites\/2\/2020\/07\/TSC-5010-22_Front_and_Back__02398.1600178245.1280.1280.jpg","width":1000,"height":1000,"caption":"Waterproof Computer with Cable Feedthrough"},{"@type":"BreadcrumbList","@id":"https:\/\/teguar.com\/eu\/en\/product\/tsc-5010-22\/#breadcrumb","itemListElement":[{"@type":"ListItem","position":1,"name":"Home","item":"https:\/\/teguar.com\/eu\/de\/"},{"@type":"ListItem","position":2,"name":"TSC-5010-22"}]},{"@type":"WebSite","@id":"https:\/\/teguar.com\/eu\/en\/#website","url":"https:\/\/teguar.com\/eu\/en\/","name":"Teguar","description":"Industrial PCs, Medical Computers, and Rugged Tablets","potentialAction":[{"@type":"SearchAction","target":{"@type":"EntryPoint","urlTemplate":"https:\/\/teguar.com\/eu\/en\/?s={search_term_string}"},"query-input":{"@type":"PropertyValueSpecification","valueRequired":true,"valueName":"search_term_string"}}],"inLanguage":"de"}]}},"_links":{"self":[{"href":"https:\/\/teguar.com\/eu\/de\/wp-json\/wp\/v2\/product\/2245108","targetHints":{"allow":["GET"]}}],"collection":[{"href":"https:\/\/teguar.com\/eu\/de\/wp-json\/wp\/v2\/product"}],"about":[{"href":"https:\/\/teguar.com\/eu\/de\/wp-json\/wp\/v2\/types\/product"}],"wp:featuredmedia":[{"embeddable":true,"href":"https:\/\/teguar.com\/eu\/de\/wp-json\/wp\/v2\/media\/2245984"}],"wp:attachment":[{"href":"https:\/\/teguar.com\/eu\/de\/wp-json\/wp\/v2\/media?parent=2245108"}],"wp:term":[{"taxonomy":"product_brand","embeddable":true,"href":"https:\/\/teguar.com\/eu\/de\/wp-json\/wp\/v2\/product_brand?post=2245108"},{"taxonomy":"product_cat","embeddable":true,"href":"https:\/\/teguar.com\/eu\/de\/wp-json\/wp\/v2\/product_cat?post=2245108"},{"taxonomy":"product_tag","embeddable":true,"href":"https:\/\/teguar.com\/eu\/de\/wp-json\/wp\/v2\/product_tag?post=2245108"},{"taxonomy":"product_label","embeddable":true,"href":"https:\/\/teguar.com\/eu\/de\/wp-json\/wp\/v2\/product_label?post=2245108"}],"curies":[{"name":"wp","href":"https:\/\/api.w.org\/{rel}","templated":true}]}}