{"id":2245098,"date":"2025-06-24T14:14:18","date_gmt":"2025-06-24T14:14:18","guid":{"rendered":"https:\/\/teguar.com\/eu\/product\/tsc-4010-22\/"},"modified":"2025-11-20T17:01:58","modified_gmt":"2025-11-20T17:01:58","slug":"tsc-4010-22","status":"publish","type":"product","link":"https:\/\/teguar.com\/eu\/de\/product\/tsc-4010-22\/","title":{"rendered":"TSC-4010-22"},"content":{"rendered":"<p>Der TSC-4010-22 bietet eine gro\u00dfe Touchscreen-Oberfl\u00e4che in einem vollst\u00e4ndig wasserdichten Geh\u00e4use. Der 21,5-Zoll-Breitbild-LCD-Bildschirm ist mit P-Cap oder Resistiv-Touch, hoher Helligkeit und optischer Bindung erh\u00e4ltlich. Dieser Computer verf\u00fcgt \u00fcber ein einzigartiges Kabeldurchf\u00fchrungsdesign, das die Verwendung von Standardkabeln mit den E\/A-Anschl\u00fcssen erm\u00f6glicht und gleichzeitig die volle Wasserdichtigkeitsklasse IP67\/IP69K gew\u00e4hrleistet. Die Intel Celeron Bay Trail CPU ist f\u00fcr die Arbeit mit Software ausgelegt, die in der Lebensmittel- und Getr\u00e4nkeindustrie h\u00e4ufig verwendet wird, wie z.B. ERP-Software. Das Geh\u00e4use aus rostfreiem Stahl ist vollst\u00e4ndig abgedichtet, um Abwaschungen und h\u00e4ufigen Reinigungen mit Chemikalien, die in sterilen Umgebungen verwendet werden, standzuhalten.    <\/p>\n<p><span style=\"color: #000000\"><strong><span class=\"ui-provider a b c d e f g h i j k l m n o p q r s t u v w x y z ab ac ae af ag ah ai aj ak\" dir=\"ltr\">Dieses Produkt gilt jetzt als &#8222;fr\u00fchere Generation&#8220;, d.h. es kann sein, dass es nicht mehr erh\u00e4ltlich ist. Rufen Sie +1 800 870 7715 an, um weitere Informationen zu diesem Produkt zu erhalten, oder sehen Sie sich unsere vollst\u00e4ndige Liste der derzeit verf\u00fcgbaren <a href=\"https:\/\/teguar.com\/eu\/de\/wasserdichte-computer\/\">wasserdichten Computer<\/a> an. <\/span><\/strong><\/span><\/p>\n","protected":false},"excerpt":{"rendered":"<p><a href=\"https:\/\/teguar.com\/eu\/de\/computer-fuer-die-lebensmittelverarbeitung\/\">Lebensmittel- und Getr\u00e4nkeherstellung:<\/a> Die wasserdichten Computer der Serie TSC-4010 sind wasserdicht nach IP66\/IP69K und aus Edelstahl gefertigt. Sie eignen sich hervorragend f\u00fcr den Einsatz in der Lebensmittel- und Getr\u00e4nkeindustrie. Er kann f\u00fcr Aufgaben wie Rezeptverwaltung, Produktions\u00fcberwachung und Qualit\u00e4tskontrolle eingesetzt werden. <\/p>\n<p><a href=\"https:\/\/teguar.com\/eu\/de\/pharmazeutische-computer\/\">Pharmazeutische Produktion:<\/a> Mit ihrem versiegelten E\/A-Design und der optionalen TPM 2.0-Hardware-Sicherheit bietet die wasserdichte Computerserie TSC-4010 zuverl\u00e4ssige und sichere Computerl\u00f6sungen f\u00fcr pharmazeutische Produktionsumgebungen. Er kann f\u00fcr Aufgaben wie die Chargenverfolgung, das Dokumentationsmanagement und die Einhaltung gesetzlicher Vorschriften eingesetzt werden. <\/p>\n<p><a href=\"https:\/\/teguar.com\/eu\/de\/computer-und-tablets-fuer-reinraeume\/\">Reinraum-Anwendungen: <\/a>Die wasserdichte Computerserie TSC-4010 mit ihrem versiegelten Design und der optionalen hohen Helligkeit und optischen Bindung eignet sich f\u00fcr Reinraumanwendungen, die Schutz vor Wasser und Staub und eine verbesserte Sichtbarkeit erfordern. Sie kann in Branchen wie der Halbleiterherstellung, der Produktion von medizinischen Ger\u00e4ten und in Forschungslabors eingesetzt werden. <\/p>\n<p><a href=\"https:\/\/teguar.com\/eu\/de\/computer-fuer-die-industrielle-automatisierung\/\">Industrielle Automatisierung:<\/a> Die wasserdichten Computer der Serie TSC-4010 mit ihrer robusten Konstruktion und der effizienten Intel Celeron CPU sind ideal f\u00fcr Anwendungen in der industriellen Automatisierung. Er kann als Schnittstelle f\u00fcr Maschinensteuerung, Daten\u00fcberwachung und Automatisierungssysteme in Branchen wie Fertigung, Logistik und Transport dienen. <\/p>\n","protected":false},"featured_media":2245981,"template":"","meta":{"_acf_changed":false},"product_brand":[],"product_cat":[2854],"product_tag":[],"product_label":[],"class_list":{"0":"post-2245098","1":"product","2":"type-product","3":"status-publish","4":"has-post-thumbnail","6":"product_cat-wasserdichte-computer","7":"pa_windows-windows-10-iot","8":"pa_windows-windows-10-pro","9":"pa_windows-windows-7-pro","11":"first","12":"outofstock","13":"taxable","14":"shipping-taxable","15":"purchasable","16":"product-type-simple"},"composite_virtual":false,"composite_layout":"","composite_add_to_cart_form_location":"","composite_editable_in_cart":false,"composite_sold_individually_context":"","composite_shop_price_calc":"","composite_components":[],"composite_scenarios":[],"acf":[],"yoast_head":"<!-- This site is optimized with the Yoast SEO Premium plugin v26.8 (Yoast SEO v27.2) - https:\/\/yoast.com\/product\/yoast-seo-premium-wordpress\/ -->\n<title>22&quot; Wasserdichter PC mit versiegelter Kabeldurchf\u00fchrung | TSC-4010-22<\/title>\n<meta name=\"description\" content=\"Dieser 22&quot;-Edelstahl-PC von Teguar verf\u00fcgt \u00fcber eine angebrachte Kabelverschraubung, so dass ein vollst\u00e4ndig wasserdichtes System mit der Schutzklasse IP69K entsteht, das mit Standardkabeln verwendet werden kann.\" \/>\n<meta name=\"robots\" content=\"index, follow, max-snippet:-1, max-image-preview:large, max-video-preview:-1\" \/>\n<link rel=\"canonical\" href=\"https:\/\/teguar.com\/eu\/de\/product\/tsc-4010-22\/\" \/>\n<meta property=\"og:locale\" content=\"de_DE\" \/>\n<meta property=\"og:type\" content=\"article\" \/>\n<meta property=\"og:title\" content=\"TSC-4010-22\" \/>\n<meta property=\"og:description\" content=\"Dieser 22&quot;-Edelstahl-PC von Teguar verf\u00fcgt \u00fcber eine angebrachte Kabelverschraubung, so dass ein vollst\u00e4ndig wasserdichtes System mit der Schutzklasse IP69K entsteht, das mit Standardkabeln verwendet werden kann.\" \/>\n<meta property=\"og:url\" content=\"https:\/\/teguar.com\/eu\/de\/product\/tsc-4010-22\/\" \/>\n<meta property=\"og:site_name\" content=\"Teguar\" \/>\n<meta property=\"article:modified_time\" content=\"2025-11-20T17:01:58+00:00\" \/>\n<meta property=\"og:image\" content=\"https:\/\/teguar.com\/eu\/wp-content\/uploads\/sites\/2\/2020\/07\/TSC-4010-22_Front_and_Back__52249.1600178134.1280.1280.jpg\" \/>\n\t<meta property=\"og:image:width\" content=\"1000\" \/>\n\t<meta property=\"og:image:height\" content=\"1000\" \/>\n\t<meta property=\"og:image:type\" content=\"image\/jpeg\" \/>\n<meta name=\"twitter:card\" content=\"summary_large_image\" \/>\n<meta name=\"twitter:label1\" content=\"Gesch\u00e4tzte Lesezeit\" \/>\n\t<meta name=\"twitter:data1\" content=\"1\u00a0Minute\" \/>\n<script type=\"application\/ld+json\" class=\"yoast-schema-graph\">{\"@context\":\"https:\/\/schema.org\",\"@graph\":[{\"@type\":\"WebPage\",\"@id\":\"https:\/\/teguar.com\/eu\/de\/product\/tsc-4010-22\/\",\"url\":\"https:\/\/teguar.com\/eu\/de\/product\/tsc-4010-22\/\",\"name\":\"22\\\" Wasserdichter PC mit versiegelter Kabeldurchf\u00fchrung | TSC-4010-22\",\"isPartOf\":{\"@id\":\"https:\/\/teguar.com\/eu\/en\/#website\"},\"primaryImageOfPage\":{\"@id\":\"https:\/\/teguar.com\/eu\/de\/product\/tsc-4010-22\/#primaryimage\"},\"image\":{\"@id\":\"https:\/\/teguar.com\/eu\/de\/product\/tsc-4010-22\/#primaryimage\"},\"thumbnailUrl\":\"https:\/\/teguar.com\/eu\/wp-content\/uploads\/sites\/2\/2020\/07\/TSC-4010-22_Front_and_Back__52249.1600178134.1280.1280.jpg\",\"datePublished\":\"2025-06-24T14:14:18+00:00\",\"dateModified\":\"2025-11-20T17:01:58+00:00\",\"description\":\"Dieser 22\\\"-Edelstahl-PC von Teguar verf\u00fcgt \u00fcber eine angebrachte Kabelverschraubung, so dass ein vollst\u00e4ndig wasserdichtes System mit der Schutzklasse IP69K entsteht, das mit Standardkabeln verwendet werden kann.\",\"breadcrumb\":{\"@id\":\"https:\/\/teguar.com\/eu\/de\/product\/tsc-4010-22\/#breadcrumb\"},\"inLanguage\":\"de\",\"potentialAction\":[{\"@type\":\"ReadAction\",\"target\":[\"https:\/\/teguar.com\/eu\/de\/product\/tsc-4010-22\/\"]}]},{\"@type\":\"ImageObject\",\"inLanguage\":\"de\",\"@id\":\"https:\/\/teguar.com\/eu\/de\/product\/tsc-4010-22\/#primaryimage\",\"url\":\"https:\/\/teguar.com\/eu\/wp-content\/uploads\/sites\/2\/2020\/07\/TSC-4010-22_Front_and_Back__52249.1600178134.1280.1280.jpg\",\"contentUrl\":\"https:\/\/teguar.com\/eu\/wp-content\/uploads\/sites\/2\/2020\/07\/TSC-4010-22_Front_and_Back__52249.1600178134.1280.1280.jpg\",\"width\":1000,\"height\":1000,\"caption\":\"22\\\" Waterproof Computer with Cable Gland\"},{\"@type\":\"BreadcrumbList\",\"@id\":\"https:\/\/teguar.com\/eu\/de\/product\/tsc-4010-22\/#breadcrumb\",\"itemListElement\":[{\"@type\":\"ListItem\",\"position\":1,\"name\":\"Home\",\"item\":\"https:\/\/teguar.com\/eu\/de\/\"},{\"@type\":\"ListItem\",\"position\":2,\"name\":\"TSC-4010-22\"}]},{\"@type\":\"WebSite\",\"@id\":\"https:\/\/teguar.com\/eu\/en\/#website\",\"url\":\"https:\/\/teguar.com\/eu\/en\/\",\"name\":\"Teguar\",\"description\":\"Industrial PCs, Medical Computers, and Rugged Tablets\",\"potentialAction\":[{\"@type\":\"SearchAction\",\"target\":{\"@type\":\"EntryPoint\",\"urlTemplate\":\"https:\/\/teguar.com\/eu\/en\/?s={search_term_string}\"},\"query-input\":{\"@type\":\"PropertyValueSpecification\",\"valueRequired\":true,\"valueName\":\"search_term_string\"}}],\"inLanguage\":\"de\"}]}<\/script>\n<!-- \/ Yoast SEO Premium plugin. -->","yoast_head_json":{"title":"22\" Wasserdichter PC mit versiegelter Kabeldurchf\u00fchrung | TSC-4010-22","description":"Dieser 22\"-Edelstahl-PC von Teguar verf\u00fcgt \u00fcber eine angebrachte Kabelverschraubung, so dass ein vollst\u00e4ndig wasserdichtes System mit der Schutzklasse IP69K entsteht, das mit Standardkabeln verwendet werden kann.","robots":{"index":"index","follow":"follow","max-snippet":"max-snippet:-1","max-image-preview":"max-image-preview:large","max-video-preview":"max-video-preview:-1"},"canonical":"https:\/\/teguar.com\/eu\/de\/product\/tsc-4010-22\/","og_locale":"de_DE","og_type":"article","og_title":"TSC-4010-22","og_description":"Dieser 22\"-Edelstahl-PC von Teguar verf\u00fcgt \u00fcber eine angebrachte Kabelverschraubung, so dass ein vollst\u00e4ndig wasserdichtes System mit der Schutzklasse IP69K entsteht, das mit Standardkabeln verwendet werden kann.","og_url":"https:\/\/teguar.com\/eu\/de\/product\/tsc-4010-22\/","og_site_name":"Teguar","article_modified_time":"2025-11-20T17:01:58+00:00","og_image":[{"width":1000,"height":1000,"url":"https:\/\/teguar.com\/eu\/wp-content\/uploads\/sites\/2\/2020\/07\/TSC-4010-22_Front_and_Back__52249.1600178134.1280.1280.jpg","type":"image\/jpeg"}],"twitter_card":"summary_large_image","twitter_misc":{"Gesch\u00e4tzte Lesezeit":"1\u00a0Minute"},"schema":{"@context":"https:\/\/schema.org","@graph":[{"@type":"WebPage","@id":"https:\/\/teguar.com\/eu\/de\/product\/tsc-4010-22\/","url":"https:\/\/teguar.com\/eu\/de\/product\/tsc-4010-22\/","name":"22\" Wasserdichter PC mit versiegelter Kabeldurchf\u00fchrung | TSC-4010-22","isPartOf":{"@id":"https:\/\/teguar.com\/eu\/en\/#website"},"primaryImageOfPage":{"@id":"https:\/\/teguar.com\/eu\/de\/product\/tsc-4010-22\/#primaryimage"},"image":{"@id":"https:\/\/teguar.com\/eu\/de\/product\/tsc-4010-22\/#primaryimage"},"thumbnailUrl":"https:\/\/teguar.com\/eu\/wp-content\/uploads\/sites\/2\/2020\/07\/TSC-4010-22_Front_and_Back__52249.1600178134.1280.1280.jpg","datePublished":"2025-06-24T14:14:18+00:00","dateModified":"2025-11-20T17:01:58+00:00","description":"Dieser 22\"-Edelstahl-PC von Teguar verf\u00fcgt \u00fcber eine angebrachte Kabelverschraubung, so dass ein vollst\u00e4ndig wasserdichtes System mit der Schutzklasse IP69K entsteht, das mit Standardkabeln verwendet werden kann.","breadcrumb":{"@id":"https:\/\/teguar.com\/eu\/de\/product\/tsc-4010-22\/#breadcrumb"},"inLanguage":"de","potentialAction":[{"@type":"ReadAction","target":["https:\/\/teguar.com\/eu\/de\/product\/tsc-4010-22\/"]}]},{"@type":"ImageObject","inLanguage":"de","@id":"https:\/\/teguar.com\/eu\/de\/product\/tsc-4010-22\/#primaryimage","url":"https:\/\/teguar.com\/eu\/wp-content\/uploads\/sites\/2\/2020\/07\/TSC-4010-22_Front_and_Back__52249.1600178134.1280.1280.jpg","contentUrl":"https:\/\/teguar.com\/eu\/wp-content\/uploads\/sites\/2\/2020\/07\/TSC-4010-22_Front_and_Back__52249.1600178134.1280.1280.jpg","width":1000,"height":1000,"caption":"22\" Waterproof Computer with Cable Gland"},{"@type":"BreadcrumbList","@id":"https:\/\/teguar.com\/eu\/de\/product\/tsc-4010-22\/#breadcrumb","itemListElement":[{"@type":"ListItem","position":1,"name":"Home","item":"https:\/\/teguar.com\/eu\/de\/"},{"@type":"ListItem","position":2,"name":"TSC-4010-22"}]},{"@type":"WebSite","@id":"https:\/\/teguar.com\/eu\/en\/#website","url":"https:\/\/teguar.com\/eu\/en\/","name":"Teguar","description":"Industrial PCs, Medical Computers, and Rugged Tablets","potentialAction":[{"@type":"SearchAction","target":{"@type":"EntryPoint","urlTemplate":"https:\/\/teguar.com\/eu\/en\/?s={search_term_string}"},"query-input":{"@type":"PropertyValueSpecification","valueRequired":true,"valueName":"search_term_string"}}],"inLanguage":"de"}]}},"_links":{"self":[{"href":"https:\/\/teguar.com\/eu\/de\/wp-json\/wp\/v2\/product\/2245098","targetHints":{"allow":["GET"]}}],"collection":[{"href":"https:\/\/teguar.com\/eu\/de\/wp-json\/wp\/v2\/product"}],"about":[{"href":"https:\/\/teguar.com\/eu\/de\/wp-json\/wp\/v2\/types\/product"}],"wp:featuredmedia":[{"embeddable":true,"href":"https:\/\/teguar.com\/eu\/de\/wp-json\/wp\/v2\/media\/2245981"}],"wp:attachment":[{"href":"https:\/\/teguar.com\/eu\/de\/wp-json\/wp\/v2\/media?parent=2245098"}],"wp:term":[{"taxonomy":"product_brand","embeddable":true,"href":"https:\/\/teguar.com\/eu\/de\/wp-json\/wp\/v2\/product_brand?post=2245098"},{"taxonomy":"product_cat","embeddable":true,"href":"https:\/\/teguar.com\/eu\/de\/wp-json\/wp\/v2\/product_cat?post=2245098"},{"taxonomy":"product_tag","embeddable":true,"href":"https:\/\/teguar.com\/eu\/de\/wp-json\/wp\/v2\/product_tag?post=2245098"},{"taxonomy":"product_label","embeddable":true,"href":"https:\/\/teguar.com\/eu\/de\/wp-json\/wp\/v2\/product_label?post=2245098"}],"curies":[{"name":"wp","href":"https:\/\/api.w.org\/{rel}","templated":true}]}}