{"id":2245092,"date":"2025-06-24T14:14:18","date_gmt":"2025-06-24T14:14:18","guid":{"rendered":"https:\/\/teguar.com\/eu\/product\/tsx-2920-15\/"},"modified":"2025-11-20T17:02:18","modified_gmt":"2025-11-20T17:02:18","slug":"tsx-2920-15","status":"publish","type":"product","link":"https:\/\/teguar.com\/eu\/de\/product\/tsx-2920-15\/","title":{"rendered":"TSX-2920-15"},"content":{"rendered":"<p>Der TSX-2920-15 wurde f\u00fcr Anwendungen entwickelt, in denen Gas, entflammbare Luftpartikel oder Staub eine gef\u00e4hrliche Umgebung schaffen, in der elektrische Ger\u00e4te das Risiko von Explosionen erh\u00f6hen k\u00f6nnen. Dieser Computer ist f\u00fcr die Klasse 1 Division 2 (C1D2) zertifiziert und stellt damit sicher, dass er keine Funken erzeugen kann, die in diesen gef\u00e4hrlichen Umgebungen eine Explosion verursachen k\u00f6nnten. Das Edelstahlgeh\u00e4use ist nach IP65 wasser- und staubdicht und der PC ist nach MIL-STD-810F\/G f\u00fcr St\u00f6\u00dfe und Vibrationen zertifiziert. Der TSX-2920-15 h\u00e4lt einem breiten Temperaturbereich stand und verf\u00fcgt \u00fcber ein l\u00fcfterloses, hocheffizientes W\u00e4rmeabgabesystem. Dieser explosionsgesch\u00fctzte Computer verf\u00fcgt \u00fcber einen LCD-Touchscreen mit einer Aufl\u00f6sung von 1024 x 768 Pixeln und einen Intel HD-Grafik-Videocontroller. Mit einer Intel Celeron CPU kann dieser PC ERP-Software und SCADA-Systeme ausf\u00fchren oder als Datendrehscheibe f\u00fcr Ihre Anwendung in Gefahrenbereichen dienen.     <\/p>\n","protected":false},"excerpt":{"rendered":"<p><a href=\"https:\/\/teguar.com\/eu\/mining-tunneling-computer\/\">Bergbau: <\/a>Der TSX-2920-15 ist ein explosionsgesch\u00fctzter Computer der Klasse 1 Division 2 (C1D2) und eignet sich f\u00fcr den Einsatz in Bergbaubetrieben, in denen das Risiko explosiver Atmosph\u00e4ren besteht. Er kann f\u00fcr Aufgaben wie Datenprotokollierung, Ger\u00e4te\u00fcberwachung und Kontrollsysteme im Unter- und \u00dcbertagebergbau eingesetzt werden. <\/p>\n<p><a href=\"https:\/\/teguar.com\/eu\/chemical-processing-computer\/\">Chemische Verarbeitung:<\/a> Dank seiner C1D2-Klassifizierung eignet sich der TSX-2920-15 f\u00fcr den Einsatz in chemischen Verarbeitungsanlagen, in denen mit brennbaren Stoffen gearbeitet wird. Er kann f\u00fcr Aufgaben wie Prozesskontrolle, Datenerfassung und Sicherheits\u00fcberwachung in chemischen Herstellungs- und Verarbeitungsanlagen eingesetzt werden. <\/p>\n","protected":false},"featured_media":2245975,"template":"","meta":{"_acf_changed":false},"product_brand":[],"product_cat":[2839],"product_tag":[],"product_label":[],"class_list":{"0":"post-2245092","1":"product","2":"type-product","3":"status-publish","4":"has-post-thumbnail","6":"product_cat-panel-pcs","7":"pa_windows-windows-10-iot","8":"pa_windows-windows-10-pro","9":"pa_windows-windows-7-pro","11":"first","12":"outofstock","13":"taxable","14":"shipping-taxable","15":"purchasable","16":"product-type-simple"},"composite_virtual":false,"composite_layout":"","composite_add_to_cart_form_location":"","composite_editable_in_cart":false,"composite_sold_individually_context":"","composite_shop_price_calc":"","composite_components":[],"composite_scenarios":[],"acf":[],"yoast_head":"<!-- This site is optimized with the Yoast SEO Premium plugin v26.8 (Yoast SEO v27.2) - https:\/\/yoast.com\/product\/yoast-seo-premium-wordpress\/ -->\n<title>15&quot; Klasse 1 Div 2 Computer | TSX-2920-15<\/title>\n<meta name=\"description\" content=\"Der explosionsgesch\u00fctzte Panel PC C1D2 von Teguar ist f\u00fcr den Einsatz in extremen Umgebungen wie Bergbau, Raffinerien und chemischen Verarbeitungsanlagen konzipiert.\" \/>\n<meta name=\"robots\" content=\"index, follow, max-snippet:-1, max-image-preview:large, max-video-preview:-1\" \/>\n<link rel=\"canonical\" href=\"https:\/\/teguar.com\/eu\/de\/product\/tsx-2920-15\/\" \/>\n<meta property=\"og:locale\" content=\"de_DE\" \/>\n<meta property=\"og:type\" content=\"article\" \/>\n<meta property=\"og:title\" content=\"TSX-2920-15\" \/>\n<meta property=\"og:description\" content=\"Der explosionsgesch\u00fctzte Panel PC C1D2 von Teguar ist f\u00fcr den Einsatz in extremen Umgebungen wie Bergbau, Raffinerien und chemischen Verarbeitungsanlagen konzipiert.\" \/>\n<meta property=\"og:url\" content=\"https:\/\/teguar.com\/eu\/de\/product\/tsx-2920-15\/\" \/>\n<meta property=\"og:site_name\" content=\"Teguar\" \/>\n<meta property=\"article:modified_time\" content=\"2025-11-20T17:02:18+00:00\" \/>\n<meta property=\"og:image\" content=\"https:\/\/teguar.com\/eu\/wp-content\/uploads\/sites\/2\/2020\/07\/15_inch_industrial_computer_tsx-2920-15__82772.1595935076.1280.1280.jpg\" \/>\n\t<meta property=\"og:image:width\" content=\"1000\" \/>\n\t<meta property=\"og:image:height\" content=\"1000\" \/>\n\t<meta property=\"og:image:type\" content=\"image\/jpeg\" \/>\n<meta name=\"twitter:card\" content=\"summary_large_image\" \/>\n<meta name=\"twitter:label1\" content=\"Gesch\u00e4tzte Lesezeit\" \/>\n\t<meta name=\"twitter:data1\" content=\"1\u00a0Minute\" \/>\n<script type=\"application\/ld+json\" class=\"yoast-schema-graph\">{\"@context\":\"https:\/\/schema.org\",\"@graph\":[{\"@type\":\"WebPage\",\"@id\":\"https:\/\/teguar.com\/eu\/de\/product\/tsx-2920-15\/\",\"url\":\"https:\/\/teguar.com\/eu\/de\/product\/tsx-2920-15\/\",\"name\":\"15\\\" Klasse 1 Div 2 Computer | TSX-2920-15\",\"isPartOf\":{\"@id\":\"https:\/\/teguar.com\/eu\/en\/#website\"},\"primaryImageOfPage\":{\"@id\":\"https:\/\/teguar.com\/eu\/de\/product\/tsx-2920-15\/#primaryimage\"},\"image\":{\"@id\":\"https:\/\/teguar.com\/eu\/de\/product\/tsx-2920-15\/#primaryimage\"},\"thumbnailUrl\":\"https:\/\/teguar.com\/eu\/wp-content\/uploads\/sites\/2\/2020\/07\/15_inch_industrial_computer_tsx-2920-15__82772.1595935076.1280.1280.jpg\",\"datePublished\":\"2025-06-24T14:14:18+00:00\",\"dateModified\":\"2025-11-20T17:02:18+00:00\",\"description\":\"Der explosionsgesch\u00fctzte Panel PC C1D2 von Teguar ist f\u00fcr den Einsatz in extremen Umgebungen wie Bergbau, Raffinerien und chemischen Verarbeitungsanlagen konzipiert.\",\"breadcrumb\":{\"@id\":\"https:\/\/teguar.com\/eu\/de\/product\/tsx-2920-15\/#breadcrumb\"},\"inLanguage\":\"de\",\"potentialAction\":[{\"@type\":\"ReadAction\",\"target\":[\"https:\/\/teguar.com\/eu\/de\/product\/tsx-2920-15\/\"]}]},{\"@type\":\"ImageObject\",\"inLanguage\":\"de\",\"@id\":\"https:\/\/teguar.com\/eu\/de\/product\/tsx-2920-15\/#primaryimage\",\"url\":\"https:\/\/teguar.com\/eu\/wp-content\/uploads\/sites\/2\/2020\/07\/15_inch_industrial_computer_tsx-2920-15__82772.1595935076.1280.1280.jpg\",\"contentUrl\":\"https:\/\/teguar.com\/eu\/wp-content\/uploads\/sites\/2\/2020\/07\/15_inch_industrial_computer_tsx-2920-15__82772.1595935076.1280.1280.jpg\",\"width\":1000,\"height\":1000,\"caption\":\"15\\\" C1D2 Explosion Proof PC | TSX-2920-15\"},{\"@type\":\"BreadcrumbList\",\"@id\":\"https:\/\/teguar.com\/eu\/de\/product\/tsx-2920-15\/#breadcrumb\",\"itemListElement\":[{\"@type\":\"ListItem\",\"position\":1,\"name\":\"Home\",\"item\":\"https:\/\/teguar.com\/eu\/de\/\"},{\"@type\":\"ListItem\",\"position\":2,\"name\":\"TSX-2920-15\"}]},{\"@type\":\"WebSite\",\"@id\":\"https:\/\/teguar.com\/eu\/en\/#website\",\"url\":\"https:\/\/teguar.com\/eu\/en\/\",\"name\":\"Teguar\",\"description\":\"Industrial PCs, Medical Computers, and Rugged Tablets\",\"potentialAction\":[{\"@type\":\"SearchAction\",\"target\":{\"@type\":\"EntryPoint\",\"urlTemplate\":\"https:\/\/teguar.com\/eu\/en\/?s={search_term_string}\"},\"query-input\":{\"@type\":\"PropertyValueSpecification\",\"valueRequired\":true,\"valueName\":\"search_term_string\"}}],\"inLanguage\":\"de\"}]}<\/script>\n<!-- \/ Yoast SEO Premium plugin. -->","yoast_head_json":{"title":"15\" Klasse 1 Div 2 Computer | TSX-2920-15","description":"Der explosionsgesch\u00fctzte Panel PC C1D2 von Teguar ist f\u00fcr den Einsatz in extremen Umgebungen wie Bergbau, Raffinerien und chemischen Verarbeitungsanlagen konzipiert.","robots":{"index":"index","follow":"follow","max-snippet":"max-snippet:-1","max-image-preview":"max-image-preview:large","max-video-preview":"max-video-preview:-1"},"canonical":"https:\/\/teguar.com\/eu\/de\/product\/tsx-2920-15\/","og_locale":"de_DE","og_type":"article","og_title":"TSX-2920-15","og_description":"Der explosionsgesch\u00fctzte Panel PC C1D2 von Teguar ist f\u00fcr den Einsatz in extremen Umgebungen wie Bergbau, Raffinerien und chemischen Verarbeitungsanlagen konzipiert.","og_url":"https:\/\/teguar.com\/eu\/de\/product\/tsx-2920-15\/","og_site_name":"Teguar","article_modified_time":"2025-11-20T17:02:18+00:00","og_image":[{"width":1000,"height":1000,"url":"https:\/\/teguar.com\/eu\/wp-content\/uploads\/sites\/2\/2020\/07\/15_inch_industrial_computer_tsx-2920-15__82772.1595935076.1280.1280.jpg","type":"image\/jpeg"}],"twitter_card":"summary_large_image","twitter_misc":{"Gesch\u00e4tzte Lesezeit":"1\u00a0Minute"},"schema":{"@context":"https:\/\/schema.org","@graph":[{"@type":"WebPage","@id":"https:\/\/teguar.com\/eu\/de\/product\/tsx-2920-15\/","url":"https:\/\/teguar.com\/eu\/de\/product\/tsx-2920-15\/","name":"15\" Klasse 1 Div 2 Computer | TSX-2920-15","isPartOf":{"@id":"https:\/\/teguar.com\/eu\/en\/#website"},"primaryImageOfPage":{"@id":"https:\/\/teguar.com\/eu\/de\/product\/tsx-2920-15\/#primaryimage"},"image":{"@id":"https:\/\/teguar.com\/eu\/de\/product\/tsx-2920-15\/#primaryimage"},"thumbnailUrl":"https:\/\/teguar.com\/eu\/wp-content\/uploads\/sites\/2\/2020\/07\/15_inch_industrial_computer_tsx-2920-15__82772.1595935076.1280.1280.jpg","datePublished":"2025-06-24T14:14:18+00:00","dateModified":"2025-11-20T17:02:18+00:00","description":"Der explosionsgesch\u00fctzte Panel PC C1D2 von Teguar ist f\u00fcr den Einsatz in extremen Umgebungen wie Bergbau, Raffinerien und chemischen Verarbeitungsanlagen konzipiert.","breadcrumb":{"@id":"https:\/\/teguar.com\/eu\/de\/product\/tsx-2920-15\/#breadcrumb"},"inLanguage":"de","potentialAction":[{"@type":"ReadAction","target":["https:\/\/teguar.com\/eu\/de\/product\/tsx-2920-15\/"]}]},{"@type":"ImageObject","inLanguage":"de","@id":"https:\/\/teguar.com\/eu\/de\/product\/tsx-2920-15\/#primaryimage","url":"https:\/\/teguar.com\/eu\/wp-content\/uploads\/sites\/2\/2020\/07\/15_inch_industrial_computer_tsx-2920-15__82772.1595935076.1280.1280.jpg","contentUrl":"https:\/\/teguar.com\/eu\/wp-content\/uploads\/sites\/2\/2020\/07\/15_inch_industrial_computer_tsx-2920-15__82772.1595935076.1280.1280.jpg","width":1000,"height":1000,"caption":"15\" C1D2 Explosion Proof PC | TSX-2920-15"},{"@type":"BreadcrumbList","@id":"https:\/\/teguar.com\/eu\/de\/product\/tsx-2920-15\/#breadcrumb","itemListElement":[{"@type":"ListItem","position":1,"name":"Home","item":"https:\/\/teguar.com\/eu\/de\/"},{"@type":"ListItem","position":2,"name":"TSX-2920-15"}]},{"@type":"WebSite","@id":"https:\/\/teguar.com\/eu\/en\/#website","url":"https:\/\/teguar.com\/eu\/en\/","name":"Teguar","description":"Industrial PCs, Medical Computers, and Rugged Tablets","potentialAction":[{"@type":"SearchAction","target":{"@type":"EntryPoint","urlTemplate":"https:\/\/teguar.com\/eu\/en\/?s={search_term_string}"},"query-input":{"@type":"PropertyValueSpecification","valueRequired":true,"valueName":"search_term_string"}}],"inLanguage":"de"}]}},"_links":{"self":[{"href":"https:\/\/teguar.com\/eu\/de\/wp-json\/wp\/v2\/product\/2245092","targetHints":{"allow":["GET"]}}],"collection":[{"href":"https:\/\/teguar.com\/eu\/de\/wp-json\/wp\/v2\/product"}],"about":[{"href":"https:\/\/teguar.com\/eu\/de\/wp-json\/wp\/v2\/types\/product"}],"wp:featuredmedia":[{"embeddable":true,"href":"https:\/\/teguar.com\/eu\/de\/wp-json\/wp\/v2\/media\/2245975"}],"wp:attachment":[{"href":"https:\/\/teguar.com\/eu\/de\/wp-json\/wp\/v2\/media?parent=2245092"}],"wp:term":[{"taxonomy":"product_brand","embeddable":true,"href":"https:\/\/teguar.com\/eu\/de\/wp-json\/wp\/v2\/product_brand?post=2245092"},{"taxonomy":"product_cat","embeddable":true,"href":"https:\/\/teguar.com\/eu\/de\/wp-json\/wp\/v2\/product_cat?post=2245092"},{"taxonomy":"product_tag","embeddable":true,"href":"https:\/\/teguar.com\/eu\/de\/wp-json\/wp\/v2\/product_tag?post=2245092"},{"taxonomy":"product_label","embeddable":true,"href":"https:\/\/teguar.com\/eu\/de\/wp-json\/wp\/v2\/product_label?post=2245092"}],"curies":[{"name":"wp","href":"https:\/\/api.w.org\/{rel}","templated":true}]}}