{"id":2245086,"date":"2025-06-24T14:14:17","date_gmt":"2025-06-24T14:14:17","guid":{"rendered":"https:\/\/teguar.com\/eu\/product\/tsp-2945-19\/"},"modified":"2025-11-20T17:02:40","modified_gmt":"2025-11-20T17:02:40","slug":"tsp-2945-19","status":"publish","type":"product","link":"https:\/\/teguar.com\/eu\/de\/product\/tsp-2945-19\/","title":{"rendered":"TSP-2945-19"},"content":{"rendered":"<p>Dieser 19&#8243; <a href=\"https:\/\/teguar.com\/eu\/de\/panel-pcs\/\">Industrie-Panel-PC<\/a> hat eine IP66\/IP69K-konforme Frontblende aus Edelstahl und eine R\u00fcckwand aus Aluminium. Wenn er in die Schalttafel eingebaut wird, ist dieser PC eine ideale wasserdichte L\u00f6sung f\u00fcr die Lebensmittel- und Getr\u00e4nkeherstellung oder industrielle Anwendungen, die Fl\u00fcssigkeiten, Spritzwasser oder Feuchtigkeit ausgesetzt sind. Der TSP-2945-19 hat einen Intel Celeron Prozessor und unterst\u00fctzt Windows 7, Windows 8.1 und Windows 10 IoT. Dieser Computer kann als HMI (Human-Machine-Interface) fungieren, Metriken f\u00fcr Ihr SCADA-Programm (Supervisory Control and Data Acquisition) verfolgen oder Ihre ERP-Software (Enterprise Resource Planning) ausf\u00fchren. Die TSP-2945 Serie ist in Bildschirmgr\u00f6\u00dfen von 7&#8243; &#8211; 22&#8243; erh\u00e4ltlich.    <\/p>\n","protected":false},"excerpt":{"rendered":"<p>Enterprise Resource Planning (ERP): Die Computer der Serie TSP-2945 mit ihrem Intel Celeron-Prozessor und der Unterst\u00fctzung von Windows-Betriebssystemen k\u00f6nnen f\u00fcr die Ausf\u00fchrung von ERP-Software verwendet werden und bieten Unternehmen eine zuverl\u00e4ssige Plattform f\u00fcr die Verwaltung ihrer Ressourcen, Prozesse und Daten.<br \/>\n<br \/><a href=\"https:\/\/teguar.com\/eu\/de\/computer-fuer-die-lebensmittelverarbeitung\/\">Lebensmittel- und Getr\u00e4nkeherstellung:<\/a> Die Computer der Serie TSP-2945 mit ihrer Edelstahlfront und ihren wasserdichten Eigenschaften eignen sich hervorragend f\u00fcr Produktionsumgebungen in der Lebensmittel- und Getr\u00e4nkeindustrie. Sie bieten eine zuverl\u00e4ssige Computerl\u00f6sung, die Fl\u00fcssigkeiten, Spritzwasser und Feuchtigkeit standh\u00e4lt.<br \/>\n<br \/><a href=\"https:\/\/teguar.com\/eu\/general-industrial\/\">Industrielle Anwendungen:<\/a> Dank ihrer Robustheit und ihres Schutzes gegen Fl\u00fcssigkeiten, Spritzwasser und Feuchtigkeit eignen sich die Computer der Serie TSP-2945 f\u00fcr eine Vielzahl industrieller Anwendungen, z. B. in der Fertigung, im Transportwesen und in der Logistik, wo zuverl\u00e4ssige Computerl\u00f6sungen unter schwierigen Umgebungsbedingungen erforderlich sind.<\/p>\n","protected":false},"featured_media":2245968,"template":"","meta":{"_acf_changed":false},"product_brand":[],"product_cat":[2826,2839],"product_tag":[],"product_label":[],"class_list":{"0":"post-2245086","1":"product","2":"type-product","3":"status-publish","4":"has-post-thumbnail","6":"product_cat-hmi-panel","7":"product_cat-panel-pcs","8":"pa_windows-windows-10-iot","9":"pa_windows-windows-10-pro","10":"pa_windows-windows-7-pro","11":"pa_windows-windows-8-1-pro","13":"first","14":"instock","15":"taxable","16":"shipping-taxable","17":"purchasable","18":"product-type-simple"},"composite_virtual":false,"composite_layout":"","composite_add_to_cart_form_location":"","composite_editable_in_cart":false,"composite_sold_individually_context":"","composite_shop_price_calc":"","composite_components":[],"composite_scenarios":[],"acf":[],"yoast_head":"<!-- This site is optimized with the Yoast SEO Premium plugin v26.8 (Yoast SEO v27.2) - https:\/\/yoast.com\/product\/yoast-seo-premium-wordpress\/ -->\n<title>19&quot; Edelstahl Industrie Computer | TSP-2945-19<\/title>\n<meta name=\"description\" content=\"19-Zoll-Panel-PC mit Edelstahl-Frontblende, die ihn wasserdicht macht, wenn er in ein Panel eingebaut wird. Ideal f\u00fcr die Lebensmittel- und Getr\u00e4nkeindustrie, die Pharmaindustrie oder die Reinraumfertigung.\" \/>\n<meta name=\"robots\" content=\"index, follow, max-snippet:-1, max-image-preview:large, max-video-preview:-1\" \/>\n<link rel=\"canonical\" href=\"https:\/\/teguar.com\/eu\/de\/product\/tsp-2945-19\/\" \/>\n<meta property=\"og:locale\" content=\"de_DE\" \/>\n<meta property=\"og:type\" content=\"article\" \/>\n<meta property=\"og:title\" content=\"TSP-2945-19\" \/>\n<meta property=\"og:description\" content=\"19-Zoll-Panel-PC mit Edelstahl-Frontblende, die ihn wasserdicht macht, wenn er in ein Panel eingebaut wird. Ideal f\u00fcr die Lebensmittel- und Getr\u00e4nkeindustrie, die Pharmaindustrie oder die Reinraumfertigung.\" \/>\n<meta property=\"og:url\" content=\"https:\/\/teguar.com\/eu\/de\/product\/tsp-2945-19\/\" \/>\n<meta property=\"og:site_name\" content=\"Teguar\" \/>\n<meta property=\"article:modified_time\" content=\"2025-11-20T17:02:40+00:00\" \/>\n<meta property=\"og:image\" content=\"https:\/\/teguar.com\/eu\/wp-content\/uploads\/sites\/2\/2020\/07\/19-inch-stainless-steel-pc__71164.1595935066.1280.1280.jpg\" \/>\n\t<meta property=\"og:image:width\" content=\"1000\" \/>\n\t<meta property=\"og:image:height\" content=\"1000\" \/>\n\t<meta property=\"og:image:type\" content=\"image\/jpeg\" \/>\n<meta name=\"twitter:card\" content=\"summary_large_image\" \/>\n<meta name=\"twitter:label1\" content=\"Gesch\u00e4tzte Lesezeit\" \/>\n\t<meta name=\"twitter:data1\" content=\"1\u00a0Minute\" \/>\n<script type=\"application\/ld+json\" class=\"yoast-schema-graph\">{\"@context\":\"https:\/\/schema.org\",\"@graph\":[{\"@type\":\"WebPage\",\"@id\":\"https:\/\/teguar.com\/eu\/de\/product\/tsp-2945-19\/\",\"url\":\"https:\/\/teguar.com\/eu\/de\/product\/tsp-2945-19\/\",\"name\":\"19\\\" Edelstahl Industrie Computer | TSP-2945-19\",\"isPartOf\":{\"@id\":\"https:\/\/teguar.com\/eu\/en\/#website\"},\"primaryImageOfPage\":{\"@id\":\"https:\/\/teguar.com\/eu\/de\/product\/tsp-2945-19\/#primaryimage\"},\"image\":{\"@id\":\"https:\/\/teguar.com\/eu\/de\/product\/tsp-2945-19\/#primaryimage\"},\"thumbnailUrl\":\"https:\/\/teguar.com\/eu\/wp-content\/uploads\/sites\/2\/2020\/07\/19-inch-stainless-steel-pc__71164.1595935066.1280.1280.jpg\",\"datePublished\":\"2025-06-24T14:14:17+00:00\",\"dateModified\":\"2025-11-20T17:02:40+00:00\",\"description\":\"19-Zoll-Panel-PC mit Edelstahl-Frontblende, die ihn wasserdicht macht, wenn er in ein Panel eingebaut wird. Ideal f\u00fcr die Lebensmittel- und Getr\u00e4nkeindustrie, die Pharmaindustrie oder die Reinraumfertigung.\",\"breadcrumb\":{\"@id\":\"https:\/\/teguar.com\/eu\/de\/product\/tsp-2945-19\/#breadcrumb\"},\"inLanguage\":\"de\",\"potentialAction\":[{\"@type\":\"ReadAction\",\"target\":[\"https:\/\/teguar.com\/eu\/de\/product\/tsp-2945-19\/\"]}]},{\"@type\":\"ImageObject\",\"inLanguage\":\"de\",\"@id\":\"https:\/\/teguar.com\/eu\/de\/product\/tsp-2945-19\/#primaryimage\",\"url\":\"https:\/\/teguar.com\/eu\/wp-content\/uploads\/sites\/2\/2020\/07\/19-inch-stainless-steel-pc__71164.1595935066.1280.1280.jpg\",\"contentUrl\":\"https:\/\/teguar.com\/eu\/wp-content\/uploads\/sites\/2\/2020\/07\/19-inch-stainless-steel-pc__71164.1595935066.1280.1280.jpg\",\"width\":1000,\"height\":1000,\"caption\":\"19\\\" Industrial Touchscreen PC | TSP-2945-19\"},{\"@type\":\"BreadcrumbList\",\"@id\":\"https:\/\/teguar.com\/eu\/de\/product\/tsp-2945-19\/#breadcrumb\",\"itemListElement\":[{\"@type\":\"ListItem\",\"position\":1,\"name\":\"Home\",\"item\":\"https:\/\/teguar.com\/eu\/de\/\"},{\"@type\":\"ListItem\",\"position\":2,\"name\":\"TSP-2945-19\"}]},{\"@type\":\"WebSite\",\"@id\":\"https:\/\/teguar.com\/eu\/en\/#website\",\"url\":\"https:\/\/teguar.com\/eu\/en\/\",\"name\":\"Teguar\",\"description\":\"Industrial PCs, Medical Computers, and Rugged Tablets\",\"potentialAction\":[{\"@type\":\"SearchAction\",\"target\":{\"@type\":\"EntryPoint\",\"urlTemplate\":\"https:\/\/teguar.com\/eu\/en\/?s={search_term_string}\"},\"query-input\":{\"@type\":\"PropertyValueSpecification\",\"valueRequired\":true,\"valueName\":\"search_term_string\"}}],\"inLanguage\":\"de\"}]}<\/script>\n<!-- \/ Yoast SEO Premium plugin. -->","yoast_head_json":{"title":"19\" Edelstahl Industrie Computer | TSP-2945-19","description":"19-Zoll-Panel-PC mit Edelstahl-Frontblende, die ihn wasserdicht macht, wenn er in ein Panel eingebaut wird. Ideal f\u00fcr die Lebensmittel- und Getr\u00e4nkeindustrie, die Pharmaindustrie oder die Reinraumfertigung.","robots":{"index":"index","follow":"follow","max-snippet":"max-snippet:-1","max-image-preview":"max-image-preview:large","max-video-preview":"max-video-preview:-1"},"canonical":"https:\/\/teguar.com\/eu\/de\/product\/tsp-2945-19\/","og_locale":"de_DE","og_type":"article","og_title":"TSP-2945-19","og_description":"19-Zoll-Panel-PC mit Edelstahl-Frontblende, die ihn wasserdicht macht, wenn er in ein Panel eingebaut wird. Ideal f\u00fcr die Lebensmittel- und Getr\u00e4nkeindustrie, die Pharmaindustrie oder die Reinraumfertigung.","og_url":"https:\/\/teguar.com\/eu\/de\/product\/tsp-2945-19\/","og_site_name":"Teguar","article_modified_time":"2025-11-20T17:02:40+00:00","og_image":[{"width":1000,"height":1000,"url":"https:\/\/teguar.com\/eu\/wp-content\/uploads\/sites\/2\/2020\/07\/19-inch-stainless-steel-pc__71164.1595935066.1280.1280.jpg","type":"image\/jpeg"}],"twitter_card":"summary_large_image","twitter_misc":{"Gesch\u00e4tzte Lesezeit":"1\u00a0Minute"},"schema":{"@context":"https:\/\/schema.org","@graph":[{"@type":"WebPage","@id":"https:\/\/teguar.com\/eu\/de\/product\/tsp-2945-19\/","url":"https:\/\/teguar.com\/eu\/de\/product\/tsp-2945-19\/","name":"19\" Edelstahl Industrie Computer | TSP-2945-19","isPartOf":{"@id":"https:\/\/teguar.com\/eu\/en\/#website"},"primaryImageOfPage":{"@id":"https:\/\/teguar.com\/eu\/de\/product\/tsp-2945-19\/#primaryimage"},"image":{"@id":"https:\/\/teguar.com\/eu\/de\/product\/tsp-2945-19\/#primaryimage"},"thumbnailUrl":"https:\/\/teguar.com\/eu\/wp-content\/uploads\/sites\/2\/2020\/07\/19-inch-stainless-steel-pc__71164.1595935066.1280.1280.jpg","datePublished":"2025-06-24T14:14:17+00:00","dateModified":"2025-11-20T17:02:40+00:00","description":"19-Zoll-Panel-PC mit Edelstahl-Frontblende, die ihn wasserdicht macht, wenn er in ein Panel eingebaut wird. Ideal f\u00fcr die Lebensmittel- und Getr\u00e4nkeindustrie, die Pharmaindustrie oder die Reinraumfertigung.","breadcrumb":{"@id":"https:\/\/teguar.com\/eu\/de\/product\/tsp-2945-19\/#breadcrumb"},"inLanguage":"de","potentialAction":[{"@type":"ReadAction","target":["https:\/\/teguar.com\/eu\/de\/product\/tsp-2945-19\/"]}]},{"@type":"ImageObject","inLanguage":"de","@id":"https:\/\/teguar.com\/eu\/de\/product\/tsp-2945-19\/#primaryimage","url":"https:\/\/teguar.com\/eu\/wp-content\/uploads\/sites\/2\/2020\/07\/19-inch-stainless-steel-pc__71164.1595935066.1280.1280.jpg","contentUrl":"https:\/\/teguar.com\/eu\/wp-content\/uploads\/sites\/2\/2020\/07\/19-inch-stainless-steel-pc__71164.1595935066.1280.1280.jpg","width":1000,"height":1000,"caption":"19\" Industrial Touchscreen PC | TSP-2945-19"},{"@type":"BreadcrumbList","@id":"https:\/\/teguar.com\/eu\/de\/product\/tsp-2945-19\/#breadcrumb","itemListElement":[{"@type":"ListItem","position":1,"name":"Home","item":"https:\/\/teguar.com\/eu\/de\/"},{"@type":"ListItem","position":2,"name":"TSP-2945-19"}]},{"@type":"WebSite","@id":"https:\/\/teguar.com\/eu\/en\/#website","url":"https:\/\/teguar.com\/eu\/en\/","name":"Teguar","description":"Industrial PCs, Medical Computers, and Rugged Tablets","potentialAction":[{"@type":"SearchAction","target":{"@type":"EntryPoint","urlTemplate":"https:\/\/teguar.com\/eu\/en\/?s={search_term_string}"},"query-input":{"@type":"PropertyValueSpecification","valueRequired":true,"valueName":"search_term_string"}}],"inLanguage":"de"}]}},"_links":{"self":[{"href":"https:\/\/teguar.com\/eu\/de\/wp-json\/wp\/v2\/product\/2245086","targetHints":{"allow":["GET"]}}],"collection":[{"href":"https:\/\/teguar.com\/eu\/de\/wp-json\/wp\/v2\/product"}],"about":[{"href":"https:\/\/teguar.com\/eu\/de\/wp-json\/wp\/v2\/types\/product"}],"wp:featuredmedia":[{"embeddable":true,"href":"https:\/\/teguar.com\/eu\/de\/wp-json\/wp\/v2\/media\/2245968"}],"wp:attachment":[{"href":"https:\/\/teguar.com\/eu\/de\/wp-json\/wp\/v2\/media?parent=2245086"}],"wp:term":[{"taxonomy":"product_brand","embeddable":true,"href":"https:\/\/teguar.com\/eu\/de\/wp-json\/wp\/v2\/product_brand?post=2245086"},{"taxonomy":"product_cat","embeddable":true,"href":"https:\/\/teguar.com\/eu\/de\/wp-json\/wp\/v2\/product_cat?post=2245086"},{"taxonomy":"product_tag","embeddable":true,"href":"https:\/\/teguar.com\/eu\/de\/wp-json\/wp\/v2\/product_tag?post=2245086"},{"taxonomy":"product_label","embeddable":true,"href":"https:\/\/teguar.com\/eu\/de\/wp-json\/wp\/v2\/product_label?post=2245086"}],"curies":[{"name":"wp","href":"https:\/\/api.w.org\/{rel}","templated":true}]}}