{"id":2245081,"date":"2025-06-24T14:12:17","date_gmt":"2025-06-24T14:12:17","guid":{"rendered":"https:\/\/teguar.com\/eu\/product\/tsp-5045-12\/"},"modified":"2026-01-06T18:29:31","modified_gmt":"2026-01-06T18:29:31","slug":"tsp-5045-12","status":"publish","type":"product","link":"https:\/\/teguar.com\/eu\/de\/product\/tsp-5045-12\/","title":{"rendered":"TSP-5045-12"},"content":{"rendered":"<p>Der TSP-5045-12 hat eine Frontblende aus Edelstahl und eine R\u00fcckwand aus Aluminium. Die Vorderseite aus Edelstahl 304 rostet nicht, und ein optionales Upgrade auf Edelstahl 316 sch\u00fctzt das Ger\u00e4t auch vor Salzwasser. Dieser <a href=\"https:\/\/teguar.com\/eu\/de\/panel-pcs\/\">Panel-PC<\/a> ist ideal f\u00fcr die Lebensmittel- und Getr\u00e4nkeherstellung oder industrielle Anwendungen, die Fl\u00fcssigkeiten, Spritzwasser oder Feuchtigkeit ausgesetzt sind. Dieser Computer kann als wasserdichte L\u00f6sung in die Schalttafel eingebaut oder \u00fcber VESA montiert werden. Der TSP-5045-12 hat einen Intel Skylake Prozessor und unterst\u00fctzt Windows 10 IoT. Mit einem 12,1 Zoll gro\u00dfen resistiven oder projiziert-kapazitiven Touchscreen ist dieser PC der kleinste der TSP-5045-Serie, die in Bildschirmgr\u00f6\u00dfen bis zu 22 Zoll erh\u00e4ltlich ist.<\/p>\n","protected":false},"excerpt":{"rendered":"<p><a href=\"https:\/\/teguar.com\/eu\/de\/computer-fuer-die-lebensmittelverarbeitung\/\">Lebensmittel- und Getr\u00e4nkeherstellung:<\/a> Die Computer der Serie TSP-5045 mit ihrer Edelstahlfront und ihrem wasserdichten Design eignen sich hervorragend f\u00fcr die Lebensmittel- und Getr\u00e4nkeherstellung. Sie bieten zuverl\u00e4ssige Computerl\u00f6sungen, die Fl\u00fcssigkeiten, Spritzwasser und Feuchtigkeit standhalten.<\/p>\n<p><a href=\"https:\/\/teguar.com\/eu\/de\/computer-fuer-die-industrielle-automatisierung\/\">Industrielle Automatisierung:<\/a> Dank der Unterst\u00fctzung von Windows 10 IoT und der robusten Bauweise eignen sich die Computer der Serie TSP-5045 f\u00fcr industrielle Automatisierungsanwendungen, mit denen Bediener Prozesse in rauen Industrieumgebungen \u00fcberwachen und steuern k\u00f6nnen.<\/p>\n<p><a href=\"https:\/\/teguar.com\/eu\/de\/computer-und-tablets-fuer-reinraeume\/\">Reinraum-Umgebungen:<\/a> Die Computer der Serie TSP-5045 sind mit ihrer vollst\u00e4ndig wasserdichten und abwaschbaren Frontblende ideal f\u00fcr Reinraumumgebungen geeignet, in denen eine regelm\u00e4\u00dfige Reinigung und Sterilisation erforderlich ist. Sie bieten eine zuverl\u00e4ssige Computerl\u00f6sung, die Hochdruck- und Hochtemperaturwasserstrahlen standh\u00e4lt.<\/p>\n","protected":false},"featured_media":2245970,"template":"","meta":{"_acf_changed":false},"product_brand":[],"product_cat":[2826,2839],"product_tag":[],"product_label":[],"class_list":{"0":"post-2245081","1":"product","2":"type-product","3":"status-publish","4":"has-post-thumbnail","6":"product_cat-hmi-panel","7":"product_cat-panel-pcs","8":"pa_windows-windows-10-iot","9":"pa_windows-windows-10-pro","11":"first","12":"outofstock","13":"taxable","14":"shipping-taxable","15":"purchasable","16":"product-type-simple"},"composite_virtual":false,"composite_layout":"","composite_add_to_cart_form_location":"","composite_editable_in_cart":false,"composite_sold_individually_context":"","composite_shop_price_calc":"","composite_components":[],"composite_scenarios":[],"acf":[],"yoast_head":"<!-- This site is optimized with the Yoast SEO Premium plugin v26.8 (Yoast SEO v27.2) - https:\/\/yoast.com\/product\/yoast-seo-premium-wordpress\/ -->\n<title>12&quot; Industrie Touchscreen PC | TSP-5045-12<\/title>\n<meta name=\"description\" content=\"12-Zoll-Panel-PC mit einer Frontblende aus Edelstahl, die ihn wasserdicht macht, wenn er in die Schalttafel eingebaut wird. Ideal f\u00fcr HMI-, SCADA- oder ERP-Software.\" \/>\n<meta name=\"robots\" content=\"index, follow, max-snippet:-1, max-image-preview:large, max-video-preview:-1\" \/>\n<link rel=\"canonical\" href=\"https:\/\/teguar.com\/eu\/de\/product\/tsp-5045-12\/\" \/>\n<meta property=\"og:locale\" content=\"de_DE\" \/>\n<meta property=\"og:type\" content=\"article\" \/>\n<meta property=\"og:title\" content=\"TSP-5045-12\" \/>\n<meta property=\"og:description\" content=\"12-Zoll-Panel-PC mit einer Frontblende aus Edelstahl, die ihn wasserdicht macht, wenn er in die Schalttafel eingebaut wird. Ideal f\u00fcr HMI-, SCADA- oder ERP-Software.\" \/>\n<meta property=\"og:url\" content=\"https:\/\/teguar.com\/eu\/de\/product\/tsp-5045-12\/\" \/>\n<meta property=\"og:site_name\" content=\"Teguar\" \/>\n<meta property=\"article:modified_time\" content=\"2026-01-06T18:29:31+00:00\" \/>\n<meta property=\"og:image\" content=\"https:\/\/teguar.com\/eu\/wp-content\/uploads\/sites\/2\/2020\/07\/12-inch-stainless-steel-pc_2__82583.1595935069.1280.1280.jpg\" \/>\n\t<meta property=\"og:image:width\" content=\"1000\" \/>\n\t<meta property=\"og:image:height\" content=\"1000\" \/>\n\t<meta property=\"og:image:type\" content=\"image\/jpeg\" \/>\n<meta name=\"twitter:card\" content=\"summary_large_image\" \/>\n<meta name=\"twitter:label1\" content=\"Gesch\u00e4tzte Lesezeit\" \/>\n\t<meta name=\"twitter:data1\" content=\"1\u00a0Minute\" \/>\n<script type=\"application\/ld+json\" class=\"yoast-schema-graph\">{\"@context\":\"https:\/\/schema.org\",\"@graph\":[{\"@type\":\"WebPage\",\"@id\":\"https:\/\/teguar.com\/eu\/de\/product\/tsp-5045-12\/\",\"url\":\"https:\/\/teguar.com\/eu\/de\/product\/tsp-5045-12\/\",\"name\":\"12\\\" Industrie Touchscreen PC | TSP-5045-12\",\"isPartOf\":{\"@id\":\"https:\/\/teguar.com\/eu\/en\/#website\"},\"primaryImageOfPage\":{\"@id\":\"https:\/\/teguar.com\/eu\/de\/product\/tsp-5045-12\/#primaryimage\"},\"image\":{\"@id\":\"https:\/\/teguar.com\/eu\/de\/product\/tsp-5045-12\/#primaryimage\"},\"thumbnailUrl\":\"https:\/\/teguar.com\/eu\/wp-content\/uploads\/sites\/2\/2020\/07\/12-inch-stainless-steel-pc_2__82583.1595935069.1280.1280.jpg\",\"datePublished\":\"2025-06-24T14:12:17+00:00\",\"dateModified\":\"2026-01-06T18:29:31+00:00\",\"description\":\"12-Zoll-Panel-PC mit einer Frontblende aus Edelstahl, die ihn wasserdicht macht, wenn er in die Schalttafel eingebaut wird. Ideal f\u00fcr HMI-, SCADA- oder ERP-Software.\",\"breadcrumb\":{\"@id\":\"https:\/\/teguar.com\/eu\/de\/product\/tsp-5045-12\/#breadcrumb\"},\"inLanguage\":\"de\",\"potentialAction\":[{\"@type\":\"ReadAction\",\"target\":[\"https:\/\/teguar.com\/eu\/de\/product\/tsp-5045-12\/\"]}]},{\"@type\":\"ImageObject\",\"inLanguage\":\"de\",\"@id\":\"https:\/\/teguar.com\/eu\/de\/product\/tsp-5045-12\/#primaryimage\",\"url\":\"https:\/\/teguar.com\/eu\/wp-content\/uploads\/sites\/2\/2020\/07\/12-inch-stainless-steel-pc_2__82583.1595935069.1280.1280.jpg\",\"contentUrl\":\"https:\/\/teguar.com\/eu\/wp-content\/uploads\/sites\/2\/2020\/07\/12-inch-stainless-steel-pc_2__82583.1595935069.1280.1280.jpg\",\"width\":1000,\"height\":1000,\"caption\":\"12\\\" Stainless Steel Panel PC | TSP-5045-12\"},{\"@type\":\"BreadcrumbList\",\"@id\":\"https:\/\/teguar.com\/eu\/de\/product\/tsp-5045-12\/#breadcrumb\",\"itemListElement\":[{\"@type\":\"ListItem\",\"position\":1,\"name\":\"Home\",\"item\":\"https:\/\/teguar.com\/eu\/de\/\"},{\"@type\":\"ListItem\",\"position\":2,\"name\":\"TSP-5045-12\"}]},{\"@type\":\"WebSite\",\"@id\":\"https:\/\/teguar.com\/eu\/en\/#website\",\"url\":\"https:\/\/teguar.com\/eu\/en\/\",\"name\":\"Teguar\",\"description\":\"Industrial PCs, Medical Computers, and Rugged Tablets\",\"potentialAction\":[{\"@type\":\"SearchAction\",\"target\":{\"@type\":\"EntryPoint\",\"urlTemplate\":\"https:\/\/teguar.com\/eu\/en\/?s={search_term_string}\"},\"query-input\":{\"@type\":\"PropertyValueSpecification\",\"valueRequired\":true,\"valueName\":\"search_term_string\"}}],\"inLanguage\":\"de\"}]}<\/script>\n<!-- \/ Yoast SEO Premium plugin. -->","yoast_head_json":{"title":"12\" Industrie Touchscreen PC | TSP-5045-12","description":"12-Zoll-Panel-PC mit einer Frontblende aus Edelstahl, die ihn wasserdicht macht, wenn er in die Schalttafel eingebaut wird. Ideal f\u00fcr HMI-, SCADA- oder ERP-Software.","robots":{"index":"index","follow":"follow","max-snippet":"max-snippet:-1","max-image-preview":"max-image-preview:large","max-video-preview":"max-video-preview:-1"},"canonical":"https:\/\/teguar.com\/eu\/de\/product\/tsp-5045-12\/","og_locale":"de_DE","og_type":"article","og_title":"TSP-5045-12","og_description":"12-Zoll-Panel-PC mit einer Frontblende aus Edelstahl, die ihn wasserdicht macht, wenn er in die Schalttafel eingebaut wird. Ideal f\u00fcr HMI-, SCADA- oder ERP-Software.","og_url":"https:\/\/teguar.com\/eu\/de\/product\/tsp-5045-12\/","og_site_name":"Teguar","article_modified_time":"2026-01-06T18:29:31+00:00","og_image":[{"width":1000,"height":1000,"url":"https:\/\/teguar.com\/eu\/wp-content\/uploads\/sites\/2\/2020\/07\/12-inch-stainless-steel-pc_2__82583.1595935069.1280.1280.jpg","type":"image\/jpeg"}],"twitter_card":"summary_large_image","twitter_misc":{"Gesch\u00e4tzte Lesezeit":"1\u00a0Minute"},"schema":{"@context":"https:\/\/schema.org","@graph":[{"@type":"WebPage","@id":"https:\/\/teguar.com\/eu\/de\/product\/tsp-5045-12\/","url":"https:\/\/teguar.com\/eu\/de\/product\/tsp-5045-12\/","name":"12\" Industrie Touchscreen PC | TSP-5045-12","isPartOf":{"@id":"https:\/\/teguar.com\/eu\/en\/#website"},"primaryImageOfPage":{"@id":"https:\/\/teguar.com\/eu\/de\/product\/tsp-5045-12\/#primaryimage"},"image":{"@id":"https:\/\/teguar.com\/eu\/de\/product\/tsp-5045-12\/#primaryimage"},"thumbnailUrl":"https:\/\/teguar.com\/eu\/wp-content\/uploads\/sites\/2\/2020\/07\/12-inch-stainless-steel-pc_2__82583.1595935069.1280.1280.jpg","datePublished":"2025-06-24T14:12:17+00:00","dateModified":"2026-01-06T18:29:31+00:00","description":"12-Zoll-Panel-PC mit einer Frontblende aus Edelstahl, die ihn wasserdicht macht, wenn er in die Schalttafel eingebaut wird. Ideal f\u00fcr HMI-, SCADA- oder ERP-Software.","breadcrumb":{"@id":"https:\/\/teguar.com\/eu\/de\/product\/tsp-5045-12\/#breadcrumb"},"inLanguage":"de","potentialAction":[{"@type":"ReadAction","target":["https:\/\/teguar.com\/eu\/de\/product\/tsp-5045-12\/"]}]},{"@type":"ImageObject","inLanguage":"de","@id":"https:\/\/teguar.com\/eu\/de\/product\/tsp-5045-12\/#primaryimage","url":"https:\/\/teguar.com\/eu\/wp-content\/uploads\/sites\/2\/2020\/07\/12-inch-stainless-steel-pc_2__82583.1595935069.1280.1280.jpg","contentUrl":"https:\/\/teguar.com\/eu\/wp-content\/uploads\/sites\/2\/2020\/07\/12-inch-stainless-steel-pc_2__82583.1595935069.1280.1280.jpg","width":1000,"height":1000,"caption":"12\" Stainless Steel Panel PC | TSP-5045-12"},{"@type":"BreadcrumbList","@id":"https:\/\/teguar.com\/eu\/de\/product\/tsp-5045-12\/#breadcrumb","itemListElement":[{"@type":"ListItem","position":1,"name":"Home","item":"https:\/\/teguar.com\/eu\/de\/"},{"@type":"ListItem","position":2,"name":"TSP-5045-12"}]},{"@type":"WebSite","@id":"https:\/\/teguar.com\/eu\/en\/#website","url":"https:\/\/teguar.com\/eu\/en\/","name":"Teguar","description":"Industrial PCs, Medical Computers, and Rugged Tablets","potentialAction":[{"@type":"SearchAction","target":{"@type":"EntryPoint","urlTemplate":"https:\/\/teguar.com\/eu\/en\/?s={search_term_string}"},"query-input":{"@type":"PropertyValueSpecification","valueRequired":true,"valueName":"search_term_string"}}],"inLanguage":"de"}]}},"_links":{"self":[{"href":"https:\/\/teguar.com\/eu\/de\/wp-json\/wp\/v2\/product\/2245081","targetHints":{"allow":["GET"]}}],"collection":[{"href":"https:\/\/teguar.com\/eu\/de\/wp-json\/wp\/v2\/product"}],"about":[{"href":"https:\/\/teguar.com\/eu\/de\/wp-json\/wp\/v2\/types\/product"}],"wp:featuredmedia":[{"embeddable":true,"href":"https:\/\/teguar.com\/eu\/de\/wp-json\/wp\/v2\/media\/2245970"}],"wp:attachment":[{"href":"https:\/\/teguar.com\/eu\/de\/wp-json\/wp\/v2\/media?parent=2245081"}],"wp:term":[{"taxonomy":"product_brand","embeddable":true,"href":"https:\/\/teguar.com\/eu\/de\/wp-json\/wp\/v2\/product_brand?post=2245081"},{"taxonomy":"product_cat","embeddable":true,"href":"https:\/\/teguar.com\/eu\/de\/wp-json\/wp\/v2\/product_cat?post=2245081"},{"taxonomy":"product_tag","embeddable":true,"href":"https:\/\/teguar.com\/eu\/de\/wp-json\/wp\/v2\/product_tag?post=2245081"},{"taxonomy":"product_label","embeddable":true,"href":"https:\/\/teguar.com\/eu\/de\/wp-json\/wp\/v2\/product_label?post=2245081"}],"curies":[{"name":"wp","href":"https:\/\/api.w.org\/{rel}","templated":true}]}}