{"id":2245080,"date":"2025-06-24T14:14:16","date_gmt":"2025-06-24T14:14:16","guid":{"rendered":"https:\/\/teguar.com\/eu\/product\/tsp-2945-10\/"},"modified":"2025-11-20T17:06:48","modified_gmt":"2025-11-20T17:06:48","slug":"tsp-2945-10","status":"publish","type":"product","link":"https:\/\/teguar.com\/eu\/de\/product\/tsp-2945-10\/","title":{"rendered":"TSP-2945-10"},"content":{"rendered":"<p>Dieser 10,1&#8243; <a href=\"https:\/\/teguar.com\/eu\/de\/panel-pcs\/\">Industrie-Panel-PC<\/a> hat eine IP66\/IP69K-konforme Frontplatte. Bei der Panelmontage ist dieser PC die ideale wasserdichte L\u00f6sung f\u00fcr die Lebensmittel- und Getr\u00e4nkeherstellung oder industrielle Anwendungen, die Fl\u00fcssigkeiten, Spritzwasser oder Feuchtigkeit ausgesetzt sind. Der TSP-2945-10 kann auch an VESA montiert werden und verf\u00fcgt \u00fcber eine R\u00fcckwand aus Aluminium. Die Frontblende ist aus Edelstahl 304 und rostet daher nicht. Ein optionales Upgrade auf 316er Edelstahl sch\u00fctzt das Ger\u00e4t auch vor Salzwasser. Dieser PC hat einen Intel Celeron Prozessor und unterst\u00fctzt Windows 7, Windows 8.1 und Windows 10 IoT, ideal f\u00fcr Ihre HMI, SCADA-Programme oder ERP-Software. Die TSP-2945 Serie ist in Bildschirmgr\u00f6\u00dfen von 7&#8243; &#8211; 22&#8243; erh\u00e4ltlich.      <\/p>\n","protected":false},"excerpt":{"rendered":"<p>Enterprise Resource Planning (ERP): Die Computer der Serie TSP-2945 mit ihrem Intel Celeron-Prozessor und der Unterst\u00fctzung von Windows-Betriebssystemen k\u00f6nnen f\u00fcr die Ausf\u00fchrung von ERP-Software verwendet werden und bieten Unternehmen eine zuverl\u00e4ssige Plattform f\u00fcr die Verwaltung ihrer Ressourcen, Prozesse und Daten.<\/p>\n<p><a href=\"https:\/\/teguar.com\/eu\/de\/computer-fuer-die-lebensmittelverarbeitung\/\">Lebensmittel- und Getr\u00e4nkeherstellung:<\/a> Die Computer der Serie TSP-2945 mit ihrer Edelstahlfront und ihren wasserdichten Eigenschaften eignen sich hervorragend f\u00fcr Produktionsumgebungen in der Lebensmittel- und Getr\u00e4nkeindustrie. Sie bieten eine zuverl\u00e4ssige Computerl\u00f6sung, die Fl\u00fcssigkeiten, Spritzwasser und Feuchtigkeit standh\u00e4lt.<\/p>\n<p><a href=\"https:\/\/teguar.com\/eu\/general-industrial\/\">Industrielle Anwendungen:<\/a> Dank ihrer Robustheit und ihres Schutzes gegen Fl\u00fcssigkeiten, Spritzwasser und Feuchtigkeit eignen sich die Computer der Serie TSP-2945 f\u00fcr eine Vielzahl industrieller Anwendungen, z. B. in der Fertigung, im Transportwesen und in der Logistik, wo zuverl\u00e4ssige Computerl\u00f6sungen unter schwierigen Umgebungsbedingungen erforderlich sind.<\/p>\n","protected":false},"featured_media":2245964,"template":"","meta":{"_acf_changed":false},"product_brand":[],"product_cat":[2826,2839],"product_tag":[],"product_label":[],"class_list":{"0":"post-2245080","1":"product","2":"type-product","3":"status-publish","4":"has-post-thumbnail","6":"product_cat-hmi-panel","7":"product_cat-panel-pcs","8":"pa_windows-windows-10-iot","9":"pa_windows-windows-10-pro","10":"pa_windows-windows-7-pro","11":"pa_windows-windows-8-1-pro","13":"first","14":"outofstock","15":"taxable","16":"shipping-taxable","17":"purchasable","18":"product-type-simple"},"composite_virtual":false,"composite_layout":"","composite_add_to_cart_form_location":"","composite_editable_in_cart":false,"composite_sold_individually_context":"","composite_shop_price_calc":"","composite_components":[],"composite_scenarios":[],"acf":[],"yoast_head":"<!-- This site is optimized with the Yoast SEO Premium plugin v26.8 (Yoast SEO v27.2) - https:\/\/yoast.com\/product\/yoast-seo-premium-wordpress\/ -->\n<title>10&quot; Industrie Computer | TSP-2945-10<\/title>\n<meta name=\"description\" content=\"Dieser 10-Zoll-Panel-PC hat eine wasserdichte Frontblende aus Edelstahl. Ideal f\u00fcr die Lebensmittel- und Getr\u00e4nkeindustrie oder die pharmazeutische Industrie.\" \/>\n<meta name=\"robots\" content=\"index, follow, max-snippet:-1, max-image-preview:large, max-video-preview:-1\" \/>\n<link rel=\"canonical\" href=\"https:\/\/teguar.com\/eu\/de\/product\/tsp-2945-10\/\" \/>\n<meta property=\"og:locale\" content=\"de_DE\" \/>\n<meta property=\"og:type\" content=\"article\" \/>\n<meta property=\"og:title\" content=\"TSP-2945-10\" \/>\n<meta property=\"og:description\" content=\"Dieser 10-Zoll-Panel-PC hat eine wasserdichte Frontblende aus Edelstahl. Ideal f\u00fcr die Lebensmittel- und Getr\u00e4nkeindustrie oder die pharmazeutische Industrie.\" \/>\n<meta property=\"og:url\" content=\"https:\/\/teguar.com\/eu\/de\/product\/tsp-2945-10\/\" \/>\n<meta property=\"og:site_name\" content=\"Teguar\" \/>\n<meta property=\"article:modified_time\" content=\"2025-11-20T17:06:48+00:00\" \/>\n<meta property=\"og:image\" content=\"https:\/\/teguar.com\/eu\/wp-content\/uploads\/sites\/2\/2020\/07\/10-inch-stainless-steel-pc__45348.1595935060.1280.1280.jpg\" \/>\n\t<meta property=\"og:image:width\" content=\"1000\" \/>\n\t<meta property=\"og:image:height\" content=\"1000\" \/>\n\t<meta property=\"og:image:type\" content=\"image\/jpeg\" \/>\n<meta name=\"twitter:card\" content=\"summary_large_image\" \/>\n<meta name=\"twitter:label1\" content=\"Gesch\u00e4tzte Lesezeit\" \/>\n\t<meta name=\"twitter:data1\" content=\"1\u00a0Minute\" \/>\n<script type=\"application\/ld+json\" class=\"yoast-schema-graph\">{\"@context\":\"https:\/\/schema.org\",\"@graph\":[{\"@type\":\"WebPage\",\"@id\":\"https:\/\/teguar.com\/eu\/de\/product\/tsp-2945-10\/\",\"url\":\"https:\/\/teguar.com\/eu\/de\/product\/tsp-2945-10\/\",\"name\":\"10\\\" Industrie Computer | TSP-2945-10\",\"isPartOf\":{\"@id\":\"https:\/\/teguar.com\/eu\/en\/#website\"},\"primaryImageOfPage\":{\"@id\":\"https:\/\/teguar.com\/eu\/de\/product\/tsp-2945-10\/#primaryimage\"},\"image\":{\"@id\":\"https:\/\/teguar.com\/eu\/de\/product\/tsp-2945-10\/#primaryimage\"},\"thumbnailUrl\":\"https:\/\/teguar.com\/eu\/wp-content\/uploads\/sites\/2\/2020\/07\/10-inch-stainless-steel-pc__45348.1595935060.1280.1280.jpg\",\"datePublished\":\"2025-06-24T14:14:16+00:00\",\"dateModified\":\"2025-11-20T17:06:48+00:00\",\"description\":\"Dieser 10-Zoll-Panel-PC hat eine wasserdichte Frontblende aus Edelstahl. Ideal f\u00fcr die Lebensmittel- und Getr\u00e4nkeindustrie oder die pharmazeutische Industrie.\",\"breadcrumb\":{\"@id\":\"https:\/\/teguar.com\/eu\/de\/product\/tsp-2945-10\/#breadcrumb\"},\"inLanguage\":\"de\",\"potentialAction\":[{\"@type\":\"ReadAction\",\"target\":[\"https:\/\/teguar.com\/eu\/de\/product\/tsp-2945-10\/\"]}]},{\"@type\":\"ImageObject\",\"inLanguage\":\"de\",\"@id\":\"https:\/\/teguar.com\/eu\/de\/product\/tsp-2945-10\/#primaryimage\",\"url\":\"https:\/\/teguar.com\/eu\/wp-content\/uploads\/sites\/2\/2020\/07\/10-inch-stainless-steel-pc__45348.1595935060.1280.1280.jpg\",\"contentUrl\":\"https:\/\/teguar.com\/eu\/wp-content\/uploads\/sites\/2\/2020\/07\/10-inch-stainless-steel-pc__45348.1595935060.1280.1280.jpg\",\"width\":1000,\"height\":1000,\"caption\":\"10\\\" Industrial Panel PC | TSP-2945-10\"},{\"@type\":\"BreadcrumbList\",\"@id\":\"https:\/\/teguar.com\/eu\/de\/product\/tsp-2945-10\/#breadcrumb\",\"itemListElement\":[{\"@type\":\"ListItem\",\"position\":1,\"name\":\"Home\",\"item\":\"https:\/\/teguar.com\/eu\/de\/\"},{\"@type\":\"ListItem\",\"position\":2,\"name\":\"TSP-2945-10\"}]},{\"@type\":\"WebSite\",\"@id\":\"https:\/\/teguar.com\/eu\/en\/#website\",\"url\":\"https:\/\/teguar.com\/eu\/en\/\",\"name\":\"Teguar\",\"description\":\"Industrial PCs, Medical Computers, and Rugged Tablets\",\"potentialAction\":[{\"@type\":\"SearchAction\",\"target\":{\"@type\":\"EntryPoint\",\"urlTemplate\":\"https:\/\/teguar.com\/eu\/en\/?s={search_term_string}\"},\"query-input\":{\"@type\":\"PropertyValueSpecification\",\"valueRequired\":true,\"valueName\":\"search_term_string\"}}],\"inLanguage\":\"de\"}]}<\/script>\n<!-- \/ Yoast SEO Premium plugin. -->","yoast_head_json":{"title":"10\" Industrie Computer | TSP-2945-10","description":"Dieser 10-Zoll-Panel-PC hat eine wasserdichte Frontblende aus Edelstahl. Ideal f\u00fcr die Lebensmittel- und Getr\u00e4nkeindustrie oder die pharmazeutische Industrie.","robots":{"index":"index","follow":"follow","max-snippet":"max-snippet:-1","max-image-preview":"max-image-preview:large","max-video-preview":"max-video-preview:-1"},"canonical":"https:\/\/teguar.com\/eu\/de\/product\/tsp-2945-10\/","og_locale":"de_DE","og_type":"article","og_title":"TSP-2945-10","og_description":"Dieser 10-Zoll-Panel-PC hat eine wasserdichte Frontblende aus Edelstahl. Ideal f\u00fcr die Lebensmittel- und Getr\u00e4nkeindustrie oder die pharmazeutische Industrie.","og_url":"https:\/\/teguar.com\/eu\/de\/product\/tsp-2945-10\/","og_site_name":"Teguar","article_modified_time":"2025-11-20T17:06:48+00:00","og_image":[{"width":1000,"height":1000,"url":"https:\/\/teguar.com\/eu\/wp-content\/uploads\/sites\/2\/2020\/07\/10-inch-stainless-steel-pc__45348.1595935060.1280.1280.jpg","type":"image\/jpeg"}],"twitter_card":"summary_large_image","twitter_misc":{"Gesch\u00e4tzte Lesezeit":"1\u00a0Minute"},"schema":{"@context":"https:\/\/schema.org","@graph":[{"@type":"WebPage","@id":"https:\/\/teguar.com\/eu\/de\/product\/tsp-2945-10\/","url":"https:\/\/teguar.com\/eu\/de\/product\/tsp-2945-10\/","name":"10\" Industrie Computer | TSP-2945-10","isPartOf":{"@id":"https:\/\/teguar.com\/eu\/en\/#website"},"primaryImageOfPage":{"@id":"https:\/\/teguar.com\/eu\/de\/product\/tsp-2945-10\/#primaryimage"},"image":{"@id":"https:\/\/teguar.com\/eu\/de\/product\/tsp-2945-10\/#primaryimage"},"thumbnailUrl":"https:\/\/teguar.com\/eu\/wp-content\/uploads\/sites\/2\/2020\/07\/10-inch-stainless-steel-pc__45348.1595935060.1280.1280.jpg","datePublished":"2025-06-24T14:14:16+00:00","dateModified":"2025-11-20T17:06:48+00:00","description":"Dieser 10-Zoll-Panel-PC hat eine wasserdichte Frontblende aus Edelstahl. Ideal f\u00fcr die Lebensmittel- und Getr\u00e4nkeindustrie oder die pharmazeutische Industrie.","breadcrumb":{"@id":"https:\/\/teguar.com\/eu\/de\/product\/tsp-2945-10\/#breadcrumb"},"inLanguage":"de","potentialAction":[{"@type":"ReadAction","target":["https:\/\/teguar.com\/eu\/de\/product\/tsp-2945-10\/"]}]},{"@type":"ImageObject","inLanguage":"de","@id":"https:\/\/teguar.com\/eu\/de\/product\/tsp-2945-10\/#primaryimage","url":"https:\/\/teguar.com\/eu\/wp-content\/uploads\/sites\/2\/2020\/07\/10-inch-stainless-steel-pc__45348.1595935060.1280.1280.jpg","contentUrl":"https:\/\/teguar.com\/eu\/wp-content\/uploads\/sites\/2\/2020\/07\/10-inch-stainless-steel-pc__45348.1595935060.1280.1280.jpg","width":1000,"height":1000,"caption":"10\" Industrial Panel PC | TSP-2945-10"},{"@type":"BreadcrumbList","@id":"https:\/\/teguar.com\/eu\/de\/product\/tsp-2945-10\/#breadcrumb","itemListElement":[{"@type":"ListItem","position":1,"name":"Home","item":"https:\/\/teguar.com\/eu\/de\/"},{"@type":"ListItem","position":2,"name":"TSP-2945-10"}]},{"@type":"WebSite","@id":"https:\/\/teguar.com\/eu\/en\/#website","url":"https:\/\/teguar.com\/eu\/en\/","name":"Teguar","description":"Industrial PCs, Medical Computers, and Rugged Tablets","potentialAction":[{"@type":"SearchAction","target":{"@type":"EntryPoint","urlTemplate":"https:\/\/teguar.com\/eu\/en\/?s={search_term_string}"},"query-input":{"@type":"PropertyValueSpecification","valueRequired":true,"valueName":"search_term_string"}}],"inLanguage":"de"}]}},"_links":{"self":[{"href":"https:\/\/teguar.com\/eu\/de\/wp-json\/wp\/v2\/product\/2245080","targetHints":{"allow":["GET"]}}],"collection":[{"href":"https:\/\/teguar.com\/eu\/de\/wp-json\/wp\/v2\/product"}],"about":[{"href":"https:\/\/teguar.com\/eu\/de\/wp-json\/wp\/v2\/types\/product"}],"wp:featuredmedia":[{"embeddable":true,"href":"https:\/\/teguar.com\/eu\/de\/wp-json\/wp\/v2\/media\/2245964"}],"wp:attachment":[{"href":"https:\/\/teguar.com\/eu\/de\/wp-json\/wp\/v2\/media?parent=2245080"}],"wp:term":[{"taxonomy":"product_brand","embeddable":true,"href":"https:\/\/teguar.com\/eu\/de\/wp-json\/wp\/v2\/product_brand?post=2245080"},{"taxonomy":"product_cat","embeddable":true,"href":"https:\/\/teguar.com\/eu\/de\/wp-json\/wp\/v2\/product_cat?post=2245080"},{"taxonomy":"product_tag","embeddable":true,"href":"https:\/\/teguar.com\/eu\/de\/wp-json\/wp\/v2\/product_tag?post=2245080"},{"taxonomy":"product_label","embeddable":true,"href":"https:\/\/teguar.com\/eu\/de\/wp-json\/wp\/v2\/product_label?post=2245080"}],"curies":[{"name":"wp","href":"https:\/\/api.w.org\/{rel}","templated":true}]}}