{"id":2245068,"date":"2025-06-24T14:10:06","date_gmt":"2025-06-24T14:10:06","guid":{"rendered":"https:\/\/teguar.com\/eu\/product\/tmd-65-27\/"},"modified":"2026-01-02T16:15:09","modified_gmt":"2026-01-02T16:15:09","slug":"tmd-65-27","status":"publish","type":"product","link":"https:\/\/teguar.com\/eu\/de\/product\/tmd-65-27\/","title":{"rendered":"TMD-65-27"},"content":{"rendered":"<p>Das 27&#8243; Medical Display ist eine L\u00f6sung, die speziell f\u00fcr die Anforderungen verschiedener medizinischer Anwendungen entwickelt wurde. Sein PCAP Multi-Touchscreen erm\u00f6glicht eine nat\u00fcrliche und interaktive Benutzerinteraktion. Das Display verf\u00fcgt \u00fcber ein wei\u00dfes Geh\u00e4use hergestellt mit antimikrobiellen Materialienund sorgt so f\u00fcr eine sanit\u00e4re und hygienische Umgebung. Es ist ausgestattet mit Benutzer- benutzerfreundliche Tasten f\u00fcr m\u00fchelose Navigation und Steuerung, Erleichtert komfortable Bedienung. Er verf\u00fcgt \u00fcber mehrere USB-Anschl\u00fcsse, darunter USB 2.0 und USB 3.0, sowie HDMI-Konnektivit\u00e4t und l\u00e4sst sich nahtlos mit Peripherieger\u00e4ten und externen Ger\u00e4ten verbinden. Das TMD-65-27 verf\u00fcgt \u00fcber ein externes medizinisches 72-W-Netzteil f\u00fcr zuverl\u00e4ssige Leistung. Das Display eignet sich f\u00fcr eine Vielzahl von medizinischen Anwendungsszenarien.<\/p>\n","protected":false},"excerpt":{"rendered":"<p><a href=\"https:\/\/teguar.com\/eu\/medical-imaging-computer\/\">Medizinische Bildgebung:<\/a> Die Medical Display Serie eignet sich perfekt f\u00fcr medizinische Bildgebungsanwendungen, da sie hochaufl\u00f6sende und detaillierte Bilder f\u00fcr die genaue Interpretation von radiologischen Bildern wie R\u00f6ntgenaufnahmen, CT-Scans und MRTs liefert.<\/p>\n<p><a href=\"https:\/\/teguar.com\/eu\/de\/computer-und-monitore-fuer-den-operationssaal\/\">Integration in Operationss\u00e4le:<\/a> Diese Displays k\u00f6nnen in Operationss\u00e4le integriert werden, so dass Chirurgen und medizinisches Personal w\u00e4hrend des Eingriffs wichtige Informationen wie die Vitalwerte des Patienten, chirurgische Bilder und Echtzeitdaten anzeigen k\u00f6nnen.<\/p>\n<p><a href=\"https:\/\/teguar.com\/eu\/telemedicine-computer\/\">Telemedizin und Telekonferenzen:<\/a> Das TMD-65 Display ist mit eingebauten Lautsprechern und einer optionalen 5MP AF-Webcam ausgestattet und eignet sich ideal f\u00fcr telemedizinische Anwendungen, die Fernkonsultationen, Videokonferenzen und virtuelle Patientenbeurteilungen erm\u00f6glichen.<\/p>\n","protected":false},"featured_media":2245807,"template":"","meta":{"_acf_changed":false},"product_brand":[],"product_cat":[2835],"product_tag":[],"product_label":[],"class_list":{"0":"post-2245068","1":"product","2":"type-product","3":"status-publish","4":"has-post-thumbnail","6":"product_cat-medizinische-monitore","8":"first","9":"outofstock","10":"taxable","11":"shipping-taxable","12":"purchasable","13":"product-type-simple"},"composite_virtual":false,"composite_layout":"","composite_add_to_cart_form_location":"","composite_editable_in_cart":false,"composite_sold_individually_context":"","composite_shop_price_calc":"","composite_components":[],"composite_scenarios":[],"acf":[],"yoast_head":"<!-- This site is optimized with the Yoast SEO Premium plugin v26.8 (Yoast SEO v27.2) - https:\/\/yoast.com\/product\/yoast-seo-premium-wordpress\/ -->\n<title>27&quot; Medizinisches Display | TMD-65-27<\/title>\n<meta name=\"description\" content=\"Das 27&quot; Medical Display ist eine L\u00f6sung, die speziell f\u00fcr die Anforderungen verschiedener medizinischer Anwendungen entwickelt wurde.\" \/>\n<meta name=\"robots\" content=\"index, follow, max-snippet:-1, max-image-preview:large, max-video-preview:-1\" \/>\n<link rel=\"canonical\" href=\"https:\/\/teguar.com\/eu\/de\/product\/tmd-65-27\/\" \/>\n<meta property=\"og:locale\" content=\"de_DE\" \/>\n<meta property=\"og:type\" content=\"article\" \/>\n<meta property=\"og:title\" content=\"TMD-65-27\" \/>\n<meta property=\"og:description\" content=\"Das 27&quot; Medical Display ist eine L\u00f6sung, die speziell f\u00fcr die Anforderungen verschiedener medizinischer Anwendungen entwickelt wurde.\" \/>\n<meta property=\"og:url\" content=\"https:\/\/teguar.com\/eu\/de\/product\/tmd-65-27\/\" \/>\n<meta property=\"og:site_name\" content=\"Teguar\" \/>\n<meta property=\"article:modified_time\" content=\"2026-01-02T16:15:09+00:00\" \/>\n<meta property=\"og:image\" content=\"https:\/\/teguar.com\/eu\/wp-content\/uploads\/sites\/2\/2023\/05\/27_Medical_Display-_TMD-65-27_Front__07391.1685469671.1280.1280.jpg\" \/>\n\t<meta property=\"og:image:width\" content=\"930\" \/>\n\t<meta property=\"og:image:height\" content=\"565\" \/>\n\t<meta property=\"og:image:type\" content=\"image\/jpeg\" \/>\n<meta name=\"twitter:card\" content=\"summary_large_image\" \/>\n<meta name=\"twitter:label1\" content=\"Gesch\u00e4tzte Lesezeit\" \/>\n\t<meta name=\"twitter:data1\" content=\"1\u00a0Minute\" \/>\n<script type=\"application\/ld+json\" class=\"yoast-schema-graph\">{\"@context\":\"https:\/\/schema.org\",\"@graph\":[{\"@type\":\"WebPage\",\"@id\":\"https:\/\/teguar.com\/eu\/de\/product\/tmd-65-27\/\",\"url\":\"https:\/\/teguar.com\/eu\/de\/product\/tmd-65-27\/\",\"name\":\"27\\\" Medizinisches Display | TMD-65-27\",\"isPartOf\":{\"@id\":\"https:\/\/teguar.com\/eu\/en\/#website\"},\"primaryImageOfPage\":{\"@id\":\"https:\/\/teguar.com\/eu\/de\/product\/tmd-65-27\/#primaryimage\"},\"image\":{\"@id\":\"https:\/\/teguar.com\/eu\/de\/product\/tmd-65-27\/#primaryimage\"},\"thumbnailUrl\":\"https:\/\/teguar.com\/eu\/wp-content\/uploads\/sites\/2\/2023\/05\/27_Medical_Display-_TMD-65-27_Front__07391.1685469671.1280.1280.jpg\",\"datePublished\":\"2025-06-24T14:10:06+00:00\",\"dateModified\":\"2026-01-02T16:15:09+00:00\",\"description\":\"Das 27\\\" Medical Display ist eine L\u00f6sung, die speziell f\u00fcr die Anforderungen verschiedener medizinischer Anwendungen entwickelt wurde.\",\"breadcrumb\":{\"@id\":\"https:\/\/teguar.com\/eu\/de\/product\/tmd-65-27\/#breadcrumb\"},\"inLanguage\":\"de\",\"potentialAction\":[{\"@type\":\"ReadAction\",\"target\":[\"https:\/\/teguar.com\/eu\/de\/product\/tmd-65-27\/\"]}]},{\"@type\":\"ImageObject\",\"inLanguage\":\"de\",\"@id\":\"https:\/\/teguar.com\/eu\/de\/product\/tmd-65-27\/#primaryimage\",\"url\":\"https:\/\/teguar.com\/eu\/wp-content\/uploads\/sites\/2\/2023\/05\/27_Medical_Display-_TMD-65-27_Front__07391.1685469671.1280.1280.jpg\",\"contentUrl\":\"https:\/\/teguar.com\/eu\/wp-content\/uploads\/sites\/2\/2023\/05\/27_Medical_Display-_TMD-65-27_Front__07391.1685469671.1280.1280.jpg\",\"width\":930,\"height\":565,\"caption\":\"27\\\" Medical Display TMD-65-27 Front\"},{\"@type\":\"BreadcrumbList\",\"@id\":\"https:\/\/teguar.com\/eu\/de\/product\/tmd-65-27\/#breadcrumb\",\"itemListElement\":[{\"@type\":\"ListItem\",\"position\":1,\"name\":\"Home\",\"item\":\"https:\/\/teguar.com\/eu\/de\/\"},{\"@type\":\"ListItem\",\"position\":2,\"name\":\"TMD-65-27\"}]},{\"@type\":\"WebSite\",\"@id\":\"https:\/\/teguar.com\/eu\/en\/#website\",\"url\":\"https:\/\/teguar.com\/eu\/en\/\",\"name\":\"Teguar\",\"description\":\"Industrial PCs, Medical Computers, and Rugged Tablets\",\"potentialAction\":[{\"@type\":\"SearchAction\",\"target\":{\"@type\":\"EntryPoint\",\"urlTemplate\":\"https:\/\/teguar.com\/eu\/en\/?s={search_term_string}\"},\"query-input\":{\"@type\":\"PropertyValueSpecification\",\"valueRequired\":true,\"valueName\":\"search_term_string\"}}],\"inLanguage\":\"de\"}]}<\/script>\n<!-- \/ Yoast SEO Premium plugin. -->","yoast_head_json":{"title":"27\" Medizinisches Display | TMD-65-27","description":"Das 27\" Medical Display ist eine L\u00f6sung, die speziell f\u00fcr die Anforderungen verschiedener medizinischer Anwendungen entwickelt wurde.","robots":{"index":"index","follow":"follow","max-snippet":"max-snippet:-1","max-image-preview":"max-image-preview:large","max-video-preview":"max-video-preview:-1"},"canonical":"https:\/\/teguar.com\/eu\/de\/product\/tmd-65-27\/","og_locale":"de_DE","og_type":"article","og_title":"TMD-65-27","og_description":"Das 27\" Medical Display ist eine L\u00f6sung, die speziell f\u00fcr die Anforderungen verschiedener medizinischer Anwendungen entwickelt wurde.","og_url":"https:\/\/teguar.com\/eu\/de\/product\/tmd-65-27\/","og_site_name":"Teguar","article_modified_time":"2026-01-02T16:15:09+00:00","og_image":[{"width":930,"height":565,"url":"https:\/\/teguar.com\/eu\/wp-content\/uploads\/sites\/2\/2023\/05\/27_Medical_Display-_TMD-65-27_Front__07391.1685469671.1280.1280.jpg","type":"image\/jpeg"}],"twitter_card":"summary_large_image","twitter_misc":{"Gesch\u00e4tzte Lesezeit":"1\u00a0Minute"},"schema":{"@context":"https:\/\/schema.org","@graph":[{"@type":"WebPage","@id":"https:\/\/teguar.com\/eu\/de\/product\/tmd-65-27\/","url":"https:\/\/teguar.com\/eu\/de\/product\/tmd-65-27\/","name":"27\" Medizinisches Display | TMD-65-27","isPartOf":{"@id":"https:\/\/teguar.com\/eu\/en\/#website"},"primaryImageOfPage":{"@id":"https:\/\/teguar.com\/eu\/de\/product\/tmd-65-27\/#primaryimage"},"image":{"@id":"https:\/\/teguar.com\/eu\/de\/product\/tmd-65-27\/#primaryimage"},"thumbnailUrl":"https:\/\/teguar.com\/eu\/wp-content\/uploads\/sites\/2\/2023\/05\/27_Medical_Display-_TMD-65-27_Front__07391.1685469671.1280.1280.jpg","datePublished":"2025-06-24T14:10:06+00:00","dateModified":"2026-01-02T16:15:09+00:00","description":"Das 27\" Medical Display ist eine L\u00f6sung, die speziell f\u00fcr die Anforderungen verschiedener medizinischer Anwendungen entwickelt wurde.","breadcrumb":{"@id":"https:\/\/teguar.com\/eu\/de\/product\/tmd-65-27\/#breadcrumb"},"inLanguage":"de","potentialAction":[{"@type":"ReadAction","target":["https:\/\/teguar.com\/eu\/de\/product\/tmd-65-27\/"]}]},{"@type":"ImageObject","inLanguage":"de","@id":"https:\/\/teguar.com\/eu\/de\/product\/tmd-65-27\/#primaryimage","url":"https:\/\/teguar.com\/eu\/wp-content\/uploads\/sites\/2\/2023\/05\/27_Medical_Display-_TMD-65-27_Front__07391.1685469671.1280.1280.jpg","contentUrl":"https:\/\/teguar.com\/eu\/wp-content\/uploads\/sites\/2\/2023\/05\/27_Medical_Display-_TMD-65-27_Front__07391.1685469671.1280.1280.jpg","width":930,"height":565,"caption":"27\" Medical Display TMD-65-27 Front"},{"@type":"BreadcrumbList","@id":"https:\/\/teguar.com\/eu\/de\/product\/tmd-65-27\/#breadcrumb","itemListElement":[{"@type":"ListItem","position":1,"name":"Home","item":"https:\/\/teguar.com\/eu\/de\/"},{"@type":"ListItem","position":2,"name":"TMD-65-27"}]},{"@type":"WebSite","@id":"https:\/\/teguar.com\/eu\/en\/#website","url":"https:\/\/teguar.com\/eu\/en\/","name":"Teguar","description":"Industrial PCs, Medical Computers, and Rugged Tablets","potentialAction":[{"@type":"SearchAction","target":{"@type":"EntryPoint","urlTemplate":"https:\/\/teguar.com\/eu\/en\/?s={search_term_string}"},"query-input":{"@type":"PropertyValueSpecification","valueRequired":true,"valueName":"search_term_string"}}],"inLanguage":"de"}]}},"_links":{"self":[{"href":"https:\/\/teguar.com\/eu\/de\/wp-json\/wp\/v2\/product\/2245068","targetHints":{"allow":["GET"]}}],"collection":[{"href":"https:\/\/teguar.com\/eu\/de\/wp-json\/wp\/v2\/product"}],"about":[{"href":"https:\/\/teguar.com\/eu\/de\/wp-json\/wp\/v2\/types\/product"}],"wp:featuredmedia":[{"embeddable":true,"href":"https:\/\/teguar.com\/eu\/de\/wp-json\/wp\/v2\/media\/2245807"}],"wp:attachment":[{"href":"https:\/\/teguar.com\/eu\/de\/wp-json\/wp\/v2\/media?parent=2245068"}],"wp:term":[{"taxonomy":"product_brand","embeddable":true,"href":"https:\/\/teguar.com\/eu\/de\/wp-json\/wp\/v2\/product_brand?post=2245068"},{"taxonomy":"product_cat","embeddable":true,"href":"https:\/\/teguar.com\/eu\/de\/wp-json\/wp\/v2\/product_cat?post=2245068"},{"taxonomy":"product_tag","embeddable":true,"href":"https:\/\/teguar.com\/eu\/de\/wp-json\/wp\/v2\/product_tag?post=2245068"},{"taxonomy":"product_label","embeddable":true,"href":"https:\/\/teguar.com\/eu\/de\/wp-json\/wp\/v2\/product_label?post=2245068"}],"curies":[{"name":"wp","href":"https:\/\/api.w.org\/{rel}","templated":true}]}}