{"id":2245066,"date":"2025-06-24T14:13:03","date_gmt":"2025-06-24T14:13:03","guid":{"rendered":"https:\/\/teguar.com\/eu\/product\/tp-4840-18\/"},"modified":"2025-11-20T17:07:28","modified_gmt":"2025-11-20T17:07:28","slug":"tp-4840-18","status":"publish","type":"product","link":"https:\/\/teguar.com\/eu\/de\/product\/tp-4840-18\/","title":{"rendered":"TP-4840-18"},"content":{"rendered":"<p>Dieser 18,5-Zoll-Industrie-All-in-One-PC l\u00e4uft auf einer Elkhart Lake Quad-Core-CPU mit Windows 11-F\u00e4higkeiten. Die Frontblende entspricht der Schutzklasse IP65, die das Ger\u00e4t vor Staub und Wasser sch\u00fctzt. Dieser robuste Computer verf\u00fcgt \u00fcber ein Aluminium-Druckgussgeh\u00e4use und einen l\u00fcfterlosen Betrieb. Dieser All-in-One-Computer ist ideal f\u00fcr den Einsatz als HMI (Human Machine Interface) in einem Kiosk, wo Touchscreen-Interaktion erforderlich ist. Der TP-4840-18 bietet konsistente, zuverl\u00e4ssige Leistung in Fertigungs- und Produktionsumgebungen rund um die Uhr.    <\/p>\n","protected":false},"excerpt":{"rendered":"<p>\u00dcberwachung von <a href=\"https:\/\/teguar.com\/eu\/de\/fertigungs-computer\/\">Fertigungsstra\u00dfen <\/a>in der <a href=\"https:\/\/teguar.com\/eu\/automotive-machinery-computer\/\">Automobilindustrie<\/a>: Die TP-4840 Serie kann zur \u00dcberwachung und Steuerung von Fertigungslinien in der Automobilindustrie eingesetzt werden. Sie bietet Echtzeit-Datenvisualisierung, Prozessverfolgung und Qualit\u00e4tskontrolle f\u00fcr mehr Effizienz und Produktivit\u00e4t.<\/p>\n<p>Montagearbeiten in der Elektronikindustrie: Diese industriellen All-in-One-PCs eignen sich f\u00fcr Montagearbeiten in der Elektronikindustrie. Sie erm\u00f6glichen den Bedienern den Zugriff auf Arbeitsanweisungen, die Durchf\u00fchrung von Qualit\u00e4tskontrollen und die Verwaltung des Lagerbestands und gew\u00e4hrleisten so pr\u00e4zise und effiziente Montageprozesse.<\/p>\n<p><a href=\"https:\/\/teguar.com\/eu\/de\/computer-fuer-die-industrielle-automatisierung\/\">Industrielle Automatisierung<\/a> in der <a href=\"https:\/\/teguar.com\/eu\/de\/computer-fuer-die-lebensmittelverarbeitung\/\">Lebensmittelindustrie<\/a>: Die TP-4840 Serie kann in industrielle Automatisierungssysteme in der Lebensmittelindustrie integriert werden und erm\u00f6glicht es den Bedienern, Produktionsprozesse zu \u00fcberwachen und zu steuern, Rezepteinstellungen zu verwalten und die Einhaltung von Sicherheitsvorschriften zu gew\u00e4hrleisten.<\/p>\n<p><a href=\"https:\/\/teguar.com\/eu\/de\/computer-fuer-die-lagerverwaltung\/\">Geb\u00e4udemanagement in Logistik und Lagerhaltung:<\/a> Diese Computer k\u00f6nnen f\u00fcr das Geb\u00e4udemanagement in Logistik und Lagerhaltung eingesetzt werden. Sie erm\u00f6glichen die Echtzeit\u00fcberwachung von Ger\u00e4ten, Energieverbrauch und Umgebungsbedingungen, optimieren die Ressourcenzuweisung und verbessern die betriebliche Effizienz.<\/p>\n","protected":false},"featured_media":2245944,"template":"","meta":{"_acf_changed":false},"product_brand":[],"product_cat":[2828],"product_tag":[],"product_label":[],"class_list":{"0":"post-2245066","1":"product","2":"type-product","3":"status-publish","4":"has-post-thumbnail","6":"product_cat-industrieller-all-in-one-pc","7":"pa_windows-windows-10-iot","8":"pa_windows-windows-10-pro","9":"pa_windows-windows-11","11":"first","12":"outofstock","13":"taxable","14":"shipping-taxable","15":"purchasable","16":"product-type-simple"},"composite_virtual":false,"composite_layout":"","composite_add_to_cart_form_location":"","composite_editable_in_cart":false,"composite_sold_individually_context":"","composite_shop_price_calc":"","composite_components":[],"composite_scenarios":[],"acf":[],"yoast_head":"<!-- This site is optimized with the Yoast SEO Premium plugin v26.8 (Yoast SEO v27.2) - https:\/\/yoast.com\/product\/yoast-seo-premium-wordpress\/ -->\n<title>18&quot; Industrie Computer | TP-4840-18<\/title>\n<meta name=\"description\" content=\"Die Industriecomputer von Teguar wurden f\u00fcr Produktionsumgebungen, Kioskanwendungen und \u00fcberall dort entwickelt, wo ein normaler Computer nicht ausreicht.\" \/>\n<meta name=\"robots\" content=\"index, follow, max-snippet:-1, max-image-preview:large, max-video-preview:-1\" \/>\n<link rel=\"canonical\" href=\"https:\/\/teguar.com\/eu\/de\/product\/tp-4840-18\/\" \/>\n<meta property=\"og:locale\" content=\"de_DE\" \/>\n<meta property=\"og:type\" content=\"article\" \/>\n<meta property=\"og:title\" content=\"TP-4840-18\" \/>\n<meta property=\"og:description\" content=\"Die Industriecomputer von Teguar wurden f\u00fcr Produktionsumgebungen, Kioskanwendungen und \u00fcberall dort entwickelt, wo ein normaler Computer nicht ausreicht.\" \/>\n<meta property=\"og:url\" content=\"https:\/\/teguar.com\/eu\/de\/product\/tp-4840-18\/\" \/>\n<meta property=\"og:site_name\" content=\"Teguar\" \/>\n<meta property=\"article:modified_time\" content=\"2025-11-20T17:07:28+00:00\" \/>\n<meta property=\"og:image\" content=\"https:\/\/teguar.com\/eu\/wp-content\/uploads\/sites\/2\/2021\/01\/18_industrial_computer_tp-4840-18_front_angled__16528.1665683361.1280.1280.jpg\" \/>\n\t<meta property=\"og:image:width\" content=\"960\" \/>\n\t<meta property=\"og:image:height\" content=\"960\" \/>\n\t<meta property=\"og:image:type\" content=\"image\/jpeg\" \/>\n<meta name=\"twitter:card\" content=\"summary_large_image\" \/>\n<meta name=\"twitter:label1\" content=\"Gesch\u00e4tzte Lesezeit\" \/>\n\t<meta name=\"twitter:data1\" content=\"1\u00a0Minute\" \/>\n<script type=\"application\/ld+json\" class=\"yoast-schema-graph\">{\"@context\":\"https:\/\/schema.org\",\"@graph\":[{\"@type\":\"WebPage\",\"@id\":\"https:\/\/teguar.com\/eu\/de\/product\/tp-4840-18\/\",\"url\":\"https:\/\/teguar.com\/eu\/de\/product\/tp-4840-18\/\",\"name\":\"18\\\" Industrie Computer | TP-4840-18\",\"isPartOf\":{\"@id\":\"https:\/\/teguar.com\/eu\/en\/#website\"},\"primaryImageOfPage\":{\"@id\":\"https:\/\/teguar.com\/eu\/de\/product\/tp-4840-18\/#primaryimage\"},\"image\":{\"@id\":\"https:\/\/teguar.com\/eu\/de\/product\/tp-4840-18\/#primaryimage\"},\"thumbnailUrl\":\"https:\/\/teguar.com\/eu\/wp-content\/uploads\/sites\/2\/2021\/01\/18_industrial_computer_tp-4840-18_front_angled__16528.1665683361.1280.1280.jpg\",\"datePublished\":\"2025-06-24T14:13:03+00:00\",\"dateModified\":\"2025-11-20T17:07:28+00:00\",\"description\":\"Die Industriecomputer von Teguar wurden f\u00fcr Produktionsumgebungen, Kioskanwendungen und \u00fcberall dort entwickelt, wo ein normaler Computer nicht ausreicht.\",\"breadcrumb\":{\"@id\":\"https:\/\/teguar.com\/eu\/de\/product\/tp-4840-18\/#breadcrumb\"},\"inLanguage\":\"de\",\"potentialAction\":[{\"@type\":\"ReadAction\",\"target\":[\"https:\/\/teguar.com\/eu\/de\/product\/tp-4840-18\/\"]}]},{\"@type\":\"ImageObject\",\"inLanguage\":\"de\",\"@id\":\"https:\/\/teguar.com\/eu\/de\/product\/tp-4840-18\/#primaryimage\",\"url\":\"https:\/\/teguar.com\/eu\/wp-content\/uploads\/sites\/2\/2021\/01\/18_industrial_computer_tp-4840-18_front_angled__16528.1665683361.1280.1280.jpg\",\"contentUrl\":\"https:\/\/teguar.com\/eu\/wp-content\/uploads\/sites\/2\/2021\/01\/18_industrial_computer_tp-4840-18_front_angled__16528.1665683361.1280.1280.jpg\",\"width\":960,\"height\":960,\"caption\":\"Industrial All-in-one Computer | TP-4840-18\"},{\"@type\":\"BreadcrumbList\",\"@id\":\"https:\/\/teguar.com\/eu\/de\/product\/tp-4840-18\/#breadcrumb\",\"itemListElement\":[{\"@type\":\"ListItem\",\"position\":1,\"name\":\"Home\",\"item\":\"https:\/\/teguar.com\/eu\/de\/\"},{\"@type\":\"ListItem\",\"position\":2,\"name\":\"TP-4840-18\"}]},{\"@type\":\"WebSite\",\"@id\":\"https:\/\/teguar.com\/eu\/en\/#website\",\"url\":\"https:\/\/teguar.com\/eu\/en\/\",\"name\":\"Teguar\",\"description\":\"Industrial PCs, Medical Computers, and Rugged Tablets\",\"potentialAction\":[{\"@type\":\"SearchAction\",\"target\":{\"@type\":\"EntryPoint\",\"urlTemplate\":\"https:\/\/teguar.com\/eu\/en\/?s={search_term_string}\"},\"query-input\":{\"@type\":\"PropertyValueSpecification\",\"valueRequired\":true,\"valueName\":\"search_term_string\"}}],\"inLanguage\":\"de\"}]}<\/script>\n<!-- \/ Yoast SEO Premium plugin. -->","yoast_head_json":{"title":"18\" Industrie Computer | TP-4840-18","description":"Die Industriecomputer von Teguar wurden f\u00fcr Produktionsumgebungen, Kioskanwendungen und \u00fcberall dort entwickelt, wo ein normaler Computer nicht ausreicht.","robots":{"index":"index","follow":"follow","max-snippet":"max-snippet:-1","max-image-preview":"max-image-preview:large","max-video-preview":"max-video-preview:-1"},"canonical":"https:\/\/teguar.com\/eu\/de\/product\/tp-4840-18\/","og_locale":"de_DE","og_type":"article","og_title":"TP-4840-18","og_description":"Die Industriecomputer von Teguar wurden f\u00fcr Produktionsumgebungen, Kioskanwendungen und \u00fcberall dort entwickelt, wo ein normaler Computer nicht ausreicht.","og_url":"https:\/\/teguar.com\/eu\/de\/product\/tp-4840-18\/","og_site_name":"Teguar","article_modified_time":"2025-11-20T17:07:28+00:00","og_image":[{"width":960,"height":960,"url":"https:\/\/teguar.com\/eu\/wp-content\/uploads\/sites\/2\/2021\/01\/18_industrial_computer_tp-4840-18_front_angled__16528.1665683361.1280.1280.jpg","type":"image\/jpeg"}],"twitter_card":"summary_large_image","twitter_misc":{"Gesch\u00e4tzte Lesezeit":"1\u00a0Minute"},"schema":{"@context":"https:\/\/schema.org","@graph":[{"@type":"WebPage","@id":"https:\/\/teguar.com\/eu\/de\/product\/tp-4840-18\/","url":"https:\/\/teguar.com\/eu\/de\/product\/tp-4840-18\/","name":"18\" Industrie Computer | TP-4840-18","isPartOf":{"@id":"https:\/\/teguar.com\/eu\/en\/#website"},"primaryImageOfPage":{"@id":"https:\/\/teguar.com\/eu\/de\/product\/tp-4840-18\/#primaryimage"},"image":{"@id":"https:\/\/teguar.com\/eu\/de\/product\/tp-4840-18\/#primaryimage"},"thumbnailUrl":"https:\/\/teguar.com\/eu\/wp-content\/uploads\/sites\/2\/2021\/01\/18_industrial_computer_tp-4840-18_front_angled__16528.1665683361.1280.1280.jpg","datePublished":"2025-06-24T14:13:03+00:00","dateModified":"2025-11-20T17:07:28+00:00","description":"Die Industriecomputer von Teguar wurden f\u00fcr Produktionsumgebungen, Kioskanwendungen und \u00fcberall dort entwickelt, wo ein normaler Computer nicht ausreicht.","breadcrumb":{"@id":"https:\/\/teguar.com\/eu\/de\/product\/tp-4840-18\/#breadcrumb"},"inLanguage":"de","potentialAction":[{"@type":"ReadAction","target":["https:\/\/teguar.com\/eu\/de\/product\/tp-4840-18\/"]}]},{"@type":"ImageObject","inLanguage":"de","@id":"https:\/\/teguar.com\/eu\/de\/product\/tp-4840-18\/#primaryimage","url":"https:\/\/teguar.com\/eu\/wp-content\/uploads\/sites\/2\/2021\/01\/18_industrial_computer_tp-4840-18_front_angled__16528.1665683361.1280.1280.jpg","contentUrl":"https:\/\/teguar.com\/eu\/wp-content\/uploads\/sites\/2\/2021\/01\/18_industrial_computer_tp-4840-18_front_angled__16528.1665683361.1280.1280.jpg","width":960,"height":960,"caption":"Industrial All-in-one Computer | TP-4840-18"},{"@type":"BreadcrumbList","@id":"https:\/\/teguar.com\/eu\/de\/product\/tp-4840-18\/#breadcrumb","itemListElement":[{"@type":"ListItem","position":1,"name":"Home","item":"https:\/\/teguar.com\/eu\/de\/"},{"@type":"ListItem","position":2,"name":"TP-4840-18"}]},{"@type":"WebSite","@id":"https:\/\/teguar.com\/eu\/en\/#website","url":"https:\/\/teguar.com\/eu\/en\/","name":"Teguar","description":"Industrial PCs, Medical Computers, and Rugged Tablets","potentialAction":[{"@type":"SearchAction","target":{"@type":"EntryPoint","urlTemplate":"https:\/\/teguar.com\/eu\/en\/?s={search_term_string}"},"query-input":{"@type":"PropertyValueSpecification","valueRequired":true,"valueName":"search_term_string"}}],"inLanguage":"de"}]}},"_links":{"self":[{"href":"https:\/\/teguar.com\/eu\/de\/wp-json\/wp\/v2\/product\/2245066","targetHints":{"allow":["GET"]}}],"collection":[{"href":"https:\/\/teguar.com\/eu\/de\/wp-json\/wp\/v2\/product"}],"about":[{"href":"https:\/\/teguar.com\/eu\/de\/wp-json\/wp\/v2\/types\/product"}],"wp:featuredmedia":[{"embeddable":true,"href":"https:\/\/teguar.com\/eu\/de\/wp-json\/wp\/v2\/media\/2245944"}],"wp:attachment":[{"href":"https:\/\/teguar.com\/eu\/de\/wp-json\/wp\/v2\/media?parent=2245066"}],"wp:term":[{"taxonomy":"product_brand","embeddable":true,"href":"https:\/\/teguar.com\/eu\/de\/wp-json\/wp\/v2\/product_brand?post=2245066"},{"taxonomy":"product_cat","embeddable":true,"href":"https:\/\/teguar.com\/eu\/de\/wp-json\/wp\/v2\/product_cat?post=2245066"},{"taxonomy":"product_tag","embeddable":true,"href":"https:\/\/teguar.com\/eu\/de\/wp-json\/wp\/v2\/product_tag?post=2245066"},{"taxonomy":"product_label","embeddable":true,"href":"https:\/\/teguar.com\/eu\/de\/wp-json\/wp\/v2\/product_label?post=2245066"}],"curies":[{"name":"wp","href":"https:\/\/api.w.org\/{rel}","templated":true}]}}