{"id":2245062,"date":"2025-06-24T14:13:04","date_gmt":"2025-06-24T14:13:04","guid":{"rendered":"https:\/\/teguar.com\/eu\/product\/tischstaender-fuer-vesa-montage-schwarz\/"},"modified":"2025-06-24T14:13:04","modified_gmt":"2025-06-24T14:13:04","slug":"tischstaender-fuer-vesa-montage-schwarz","status":"publish","type":"product","link":"https:\/\/teguar.com\/eu\/de\/product\/tischstaender-fuer-vesa-montage-schwarz\/","title":{"rendered":"Tischst\u00e4nder f\u00fcr VESA-Montage &#8211; Schwarz"},"content":{"rendered":"<p>Der universelle Tischst\u00e4nder von Teguar ist mit jedem Computer mit einem VESA 75 oder 100 Befestigungsmuster kompatibel. Er kann bis zu 22 Pfund tragen und ist ideal f\u00fcr Bildschirmgr\u00f6\u00dfen von 10 &#8211; 19&#8243;. Nach der Montage k\u00f6nnen Sie den Computer anheben, neigen, schwenken und drehen, um einen optimalen Blickwinkel zu erhalten. Der breite Metallsockel ist mit L\u00f6chern zur Befestigung an einem Tisch versehen und sorgt so f\u00fcr ultimative Stabilit\u00e4t in rauen Umgebungen.   <\/p>\n","protected":false},"excerpt":{"rendered":"<p>Der universelle Tischst\u00e4nder von Teguar ist mit jedem Computer mit einem VESA 75 oder 100 Befestigungsmuster kompatibel. Er ist bis zu 20 lbs. belastbar und ideal f\u00fcr Bildschirmgr\u00f6\u00dfen von 10 &#8211; 19&#8243;. Nach der Montage k\u00f6nnen Sie den Computer anheben, neigen, schwenken und drehen, um einen optimalen Blickwinkel zu erhalten. Der breite Metallsockel ist mit L\u00f6chern zur Befestigung an einem Tisch versehen und sorgt so f\u00fcr ultimative Stabilit\u00e4t in rauen Umgebungen.    <\/p>\n","protected":false},"featured_media":2245946,"template":"","meta":{"_acf_changed":false},"product_brand":[],"product_cat":[2814],"product_tag":[],"product_label":[],"class_list":{"0":"post-2245062","1":"product","2":"type-product","3":"status-publish","4":"has-post-thumbnail","6":"product_cat-zubehor","8":"first","9":"instock","10":"taxable","11":"shipping-taxable","12":"purchasable","13":"product-type-simple"},"composite_virtual":false,"composite_layout":"","composite_add_to_cart_form_location":"","composite_editable_in_cart":false,"composite_sold_individually_context":"","composite_shop_price_calc":"","composite_components":[],"composite_scenarios":[],"acf":[],"yoast_head":"<!-- This site is optimized with the Yoast SEO Premium plugin v26.8 (Yoast SEO v27.2) - https:\/\/yoast.com\/product\/yoast-seo-premium-wordpress\/ -->\n<title>Tischst\u00e4nder f\u00fcr VESA-Montage - Schwarz - Teguar<\/title>\n<meta name=\"description\" content=\"Der Tischst\u00e4nder von Teguar ist mit jedem Computer mit einem VESA 75- oder 100-Montagemuster kompatibel. Er h\u00e4lt bis zu 22 lbs.\" \/>\n<meta name=\"robots\" content=\"index, follow, max-snippet:-1, max-image-preview:large, max-video-preview:-1\" \/>\n<link rel=\"canonical\" href=\"https:\/\/teguar.com\/eu\/de\/product\/tischstaender-fuer-vesa-montage-schwarz\/\" \/>\n<meta property=\"og:locale\" content=\"de_DE\" \/>\n<meta property=\"og:type\" content=\"article\" \/>\n<meta property=\"og:title\" content=\"Tischst\u00e4nder f\u00fcr VESA-Montage - Schwarz\" \/>\n<meta property=\"og:description\" content=\"Der Tischst\u00e4nder von Teguar ist mit jedem Computer mit einem VESA 75- oder 100-Montagemuster kompatibel. Er h\u00e4lt bis zu 22 lbs.\" \/>\n<meta property=\"og:url\" content=\"https:\/\/teguar.com\/eu\/de\/product\/tischstaender-fuer-vesa-montage-schwarz\/\" \/>\n<meta property=\"og:site_name\" content=\"Teguar\" \/>\n<meta property=\"og:image\" content=\"https:\/\/teguar.com\/eu\/wp-content\/uploads\/sites\/2\/2020\/11\/1825-00_Vesa_Mount___65648.1625595366.1280.1280.jpg\" \/>\n\t<meta property=\"og:image:width\" content=\"1136\" \/>\n\t<meta property=\"og:image:height\" content=\"1280\" \/>\n\t<meta property=\"og:image:type\" content=\"image\/jpeg\" \/>\n<meta name=\"twitter:card\" content=\"summary_large_image\" \/>\n<script type=\"application\/ld+json\" class=\"yoast-schema-graph\">{\"@context\":\"https:\/\/schema.org\",\"@graph\":[{\"@type\":\"WebPage\",\"@id\":\"https:\/\/teguar.com\/eu\/de\/product\/tischstaender-fuer-vesa-montage-schwarz\/\",\"url\":\"https:\/\/teguar.com\/eu\/de\/product\/tischstaender-fuer-vesa-montage-schwarz\/\",\"name\":\"Tischst\u00e4nder f\u00fcr VESA-Montage - Schwarz - Teguar\",\"isPartOf\":{\"@id\":\"https:\/\/teguar.com\/eu\/en\/#website\"},\"primaryImageOfPage\":{\"@id\":\"https:\/\/teguar.com\/eu\/de\/product\/tischstaender-fuer-vesa-montage-schwarz\/#primaryimage\"},\"image\":{\"@id\":\"https:\/\/teguar.com\/eu\/de\/product\/tischstaender-fuer-vesa-montage-schwarz\/#primaryimage\"},\"thumbnailUrl\":\"https:\/\/teguar.com\/eu\/wp-content\/uploads\/sites\/2\/2020\/11\/1825-00_Vesa_Mount___65648.1625595366.1280.1280.jpg\",\"datePublished\":\"2025-06-24T14:13:04+00:00\",\"description\":\"Der Tischst\u00e4nder von Teguar ist mit jedem Computer mit einem VESA 75- oder 100-Montagemuster kompatibel. Er h\u00e4lt bis zu 22 lbs.\",\"breadcrumb\":{\"@id\":\"https:\/\/teguar.com\/eu\/de\/product\/tischstaender-fuer-vesa-montage-schwarz\/#breadcrumb\"},\"inLanguage\":\"de\",\"potentialAction\":[{\"@type\":\"ReadAction\",\"target\":[\"https:\/\/teguar.com\/eu\/de\/product\/tischstaender-fuer-vesa-montage-schwarz\/\"]}]},{\"@type\":\"ImageObject\",\"inLanguage\":\"de\",\"@id\":\"https:\/\/teguar.com\/eu\/de\/product\/tischstaender-fuer-vesa-montage-schwarz\/#primaryimage\",\"url\":\"https:\/\/teguar.com\/eu\/wp-content\/uploads\/sites\/2\/2020\/11\/1825-00_Vesa_Mount___65648.1625595366.1280.1280.jpg\",\"contentUrl\":\"https:\/\/teguar.com\/eu\/wp-content\/uploads\/sites\/2\/2020\/11\/1825-00_Vesa_Mount___65648.1625595366.1280.1280.jpg\",\"width\":1136,\"height\":1280,\"caption\":\"Teguar VESA stand for Computers\"},{\"@type\":\"BreadcrumbList\",\"@id\":\"https:\/\/teguar.com\/eu\/de\/product\/tischstaender-fuer-vesa-montage-schwarz\/#breadcrumb\",\"itemListElement\":[{\"@type\":\"ListItem\",\"position\":1,\"name\":\"Home\",\"item\":\"https:\/\/teguar.com\/eu\/de\/\"},{\"@type\":\"ListItem\",\"position\":2,\"name\":\"Tischst\u00e4nder f\u00fcr VESA-Montage &#8211; Schwarz\"}]},{\"@type\":\"WebSite\",\"@id\":\"https:\/\/teguar.com\/eu\/en\/#website\",\"url\":\"https:\/\/teguar.com\/eu\/en\/\",\"name\":\"Teguar\",\"description\":\"Industrial PCs, Medical Computers, and Rugged Tablets\",\"potentialAction\":[{\"@type\":\"SearchAction\",\"target\":{\"@type\":\"EntryPoint\",\"urlTemplate\":\"https:\/\/teguar.com\/eu\/en\/?s={search_term_string}\"},\"query-input\":{\"@type\":\"PropertyValueSpecification\",\"valueRequired\":true,\"valueName\":\"search_term_string\"}}],\"inLanguage\":\"de\"}]}<\/script>\n<!-- \/ Yoast SEO Premium plugin. -->","yoast_head_json":{"title":"Tischst\u00e4nder f\u00fcr VESA-Montage - Schwarz - Teguar","description":"Der Tischst\u00e4nder von Teguar ist mit jedem Computer mit einem VESA 75- oder 100-Montagemuster kompatibel. Er h\u00e4lt bis zu 22 lbs.","robots":{"index":"index","follow":"follow","max-snippet":"max-snippet:-1","max-image-preview":"max-image-preview:large","max-video-preview":"max-video-preview:-1"},"canonical":"https:\/\/teguar.com\/eu\/de\/product\/tischstaender-fuer-vesa-montage-schwarz\/","og_locale":"de_DE","og_type":"article","og_title":"Tischst\u00e4nder f\u00fcr VESA-Montage - Schwarz","og_description":"Der Tischst\u00e4nder von Teguar ist mit jedem Computer mit einem VESA 75- oder 100-Montagemuster kompatibel. Er h\u00e4lt bis zu 22 lbs.","og_url":"https:\/\/teguar.com\/eu\/de\/product\/tischstaender-fuer-vesa-montage-schwarz\/","og_site_name":"Teguar","og_image":[{"width":1136,"height":1280,"url":"https:\/\/teguar.com\/eu\/wp-content\/uploads\/sites\/2\/2020\/11\/1825-00_Vesa_Mount___65648.1625595366.1280.1280.jpg","type":"image\/jpeg"}],"twitter_card":"summary_large_image","schema":{"@context":"https:\/\/schema.org","@graph":[{"@type":"WebPage","@id":"https:\/\/teguar.com\/eu\/de\/product\/tischstaender-fuer-vesa-montage-schwarz\/","url":"https:\/\/teguar.com\/eu\/de\/product\/tischstaender-fuer-vesa-montage-schwarz\/","name":"Tischst\u00e4nder f\u00fcr VESA-Montage - Schwarz - Teguar","isPartOf":{"@id":"https:\/\/teguar.com\/eu\/en\/#website"},"primaryImageOfPage":{"@id":"https:\/\/teguar.com\/eu\/de\/product\/tischstaender-fuer-vesa-montage-schwarz\/#primaryimage"},"image":{"@id":"https:\/\/teguar.com\/eu\/de\/product\/tischstaender-fuer-vesa-montage-schwarz\/#primaryimage"},"thumbnailUrl":"https:\/\/teguar.com\/eu\/wp-content\/uploads\/sites\/2\/2020\/11\/1825-00_Vesa_Mount___65648.1625595366.1280.1280.jpg","datePublished":"2025-06-24T14:13:04+00:00","description":"Der Tischst\u00e4nder von Teguar ist mit jedem Computer mit einem VESA 75- oder 100-Montagemuster kompatibel. Er h\u00e4lt bis zu 22 lbs.","breadcrumb":{"@id":"https:\/\/teguar.com\/eu\/de\/product\/tischstaender-fuer-vesa-montage-schwarz\/#breadcrumb"},"inLanguage":"de","potentialAction":[{"@type":"ReadAction","target":["https:\/\/teguar.com\/eu\/de\/product\/tischstaender-fuer-vesa-montage-schwarz\/"]}]},{"@type":"ImageObject","inLanguage":"de","@id":"https:\/\/teguar.com\/eu\/de\/product\/tischstaender-fuer-vesa-montage-schwarz\/#primaryimage","url":"https:\/\/teguar.com\/eu\/wp-content\/uploads\/sites\/2\/2020\/11\/1825-00_Vesa_Mount___65648.1625595366.1280.1280.jpg","contentUrl":"https:\/\/teguar.com\/eu\/wp-content\/uploads\/sites\/2\/2020\/11\/1825-00_Vesa_Mount___65648.1625595366.1280.1280.jpg","width":1136,"height":1280,"caption":"Teguar VESA stand for Computers"},{"@type":"BreadcrumbList","@id":"https:\/\/teguar.com\/eu\/de\/product\/tischstaender-fuer-vesa-montage-schwarz\/#breadcrumb","itemListElement":[{"@type":"ListItem","position":1,"name":"Home","item":"https:\/\/teguar.com\/eu\/de\/"},{"@type":"ListItem","position":2,"name":"Tischst\u00e4nder f\u00fcr VESA-Montage &#8211; Schwarz"}]},{"@type":"WebSite","@id":"https:\/\/teguar.com\/eu\/en\/#website","url":"https:\/\/teguar.com\/eu\/en\/","name":"Teguar","description":"Industrial PCs, Medical Computers, and Rugged Tablets","potentialAction":[{"@type":"SearchAction","target":{"@type":"EntryPoint","urlTemplate":"https:\/\/teguar.com\/eu\/en\/?s={search_term_string}"},"query-input":{"@type":"PropertyValueSpecification","valueRequired":true,"valueName":"search_term_string"}}],"inLanguage":"de"}]}},"_links":{"self":[{"href":"https:\/\/teguar.com\/eu\/de\/wp-json\/wp\/v2\/product\/2245062","targetHints":{"allow":["GET"]}}],"collection":[{"href":"https:\/\/teguar.com\/eu\/de\/wp-json\/wp\/v2\/product"}],"about":[{"href":"https:\/\/teguar.com\/eu\/de\/wp-json\/wp\/v2\/types\/product"}],"wp:featuredmedia":[{"embeddable":true,"href":"https:\/\/teguar.com\/eu\/de\/wp-json\/wp\/v2\/media\/2245946"}],"wp:attachment":[{"href":"https:\/\/teguar.com\/eu\/de\/wp-json\/wp\/v2\/media?parent=2245062"}],"wp:term":[{"taxonomy":"product_brand","embeddable":true,"href":"https:\/\/teguar.com\/eu\/de\/wp-json\/wp\/v2\/product_brand?post=2245062"},{"taxonomy":"product_cat","embeddable":true,"href":"https:\/\/teguar.com\/eu\/de\/wp-json\/wp\/v2\/product_cat?post=2245062"},{"taxonomy":"product_tag","embeddable":true,"href":"https:\/\/teguar.com\/eu\/de\/wp-json\/wp\/v2\/product_tag?post=2245062"},{"taxonomy":"product_label","embeddable":true,"href":"https:\/\/teguar.com\/eu\/de\/wp-json\/wp\/v2\/product_label?post=2245062"}],"curies":[{"name":"wp","href":"https:\/\/api.w.org\/{rel}","templated":true}]}}