{"id":2245061,"date":"2025-06-24T14:13:04","date_gmt":"2025-06-24T14:13:04","guid":{"rendered":"https:\/\/teguar.com\/eu\/product\/flush-vesa-wandmontage-kit\/"},"modified":"2025-06-24T14:13:04","modified_gmt":"2025-06-24T14:13:04","slug":"flush-vesa-wandmontage-kit","status":"publish","type":"product","link":"https:\/\/teguar.com\/eu\/de\/product\/flush-vesa-wandmontage-kit\/","title":{"rendered":"Flush VESA Wandmontage-Kit"},"content":{"rendered":"<p>Die b\u00fcndige Montage erm\u00f6glicht die Befestigung des Ger\u00e4ts an der Wand und sorgt f\u00fcr ein elegantes Erscheinungsbild. Dieses Montageset besteht aus zwei Teilen, von denen Sie eines an der Wand und das andere am Ger\u00e4t befestigen. Die beiden Teile lassen sich dann zusammenschieben und mit einer Schraube vandalensicher befestigen. <\/p>\n","protected":false},"excerpt":{"rendered":"<p>Dieses Wandhalterungsset ist mit den meisten Teguar Industrie- und Medizincomputern ab einer Bildschirmgr\u00f6\u00dfe von 10&#8243; kompatibel. Pr\u00fcfen Sie auf der Produktseite, ob Ihr Produkt kompatibel ist. <\/p>\n","protected":false},"featured_media":2245947,"template":"","meta":{"_acf_changed":false},"product_brand":[],"product_cat":[2814],"product_tag":[],"product_label":[],"class_list":{"0":"post-2245061","1":"product","2":"type-product","3":"status-publish","4":"has-post-thumbnail","6":"product_cat-zubehor","8":"first","9":"instock","10":"taxable","11":"shipping-taxable","12":"purchasable","13":"product-type-simple"},"composite_virtual":false,"composite_layout":"","composite_add_to_cart_form_location":"","composite_editable_in_cart":false,"composite_sold_individually_context":"","composite_shop_price_calc":"","composite_components":[],"composite_scenarios":[],"acf":[],"yoast_head":"<!-- This site is optimized with the Yoast SEO Premium plugin v26.8 (Yoast SEO v27.2) - https:\/\/yoast.com\/product\/yoast-seo-premium-wordpress\/ -->\n<title>Flush VESA Wandmontage-Kit - Teguar<\/title>\n<meta name=\"description\" content=\"Dieses Wandhalterungsset ist mit den meisten Teguar Industrie- und Medizincomputern mit einer Bildschirmdiagonale von 10&quot; und mehr kompatibel.\" \/>\n<meta name=\"robots\" content=\"index, follow, max-snippet:-1, max-image-preview:large, max-video-preview:-1\" \/>\n<link rel=\"canonical\" href=\"https:\/\/teguar.com\/eu\/de\/product\/flush-vesa-wandmontage-kit\/\" \/>\n<meta property=\"og:locale\" content=\"de_DE\" \/>\n<meta property=\"og:type\" content=\"article\" \/>\n<meta property=\"og:title\" content=\"Flush VESA Wandmontage-Kit\" \/>\n<meta property=\"og:description\" content=\"Dieses Wandhalterungsset ist mit den meisten Teguar Industrie- und Medizincomputern mit einer Bildschirmdiagonale von 10&quot; und mehr kompatibel.\" \/>\n<meta property=\"og:url\" content=\"https:\/\/teguar.com\/eu\/de\/product\/flush-vesa-wandmontage-kit\/\" \/>\n<meta property=\"og:site_name\" content=\"Teguar\" \/>\n<meta property=\"og:image\" content=\"https:\/\/teguar.com\/eu\/wp-content\/uploads\/sites\/2\/2020\/11\/VESA_Wall_Mount_Kit_1594-00__93096.1614783743.1280.1280.jpg\" \/>\n\t<meta property=\"og:image:width\" content=\"1000\" \/>\n\t<meta property=\"og:image:height\" content=\"1000\" \/>\n\t<meta property=\"og:image:type\" content=\"image\/jpeg\" \/>\n<meta name=\"twitter:card\" content=\"summary_large_image\" \/>\n<script type=\"application\/ld+json\" class=\"yoast-schema-graph\">{\"@context\":\"https:\/\/schema.org\",\"@graph\":[{\"@type\":\"WebPage\",\"@id\":\"https:\/\/teguar.com\/eu\/de\/product\/flush-vesa-wandmontage-kit\/\",\"url\":\"https:\/\/teguar.com\/eu\/de\/product\/flush-vesa-wandmontage-kit\/\",\"name\":\"Flush VESA Wandmontage-Kit - Teguar\",\"isPartOf\":{\"@id\":\"https:\/\/teguar.com\/eu\/en\/#website\"},\"primaryImageOfPage\":{\"@id\":\"https:\/\/teguar.com\/eu\/de\/product\/flush-vesa-wandmontage-kit\/#primaryimage\"},\"image\":{\"@id\":\"https:\/\/teguar.com\/eu\/de\/product\/flush-vesa-wandmontage-kit\/#primaryimage\"},\"thumbnailUrl\":\"https:\/\/teguar.com\/eu\/wp-content\/uploads\/sites\/2\/2020\/11\/VESA_Wall_Mount_Kit_1594-00__93096.1614783743.1280.1280.jpg\",\"datePublished\":\"2025-06-24T14:13:04+00:00\",\"description\":\"Dieses Wandhalterungsset ist mit den meisten Teguar Industrie- und Medizincomputern mit einer Bildschirmdiagonale von 10\\\" und mehr kompatibel.\",\"breadcrumb\":{\"@id\":\"https:\/\/teguar.com\/eu\/de\/product\/flush-vesa-wandmontage-kit\/#breadcrumb\"},\"inLanguage\":\"de\",\"potentialAction\":[{\"@type\":\"ReadAction\",\"target\":[\"https:\/\/teguar.com\/eu\/de\/product\/flush-vesa-wandmontage-kit\/\"]}]},{\"@type\":\"ImageObject\",\"inLanguage\":\"de\",\"@id\":\"https:\/\/teguar.com\/eu\/de\/product\/flush-vesa-wandmontage-kit\/#primaryimage\",\"url\":\"https:\/\/teguar.com\/eu\/wp-content\/uploads\/sites\/2\/2020\/11\/VESA_Wall_Mount_Kit_1594-00__93096.1614783743.1280.1280.jpg\",\"contentUrl\":\"https:\/\/teguar.com\/eu\/wp-content\/uploads\/sites\/2\/2020\/11\/VESA_Wall_Mount_Kit_1594-00__93096.1614783743.1280.1280.jpg\",\"width\":1000,\"height\":1000,\"caption\":\"VESA Wall Mount Kit\"},{\"@type\":\"BreadcrumbList\",\"@id\":\"https:\/\/teguar.com\/eu\/de\/product\/flush-vesa-wandmontage-kit\/#breadcrumb\",\"itemListElement\":[{\"@type\":\"ListItem\",\"position\":1,\"name\":\"Home\",\"item\":\"https:\/\/teguar.com\/eu\/de\/\"},{\"@type\":\"ListItem\",\"position\":2,\"name\":\"Flush VESA Wandmontage-Kit\"}]},{\"@type\":\"WebSite\",\"@id\":\"https:\/\/teguar.com\/eu\/en\/#website\",\"url\":\"https:\/\/teguar.com\/eu\/en\/\",\"name\":\"Teguar\",\"description\":\"Industrial PCs, Medical Computers, and Rugged Tablets\",\"potentialAction\":[{\"@type\":\"SearchAction\",\"target\":{\"@type\":\"EntryPoint\",\"urlTemplate\":\"https:\/\/teguar.com\/eu\/en\/?s={search_term_string}\"},\"query-input\":{\"@type\":\"PropertyValueSpecification\",\"valueRequired\":true,\"valueName\":\"search_term_string\"}}],\"inLanguage\":\"de\"}]}<\/script>\n<!-- \/ Yoast SEO Premium plugin. -->","yoast_head_json":{"title":"Flush VESA Wandmontage-Kit - Teguar","description":"Dieses Wandhalterungsset ist mit den meisten Teguar Industrie- und Medizincomputern mit einer Bildschirmdiagonale von 10\" und mehr kompatibel.","robots":{"index":"index","follow":"follow","max-snippet":"max-snippet:-1","max-image-preview":"max-image-preview:large","max-video-preview":"max-video-preview:-1"},"canonical":"https:\/\/teguar.com\/eu\/de\/product\/flush-vesa-wandmontage-kit\/","og_locale":"de_DE","og_type":"article","og_title":"Flush VESA Wandmontage-Kit","og_description":"Dieses Wandhalterungsset ist mit den meisten Teguar Industrie- und Medizincomputern mit einer Bildschirmdiagonale von 10\" und mehr kompatibel.","og_url":"https:\/\/teguar.com\/eu\/de\/product\/flush-vesa-wandmontage-kit\/","og_site_name":"Teguar","og_image":[{"width":1000,"height":1000,"url":"https:\/\/teguar.com\/eu\/wp-content\/uploads\/sites\/2\/2020\/11\/VESA_Wall_Mount_Kit_1594-00__93096.1614783743.1280.1280.jpg","type":"image\/jpeg"}],"twitter_card":"summary_large_image","schema":{"@context":"https:\/\/schema.org","@graph":[{"@type":"WebPage","@id":"https:\/\/teguar.com\/eu\/de\/product\/flush-vesa-wandmontage-kit\/","url":"https:\/\/teguar.com\/eu\/de\/product\/flush-vesa-wandmontage-kit\/","name":"Flush VESA Wandmontage-Kit - Teguar","isPartOf":{"@id":"https:\/\/teguar.com\/eu\/en\/#website"},"primaryImageOfPage":{"@id":"https:\/\/teguar.com\/eu\/de\/product\/flush-vesa-wandmontage-kit\/#primaryimage"},"image":{"@id":"https:\/\/teguar.com\/eu\/de\/product\/flush-vesa-wandmontage-kit\/#primaryimage"},"thumbnailUrl":"https:\/\/teguar.com\/eu\/wp-content\/uploads\/sites\/2\/2020\/11\/VESA_Wall_Mount_Kit_1594-00__93096.1614783743.1280.1280.jpg","datePublished":"2025-06-24T14:13:04+00:00","description":"Dieses Wandhalterungsset ist mit den meisten Teguar Industrie- und Medizincomputern mit einer Bildschirmdiagonale von 10\" und mehr kompatibel.","breadcrumb":{"@id":"https:\/\/teguar.com\/eu\/de\/product\/flush-vesa-wandmontage-kit\/#breadcrumb"},"inLanguage":"de","potentialAction":[{"@type":"ReadAction","target":["https:\/\/teguar.com\/eu\/de\/product\/flush-vesa-wandmontage-kit\/"]}]},{"@type":"ImageObject","inLanguage":"de","@id":"https:\/\/teguar.com\/eu\/de\/product\/flush-vesa-wandmontage-kit\/#primaryimage","url":"https:\/\/teguar.com\/eu\/wp-content\/uploads\/sites\/2\/2020\/11\/VESA_Wall_Mount_Kit_1594-00__93096.1614783743.1280.1280.jpg","contentUrl":"https:\/\/teguar.com\/eu\/wp-content\/uploads\/sites\/2\/2020\/11\/VESA_Wall_Mount_Kit_1594-00__93096.1614783743.1280.1280.jpg","width":1000,"height":1000,"caption":"VESA Wall Mount Kit"},{"@type":"BreadcrumbList","@id":"https:\/\/teguar.com\/eu\/de\/product\/flush-vesa-wandmontage-kit\/#breadcrumb","itemListElement":[{"@type":"ListItem","position":1,"name":"Home","item":"https:\/\/teguar.com\/eu\/de\/"},{"@type":"ListItem","position":2,"name":"Flush VESA Wandmontage-Kit"}]},{"@type":"WebSite","@id":"https:\/\/teguar.com\/eu\/en\/#website","url":"https:\/\/teguar.com\/eu\/en\/","name":"Teguar","description":"Industrial PCs, Medical Computers, and Rugged Tablets","potentialAction":[{"@type":"SearchAction","target":{"@type":"EntryPoint","urlTemplate":"https:\/\/teguar.com\/eu\/en\/?s={search_term_string}"},"query-input":{"@type":"PropertyValueSpecification","valueRequired":true,"valueName":"search_term_string"}}],"inLanguage":"de"}]}},"_links":{"self":[{"href":"https:\/\/teguar.com\/eu\/de\/wp-json\/wp\/v2\/product\/2245061","targetHints":{"allow":["GET"]}}],"collection":[{"href":"https:\/\/teguar.com\/eu\/de\/wp-json\/wp\/v2\/product"}],"about":[{"href":"https:\/\/teguar.com\/eu\/de\/wp-json\/wp\/v2\/types\/product"}],"wp:featuredmedia":[{"embeddable":true,"href":"https:\/\/teguar.com\/eu\/de\/wp-json\/wp\/v2\/media\/2245947"}],"wp:attachment":[{"href":"https:\/\/teguar.com\/eu\/de\/wp-json\/wp\/v2\/media?parent=2245061"}],"wp:term":[{"taxonomy":"product_brand","embeddable":true,"href":"https:\/\/teguar.com\/eu\/de\/wp-json\/wp\/v2\/product_brand?post=2245061"},{"taxonomy":"product_cat","embeddable":true,"href":"https:\/\/teguar.com\/eu\/de\/wp-json\/wp\/v2\/product_cat?post=2245061"},{"taxonomy":"product_tag","embeddable":true,"href":"https:\/\/teguar.com\/eu\/de\/wp-json\/wp\/v2\/product_tag?post=2245061"},{"taxonomy":"product_label","embeddable":true,"href":"https:\/\/teguar.com\/eu\/de\/wp-json\/wp\/v2\/product_label?post=2245061"}],"curies":[{"name":"wp","href":"https:\/\/api.w.org\/{rel}","templated":true}]}}