{"id":2245060,"date":"2025-06-24T14:13:02","date_gmt":"2025-06-24T14:13:02","guid":{"rendered":"https:\/\/teguar.com\/eu\/product\/ta-q5340-22\/"},"modified":"2026-05-06T12:59:02","modified_gmt":"2026-05-06T12:59:02","slug":"ta-q5340-22","status":"publish","type":"product","link":"https:\/\/teguar.com\/eu\/de\/product\/ta-q5340-22\/","title":{"rendered":"TA-Q5340-22"},"content":{"rendered":"<p>Der TA-Q5340-22 ist ein l\u00fcfterloser Computer, ideal f\u00fcr Kioskanwendungen, Kassensysteme und leichte industrielle Anwendungen. Er ist langlebig und modular, mit einem abnehmbaren Box-PC auf der R\u00fcckseite des Ger\u00e4ts f\u00fcr einfache Wartung oder und ein zukunftssicheres Design. Vier Erweiterungsanschl\u00fcsse an jedem Geh\u00e4use erm\u00f6glichen es Ihnen, den Kabelsalat mit optionalen Peripherieger\u00e4ten wie einem 3-Spur-MSR, einem Fingerabdruckleser, einem RFID-Leser, einem unterst\u00fctzten Verifone\u00ae VX820, einem 2D-Barcodescanner, einer 5MP-Webcam und mehr zu beseitigen. Sie k\u00f6nnen diesen Computer mit einem POS-St\u00e4nder, einem Druckerst\u00e4nder oder einem Bodenst\u00e4nder bestellen. Dieser Computer l\u00e4uft mit einer Qualcomm Snapdragon CPU und hat einen 21,5&#8243; Full HD Touchscreen.    <\/p>\n<p><strong><span class=\"ui-provider a b c d e f g h i j k l m n o p q r s t u v w x y z ab ac ae af ag ah ai aj ak\" dir=\"ltr\">Dieses Produkt gilt jetzt als &#8222;Vorg\u00e4ngergeneration&#8220;, d.h. es kann sein, dass es nicht mehr erh\u00e4ltlich ist. Rufen Sie +1 800 870 7715 an, um weitere Informationen zu diesem Produkt zu erhalten, oder werfen Sie einen Blick auf unsere vollst\u00e4ndige Liste der derzeit <a href=\"https:\/\/teguar.com\/eu\/de\/industrieller-all-in-one-pc\/\">verf\u00fcgbaren Industrie-PCs.<\/a> <\/span><\/strong><\/p>\n","protected":false},"excerpt":{"rendered":"<p>Auf diesem 21,5&#8243; All-in-One Computer l\u00e4uft Android 9.0 auf einer Qualcomm 450 CPU. Sein modulares Design und optionales PoE machen den TA-Q5340-22 ideal als Touch-Kiosk oder POS-Terminal. <\/p>\n","protected":false},"featured_media":2246657,"template":"","meta":{"_acf_changed":false},"product_brand":[],"product_cat":[2828],"product_tag":[],"product_label":[],"class_list":{"0":"post-2245060","1":"product","2":"type-product","3":"status-publish","4":"has-post-thumbnail","6":"product_cat-industrieller-all-in-one-pc","8":"first","9":"instock","10":"taxable","11":"shipping-taxable","12":"purchasable","13":"product-type-simple"},"composite_virtual":false,"composite_layout":"","composite_add_to_cart_form_location":"","composite_editable_in_cart":false,"composite_sold_individually_context":"","composite_shop_price_calc":"","composite_components":[],"composite_scenarios":[],"acf":[],"yoast_head":"<!-- This site is optimized with the Yoast SEO Premium plugin v26.8 (Yoast SEO v27.2) - https:\/\/yoast.com\/product\/yoast-seo-premium-wordpress\/ -->\n<title>21,5&quot; Kommerzieller Android Touch PC | TA-Q5340-22<\/title>\n<meta name=\"description\" content=\"Dieser Computer l\u00e4uft mit Android 9.0 auf einer Qualcomm 450 CPU und hat einen 21,5-Zoll-Touchscreen. Er kann als Touch-Kiosk oder POS-Terminal verwendet werden.\" \/>\n<meta name=\"robots\" content=\"index, follow, max-snippet:-1, max-image-preview:large, max-video-preview:-1\" \/>\n<link rel=\"canonical\" href=\"https:\/\/teguar.com\/eu\/de\/product\/ta-q5340-22\/\" \/>\n<meta property=\"og:locale\" content=\"de_DE\" \/>\n<meta property=\"og:type\" content=\"article\" \/>\n<meta property=\"og:title\" content=\"TA-Q5340-22\" \/>\n<meta property=\"og:description\" content=\"Dieser Computer l\u00e4uft mit Android 9.0 auf einer Qualcomm 450 CPU und hat einen 21,5-Zoll-Touchscreen. Er kann als Touch-Kiosk oder POS-Terminal verwendet werden.\" \/>\n<meta property=\"og:url\" content=\"https:\/\/teguar.com\/eu\/de\/product\/ta-q5340-22\/\" \/>\n<meta property=\"og:site_name\" content=\"Teguar\" \/>\n<meta property=\"article:modified_time\" content=\"2026-05-06T12:59:02+00:00\" \/>\n<meta property=\"og:image\" content=\"https:\/\/teguar.com\/eu\/wp-content\/uploads\/sites\/2\/2021\/01\/Modular-computer-ta-5540-22__08012.1611166148.1280.1280__45613.1611173409.1280.1280.jpg\" \/>\n\t<meta property=\"og:image:width\" content=\"1000\" \/>\n\t<meta property=\"og:image:height\" content=\"1000\" \/>\n\t<meta property=\"og:image:type\" content=\"image\/jpeg\" \/>\n<meta name=\"twitter:card\" content=\"summary_large_image\" \/>\n<meta name=\"twitter:label1\" content=\"Gesch\u00e4tzte Lesezeit\" \/>\n\t<meta name=\"twitter:data1\" content=\"1\u00a0Minute\" \/>\n<script type=\"application\/ld+json\" class=\"yoast-schema-graph\">{\"@context\":\"https:\/\/schema.org\",\"@graph\":[{\"@type\":\"WebPage\",\"@id\":\"https:\/\/teguar.com\/eu\/de\/product\/ta-q5340-22\/\",\"url\":\"https:\/\/teguar.com\/eu\/de\/product\/ta-q5340-22\/\",\"name\":\"21,5\\\" Kommerzieller Android Touch PC | TA-Q5340-22\",\"isPartOf\":{\"@id\":\"https:\/\/teguar.com\/eu\/en\/#website\"},\"primaryImageOfPage\":{\"@id\":\"https:\/\/teguar.com\/eu\/de\/product\/ta-q5340-22\/#primaryimage\"},\"image\":{\"@id\":\"https:\/\/teguar.com\/eu\/de\/product\/ta-q5340-22\/#primaryimage\"},\"thumbnailUrl\":\"https:\/\/teguar.com\/eu\/wp-content\/uploads\/sites\/2\/2021\/01\/Modular-computer-ta-5540-22__08012.1611166148.1280.1280__45613.1611173409.1280.1280.jpg\",\"datePublished\":\"2025-06-24T14:13:02+00:00\",\"dateModified\":\"2026-05-06T12:59:02+00:00\",\"description\":\"Dieser Computer l\u00e4uft mit Android 9.0 auf einer Qualcomm 450 CPU und hat einen 21,5-Zoll-Touchscreen. Er kann als Touch-Kiosk oder POS-Terminal verwendet werden.\",\"breadcrumb\":{\"@id\":\"https:\/\/teguar.com\/eu\/de\/product\/ta-q5340-22\/#breadcrumb\"},\"inLanguage\":\"de\",\"potentialAction\":[{\"@type\":\"ReadAction\",\"target\":[\"https:\/\/teguar.com\/eu\/de\/product\/ta-q5340-22\/\"]}]},{\"@type\":\"ImageObject\",\"inLanguage\":\"de\",\"@id\":\"https:\/\/teguar.com\/eu\/de\/product\/ta-q5340-22\/#primaryimage\",\"url\":\"https:\/\/teguar.com\/eu\/wp-content\/uploads\/sites\/2\/2021\/01\/Modular-computer-ta-5540-22__08012.1611166148.1280.1280__45613.1611173409.1280.1280.jpg\",\"contentUrl\":\"https:\/\/teguar.com\/eu\/wp-content\/uploads\/sites\/2\/2021\/01\/Modular-computer-ta-5540-22__08012.1611166148.1280.1280__45613.1611173409.1280.1280.jpg\",\"width\":1000,\"height\":1000,\"caption\":\"Teguar All-in-One Computer | TA-Q5340-22\"},{\"@type\":\"BreadcrumbList\",\"@id\":\"https:\/\/teguar.com\/eu\/de\/product\/ta-q5340-22\/#breadcrumb\",\"itemListElement\":[{\"@type\":\"ListItem\",\"position\":1,\"name\":\"Home\",\"item\":\"https:\/\/teguar.com\/eu\/de\/\"},{\"@type\":\"ListItem\",\"position\":2,\"name\":\"TA-Q5340-22\"}]},{\"@type\":\"WebSite\",\"@id\":\"https:\/\/teguar.com\/eu\/en\/#website\",\"url\":\"https:\/\/teguar.com\/eu\/en\/\",\"name\":\"Teguar\",\"description\":\"Industrial PCs, Medical Computers, and Rugged Tablets\",\"potentialAction\":[{\"@type\":\"SearchAction\",\"target\":{\"@type\":\"EntryPoint\",\"urlTemplate\":\"https:\/\/teguar.com\/eu\/en\/?s={search_term_string}\"},\"query-input\":{\"@type\":\"PropertyValueSpecification\",\"valueRequired\":true,\"valueName\":\"search_term_string\"}}],\"inLanguage\":\"de\"}]}<\/script>\n<!-- \/ Yoast SEO Premium plugin. -->","yoast_head_json":{"title":"21,5\" Kommerzieller Android Touch PC | TA-Q5340-22","description":"Dieser Computer l\u00e4uft mit Android 9.0 auf einer Qualcomm 450 CPU und hat einen 21,5-Zoll-Touchscreen. Er kann als Touch-Kiosk oder POS-Terminal verwendet werden.","robots":{"index":"index","follow":"follow","max-snippet":"max-snippet:-1","max-image-preview":"max-image-preview:large","max-video-preview":"max-video-preview:-1"},"canonical":"https:\/\/teguar.com\/eu\/de\/product\/ta-q5340-22\/","og_locale":"de_DE","og_type":"article","og_title":"TA-Q5340-22","og_description":"Dieser Computer l\u00e4uft mit Android 9.0 auf einer Qualcomm 450 CPU und hat einen 21,5-Zoll-Touchscreen. Er kann als Touch-Kiosk oder POS-Terminal verwendet werden.","og_url":"https:\/\/teguar.com\/eu\/de\/product\/ta-q5340-22\/","og_site_name":"Teguar","article_modified_time":"2026-05-06T12:59:02+00:00","og_image":[{"width":1000,"height":1000,"url":"https:\/\/teguar.com\/eu\/wp-content\/uploads\/sites\/2\/2021\/01\/Modular-computer-ta-5540-22__08012.1611166148.1280.1280__45613.1611173409.1280.1280.jpg","type":"image\/jpeg"}],"twitter_card":"summary_large_image","twitter_misc":{"Gesch\u00e4tzte Lesezeit":"1\u00a0Minute"},"schema":{"@context":"https:\/\/schema.org","@graph":[{"@type":"WebPage","@id":"https:\/\/teguar.com\/eu\/de\/product\/ta-q5340-22\/","url":"https:\/\/teguar.com\/eu\/de\/product\/ta-q5340-22\/","name":"21,5\" Kommerzieller Android Touch PC | TA-Q5340-22","isPartOf":{"@id":"https:\/\/teguar.com\/eu\/en\/#website"},"primaryImageOfPage":{"@id":"https:\/\/teguar.com\/eu\/de\/product\/ta-q5340-22\/#primaryimage"},"image":{"@id":"https:\/\/teguar.com\/eu\/de\/product\/ta-q5340-22\/#primaryimage"},"thumbnailUrl":"https:\/\/teguar.com\/eu\/wp-content\/uploads\/sites\/2\/2021\/01\/Modular-computer-ta-5540-22__08012.1611166148.1280.1280__45613.1611173409.1280.1280.jpg","datePublished":"2025-06-24T14:13:02+00:00","dateModified":"2026-05-06T12:59:02+00:00","description":"Dieser Computer l\u00e4uft mit Android 9.0 auf einer Qualcomm 450 CPU und hat einen 21,5-Zoll-Touchscreen. Er kann als Touch-Kiosk oder POS-Terminal verwendet werden.","breadcrumb":{"@id":"https:\/\/teguar.com\/eu\/de\/product\/ta-q5340-22\/#breadcrumb"},"inLanguage":"de","potentialAction":[{"@type":"ReadAction","target":["https:\/\/teguar.com\/eu\/de\/product\/ta-q5340-22\/"]}]},{"@type":"ImageObject","inLanguage":"de","@id":"https:\/\/teguar.com\/eu\/de\/product\/ta-q5340-22\/#primaryimage","url":"https:\/\/teguar.com\/eu\/wp-content\/uploads\/sites\/2\/2021\/01\/Modular-computer-ta-5540-22__08012.1611166148.1280.1280__45613.1611173409.1280.1280.jpg","contentUrl":"https:\/\/teguar.com\/eu\/wp-content\/uploads\/sites\/2\/2021\/01\/Modular-computer-ta-5540-22__08012.1611166148.1280.1280__45613.1611173409.1280.1280.jpg","width":1000,"height":1000,"caption":"Teguar All-in-One Computer | TA-Q5340-22"},{"@type":"BreadcrumbList","@id":"https:\/\/teguar.com\/eu\/de\/product\/ta-q5340-22\/#breadcrumb","itemListElement":[{"@type":"ListItem","position":1,"name":"Home","item":"https:\/\/teguar.com\/eu\/de\/"},{"@type":"ListItem","position":2,"name":"TA-Q5340-22"}]},{"@type":"WebSite","@id":"https:\/\/teguar.com\/eu\/en\/#website","url":"https:\/\/teguar.com\/eu\/en\/","name":"Teguar","description":"Industrial PCs, Medical Computers, and Rugged Tablets","potentialAction":[{"@type":"SearchAction","target":{"@type":"EntryPoint","urlTemplate":"https:\/\/teguar.com\/eu\/en\/?s={search_term_string}"},"query-input":{"@type":"PropertyValueSpecification","valueRequired":true,"valueName":"search_term_string"}}],"inLanguage":"de"}]}},"_links":{"self":[{"href":"https:\/\/teguar.com\/eu\/de\/wp-json\/wp\/v2\/product\/2245060","targetHints":{"allow":["GET"]}}],"collection":[{"href":"https:\/\/teguar.com\/eu\/de\/wp-json\/wp\/v2\/product"}],"about":[{"href":"https:\/\/teguar.com\/eu\/de\/wp-json\/wp\/v2\/types\/product"}],"wp:featuredmedia":[{"embeddable":true,"href":"https:\/\/teguar.com\/eu\/de\/wp-json\/wp\/v2\/media\/2246657"}],"wp:attachment":[{"href":"https:\/\/teguar.com\/eu\/de\/wp-json\/wp\/v2\/media?parent=2245060"}],"wp:term":[{"taxonomy":"product_brand","embeddable":true,"href":"https:\/\/teguar.com\/eu\/de\/wp-json\/wp\/v2\/product_brand?post=2245060"},{"taxonomy":"product_cat","embeddable":true,"href":"https:\/\/teguar.com\/eu\/de\/wp-json\/wp\/v2\/product_cat?post=2245060"},{"taxonomy":"product_tag","embeddable":true,"href":"https:\/\/teguar.com\/eu\/de\/wp-json\/wp\/v2\/product_tag?post=2245060"},{"taxonomy":"product_label","embeddable":true,"href":"https:\/\/teguar.com\/eu\/de\/wp-json\/wp\/v2\/product_label?post=2245060"}],"curies":[{"name":"wp","href":"https:\/\/api.w.org\/{rel}","templated":true}]}}