{"id":2245057,"date":"2025-06-24T14:13:04","date_gmt":"2025-06-24T14:13:04","guid":{"rendered":"https:\/\/teguar.com\/eu\/product\/ta-5940-12\/"},"modified":"2025-11-20T17:07:00","modified_gmt":"2025-11-20T17:07:00","slug":"ta-5940-12","status":"publish","type":"product","link":"https:\/\/teguar.com\/eu\/de\/product\/ta-5940-12\/","title":{"rendered":"TA-5940-12"},"content":{"rendered":"<p>Der TA-5940-12 ist ein modularer AIO mit schlankem Formfaktor, der sich hervorragend f\u00fcr Kassensysteme eignet. Er verf\u00fcgt \u00fcber ein 11,6&#8243; Full HD-Display mit einem zuverl\u00e4ssigen und reaktionsschnellen PCAP-Touchscreen. Dieser Computer kann Windows oder Linux auf seiner Intel 11th Gen Tigerlake CPU ausf\u00fchren und ist mit vielen POS-Zahlungsterminals und Kiosk-Software-Systemen kompatibel. Er kann auf dem verf\u00fcgbaren POS-St\u00e4nder, dem Druckerst\u00e4nder, dem Bodenst\u00e4nder und praktisch jeder Art von St\u00e4nder oder Arm \u00fcber sein VESA-Montagelochmuster montiert werden. Bis zu zwei optionale Peripherieger\u00e4te k\u00f6nnen gleichzeitig an der Ober- und Unterseite dieses Computers angebracht werden, darunter ein 3-Spur-MSR-Fingerabdruckleseger\u00e4t, ein RFID-Leseger\u00e4t, ein 2D-Barcodescanner, eine 5MP-Kamera mit Mikrofon und Verifone\u00ae VX820- oder Ingenico-Zahlungsterminals.    <\/p>\n","protected":false},"excerpt":{"rendered":"<p><a href=\"https:\/\/teguar.com\/eu\/hospitality-computer\/\">Selbstbedienungs-Check-in-Kioske f\u00fcr das Gastgewerbe:<\/a>Die TA-5940 All-in-One-Computer mit integrierten RFID-Lesern und 5MP-Kameras sind ideal f\u00fcr Hotels und Flugh\u00e4fen und erm\u00f6glichen einen einfachen Selbst-Check-in und eine einfache \u00dcberpr\u00fcfung.<\/p>\n<p><a href=\"https:\/\/teguar.com\/eu\/de\/kiosk-computer\/\">POS-Kioske f\u00fcr den Einzelhandel<\/a>: Die schlanke Kiosk Computer Serie, ausgestattet mit 2D-Barcodescannern und Verifone\u00ae VX820 Zahlungsterminals, rationalisiert Transaktionen im Einzelhandel.<\/p>\n<p><a href=\"https:\/\/teguar.com\/eu\/de\/interaktive-displays\/\">Interaktive Informationskioske<\/a>: Mit Full-HD-Displays und Touchscreens bieten diese All-in-One-Computer einfachen Zugang zu Karten und Veranstaltungspl\u00e4nen in \u00f6ffentlichen R\u00e4umen, Museen und Bildungseinrichtungen.<\/p>\n<p><a href=\"https:\/\/teguar.com\/eu\/de\/ueberwachung-sicherheit-computer\/\">Sichere Zugangskontrollkioske<\/a>: Die TA-5940 All-in-One-Computer mit Fingerabdruckleser und RFID-Leser erh\u00f6hen die Sicherheit in Firmenb\u00fcros, Regierungsgeb\u00e4uden und Gesundheitseinrichtungen.<\/p>\n","protected":false},"featured_media":2245948,"template":"","meta":{"_acf_changed":false},"product_brand":[],"product_cat":[2828,2830],"product_tag":[],"product_label":[],"class_list":{"0":"post-2245057","1":"product","2":"type-product","3":"status-publish","4":"has-post-thumbnail","6":"product_cat-industrieller-all-in-one-pc","7":"product_cat-kiosk-computer","8":"pa_windows-windows-10-iot","9":"pa_windows-windows-10-pro","10":"pa_windows-windows-11-iot","11":"pa_windows-windows-11-pro","13":"first","14":"outofstock","15":"taxable","16":"shipping-taxable","17":"purchasable","18":"product-type-simple"},"composite_virtual":false,"composite_layout":"","composite_add_to_cart_form_location":"","composite_editable_in_cart":false,"composite_sold_individually_context":"","composite_shop_price_calc":"","composite_components":[],"composite_scenarios":[],"acf":[],"yoast_head":"<!-- This site is optimized with the Yoast SEO Premium plugin v26.8 (Yoast SEO v27.2) - https:\/\/yoast.com\/product\/yoast-seo-premium-wordpress\/ -->\n<title>12&quot; L\u00fcfterloser Touch Computer | TA-5940-12<\/title>\n<meta name=\"description\" content=\"Dieser Computer l\u00e4uft auf einer Intel Elkhart Lake CPU mit einem 11,6-Zoll-Touchscreen. Dieser PC kann als Selbstbedienungskassensystem oder f\u00fcr Kioskanwendungen verwendet werden.\" \/>\n<meta name=\"robots\" content=\"index, follow, max-snippet:-1, max-image-preview:large, max-video-preview:-1\" \/>\n<link rel=\"canonical\" href=\"https:\/\/teguar.com\/eu\/de\/product\/ta-5940-12\/\" \/>\n<meta property=\"og:locale\" content=\"de_DE\" \/>\n<meta property=\"og:type\" content=\"article\" \/>\n<meta property=\"og:title\" content=\"TA-5940-12\" \/>\n<meta property=\"og:description\" content=\"Dieser Computer l\u00e4uft auf einer Intel Elkhart Lake CPU mit einem 11,6-Zoll-Touchscreen. Dieser PC kann als Selbstbedienungskassensystem oder f\u00fcr Kioskanwendungen verwendet werden.\" \/>\n<meta property=\"og:url\" content=\"https:\/\/teguar.com\/eu\/de\/product\/ta-5940-12\/\" \/>\n<meta property=\"og:site_name\" content=\"Teguar\" \/>\n<meta property=\"article:modified_time\" content=\"2025-11-20T17:07:00+00:00\" \/>\n<meta property=\"og:image\" content=\"https:\/\/teguar.com\/eu\/wp-content\/uploads\/sites\/2\/2020\/11\/AIO-Computer-TA-5540-12-modules-top-bottom_1__64148.1631646941.1280.1280.jpg\" \/>\n\t<meta property=\"og:image:width\" content=\"1000\" \/>\n\t<meta property=\"og:image:height\" content=\"1000\" \/>\n\t<meta property=\"og:image:type\" content=\"image\/jpeg\" \/>\n<meta name=\"twitter:card\" content=\"summary_large_image\" \/>\n<meta name=\"twitter:label1\" content=\"Gesch\u00e4tzte Lesezeit\" \/>\n\t<meta name=\"twitter:data1\" content=\"1\u00a0Minute\" \/>\n<script type=\"application\/ld+json\" class=\"yoast-schema-graph\">{\"@context\":\"https:\/\/schema.org\",\"@graph\":[{\"@type\":\"WebPage\",\"@id\":\"https:\/\/teguar.com\/eu\/de\/product\/ta-5940-12\/\",\"url\":\"https:\/\/teguar.com\/eu\/de\/product\/ta-5940-12\/\",\"name\":\"12\\\" L\u00fcfterloser Touch Computer | TA-5940-12\",\"isPartOf\":{\"@id\":\"https:\/\/teguar.com\/eu\/en\/#website\"},\"primaryImageOfPage\":{\"@id\":\"https:\/\/teguar.com\/eu\/de\/product\/ta-5940-12\/#primaryimage\"},\"image\":{\"@id\":\"https:\/\/teguar.com\/eu\/de\/product\/ta-5940-12\/#primaryimage\"},\"thumbnailUrl\":\"https:\/\/teguar.com\/eu\/wp-content\/uploads\/sites\/2\/2020\/11\/AIO-Computer-TA-5540-12-modules-top-bottom_1__64148.1631646941.1280.1280.jpg\",\"datePublished\":\"2025-06-24T14:13:04+00:00\",\"dateModified\":\"2025-11-20T17:07:00+00:00\",\"description\":\"Dieser Computer l\u00e4uft auf einer Intel Elkhart Lake CPU mit einem 11,6-Zoll-Touchscreen. Dieser PC kann als Selbstbedienungskassensystem oder f\u00fcr Kioskanwendungen verwendet werden.\",\"breadcrumb\":{\"@id\":\"https:\/\/teguar.com\/eu\/de\/product\/ta-5940-12\/#breadcrumb\"},\"inLanguage\":\"de\",\"potentialAction\":[{\"@type\":\"ReadAction\",\"target\":[\"https:\/\/teguar.com\/eu\/de\/product\/ta-5940-12\/\"]}]},{\"@type\":\"ImageObject\",\"inLanguage\":\"de\",\"@id\":\"https:\/\/teguar.com\/eu\/de\/product\/ta-5940-12\/#primaryimage\",\"url\":\"https:\/\/teguar.com\/eu\/wp-content\/uploads\/sites\/2\/2020\/11\/AIO-Computer-TA-5540-12-modules-top-bottom_1__64148.1631646941.1280.1280.jpg\",\"contentUrl\":\"https:\/\/teguar.com\/eu\/wp-content\/uploads\/sites\/2\/2020\/11\/AIO-Computer-TA-5540-12-modules-top-bottom_1__64148.1631646941.1280.1280.jpg\",\"width\":1000,\"height\":1000,\"caption\":\"POS Computer | TA-5940-12\"},{\"@type\":\"BreadcrumbList\",\"@id\":\"https:\/\/teguar.com\/eu\/de\/product\/ta-5940-12\/#breadcrumb\",\"itemListElement\":[{\"@type\":\"ListItem\",\"position\":1,\"name\":\"Home\",\"item\":\"https:\/\/teguar.com\/eu\/de\/\"},{\"@type\":\"ListItem\",\"position\":2,\"name\":\"TA-5940-12\"}]},{\"@type\":\"WebSite\",\"@id\":\"https:\/\/teguar.com\/eu\/en\/#website\",\"url\":\"https:\/\/teguar.com\/eu\/en\/\",\"name\":\"Teguar\",\"description\":\"Industrial PCs, Medical Computers, and Rugged Tablets\",\"potentialAction\":[{\"@type\":\"SearchAction\",\"target\":{\"@type\":\"EntryPoint\",\"urlTemplate\":\"https:\/\/teguar.com\/eu\/en\/?s={search_term_string}\"},\"query-input\":{\"@type\":\"PropertyValueSpecification\",\"valueRequired\":true,\"valueName\":\"search_term_string\"}}],\"inLanguage\":\"de\"}]}<\/script>\n<!-- \/ Yoast SEO Premium plugin. -->","yoast_head_json":{"title":"12\" L\u00fcfterloser Touch Computer | TA-5940-12","description":"Dieser Computer l\u00e4uft auf einer Intel Elkhart Lake CPU mit einem 11,6-Zoll-Touchscreen. Dieser PC kann als Selbstbedienungskassensystem oder f\u00fcr Kioskanwendungen verwendet werden.","robots":{"index":"index","follow":"follow","max-snippet":"max-snippet:-1","max-image-preview":"max-image-preview:large","max-video-preview":"max-video-preview:-1"},"canonical":"https:\/\/teguar.com\/eu\/de\/product\/ta-5940-12\/","og_locale":"de_DE","og_type":"article","og_title":"TA-5940-12","og_description":"Dieser Computer l\u00e4uft auf einer Intel Elkhart Lake CPU mit einem 11,6-Zoll-Touchscreen. Dieser PC kann als Selbstbedienungskassensystem oder f\u00fcr Kioskanwendungen verwendet werden.","og_url":"https:\/\/teguar.com\/eu\/de\/product\/ta-5940-12\/","og_site_name":"Teguar","article_modified_time":"2025-11-20T17:07:00+00:00","og_image":[{"width":1000,"height":1000,"url":"https:\/\/teguar.com\/eu\/wp-content\/uploads\/sites\/2\/2020\/11\/AIO-Computer-TA-5540-12-modules-top-bottom_1__64148.1631646941.1280.1280.jpg","type":"image\/jpeg"}],"twitter_card":"summary_large_image","twitter_misc":{"Gesch\u00e4tzte Lesezeit":"1\u00a0Minute"},"schema":{"@context":"https:\/\/schema.org","@graph":[{"@type":"WebPage","@id":"https:\/\/teguar.com\/eu\/de\/product\/ta-5940-12\/","url":"https:\/\/teguar.com\/eu\/de\/product\/ta-5940-12\/","name":"12\" L\u00fcfterloser Touch Computer | TA-5940-12","isPartOf":{"@id":"https:\/\/teguar.com\/eu\/en\/#website"},"primaryImageOfPage":{"@id":"https:\/\/teguar.com\/eu\/de\/product\/ta-5940-12\/#primaryimage"},"image":{"@id":"https:\/\/teguar.com\/eu\/de\/product\/ta-5940-12\/#primaryimage"},"thumbnailUrl":"https:\/\/teguar.com\/eu\/wp-content\/uploads\/sites\/2\/2020\/11\/AIO-Computer-TA-5540-12-modules-top-bottom_1__64148.1631646941.1280.1280.jpg","datePublished":"2025-06-24T14:13:04+00:00","dateModified":"2025-11-20T17:07:00+00:00","description":"Dieser Computer l\u00e4uft auf einer Intel Elkhart Lake CPU mit einem 11,6-Zoll-Touchscreen. Dieser PC kann als Selbstbedienungskassensystem oder f\u00fcr Kioskanwendungen verwendet werden.","breadcrumb":{"@id":"https:\/\/teguar.com\/eu\/de\/product\/ta-5940-12\/#breadcrumb"},"inLanguage":"de","potentialAction":[{"@type":"ReadAction","target":["https:\/\/teguar.com\/eu\/de\/product\/ta-5940-12\/"]}]},{"@type":"ImageObject","inLanguage":"de","@id":"https:\/\/teguar.com\/eu\/de\/product\/ta-5940-12\/#primaryimage","url":"https:\/\/teguar.com\/eu\/wp-content\/uploads\/sites\/2\/2020\/11\/AIO-Computer-TA-5540-12-modules-top-bottom_1__64148.1631646941.1280.1280.jpg","contentUrl":"https:\/\/teguar.com\/eu\/wp-content\/uploads\/sites\/2\/2020\/11\/AIO-Computer-TA-5540-12-modules-top-bottom_1__64148.1631646941.1280.1280.jpg","width":1000,"height":1000,"caption":"POS Computer | TA-5940-12"},{"@type":"BreadcrumbList","@id":"https:\/\/teguar.com\/eu\/de\/product\/ta-5940-12\/#breadcrumb","itemListElement":[{"@type":"ListItem","position":1,"name":"Home","item":"https:\/\/teguar.com\/eu\/de\/"},{"@type":"ListItem","position":2,"name":"TA-5940-12"}]},{"@type":"WebSite","@id":"https:\/\/teguar.com\/eu\/en\/#website","url":"https:\/\/teguar.com\/eu\/en\/","name":"Teguar","description":"Industrial PCs, Medical Computers, and Rugged Tablets","potentialAction":[{"@type":"SearchAction","target":{"@type":"EntryPoint","urlTemplate":"https:\/\/teguar.com\/eu\/en\/?s={search_term_string}"},"query-input":{"@type":"PropertyValueSpecification","valueRequired":true,"valueName":"search_term_string"}}],"inLanguage":"de"}]}},"_links":{"self":[{"href":"https:\/\/teguar.com\/eu\/de\/wp-json\/wp\/v2\/product\/2245057","targetHints":{"allow":["GET"]}}],"collection":[{"href":"https:\/\/teguar.com\/eu\/de\/wp-json\/wp\/v2\/product"}],"about":[{"href":"https:\/\/teguar.com\/eu\/de\/wp-json\/wp\/v2\/types\/product"}],"wp:featuredmedia":[{"embeddable":true,"href":"https:\/\/teguar.com\/eu\/de\/wp-json\/wp\/v2\/media\/2245948"}],"wp:attachment":[{"href":"https:\/\/teguar.com\/eu\/de\/wp-json\/wp\/v2\/media?parent=2245057"}],"wp:term":[{"taxonomy":"product_brand","embeddable":true,"href":"https:\/\/teguar.com\/eu\/de\/wp-json\/wp\/v2\/product_brand?post=2245057"},{"taxonomy":"product_cat","embeddable":true,"href":"https:\/\/teguar.com\/eu\/de\/wp-json\/wp\/v2\/product_cat?post=2245057"},{"taxonomy":"product_tag","embeddable":true,"href":"https:\/\/teguar.com\/eu\/de\/wp-json\/wp\/v2\/product_tag?post=2245057"},{"taxonomy":"product_label","embeddable":true,"href":"https:\/\/teguar.com\/eu\/de\/wp-json\/wp\/v2\/product_label?post=2245057"}],"curies":[{"name":"wp","href":"https:\/\/api.w.org\/{rel}","templated":true}]}}