{"id":2245056,"date":"2025-06-24T14:13:02","date_gmt":"2025-06-24T14:13:02","guid":{"rendered":"https:\/\/teguar.com\/eu\/product\/ta-q5340-18\/"},"modified":"2025-11-20T17:07:49","modified_gmt":"2025-11-20T17:07:49","slug":"ta-q5340-18","status":"publish","type":"product","link":"https:\/\/teguar.com\/eu\/de\/product\/ta-q5340-18\/","title":{"rendered":"TA-Q5340-18"},"content":{"rendered":"<p>Der TA-Q5340-18 ist ein robuster und modularer All-in-One Computer. Er hat einen abnehmbaren Box-PC auf der R\u00fcckseite des Ger\u00e4ts und Erweiterungsm\u00f6glichkeiten an allen vier Seiten des Geh\u00e4uses. Er ist ideal f\u00fcr Touchscreen-Kioske, Kassensysteme und leichtindustrielle Anwendungen. Dieser Computer l\u00e4uft mit einer Qualcomm Snapdragon CPU und verf\u00fcgt \u00fcber einen 18,5&#8243; Full HD-Touchscreen. Zu den optionalen Peripherieger\u00e4ten geh\u00f6ren ein 3-Spur-Magnetstreifenleser, ein Fingerabdruckleser, ein HF-RFID-Leser, unterst\u00fctzte Verifone\u00ae- oder Ingenico-Zahlungsterminals, ein 2D-Barcodescanner und eine 5MP-Kamera mit Mikrofon. Sie k\u00f6nnen diesen Computer mit einem POS-St\u00e4nder, einem Druckerst\u00e4nder oder einem Bodenst\u00e4nder bestellen oder das VESA-Montage-Lochmuster verwenden, um ihn an praktisch jedem St\u00e4nder oder Arm zu befestigen.     <\/p>\n<p><strong><span class=\"ui-provider a b c d e f g h i j k l m n o p q r s t u v w x y z ab ac ae af ag ah ai aj ak\" dir=\"ltr\">Dieses Produkt gilt jetzt als &#8222;Vorg\u00e4ngergeneration&#8220;, d.h. es kann sein, dass es nicht mehr erh\u00e4ltlich ist. Rufen Sie +1 800 870 7715 an, um weitere Informationen zu diesem Produkt zu erhalten, oder werfen Sie einen Blick auf unsere vollst\u00e4ndige Liste der derzeit <a href=\"https:\/\/teguar.com\/eu\/de\/industrieller-all-in-one-pc\/\">verf\u00fcgbaren Industrie-PCs.<\/a> <\/span><\/strong><\/p>\n","protected":false},"excerpt":{"rendered":"<p>Der 18,5&#8243; HD Pcap-Touchscreen, Android 9.0 und optionales PoE machen den TA-Q5340-18 ideal f\u00fcr Kiosk- und POS-Anwendungen. Er ist l\u00fcfterlos und modular, so dass Sie ihn f\u00fcr Ihre leichtindustrielle oder kommerzielle Umgebung konfigurieren k\u00f6nnen. <\/p>\n","protected":false},"featured_media":2246664,"template":"","meta":{"_acf_changed":false},"product_brand":[],"product_cat":[2828],"product_tag":[],"product_label":[],"class_list":{"0":"post-2245056","1":"product","2":"type-product","3":"status-publish","4":"has-post-thumbnail","6":"product_cat-industrieller-all-in-one-pc","8":"first","9":"instock","10":"taxable","11":"shipping-taxable","12":"purchasable","13":"product-type-simple"},"composite_virtual":false,"composite_layout":"","composite_add_to_cart_form_location":"","composite_editable_in_cart":false,"composite_sold_individually_context":"","composite_shop_price_calc":"","composite_components":[],"composite_scenarios":[],"acf":[],"yoast_head":"<!-- This site is optimized with the Yoast SEO Premium plugin v26.8 (Yoast SEO v27.2) - https:\/\/yoast.com\/product\/yoast-seo-premium-wordpress\/ -->\n<title>18,5&quot; All-in-One Android Touchscreen Kiosk | TA-Q5340-18<\/title>\n<meta name=\"description\" content=\"Dieser Computer kann als Selbstbedienungskiosk oder POS-Terminal verwendet werden. Er l\u00e4uft mit der Qualcomm 450 CPU und hat einen 18,5-Zoll-Touchscreen.\" \/>\n<meta name=\"robots\" content=\"index, follow, max-snippet:-1, max-image-preview:large, max-video-preview:-1\" \/>\n<link rel=\"canonical\" href=\"https:\/\/teguar.com\/eu\/de\/product\/ta-q5340-18\/\" \/>\n<meta property=\"og:locale\" content=\"de_DE\" \/>\n<meta property=\"og:type\" content=\"article\" \/>\n<meta property=\"og:title\" content=\"TA-Q5340-18\" \/>\n<meta property=\"og:description\" content=\"Dieser Computer kann als Selbstbedienungskiosk oder POS-Terminal verwendet werden. Er l\u00e4uft mit der Qualcomm 450 CPU und hat einen 18,5-Zoll-Touchscreen.\" \/>\n<meta property=\"og:url\" content=\"https:\/\/teguar.com\/eu\/de\/product\/ta-q5340-18\/\" \/>\n<meta property=\"og:site_name\" content=\"Teguar\" \/>\n<meta property=\"article:modified_time\" content=\"2025-11-20T17:07:49+00:00\" \/>\n<meta property=\"og:image\" content=\"https:\/\/teguar.com\/eu\/wp-content\/uploads\/sites\/2\/2021\/01\/Computer-with-modules-TA-5540-18__90534.1611166055.1280.1280__50299.1611173192.1280.1280.jpg\" \/>\n\t<meta property=\"og:image:width\" content=\"1000\" \/>\n\t<meta property=\"og:image:height\" content=\"1000\" \/>\n\t<meta property=\"og:image:type\" content=\"image\/jpeg\" \/>\n<meta name=\"twitter:card\" content=\"summary_large_image\" \/>\n<meta name=\"twitter:label1\" content=\"Gesch\u00e4tzte Lesezeit\" \/>\n\t<meta name=\"twitter:data1\" content=\"1\u00a0Minute\" \/>\n<script type=\"application\/ld+json\" class=\"yoast-schema-graph\">{\"@context\":\"https:\/\/schema.org\",\"@graph\":[{\"@type\":\"WebPage\",\"@id\":\"https:\/\/teguar.com\/eu\/de\/product\/ta-q5340-18\/\",\"url\":\"https:\/\/teguar.com\/eu\/de\/product\/ta-q5340-18\/\",\"name\":\"18,5\\\" All-in-One Android Touchscreen Kiosk | TA-Q5340-18\",\"isPartOf\":{\"@id\":\"https:\/\/teguar.com\/eu\/en\/#website\"},\"primaryImageOfPage\":{\"@id\":\"https:\/\/teguar.com\/eu\/de\/product\/ta-q5340-18\/#primaryimage\"},\"image\":{\"@id\":\"https:\/\/teguar.com\/eu\/de\/product\/ta-q5340-18\/#primaryimage\"},\"thumbnailUrl\":\"https:\/\/teguar.com\/eu\/wp-content\/uploads\/sites\/2\/2021\/01\/Computer-with-modules-TA-5540-18__90534.1611166055.1280.1280__50299.1611173192.1280.1280.jpg\",\"datePublished\":\"2025-06-24T14:13:02+00:00\",\"dateModified\":\"2025-11-20T17:07:49+00:00\",\"description\":\"Dieser Computer kann als Selbstbedienungskiosk oder POS-Terminal verwendet werden. Er l\u00e4uft mit der Qualcomm 450 CPU und hat einen 18,5-Zoll-Touchscreen.\",\"breadcrumb\":{\"@id\":\"https:\/\/teguar.com\/eu\/de\/product\/ta-q5340-18\/#breadcrumb\"},\"inLanguage\":\"de\",\"potentialAction\":[{\"@type\":\"ReadAction\",\"target\":[\"https:\/\/teguar.com\/eu\/de\/product\/ta-q5340-18\/\"]}]},{\"@type\":\"ImageObject\",\"inLanguage\":\"de\",\"@id\":\"https:\/\/teguar.com\/eu\/de\/product\/ta-q5340-18\/#primaryimage\",\"url\":\"https:\/\/teguar.com\/eu\/wp-content\/uploads\/sites\/2\/2021\/01\/Computer-with-modules-TA-5540-18__90534.1611166055.1280.1280__50299.1611173192.1280.1280.jpg\",\"contentUrl\":\"https:\/\/teguar.com\/eu\/wp-content\/uploads\/sites\/2\/2021\/01\/Computer-with-modules-TA-5540-18__90534.1611166055.1280.1280__50299.1611173192.1280.1280.jpg\",\"width\":1000,\"height\":1000,\"caption\":\"Teguar All-in-One Computer with Expansion | TA-Q5340-18\"},{\"@type\":\"BreadcrumbList\",\"@id\":\"https:\/\/teguar.com\/eu\/de\/product\/ta-q5340-18\/#breadcrumb\",\"itemListElement\":[{\"@type\":\"ListItem\",\"position\":1,\"name\":\"Home\",\"item\":\"https:\/\/teguar.com\/eu\/de\/\"},{\"@type\":\"ListItem\",\"position\":2,\"name\":\"TA-Q5340-18\"}]},{\"@type\":\"WebSite\",\"@id\":\"https:\/\/teguar.com\/eu\/en\/#website\",\"url\":\"https:\/\/teguar.com\/eu\/en\/\",\"name\":\"Teguar\",\"description\":\"Industrial PCs, Medical Computers, and Rugged Tablets\",\"potentialAction\":[{\"@type\":\"SearchAction\",\"target\":{\"@type\":\"EntryPoint\",\"urlTemplate\":\"https:\/\/teguar.com\/eu\/en\/?s={search_term_string}\"},\"query-input\":{\"@type\":\"PropertyValueSpecification\",\"valueRequired\":true,\"valueName\":\"search_term_string\"}}],\"inLanguage\":\"de\"}]}<\/script>\n<!-- \/ Yoast SEO Premium plugin. -->","yoast_head_json":{"title":"18,5\" All-in-One Android Touchscreen Kiosk | TA-Q5340-18","description":"Dieser Computer kann als Selbstbedienungskiosk oder POS-Terminal verwendet werden. Er l\u00e4uft mit der Qualcomm 450 CPU und hat einen 18,5-Zoll-Touchscreen.","robots":{"index":"index","follow":"follow","max-snippet":"max-snippet:-1","max-image-preview":"max-image-preview:large","max-video-preview":"max-video-preview:-1"},"canonical":"https:\/\/teguar.com\/eu\/de\/product\/ta-q5340-18\/","og_locale":"de_DE","og_type":"article","og_title":"TA-Q5340-18","og_description":"Dieser Computer kann als Selbstbedienungskiosk oder POS-Terminal verwendet werden. Er l\u00e4uft mit der Qualcomm 450 CPU und hat einen 18,5-Zoll-Touchscreen.","og_url":"https:\/\/teguar.com\/eu\/de\/product\/ta-q5340-18\/","og_site_name":"Teguar","article_modified_time":"2025-11-20T17:07:49+00:00","og_image":[{"width":1000,"height":1000,"url":"https:\/\/teguar.com\/eu\/wp-content\/uploads\/sites\/2\/2021\/01\/Computer-with-modules-TA-5540-18__90534.1611166055.1280.1280__50299.1611173192.1280.1280.jpg","type":"image\/jpeg"}],"twitter_card":"summary_large_image","twitter_misc":{"Gesch\u00e4tzte Lesezeit":"1\u00a0Minute"},"schema":{"@context":"https:\/\/schema.org","@graph":[{"@type":"WebPage","@id":"https:\/\/teguar.com\/eu\/de\/product\/ta-q5340-18\/","url":"https:\/\/teguar.com\/eu\/de\/product\/ta-q5340-18\/","name":"18,5\" All-in-One Android Touchscreen Kiosk | TA-Q5340-18","isPartOf":{"@id":"https:\/\/teguar.com\/eu\/en\/#website"},"primaryImageOfPage":{"@id":"https:\/\/teguar.com\/eu\/de\/product\/ta-q5340-18\/#primaryimage"},"image":{"@id":"https:\/\/teguar.com\/eu\/de\/product\/ta-q5340-18\/#primaryimage"},"thumbnailUrl":"https:\/\/teguar.com\/eu\/wp-content\/uploads\/sites\/2\/2021\/01\/Computer-with-modules-TA-5540-18__90534.1611166055.1280.1280__50299.1611173192.1280.1280.jpg","datePublished":"2025-06-24T14:13:02+00:00","dateModified":"2025-11-20T17:07:49+00:00","description":"Dieser Computer kann als Selbstbedienungskiosk oder POS-Terminal verwendet werden. Er l\u00e4uft mit der Qualcomm 450 CPU und hat einen 18,5-Zoll-Touchscreen.","breadcrumb":{"@id":"https:\/\/teguar.com\/eu\/de\/product\/ta-q5340-18\/#breadcrumb"},"inLanguage":"de","potentialAction":[{"@type":"ReadAction","target":["https:\/\/teguar.com\/eu\/de\/product\/ta-q5340-18\/"]}]},{"@type":"ImageObject","inLanguage":"de","@id":"https:\/\/teguar.com\/eu\/de\/product\/ta-q5340-18\/#primaryimage","url":"https:\/\/teguar.com\/eu\/wp-content\/uploads\/sites\/2\/2021\/01\/Computer-with-modules-TA-5540-18__90534.1611166055.1280.1280__50299.1611173192.1280.1280.jpg","contentUrl":"https:\/\/teguar.com\/eu\/wp-content\/uploads\/sites\/2\/2021\/01\/Computer-with-modules-TA-5540-18__90534.1611166055.1280.1280__50299.1611173192.1280.1280.jpg","width":1000,"height":1000,"caption":"Teguar All-in-One Computer with Expansion | TA-Q5340-18"},{"@type":"BreadcrumbList","@id":"https:\/\/teguar.com\/eu\/de\/product\/ta-q5340-18\/#breadcrumb","itemListElement":[{"@type":"ListItem","position":1,"name":"Home","item":"https:\/\/teguar.com\/eu\/de\/"},{"@type":"ListItem","position":2,"name":"TA-Q5340-18"}]},{"@type":"WebSite","@id":"https:\/\/teguar.com\/eu\/en\/#website","url":"https:\/\/teguar.com\/eu\/en\/","name":"Teguar","description":"Industrial PCs, Medical Computers, and Rugged Tablets","potentialAction":[{"@type":"SearchAction","target":{"@type":"EntryPoint","urlTemplate":"https:\/\/teguar.com\/eu\/en\/?s={search_term_string}"},"query-input":{"@type":"PropertyValueSpecification","valueRequired":true,"valueName":"search_term_string"}}],"inLanguage":"de"}]}},"_links":{"self":[{"href":"https:\/\/teguar.com\/eu\/de\/wp-json\/wp\/v2\/product\/2245056","targetHints":{"allow":["GET"]}}],"collection":[{"href":"https:\/\/teguar.com\/eu\/de\/wp-json\/wp\/v2\/product"}],"about":[{"href":"https:\/\/teguar.com\/eu\/de\/wp-json\/wp\/v2\/types\/product"}],"wp:featuredmedia":[{"embeddable":true,"href":"https:\/\/teguar.com\/eu\/de\/wp-json\/wp\/v2\/media\/2246664"}],"wp:attachment":[{"href":"https:\/\/teguar.com\/eu\/de\/wp-json\/wp\/v2\/media?parent=2245056"}],"wp:term":[{"taxonomy":"product_brand","embeddable":true,"href":"https:\/\/teguar.com\/eu\/de\/wp-json\/wp\/v2\/product_brand?post=2245056"},{"taxonomy":"product_cat","embeddable":true,"href":"https:\/\/teguar.com\/eu\/de\/wp-json\/wp\/v2\/product_cat?post=2245056"},{"taxonomy":"product_tag","embeddable":true,"href":"https:\/\/teguar.com\/eu\/de\/wp-json\/wp\/v2\/product_tag?post=2245056"},{"taxonomy":"product_label","embeddable":true,"href":"https:\/\/teguar.com\/eu\/de\/wp-json\/wp\/v2\/product_label?post=2245056"}],"curies":[{"name":"wp","href":"https:\/\/api.w.org\/{rel}","templated":true}]}}